{"id":2508,"date":"2018-05-22T07:43:45","date_gmt":"2018-05-22T07:43:45","guid":{"rendered":"https:\/\/www.sendblaster.com\/wpnew-2018\/?page_id=2508"},"modified":"2021-04-12T09:53:53","modified_gmt":"2021-04-12T09:53:53","slug":"desktop-bulk-e-postsender-egenskaper","status":"publish","type":"page","link":"https:\/\/www.sendblaster.com\/nb\/desktop-bulk-e-postsender-egenskaper\/","title":{"rendered":"Nyhetsbrev programvarefunksjoner"},"content":{"rendered":"<p>SendBlaster er den beste e-post programvaren for \u00e5 administrere dine <strong>mailing-lister<\/strong>. Utforsk gratis-l\u00f8sningen eller den kostnadseffektive engangs-betalingsl\u00f8sningen, som lar deg enkelt administrere dine <strong>e-post markedsf\u00f8ringskampanjer<\/strong> ved hjelp av desktop programvare.<\/p>\n<p style=\"text-align: center; margin-bottom: 0px;\"><a href=\"https:\/\/www.sendblaster.com\/nb\/last-ned-e-post-markedsforing\/\" title=\"Last ned gratis\" class=\"download-cta\">Last ned gratis<\/a><a href=\"https:\/\/www.sendblaster.com\/nb\/kjop\/\" title=\"Kj\u00f8p SendBlaster Pro\" class=\"buy-cta\">Kj\u00f8p SendBlaster Pro<\/a><\/p>\n<p>&nbsp;<\/p>\n<h2 class=\"features-title\"><span>Lage nyhetsbrev<\/span><\/h2>\n<p style=\"text-align: center;\"><img decoding=\"async\" width=\"1390\" height=\"885\" src=\"https:\/\/www.sendblaster.com\/wp-content\/uploads\/2018\/03\/create-effective-emails-large.jpg\" alt=\"Lage nyhetsbrev\" class=\"features-image\" \/><\/p>\n<h3>WYSIWYG HTML Editor<\/h3>\n<p>Meldingkomponering blir utf\u00f8rt ved hjelp av en enkel men kraftig visuell HTML-editor med kodeaksess, CHARSET-definisjon og mulighet til \u00e5 sette inn fullstendig tilpassede felt-tags.<\/p>\n<h3 class=\"new-feature\">Oppsett redigering<\/h3>\n<p>\u00c5 la en ny melding fra bunnen av er enkelt med det nye redigeringsoppsettet: velg e-postens struktur, legg til topptekst, bunntekst eller sidekolonner, velge farger og variasjoner med et par f\u00e5 klikk.<\/p>\n<h3>Nye templates<\/h3>\n<p>130 nye maler lagt til i versjon PRO (100 i SendBlaster Free)<\/p>\n<h3 class=\"new-feature\">Nye kategoriserte maler<\/h3>\n<p>Sendblaster 3 kommer med tonnevis av nye maler; Leseren av malene st\u00f8tter n\u00e5 kategorier som organiserer malene bedre.<\/p>\n<h3>Importere eksisterende .htm eller .eml-filer<\/h3>\n<p>E-postmeldinger kan importeres fra eksterne filer (HTML-dokumenter eller eksisterende .eml-filer).<\/p>\n<h3>Embedded image st\u00f8tte<\/h3>\n<p>Generer nyhetsbrev med vedlegg og embeddede bilder, og unng\u00e5 dermed alle problemer relatert til lesing av e-post.<\/p>\n<h3 class=\"new-feature\">Beskj\u00e6r og erstatt<\/h3>\n<p>Velg et bilde og erstatt den med en annen: Sendblaster 3 justerer automatisk st\u00f8rrelsene og beskj\u00e6rer bildet (uten \u00e5 strekke den), slik at den passer med det orginale oppsettet.<\/p>\n<h3>Personalisert e-post for hver abonnent<\/h3>\n<p>Send personaliserte meldinger (\u201cKj\u00e6re Aleksandra M\u00e4kinen\u201d, i steden for \u201cKj\u00e6re kunde\u201d)<br \/>\n<em>Kj\u00e6re #name# -&gt; blir -&gt; Kj\u00e6re Aleksandra<\/em><br \/>\nHver e-post du sender er unik ved bruk av e-post merge og personaliseringsfunksjoner<\/p>\n<h3 class=\"new-feature\">Programmerbare merker<\/h3>\n<p>Sendblaster Pro 3 inkluderer en kraftig skriptmotor for merker, som kan n\u00e5 bli programmert med enten Vbscript (kjent hos Office brukere) eller Javascript kjent hos webutviklere og designere). Merker kan inneholde kalkulerte eller kondisjonelle utmatning, vilk\u00e5rlige variasjoner, tilpassede vedlegg, og mye mer.<\/p>\n<h3 class=\"new-feature\">Sjekke lenker<\/h3>\n<p>Ingen flere skjulte \u00f8delagte lenker: Sendblaster 3 ekstrakterer automatisk all lenker fra din melding, selv de som er skjulte, og lar deg sjekke dem med et klikk.<\/p>\n<h3 class=\"new-feature\">Eksporter HTML med bilder<\/h3>\n<p>N\u00e5 kan du eksportere HTML kode OG de innebygde bildene i en klar-for-opplasting struktur, slik at du kan enkelt publisere en kopi av din melding p\u00e5 din nettside. read more<\/p>\n<h3>Legg til av-abonneringslink<\/h3>\n<p>Sett inn en av-abboneringslink (opt-out) slik det kreves av CAN-SPAM Act.<\/p>\n<h3 class=\"new-feature\">Ett-klikks oppsigelse av abonnement<\/h3>\n<p>Dette lar dine mottakere si opp abonnement med et klikk ved \u00e5 bruke en enkelt \u00e5 installere PHP skript som du laster opp p\u00e5 din nettside.<\/p>\n<h3>Sett charset<\/h3>\n<p>Meldingens CHARSET kan settes til meldinger med et hvilket som helst tegnsett (kyrilisk, japansk, hebraisk, kinesisk, arabisk). Denne egenskapen gj\u00f8r deg i stand til \u00e5 sende ut nyhetsbrev p\u00e5 forskjellige verdensspr\u00e5k.<\/p>\n<h3>E-postmelding med b\u00e5de HTML og Tekst<\/h3>\n<p>E-postmeldingene genereres b\u00e5de i HTML og i ren tekst, i tilfelle mottakeren har deaktivert visning av HTML-meldinger. Husk: hybrid e-poster med HTML\/ren tekst er beste alternativ for e-post markedsf\u00f8ringskampanjer.<\/p>\n<h3>Sett demo data-felter<\/h3>\n<p>Sett disse feltene og klikk p\u00e5 &#8216;forh\u00e5ndsvisning&#8217;, du f\u00e5r n\u00e5 se hvordan nyhetsbrevet vil se ut med data inkludert.<\/p>\n<h3>Legg til filvedlegg til mailingliste<\/h3>\n<p>Hver e-postmelding kan inneholde filvedlegg (Zip, Doc, Pdf\u2026).<\/p>\n<h3>Importer e-postadresser fra Outlook og Thunderbird<\/h3>\n<p>Importer alle dine kundedetaljer direkte inn i SendBlaster.<\/p>\n<h3>Importer e-postadresser fra Excel, Access og .CSV-filer<\/h3>\n<p>Lagre dine eksisterende MS Excel(TM), Access(TM) eller Outlook(TM) kontaktlister i .CSV-filformat, og importer alle dine kundedetaljer rett inn i SendBlaster.<\/p>\n<ul>\n<li>Komplette mailingliste-instruksjoner<\/li>\n<li>Importering av CSV mailingliste<\/li>\n<\/ul>\n<p>&nbsp;<\/p>\n<h2 class=\"features-title\"><span>Behandle lister<\/span><\/h2>\n<p style=\"text-align: center;\"><img decoding=\"async\" width=\"1390\" height=\"885\" src=\"https:\/\/www.sendblaster.com\/wp-content\/uploads\/2018\/03\/build-permission-based-list-large.jpg\" alt=\"Behandle lister\" class=\"features-image\" \/><\/p>\n<h3>Enkel integrasjon med ditt eget web-omr\u00e5de<\/h3>\n<p>Det blir ekstremt enkelt \u00e5 sette inn administrasjonsfunktsjonalitet for mailinglister p\u00e5 ditt eget web-omr\u00e5de, ved hjelp av abonnering\/av-abonnering administrasjonsfunksjoner og muligheten til \u00e5 importere data fra en web-kilde. SendBlaster tar seg av oppdatering av lister og \u00e5 sende riktige meldinger til riktige mottakere. Vi tilbyr ogs\u00e5 gratis optin og double optin PHP script, i henhold til CAN SPAM-lovverket, i v\u00e5r nedlastningsseksjon.<\/p>\n<h3 class=\"new-feature\">Statistikkliste<\/h3>\n<p>Vis detaljert informasjon om dine lister (totale kontakter, dine abonnementer og de som er aktive i hver liste og i hele databasen).<\/p>\n<h3>Abonner\/Av-abonner via e-post eller web-skjema<\/h3>\n<p>SendBlaster kan automatisk administrere abonneringer (og av-abonneringer) for \u00e5 bygge rettighetsbaserte bulk e-post distribusjonslister (selv hvis du ikke har et Web-omr\u00e5de). Hver liste kan assosieres med en e-postadresse: n\u00e5r en e-postmelding med \u201cSubscribe\u201d i emnefeltet sendes til denne e-postadressen, blir avsenderen lagt til listen. Hvis emnefeltet er \u201cUnsubscribe\u201d isteden blir senderen slettet (hvis han eller hun tidligere hadde abonnert). SendBlaster nyhetsbrev-software laster ned nye e-postmeldinger fra POP3-kontoen, verifiserer emnefeltet, og oppdaterer den relaterte distribusjonslisten.<\/p>\n<h3 class=\"new-feature\">Global abonnementoppsigelse og retur<\/h3>\n<p>Unsubscriptions and bounces to a specific address can now optionally apply to all lists for increased safety and reducing recipients complaints.<\/p>\n<h3>Avanserte datafilter<\/h3>\n<p>Du kan sortere listene med en enkel dra-og-slipp for ett eller flere felt. L\u00e6r mer om dette (link filter).<\/p>\n<h3 class=\"new-feature\">Liste sammensl\u00e5ing og flytting<\/h3>\n<p>Du kan n\u00e5 enkelt og raskt sammesl\u00e5 to eller flere lister eller flytte en underkategori av kontakter fra en liste til en annen ved \u00e5 bruke kraftige regler.<\/p>\n<h3>Prosessering av bounced e-post<\/h3>\n<p>Bounce-backs blir automatisk gjenkjent, og opprinnelig adresse kan enten bli deaktivert eller slettet fra listen. Se hvordan SendBlaster h\u00e5ndterer bounce-backs<\/p>\n<h3 class=\"new-feature\">Historie av fraslag og deltak<\/h3>\n<p>Abonnementer, fjerne \u2013 og returneringsforesp\u00f8rsler blir lagret i databasen sammen med datoene, slik at du kan holde orden p\u00e5 dem, eksportere for gjenbruk eller reprosessere dem.<\/p>\n<h3>Ubegrensede lister\/grupper med ubegrensede mottakere<\/h3>\n<p>SendBlaster kan h\u00e5ndtere multiple distribusjonslister.<\/p>\n<h3>Tilpassede feltnavn<\/h3>\n<p>SendBlaster lar deg tilpasse feltnavnene for de 15 tilgjengelige feltene for hver adresse.<\/p>\n<h3 class=\"new-feature\">ReturnPath adresse<\/h3>\n<p>Sendblaster 3 st\u00f8tter n\u00e5 ReturnPath topptekst som tillater deg \u00e5 sende returnerte e-poster tilbake til en spesifisert e-postadresse (istedenfor senderens eller Svar-adressen).<\/p>\n<h3>Svarteliste<\/h3>\n<p>Definer en liste over adresser elle domenes som skal automatisk ekskluderes fra alle postinger.<\/p>\n<p>&nbsp;<\/p>\n<h2 class=\"features-title\"><span>Send kampanje<\/span><\/h2>\n<p style=\"text-align: center;\"><img decoding=\"async\" width=\"1390\" height=\"885\" src=\"https:\/\/www.sendblaster.com\/wp-content\/uploads\/2018\/03\/send-newsletter-large.jpg\" alt=\"Send kampanje\" class=\"features-image\" \/><\/p>\n<h3>Multiple SMTP-innstillinger<\/h3>\n<p>Du kan lage forskjellige SMTP-konfigurasjoner, vanligvis vil kundene bruke konfigurasjonen fra deres Internet Service Provider.<\/p>\n<h3>SMTP-fri levering<\/h3>\n<p>Ved hjelp av direct send-modusen trenger du ikke modifisere noen parametere for \u00e5 koble deg til tilbyderens SMTP-tjeneste. L\u00e6r hvordan man bruker SMTP.<\/p>\n<h3>Sjekk dupliserte e-poster<\/h3>\n<p>SendBlaster har et automatisk filter for \u00e5 fjerne duplikater under sending.<\/p>\n<h3>Schedulert sending<\/h3>\n<p>Planlegg dine postinger slik at de blir automatisk sendt til riktig tid.<\/p>\n<h3>Fullf\u00f8r tidligere postinger<\/h3>\n<p>Dersom internet-tilkoblingen brytes, datamaskinen krasjer, pause i sendingen, eller hva som helst, vil SendBlaster skrive i sine logger hvilke e-postadresser meldingen har blitt sendt til, s\u00e5 det er mulig \u00e5 sende meldingen til de resterende e-postadressene uten at duplikater oppst\u00e5r.<\/p>\n<h3>Event-logger<\/h3>\n<p>Se Tidligere postingers logger.<\/p>\n<h3>Sett postingens hastighet<\/h3>\n<p>Administrer mange innstilinger for \u00e5 regulere hastigheten p\u00e5 e-postsendingen.<\/p>\n<p>&nbsp;<\/p>\n<h2 class=\"features-title\"><span>Analyser kampanje<\/span><\/h2>\n<p style=\"text-align: center;\"><img decoding=\"async\" width=\"1390\" height=\"885\" src=\"https:\/\/www.sendblaster.com\/wp-content\/uploads\/2018\/03\/analyze-results-mailing-large.jpg\" alt=\"Analyser kampanje\" class=\"features-image\" \/><\/p>\n<h3>Integrert med Google Analytics<\/h3>\n<p>Du f\u00e5r ogs\u00e5 m\u00e5lt effektiviteten til dine kampanjer i Google Analytics.<\/p>\n<p>&nbsp;<\/p>\n<h2 class=\"features-title\"><span>Andre funksjoner<\/span><\/h2>\n<h3 class=\"new-feature\">Widgeter<\/h3>\n<p>Sendblaster 3 har en ny h\u00f8yrefestet widget panel som tilbyr sm\u00e5, men nyttige verkt\u00f8y: et Memo-verkt\u00f8y for \u00e5 lagre notater og \u00e5-gj\u00f8reliste p\u00e5 tvers av \u00f8ktene, en Snarveiliste for dine mest brukte programmer, et en Magic beskj\u00e6ringswidget for st\u00f8rrelsesjustering av bilder, og et Domene info-verkt\u00f8y for \u00e5 sjekke en e-postadresses domene i leseren og i Alexa&#8230; Og flere nye widgeter kommer!<\/p>\n<h3 class=\"new-feature\">Tekstutdrag<\/h3>\n<p>Du kan enkelt lagre og gjenbruke tekstutdrag: signaturer, gateadresser, kontaktinformasjon, foretningsbeskrivelser&#8230; Du trenger ikke \u00e5 legge inn tekst fra bunnen av, hver gang du lager en ny melding.<\/p>\n<h3 class=\"new-feature\">Kladd<\/h3>\n<p>Organiser arbeidet ditt bedre: Sendblaster 3 har en ny spesiell mappe hvor du kan lagre dine uferdige prosjekter og senere forh\u00e5ndsvise dem f\u00f8r du \u00e5pner dem p\u00e5ny.<\/p>\n<h3>\u00d8yeblikksbilder<\/h3>\n<p>Du kan lagre forskjellige konfigurasjoner av innstillinger, for eksempel for forskjellige postinger, forskjellige SMTP-innstillinger eller forskjellige e-post sendere. Det er veldig nyttig hvis du sender nyhetsbrev p\u00e5 vegne av dine kunder.<\/p>\n<h3 class=\"new-feature\">Sikkerhetskopi av database<\/h3>\n<p>Lagre og beskytt din data med et klikk.<\/p>\n<h3>Kj\u00f8r i tidsplanleggermodus<\/h3>\n<p>SendBlaster kan kj\u00f8re i system-tray.<\/p>\n","protected":false},"excerpt":{"rendered":"<p>SendBlaster er den beste e-post programvaren for \u00e5 administrere dine mailing-lister. Utforsk gratis-l\u00f8sningen eller den kostnadseffektive engangs-betalingsl\u00f8sningen, som lar deg enkelt administrere dine e-post markedsf\u00f8ringskampanjer ved hjelp av desktop programvare. &nbsp; Lage nyhetsbrev WYSIWYG HTML Editor Meldingkomponering blir utf\u00f8rt ved <\/p>\n<p class=\"read-more-container\"><a class=\"button read-more\" href=\"https:\/\/www.sendblaster.com\/nb\/desktop-bulk-e-postsender-egenskaper\/\" title=\"\">Fortsett \u00e5 lese<\/a><\/p>\n","protected":false},"author":1,"featured_media":0,"parent":0,"menu_order":0,"comment_status":"closed","ping_status":"closed","template":"","meta":{"_monsterinsights_skip_tracking":false,"_monsterinsights_sitenote_active":false,"_monsterinsights_sitenote_note":"","_monsterinsights_sitenote_category":0,"footnotes":""},"class_list":["post-2508","page","type-page","status-publish"],"yoast_head":"<!-- This site is optimized with the Yoast SEO plugin v23.5 - https:\/\/yoast.com\/wordpress\/plugins\/seo\/ -->\n<title>Nyhetsbrev programvarefunksjoner - SendBlaster E-postmarkedsf\u00f8ring programvare<\/title>\n<meta name=\"description\" content=\"SendBlaster E-postmarkedsf\u00f8ring programvare Nyhetsbrev programvarefunksjoner SendBlaster er den beste e-post programvaren for \u00e5 administrere dine mailing-lister. Utforsk gratis-l\u00f8sningen eller den kostnadseffektive\" \/>\n<meta name=\"robots\" content=\"index, follow, max-snippet:-1, max-image-preview:large, max-video-preview:-1\" \/>\n<link rel=\"canonical\" href=\"https:\/\/www.sendblaster.com\/nb\/desktop-bulk-e-postsender-egenskaper\/\" \/>\n<meta property=\"og:locale\" content=\"nb_NO\" \/>\n<meta property=\"og:type\" content=\"article\" \/>\n<meta property=\"og:title\" content=\"Nyhetsbrev programvarefunksjoner - SendBlaster E-postmarkedsf\u00f8ring programvare\" \/>\n<meta property=\"og:description\" content=\"SendBlaster E-postmarkedsf\u00f8ring programvare Nyhetsbrev programvarefunksjoner SendBlaster er den beste e-post programvaren for \u00e5 administrere dine mailing-lister. Utforsk gratis-l\u00f8sningen eller den kostnadseffektive\" \/>\n<meta property=\"og:url\" content=\"https:\/\/www.sendblaster.com\/nb\/desktop-bulk-e-postsender-egenskaper\/\" \/>\n<meta property=\"og:site_name\" content=\"SendBlaster E-postmarkedsf\u00f8ring programvare\" \/>\n<meta property=\"article:modified_time\" content=\"2021-04-12T09:53:53+00:00\" \/>\n<meta property=\"og:image\" content=\"https:\/\/www.sendblaster.com\/wp-content\/uploads\/2018\/03\/create-effective-emails-large.jpg\" \/>\n<meta name=\"twitter:card\" content=\"summary_large_image\" \/>\n<meta name=\"twitter:label1\" content=\"Ansl. lesetid\" \/>\n\t<meta name=\"twitter:data1\" content=\"6 minutter\" \/>\n<script type=\"application\/ld+json\" class=\"yoast-schema-graph\">{\"@context\":\"https:\/\/schema.org\",\"@graph\":[{\"@type\":\"WebPage\",\"@id\":\"https:\/\/www.sendblaster.com\/nb\/desktop-bulk-e-postsender-egenskaper\/\",\"url\":\"https:\/\/www.sendblaster.com\/nb\/desktop-bulk-e-postsender-egenskaper\/\",\"name\":\"Nyhetsbrev programvarefunksjoner - SendBlaster E-postmarkedsf\u00f8ring programvare\",\"isPartOf\":{\"@id\":\"https:\/\/www.sendblaster.com\/#website\"},\"primaryImageOfPage\":{\"@id\":\"https:\/\/www.sendblaster.com\/nb\/desktop-bulk-e-postsender-egenskaper\/#primaryimage\"},\"image\":{\"@id\":\"https:\/\/www.sendblaster.com\/nb\/desktop-bulk-e-postsender-egenskaper\/#primaryimage\"},\"thumbnailUrl\":\"https:\/\/www.sendblaster.com\/wp-content\/uploads\/2018\/03\/create-effective-emails-large.jpg\",\"datePublished\":\"2018-05-22T07:43:45+00:00\",\"dateModified\":\"2021-04-12T09:53:53+00:00\",\"description\":\"SendBlaster E-postmarkedsf\u00f8ring programvare Nyhetsbrev programvarefunksjoner SendBlaster er den beste e-post programvaren for \u00e5 administrere dine mailing-lister. Utforsk gratis-l\u00f8sningen eller den kostnadseffektive\",\"breadcrumb\":{\"@id\":\"https:\/\/www.sendblaster.com\/nb\/desktop-bulk-e-postsender-egenskaper\/#breadcrumb\"},\"inLanguage\":\"nb-NO\",\"potentialAction\":[{\"@type\":\"ReadAction\",\"target\":[\"https:\/\/www.sendblaster.com\/nb\/desktop-bulk-e-postsender-egenskaper\/\"]}]},{\"@type\":\"ImageObject\",\"inLanguage\":\"nb-NO\",\"@id\":\"https:\/\/www.sendblaster.com\/nb\/desktop-bulk-e-postsender-egenskaper\/#primaryimage\",\"url\":\"https:\/\/www.sendblaster.com\/wp-content\/uploads\/2018\/03\/create-effective-emails-large.jpg\",\"contentUrl\":\"https:\/\/www.sendblaster.com\/wp-content\/uploads\/2018\/03\/create-effective-emails-large.jpg\"},{\"@type\":\"BreadcrumbList\",\"@id\":\"https:\/\/www.sendblaster.com\/nb\/desktop-bulk-e-postsender-egenskaper\/#breadcrumb\",\"itemListElement\":[{\"@type\":\"ListItem\",\"position\":1,\"name\":\"Home\",\"item\":\"https:\/\/www.sendblaster.com\/nb\/\"},{\"@type\":\"ListItem\",\"position\":2,\"name\":\"Nyhetsbrev programvarefunksjoner\"}]},{\"@type\":\"WebSite\",\"@id\":\"https:\/\/www.sendblaster.com\/#website\",\"url\":\"https:\/\/www.sendblaster.com\/\",\"name\":\"SendBlaster E-postmarkedsf\u00f8ring programvare\",\"description\":\"\",\"publisher\":{\"@id\":\"https:\/\/www.sendblaster.com\/#organization\"},\"potentialAction\":[{\"@type\":\"SearchAction\",\"target\":{\"@type\":\"EntryPoint\",\"urlTemplate\":\"https:\/\/www.sendblaster.com\/?s={search_term_string}\"},\"query-input\":{\"@type\":\"PropertyValueSpecification\",\"valueRequired\":true,\"valueName\":\"search_term_string\"}}],\"inLanguage\":\"nb-NO\"},{\"@type\":\"Organization\",\"@id\":\"https:\/\/www.sendblaster.com\/#organization\",\"name\":\"SendBlaster E-postmarkedsf\u00f8ring programvare\",\"url\":\"https:\/\/www.sendblaster.com\/\",\"logo\":{\"@type\":\"ImageObject\",\"inLanguage\":\"nb-NO\",\"@id\":\"https:\/\/www.sendblaster.com\/#\/schema\/logo\/image\/\",\"url\":\"https:\/\/www.sendblaster.com\/wp-content\/uploads\/2021\/09\/logo-svg-2021.svg\",\"contentUrl\":\"https:\/\/www.sendblaster.com\/wp-content\/uploads\/2021\/09\/logo-svg-2021.svg\",\"width\":350,\"height\":70,\"caption\":\"SendBlaster E-postmarkedsf\u00f8ring programvare\"},\"image\":{\"@id\":\"https:\/\/www.sendblaster.com\/#\/schema\/logo\/image\/\"}}]}<\/script>\n<!-- \/ Yoast SEO plugin. -->","yoast_head_json":{"title":"Nyhetsbrev programvarefunksjoner - SendBlaster E-postmarkedsf\u00f8ring programvare","description":"SendBlaster E-postmarkedsf\u00f8ring programvare Nyhetsbrev programvarefunksjoner SendBlaster er den beste e-post programvaren for \u00e5 administrere dine mailing-lister. Utforsk gratis-l\u00f8sningen eller den kostnadseffektive","robots":{"index":"index","follow":"follow","max-snippet":"max-snippet:-1","max-image-preview":"max-image-preview:large","max-video-preview":"max-video-preview:-1"},"canonical":"https:\/\/www.sendblaster.com\/nb\/desktop-bulk-e-postsender-egenskaper\/","og_locale":"nb_NO","og_type":"article","og_title":"Nyhetsbrev programvarefunksjoner - SendBlaster E-postmarkedsf\u00f8ring programvare","og_description":"SendBlaster E-postmarkedsf\u00f8ring programvare Nyhetsbrev programvarefunksjoner SendBlaster er den beste e-post programvaren for \u00e5 administrere dine mailing-lister. Utforsk gratis-l\u00f8sningen eller den kostnadseffektive","og_url":"https:\/\/www.sendblaster.com\/nb\/desktop-bulk-e-postsender-egenskaper\/","og_site_name":"SendBlaster E-postmarkedsf\u00f8ring programvare","article_modified_time":"2021-04-12T09:53:53+00:00","og_image":[{"url":"https:\/\/www.sendblaster.com\/wp-content\/uploads\/2018\/03\/create-effective-emails-large.jpg"}],"twitter_card":"summary_large_image","twitter_misc":{"Ansl. lesetid":"6 minutter"},"schema":{"@context":"https:\/\/schema.org","@graph":[{"@type":"WebPage","@id":"https:\/\/www.sendblaster.com\/nb\/desktop-bulk-e-postsender-egenskaper\/","url":"https:\/\/www.sendblaster.com\/nb\/desktop-bulk-e-postsender-egenskaper\/","name":"Nyhetsbrev programvarefunksjoner - SendBlaster E-postmarkedsf\u00f8ring programvare","isPartOf":{"@id":"https:\/\/www.sendblaster.com\/#website"},"primaryImageOfPage":{"@id":"https:\/\/www.sendblaster.com\/nb\/desktop-bulk-e-postsender-egenskaper\/#primaryimage"},"image":{"@id":"https:\/\/www.sendblaster.com\/nb\/desktop-bulk-e-postsender-egenskaper\/#primaryimage"},"thumbnailUrl":"https:\/\/www.sendblaster.com\/wp-content\/uploads\/2018\/03\/create-effective-emails-large.jpg","datePublished":"2018-05-22T07:43:45+00:00","dateModified":"2021-04-12T09:53:53+00:00","description":"SendBlaster E-postmarkedsf\u00f8ring programvare Nyhetsbrev programvarefunksjoner SendBlaster er den beste e-post programvaren for \u00e5 administrere dine mailing-lister. Utforsk gratis-l\u00f8sningen eller den kostnadseffektive","breadcrumb":{"@id":"https:\/\/www.sendblaster.com\/nb\/desktop-bulk-e-postsender-egenskaper\/#breadcrumb"},"inLanguage":"nb-NO","potentialAction":[{"@type":"ReadAction","target":["https:\/\/www.sendblaster.com\/nb\/desktop-bulk-e-postsender-egenskaper\/"]}]},{"@type":"ImageObject","inLanguage":"nb-NO","@id":"https:\/\/www.sendblaster.com\/nb\/desktop-bulk-e-postsender-egenskaper\/#primaryimage","url":"https:\/\/www.sendblaster.com\/wp-content\/uploads\/2018\/03\/create-effective-emails-large.jpg","contentUrl":"https:\/\/www.sendblaster.com\/wp-content\/uploads\/2018\/03\/create-effective-emails-large.jpg"},{"@type":"BreadcrumbList","@id":"https:\/\/www.sendblaster.com\/nb\/desktop-bulk-e-postsender-egenskaper\/#breadcrumb","itemListElement":[{"@type":"ListItem","position":1,"name":"Home","item":"https:\/\/www.sendblaster.com\/nb\/"},{"@type":"ListItem","position":2,"name":"Nyhetsbrev programvarefunksjoner"}]},{"@type":"WebSite","@id":"https:\/\/www.sendblaster.com\/#website","url":"https:\/\/www.sendblaster.com\/","name":"SendBlaster E-postmarkedsf\u00f8ring programvare","description":"","publisher":{"@id":"https:\/\/www.sendblaster.com\/#organization"},"potentialAction":[{"@type":"SearchAction","target":{"@type":"EntryPoint","urlTemplate":"https:\/\/www.sendblaster.com\/?s={search_term_string}"},"query-input":{"@type":"PropertyValueSpecification","valueRequired":true,"valueName":"search_term_string"}}],"inLanguage":"nb-NO"},{"@type":"Organization","@id":"https:\/\/www.sendblaster.com\/#organization","name":"SendBlaster E-postmarkedsf\u00f8ring programvare","url":"https:\/\/www.sendblaster.com\/","logo":{"@type":"ImageObject","inLanguage":"nb-NO","@id":"https:\/\/www.sendblaster.com\/#\/schema\/logo\/image\/","url":"https:\/\/www.sendblaster.com\/wp-content\/uploads\/2021\/09\/logo-svg-2021.svg","contentUrl":"https:\/\/www.sendblaster.com\/wp-content\/uploads\/2021\/09\/logo-svg-2021.svg","width":350,"height":70,"caption":"SendBlaster E-postmarkedsf\u00f8ring programvare"},"image":{"@id":"https:\/\/www.sendblaster.com\/#\/schema\/logo\/image\/"}}]}},"_links":{"self":[{"href":"https:\/\/www.sendblaster.com\/nb\/wp-json\/wp\/v2\/pages\/2508"}],"collection":[{"href":"https:\/\/www.sendblaster.com\/nb\/wp-json\/wp\/v2\/pages"}],"about":[{"href":"https:\/\/www.sendblaster.com\/nb\/wp-json\/wp\/v2\/types\/page"}],"author":[{"embeddable":true,"href":"https:\/\/www.sendblaster.com\/nb\/wp-json\/wp\/v2\/users\/1"}],"replies":[{"embeddable":true,"href":"https:\/\/www.sendblaster.com\/nb\/wp-json\/wp\/v2\/comments?post=2508"}],"version-history":[{"count":3,"href":"https:\/\/www.sendblaster.com\/nb\/wp-json\/wp\/v2\/pages\/2508\/revisions"}],"predecessor-version":[{"id":5283,"href":"https:\/\/www.sendblaster.com\/nb\/wp-json\/wp\/v2\/pages\/2508\/revisions\/5283"}],"wp:attachment":[{"href":"https:\/\/www.sendblaster.com\/nb\/wp-json\/wp\/v2\/media?parent=2508"}],"curies":[{"name":"wp","href":"https:\/\/api.w.org\/{rel}","templated":true}]}}