{"id":2506,"date":"2018-05-22T07:33:46","date_gmt":"2018-05-22T07:33:46","guid":{"rendered":"https:\/\/www.sendblaster.com\/wpnew-2018\/?page_id=2506"},"modified":"2021-07-05T12:39:52","modified_gmt":"2021-07-05T12:39:52","slug":"kjop","status":"publish","type":"page","link":"https:\/\/www.sendblaster.com\/nb\/kjop\/","title":{"rendered":"KJ\u00d8P din SendBlaster PRO n\u00e5!"},"content":{"rendered":"<p style=\"text-align: center;\"><a href=\"https:\/\/www.sendblaster.com\/newshop\/?lang=nb&#038;products=SBPE04-EXTEND\" title=\"Kj\u00f8p SendBlaster Pro\" class=\"buy-cta-big\">Kj\u00f8p SendBlaster Pro<br \/><small>Livstidslisens, engangsbetalings pakke<\/small><\/a><\/p>\n<p>&nbsp;<\/p>\n<h2 style=\"text-align: center;\">Flerbruker eller distribut\u00f8rer<\/h2>\n<p style=\"text-align: center;\"><a href=\"https:\/\/www.sendblaster.com\/newshop\/?lang=nb&#038;multilicense=true&#038;products=S4ML02\" title=\"Kj\u00f8p multiple lisenser\" class=\"reseller-cta-big\">Kj\u00f8p multiple lisenser<br \/><small>Innkj\u00f8p bare to eksemplarer vil f\u00e5 deg en rabatt<\/small><\/a><\/p>\n<p>&nbsp;<\/p>\n<h2>Terms of purchase<\/h2>\n<ul>\n<li>Alle lisensene er livstidsliseneser, ingen tilbakevendende avgifter<\/li>\n<li>PRO-lisens inkluderer gratis kundest\u00f8tte<\/li>\n<li>Send ubegrenset antall e-poster vha PRO massesendings e-postsoftware<\/li>\n<li>Ingen ekstrautgift per e-post<\/li>\n<li>Oppgrader din SendBlaster <a href=\"https:\/\/www.sendblaster.com\/newshop\/?lang=nb&#038;products=UP3X40\" title=\"Kj\u00f8p\">Free massesendings e-postsoftware<\/a><\/li>\n<li>Forn\u00f8yd-garanti: 15 dagers pengene tilbake-garanti<\/li>\n<\/ul>\n<p>&nbsp;<\/p>\n<h2>Betalingsmetoder<\/h2>\n<p>Kredittkort<\/p>\n<p><img decoding=\"async\" width=\"275\" height=\"89\" src=\"https:\/\/www.sendblaster.com\/wp-content\/uploads\/2018\/03\/credi-card.png\" alt=\"Kredittkort\" \/><\/p>\n<p>PayPal<\/p>\n<p><img decoding=\"async\" width=\"376\" height=\"103\" src=\"https:\/\/www.sendblaster.com\/wp-content\/uploads\/2018\/03\/paypal.png\" alt=\"PayPal\" \/><\/p>\n<p>&nbsp;<\/p>\n<h2>Sikker gateway<\/h2>\n<p>Straks du har fullfert betalingen med ditt kredittkort (som prosesseres i sanntid), vil vi umiddelbart sende deg en Pro-lisens.kode som laser opp Pro-modus \u2013 <strong>med umiddelbar levering<\/strong>. Bruk av kredittkort er trygt og sikkert:<\/p>\n<ul>\n<li>USA kredittkort belastes i dollar, lisenspris er ca. 110$<\/li>\n<li>Vi samler ikke inn dine kredittkortdata (vi ser dem ikke engang); isteden bruker vi v\u00e5r banks kredittkort gateway, som prosesserer din betaling p\u00e5 vegne av oss<\/li>\n<li>Betalingen er kryptert vha Secure Sockets Layer-protokollen (SSL) med en kryperingsn\u00f8kkellengde p\u00e5 128-bits (h\u00f8yeste niv\u00e5 som er komersielt tilgjengelig)<\/li>\n<li>Som ekstra sikkerhetssystem benytter vi industristandard <strong>VerifiedByVisa\u00ae<\/strong> og <strong>SecureCode\u00ae<\/strong><\/li>\n<\/ul>\n","protected":false},"excerpt":{"rendered":"<p>Kj\u00f8p SendBlaster ProLivstidslisens, engangsbetalings pakke &nbsp; Flerbruker eller distribut\u00f8rer Kj\u00f8p multiple lisenserInnkj\u00f8p bare to eksemplarer vil f\u00e5 deg en rabatt &nbsp; Terms of purchase Alle lisensene er livstidsliseneser, ingen tilbakevendende avgifter PRO-lisens inkluderer gratis kundest\u00f8tte Send ubegrenset antall e-poster vha <\/p>\n<p class=\"read-more-container\"><a class=\"button read-more\" href=\"https:\/\/www.sendblaster.com\/nb\/kjop\/\" title=\"\">Fortsett \u00e5 lese<\/a><\/p>\n","protected":false},"author":1,"featured_media":0,"parent":0,"menu_order":0,"comment_status":"closed","ping_status":"closed","template":"","meta":{"_monsterinsights_skip_tracking":false,"_monsterinsights_sitenote_active":false,"_monsterinsights_sitenote_note":"","_monsterinsights_sitenote_category":0,"footnotes":""},"class_list":["post-2506","page","type-page","status-publish"],"yoast_head":"<!-- This site is optimized with the Yoast SEO plugin v23.5 - https:\/\/yoast.com\/wordpress\/plugins\/seo\/ -->\n<title>KJ\u00d8P din SendBlaster PRO n\u00e5! - SendBlaster E-postmarkedsf\u00f8ring programvare<\/title>\n<meta name=\"description\" content=\"SendBlaster E-postmarkedsf\u00f8ring programvare KJ\u00d8P din SendBlaster PRO n\u00e5! Kj\u00f8p SendBlaster ProLivstidslisens, engangsbetalings pakke &nbsp; Flerbruker eller distribut\u00f8rer Kj\u00f8p multiple lisenserInnkj\u00f8p bare to eksemplarer vil f\u00e5\" \/>\n<meta name=\"robots\" content=\"index, follow, max-snippet:-1, max-image-preview:large, max-video-preview:-1\" \/>\n<link rel=\"canonical\" href=\"https:\/\/www.sendblaster.com\/nb\/kjop\/\" \/>\n<meta property=\"og:locale\" content=\"nb_NO\" \/>\n<meta property=\"og:type\" content=\"article\" \/>\n<meta property=\"og:title\" content=\"KJ\u00d8P din SendBlaster PRO n\u00e5! - SendBlaster E-postmarkedsf\u00f8ring programvare\" \/>\n<meta property=\"og:description\" content=\"SendBlaster E-postmarkedsf\u00f8ring programvare KJ\u00d8P din SendBlaster PRO n\u00e5! Kj\u00f8p SendBlaster ProLivstidslisens, engangsbetalings pakke &nbsp; Flerbruker eller distribut\u00f8rer Kj\u00f8p multiple lisenserInnkj\u00f8p bare to eksemplarer vil f\u00e5\" \/>\n<meta property=\"og:url\" content=\"https:\/\/www.sendblaster.com\/nb\/kjop\/\" \/>\n<meta property=\"og:site_name\" content=\"SendBlaster E-postmarkedsf\u00f8ring programvare\" \/>\n<meta property=\"article:modified_time\" content=\"2021-07-05T12:39:52+00:00\" \/>\n<meta property=\"og:image\" content=\"https:\/\/www.sendblaster.com\/wp-content\/uploads\/2018\/03\/credi-card.png\" \/>\n<meta name=\"twitter:card\" content=\"summary_large_image\" \/>\n<meta name=\"twitter:label1\" content=\"Ansl. lesetid\" \/>\n\t<meta name=\"twitter:data1\" content=\"1 minutt\" \/>\n<script type=\"application\/ld+json\" class=\"yoast-schema-graph\">{\"@context\":\"https:\/\/schema.org\",\"@graph\":[{\"@type\":\"WebPage\",\"@id\":\"https:\/\/www.sendblaster.com\/nb\/kjop\/\",\"url\":\"https:\/\/www.sendblaster.com\/nb\/kjop\/\",\"name\":\"KJ\u00d8P din SendBlaster PRO n\u00e5! - SendBlaster E-postmarkedsf\u00f8ring programvare\",\"isPartOf\":{\"@id\":\"https:\/\/www.sendblaster.com\/#website\"},\"primaryImageOfPage\":{\"@id\":\"https:\/\/www.sendblaster.com\/nb\/kjop\/#primaryimage\"},\"image\":{\"@id\":\"https:\/\/www.sendblaster.com\/nb\/kjop\/#primaryimage\"},\"thumbnailUrl\":\"https:\/\/www.sendblaster.com\/wp-content\/uploads\/2018\/03\/credi-card.png\",\"datePublished\":\"2018-05-22T07:33:46+00:00\",\"dateModified\":\"2021-07-05T12:39:52+00:00\",\"description\":\"SendBlaster E-postmarkedsf\u00f8ring programvare KJ\u00d8P din SendBlaster PRO n\u00e5! Kj\u00f8p SendBlaster ProLivstidslisens, engangsbetalings pakke &nbsp; Flerbruker eller distribut\u00f8rer Kj\u00f8p multiple lisenserInnkj\u00f8p bare to eksemplarer vil f\u00e5\",\"breadcrumb\":{\"@id\":\"https:\/\/www.sendblaster.com\/nb\/kjop\/#breadcrumb\"},\"inLanguage\":\"nb-NO\",\"potentialAction\":[{\"@type\":\"ReadAction\",\"target\":[\"https:\/\/www.sendblaster.com\/nb\/kjop\/\"]}]},{\"@type\":\"ImageObject\",\"inLanguage\":\"nb-NO\",\"@id\":\"https:\/\/www.sendblaster.com\/nb\/kjop\/#primaryimage\",\"url\":\"https:\/\/www.sendblaster.com\/wp-content\/uploads\/2018\/03\/credi-card.png\",\"contentUrl\":\"https:\/\/www.sendblaster.com\/wp-content\/uploads\/2018\/03\/credi-card.png\"},{\"@type\":\"BreadcrumbList\",\"@id\":\"https:\/\/www.sendblaster.com\/nb\/kjop\/#breadcrumb\",\"itemListElement\":[{\"@type\":\"ListItem\",\"position\":1,\"name\":\"Home\",\"item\":\"https:\/\/www.sendblaster.com\/nb\/\"},{\"@type\":\"ListItem\",\"position\":2,\"name\":\"KJ\u00d8P din SendBlaster PRO n\u00e5!\"}]},{\"@type\":\"WebSite\",\"@id\":\"https:\/\/www.sendblaster.com\/#website\",\"url\":\"https:\/\/www.sendblaster.com\/\",\"name\":\"SendBlaster E-postmarkedsf\u00f8ring programvare\",\"description\":\"\",\"publisher\":{\"@id\":\"https:\/\/www.sendblaster.com\/#organization\"},\"potentialAction\":[{\"@type\":\"SearchAction\",\"target\":{\"@type\":\"EntryPoint\",\"urlTemplate\":\"https:\/\/www.sendblaster.com\/?s={search_term_string}\"},\"query-input\":{\"@type\":\"PropertyValueSpecification\",\"valueRequired\":true,\"valueName\":\"search_term_string\"}}],\"inLanguage\":\"nb-NO\"},{\"@type\":\"Organization\",\"@id\":\"https:\/\/www.sendblaster.com\/#organization\",\"name\":\"SendBlaster E-postmarkedsf\u00f8ring programvare\",\"url\":\"https:\/\/www.sendblaster.com\/\",\"logo\":{\"@type\":\"ImageObject\",\"inLanguage\":\"nb-NO\",\"@id\":\"https:\/\/www.sendblaster.com\/#\/schema\/logo\/image\/\",\"url\":\"https:\/\/www.sendblaster.com\/wp-content\/uploads\/2021\/09\/logo-svg-2021.svg\",\"contentUrl\":\"https:\/\/www.sendblaster.com\/wp-content\/uploads\/2021\/09\/logo-svg-2021.svg\",\"width\":350,\"height\":70,\"caption\":\"SendBlaster E-postmarkedsf\u00f8ring programvare\"},\"image\":{\"@id\":\"https:\/\/www.sendblaster.com\/#\/schema\/logo\/image\/\"}}]}<\/script>\n<!-- \/ Yoast SEO plugin. -->","yoast_head_json":{"title":"KJ\u00d8P din SendBlaster PRO n\u00e5! - SendBlaster E-postmarkedsf\u00f8ring programvare","description":"SendBlaster E-postmarkedsf\u00f8ring programvare KJ\u00d8P din SendBlaster PRO n\u00e5! Kj\u00f8p SendBlaster ProLivstidslisens, engangsbetalings pakke &nbsp; Flerbruker eller distribut\u00f8rer Kj\u00f8p multiple lisenserInnkj\u00f8p bare to eksemplarer vil f\u00e5","robots":{"index":"index","follow":"follow","max-snippet":"max-snippet:-1","max-image-preview":"max-image-preview:large","max-video-preview":"max-video-preview:-1"},"canonical":"https:\/\/www.sendblaster.com\/nb\/kjop\/","og_locale":"nb_NO","og_type":"article","og_title":"KJ\u00d8P din SendBlaster PRO n\u00e5! - SendBlaster E-postmarkedsf\u00f8ring programvare","og_description":"SendBlaster E-postmarkedsf\u00f8ring programvare KJ\u00d8P din SendBlaster PRO n\u00e5! Kj\u00f8p SendBlaster ProLivstidslisens, engangsbetalings pakke &nbsp; Flerbruker eller distribut\u00f8rer Kj\u00f8p multiple lisenserInnkj\u00f8p bare to eksemplarer vil f\u00e5","og_url":"https:\/\/www.sendblaster.com\/nb\/kjop\/","og_site_name":"SendBlaster E-postmarkedsf\u00f8ring programvare","article_modified_time":"2021-07-05T12:39:52+00:00","og_image":[{"url":"https:\/\/www.sendblaster.com\/wp-content\/uploads\/2018\/03\/credi-card.png"}],"twitter_card":"summary_large_image","twitter_misc":{"Ansl. lesetid":"1 minutt"},"schema":{"@context":"https:\/\/schema.org","@graph":[{"@type":"WebPage","@id":"https:\/\/www.sendblaster.com\/nb\/kjop\/","url":"https:\/\/www.sendblaster.com\/nb\/kjop\/","name":"KJ\u00d8P din SendBlaster PRO n\u00e5! - SendBlaster E-postmarkedsf\u00f8ring programvare","isPartOf":{"@id":"https:\/\/www.sendblaster.com\/#website"},"primaryImageOfPage":{"@id":"https:\/\/www.sendblaster.com\/nb\/kjop\/#primaryimage"},"image":{"@id":"https:\/\/www.sendblaster.com\/nb\/kjop\/#primaryimage"},"thumbnailUrl":"https:\/\/www.sendblaster.com\/wp-content\/uploads\/2018\/03\/credi-card.png","datePublished":"2018-05-22T07:33:46+00:00","dateModified":"2021-07-05T12:39:52+00:00","description":"SendBlaster E-postmarkedsf\u00f8ring programvare KJ\u00d8P din SendBlaster PRO n\u00e5! Kj\u00f8p SendBlaster ProLivstidslisens, engangsbetalings pakke &nbsp; Flerbruker eller distribut\u00f8rer Kj\u00f8p multiple lisenserInnkj\u00f8p bare to eksemplarer vil f\u00e5","breadcrumb":{"@id":"https:\/\/www.sendblaster.com\/nb\/kjop\/#breadcrumb"},"inLanguage":"nb-NO","potentialAction":[{"@type":"ReadAction","target":["https:\/\/www.sendblaster.com\/nb\/kjop\/"]}]},{"@type":"ImageObject","inLanguage":"nb-NO","@id":"https:\/\/www.sendblaster.com\/nb\/kjop\/#primaryimage","url":"https:\/\/www.sendblaster.com\/wp-content\/uploads\/2018\/03\/credi-card.png","contentUrl":"https:\/\/www.sendblaster.com\/wp-content\/uploads\/2018\/03\/credi-card.png"},{"@type":"BreadcrumbList","@id":"https:\/\/www.sendblaster.com\/nb\/kjop\/#breadcrumb","itemListElement":[{"@type":"ListItem","position":1,"name":"Home","item":"https:\/\/www.sendblaster.com\/nb\/"},{"@type":"ListItem","position":2,"name":"KJ\u00d8P din SendBlaster PRO n\u00e5!"}]},{"@type":"WebSite","@id":"https:\/\/www.sendblaster.com\/#website","url":"https:\/\/www.sendblaster.com\/","name":"SendBlaster E-postmarkedsf\u00f8ring programvare","description":"","publisher":{"@id":"https:\/\/www.sendblaster.com\/#organization"},"potentialAction":[{"@type":"SearchAction","target":{"@type":"EntryPoint","urlTemplate":"https:\/\/www.sendblaster.com\/?s={search_term_string}"},"query-input":{"@type":"PropertyValueSpecification","valueRequired":true,"valueName":"search_term_string"}}],"inLanguage":"nb-NO"},{"@type":"Organization","@id":"https:\/\/www.sendblaster.com\/#organization","name":"SendBlaster E-postmarkedsf\u00f8ring programvare","url":"https:\/\/www.sendblaster.com\/","logo":{"@type":"ImageObject","inLanguage":"nb-NO","@id":"https:\/\/www.sendblaster.com\/#\/schema\/logo\/image\/","url":"https:\/\/www.sendblaster.com\/wp-content\/uploads\/2021\/09\/logo-svg-2021.svg","contentUrl":"https:\/\/www.sendblaster.com\/wp-content\/uploads\/2021\/09\/logo-svg-2021.svg","width":350,"height":70,"caption":"SendBlaster E-postmarkedsf\u00f8ring programvare"},"image":{"@id":"https:\/\/www.sendblaster.com\/#\/schema\/logo\/image\/"}}]}},"_links":{"self":[{"href":"https:\/\/www.sendblaster.com\/nb\/wp-json\/wp\/v2\/pages\/2506"}],"collection":[{"href":"https:\/\/www.sendblaster.com\/nb\/wp-json\/wp\/v2\/pages"}],"about":[{"href":"https:\/\/www.sendblaster.com\/nb\/wp-json\/wp\/v2\/types\/page"}],"author":[{"embeddable":true,"href":"https:\/\/www.sendblaster.com\/nb\/wp-json\/wp\/v2\/users\/1"}],"replies":[{"embeddable":true,"href":"https:\/\/www.sendblaster.com\/nb\/wp-json\/wp\/v2\/comments?post=2506"}],"version-history":[{"count":4,"href":"https:\/\/www.sendblaster.com\/nb\/wp-json\/wp\/v2\/pages\/2506\/revisions"}],"predecessor-version":[{"id":5401,"href":"https:\/\/www.sendblaster.com\/nb\/wp-json\/wp\/v2\/pages\/2506\/revisions\/5401"}],"wp:attachment":[{"href":"https:\/\/www.sendblaster.com\/nb\/wp-json\/wp\/v2\/media?parent=2506"}],"curies":[{"name":"wp","href":"https:\/\/api.w.org\/{rel}","templated":true}]}}