{"id":810,"date":"2018-04-30T07:39:35","date_gmt":"2018-04-30T07:39:35","guid":{"rendered":"https:\/\/www.sendblaster.com\/wpnew-2018\/?page_id=810"},"modified":"2018-04-30T07:39:51","modified_gmt":"2018-04-30T07:39:51","slug":"crea-email-di-impatto","status":"publish","type":"page","link":"https:\/\/www.sendblaster.com\/it\/crea-email-di-impatto\/","title":{"rendered":"Crea email d&#8217;impatto"},"content":{"rendered":"<p style=\"text-align: center;\"><img decoding=\"async\" width=\"1390\" height=\"885\" src=\"https:\/\/www.sendblaster.com\/wp-content\/uploads\/2018\/03\/create-effective-emails-large.jpg\" alt=\"Crea email d'impatto\" class=\"features-image\" \/><\/p>\n<p>SendBlaster \u00e8 il <strong>miglior software per l&#8217;invio di newsletter<\/strong> e la completa gestione di una <strong>campagna di email marketing<\/strong>. Scopri la soluzione gratuita o la versione Pro, con licenza a vita e pagamento una-tantum, per la gestione del tuo email marketing <strong>direttamente dal tuo pc desktop<\/strong>.<\/p>\n<p style=\"text-align: center; margin-bottom: 0px;\"><a href=\"https:\/\/www.sendblaster.com\/it\/scarica-programma-email-marketing\" title=\"Scarica gratis SendBlaster\" class=\"download-cta\">Scarica Gratis<\/a><a href=\"https:\/\/www.sendblaster.com\/it\/compra\" title=\"Acquista subito SendBlaster Pro\" class=\"buy-cta\">Acquista SendBlaster Pro<\/a><\/p>\n<p>&nbsp;<\/p>\n<h2>Nuove funzioni avanzate<\/h2>\n<ul>\n<li><strong>Nuovi template suddivisi per categoria<\/strong><br \/>\n\tSendBlaster 3 include centinaia di nuovi template. Il browser dei template ora supporta le categorie, per consentire una migliore gestione dei modelli email.\n\t<\/li>\n<li><strong>Editor layout<\/strong><br \/>\n\tLa creazione di un nuovo messaggio da zero \u00e8 ancora pi\u00f9 semplice con il nuovo editor layout: con pochi click \u00e8 possibile scegliere la struttura del messaggio, aggiungere l&#8217;intestazione, il footer o le colonne laterali, selezionare i colori ed altre opzioni.\n\t<\/li>\n<li><strong>Funzione taglia e sostituisci<\/strong><br \/>\n\tSelezionare un&#8217;immagine e sostituirla con un&#8217;altra immagine \u00e8 ora molto semplice: SendBlaster 3 \u00e8 in grado di ridimensionare un&#8217;immagine in automatico e di ritagliarla (senza distorsioni) in modo che si adatti perfettamente al layout originale.\n\t<\/li>\n<li><strong>Nuove opzioni per la composizione dei messaggi<\/strong><br \/>\n\tSono state aggiunte alcune nuove funzioni nell&#8217;editor dei messaggi, come lo zoom, la stampa, l&#8217;aggiunta di nuovi font, la condivisione di link su Google+. Inoltre la sintassi del codice HTML \u00e8 evidenziata con diversi colori.\n\t<\/li>\n<li><strong>Verifica link nelle email<\/strong><br \/>\n\tMai pi\u00f9 collegamenti interrotti nascosti. SendBlaster 3 estrae in automatico tutti i link inseriti nel messaggio, anche quelli non visibili e ti permette di verificarli con un solo click.\n\t<\/li>\n<\/ul>\n<p>&nbsp;<\/p>\n<h2>Funzioni standard<\/h2>\n<ul>\n<li><strong>Templates gratuiti<\/strong><br \/>\n\tInclusi in SendBlaster trovi 80 template pronti all&#8217;uso disegnati da professionisti. Puoi inviare email graficamente efficaci anche senza possedere alcuna conoscenza in materia.\n\t<\/li>\n<li><strong>Editor HTML<\/strong><br \/>\n\tI messaggi vengono composti in formato HTML e\/o testo grazie a un semplice ma potente editor visuale (WYSIWYG) con accesso al codice.\n\t<\/li>\n<li><strong>Importazione di file HTML\/.eml<\/strong><br \/>\n\tLe email possono essere importate da file esterni preesistenti (pagine HTML o file .eml di Outlook Express). Ci\u00f2 permette l&#8217;utilizzo di template di terze parti o realizzati apposta per te.\n\t<\/li>\n<li><strong>Messaggi in HTML e testo puro<\/strong><br \/>\n\tI messaggi sono creati sia in formato HTML che in testo puro, per essere letti anche da coloro che non possono usufruire della visualizzazione in HTML. Le email ibride HTML\/testo puro sono la <a href=\"https:\/\/www.sendblaster.com\/it\/supporto\/suggerimenti\/guida-un-efficace-invio-a-liste-di-e-mail\" title=\"Come creare una newsletter\">miglior soluzione per una campagna di email marketing<\/a>. Se manca la parte testuale, molti filtri antispam si insospettiscono. Quando termini di comporre il messaggio, utilizza la fuzione &#8220;Testo da HTML&#8221; per ricavare automaticamente la parte di testo puro dall&#8217;HTML.\n\t<\/li>\n<li><strong>Personalizzazione delle email inviate<\/strong><br \/>\n\tOgni email inviata ai membri della lista \u00e8 personalizzabile (<a href=\"https:\/\/www.sendblaster.com\/it\/supporto\/importazione-liste\/invio-di-email-personalizzate\" title=\"Invio di email personalizzate\">vedi come fare<\/a>). Ci\u00f2 consente un contato pi\u00f9 diretto con il cliente (\u201cGentile Sig. Antonio Rossi\u201d \u00e8 meno anonomo rispetto al generico \u201cGentile cliente\u201d)<br \/>\n\tGentile #name# -&gt; diventa -&gt; Gentile Antonio Il contenuto del messaggio cambia cos\u00ec per ogni email inviata.\n\t<\/li>\n<li><strong>Controllo Antispam<\/strong><br \/>\n\tSendBlaster integra ora uno strumento di verifica del livello di spam delle tue email. Incorpora tutte le regole di SpamAssassin che devi rispettare per raggiungere la casella di posta dei tuoi clienti senza essere bloccato dai filtri antispam.\n\t<\/li>\n<\/ul>\n","protected":false},"excerpt":{"rendered":"<p>SendBlaster \u00e8 il miglior software per l&#8217;invio di newsletter e la completa gestione di una campagna di email marketing. Scopri la soluzione gratuita o la versione Pro, con licenza a vita e pagamento una-tantum, per la gestione del tuo email <\/p>\n<p class=\"read-more-container\"><a class=\"button read-more\" href=\"https:\/\/www.sendblaster.com\/it\/crea-email-di-impatto\/\" title=\"\">Continua a leggere<\/a><\/p>\n","protected":false},"author":1,"featured_media":0,"parent":0,"menu_order":0,"comment_status":"closed","ping_status":"closed","template":"","meta":{"_monsterinsights_skip_tracking":false,"_monsterinsights_sitenote_active":false,"_monsterinsights_sitenote_note":"","_monsterinsights_sitenote_category":0,"footnotes":""},"class_list":["post-810","page","type-page","status-publish"],"yoast_head":"<!-- This site is optimized with the Yoast SEO plugin v23.5 - https:\/\/yoast.com\/wordpress\/plugins\/seo\/ -->\n<title>Crea email d&#039;impatto - SendBlaster programma email marketing<\/title>\n<meta name=\"description\" content=\"SendBlaster programma email marketing Crea email d&#039;impatto SendBlaster \u00e8 il miglior software per l&#039;invio di newsletter e la completa gestione di una campagna di email marketing. Scopri la soluzione gratuita o la\" \/>\n<meta name=\"robots\" content=\"index, follow, max-snippet:-1, max-image-preview:large, max-video-preview:-1\" \/>\n<link rel=\"canonical\" href=\"https:\/\/www.sendblaster.com\/it\/crea-email-di-impatto\/\" \/>\n<meta property=\"og:locale\" content=\"it_IT\" \/>\n<meta property=\"og:type\" content=\"article\" \/>\n<meta property=\"og:title\" content=\"Crea email d&#039;impatto - SendBlaster programma email marketing\" \/>\n<meta property=\"og:description\" content=\"SendBlaster programma email marketing Crea email d&#039;impatto SendBlaster \u00e8 il miglior software per l&#039;invio di newsletter e la completa gestione di una campagna di email marketing. Scopri la soluzione gratuita o la\" \/>\n<meta property=\"og:url\" content=\"https:\/\/www.sendblaster.com\/it\/crea-email-di-impatto\/\" \/>\n<meta property=\"og:site_name\" content=\"SendBlaster programma email marketing\" \/>\n<meta property=\"article:modified_time\" content=\"2018-04-30T07:39:51+00:00\" \/>\n<meta property=\"og:image\" content=\"https:\/\/www.sendblaster.com\/wp-content\/uploads\/2018\/03\/create-effective-emails-large.jpg\" \/>\n<meta name=\"twitter:card\" content=\"summary_large_image\" \/>\n<meta name=\"twitter:label1\" content=\"Tempo di lettura stimato\" \/>\n\t<meta name=\"twitter:data1\" content=\"2 minuti\" \/>\n<script type=\"application\/ld+json\" class=\"yoast-schema-graph\">{\"@context\":\"https:\/\/schema.org\",\"@graph\":[{\"@type\":\"WebPage\",\"@id\":\"https:\/\/www.sendblaster.com\/it\/crea-email-di-impatto\/\",\"url\":\"https:\/\/www.sendblaster.com\/it\/crea-email-di-impatto\/\",\"name\":\"Crea email d'impatto - SendBlaster programma email marketing\",\"isPartOf\":{\"@id\":\"https:\/\/www.sendblaster.com\/#website\"},\"primaryImageOfPage\":{\"@id\":\"https:\/\/www.sendblaster.com\/it\/crea-email-di-impatto\/#primaryimage\"},\"image\":{\"@id\":\"https:\/\/www.sendblaster.com\/it\/crea-email-di-impatto\/#primaryimage\"},\"thumbnailUrl\":\"https:\/\/www.sendblaster.com\/wp-content\/uploads\/2018\/03\/create-effective-emails-large.jpg\",\"datePublished\":\"2018-04-30T07:39:35+00:00\",\"dateModified\":\"2018-04-30T07:39:51+00:00\",\"description\":\"SendBlaster programma email marketing Crea email d'impatto SendBlaster \u00e8 il miglior software per l'invio di newsletter e la completa gestione di una campagna di email marketing. Scopri la soluzione gratuita o la\",\"breadcrumb\":{\"@id\":\"https:\/\/www.sendblaster.com\/it\/crea-email-di-impatto\/#breadcrumb\"},\"inLanguage\":\"it-IT\",\"potentialAction\":[{\"@type\":\"ReadAction\",\"target\":[\"https:\/\/www.sendblaster.com\/it\/crea-email-di-impatto\/\"]}]},{\"@type\":\"ImageObject\",\"inLanguage\":\"it-IT\",\"@id\":\"https:\/\/www.sendblaster.com\/it\/crea-email-di-impatto\/#primaryimage\",\"url\":\"https:\/\/www.sendblaster.com\/wp-content\/uploads\/2018\/03\/create-effective-emails-large.jpg\",\"contentUrl\":\"https:\/\/www.sendblaster.com\/wp-content\/uploads\/2018\/03\/create-effective-emails-large.jpg\"},{\"@type\":\"BreadcrumbList\",\"@id\":\"https:\/\/www.sendblaster.com\/it\/crea-email-di-impatto\/#breadcrumb\",\"itemListElement\":[{\"@type\":\"ListItem\",\"position\":1,\"name\":\"Home\",\"item\":\"https:\/\/www.sendblaster.com\/it\/\"},{\"@type\":\"ListItem\",\"position\":2,\"name\":\"Crea email d&#8217;impatto\"}]},{\"@type\":\"WebSite\",\"@id\":\"https:\/\/www.sendblaster.com\/#website\",\"url\":\"https:\/\/www.sendblaster.com\/\",\"name\":\"SendBlaster programma email marketing\",\"description\":\"\",\"publisher\":{\"@id\":\"https:\/\/www.sendblaster.com\/#organization\"},\"potentialAction\":[{\"@type\":\"SearchAction\",\"target\":{\"@type\":\"EntryPoint\",\"urlTemplate\":\"https:\/\/www.sendblaster.com\/?s={search_term_string}\"},\"query-input\":{\"@type\":\"PropertyValueSpecification\",\"valueRequired\":true,\"valueName\":\"search_term_string\"}}],\"inLanguage\":\"it-IT\"},{\"@type\":\"Organization\",\"@id\":\"https:\/\/www.sendblaster.com\/#organization\",\"name\":\"SendBlaster programma email marketing\",\"url\":\"https:\/\/www.sendblaster.com\/\",\"logo\":{\"@type\":\"ImageObject\",\"inLanguage\":\"it-IT\",\"@id\":\"https:\/\/www.sendblaster.com\/#\/schema\/logo\/image\/\",\"url\":\"https:\/\/www.sendblaster.com\/wp-content\/uploads\/2021\/09\/logo-svg-2021.svg\",\"contentUrl\":\"https:\/\/www.sendblaster.com\/wp-content\/uploads\/2021\/09\/logo-svg-2021.svg\",\"width\":350,\"height\":70,\"caption\":\"SendBlaster programma email marketing\"},\"image\":{\"@id\":\"https:\/\/www.sendblaster.com\/#\/schema\/logo\/image\/\"}}]}<\/script>\n<!-- \/ Yoast SEO plugin. -->","yoast_head_json":{"title":"Crea email d'impatto - SendBlaster programma email marketing","description":"SendBlaster programma email marketing Crea email d'impatto SendBlaster \u00e8 il miglior software per l'invio di newsletter e la completa gestione di una campagna di email marketing. Scopri la soluzione gratuita o la","robots":{"index":"index","follow":"follow","max-snippet":"max-snippet:-1","max-image-preview":"max-image-preview:large","max-video-preview":"max-video-preview:-1"},"canonical":"https:\/\/www.sendblaster.com\/it\/crea-email-di-impatto\/","og_locale":"it_IT","og_type":"article","og_title":"Crea email d'impatto - SendBlaster programma email marketing","og_description":"SendBlaster programma email marketing Crea email d'impatto SendBlaster \u00e8 il miglior software per l'invio di newsletter e la completa gestione di una campagna di email marketing. Scopri la soluzione gratuita o la","og_url":"https:\/\/www.sendblaster.com\/it\/crea-email-di-impatto\/","og_site_name":"SendBlaster programma email marketing","article_modified_time":"2018-04-30T07:39:51+00:00","og_image":[{"url":"https:\/\/www.sendblaster.com\/wp-content\/uploads\/2018\/03\/create-effective-emails-large.jpg"}],"twitter_card":"summary_large_image","twitter_misc":{"Tempo di lettura stimato":"2 minuti"},"schema":{"@context":"https:\/\/schema.org","@graph":[{"@type":"WebPage","@id":"https:\/\/www.sendblaster.com\/it\/crea-email-di-impatto\/","url":"https:\/\/www.sendblaster.com\/it\/crea-email-di-impatto\/","name":"Crea email d'impatto - SendBlaster programma email marketing","isPartOf":{"@id":"https:\/\/www.sendblaster.com\/#website"},"primaryImageOfPage":{"@id":"https:\/\/www.sendblaster.com\/it\/crea-email-di-impatto\/#primaryimage"},"image":{"@id":"https:\/\/www.sendblaster.com\/it\/crea-email-di-impatto\/#primaryimage"},"thumbnailUrl":"https:\/\/www.sendblaster.com\/wp-content\/uploads\/2018\/03\/create-effective-emails-large.jpg","datePublished":"2018-04-30T07:39:35+00:00","dateModified":"2018-04-30T07:39:51+00:00","description":"SendBlaster programma email marketing Crea email d'impatto SendBlaster \u00e8 il miglior software per l'invio di newsletter e la completa gestione di una campagna di email marketing. Scopri la soluzione gratuita o la","breadcrumb":{"@id":"https:\/\/www.sendblaster.com\/it\/crea-email-di-impatto\/#breadcrumb"},"inLanguage":"it-IT","potentialAction":[{"@type":"ReadAction","target":["https:\/\/www.sendblaster.com\/it\/crea-email-di-impatto\/"]}]},{"@type":"ImageObject","inLanguage":"it-IT","@id":"https:\/\/www.sendblaster.com\/it\/crea-email-di-impatto\/#primaryimage","url":"https:\/\/www.sendblaster.com\/wp-content\/uploads\/2018\/03\/create-effective-emails-large.jpg","contentUrl":"https:\/\/www.sendblaster.com\/wp-content\/uploads\/2018\/03\/create-effective-emails-large.jpg"},{"@type":"BreadcrumbList","@id":"https:\/\/www.sendblaster.com\/it\/crea-email-di-impatto\/#breadcrumb","itemListElement":[{"@type":"ListItem","position":1,"name":"Home","item":"https:\/\/www.sendblaster.com\/it\/"},{"@type":"ListItem","position":2,"name":"Crea email d&#8217;impatto"}]},{"@type":"WebSite","@id":"https:\/\/www.sendblaster.com\/#website","url":"https:\/\/www.sendblaster.com\/","name":"SendBlaster programma email marketing","description":"","publisher":{"@id":"https:\/\/www.sendblaster.com\/#organization"},"potentialAction":[{"@type":"SearchAction","target":{"@type":"EntryPoint","urlTemplate":"https:\/\/www.sendblaster.com\/?s={search_term_string}"},"query-input":{"@type":"PropertyValueSpecification","valueRequired":true,"valueName":"search_term_string"}}],"inLanguage":"it-IT"},{"@type":"Organization","@id":"https:\/\/www.sendblaster.com\/#organization","name":"SendBlaster programma email marketing","url":"https:\/\/www.sendblaster.com\/","logo":{"@type":"ImageObject","inLanguage":"it-IT","@id":"https:\/\/www.sendblaster.com\/#\/schema\/logo\/image\/","url":"https:\/\/www.sendblaster.com\/wp-content\/uploads\/2021\/09\/logo-svg-2021.svg","contentUrl":"https:\/\/www.sendblaster.com\/wp-content\/uploads\/2021\/09\/logo-svg-2021.svg","width":350,"height":70,"caption":"SendBlaster programma email marketing"},"image":{"@id":"https:\/\/www.sendblaster.com\/#\/schema\/logo\/image\/"}}]}},"_links":{"self":[{"href":"https:\/\/www.sendblaster.com\/it\/wp-json\/wp\/v2\/pages\/810"}],"collection":[{"href":"https:\/\/www.sendblaster.com\/it\/wp-json\/wp\/v2\/pages"}],"about":[{"href":"https:\/\/www.sendblaster.com\/it\/wp-json\/wp\/v2\/types\/page"}],"author":[{"embeddable":true,"href":"https:\/\/www.sendblaster.com\/it\/wp-json\/wp\/v2\/users\/1"}],"replies":[{"embeddable":true,"href":"https:\/\/www.sendblaster.com\/it\/wp-json\/wp\/v2\/comments?post=810"}],"version-history":[{"count":2,"href":"https:\/\/www.sendblaster.com\/it\/wp-json\/wp\/v2\/pages\/810\/revisions"}],"predecessor-version":[{"id":812,"href":"https:\/\/www.sendblaster.com\/it\/wp-json\/wp\/v2\/pages\/810\/revisions\/812"}],"wp:attachment":[{"href":"https:\/\/www.sendblaster.com\/it\/wp-json\/wp\/v2\/media?parent=810"}],"curies":[{"name":"wp","href":"https:\/\/api.w.org\/{rel}","templated":true}]}}