{"id":800,"date":"2018-04-30T07:15:32","date_gmt":"2018-04-30T07:15:32","guid":{"rendered":"https:\/\/www.sendblaster.com\/wpnew-2018\/?page_id=800"},"modified":"2018-07-09T10:30:59","modified_gmt":"2018-07-09T10:30:59","slug":"le-novita-di-sendblaster-4","status":"publish","type":"page","link":"https:\/\/www.sendblaster.com\/it\/le-novita-di-sendblaster-4\/","title":{"rendered":"Le novit\u00e0 di SendBlaster"},"content":{"rendered":"<p style=\"text-align: center;\">Scopri le nuove funzionalit\u00e0 della nuova release 4 di SendBlaster. La creazione di un template per la tua email, la gestione delle liste e l&#8217;invio della tua newsletter saranno ancora pi\u00f9 semplici ed efficaci!<\/p>\n<p style=\"text-align: center; margin-bottom: 0px;\"><a href=\"https:\/\/www.sendblaster.com\/it\/scarica-programma-email-marketing\" title=\"Scarica gratis SendBlaster\" class=\"download-cta\">Scarica Gratis<\/a><a href=\"https:\/\/www.sendblaster.com\/it\/compra\" title=\"Acquista subito SendBlaster Pro\" class=\"buy-cta\">Acquista SendBlaster Pro<\/a><\/p>\n<p>&nbsp;<\/p>\n<div id=\"\" class=\"g1-section gb-container flex\"  style=\"background-repeat:no-repeat; background-position:left top; background-attachment:static; padding-bottom:0px; padding-top:0px;\"><div class=\"g1-layout-inner\">\n<ul class=\"g1-grid\"><li class=\"g1-column g1-one-third g1-valign-top\"><br \/>\n<div id=\"\" class=\"g1-box g1-box--solid feature g1-box--icon\" ><i class=\"fa fa-desktop g1-box__icon\"><\/i><div class=\"g1-box__inner\">\n<h3>Una nuova interfaccia<\/h3>\n<p>Il potenziamento della user experience nella Versione 4 rende SendBlaster estremamente moderno, grazie ad un design intuitivo e semplice, perfettamente compatibile con Windows 10 e tutte le precedenti versioni del sistema operativo.<\/p>\n<\/div><\/div><\/li><!-- -->\n<li class=\"g1-column g1-one-third g1-valign-top\"><br \/>\n<div id=\"\" class=\"g1-box g1-box--solid feature g1-box--icon\" ><i class=\"fa fa-code g1-box__icon\"><\/i><div class=\"g1-box__inner\">\n<h3>Nuovo motore HTML<\/h3>\n<p>Il nuovo motore HTML \u00e8 stato fortemente migliorato e potenziato per permetterti solo risultati eccellenti nella renderizzazione del codice oltre alla garanzia della completa conformit\u00e0 con tutti gli standard pi\u00f9 recenti.<\/p>\n<\/div><\/div><\/li><!-- -->\n<li class=\"g1-column g1-one-third g1-valign-top\"><br \/>\n<div id=\"\" class=\"g1-box g1-box--solid feature g1-box--icon\" ><i class=\"fa fa-cubes g1-box__icon\"><\/i><div class=\"g1-box__inner\">\n<h3>Segmenta le liste<\/h3>\n<p>Oltre al normale strumento di creazione Liste, da oggi puoi suddividere le stesse e selezionare sotto-segmenti per invii mirati. Una funzione semplice e veloce per farti risparmiare tempo e avere sempre tutto organizzato.<\/p>\n<\/div><\/div><\/li><!-- --><\/ul>\n<ul class=\"g1-grid\"><li class=\"g1-column g1-one-third g1-valign-top\"><br \/>\n<div id=\"\" class=\"g1-box g1-box--solid feature g1-box--icon\" ><i class=\"fa fa-image g1-box__icon\"><\/i><div class=\"g1-box__inner\">\n<h3>Disiscrizione incrociata<\/h3>\n<p>Se gestisci molteplici liste con alcuni contatti in comune potresti ritrovarti ad avere utenti disiscritti in una lista, ma ancora presenti nelle altre; grazie alla disiscrizione incrociata, puoi rimuoverli da tutte le liste con un unico click.<\/p>\n<\/div><\/div><\/li><!-- -->\n<li class=\"g1-column g1-one-third g1-valign-top\"><br \/>\n<div id=\"\" class=\"g1-box g1-box--solid feature g1-box--icon\" ><i class=\"fa fa-times-circle g1-box__icon\"><\/i><div class=\"g1-box__inner\">\n<h3>Filtri per le immagini<\/h3>\n<p>Non avrai pi\u00f9 bisogno di esportare le tue immagini e modificarle con programmi esterni. Grazie ai nuovi tool del Visual Editor selezioni l\u2019immagine che desideri editare, applichi bellissimi filtri ed effetti e vedi il risultato in tempo reale.<\/p>\n<\/div><\/div><\/li><!-- -->\n<li class=\"g1-column g1-one-third g1-valign-top\"><br \/>\n<div id=\"\" class=\"g1-box g1-box--solid feature g1-box--icon\" ><i class=\"fa fa-list-alt g1-box__icon\"><\/i><div class=\"g1-box__inner\">\n<h3>Funzione Follow Up<\/h3>\n<p>Con un solo click ritrovi e selezioni nelle tue liste i contatti che hanno gi\u00e0 ricevuto il tuo mailing ed avrai la sicurezza di fare sempre un corretto follow up dei clienti, elemento cruciale di un email marketing efficace.<\/p>\n<\/div><\/div><\/li><!-- --><\/ul>\n<ul class=\"g1-grid\"><li class=\"g1-column g1-one-third g1-valign-top\"><br \/>\n<div id=\"\" class=\"g1-box g1-box--solid feature g1-box--icon\" ><i class=\"fa fa-database g1-box__icon\"><\/i><div class=\"g1-box__inner\">\n<h3>Manutenzione del Database<\/h3>\n<p>Grazie ad una periodica manutenzione, Sendblaster ottimizza le dimensioni e le performance del tuo database, assicurandoti sempre velocit\u00e0, efficienza e soprattutto la costante protezione dei tuoi dati.<\/p>\n<\/div><\/div><\/li><!-- -->\n<li class=\"g1-column g1-one-third g1-valign-top\"><br \/>\n<div id=\"\" class=\"g1-box g1-box--solid feature g1-box--icon\" ><i class=\"fa fa-paperclip g1-box__icon\"><\/i><div class=\"g1-box__inner\">\n<h3>Un Editor integrato e completo<\/h3>\n<p>Con SendBlaster avrai a disposizione anche MailStyler, un fantastico editor per creare template dal design funzionale, responsive e compatibile con tutti i Client di posta: scopri quant\u2019\u00e8 semplice ma allo stesso tempo ricco di funzioni!<\/p>\n<\/div><\/div><\/li><!-- --><\/ul>\n<p>&nbsp;<\/p>\n<h2 class=\"features-title\"><span>Altre novit\u00e0 nella nuova versione 4<\/span><\/h2>\n<p>&nbsp;<br \/>\n<ul class=\"g1-grid\"><li class=\"g1-column g1-one-third g1-valign-top\"><br \/>\n<div id=\"\" class=\"g1-box g1-box--solid feature g1-box--noicon\" ><div class=\"g1-box__inner\">\n<h3>Aggiungi la funzione Calendario<\/h3>\n<p>Rendi il tuo email marketing pi\u00f9 efficace: con SendBlaster puoi creare un evento ed aggiungerlo alla tua newsletter come allegato iCalendar; quando l\u2019utente lo apre, l\u2019evento viene automaticamente aggiunto al suo calendario.<\/p>\n<\/div><\/div><\/li><!-- --><\/p>\n<li class=\"g1-column g1-one-third g1-valign-top\"><br \/>\n<div id=\"\" class=\"g1-box g1-box--solid feature g1-box--noicon\" ><div class=\"g1-box__inner\">\n<h3>Integrazione con JotForm<\/h3>\n<p>Grazie all\u2019integrazione con JotForm, la popolare piattaforma per la creazione di form integrabili con i gestionali, puoi importare le iscrizioni e cancellazioni dal tuo account JotForm, semplicemente inserendo le tue credenziali.<\/p>\n<\/div><\/div><\/li><!-- -->\n<li class=\"g1-column g1-one-third g1-valign-top\"><br \/>\n<div id=\"\" class=\"g1-box g1-box--solid feature g1-box--noicon\" ><div class=\"g1-box__inner\">\n<h3>Velocit\u00e0 senza Paragoni<\/h3>\n<p>SendBlaster supporta fino a 100 connessioni, grazie ad una piattaforma high-end professionale grazie alla quale migliorer\u00e0 incredibilmente la velocit\u00e0 dei vostri invii sia che usiate un server SMTP in remoto o locale.<\/p>\n<\/div><\/div><\/li><!-- --><\/ul>\n<ul class=\"g1-grid\"><li class=\"g1-column g1-one-third g1-valign-top\"><br \/>\n<div id=\"\" class=\"g1-box g1-box--solid feature g1-box--noicon\" ><div class=\"g1-box__inner\">\n<h3>Opzione \u201cHTML Editor Mode\u201d<\/h3>\n<p>Se sei un webmaster o designer esperto puoi scegliere di lavorare direttamente sull\u2019HTML, aprendo tutti i documenti in modalit\u00e0 \u201csorgente\u201d e potendo cos\u00ec editare a tuo piacimento il codice in ogni sua parte. <\/p>\n<\/div><\/div><\/li><!-- -->\n<li class=\"g1-column g1-one-third g1-valign-top\"><br \/>\n<div id=\"\" class=\"g1-box g1-box--solid feature g1-box--noicon\" ><div class=\"g1-box__inner\">\n<h3>Spedisci ai nuovi contatti<\/h3>\n<p>SendBlaster ti garantisce una gestione intelligente del tuo email marketing: tutti i contatti inclusi in un precedente invio possono essere momentaneamente disabilitati dalla lista aggiornata; in questo modo spedirai la tua email solo a chi non l\u2019ha ancora ricevuta.<\/p>\n<\/div><\/div><\/li><!-- -->\n<li class=\"g1-column g1-one-third g1-valign-top\"><br \/>\n<div id=\"\" class=\"g1-box g1-box--solid feature g1-box--noicon\" ><div class=\"g1-box__inner\">\n<h3>Salva le email in entrata Localmente<\/h3>\n<p>Le regole anti-spam ti obbligano a conservare una prova a lungo termine delle tue iscrizioni: SendBlaster 4 ti viene incontro, salvando le tue email di iscrizione in locale. All\u2019occorrenza puoi salvare anche le email di cancellazione e bounce per un bisogno futuro.<\/p>\n<\/div><\/div><\/li><!-- --><\/ul>\n<ul class=\"g1-grid\"><li class=\"g1-column g1-one-third g1-valign-top\"><br \/>\n<div id=\"\" class=\"g1-box g1-box--solid feature g1-box--noicon\" ><div class=\"g1-box__inner\">\n<h3>1&#215;1 Pixels Tracking<\/h3>\n<p>Questo innovativo sistema di tracking inserisce un&#8217;immagine di 1&#215;1 px, quasi invisibile, all\u2019interno della tua email. L&#8217;immagine che &#8220;risiede&#8221; nel server di TrackReports riesce cos\u00ec a registrare quante volte il messaggio \u00e8 stato scaricato senza appesantirlo.<\/p>\n<\/div><\/div><\/li><!-- -->\n<li class=\"g1-column g1-one-third g1-valign-top\"><br \/>\n<div id=\"\" class=\"g1-box g1-box--solid feature g1-box--noicon\" ><div class=\"g1-box__inner\">\n<h3>Potenziamenti ad ogni aggiornamento<\/h3>\n<p>La nuova versione del software \u00e8 capace di elaborare in poco tempo grandi quantit\u00e0 di bounce e cancellazioni oltre ad avere nuovissime opzioni al momento della sottoscrizione, un supporto per i commenti condizionali nel codice e una tastiera shourtcuts per la ricerca.<\/p>\n<\/div><\/div><\/li><!-- -->\n<li class=\"g1-column g1-one-third g1-valign-top\"><br \/>\n<div id=\"\" class=\"g1-box g1-box--solid feature g1-box--noicon\" ><div class=\"g1-box__inner\">\n<h3>Nuovi modelli<\/h3>\n<p>SendBlaster 4 include oltre 60 nuovi template responsive, per un totale di 150 template in SendBlaster FREE e ben 230 nella versione PRO.<\/p>\n<\/div><\/div><\/li><!-- --><\/ul>\n<\/div><\/div>\n","protected":false},"excerpt":{"rendered":"<p>Scopri le nuove funzionalit\u00e0 della nuova release 4 di SendBlaster. La creazione di un template per la tua email, la gestione delle liste e l&#8217;invio della tua newsletter saranno ancora pi\u00f9 semplici ed efficaci! &nbsp; <\/p>\n<p class=\"read-more-container\"><a class=\"button read-more\" href=\"https:\/\/www.sendblaster.com\/it\/le-novita-di-sendblaster-4\/\" title=\"\">Continua a leggere<\/a><\/p>\n","protected":false},"author":1,"featured_media":0,"parent":0,"menu_order":0,"comment_status":"closed","ping_status":"closed","template":"","meta":{"_monsterinsights_skip_tracking":false,"_monsterinsights_sitenote_active":false,"_monsterinsights_sitenote_note":"","_monsterinsights_sitenote_category":0,"footnotes":""},"class_list":["post-800","page","type-page","status-publish"],"yoast_head":"<!-- This site is optimized with the Yoast SEO plugin v23.5 - https:\/\/yoast.com\/wordpress\/plugins\/seo\/ -->\n<title>Le novit\u00e0 di SendBlaster - SendBlaster programma email marketing<\/title>\n<meta name=\"description\" content=\"SendBlaster programma email marketing Le novit\u00e0 di SendBlaster Scopri le nuove funzionalit\u00e0 della nuova release 4 di SendBlaster. La creazione di un template per la tua email, la gestione delle liste e l&#039;invio della\" \/>\n<meta name=\"robots\" content=\"index, follow, max-snippet:-1, max-image-preview:large, max-video-preview:-1\" \/>\n<link rel=\"canonical\" href=\"https:\/\/www.sendblaster.com\/it\/le-novita-di-sendblaster-4\/\" \/>\n<meta property=\"og:locale\" content=\"it_IT\" \/>\n<meta property=\"og:type\" content=\"article\" \/>\n<meta property=\"og:title\" content=\"Le novit\u00e0 di SendBlaster - SendBlaster programma email marketing\" \/>\n<meta property=\"og:description\" content=\"SendBlaster programma email marketing Le novit\u00e0 di SendBlaster Scopri le nuove funzionalit\u00e0 della nuova release 4 di SendBlaster. La creazione di un template per la tua email, la gestione delle liste e l&#039;invio della\" \/>\n<meta property=\"og:url\" content=\"https:\/\/www.sendblaster.com\/it\/le-novita-di-sendblaster-4\/\" \/>\n<meta property=\"og:site_name\" content=\"SendBlaster programma email marketing\" \/>\n<meta property=\"article:modified_time\" content=\"2018-07-09T10:30:59+00:00\" \/>\n<meta name=\"twitter:card\" content=\"summary_large_image\" \/>\n<meta name=\"twitter:label1\" content=\"Tempo di lettura stimato\" \/>\n\t<meta name=\"twitter:data1\" content=\"5 minuti\" \/>\n<script type=\"application\/ld+json\" class=\"yoast-schema-graph\">{\"@context\":\"https:\/\/schema.org\",\"@graph\":[{\"@type\":\"WebPage\",\"@id\":\"https:\/\/www.sendblaster.com\/it\/le-novita-di-sendblaster-4\/\",\"url\":\"https:\/\/www.sendblaster.com\/it\/le-novita-di-sendblaster-4\/\",\"name\":\"Le novit\u00e0 di SendBlaster - SendBlaster programma email marketing\",\"isPartOf\":{\"@id\":\"https:\/\/www.sendblaster.com\/#website\"},\"datePublished\":\"2018-04-30T07:15:32+00:00\",\"dateModified\":\"2018-07-09T10:30:59+00:00\",\"description\":\"SendBlaster programma email marketing Le novit\u00e0 di SendBlaster Scopri le nuove funzionalit\u00e0 della nuova release 4 di SendBlaster. La creazione di un template per la tua email, la gestione delle liste e l'invio della\",\"breadcrumb\":{\"@id\":\"https:\/\/www.sendblaster.com\/it\/le-novita-di-sendblaster-4\/#breadcrumb\"},\"inLanguage\":\"it-IT\",\"potentialAction\":[{\"@type\":\"ReadAction\",\"target\":[\"https:\/\/www.sendblaster.com\/it\/le-novita-di-sendblaster-4\/\"]}]},{\"@type\":\"BreadcrumbList\",\"@id\":\"https:\/\/www.sendblaster.com\/it\/le-novita-di-sendblaster-4\/#breadcrumb\",\"itemListElement\":[{\"@type\":\"ListItem\",\"position\":1,\"name\":\"Home\",\"item\":\"https:\/\/www.sendblaster.com\/it\/\"},{\"@type\":\"ListItem\",\"position\":2,\"name\":\"Le novit\u00e0 di SendBlaster\"}]},{\"@type\":\"WebSite\",\"@id\":\"https:\/\/www.sendblaster.com\/#website\",\"url\":\"https:\/\/www.sendblaster.com\/\",\"name\":\"SendBlaster programma email marketing\",\"description\":\"\",\"publisher\":{\"@id\":\"https:\/\/www.sendblaster.com\/#organization\"},\"potentialAction\":[{\"@type\":\"SearchAction\",\"target\":{\"@type\":\"EntryPoint\",\"urlTemplate\":\"https:\/\/www.sendblaster.com\/?s={search_term_string}\"},\"query-input\":{\"@type\":\"PropertyValueSpecification\",\"valueRequired\":true,\"valueName\":\"search_term_string\"}}],\"inLanguage\":\"it-IT\"},{\"@type\":\"Organization\",\"@id\":\"https:\/\/www.sendblaster.com\/#organization\",\"name\":\"SendBlaster programma email marketing\",\"url\":\"https:\/\/www.sendblaster.com\/\",\"logo\":{\"@type\":\"ImageObject\",\"inLanguage\":\"it-IT\",\"@id\":\"https:\/\/www.sendblaster.com\/#\/schema\/logo\/image\/\",\"url\":\"https:\/\/www.sendblaster.com\/wp-content\/uploads\/2021\/09\/logo-svg-2021.svg\",\"contentUrl\":\"https:\/\/www.sendblaster.com\/wp-content\/uploads\/2021\/09\/logo-svg-2021.svg\",\"width\":350,\"height\":70,\"caption\":\"SendBlaster programma email marketing\"},\"image\":{\"@id\":\"https:\/\/www.sendblaster.com\/#\/schema\/logo\/image\/\"}}]}<\/script>\n<!-- \/ Yoast SEO plugin. -->","yoast_head_json":{"title":"Le novit\u00e0 di SendBlaster - SendBlaster programma email marketing","description":"SendBlaster programma email marketing Le novit\u00e0 di SendBlaster Scopri le nuove funzionalit\u00e0 della nuova release 4 di SendBlaster. La creazione di un template per la tua email, la gestione delle liste e l'invio della","robots":{"index":"index","follow":"follow","max-snippet":"max-snippet:-1","max-image-preview":"max-image-preview:large","max-video-preview":"max-video-preview:-1"},"canonical":"https:\/\/www.sendblaster.com\/it\/le-novita-di-sendblaster-4\/","og_locale":"it_IT","og_type":"article","og_title":"Le novit\u00e0 di SendBlaster - SendBlaster programma email marketing","og_description":"SendBlaster programma email marketing Le novit\u00e0 di SendBlaster Scopri le nuove funzionalit\u00e0 della nuova release 4 di SendBlaster. La creazione di un template per la tua email, la gestione delle liste e l'invio della","og_url":"https:\/\/www.sendblaster.com\/it\/le-novita-di-sendblaster-4\/","og_site_name":"SendBlaster programma email marketing","article_modified_time":"2018-07-09T10:30:59+00:00","twitter_card":"summary_large_image","twitter_misc":{"Tempo di lettura stimato":"5 minuti"},"schema":{"@context":"https:\/\/schema.org","@graph":[{"@type":"WebPage","@id":"https:\/\/www.sendblaster.com\/it\/le-novita-di-sendblaster-4\/","url":"https:\/\/www.sendblaster.com\/it\/le-novita-di-sendblaster-4\/","name":"Le novit\u00e0 di SendBlaster - SendBlaster programma email marketing","isPartOf":{"@id":"https:\/\/www.sendblaster.com\/#website"},"datePublished":"2018-04-30T07:15:32+00:00","dateModified":"2018-07-09T10:30:59+00:00","description":"SendBlaster programma email marketing Le novit\u00e0 di SendBlaster Scopri le nuove funzionalit\u00e0 della nuova release 4 di SendBlaster. La creazione di un template per la tua email, la gestione delle liste e l'invio della","breadcrumb":{"@id":"https:\/\/www.sendblaster.com\/it\/le-novita-di-sendblaster-4\/#breadcrumb"},"inLanguage":"it-IT","potentialAction":[{"@type":"ReadAction","target":["https:\/\/www.sendblaster.com\/it\/le-novita-di-sendblaster-4\/"]}]},{"@type":"BreadcrumbList","@id":"https:\/\/www.sendblaster.com\/it\/le-novita-di-sendblaster-4\/#breadcrumb","itemListElement":[{"@type":"ListItem","position":1,"name":"Home","item":"https:\/\/www.sendblaster.com\/it\/"},{"@type":"ListItem","position":2,"name":"Le novit\u00e0 di SendBlaster"}]},{"@type":"WebSite","@id":"https:\/\/www.sendblaster.com\/#website","url":"https:\/\/www.sendblaster.com\/","name":"SendBlaster programma email marketing","description":"","publisher":{"@id":"https:\/\/www.sendblaster.com\/#organization"},"potentialAction":[{"@type":"SearchAction","target":{"@type":"EntryPoint","urlTemplate":"https:\/\/www.sendblaster.com\/?s={search_term_string}"},"query-input":{"@type":"PropertyValueSpecification","valueRequired":true,"valueName":"search_term_string"}}],"inLanguage":"it-IT"},{"@type":"Organization","@id":"https:\/\/www.sendblaster.com\/#organization","name":"SendBlaster programma email marketing","url":"https:\/\/www.sendblaster.com\/","logo":{"@type":"ImageObject","inLanguage":"it-IT","@id":"https:\/\/www.sendblaster.com\/#\/schema\/logo\/image\/","url":"https:\/\/www.sendblaster.com\/wp-content\/uploads\/2021\/09\/logo-svg-2021.svg","contentUrl":"https:\/\/www.sendblaster.com\/wp-content\/uploads\/2021\/09\/logo-svg-2021.svg","width":350,"height":70,"caption":"SendBlaster programma email marketing"},"image":{"@id":"https:\/\/www.sendblaster.com\/#\/schema\/logo\/image\/"}}]}},"_links":{"self":[{"href":"https:\/\/www.sendblaster.com\/it\/wp-json\/wp\/v2\/pages\/800"}],"collection":[{"href":"https:\/\/www.sendblaster.com\/it\/wp-json\/wp\/v2\/pages"}],"about":[{"href":"https:\/\/www.sendblaster.com\/it\/wp-json\/wp\/v2\/types\/page"}],"author":[{"embeddable":true,"href":"https:\/\/www.sendblaster.com\/it\/wp-json\/wp\/v2\/users\/1"}],"replies":[{"embeddable":true,"href":"https:\/\/www.sendblaster.com\/it\/wp-json\/wp\/v2\/comments?post=800"}],"version-history":[{"count":2,"href":"https:\/\/www.sendblaster.com\/it\/wp-json\/wp\/v2\/pages\/800\/revisions"}],"predecessor-version":[{"id":3388,"href":"https:\/\/www.sendblaster.com\/it\/wp-json\/wp\/v2\/pages\/800\/revisions\/3388"}],"wp:attachment":[{"href":"https:\/\/www.sendblaster.com\/it\/wp-json\/wp\/v2\/media?parent=800"}],"curies":[{"name":"wp","href":"https:\/\/api.w.org\/{rel}","templated":true}]}}