{"id":6038,"date":"2022-01-04T10:13:42","date_gmt":"2022-01-04T10:13:42","guid":{"rendered":"https:\/\/www.sendblaster.com\/?page_id=6038"},"modified":"2022-01-04T10:35:00","modified_gmt":"2022-01-04T10:35:00","slug":"come-migliorare-la-seo-con-email-marketing","status":"publish","type":"page","link":"https:\/\/www.sendblaster.com\/it\/come-migliorare-la-seo-con-email-marketing\/","title":{"rendered":"Come migliorare la SEO con l&#8217;email marketing"},"content":{"rendered":"<div class=\"gb-container gb-container-aad149d1\"><div class=\"gb-inside-container\">\n\n<h1 class=\"title-low-bottom has-base-3-color has-text-color wp-block-heading\">Come migliorare la SEO con l&#8217;email marketing<\/h1>\n\n\n\n<h2 class=\"has-base-3-color has-text-color wp-block-heading\" style=\"font-size:22px\">3 semplici modi per aumentare le metriche SEO sfruttando la tua mail se sei alle prime armi.<\/h2>\n\n<\/div><\/div>\n\n<div class=\"gb-container gb-container-4a837712\"><div class=\"gb-inside-container\">\n\n<div class=\"wp-block-image\"><figure class=\"aligncenter size-full\"><img decoding=\"async\" width=\"960\" height=\"380\" src=\"https:\/\/www.sendblaster.com\/wp-content\/uploads\/2022\/01\/come-migliorare-la-seo-con-mail-marketing.jpg\" alt=\"Come migliorare la SEO con l'email marketing\" class=\"wp-image-6062\" srcset=\"https:\/\/www.sendblaster.com\/wp-content\/uploads\/2022\/01\/come-migliorare-la-seo-con-mail-marketing.jpg 960w, https:\/\/www.sendblaster.com\/wp-content\/uploads\/2022\/01\/come-migliorare-la-seo-con-mail-marketing-300x119.jpg 300w, https:\/\/www.sendblaster.com\/wp-content\/uploads\/2022\/01\/come-migliorare-la-seo-con-mail-marketing-768x304.jpg 768w\" sizes=\"(max-width: 960px) 100vw, 960px\" \/><\/figure><\/div>\n\n<\/div><\/div>\n\n<div class=\"gb-container gb-container-c499bcac\"><div class=\"gb-inside-container\">\n\n<p>Nel mondo del web marketing, SEO ed email possono risultare molto efficaci e ti sar\u00e0 capitato spesso di leggerne in racconti che trattavano queste due discipline come strategie di marketing digitale separate.&nbsp;<\/p>\n\n\n\n<p>Nel marasma d\u2019informazioni disponibili sul web per i marketers alle prime armi \u00e8 difficile capire su quale dei due concentrarsi per primo. La buona notizia, invece, \u00e8 che potrebbe essere una buona (leggi ottima) idea sfruttare una combinazione di entrambi in favore dei tuoi prossimi progetti.<\/p>\n\n\n\n<p>Se non hai mai pensato a evocare la <strong>speciale sinergia tra SEO ed e-mail marketing<\/strong> \u00e8 probabile che tu e il tuo business vi stiate lasciando alle spalle un&#8217;enorme opportunit\u00e0 che faresti bene, invece, a mantenere stretta tra le tue direttive top of mind.<\/p>\n\n\n\n<p>In questo blog post faremo il punto su due importanti use-case finalizzati all&#8217;ottenimento di un buon posizionamento sui motori di ricerca, sfruttando appunto la newsletter come testa d&#8217;ariete utile alla generazione di segnali capaci d&#8217;impattare positivamente sul ranking.<\/p>\n\n<\/div><\/div>\n\n<div class=\"gb-container gb-container-039c4554\"><div class=\"gb-inside-container\">\n\n<hr class=\"wp-block-separator has-text-color has-background has-base-background-color has-base-color is-style-wide\"\/>\n\n<\/div><\/div>\n\n<div class=\"gb-container gb-container-72d64b2b\"><div class=\"gb-inside-container\">\n\n<h2 class=\"wp-block-heading\">Newsletter, SEO &amp; segnali on-page<\/h2>\n\n\n\n<p>Quando crei contenuti eccellenti, vuoi che le persone li leggano e, per fare questo, pu\u00f2 certamente essere di grande aiuto poter inviare le tue ultime notizie a liste di persone abbonate, specie quando si ha l\u2019obiettivo di migliorare la visualizzazione dei contenuti attirando pi\u00f9 visitatori sul sito.&nbsp;<\/p>\n\n\n\n<p>Una volta&nbsp; pronti, ti baster\u00e0 condividere con gli iscritti alla newsletter un aggiornamento con il link dei tuoi contenuti, invitandoli a controllare per saperne di pi\u00f9.<br>Ecco spuntare con un solo click ottimi presupposti per aumentare il traffico sul sito, guadagnando peraltro anche sul fronte delle metriche on-page.<\/p>\n\n\n\n<p>Avere una lista di persone iscritte alla newsletter \u00e8 molto utile sotto diversi aspetti. Senza contare che gli iscritti sono gi\u00e0 interessati al business, e dunque propensi a trascorrere pi\u00f9 tempo a leggere, tutti ottimi segnali che analytics non tarder\u00e0 a interpretare positivamente.&nbsp;<\/p>\n\n\n\n<p>A differenza del passato, infatti, \u00e8 risaputo che quanto accade sulle pagine in termini d&#8217;esperienza utente incide direttamente su ranking e SEO. Elementi quali internal CTR, tempo di permanenza sulla pagina, scroll ecc., sono infatti perfettamente in grado di segnalare a Google <a href=\"https:\/\/yoast.com\/what-are-user-signals\/\" rel=\"nofollow noreferrer noopener\" title=\"Approfondimento su SEO Basics\">quanto la pagina possa essere efficace in termini di engagement<\/a>.&nbsp;<\/p>\n\n\n\n<p>Ma non \u00e8 tutto perch\u00e9, grazie a un minimo d\u2019ottimizzazione, si potranno ottenere anche altri importanti segnali come condivisioni sui social e commenti in pagina. Comportamenti potenzialmente capaci di moltiplicare la diffusione dei contenuti impattando con efficacia sulle performance in termini di ranking su Google.<\/p>\n\n<\/div><\/div>\n\n<div class=\"gb-container gb-container-95134a4d\"><div class=\"gb-inside-container\">\n\n<hr class=\"wp-block-separator has-text-color has-background has-base-background-color has-base-color is-style-wide\"\/>\n\n<\/div><\/div>\n\n<div class=\"gb-container gb-container-e99e1129\"><div class=\"gb-inside-container\">\n\n<h2 class=\"wp-block-heading\">Il ruolo della Newsletter nel processo d\u2019acquisizione di backlinks<\/h2>\n\n\n\n<p>Oltre a condividere i tuoi contenuti con i tuoi iscritti, auspicandone la lettura, puoi anche utilizzare le e-mail per raggiungere gli obiettivi di link building.<\/p>\n\n\n\n<p>I backlink sono link che puntano alla tua pagina da altri siti. Di solito si guadagnano tramite la condivisione con siti operanti nella propria nicchia o attraverso societ\u00e0 e <a href=\"https:\/\/www.roberto-serra.com\/5-opportunita-del-mio-servizio-di-link-building\/\" title=\"Servizi di link building\">freelancer che offrono un servizio di link building<\/a>.<\/p>\n\n\n\n<p>Quando guadagni backlink, aumenti la credibilit\u00e0 del tuo sito web. Il motivo \u00e8 presto detto: Google si fida dei siti autorevoli e, se vede che questi si collegano ai tuoi contenuti, valuter\u00e0 come maggiormente autorevole anche il tuo sito web.<\/p>\n\n\n\n<p>Un ottimo modo, troppo spesso inutilizzato, per acquisire nuovi link in ingresso sfruttando la mailing list \u00e8 quello di <strong>chiedere esplicitamente agli iscritti di citare il contenuto nei loro siti<\/strong>, magari motivandoli a farlo in cambio di un lead magnet come un ebook, uno sconto su un corso, un&#8217;ora di consulenza gratuita e cos\u00ec via.&nbsp;Quello che \u00e8 importante capire \u00e8 che, a differenza di quanto accade fuori dalla tua casella di posta elettronica, <strong>la soglia d&#8217;attenzione delle persone che leggono attivamente la newsletter<\/strong> \u00e8 ancora molto alta, e mai come oggi questo pu\u00f2 avere un impatto positivo sulla richiesta strategica di backlink.<\/p>\n\n<\/div><\/div>\n\n<div class=\"gb-container gb-container-a7e1ddd0\"><div class=\"gb-inside-container\">\n\n<hr class=\"wp-block-separator has-text-color has-background has-base-background-color has-base-color is-style-wide\"\/>\n\n<\/div><\/div>\n\n<div class=\"gb-container gb-container-baabd2b3\"><div class=\"gb-inside-container\">\n\n<h2 class=\"wp-block-heading\">Email marketing e SEO: in conclusione? Tantissimo potenziale.<\/h2>\n\n\n\n<p>C&#8217;\u00e8 molto potenziale sia nella SEO che nell&#8217;e-mail marketing, ma i migliori risultati arriveranno per certo imparando a combinare le due cose. Tutto, dal tono al formato scelto, infatti, potrebbe tradursi positivamente da un canale all&#8217;altro.<\/p>\n\n\n\n<p>Visto il potenziale dei motori di ricerca e delle caselle di posta, dovresti puntare ad avere successo in entrambi i canali.&nbsp;<\/p>\n\n\n\n<p>Se vuoi iniziare con il piede giusto, per\u00f2, ricorda:&nbsp;<\/p>\n\n\n\n<ul class=\"wp-block-list\"><li>Cerca di semplificare e integrare una linea editoriale uniforme sia nelle e-mail che sui contenuti web.&nbsp;<\/li><li>Misura il tuo successo creando una campagna di e-mail marketing che ti permetta di confrontare i risultati nel tempo.&nbsp;<\/li><li>Usa le parole chiave&nbsp; per sviluppare idee di argomenti utili per i tuoi blog post, ma sempre con un occhio di riguardo verso le tue future campagne e-mail.<\/li><\/ul>\n\n\n\n<p>Il modo migliore per ottenere il massimo dai tuoi strumenti di marketing digitale? SEO ed e-mail marketing possono fornire grandi risultati da soli, ma niente batte la sinergia che hanno insieme.<\/p>\n\n<\/div><\/div>\n\n<div class=\"gb-container gb-container-0128e57f\"><div class=\"gb-inside-container\">\n\n<hr class=\"wp-block-separator has-text-color has-background has-base-background-color has-base-color is-style-wide\"\/>\n\n<\/div><\/div>\n\n<div class=\"gb-container gb-container-cd3f81fa\"><div class=\"gb-inside-container\">\n\n<h2 class=\"wp-block-heading\">TakeAway<\/h2>\n\n\n\n<p>Inviando loro contenuti rilevanti e di alta qualit\u00e0, l&#8217;e-mail marketing alimenta una relazione diretta con i clienti (anche quelli potenziali),.&nbsp;<\/p>\n\n\n\n<p>Grazie a quest&#8217;ottimo presupposto \u00e8 facile comprendere come, attraverso un&#8217;efficace strategia, si possano convertire in acquirenti, costruire relazioni a lungo termine e portare traffico di alta qualit\u00e0 al sito web.<\/p>\n\n\n\n<p>Il traffico di alta qualit\u00e0 &#8211; merce rara di questi tempi \u2013 ha il vantaggio di essere costituito da persone predisposte a seguire un invito all&#8217;azione (CTA). Un abbonato alla newsletter ha sempre ottime possibilit\u00e0 di aprire un link indirizzato verso l&#8217;articolo.<\/p>\n\n\n\n<p>Anche se i motori di ricerca non scansionano o indicizzano la posta che inviamo, l&#8217;e-mail marketing offre grandi possibilit\u00e0 di miglioramento del posizionamento dei siti web perch\u00e9 incoraggia&nbsp; comportamenti come le&nbsp; condivisioni, i commenti, i \u2018Mi piace\u2019 e la navigazione verso altre pagine web.<\/p>\n\n<\/div><\/div>","protected":false},"excerpt":{"rendered":"<p>Come migliorare la SEO con l&#8217;email marketing 3 semplici modi per aumentare le metriche SEO sfruttando la tua mail se sei alle prime armi. Nel mondo del web marketing, SEO ed email possono risultare molto efficaci e ti sar\u00e0 capitato <\/p>\n<p class=\"read-more-container\"><a class=\"button read-more\" href=\"https:\/\/www.sendblaster.com\/it\/come-migliorare-la-seo-con-email-marketing\/\" title=\"\">Continua a leggere<\/a><\/p>\n","protected":false},"author":1,"featured_media":0,"parent":0,"menu_order":0,"comment_status":"closed","ping_status":"closed","template":"","meta":{"_monsterinsights_skip_tracking":false,"_monsterinsights_sitenote_active":false,"_monsterinsights_sitenote_note":"","_monsterinsights_sitenote_category":0,"footnotes":""},"class_list":["post-6038","page","type-page","status-publish"],"yoast_head":"<!-- This site is optimized with the Yoast SEO plugin v23.5 - https:\/\/yoast.com\/wordpress\/plugins\/seo\/ -->\n<title>Come migliorare la SEO con l&#039;email marketing<\/title>\n<meta name=\"description\" content=\"Scopri 3 semplici modi per aumentare le metriche SEO sfruttando la tua mail se sei alle prime armi.\" \/>\n<meta name=\"robots\" content=\"index, follow, max-snippet:-1, max-image-preview:large, max-video-preview:-1\" \/>\n<link rel=\"canonical\" href=\"https:\/\/www.sendblaster.com\/it\/come-migliorare-la-seo-con-email-marketing\/\" \/>\n<meta property=\"og:locale\" content=\"it_IT\" \/>\n<meta property=\"og:type\" content=\"article\" \/>\n<meta property=\"og:title\" content=\"Come migliorare la SEO con l&#039;email marketing\" \/>\n<meta property=\"og:description\" content=\"Scopri 3 semplici modi per aumentare le metriche SEO sfruttando la tua mail se sei alle prime armi.\" \/>\n<meta property=\"og:url\" content=\"https:\/\/www.sendblaster.com\/it\/come-migliorare-la-seo-con-email-marketing\/\" \/>\n<meta property=\"og:site_name\" content=\"SendBlaster programma email marketing\" \/>\n<meta property=\"article:modified_time\" content=\"2022-01-04T10:35:00+00:00\" \/>\n<meta property=\"og:image\" content=\"https:\/\/www.sendblaster.com\/wp-content\/uploads\/2022\/01\/come-migliorare-la-seo-con-mail-marketing.jpg\" \/>\n<meta name=\"twitter:card\" content=\"summary_large_image\" \/>\n<meta name=\"twitter:label1\" content=\"Tempo di lettura stimato\" \/>\n\t<meta name=\"twitter:data1\" content=\"5 minuti\" \/>\n<script type=\"application\/ld+json\" class=\"yoast-schema-graph\">{\"@context\":\"https:\/\/schema.org\",\"@graph\":[{\"@type\":\"WebPage\",\"@id\":\"https:\/\/www.sendblaster.com\/it\/come-migliorare-la-seo-con-email-marketing\/\",\"url\":\"https:\/\/www.sendblaster.com\/it\/come-migliorare-la-seo-con-email-marketing\/\",\"name\":\"Come migliorare la SEO con l'email marketing\",\"isPartOf\":{\"@id\":\"https:\/\/www.sendblaster.com\/#website\"},\"primaryImageOfPage\":{\"@id\":\"https:\/\/www.sendblaster.com\/it\/come-migliorare-la-seo-con-email-marketing\/#primaryimage\"},\"image\":{\"@id\":\"https:\/\/www.sendblaster.com\/it\/come-migliorare-la-seo-con-email-marketing\/#primaryimage\"},\"thumbnailUrl\":\"https:\/\/www.sendblaster.com\/wp-content\/uploads\/2022\/01\/come-migliorare-la-seo-con-mail-marketing.jpg\",\"datePublished\":\"2022-01-04T10:13:42+00:00\",\"dateModified\":\"2022-01-04T10:35:00+00:00\",\"description\":\"Scopri 3 semplici modi per aumentare le metriche SEO sfruttando la tua mail se sei alle prime armi.\",\"breadcrumb\":{\"@id\":\"https:\/\/www.sendblaster.com\/it\/come-migliorare-la-seo-con-email-marketing\/#breadcrumb\"},\"inLanguage\":\"it-IT\",\"potentialAction\":[{\"@type\":\"ReadAction\",\"target\":[\"https:\/\/www.sendblaster.com\/it\/come-migliorare-la-seo-con-email-marketing\/\"]}]},{\"@type\":\"ImageObject\",\"inLanguage\":\"it-IT\",\"@id\":\"https:\/\/www.sendblaster.com\/it\/come-migliorare-la-seo-con-email-marketing\/#primaryimage\",\"url\":\"https:\/\/www.sendblaster.com\/wp-content\/uploads\/2022\/01\/come-migliorare-la-seo-con-mail-marketing.jpg\",\"contentUrl\":\"https:\/\/www.sendblaster.com\/wp-content\/uploads\/2022\/01\/come-migliorare-la-seo-con-mail-marketing.jpg\"},{\"@type\":\"BreadcrumbList\",\"@id\":\"https:\/\/www.sendblaster.com\/it\/come-migliorare-la-seo-con-email-marketing\/#breadcrumb\",\"itemListElement\":[{\"@type\":\"ListItem\",\"position\":1,\"name\":\"Home\",\"item\":\"https:\/\/www.sendblaster.com\/it\/\"},{\"@type\":\"ListItem\",\"position\":2,\"name\":\"Come migliorare la SEO con l&#8217;email marketing\"}]},{\"@type\":\"WebSite\",\"@id\":\"https:\/\/www.sendblaster.com\/#website\",\"url\":\"https:\/\/www.sendblaster.com\/\",\"name\":\"SendBlaster programma email marketing\",\"description\":\"\",\"publisher\":{\"@id\":\"https:\/\/www.sendblaster.com\/#organization\"},\"potentialAction\":[{\"@type\":\"SearchAction\",\"target\":{\"@type\":\"EntryPoint\",\"urlTemplate\":\"https:\/\/www.sendblaster.com\/?s={search_term_string}\"},\"query-input\":{\"@type\":\"PropertyValueSpecification\",\"valueRequired\":true,\"valueName\":\"search_term_string\"}}],\"inLanguage\":\"it-IT\"},{\"@type\":\"Organization\",\"@id\":\"https:\/\/www.sendblaster.com\/#organization\",\"name\":\"SendBlaster programma email marketing\",\"url\":\"https:\/\/www.sendblaster.com\/\",\"logo\":{\"@type\":\"ImageObject\",\"inLanguage\":\"it-IT\",\"@id\":\"https:\/\/www.sendblaster.com\/#\/schema\/logo\/image\/\",\"url\":\"https:\/\/www.sendblaster.com\/wp-content\/uploads\/2021\/09\/logo-svg-2021.svg\",\"contentUrl\":\"https:\/\/www.sendblaster.com\/wp-content\/uploads\/2021\/09\/logo-svg-2021.svg\",\"width\":350,\"height\":70,\"caption\":\"SendBlaster programma email marketing\"},\"image\":{\"@id\":\"https:\/\/www.sendblaster.com\/#\/schema\/logo\/image\/\"}}]}<\/script>\n<!-- \/ Yoast SEO plugin. -->","yoast_head_json":{"title":"Come migliorare la SEO con l'email marketing","description":"Scopri 3 semplici modi per aumentare le metriche SEO sfruttando la tua mail se sei alle prime armi.","robots":{"index":"index","follow":"follow","max-snippet":"max-snippet:-1","max-image-preview":"max-image-preview:large","max-video-preview":"max-video-preview:-1"},"canonical":"https:\/\/www.sendblaster.com\/it\/come-migliorare-la-seo-con-email-marketing\/","og_locale":"it_IT","og_type":"article","og_title":"Come migliorare la SEO con l'email marketing","og_description":"Scopri 3 semplici modi per aumentare le metriche SEO sfruttando la tua mail se sei alle prime armi.","og_url":"https:\/\/www.sendblaster.com\/it\/come-migliorare-la-seo-con-email-marketing\/","og_site_name":"SendBlaster programma email marketing","article_modified_time":"2022-01-04T10:35:00+00:00","og_image":[{"url":"https:\/\/www.sendblaster.com\/wp-content\/uploads\/2022\/01\/come-migliorare-la-seo-con-mail-marketing.jpg"}],"twitter_card":"summary_large_image","twitter_misc":{"Tempo di lettura stimato":"5 minuti"},"schema":{"@context":"https:\/\/schema.org","@graph":[{"@type":"WebPage","@id":"https:\/\/www.sendblaster.com\/it\/come-migliorare-la-seo-con-email-marketing\/","url":"https:\/\/www.sendblaster.com\/it\/come-migliorare-la-seo-con-email-marketing\/","name":"Come migliorare la SEO con l'email marketing","isPartOf":{"@id":"https:\/\/www.sendblaster.com\/#website"},"primaryImageOfPage":{"@id":"https:\/\/www.sendblaster.com\/it\/come-migliorare-la-seo-con-email-marketing\/#primaryimage"},"image":{"@id":"https:\/\/www.sendblaster.com\/it\/come-migliorare-la-seo-con-email-marketing\/#primaryimage"},"thumbnailUrl":"https:\/\/www.sendblaster.com\/wp-content\/uploads\/2022\/01\/come-migliorare-la-seo-con-mail-marketing.jpg","datePublished":"2022-01-04T10:13:42+00:00","dateModified":"2022-01-04T10:35:00+00:00","description":"Scopri 3 semplici modi per aumentare le metriche SEO sfruttando la tua mail se sei alle prime armi.","breadcrumb":{"@id":"https:\/\/www.sendblaster.com\/it\/come-migliorare-la-seo-con-email-marketing\/#breadcrumb"},"inLanguage":"it-IT","potentialAction":[{"@type":"ReadAction","target":["https:\/\/www.sendblaster.com\/it\/come-migliorare-la-seo-con-email-marketing\/"]}]},{"@type":"ImageObject","inLanguage":"it-IT","@id":"https:\/\/www.sendblaster.com\/it\/come-migliorare-la-seo-con-email-marketing\/#primaryimage","url":"https:\/\/www.sendblaster.com\/wp-content\/uploads\/2022\/01\/come-migliorare-la-seo-con-mail-marketing.jpg","contentUrl":"https:\/\/www.sendblaster.com\/wp-content\/uploads\/2022\/01\/come-migliorare-la-seo-con-mail-marketing.jpg"},{"@type":"BreadcrumbList","@id":"https:\/\/www.sendblaster.com\/it\/come-migliorare-la-seo-con-email-marketing\/#breadcrumb","itemListElement":[{"@type":"ListItem","position":1,"name":"Home","item":"https:\/\/www.sendblaster.com\/it\/"},{"@type":"ListItem","position":2,"name":"Come migliorare la SEO con l&#8217;email marketing"}]},{"@type":"WebSite","@id":"https:\/\/www.sendblaster.com\/#website","url":"https:\/\/www.sendblaster.com\/","name":"SendBlaster programma email marketing","description":"","publisher":{"@id":"https:\/\/www.sendblaster.com\/#organization"},"potentialAction":[{"@type":"SearchAction","target":{"@type":"EntryPoint","urlTemplate":"https:\/\/www.sendblaster.com\/?s={search_term_string}"},"query-input":{"@type":"PropertyValueSpecification","valueRequired":true,"valueName":"search_term_string"}}],"inLanguage":"it-IT"},{"@type":"Organization","@id":"https:\/\/www.sendblaster.com\/#organization","name":"SendBlaster programma email marketing","url":"https:\/\/www.sendblaster.com\/","logo":{"@type":"ImageObject","inLanguage":"it-IT","@id":"https:\/\/www.sendblaster.com\/#\/schema\/logo\/image\/","url":"https:\/\/www.sendblaster.com\/wp-content\/uploads\/2021\/09\/logo-svg-2021.svg","contentUrl":"https:\/\/www.sendblaster.com\/wp-content\/uploads\/2021\/09\/logo-svg-2021.svg","width":350,"height":70,"caption":"SendBlaster programma email marketing"},"image":{"@id":"https:\/\/www.sendblaster.com\/#\/schema\/logo\/image\/"}}]}},"_links":{"self":[{"href":"https:\/\/www.sendblaster.com\/it\/wp-json\/wp\/v2\/pages\/6038"}],"collection":[{"href":"https:\/\/www.sendblaster.com\/it\/wp-json\/wp\/v2\/pages"}],"about":[{"href":"https:\/\/www.sendblaster.com\/it\/wp-json\/wp\/v2\/types\/page"}],"author":[{"embeddable":true,"href":"https:\/\/www.sendblaster.com\/it\/wp-json\/wp\/v2\/users\/1"}],"replies":[{"embeddable":true,"href":"https:\/\/www.sendblaster.com\/it\/wp-json\/wp\/v2\/comments?post=6038"}],"version-history":[{"count":28,"href":"https:\/\/www.sendblaster.com\/it\/wp-json\/wp\/v2\/pages\/6038\/revisions"}],"predecessor-version":[{"id":6086,"href":"https:\/\/www.sendblaster.com\/it\/wp-json\/wp\/v2\/pages\/6038\/revisions\/6086"}],"wp:attachment":[{"href":"https:\/\/www.sendblaster.com\/it\/wp-json\/wp\/v2\/media?parent=6038"}],"curies":[{"name":"wp","href":"https:\/\/api.w.org\/{rel}","templated":true}]}}