{"id":4973,"date":"2020-10-22T13:43:10","date_gmt":"2020-10-22T13:43:10","guid":{"rendered":"https:\/\/www.sendblaster.com\/?page_id=4973"},"modified":"2020-10-22T14:15:21","modified_gmt":"2020-10-22T14:15:21","slug":"halloween-2020-templates-gratuiti-per-le-vostre-newsletter","status":"publish","type":"page","link":"https:\/\/www.sendblaster.com\/it\/halloween-2020-templates-gratuiti-per-le-vostre-newsletter\/","title":{"rendered":"Halloween 2020: templates gratuiti per le vostre newsletter"},"content":{"rendered":"<p><img decoding=\"async\" class=\"size-full wp-image-6495 aligncenter\" src=\"https:\/\/www.sendblaster.com\/wp-content\/uploads\/2020\/10\/newsletter-halloween-templates.png\" alt=\"Template newsletter gratuiti Halloween 2020\" width=\"700\" height=\"441\" \/><\/p>\n<p>Tenersi al passo con le festivit\u00e0 e gli eventi \u00e8 un bel modo per ravvivare le vostre newsletter, dimostrarvi alla mano e magari anche divertire i vostri clienti. <strong>Halloween 2020 \u00e8 dietro l\u2019angolo<\/strong> e non c\u2019\u00e8 niente di meglio che un po\u2019 di zucche, vampiri e ragnatele per prepararsi a questa festa giocosa.<\/p>\n<p>Abbiamo infatti <strong>usato SendBlaster per creare otto template<\/strong> diversi, cercando di variare il pi\u00f9 possibile con lo stile e le immagini. Sono <strong>template responsive<\/strong>: saranno quindi leggibili da qualsiasi client di posta e non dovrete preoccuparvi del dispositivo che useranno i vostri contatti.<\/p>\n<p><img decoding=\"async\" class=\"size-full wp-image-6495 aligncenter\" src=\"https:\/\/www.sendblaster.com\/wp-content\/uploads\/2020\/10\/halloween2020.png\" alt=\"Template newsletter gratuiti Halloween 2020\" width=\"700\" height=\"300\" \/><\/p>\n<p>La cartella compressa che troverete <a href=\"https:\/\/www.sendblaster.com\/wp-content\/uploads\/2020\/10\/halloween-email-templates-2020.zip\"><strong>a questo link<\/strong><\/a> contiene ogni template in tre formati diversi tra cui anche HTML e .eml facilmente modificabili direttamente su SendBlaster. Se non avete ancora una copia di SendBlaster ma volete provare quanto \u00e8 facile gestire le liste, creare un nuovo template ed inviare una newsletter, <a href=\"https:\/\/www.sendblaster.com\/it\/inviare-newsletter-senza-costi-periodici\/\" title=\"Scarica SendBlaster gratis\"><strong>scaricate subito la versione gratuita<\/strong><\/a>. SendBlaster \u00e8 il miglior software per fare email marketing!<\/p>\n<p><a href=\"https:\/\/www.sendblaster.com\/wp-content\/uploads\/2020\/10\/halloween-email-templates-2020.zip\">Scaricate i nostri template responsive<\/a>, personalizzateli con il vostro logo e i vostri contenuti, e poi chiedete ai vostri destinatari quello che si chiede sempre ad Halloween: <strong>dolcetto o scherzetto<\/strong>?<\/p>\n<p style=\"text-align: center;\"><a href=\"https:\/\/www.sendblaster.com\/wp-content\/uploads\/2020\/10\/halloween-email-templates-2020.zip\" title=\"Template newsletter gratuiti Halloween 2020\" class=\"download-cta\" style=\"padding:15px 40px 18px;font-size:18px;line-height: 18px;margin: 15px 10px;display: inline-block;\">Scarica Templates Halloween 2020<br \/><small>8 templates pronti all&#8217;uso<\/small><\/a><\/p>\n<hr style=\"margin: 40px 0px;\">\n<h2>Passa al cloud<\/h2>\n<p><img decoding=\"async\" src=\"https:\/\/www.sendblaster.com\/wp-content\/uploads\/2020\/10\/ec-logo.jpg\" alt=\"Email Marketing in cloud\" width=\"300\" height=\"90\" style=\"margin-bottom: 15px;\" \/><br \/>\nIl team di SendBlaster ha creato una piattaforma per fare email marketing in maniera ancora pi\u00f9 semplice ma molto pi\u00f9 potente. Si chiama eMailChef e lavora interamente in cloud.<\/p>\n<p>Questo sistema \u00e8 pensato per rendere il lavoro di creazione e invio delle newsletter pi\u00f9 veloce, senza mai perdere in termini di professionalit\u00e0. eMailChef si distingue per:<\/p>\n<ul>\n<li>Editor a blocchi per creare un\u2019email di grande impatto visivo in maniera intuitiva<\/li>\n<li>Gestione delle liste e dei segmenti di contatti altamente personalizzabile<\/li>\n<li>Strumento integrato per l\u2019analisi delle campagne<\/li>\n<li>Editor per creare i form di iscrizione<\/li>\n<li>Strumento per l\u2019automazione delle email<\/li>\n<\/ul>\n<p>Registrati gratuitamente, troverai all&#8217;interno i template di Halloween pronti all&#8217;uso.<\/p>\n<p style=\"text-align: center;\"><a href=\"https:\/\/emailchef.com\/it\/\" title=\"Email Marketing in cloud\" class=\"buy-cta\" style=\"padding:15px 40px 18px;font-size:18px;line-height: 18px;margin: 15px 10px;display: inline-block;\">Vieni a conoscere eMailChef<\/a><\/p>\n<hr style=\"margin: 40px 0px;\">\n<h2>Crea templates HTML responsive per le tue newsletter<\/h2>\n<p><img decoding=\"async\" src=\"https:\/\/www.sendblaster.com\/wp-content\/uploads\/2020\/10\/ms-logo.jpg\" alt=\"MailStyler newsletter editor\" width=\"300\" height=\"71\" style=\"margin-bottom: 15px;\" \/><br \/>\nMailStyler \u00e8 il pi\u00f9 efficace editor di template per email, e l\u2019unico software che genera newsletter HTML responsive per una visualizzazione perfetta su tutti i client di posta. Unito a SendBlaster, assicura il miglior design per le vostre email con pochi click.<\/p>\n<p style=\"text-align: center;\"><a href=\"https:\/\/www.newslettercreator.com\/it\/\" title=\"MailStyler newsletter editor\" class=\"buy-cta\" style=\"padding:15px 40px 18px;font-size:18px;line-height: 18px;margin: 15px 10px;display: inline-block;\">Prova subito MailStyler<\/a><\/p>\n","protected":false},"excerpt":{"rendered":"<p>Tenersi al passo con le festivit\u00e0 e gli eventi \u00e8 un bel modo per ravvivare le vostre newsletter, dimostrarvi alla mano e magari anche divertire i vostri clienti. Halloween 2020 \u00e8 dietro l\u2019angolo e non c\u2019\u00e8 niente di meglio che <\/p>\n<p class=\"read-more-container\"><a class=\"button read-more\" href=\"https:\/\/www.sendblaster.com\/it\/halloween-2020-templates-gratuiti-per-le-vostre-newsletter\/\" title=\"\">Continua a leggere<\/a><\/p>\n","protected":false},"author":1,"featured_media":0,"parent":0,"menu_order":0,"comment_status":"closed","ping_status":"closed","template":"g1_template_page_sidebar_right.php","meta":{"_monsterinsights_skip_tracking":false,"_monsterinsights_sitenote_active":false,"_monsterinsights_sitenote_note":"","_monsterinsights_sitenote_category":0,"footnotes":""},"class_list":["post-4973","page","type-page","status-publish"],"yoast_head":"<!-- This site is optimized with the Yoast SEO plugin v23.5 - https:\/\/yoast.com\/wordpress\/plugins\/seo\/ -->\n<title>Halloween 2020: templates gratuiti per le vostre newsletter<\/title>\n<meta name=\"description\" content=\"Scaricate i nostri template, personalizzateli con il vostro logo e i vostri contenuti e inviate la newsletter di Halloween ai vostri clienti!\" \/>\n<meta name=\"robots\" content=\"index, follow, max-snippet:-1, max-image-preview:large, max-video-preview:-1\" \/>\n<link rel=\"canonical\" href=\"https:\/\/www.sendblaster.com\/it\/all\/halloween-2020-templates-gratuiti-per-le-vostre-newsletter\/\" \/>\n<meta property=\"og:locale\" content=\"it_IT\" \/>\n<meta property=\"og:type\" content=\"article\" \/>\n<meta property=\"og:title\" content=\"Halloween 2020: templates gratuiti per le vostre newsletter\" \/>\n<meta property=\"og:description\" content=\"Scaricate i nostri template, personalizzateli con il vostro logo e i vostri contenuti e inviate la newsletter di Halloween ai vostri clienti!\" \/>\n<meta property=\"og:url\" content=\"https:\/\/www.sendblaster.com\/it\/all\/halloween-2020-templates-gratuiti-per-le-vostre-newsletter\/\" \/>\n<meta property=\"og:site_name\" content=\"SendBlaster programma email marketing\" \/>\n<meta property=\"article:modified_time\" content=\"2020-10-22T14:15:21+00:00\" \/>\n<meta property=\"og:image\" content=\"https:\/\/www.sendblaster.com\/wp-content\/uploads\/2020\/10\/newsletter-halloween-templates.png\" \/>\n<meta name=\"twitter:card\" content=\"summary_large_image\" \/>\n<meta name=\"twitter:label1\" content=\"Tempo di lettura stimato\" \/>\n\t<meta name=\"twitter:data1\" content=\"2 minuti\" \/>\n<script type=\"application\/ld+json\" class=\"yoast-schema-graph\">{\"@context\":\"https:\/\/schema.org\",\"@graph\":[{\"@type\":\"WebPage\",\"@id\":\"https:\/\/www.sendblaster.com\/it\/all\/halloween-2020-templates-gratuiti-per-le-vostre-newsletter\/\",\"url\":\"https:\/\/www.sendblaster.com\/it\/all\/halloween-2020-templates-gratuiti-per-le-vostre-newsletter\/\",\"name\":\"Halloween 2020: templates gratuiti per le vostre newsletter\",\"isPartOf\":{\"@id\":\"https:\/\/www.sendblaster.com\/#website\"},\"primaryImageOfPage\":{\"@id\":\"https:\/\/www.sendblaster.com\/it\/all\/halloween-2020-templates-gratuiti-per-le-vostre-newsletter\/#primaryimage\"},\"image\":{\"@id\":\"https:\/\/www.sendblaster.com\/it\/all\/halloween-2020-templates-gratuiti-per-le-vostre-newsletter\/#primaryimage\"},\"thumbnailUrl\":\"https:\/\/www.sendblaster.com\/wp-content\/uploads\/2020\/10\/newsletter-halloween-templates.png\",\"datePublished\":\"2020-10-22T13:43:10+00:00\",\"dateModified\":\"2020-10-22T14:15:21+00:00\",\"description\":\"Scaricate i nostri template, personalizzateli con il vostro logo e i vostri contenuti e inviate la newsletter di Halloween ai vostri clienti!\",\"breadcrumb\":{\"@id\":\"https:\/\/www.sendblaster.com\/it\/all\/halloween-2020-templates-gratuiti-per-le-vostre-newsletter\/#breadcrumb\"},\"inLanguage\":\"it-IT\",\"potentialAction\":[{\"@type\":\"ReadAction\",\"target\":[\"https:\/\/www.sendblaster.com\/it\/all\/halloween-2020-templates-gratuiti-per-le-vostre-newsletter\/\"]}]},{\"@type\":\"ImageObject\",\"inLanguage\":\"it-IT\",\"@id\":\"https:\/\/www.sendblaster.com\/it\/all\/halloween-2020-templates-gratuiti-per-le-vostre-newsletter\/#primaryimage\",\"url\":\"https:\/\/www.sendblaster.com\/wp-content\/uploads\/2020\/10\/newsletter-halloween-templates.png\",\"contentUrl\":\"https:\/\/www.sendblaster.com\/wp-content\/uploads\/2020\/10\/newsletter-halloween-templates.png\"},{\"@type\":\"BreadcrumbList\",\"@id\":\"https:\/\/www.sendblaster.com\/it\/all\/halloween-2020-templates-gratuiti-per-le-vostre-newsletter\/#breadcrumb\",\"itemListElement\":[{\"@type\":\"ListItem\",\"position\":1,\"name\":\"Home\",\"item\":\"https:\/\/www.sendblaster.com\/it\/\"},{\"@type\":\"ListItem\",\"position\":2,\"name\":\"Halloween 2020: templates gratuiti per le vostre newsletter\"}]},{\"@type\":\"WebSite\",\"@id\":\"https:\/\/www.sendblaster.com\/#website\",\"url\":\"https:\/\/www.sendblaster.com\/\",\"name\":\"SendBlaster programma email marketing\",\"description\":\"\",\"publisher\":{\"@id\":\"https:\/\/www.sendblaster.com\/#organization\"},\"potentialAction\":[{\"@type\":\"SearchAction\",\"target\":{\"@type\":\"EntryPoint\",\"urlTemplate\":\"https:\/\/www.sendblaster.com\/?s={search_term_string}\"},\"query-input\":{\"@type\":\"PropertyValueSpecification\",\"valueRequired\":true,\"valueName\":\"search_term_string\"}}],\"inLanguage\":\"it-IT\"},{\"@type\":\"Organization\",\"@id\":\"https:\/\/www.sendblaster.com\/#organization\",\"name\":\"SendBlaster programma email marketing\",\"url\":\"https:\/\/www.sendblaster.com\/\",\"logo\":{\"@type\":\"ImageObject\",\"inLanguage\":\"it-IT\",\"@id\":\"https:\/\/www.sendblaster.com\/#\/schema\/logo\/image\/\",\"url\":\"https:\/\/www.sendblaster.com\/wp-content\/uploads\/2021\/09\/logo-svg-2021.svg\",\"contentUrl\":\"https:\/\/www.sendblaster.com\/wp-content\/uploads\/2021\/09\/logo-svg-2021.svg\",\"width\":350,\"height\":70,\"caption\":\"SendBlaster programma email marketing\"},\"image\":{\"@id\":\"https:\/\/www.sendblaster.com\/#\/schema\/logo\/image\/\"}}]}<\/script>\n<!-- \/ Yoast SEO plugin. -->","yoast_head_json":{"title":"Halloween 2020: templates gratuiti per le vostre newsletter","description":"Scaricate i nostri template, personalizzateli con il vostro logo e i vostri contenuti e inviate la newsletter di Halloween ai vostri clienti!","robots":{"index":"index","follow":"follow","max-snippet":"max-snippet:-1","max-image-preview":"max-image-preview:large","max-video-preview":"max-video-preview:-1"},"canonical":"https:\/\/www.sendblaster.com\/it\/all\/halloween-2020-templates-gratuiti-per-le-vostre-newsletter\/","og_locale":"it_IT","og_type":"article","og_title":"Halloween 2020: templates gratuiti per le vostre newsletter","og_description":"Scaricate i nostri template, personalizzateli con il vostro logo e i vostri contenuti e inviate la newsletter di Halloween ai vostri clienti!","og_url":"https:\/\/www.sendblaster.com\/it\/all\/halloween-2020-templates-gratuiti-per-le-vostre-newsletter\/","og_site_name":"SendBlaster programma email marketing","article_modified_time":"2020-10-22T14:15:21+00:00","og_image":[{"url":"https:\/\/www.sendblaster.com\/wp-content\/uploads\/2020\/10\/newsletter-halloween-templates.png"}],"twitter_card":"summary_large_image","twitter_misc":{"Tempo di lettura stimato":"2 minuti"},"schema":{"@context":"https:\/\/schema.org","@graph":[{"@type":"WebPage","@id":"https:\/\/www.sendblaster.com\/it\/all\/halloween-2020-templates-gratuiti-per-le-vostre-newsletter\/","url":"https:\/\/www.sendblaster.com\/it\/all\/halloween-2020-templates-gratuiti-per-le-vostre-newsletter\/","name":"Halloween 2020: templates gratuiti per le vostre newsletter","isPartOf":{"@id":"https:\/\/www.sendblaster.com\/#website"},"primaryImageOfPage":{"@id":"https:\/\/www.sendblaster.com\/it\/all\/halloween-2020-templates-gratuiti-per-le-vostre-newsletter\/#primaryimage"},"image":{"@id":"https:\/\/www.sendblaster.com\/it\/all\/halloween-2020-templates-gratuiti-per-le-vostre-newsletter\/#primaryimage"},"thumbnailUrl":"https:\/\/www.sendblaster.com\/wp-content\/uploads\/2020\/10\/newsletter-halloween-templates.png","datePublished":"2020-10-22T13:43:10+00:00","dateModified":"2020-10-22T14:15:21+00:00","description":"Scaricate i nostri template, personalizzateli con il vostro logo e i vostri contenuti e inviate la newsletter di Halloween ai vostri clienti!","breadcrumb":{"@id":"https:\/\/www.sendblaster.com\/it\/all\/halloween-2020-templates-gratuiti-per-le-vostre-newsletter\/#breadcrumb"},"inLanguage":"it-IT","potentialAction":[{"@type":"ReadAction","target":["https:\/\/www.sendblaster.com\/it\/all\/halloween-2020-templates-gratuiti-per-le-vostre-newsletter\/"]}]},{"@type":"ImageObject","inLanguage":"it-IT","@id":"https:\/\/www.sendblaster.com\/it\/all\/halloween-2020-templates-gratuiti-per-le-vostre-newsletter\/#primaryimage","url":"https:\/\/www.sendblaster.com\/wp-content\/uploads\/2020\/10\/newsletter-halloween-templates.png","contentUrl":"https:\/\/www.sendblaster.com\/wp-content\/uploads\/2020\/10\/newsletter-halloween-templates.png"},{"@type":"BreadcrumbList","@id":"https:\/\/www.sendblaster.com\/it\/all\/halloween-2020-templates-gratuiti-per-le-vostre-newsletter\/#breadcrumb","itemListElement":[{"@type":"ListItem","position":1,"name":"Home","item":"https:\/\/www.sendblaster.com\/it\/"},{"@type":"ListItem","position":2,"name":"Halloween 2020: templates gratuiti per le vostre newsletter"}]},{"@type":"WebSite","@id":"https:\/\/www.sendblaster.com\/#website","url":"https:\/\/www.sendblaster.com\/","name":"SendBlaster programma email marketing","description":"","publisher":{"@id":"https:\/\/www.sendblaster.com\/#organization"},"potentialAction":[{"@type":"SearchAction","target":{"@type":"EntryPoint","urlTemplate":"https:\/\/www.sendblaster.com\/?s={search_term_string}"},"query-input":{"@type":"PropertyValueSpecification","valueRequired":true,"valueName":"search_term_string"}}],"inLanguage":"it-IT"},{"@type":"Organization","@id":"https:\/\/www.sendblaster.com\/#organization","name":"SendBlaster programma email marketing","url":"https:\/\/www.sendblaster.com\/","logo":{"@type":"ImageObject","inLanguage":"it-IT","@id":"https:\/\/www.sendblaster.com\/#\/schema\/logo\/image\/","url":"https:\/\/www.sendblaster.com\/wp-content\/uploads\/2021\/09\/logo-svg-2021.svg","contentUrl":"https:\/\/www.sendblaster.com\/wp-content\/uploads\/2021\/09\/logo-svg-2021.svg","width":350,"height":70,"caption":"SendBlaster programma email marketing"},"image":{"@id":"https:\/\/www.sendblaster.com\/#\/schema\/logo\/image\/"}}]}},"_links":{"self":[{"href":"https:\/\/www.sendblaster.com\/it\/wp-json\/wp\/v2\/pages\/4973"}],"collection":[{"href":"https:\/\/www.sendblaster.com\/it\/wp-json\/wp\/v2\/pages"}],"about":[{"href":"https:\/\/www.sendblaster.com\/it\/wp-json\/wp\/v2\/types\/page"}],"author":[{"embeddable":true,"href":"https:\/\/www.sendblaster.com\/it\/wp-json\/wp\/v2\/users\/1"}],"replies":[{"embeddable":true,"href":"https:\/\/www.sendblaster.com\/it\/wp-json\/wp\/v2\/comments?post=4973"}],"version-history":[{"count":6,"href":"https:\/\/www.sendblaster.com\/it\/wp-json\/wp\/v2\/pages\/4973\/revisions"}],"predecessor-version":[{"id":5069,"href":"https:\/\/www.sendblaster.com\/it\/wp-json\/wp\/v2\/pages\/4973\/revisions\/5069"}],"wp:attachment":[{"href":"https:\/\/www.sendblaster.com\/it\/wp-json\/wp\/v2\/media?parent=4973"}],"curies":[{"name":"wp","href":"https:\/\/api.w.org\/{rel}","templated":true}]}}