{"id":4437,"date":"2019-07-17T15:52:53","date_gmt":"2019-07-17T15:52:53","guid":{"rendered":"https:\/\/www.sendblaster.com\/?page_id=4437"},"modified":"2021-08-11T15:38:47","modified_gmt":"2021-08-11T15:38:47","slug":"cose-1-click-unsubscribe","status":"publish","type":"page","link":"https:\/\/www.sendblaster.com\/it\/cose-1-click-unsubscribe\/","title":{"rendered":"Cos&#8217;\u00e8 1 Click Unsubscribe"},"content":{"rendered":"<p>1 Click Unsubscribe (1CU) \u00e8 un servizio che \u00e8 possibile eseguire direttamente sul proprio server Web; consente ai destinatari delle tue mail di cancellarsi facilmente dalla tua lista con un semplice click su una particolare url che riceveranno nella newsletter.<\/p>\n<p>&nbsp;<\/p>\n<h2><a name=\"2\"><\/a>Prerequisiti<\/h2>\n<p>Per poter utilizzare 1CU, \u00e8 necessario <a href=\"https:\/\/www.sendblaster.com\/services\/download\/downloadsendblasterfree.php\">SendBlaster 3<\/a> e si deve avere la possibilit\u00e0 di caricare uno script PHP sul proprio hosting web (che deve supportare PHP 4.1 o successivo, cosa ad oggi garantita da tutti i servizi di hosting).<\/p>\n<p>Se il tuo sito web non dovesse supportare PHP (eventualit\u00e0 molto improbabile), non preoccuparti! Lo script \u00e8 cos\u00ec leggero che pu\u00f2 essere ospitato anche su un piano di hosting PHP di base (non ha nemmeno bisogno di un database MySql). Una soluzione potrebbe essere quella di sottoscrivere un piano di hosting solo per ospitare lo script (che pu\u00f2 risiedere su un server diverso da quello che ospita il tuo sito web). I vantaggi sono tali che non rimarrai deluso da questo piccolo sforzo in pi\u00f9.<\/p>\n<p>&nbsp;<\/p>\n<h2><a name=\"3\"><\/a>Installazione di 1-Click-Unsubscribe sul proprio server<\/h2>\n<ol>\n<li>Scarica il seguente archivio: <a href=\"https:\/\/download.sendblaster.com\/1cu.zip\"> https:\/\/download.sendblaster.com\/1cu.zip<\/a> (versione corrente: 1.1)<\/li>\n<li>Estrai i files <em>1cu.php<\/em> e <em>removal.htm<\/em>.<\/li>\n<li>Rinomina <em>1cu.php<\/em> con un nome qualsiasi (usa solo lettere e numeri e mantieni l&#8217;estensione .php); lo script non funzioner\u00e0 se non viene rinominato. Ad esempio potresti rinominarlo <em>remove.php<\/em>. Non \u00e8 necessario aprire o modificare lo script.<\/li>\n<li>(opzionale) Nel caso tu volessi personalizzare la pagina di conferma, apri il file <em>removal.htm <\/em>con un editor HTML e modificane il contenuto a tuo piacimento.<\/li>\n<li>Carica entrambi i files, lo script rinominato e <em>removal.htm<\/em>, sulla directory principale del tuo sito in modo che possano essere raggiunti da qualsiasi browser (e.g. http:\/\/www.mywebsite.com\/remove.php). Da questo momento faremo riferimento all&#8217;URL dello script come &#8220;1CU URL&#8221;.<\/li>\n<\/ol>\n<p>Questo \u00e8 tutto!<\/p>\n<p>Prima di andare avanti e utilizzare 1CU per la prima volta fai una prova: avvia 1CU url (nel nostro esempio, http:\/\/www.mywebsite.com\/remove.php) nel tuo browser. Se funziona correttamente la pagina dovrebbe mostrare &#8220;OK&#8221;.<\/p>\n<p>Se durante la prova ottieni un risultato differente (errori, o una pagina vuota) c&#8217;\u00e8 qualcosa di sbagliato nella tua installazione: assicurati di aver caricato il file nella directory corretta sul server (di solito <em>public_html<\/em>), verifica il suo URL, assicurati che il tuo server web supporti PHP.<\/p>\n<p>&nbsp;<\/p>\n<h2>Utilizza 1CU nel tuo mailing con SendBlaster<\/h2>\n<p>Assicurati di aver aggiornato SendBlaster almeno alla <a href=\"https:\/\/www.sendblaster.com\/services\/download\/downloadsendblasterfree.php\">versione 3<\/a>. Vai su &#8220;Scrivi messaggio&#8221;, quindi fai clic sul pulsante &#8220;Inserisci link per la cancellazione&#8221; nella barra degli strumenti dell&#8217;editor. Verr\u00e0 visualizzata una nuova finestra; seleziona la casella &#8220;Disinscrizione con 1 click&#8221;, quindi inserisci il tuo &#8220;1CU URL&#8221; (l&#8217;url dello script che hai caricato) quindi fai clic su &#8220;OK&#8221;:<\/p>\n<p><img decoding=\"async\" width=\"439\" height=\"350\" src=\"https:\/\/www.sendblaster.com\/wp-content\/uploads\/2018\/04\/1-click-unsubscribe.gif\" alt=\"1 Click Unsubscribe\" \/><\/p>\n<p>Prima di inviare il tuo mailing, assicurati di aver configurato correttamente la sezione &#8220;Gestisci iscrizioni&#8221; in SendBlaster (devi assegnare un indirizzo email, da utilizzare per iscrizioni e cancellazioni, a ciascuna lista).<\/p>\n<p>&nbsp;<\/p>\n<h2>Elaborazione delle disiscrizioni<\/h2>\n<p>Processa le richieste di rimozione come al solito. Quando qualcuno si disiscrive, riceverai un messaggio di cancellazione, che verr\u00e0 scaricato dal pannello &#8220;Gestisci iscrizioni&#8221; di SendBlaster.<\/p>\n<p>&nbsp;<\/p>\n<h2>Risoluzione dei problemi<\/h2>\n<p>Il mancato ricevimento delle cancellazioni potrebbe essere legato ad uno dei seguenti problemi:<\/p>\n<ol>\n<li>Stai testando lo script durante l&#8217;anteprima del messaggio<br \/>\nLo script funziona solo quando si trova in un messaggio realmente inviato: non funziona in modalit\u00e0 anteprima. A scopo di test potresti inviare la tua newsletter ad una lista di test contenente il tuo indirizzo email.<\/li>\n<li>Non hai configurato l&#8217;email di iscrizione per la lista che stai inviando.<br \/>\nVai su &#8220;Gestisci iscrizioni&#8221;, seleziona la lista a cui stai per inviare e assicurati che l&#8217;indirizzo email e le informazioni pop3 siano stati impostati correttamente.<\/li>\n<li>La tua casella di posta sta cestinando le e-mail di cancellazione<br \/>\nI filtri antispam spesso contrassegnano come non sicuri i messaggi provenienti direttamente da un server web se la sua reputazione non \u00e8 ben definita. Dovresti provare un indirizzo email differnte per gestire le tue liste: uno con la reputazione positiva e non inserito in blacklist perch\u00e9 \u00e8 fondamentale che nessun messaggio venga scartato.<\/li>\n<li>Il tuo server web non \u00e8 configurato correttamente per inviare e-mail<br \/>\nIl nostro script usa la funzione <em>mail()<\/em> di PHP per inviare le richieste di cancellazione. Questa funzione viene processata correttamente purch\u00e9 i servizi di posta in uscita del server Web (interprete PHP, sendmail) siano stati correttamente configurati dal servizio di hosting. Se il server web sembra non inviare messaggi \u00e8 necessario contattare il servizio di hosting o l&#8217;amministratore del server.<\/li>\n<li>Il tuo server web richiede uno specifico indirizzo email\/dominio come mittente dei messaggi in uscita<br \/>\nAlcuni server non accettano le email in uscita se il mittente non appartiene allo stesso dominio o non viene utilizzato un indirizzo specifico. In questo caso, devi modificare <em>1cu.php<\/em> (o la sua copia rinominata) in modo che utilizzi un indirizzo fisso:<br \/>\n&#8211; Aprilo con Blocco note (o qualsiasi altro editor di testo)<br \/>\n&#8211; Cerca l&#8217;indirizzo &#8220;test@test.com&#8221; e sostituiscilo con l&#8217;indirizzo del mittente personalizzato (non modificare nient&#8217;altro)<br \/>\n&#8211; Salva e usa la versione modificata dello script<\/li>\n<\/ol>\n","protected":false},"excerpt":{"rendered":"<p>1 Click Unsubscribe (1CU) \u00e8 un servizio che \u00e8 possibile eseguire direttamente sul proprio server Web; consente ai destinatari delle tue mail di cancellarsi facilmente dalla tua lista con un semplice click su una particolare url che riceveranno nella newsletter. <\/p>\n<p class=\"read-more-container\"><a class=\"button read-more\" href=\"https:\/\/www.sendblaster.com\/it\/cose-1-click-unsubscribe\/\" title=\"\">Continua a leggere<\/a><\/p>\n","protected":false},"author":1,"featured_media":0,"parent":0,"menu_order":0,"comment_status":"closed","ping_status":"closed","template":"g1_template_page_sidebar_right.php","meta":{"_monsterinsights_skip_tracking":false,"_monsterinsights_sitenote_active":false,"_monsterinsights_sitenote_note":"","_monsterinsights_sitenote_category":0,"footnotes":""},"class_list":["post-4437","page","type-page","status-publish"],"yoast_head":"<!-- This site is optimized with the Yoast SEO plugin v23.5 - https:\/\/yoast.com\/wordpress\/plugins\/seo\/ -->\n<title>Cos&#039;\u00e8 1 Click Unsubscribe - SendBlaster programma email marketing<\/title>\n<meta name=\"description\" content=\"SendBlaster programma email marketing Cos&#039;\u00e8 1 Click Unsubscribe 1 Click Unsubscribe (1CU) \u00e8 un servizio che \u00e8 possibile eseguire direttamente sul proprio server Web; consente ai destinatari delle tue mail di\" \/>\n<meta name=\"robots\" content=\"index, follow, max-snippet:-1, max-image-preview:large, max-video-preview:-1\" \/>\n<link rel=\"canonical\" href=\"https:\/\/www.sendblaster.com\/it\/all\/cose-1-click-unsubscribe\/\" \/>\n<meta property=\"og:locale\" content=\"it_IT\" \/>\n<meta property=\"og:type\" content=\"article\" \/>\n<meta property=\"og:title\" content=\"Cos&#039;\u00e8 1 Click Unsubscribe - SendBlaster programma email marketing\" \/>\n<meta property=\"og:description\" content=\"SendBlaster programma email marketing Cos&#039;\u00e8 1 Click Unsubscribe 1 Click Unsubscribe (1CU) \u00e8 un servizio che \u00e8 possibile eseguire direttamente sul proprio server Web; consente ai destinatari delle tue mail di\" \/>\n<meta property=\"og:url\" content=\"https:\/\/www.sendblaster.com\/it\/all\/cose-1-click-unsubscribe\/\" \/>\n<meta property=\"og:site_name\" content=\"SendBlaster programma email marketing\" \/>\n<meta property=\"article:modified_time\" content=\"2021-08-11T15:38:47+00:00\" \/>\n<meta property=\"og:image\" content=\"https:\/\/www.sendblaster.com\/wp-content\/uploads\/2018\/04\/1-click-unsubscribe.gif\" \/>\n<meta name=\"twitter:card\" content=\"summary_large_image\" \/>\n<meta name=\"twitter:label1\" content=\"Tempo di lettura stimato\" \/>\n\t<meta name=\"twitter:data1\" content=\"4 minuti\" \/>\n<script type=\"application\/ld+json\" class=\"yoast-schema-graph\">{\"@context\":\"https:\/\/schema.org\",\"@graph\":[{\"@type\":\"WebPage\",\"@id\":\"https:\/\/www.sendblaster.com\/it\/all\/cose-1-click-unsubscribe\/\",\"url\":\"https:\/\/www.sendblaster.com\/it\/all\/cose-1-click-unsubscribe\/\",\"name\":\"Cos'\u00e8 1 Click Unsubscribe - SendBlaster programma email marketing\",\"isPartOf\":{\"@id\":\"https:\/\/www.sendblaster.com\/#website\"},\"primaryImageOfPage\":{\"@id\":\"https:\/\/www.sendblaster.com\/it\/all\/cose-1-click-unsubscribe\/#primaryimage\"},\"image\":{\"@id\":\"https:\/\/www.sendblaster.com\/it\/all\/cose-1-click-unsubscribe\/#primaryimage\"},\"thumbnailUrl\":\"https:\/\/www.sendblaster.com\/wp-content\/uploads\/2018\/04\/1-click-unsubscribe.gif\",\"datePublished\":\"2019-07-17T15:52:53+00:00\",\"dateModified\":\"2021-08-11T15:38:47+00:00\",\"description\":\"SendBlaster programma email marketing Cos'\u00e8 1 Click Unsubscribe 1 Click Unsubscribe (1CU) \u00e8 un servizio che \u00e8 possibile eseguire direttamente sul proprio server Web; consente ai destinatari delle tue mail di\",\"breadcrumb\":{\"@id\":\"https:\/\/www.sendblaster.com\/it\/all\/cose-1-click-unsubscribe\/#breadcrumb\"},\"inLanguage\":\"it-IT\",\"potentialAction\":[{\"@type\":\"ReadAction\",\"target\":[\"https:\/\/www.sendblaster.com\/it\/all\/cose-1-click-unsubscribe\/\"]}]},{\"@type\":\"ImageObject\",\"inLanguage\":\"it-IT\",\"@id\":\"https:\/\/www.sendblaster.com\/it\/all\/cose-1-click-unsubscribe\/#primaryimage\",\"url\":\"https:\/\/www.sendblaster.com\/wp-content\/uploads\/2018\/04\/1-click-unsubscribe.gif\",\"contentUrl\":\"https:\/\/www.sendblaster.com\/wp-content\/uploads\/2018\/04\/1-click-unsubscribe.gif\"},{\"@type\":\"BreadcrumbList\",\"@id\":\"https:\/\/www.sendblaster.com\/it\/all\/cose-1-click-unsubscribe\/#breadcrumb\",\"itemListElement\":[{\"@type\":\"ListItem\",\"position\":1,\"name\":\"Home\",\"item\":\"https:\/\/www.sendblaster.com\/it\/\"},{\"@type\":\"ListItem\",\"position\":2,\"name\":\"Cos&#8217;\u00e8 1 Click Unsubscribe\"}]},{\"@type\":\"WebSite\",\"@id\":\"https:\/\/www.sendblaster.com\/#website\",\"url\":\"https:\/\/www.sendblaster.com\/\",\"name\":\"SendBlaster programma email marketing\",\"description\":\"\",\"publisher\":{\"@id\":\"https:\/\/www.sendblaster.com\/#organization\"},\"potentialAction\":[{\"@type\":\"SearchAction\",\"target\":{\"@type\":\"EntryPoint\",\"urlTemplate\":\"https:\/\/www.sendblaster.com\/?s={search_term_string}\"},\"query-input\":{\"@type\":\"PropertyValueSpecification\",\"valueRequired\":true,\"valueName\":\"search_term_string\"}}],\"inLanguage\":\"it-IT\"},{\"@type\":\"Organization\",\"@id\":\"https:\/\/www.sendblaster.com\/#organization\",\"name\":\"SendBlaster programma email marketing\",\"url\":\"https:\/\/www.sendblaster.com\/\",\"logo\":{\"@type\":\"ImageObject\",\"inLanguage\":\"it-IT\",\"@id\":\"https:\/\/www.sendblaster.com\/#\/schema\/logo\/image\/\",\"url\":\"https:\/\/www.sendblaster.com\/wp-content\/uploads\/2021\/09\/logo-svg-2021.svg\",\"contentUrl\":\"https:\/\/www.sendblaster.com\/wp-content\/uploads\/2021\/09\/logo-svg-2021.svg\",\"width\":350,\"height\":70,\"caption\":\"SendBlaster programma email marketing\"},\"image\":{\"@id\":\"https:\/\/www.sendblaster.com\/#\/schema\/logo\/image\/\"}}]}<\/script>\n<!-- \/ Yoast SEO plugin. -->","yoast_head_json":{"title":"Cos'\u00e8 1 Click Unsubscribe - SendBlaster programma email marketing","description":"SendBlaster programma email marketing Cos'\u00e8 1 Click Unsubscribe 1 Click Unsubscribe (1CU) \u00e8 un servizio che \u00e8 possibile eseguire direttamente sul proprio server Web; consente ai destinatari delle tue mail di","robots":{"index":"index","follow":"follow","max-snippet":"max-snippet:-1","max-image-preview":"max-image-preview:large","max-video-preview":"max-video-preview:-1"},"canonical":"https:\/\/www.sendblaster.com\/it\/all\/cose-1-click-unsubscribe\/","og_locale":"it_IT","og_type":"article","og_title":"Cos'\u00e8 1 Click Unsubscribe - SendBlaster programma email marketing","og_description":"SendBlaster programma email marketing Cos'\u00e8 1 Click Unsubscribe 1 Click Unsubscribe (1CU) \u00e8 un servizio che \u00e8 possibile eseguire direttamente sul proprio server Web; consente ai destinatari delle tue mail di","og_url":"https:\/\/www.sendblaster.com\/it\/all\/cose-1-click-unsubscribe\/","og_site_name":"SendBlaster programma email marketing","article_modified_time":"2021-08-11T15:38:47+00:00","og_image":[{"url":"https:\/\/www.sendblaster.com\/wp-content\/uploads\/2018\/04\/1-click-unsubscribe.gif"}],"twitter_card":"summary_large_image","twitter_misc":{"Tempo di lettura stimato":"4 minuti"},"schema":{"@context":"https:\/\/schema.org","@graph":[{"@type":"WebPage","@id":"https:\/\/www.sendblaster.com\/it\/all\/cose-1-click-unsubscribe\/","url":"https:\/\/www.sendblaster.com\/it\/all\/cose-1-click-unsubscribe\/","name":"Cos'\u00e8 1 Click Unsubscribe - SendBlaster programma email marketing","isPartOf":{"@id":"https:\/\/www.sendblaster.com\/#website"},"primaryImageOfPage":{"@id":"https:\/\/www.sendblaster.com\/it\/all\/cose-1-click-unsubscribe\/#primaryimage"},"image":{"@id":"https:\/\/www.sendblaster.com\/it\/all\/cose-1-click-unsubscribe\/#primaryimage"},"thumbnailUrl":"https:\/\/www.sendblaster.com\/wp-content\/uploads\/2018\/04\/1-click-unsubscribe.gif","datePublished":"2019-07-17T15:52:53+00:00","dateModified":"2021-08-11T15:38:47+00:00","description":"SendBlaster programma email marketing Cos'\u00e8 1 Click Unsubscribe 1 Click Unsubscribe (1CU) \u00e8 un servizio che \u00e8 possibile eseguire direttamente sul proprio server Web; consente ai destinatari delle tue mail di","breadcrumb":{"@id":"https:\/\/www.sendblaster.com\/it\/all\/cose-1-click-unsubscribe\/#breadcrumb"},"inLanguage":"it-IT","potentialAction":[{"@type":"ReadAction","target":["https:\/\/www.sendblaster.com\/it\/all\/cose-1-click-unsubscribe\/"]}]},{"@type":"ImageObject","inLanguage":"it-IT","@id":"https:\/\/www.sendblaster.com\/it\/all\/cose-1-click-unsubscribe\/#primaryimage","url":"https:\/\/www.sendblaster.com\/wp-content\/uploads\/2018\/04\/1-click-unsubscribe.gif","contentUrl":"https:\/\/www.sendblaster.com\/wp-content\/uploads\/2018\/04\/1-click-unsubscribe.gif"},{"@type":"BreadcrumbList","@id":"https:\/\/www.sendblaster.com\/it\/all\/cose-1-click-unsubscribe\/#breadcrumb","itemListElement":[{"@type":"ListItem","position":1,"name":"Home","item":"https:\/\/www.sendblaster.com\/it\/"},{"@type":"ListItem","position":2,"name":"Cos&#8217;\u00e8 1 Click Unsubscribe"}]},{"@type":"WebSite","@id":"https:\/\/www.sendblaster.com\/#website","url":"https:\/\/www.sendblaster.com\/","name":"SendBlaster programma email marketing","description":"","publisher":{"@id":"https:\/\/www.sendblaster.com\/#organization"},"potentialAction":[{"@type":"SearchAction","target":{"@type":"EntryPoint","urlTemplate":"https:\/\/www.sendblaster.com\/?s={search_term_string}"},"query-input":{"@type":"PropertyValueSpecification","valueRequired":true,"valueName":"search_term_string"}}],"inLanguage":"it-IT"},{"@type":"Organization","@id":"https:\/\/www.sendblaster.com\/#organization","name":"SendBlaster programma email marketing","url":"https:\/\/www.sendblaster.com\/","logo":{"@type":"ImageObject","inLanguage":"it-IT","@id":"https:\/\/www.sendblaster.com\/#\/schema\/logo\/image\/","url":"https:\/\/www.sendblaster.com\/wp-content\/uploads\/2021\/09\/logo-svg-2021.svg","contentUrl":"https:\/\/www.sendblaster.com\/wp-content\/uploads\/2021\/09\/logo-svg-2021.svg","width":350,"height":70,"caption":"SendBlaster programma email marketing"},"image":{"@id":"https:\/\/www.sendblaster.com\/#\/schema\/logo\/image\/"}}]}},"_links":{"self":[{"href":"https:\/\/www.sendblaster.com\/it\/wp-json\/wp\/v2\/pages\/4437"}],"collection":[{"href":"https:\/\/www.sendblaster.com\/it\/wp-json\/wp\/v2\/pages"}],"about":[{"href":"https:\/\/www.sendblaster.com\/it\/wp-json\/wp\/v2\/types\/page"}],"author":[{"embeddable":true,"href":"https:\/\/www.sendblaster.com\/it\/wp-json\/wp\/v2\/users\/1"}],"replies":[{"embeddable":true,"href":"https:\/\/www.sendblaster.com\/it\/wp-json\/wp\/v2\/comments?post=4437"}],"version-history":[{"count":4,"href":"https:\/\/www.sendblaster.com\/it\/wp-json\/wp\/v2\/pages\/4437\/revisions"}],"predecessor-version":[{"id":5419,"href":"https:\/\/www.sendblaster.com\/it\/wp-json\/wp\/v2\/pages\/4437\/revisions\/5419"}],"wp:attachment":[{"href":"https:\/\/www.sendblaster.com\/it\/wp-json\/wp\/v2\/media?parent=4437"}],"curies":[{"name":"wp","href":"https:\/\/api.w.org\/{rel}","templated":true}]}}