{"id":3782,"date":"2019-01-07T08:53:16","date_gmt":"2019-01-07T08:53:16","guid":{"rendered":"https:\/\/www.sendblaster.com\/?page_id=3782"},"modified":"2021-12-14T11:07:51","modified_gmt":"2021-12-14T11:07:51","slug":"sendblaster-sms","status":"publish","type":"page","link":"https:\/\/www.sendblaster.com\/it\/sendblaster-sms\/","title":{"rendered":"SendBlaster SMS"},"content":{"rendered":"<div class=\"gb-container gb-container-491c6d17\" id=\"start\"><div class=\"gb-inside-container\">\n\n<h1 style=\"color: #fff; text-align: center; font-size: 45px;\">Invia SMS professionali ai tuoi clienti<\/h1>\n<h2 style=\"color: #fff; text-align: center; font-weight: 300;\">Spedisci messaggi SMS alle tue liste direttamente da SendBlaster Free o attraverso la nostra piattaforma web a prezzi super<\/h2>\n<p style=\"text-align: center;\"><a class=\"download-cta sms-white\" title=\"Scarica gratis SendBlaster SMS\" href=\"https:\/\/www.sendblaster.com\/download\/sendblaster433.zip\">DOWNLOAD SENDBLASTER SMS<\/a><a class=\"buy-cta\" title=\"Acquista subito crediti SMS\" href=\"https:\/\/sms.sendblaster.com\/\">REGISTRATI E ACQUISTA SMS<\/a><\/p>\n\n<\/div><\/div>\n\n<div class=\"gb-container gb-container-cceb0570\"><div class=\"gb-inside-container\">\n\n<h2 style=\"text-align: center; color: #2895c2; font-size: 35px; margin-bottom: 40px;\"><a name=\"video\"><\/a>Invia SMS Professionali alle tue liste direttamente dall&#8217;interfaccia di SendBlaster<\/h2>\n\n<div style=\"text-align: center; margin-bottom: 20px;\"><div class=\"lyte-wrapper fourthree\" title=\"Tutorial SendBlaster SMS\" style=\"width:420px;max-width:100%;margin:5px;\"><div class=\"lyMe\" id=\"WYL_GDdio3L_6ZE\" itemprop=\"video\" itemscope itemtype=\"https:\/\/schema.org\/VideoObject\"><div><meta itemprop=\"thumbnailUrl\" content=\"https:\/\/www.sendblaster.com\/wp-content\/plugins\/wp-youtube-lyte\/lyteCache.php?origThumbUrl=https%3A%2F%2Fi.ytimg.com%2Fvi%2FGDdio3L_6ZE%2Fhqdefault.jpg\" \/><meta itemprop=\"embedURL\" content=\"https:\/\/www.youtube.com\/embed\/GDdio3L_6ZE\" \/><meta itemprop=\"duration\" content=\"PT4M16S\" \/><meta itemprop=\"uploadDate\" content=\"2019-02-22T10:50:09Z\" \/><\/div><div id=\"lyte_GDdio3L_6ZE\" data-src=\"https:\/\/www.sendblaster.com\/wp-content\/plugins\/wp-youtube-lyte\/lyteCache.php?origThumbUrl=https%3A%2F%2Fi.ytimg.com%2Fvi%2FGDdio3L_6ZE%2Fhqdefault.jpg\" class=\"pL\"><div class=\"tC\"><div class=\"tT\" itemprop=\"name\">Tutorial SendBlaster SMS<\/div><\/div><div class=\"play\"><\/div><div class=\"ctrl\"><div class=\"Lctrl\"><\/div><div class=\"Rctrl\"><\/div><\/div><\/div><noscript><a href=\"https:\/\/youtu.be\/GDdio3L_6ZE\" rel=\"nofollow\"><img decoding=\"async\" src=\"https:\/\/www.sendblaster.com\/wp-content\/plugins\/wp-youtube-lyte\/lyteCache.php?origThumbUrl=https%3A%2F%2Fi.ytimg.com%2Fvi%2FGDdio3L_6ZE%2F0.jpg\" alt=\"Tutorial SendBlaster SMS\" width=\"420\" height=\"295\" \/><br \/>Guarda questo video su YouTube<\/a><\/noscript><meta itemprop=\"description\" content=\"Invia SMS Professionali alle tue liste direttamente dall\u2019interfaccia di SendBlaster.\"><\/div><\/div><div class=\"lL\" style=\"max-width:100%;width:420px;margin:5px;\"><\/div>\n<div class=\"lj-video-button hide\">\n  <a href=\"https:\/\/www.youtube.com\/embed\/GDdio3L_6ZE?rel=0&autoplay=1\" data-featherlight=\"iframe\" data-featherlight-iframe-width=\"800\" data-featherlight-iframe-height=\"610\" data-featherlight-iframe-frameborder=\"0\" data-featherlight-iframe-allow=\"autoplay; encrypted-media\" data-featherlight-iframe-allowfullscreen=\"true\" title=\"Riproduci presentazione video\">Riproduci presentazione video <i class=\"fa fa-play-circle fa-2x\"><\/i><\/a>\n<\/div><\/div>\n\n<p style=\"text-align: center;\">Con SendBlasterSMS potrai inviare <strong>SMS Professionali<\/strong> alle tue liste di clienti direttamente dall&#8217;interfaccia del programma <strong>SendBlaster Free o Pro<\/strong>.\nSar\u00e0 sufficiente scaricare l&#8217;ultima versione di SendBlaster, acquistare i crediti SMS, e in pochi click potrai raggiungere i tuoi clienti con un messaggio.\nOfferte, sconti, appuntamenti, eventi, <strong>non c&#8217;\u00e8 limite ai messaggi SMS<\/strong> che ti consentiranno di fidelizzare i tuoi contatti e rendere le tue campagne di marketing ancora pi\u00f9 efficaci.\nCosa aspetti? Abbiamo preparato per te dei <strong>pacchetti SMS tutto incluso<\/strong> a prezzi davvero vantaggiosi senza costi nascosti o canoni ricorrenti.<\/p>\n<p style=\"text-align: center;\"><a class=\"download-cta sms-black\" title=\"Scarica gratis SendBlaster SMS\" href=\"https:\/\/www.sendblaster.com\/download\/sendblaster433.zip\">DOWNLOAD SENDBLASTER SMS<\/a><a class=\"buy-cta\" title=\"Acquista subito crediti SMS\" href=\"https:\/\/sms.sendblaster.com\/\">REGISTRATI E ACQUISTA SMS<\/a><\/p>\n\n<\/div><\/div>\n\n<div class=\"gb-container gb-container-039fe909\"><div class=\"gb-inside-container\">\n<div  class=\"g1-divider g1-divider--none g1-divider--noicon aa\"><\/div>\n\n<\/div><\/div>\n\n<div class=\"gb-container gb-container-b9f847f2\" id=\"allinclusive\"><div class=\"gb-inside-container\">\n\n<h2 style=\"text-align: center; color: #2895c2; font-size: 35px; margin-bottom: 40px;\">Servizio SMS Professionale tutto incluso<\/h2>\n<ul class=\"g1-grid\"><li class=\"g1-column g1-one-third g1-valign-top\">\n<div id=\"\" class=\"g1-box g1-box--solid feature g1-box--icon\" ><i class=\"fa fa-star g1-box__icon\"><\/i><div class=\"g1-box__inner\">\n<h3>SMS Alta Qualit\u00e0<\/h3>\nConnessione diretta con gli operatori telefonici per una consegna garantita entro pochi secondi dall\u2019invio.\n\n<\/div><\/div><\/li><!-- -->\n\n<li class=\"g1-column g1-one-third g1-valign-top\">\n<div id=\"\" class=\"g1-box g1-box--solid feature g1-box--icon\" ><i class=\"fa fa-user g1-box__icon\"><\/i><div class=\"g1-box__inner\">\n<h3>Mittente Personalizzato<\/h3>\nRenditi subito riconoscibile ai destinatari con il mittente personalizzato con un testo fino a 111 caratteri o un numero di cellulare.\n\n<\/div><\/div><\/li><!-- -->\n\n<li class=\"g1-column g1-one-third g1-valign-top\">\n<div id=\"\" class=\"g1-box g1-box--solid feature g1-box--icon\" ><i class=\"fa fa-check g1-box__icon\"><\/i><div class=\"g1-box__inner\">\n<h3>Ricevuta di Consegna<\/h3>\nGrazie alla ricevuta di consegna compresa nel prezzo hai la certezza della ricezione di ogni singolo SMS inviato.\n\n<\/div><\/div><\/li><!-- --><\/ul>\n\n<ul class=\"g1-grid\"><li class=\"g1-column g1-one-third g1-valign-top\">\n<div id=\"\" class=\"g1-box g1-box--solid feature g1-box--icon\" ><i class=\"fa fa-calendar g1-box__icon\"><\/i><div class=\"g1-box__inner\">\n<h3>Nessun Canone<\/h3>\nNon dovrai sostenere nessun canone fisso, acquisterai solo gli SMS di cui avrai bisogno senza costi ricorrenti nascosti.\n\n<\/div><\/div><\/li><!-- -->\n\n<li class=\"g1-column g1-one-third g1-valign-top\">\n<div id=\"\" class=\"g1-box g1-box--solid feature g1-box--icon\" ><i class=\"fa fa-clock-o g1-box__icon\"><\/i><div class=\"g1-box__inner\">\n<h3>Scadenza Illimitata<\/h3>\nI tuoi crediti SMS non scadranno mai e saranno sempre disponibili nella tua area riservata per l&#8217;invio dei tuoi messaggi.\n\n<\/div><\/div><\/li><!-- -->\n\n<li class=\"g1-column g1-one-third g1-valign-top\">\n<div id=\"\" class=\"g1-box g1-box--solid feature g1-box--icon\" ><i class=\"fa fa-globe g1-box__icon\"><\/i><div class=\"g1-box__inner\">\n<h3>Un prezzo unico per tutto il mondo<\/h3>\nNessun sovrapprezzo per i messaggi verso l&#8217;estero: invia verso l&#8217;Italia o il resto del mondo, il prezzo \u00e8 sempre lo stesso.\n\n<\/div><\/div><\/li><!-- --><\/ul>\n<p style=\"text-align: center;\"><a class=\"download-cta sms-black\" title=\"Scarica gratis SendBlaster Free\" href=\"https:\/\/www.sendblaster.com\/download\/sendblaster433.zip\">DOWNLOAD SENDBLASTER SMS<\/a><a class=\"buy-cta\" title=\"Acquista subito crediti SMS\" href=\"https:\/\/sms.sendblaster.com\/\">REGISTRATI E ACQUISTA SMS<\/a><\/p>\n\n<\/div><\/div>\n\n<div class=\"gb-container gb-container-cc1df3ce\"><div class=\"gb-inside-container\">\n<div  class=\"g1-divider g1-divider--none g1-divider--noicon aa\"><\/div>\n\n<\/div><\/div>\n\n<div class=\"gb-container gb-container-79719d1a\" id=\"pricing\"><div class=\"gb-inside-container\">\n\n<h2 style=\"text-align: center; color: #2895c2; font-size: 35px; margin-bottom: 40px;\">Prezzi SMS Professionali accessibili e trasparenti<\/h2>\n<div id=\"\" class=\"g1-table g1-table--solid \">\n<table>\n<thead>\n<tr>\n<th>SMS<\/th>\n<th>Costo totale <span style=\"font-weight: 300;\">(iva esclusa)<\/span><\/th>\n<th>Costo unitario <span style=\"font-weight: 300;\">(iva esclusa)<\/span><\/th>\n<th><\/th>\n<\/tr>\n<\/thead>\n<tbody>\n<tr>\n<td style=\"vertical-align: middle; font-size: 18px; padding: 9px 12px;\">500<\/td>\n<td style=\"vertical-align: middle; font-size: 18px; font-weight: 600; padding: 9px 12px;\">\u20ac 31,00<\/td>\n<td style=\"vertical-align: middle; font-size: 18px; padding: 9px 12px;\">\u20ac 0,062 \/ sms<\/td>\n<td style=\"vertical-align: middle; text-align: center; width: 20%; padding: 9px 12px;\"><a class=\"buy-cta\" style=\"margin: 0px; padding: 10px 25px 13px;\" title=\"Acquista subito crediti SMS\" href=\"https:\/\/sms.sendblaster.com\/\">Registrati e acquista SMS<\/a><\/td>\n<\/tr>\n<tr>\n<td style=\"vertical-align: middle; font-size: 18px; padding: 9px 12px;\">1.000<\/td>\n<td style=\"vertical-align: middle; font-size: 18px; font-weight: 600; padding: 9px 12px;\">\u20ac 62,00<\/td>\n<td style=\"vertical-align: middle; font-size: 18px; padding: 9px 12px;\">\u20ac 0,062 \/ sms<\/td>\n<td style=\"vertical-align: middle; text-align: center; width: 20%; padding: 9px 12px;\"><a class=\"buy-cta\" style=\"margin: 0px; padding: 10px 25px 13px;\" title=\"Acquista subito crediti SMS\" href=\"https:\/\/sms.sendblaster.com\/\">Registrati e acquista SMS<\/a><\/td>\n<\/tr>\n<tr>\n<td style=\"vertical-align: middle; font-size: 18px; padding: 9px 12px;\">2.000<\/td>\n<td style=\"vertical-align: middle; font-size: 18px; font-weight: 600; padding: 9px 12px;\">\u20ac 124,00<\/td>\n<td style=\"vertical-align: middle; font-size: 18px; padding: 9px 12px;\">\u20ac 0,062 \/ sms<\/td>\n<td style=\"vertical-align: middle; text-align: center; width: 20%; padding: 9px 12px;\"><a class=\"buy-cta\" style=\"margin: 0px; padding: 10px 25px 13px;\" title=\"Acquista subito crediti SMS\" href=\"https:\/\/sms.sendblaster.com\/\">Registrati e acquista SMS<\/a><\/td>\n<\/tr>\n<tr>\n<td style=\"vertical-align: middle; font-size: 18px; padding: 9px 12px;\">5.536<\/td>\n<td style=\"vertical-align: middle; font-size: 18px; font-weight: 600; padding: 9px 12px;\">\u20ac 310,00<\/td>\n<td style=\"vertical-align: middle; font-size: 18px; padding: 9px 12px;\">\u20ac 0,056 \/ sms<\/td>\n<td style=\"vertical-align: middle; text-align: center; width: 20%; padding: 9px 12px;\"><a class=\"buy-cta\" style=\"margin: 0px; padding: 10px 25px 13px;\" title=\"Acquista subito crediti SMS\" href=\"https:\/\/sms.sendblaster.com\/\">Registrati e acquista SMS<\/a><\/td>\n<\/tr>\n<tr>\n<td style=\"vertical-align: middle; font-size: 18px; padding: 9px 12px;\">10.926<\/td>\n<td style=\"vertical-align: middle; font-size: 18px; font-weight: 600; padding: 9px 12px;\">\u20ac 590,00<\/td>\n<td style=\"vertical-align: middle; font-size: 18px; padding: 9px 12px;\">\u20ac 0,054 \/ sms<\/td>\n<td style=\"vertical-align: middle; text-align: center; width: 20%; padding: 9px 12px;\"><a class=\"buy-cta\" style=\"margin: 0px; padding: 10px 25px 13px;\" title=\"Acquista subito crediti SMS\" href=\"https:\/\/sms.sendblaster.com\/\">Registrati e acquista SMS<\/a><\/td>\n<\/tr>\n<tr>\n<td style=\"vertical-align: middle; font-size: 18px; padding: 9px 12px;\">16.442<\/td>\n<td style=\"vertical-align: middle; font-size: 18px; font-weight: 600; padding: 9px 12px;\">\u20ac 855,00<\/td>\n<td style=\"vertical-align: middle; font-size: 18px; padding: 9px 12px;\">\u20ac 0,052 \/ sms<\/td>\n<td style=\"vertical-align: middle; text-align: center; width: 20%; padding: 9px 12px;\"><a class=\"buy-cta\" style=\"margin: 0px; padding: 10px 25px 13px;\" title=\"Acquista subito crediti SMS\" href=\"https:\/\/sms.sendblaster.com\/\">Registrati e acquista SMS<\/a><\/td>\n<\/tr>\n<\/tbody>\n<\/table>\n<\/div>\n<p style=\"text-align: center;\">Hai bisogno di un pacchetto SMS Professionali pi\u00f9 voluminoso? <a href=\"https:\/\/www.sendblaster.com\/it\/assistenza\/\">Contattaci per ricevere un&#8217;offerta personalizzata<\/a>.<\/p>\n<p style=\"text-align: center;\">Ricorda che i prezzi indicati in tabella sono Iva Esclusa.<\/p>\n\n<\/div><\/div>\n\n<div class=\"gb-container gb-container-3bd9366c\"><div class=\"gb-inside-container\">\n<div  class=\"g1-divider g1-divider--none g1-divider--noicon aa\"><\/div>\n\n<\/div><\/div>\n\n<div class=\"gb-container gb-container-fb042d72\" id=\"faq\"><div class=\"gb-inside-container\">\n\n<h2 style=\"text-align: center; color: #2895c2; font-size: 35px; margin-bottom: 40px;\">Domande frequenti<\/h2>\n\n\n\n<div class=\"wp-block-pb-accordion-item c-accordion__item js-accordion-item no-js\" data-initially-open=\"false\" data-click-to-close=\"true\" data-auto-close=\"true\" data-scroll=\"false\" data-scroll-offset=\"0\"><h4 id=\"at-37821\" class=\"c-accordion__title js-accordion-controller\" role=\"button\">In che modo posso inviare gli SMS acquistati?<\/h4><div id=\"ac-37821\" class=\"c-accordion__content\">\n<p>Il gateway SMS di SendBlasterSMS pu\u00f2 essere utilizzato direttamente dal programma SendBlaster (sia versione Free che versione Pro) o attraverso l\u2019interfaccia web raggiungibile al link: <a href=\"https:\/\/sms.sendblaster.com\/\">sms.sendblaster.com<\/a><\/p>\n<\/div><\/div>\n\n\n\n<div class=\"wp-block-pb-accordion-item c-accordion__item js-accordion-item no-js\" data-initially-open=\"false\" data-click-to-close=\"true\" data-auto-close=\"true\" data-scroll=\"false\" data-scroll-offset=\"0\"><h4 id=\"at-37823\" class=\"c-accordion__title js-accordion-controller\" role=\"button\">Quanti caratteri \u00e8 possibile utilizzare per ogni messaggio?<\/h4><div id=\"ac-37823\" class=\"c-accordion__content\">\n<p>SendBlasterSMS supporta gli sms standard di 160 caratteri ma consente anche di inviare sms multipli automaticamente concatenati e visulizzati al ricevente come un unico sms. Nel caso di sms concatenati ogni singola parte pu\u00f2 avere al massimo 153 caratteri in quanto i rimanenti sono utilizzati dal protocollo GSM per la concatenzazione.<\/p>\n<\/div><\/div>\n\n\n\n<div class=\"wp-block-pb-accordion-item c-accordion__item js-accordion-item no-js\" data-initially-open=\"false\" data-click-to-close=\"true\" data-auto-close=\"true\" data-scroll=\"false\" data-scroll-offset=\"0\"><h4 id=\"at-37824\" class=\"c-accordion__title js-accordion-controller\" role=\"button\">Quanti sms posso inviare contemporaneamente?<\/h4><div id=\"ac-37824\" class=\"c-accordion__content\">\n<p>La struttura a code dedicate disponibile in SendBlasterSMS non pone limite al numero di destinatari contemporanei di uno stesso messaggio. Una volta inseriti nel sistema, gli SMS vengono smistati ai vari operatori GSM. Dalla sezione statistiche \u00e8 possibile controllare in tempo reale l\u2019esito di ciascun invio, filtrando eventualmente con gli strumenti di ricerca disponibili.<\/p>\n<\/div><\/div>\n\n\n\n<div class=\"wp-block-pb-accordion-item c-accordion__item js-accordion-item no-js\" data-initially-open=\"false\" data-click-to-close=\"true\" data-auto-close=\"true\" data-scroll=\"false\" data-scroll-offset=\"0\"><h4 id=\"at-37825\" class=\"c-accordion__title js-accordion-controller\" role=\"button\">In caso di necessit\u00e0, come posso contattare l&#8217;assistenza?<\/h4><div id=\"ac-37825\" class=\"c-accordion__content\">\n<p>L\u2019assistenza ai clienti \u00e8 raggiungibile all\u2019indirizzo\u00a0<a href=\"https:\/\/www.sendblaster.com\/it\/assistenza\/\">www.sendblaster.com\/it\/assistenza\/<\/a>. Tutti i dettagli nella sezione supporto.<\/p>\n<\/div><\/div>\n\n\n\n<div class=\"wp-block-pb-accordion-item c-accordion__item js-accordion-item no-js\" data-initially-open=\"false\" data-click-to-close=\"true\" data-auto-close=\"true\" data-scroll=\"false\" data-scroll-offset=\"0\"><h4 id=\"at-37826\" class=\"c-accordion__title js-accordion-controller\" role=\"button\">Ho dimenticato i dati d&#8217;accesso: come posso recuperarli?<\/h4><div id=\"ac-37826\" class=\"c-accordion__content\">\n<p>Per motivi di sicurezza la password \u00e8 memorizzata in modo criptato anche per i tecnici di SendBlasterSMS. In caso di necessit\u00e0, dunque, \u00e8 possibile richiedere automaticamente una nuova password dalla sezione Ricorda password. Il sistema invier\u00e0 automaticamente una nuova password all\u2019indirizzo email indicato. In seguito, comunque, \u00e8 sempre possibile modificare la password dalla sezione profilo del proprio account.<br>In caso di ulteriori difficolt\u00e0 contatta l\u2019assistenza ai clienti all\u2019indirizzo&nbsp;<a href=\"https:\/\/www.sendblaster.com\/it\/assistenza\/\">www.sendblaster.com\/it\/assistenza\/<\/a>.<\/p>\n<\/div><\/div>\n\n<\/div><\/div>","protected":false},"excerpt":{"rendered":"<p>Invia SMS professionali ai tuoi clienti Spedisci messaggi SMS alle tue liste direttamente da SendBlaster Free o attraverso la nostra piattaforma web a prezzi super DOWNLOAD SENDBLASTER SMSREGISTRATI E ACQUISTA SMS Invia SMS Professionali alle tue liste direttamente dall&#8217;interfaccia di <\/p>\n<p class=\"read-more-container\"><a class=\"button read-more\" href=\"https:\/\/www.sendblaster.com\/it\/sendblaster-sms\/\" title=\"\">Continua a leggere<\/a><\/p>\n","protected":false},"author":1,"featured_media":0,"parent":0,"menu_order":0,"comment_status":"closed","ping_status":"closed","template":"","meta":{"_monsterinsights_skip_tracking":false,"_monsterinsights_sitenote_active":false,"_monsterinsights_sitenote_note":"","_monsterinsights_sitenote_category":0,"footnotes":""},"class_list":["post-3782","page","type-page","status-publish"],"yoast_head":"<!-- This site is optimized with the Yoast SEO plugin v23.5 - https:\/\/yoast.com\/wordpress\/plugins\/seo\/ -->\n<title>SendBlaster SMS - Invia SMS professionali ai tuoi clienti<\/title>\n<meta name=\"description\" content=\"Spedisci messaggi SMS alle tue liste direttamente da SendBlaster Free o attraverso la nostra piattaforma web a prezzi super. Provalo subito!\" \/>\n<meta name=\"robots\" content=\"index, follow, max-snippet:-1, max-image-preview:large, max-video-preview:-1\" \/>\n<link rel=\"canonical\" href=\"https:\/\/www.sendblaster.com\/it\/sendblaster-sms\/\" \/>\n<meta property=\"og:locale\" content=\"it_IT\" \/>\n<meta property=\"og:type\" content=\"article\" \/>\n<meta property=\"og:title\" content=\"SendBlaster SMS - Invia SMS professionali ai tuoi clienti\" \/>\n<meta property=\"og:description\" content=\"Spedisci messaggi SMS alle tue liste direttamente da SendBlaster Free o attraverso la nostra piattaforma web a prezzi super. Provalo subito!\" \/>\n<meta property=\"og:url\" content=\"https:\/\/www.sendblaster.com\/it\/sendblaster-sms\/\" \/>\n<meta property=\"og:site_name\" content=\"SendBlaster programma email marketing\" \/>\n<meta property=\"article:modified_time\" content=\"2021-12-14T11:07:51+00:00\" \/>\n<meta name=\"twitter:card\" content=\"summary_large_image\" \/>\n<meta name=\"twitter:label1\" content=\"Tempo di lettura stimato\" \/>\n\t<meta name=\"twitter:data1\" content=\"4 minuti\" \/>\n<script type=\"application\/ld+json\" class=\"yoast-schema-graph\">{\"@context\":\"https:\/\/schema.org\",\"@graph\":[{\"@type\":\"WebPage\",\"@id\":\"https:\/\/www.sendblaster.com\/it\/sendblaster-sms\/\",\"url\":\"https:\/\/www.sendblaster.com\/it\/sendblaster-sms\/\",\"name\":\"SendBlaster SMS - Invia SMS professionali ai tuoi clienti\",\"isPartOf\":{\"@id\":\"https:\/\/www.sendblaster.com\/#website\"},\"datePublished\":\"2019-01-07T08:53:16+00:00\",\"dateModified\":\"2021-12-14T11:07:51+00:00\",\"description\":\"Spedisci messaggi SMS alle tue liste direttamente da SendBlaster Free o attraverso la nostra piattaforma web a prezzi super. Provalo subito!\",\"breadcrumb\":{\"@id\":\"https:\/\/www.sendblaster.com\/it\/sendblaster-sms\/#breadcrumb\"},\"inLanguage\":\"it-IT\",\"potentialAction\":[{\"@type\":\"ReadAction\",\"target\":[\"https:\/\/www.sendblaster.com\/it\/sendblaster-sms\/\"]}]},{\"@type\":\"BreadcrumbList\",\"@id\":\"https:\/\/www.sendblaster.com\/it\/sendblaster-sms\/#breadcrumb\",\"itemListElement\":[{\"@type\":\"ListItem\",\"position\":1,\"name\":\"Home\",\"item\":\"https:\/\/www.sendblaster.com\/it\/\"},{\"@type\":\"ListItem\",\"position\":2,\"name\":\"SendBlaster SMS\"}]},{\"@type\":\"WebSite\",\"@id\":\"https:\/\/www.sendblaster.com\/#website\",\"url\":\"https:\/\/www.sendblaster.com\/\",\"name\":\"SendBlaster programma email marketing\",\"description\":\"\",\"publisher\":{\"@id\":\"https:\/\/www.sendblaster.com\/#organization\"},\"potentialAction\":[{\"@type\":\"SearchAction\",\"target\":{\"@type\":\"EntryPoint\",\"urlTemplate\":\"https:\/\/www.sendblaster.com\/?s={search_term_string}\"},\"query-input\":{\"@type\":\"PropertyValueSpecification\",\"valueRequired\":true,\"valueName\":\"search_term_string\"}}],\"inLanguage\":\"it-IT\"},{\"@type\":\"Organization\",\"@id\":\"https:\/\/www.sendblaster.com\/#organization\",\"name\":\"SendBlaster programma email marketing\",\"url\":\"https:\/\/www.sendblaster.com\/\",\"logo\":{\"@type\":\"ImageObject\",\"inLanguage\":\"it-IT\",\"@id\":\"https:\/\/www.sendblaster.com\/#\/schema\/logo\/image\/\",\"url\":\"https:\/\/www.sendblaster.com\/wp-content\/uploads\/2021\/09\/logo-svg-2021.svg\",\"contentUrl\":\"https:\/\/www.sendblaster.com\/wp-content\/uploads\/2021\/09\/logo-svg-2021.svg\",\"width\":350,\"height\":70,\"caption\":\"SendBlaster programma email marketing\"},\"image\":{\"@id\":\"https:\/\/www.sendblaster.com\/#\/schema\/logo\/image\/\"}}]}<\/script>\n<!-- \/ Yoast SEO plugin. -->","yoast_head_json":{"title":"SendBlaster SMS - Invia SMS professionali ai tuoi clienti","description":"Spedisci messaggi SMS alle tue liste direttamente da SendBlaster Free o attraverso la nostra piattaforma web a prezzi super. Provalo subito!","robots":{"index":"index","follow":"follow","max-snippet":"max-snippet:-1","max-image-preview":"max-image-preview:large","max-video-preview":"max-video-preview:-1"},"canonical":"https:\/\/www.sendblaster.com\/it\/sendblaster-sms\/","og_locale":"it_IT","og_type":"article","og_title":"SendBlaster SMS - Invia SMS professionali ai tuoi clienti","og_description":"Spedisci messaggi SMS alle tue liste direttamente da SendBlaster Free o attraverso la nostra piattaforma web a prezzi super. Provalo subito!","og_url":"https:\/\/www.sendblaster.com\/it\/sendblaster-sms\/","og_site_name":"SendBlaster programma email marketing","article_modified_time":"2021-12-14T11:07:51+00:00","twitter_card":"summary_large_image","twitter_misc":{"Tempo di lettura stimato":"4 minuti"},"schema":{"@context":"https:\/\/schema.org","@graph":[{"@type":"WebPage","@id":"https:\/\/www.sendblaster.com\/it\/sendblaster-sms\/","url":"https:\/\/www.sendblaster.com\/it\/sendblaster-sms\/","name":"SendBlaster SMS - Invia SMS professionali ai tuoi clienti","isPartOf":{"@id":"https:\/\/www.sendblaster.com\/#website"},"datePublished":"2019-01-07T08:53:16+00:00","dateModified":"2021-12-14T11:07:51+00:00","description":"Spedisci messaggi SMS alle tue liste direttamente da SendBlaster Free o attraverso la nostra piattaforma web a prezzi super. Provalo subito!","breadcrumb":{"@id":"https:\/\/www.sendblaster.com\/it\/sendblaster-sms\/#breadcrumb"},"inLanguage":"it-IT","potentialAction":[{"@type":"ReadAction","target":["https:\/\/www.sendblaster.com\/it\/sendblaster-sms\/"]}]},{"@type":"BreadcrumbList","@id":"https:\/\/www.sendblaster.com\/it\/sendblaster-sms\/#breadcrumb","itemListElement":[{"@type":"ListItem","position":1,"name":"Home","item":"https:\/\/www.sendblaster.com\/it\/"},{"@type":"ListItem","position":2,"name":"SendBlaster SMS"}]},{"@type":"WebSite","@id":"https:\/\/www.sendblaster.com\/#website","url":"https:\/\/www.sendblaster.com\/","name":"SendBlaster programma email marketing","description":"","publisher":{"@id":"https:\/\/www.sendblaster.com\/#organization"},"potentialAction":[{"@type":"SearchAction","target":{"@type":"EntryPoint","urlTemplate":"https:\/\/www.sendblaster.com\/?s={search_term_string}"},"query-input":{"@type":"PropertyValueSpecification","valueRequired":true,"valueName":"search_term_string"}}],"inLanguage":"it-IT"},{"@type":"Organization","@id":"https:\/\/www.sendblaster.com\/#organization","name":"SendBlaster programma email marketing","url":"https:\/\/www.sendblaster.com\/","logo":{"@type":"ImageObject","inLanguage":"it-IT","@id":"https:\/\/www.sendblaster.com\/#\/schema\/logo\/image\/","url":"https:\/\/www.sendblaster.com\/wp-content\/uploads\/2021\/09\/logo-svg-2021.svg","contentUrl":"https:\/\/www.sendblaster.com\/wp-content\/uploads\/2021\/09\/logo-svg-2021.svg","width":350,"height":70,"caption":"SendBlaster programma email marketing"},"image":{"@id":"https:\/\/www.sendblaster.com\/#\/schema\/logo\/image\/"}}]}},"_links":{"self":[{"href":"https:\/\/www.sendblaster.com\/it\/wp-json\/wp\/v2\/pages\/3782"}],"collection":[{"href":"https:\/\/www.sendblaster.com\/it\/wp-json\/wp\/v2\/pages"}],"about":[{"href":"https:\/\/www.sendblaster.com\/it\/wp-json\/wp\/v2\/types\/page"}],"author":[{"embeddable":true,"href":"https:\/\/www.sendblaster.com\/it\/wp-json\/wp\/v2\/users\/1"}],"replies":[{"embeddable":true,"href":"https:\/\/www.sendblaster.com\/it\/wp-json\/wp\/v2\/comments?post=3782"}],"version-history":[{"count":38,"href":"https:\/\/www.sendblaster.com\/it\/wp-json\/wp\/v2\/pages\/3782\/revisions"}],"predecessor-version":[{"id":6173,"href":"https:\/\/www.sendblaster.com\/it\/wp-json\/wp\/v2\/pages\/3782\/revisions\/6173"}],"wp:attachment":[{"href":"https:\/\/www.sendblaster.com\/it\/wp-json\/wp\/v2\/media?parent=3782"}],"curies":[{"name":"wp","href":"https:\/\/api.w.org\/{rel}","templated":true}]}}