{"id":2872,"date":"2018-05-25T08:15:27","date_gmt":"2018-05-25T08:15:27","guid":{"rendered":"https:\/\/www.sendblaster.com\/wpnew-2018\/?page_id=2872"},"modified":"2018-05-25T08:15:27","modified_gmt":"2018-05-25T08:15:27","slug":"turbosmtp-server-smtp-professionale","status":"publish","type":"page","link":"https:\/\/www.sendblaster.com\/it\/turbosmtp-server-smtp-professionale\/","title":{"rendered":"turboSMTP server SMTP professionale"},"content":{"rendered":"<h2 style=\"text-align: center;\">Hai problemi nella configurazione SMTP e non riesci ad inviare le tue email?<\/h2>\n<p style=\"text-align: center;\"><img decoding=\"async\" width=\"579\" height=\"140\" src=\"https:\/\/www.sendblaster.com\/wp-content\/uploads\/2018\/04\/turbo-logo.png\" alt=\"turboSMTP professional SMTP server\" \/><\/p>\n<h2 style=\"text-align: center;\">Affidati al servizio professionale di <strong>turboSMTP<\/strong> o richiedi assistenza al nostro reparto tecnico specializzato per la configurazione SMTP.<\/h2>\n<p style=\"text-align: center; margin-bottom: 0px;\"><a href=\"http:\/\/www.serversmtp.com\/it\/\" title=\"Scopri turboSMTP\" class=\"buy-cta\">Scopri subito turboSMTP<\/a><\/p>\n<p>&nbsp;<\/p>\n<h2 style=\"text-align: center;\">Confuso sul funzionamento dell&#8217;SMTP?<\/h2>\n<p style=\"text-align: center;\">Verifica qui tutto quello che c&#8217;\u00e8 da sapere sulle impostazioni del <strong>server SMTP<\/strong>: che cos&#8217;\u00e8 \u00e8 il <strong>protocollo SMTP<\/strong>, come utilizzare e configurare un <strong>server di posta in uscita<\/strong> per il tuo client, come funziona la consegna della posta elettronica, come impostare un <strong>server POP<\/strong> in entrata, come interpretare (e risolvere) i <strong>messaggi di errore<\/strong> pi\u00f9 comuni dell&#8217;SMTP ed altro ancora.<\/p>\n<ul class=\"g1-grid\"><li class=\"g1-column g1-one-third g1-valign-top\">\n<p style=\"text-align: center;\"><img decoding=\"async\" width=\"110\" height=\"85\" src=\"https:\/\/www.sendblaster.com\/wp-content\/uploads\/2018\/05\/turbohelp.png\" alt=\"turboSMTP professional SMTP server\" \/><\/p>\n<h3 style=\"text-align: center;\"><a href=\"http:\/\/www.serversmtp.com\/it\/impostazione-smtp\" target=\"_blank\" title=\"Impostazione SMTP\">Impostazione SMTP<\/a><\/h3>\n<p style=\"text-align: center;\">Impostazione SMTP Come configurare il vostro server SMTP e risolvere i problemi pi\u00f9 comuni (con un elenco di tutti i codici di errore).\ufeff\ufeff<\/p>\n<\/li><!-- -->\n<li class=\"g1-column g1-one-third g1-valign-top\">\n<p style=\"text-align: center;\"><img decoding=\"async\" width=\"110\" height=\"85\" src=\"https:\/\/www.sendblaster.com\/wp-content\/uploads\/2018\/05\/turbohelp.png\" alt=\"turboSMTP professional SMTP server\" \/><\/p>\n<h3 style=\"text-align: center;\"><a href=\"http:\/\/www.serversmtp.com\/it\/invio-ricezione-email\" target=\"_blank\" title=\"Invio email e ricezione\">Invio email e ricezione<\/a><\/h3>\n<p style=\"text-align: center;\">Invio email e ricezione Inviare, tracciare e ricevere un&#8217;email: come funziona il tragitto della posta elettronica.<\/p>\n<\/li><!-- -->\n<li class=\"g1-column g1-one-third g1-valign-top\">\n<p style=\"text-align: center;\"><img decoding=\"async\" width=\"110\" height=\"85\" src=\"https:\/\/www.sendblaster.com\/wp-content\/uploads\/2018\/05\/turbohelp.png\" alt=\"turboSMTP professional SMTP server\" \/><\/p>\n<h3 style=\"text-align: center;\"><a href=\"http:\/\/www.serversmtp.com\/it\/smtp-client-posta\" target=\"_blank\" title=\"SMTP per client di posta\">SMTP per client di posta<\/a><\/h3>\n<p style=\"text-align: center;\">SMTP per client di posta Come configurare le impostazioni del server SMTP sul proprio mail client (Thunderbird, Outlook&#8230;).<\/p>\n<\/li><!-- --><\/ul>\n<ul class=\"g1-grid\"><li class=\"g1-column g1-one-third g1-valign-top\">\n<p style=\"text-align: center;\"><img decoding=\"async\" width=\"110\" height=\"85\" src=\"https:\/\/www.sendblaster.com\/wp-content\/uploads\/2018\/05\/turbohelp.png\" alt=\"turboSMTP professional SMTP server\" \/><\/p>\n<h3 style=\"text-align: center;\"><a href=\"http:\/\/www.serversmtp.com\/it\/smtp-per-mobile\" target=\"_blank\" title=\"SMTP per mobile\">SMTP per mobile<\/a><\/h3>\n<p style=\"text-align: center;\">SMTP per mobile Se inviate le vostre email da un dispositivo mobile, ecco come impostare correttamente i parametri SMTP.\ufeff<\/p>\n<\/li><!-- -->\n<li class=\"g1-column g1-one-third g1-valign-top\">\n<p style=\"text-align: center;\"><img decoding=\"async\" width=\"110\" height=\"85\" src=\"https:\/\/www.sendblaster.com\/wp-content\/uploads\/2018\/05\/turbohelp.png\" alt=\"turboSMTP professional SMTP server\" \/><\/p>\n<h3 style=\"text-align: center;\"><a href=\"http:\/\/www.serversmtp.com\/it\/smtp-gratuiti-parametri\" target=\"_blank\" title=\"Parametri SMTP gratuiti\">Parametri SMTP gratuiti<\/a><\/h3>\n<p style=\"text-align: center;\">Parametri SMTP gratuiti Tutti i dati di impostazione dei pi\u00f9 diffusi server SMTP gratuiti: Gmail, Hotmail, Tim, Alice, Libero, Fastweb&#8230;<\/p>\n<\/li><!-- -->\n<li class=\"g1-column g1-one-third g1-valign-top\">\n<p style=\"text-align: center;\"><img decoding=\"async\" width=\"110\" height=\"85\" src=\"https:\/\/www.sendblaster.com\/wp-content\/uploads\/2018\/05\/turbohelp.png\" alt=\"turboSMTP professional SMTP server\" \/><\/p>\n<h3 style=\"text-align: center;\"><a href=\"http:\/\/www.serversmtp.com\/it\/server-smtp-informazioni\" target=\"_blank\" title=\"Il server SMTP\">Il server SMTP<\/a><\/h3>\n<p style=\"text-align: center;\">Il server SMTP Cos&#8217;\u00e8 l&#8217;SMTP, cos&#8217;\u00e8 un server in uscita, e come verificare la validit\u00e0 dell&#8217;IP da cui si spediscono le email.<\/p>\n<\/li><!-- --><\/ul>\n","protected":false},"excerpt":{"rendered":"<p>Hai problemi nella configurazione SMTP e non riesci ad inviare le tue email? Affidati al servizio professionale di turboSMTP o richiedi assistenza al nostro reparto tecnico specializzato per la configurazione SMTP. Scopri subito turboSMTP &nbsp; Confuso sul funzionamento dell&#8217;SMTP? Verifica <\/p>\n<p class=\"read-more-container\"><a class=\"button read-more\" href=\"https:\/\/www.sendblaster.com\/it\/turbosmtp-server-smtp-professionale\/\" title=\"\">Continua a leggere<\/a><\/p>\n","protected":false},"author":1,"featured_media":0,"parent":0,"menu_order":0,"comment_status":"closed","ping_status":"closed","template":"g1_template_page_full.php","meta":{"_monsterinsights_skip_tracking":false,"_monsterinsights_sitenote_active":false,"_monsterinsights_sitenote_note":"","_monsterinsights_sitenote_category":0,"footnotes":""},"class_list":["post-2872","page","type-page","status-publish"],"yoast_head":"<!-- This site is optimized with the Yoast SEO plugin v23.5 - https:\/\/yoast.com\/wordpress\/plugins\/seo\/ -->\n<title>turboSMTP server SMTP professionale - SendBlaster programma email marketing<\/title>\n<meta name=\"description\" content=\"SendBlaster programma email marketing turboSMTP server SMTP professionale Hai problemi nella configurazione SMTP e non riesci ad inviare le tue email? Affidati al servizio professionale di turboSMTP o richiedi assistenza al\" \/>\n<meta name=\"robots\" content=\"index, follow, max-snippet:-1, max-image-preview:large, max-video-preview:-1\" \/>\n<link rel=\"canonical\" href=\"https:\/\/www.sendblaster.com\/it\/turbosmtp-server-smtp-professionale\/\" \/>\n<meta property=\"og:locale\" content=\"it_IT\" \/>\n<meta property=\"og:type\" content=\"article\" \/>\n<meta property=\"og:title\" content=\"turboSMTP server SMTP professionale - SendBlaster programma email marketing\" \/>\n<meta property=\"og:description\" content=\"SendBlaster programma email marketing turboSMTP server SMTP professionale Hai problemi nella configurazione SMTP e non riesci ad inviare le tue email? Affidati al servizio professionale di turboSMTP o richiedi assistenza al\" \/>\n<meta property=\"og:url\" content=\"https:\/\/www.sendblaster.com\/it\/turbosmtp-server-smtp-professionale\/\" \/>\n<meta property=\"og:site_name\" content=\"SendBlaster programma email marketing\" \/>\n<meta property=\"og:image\" content=\"https:\/\/www.sendblaster.com\/wp-content\/uploads\/2018\/04\/turbo-logo.png\" \/>\n<meta name=\"twitter:card\" content=\"summary_large_image\" \/>\n<meta name=\"twitter:label1\" content=\"Tempo di lettura stimato\" \/>\n\t<meta name=\"twitter:data1\" content=\"1 minuto\" \/>\n<script type=\"application\/ld+json\" class=\"yoast-schema-graph\">{\"@context\":\"https:\/\/schema.org\",\"@graph\":[{\"@type\":\"WebPage\",\"@id\":\"https:\/\/www.sendblaster.com\/it\/turbosmtp-server-smtp-professionale\/\",\"url\":\"https:\/\/www.sendblaster.com\/it\/turbosmtp-server-smtp-professionale\/\",\"name\":\"turboSMTP server SMTP professionale - SendBlaster programma email marketing\",\"isPartOf\":{\"@id\":\"https:\/\/www.sendblaster.com\/#website\"},\"primaryImageOfPage\":{\"@id\":\"https:\/\/www.sendblaster.com\/it\/turbosmtp-server-smtp-professionale\/#primaryimage\"},\"image\":{\"@id\":\"https:\/\/www.sendblaster.com\/it\/turbosmtp-server-smtp-professionale\/#primaryimage\"},\"thumbnailUrl\":\"https:\/\/www.sendblaster.com\/wp-content\/uploads\/2018\/04\/turbo-logo.png\",\"datePublished\":\"2018-05-25T08:15:27+00:00\",\"dateModified\":\"2018-05-25T08:15:27+00:00\",\"description\":\"SendBlaster programma email marketing turboSMTP server SMTP professionale Hai problemi nella configurazione SMTP e non riesci ad inviare le tue email? Affidati al servizio professionale di turboSMTP o richiedi assistenza al\",\"breadcrumb\":{\"@id\":\"https:\/\/www.sendblaster.com\/it\/turbosmtp-server-smtp-professionale\/#breadcrumb\"},\"inLanguage\":\"it-IT\",\"potentialAction\":[{\"@type\":\"ReadAction\",\"target\":[\"https:\/\/www.sendblaster.com\/it\/turbosmtp-server-smtp-professionale\/\"]}]},{\"@type\":\"ImageObject\",\"inLanguage\":\"it-IT\",\"@id\":\"https:\/\/www.sendblaster.com\/it\/turbosmtp-server-smtp-professionale\/#primaryimage\",\"url\":\"https:\/\/www.sendblaster.com\/wp-content\/uploads\/2018\/04\/turbo-logo.png\",\"contentUrl\":\"https:\/\/www.sendblaster.com\/wp-content\/uploads\/2018\/04\/turbo-logo.png\"},{\"@type\":\"BreadcrumbList\",\"@id\":\"https:\/\/www.sendblaster.com\/it\/turbosmtp-server-smtp-professionale\/#breadcrumb\",\"itemListElement\":[{\"@type\":\"ListItem\",\"position\":1,\"name\":\"Home\",\"item\":\"https:\/\/www.sendblaster.com\/it\/\"},{\"@type\":\"ListItem\",\"position\":2,\"name\":\"turboSMTP server SMTP professionale\"}]},{\"@type\":\"WebSite\",\"@id\":\"https:\/\/www.sendblaster.com\/#website\",\"url\":\"https:\/\/www.sendblaster.com\/\",\"name\":\"SendBlaster programma email marketing\",\"description\":\"\",\"publisher\":{\"@id\":\"https:\/\/www.sendblaster.com\/#organization\"},\"potentialAction\":[{\"@type\":\"SearchAction\",\"target\":{\"@type\":\"EntryPoint\",\"urlTemplate\":\"https:\/\/www.sendblaster.com\/?s={search_term_string}\"},\"query-input\":{\"@type\":\"PropertyValueSpecification\",\"valueRequired\":true,\"valueName\":\"search_term_string\"}}],\"inLanguage\":\"it-IT\"},{\"@type\":\"Organization\",\"@id\":\"https:\/\/www.sendblaster.com\/#organization\",\"name\":\"SendBlaster programma email marketing\",\"url\":\"https:\/\/www.sendblaster.com\/\",\"logo\":{\"@type\":\"ImageObject\",\"inLanguage\":\"it-IT\",\"@id\":\"https:\/\/www.sendblaster.com\/#\/schema\/logo\/image\/\",\"url\":\"https:\/\/www.sendblaster.com\/wp-content\/uploads\/2021\/09\/logo-svg-2021.svg\",\"contentUrl\":\"https:\/\/www.sendblaster.com\/wp-content\/uploads\/2021\/09\/logo-svg-2021.svg\",\"width\":350,\"height\":70,\"caption\":\"SendBlaster programma email marketing\"},\"image\":{\"@id\":\"https:\/\/www.sendblaster.com\/#\/schema\/logo\/image\/\"}}]}<\/script>\n<!-- \/ Yoast SEO plugin. -->","yoast_head_json":{"title":"turboSMTP server SMTP professionale - SendBlaster programma email marketing","description":"SendBlaster programma email marketing turboSMTP server SMTP professionale Hai problemi nella configurazione SMTP e non riesci ad inviare le tue email? Affidati al servizio professionale di turboSMTP o richiedi assistenza al","robots":{"index":"index","follow":"follow","max-snippet":"max-snippet:-1","max-image-preview":"max-image-preview:large","max-video-preview":"max-video-preview:-1"},"canonical":"https:\/\/www.sendblaster.com\/it\/turbosmtp-server-smtp-professionale\/","og_locale":"it_IT","og_type":"article","og_title":"turboSMTP server SMTP professionale - SendBlaster programma email marketing","og_description":"SendBlaster programma email marketing turboSMTP server SMTP professionale Hai problemi nella configurazione SMTP e non riesci ad inviare le tue email? Affidati al servizio professionale di turboSMTP o richiedi assistenza al","og_url":"https:\/\/www.sendblaster.com\/it\/turbosmtp-server-smtp-professionale\/","og_site_name":"SendBlaster programma email marketing","og_image":[{"url":"https:\/\/www.sendblaster.com\/wp-content\/uploads\/2018\/04\/turbo-logo.png"}],"twitter_card":"summary_large_image","twitter_misc":{"Tempo di lettura stimato":"1 minuto"},"schema":{"@context":"https:\/\/schema.org","@graph":[{"@type":"WebPage","@id":"https:\/\/www.sendblaster.com\/it\/turbosmtp-server-smtp-professionale\/","url":"https:\/\/www.sendblaster.com\/it\/turbosmtp-server-smtp-professionale\/","name":"turboSMTP server SMTP professionale - SendBlaster programma email marketing","isPartOf":{"@id":"https:\/\/www.sendblaster.com\/#website"},"primaryImageOfPage":{"@id":"https:\/\/www.sendblaster.com\/it\/turbosmtp-server-smtp-professionale\/#primaryimage"},"image":{"@id":"https:\/\/www.sendblaster.com\/it\/turbosmtp-server-smtp-professionale\/#primaryimage"},"thumbnailUrl":"https:\/\/www.sendblaster.com\/wp-content\/uploads\/2018\/04\/turbo-logo.png","datePublished":"2018-05-25T08:15:27+00:00","dateModified":"2018-05-25T08:15:27+00:00","description":"SendBlaster programma email marketing turboSMTP server SMTP professionale Hai problemi nella configurazione SMTP e non riesci ad inviare le tue email? Affidati al servizio professionale di turboSMTP o richiedi assistenza al","breadcrumb":{"@id":"https:\/\/www.sendblaster.com\/it\/turbosmtp-server-smtp-professionale\/#breadcrumb"},"inLanguage":"it-IT","potentialAction":[{"@type":"ReadAction","target":["https:\/\/www.sendblaster.com\/it\/turbosmtp-server-smtp-professionale\/"]}]},{"@type":"ImageObject","inLanguage":"it-IT","@id":"https:\/\/www.sendblaster.com\/it\/turbosmtp-server-smtp-professionale\/#primaryimage","url":"https:\/\/www.sendblaster.com\/wp-content\/uploads\/2018\/04\/turbo-logo.png","contentUrl":"https:\/\/www.sendblaster.com\/wp-content\/uploads\/2018\/04\/turbo-logo.png"},{"@type":"BreadcrumbList","@id":"https:\/\/www.sendblaster.com\/it\/turbosmtp-server-smtp-professionale\/#breadcrumb","itemListElement":[{"@type":"ListItem","position":1,"name":"Home","item":"https:\/\/www.sendblaster.com\/it\/"},{"@type":"ListItem","position":2,"name":"turboSMTP server SMTP professionale"}]},{"@type":"WebSite","@id":"https:\/\/www.sendblaster.com\/#website","url":"https:\/\/www.sendblaster.com\/","name":"SendBlaster programma email marketing","description":"","publisher":{"@id":"https:\/\/www.sendblaster.com\/#organization"},"potentialAction":[{"@type":"SearchAction","target":{"@type":"EntryPoint","urlTemplate":"https:\/\/www.sendblaster.com\/?s={search_term_string}"},"query-input":{"@type":"PropertyValueSpecification","valueRequired":true,"valueName":"search_term_string"}}],"inLanguage":"it-IT"},{"@type":"Organization","@id":"https:\/\/www.sendblaster.com\/#organization","name":"SendBlaster programma email marketing","url":"https:\/\/www.sendblaster.com\/","logo":{"@type":"ImageObject","inLanguage":"it-IT","@id":"https:\/\/www.sendblaster.com\/#\/schema\/logo\/image\/","url":"https:\/\/www.sendblaster.com\/wp-content\/uploads\/2021\/09\/logo-svg-2021.svg","contentUrl":"https:\/\/www.sendblaster.com\/wp-content\/uploads\/2021\/09\/logo-svg-2021.svg","width":350,"height":70,"caption":"SendBlaster programma email marketing"},"image":{"@id":"https:\/\/www.sendblaster.com\/#\/schema\/logo\/image\/"}}]}},"_links":{"self":[{"href":"https:\/\/www.sendblaster.com\/it\/wp-json\/wp\/v2\/pages\/2872"}],"collection":[{"href":"https:\/\/www.sendblaster.com\/it\/wp-json\/wp\/v2\/pages"}],"about":[{"href":"https:\/\/www.sendblaster.com\/it\/wp-json\/wp\/v2\/types\/page"}],"author":[{"embeddable":true,"href":"https:\/\/www.sendblaster.com\/it\/wp-json\/wp\/v2\/users\/1"}],"replies":[{"embeddable":true,"href":"https:\/\/www.sendblaster.com\/it\/wp-json\/wp\/v2\/comments?post=2872"}],"version-history":[{"count":1,"href":"https:\/\/www.sendblaster.com\/it\/wp-json\/wp\/v2\/pages\/2872\/revisions"}],"predecessor-version":[{"id":2873,"href":"https:\/\/www.sendblaster.com\/it\/wp-json\/wp\/v2\/pages\/2872\/revisions\/2873"}],"wp:attachment":[{"href":"https:\/\/www.sendblaster.com\/it\/wp-json\/wp\/v2\/media?parent=2872"}],"curies":[{"name":"wp","href":"https:\/\/api.w.org\/{rel}","templated":true}]}}