{"id":1798,"date":"2018-05-14T15:32:05","date_gmt":"2018-05-14T15:32:05","guid":{"rendered":"https:\/\/www.sendblaster.com\/wpnew-2018\/?page_id=1798"},"modified":"2018-05-14T15:32:50","modified_gmt":"2018-05-14T15:32:50","slug":"come-usare-la-funzione-taglia-e-sostituisci","status":"publish","type":"page","link":"https:\/\/www.sendblaster.com\/it\/come-usare-la-funzione-taglia-e-sostituisci\/","title":{"rendered":"Come usare la funzione \u201cTaglia e sostituisci\u201d"},"content":{"rendered":"<div class=\"box-info new-icon\"><strong>Questa funzionalit\u00e0 \u00e8 disponibile sia nella versione FREE che nella versione PRO di SendBlaster 3.<\/strong><\/div>\n<p>&nbsp;<\/p>\n<p>In <strong>SendBlaster 3<\/strong> \u00e8 stata aggiunta una nuova funzione che semplifica l&#8217;utilizzo delle immagini.<\/p>\n<p>Si chiama <strong>Taglia e Sostituisci<\/strong> e consente di sostituire le immagini inserite nel messaggi senza la necessit\u00e0 di doverle ridimensionare manualmente. Grazie a questo strumento le immagini saranno ritagliate in automatico senza distorsioni e ridimensionate perfettamente all&#8217;interno del messaggio, il cui layout rester\u00e0 invariato.<\/p>\n<p>Utilizzare questo nuovo strumento \u00e8 molto semplice. Fai click sull&#8217;immagine nel tuo messaggio che desideri sostituire.<\/p>\n<p>&nbsp;<\/p>\n<p><img decoding=\"async\" class=\"alignnone size-full wp-image-1800\" src=\"https:\/\/www.sendblaster.com\/wp-content\/uploads\/2018\/05\/crop.jpg\" alt=\"\" width=\"543\" height=\"295\" srcset=\"https:\/\/www.sendblaster.com\/wp-content\/uploads\/2018\/05\/crop.jpg 543w, https:\/\/www.sendblaster.com\/wp-content\/uploads\/2018\/05\/crop-300x163.jpg 300w, https:\/\/www.sendblaster.com\/wp-content\/uploads\/2018\/05\/crop-320x174.jpg 320w, https:\/\/www.sendblaster.com\/wp-content\/uploads\/2018\/05\/crop-239x130.jpg 239w\" sizes=\"(max-width: 543px) 100vw, 543px\" \/><\/p>\n<p>&nbsp;<\/p>\n<p>Clicca sull&#8217;icona <strong>Ritaglia e Sostituisci<\/strong> presente nell&#8217;editor di composizione dei messaggi.<\/p>\n<p>&nbsp;<\/p>\n<p><img decoding=\"async\" class=\"alignnone size-full wp-image-1801\" src=\"https:\/\/www.sendblaster.com\/wp-content\/uploads\/2018\/05\/crop2.jpg\" alt=\"\" width=\"500\" height=\"80\" srcset=\"https:\/\/www.sendblaster.com\/wp-content\/uploads\/2018\/05\/crop2.jpg 500w, https:\/\/www.sendblaster.com\/wp-content\/uploads\/2018\/05\/crop2-300x48.jpg 300w, https:\/\/www.sendblaster.com\/wp-content\/uploads\/2018\/05\/crop2-320x51.jpg 320w, https:\/\/www.sendblaster.com\/wp-content\/uploads\/2018\/05\/crop2-239x38.jpg 239w\" sizes=\"(max-width: 500px) 100vw, 500px\" \/><\/p>\n<p>&nbsp;<\/p>\n<p>Ti apparir\u00e0 una nuova finestra contenente due sezioni.<\/p>\n<p>&nbsp;<\/p>\n<p><img decoding=\"async\" class=\"alignnone size-full wp-image-1802\" src=\"https:\/\/www.sendblaster.com\/wp-content\/uploads\/2018\/05\/crop3.jpg\" alt=\"\" width=\"562\" height=\"392\" srcset=\"https:\/\/www.sendblaster.com\/wp-content\/uploads\/2018\/05\/crop3.jpg 562w, https:\/\/www.sendblaster.com\/wp-content\/uploads\/2018\/05\/crop3-300x209.jpg 300w, https:\/\/www.sendblaster.com\/wp-content\/uploads\/2018\/05\/crop3-320x223.jpg 320w, https:\/\/www.sendblaster.com\/wp-content\/uploads\/2018\/05\/crop3-239x167.jpg 239w\" sizes=\"(max-width: 562px) 100vw, 562px\" \/><\/p>\n<p>&nbsp;<\/p>\n<p>Come puoi vedere, nella sezione a destra \u00e8 riportata l&#8217;immagine che hai precedentemente selezionato nel tuo messaggio. Per sostituirla con una nuova immagine, carica un nuovo file, o trascinalo all&#8217;interno dell&#8217;area di lavoro sulla sinistra dell&#8217;editor.<\/p>\n<p>&nbsp;<\/p>\n<p><img decoding=\"async\" class=\"alignnone size-full wp-image-1803\" src=\"https:\/\/www.sendblaster.com\/wp-content\/uploads\/2018\/05\/crop4.jpg\" alt=\"\" width=\"600\" height=\"417\" srcset=\"https:\/\/www.sendblaster.com\/wp-content\/uploads\/2018\/05\/crop4.jpg 600w, https:\/\/www.sendblaster.com\/wp-content\/uploads\/2018\/05\/crop4-300x209.jpg 300w, https:\/\/www.sendblaster.com\/wp-content\/uploads\/2018\/05\/crop4-320x222.jpg 320w, https:\/\/www.sendblaster.com\/wp-content\/uploads\/2018\/05\/crop4-239x166.jpg 239w\" sizes=\"(max-width: 600px) 100vw, 600px\" \/><\/p>\n<p>&nbsp;<\/p>\n<p>La nuova immagine viene ora visualizzata su entrambe le sezioni; nell&#8217;area <strong>Immagine originale<\/strong> appare con le dimensioni originali, mentre nella sezione <strong>Risultati<\/strong> appare con le stesse dimensioni dell&#8217;immagine che si desidera sostituire. Se l&#8217;immagine ridimensionata ti soddisfa, fai click su <strong>OK<\/strong>. La nuova immagine sar\u00e0 inserita nel messaggio, con le stesse dimensioni di quella precedente.<\/p>\n<p>&nbsp;<\/p>\n<p>&nbsp;<\/p>\n<p><img decoding=\"async\" class=\"alignnone size-full wp-image-1804\" src=\"https:\/\/www.sendblaster.com\/wp-content\/uploads\/2018\/05\/crop5.jpg\" alt=\"\" width=\"512\" height=\"288\" srcset=\"https:\/\/www.sendblaster.com\/wp-content\/uploads\/2018\/05\/crop5.jpg 512w, https:\/\/www.sendblaster.com\/wp-content\/uploads\/2018\/05\/crop5-300x169.jpg 300w, https:\/\/www.sendblaster.com\/wp-content\/uploads\/2018\/05\/crop5-482x271.jpg 482w, https:\/\/www.sendblaster.com\/wp-content\/uploads\/2018\/05\/crop5-320x180.jpg 320w, https:\/\/www.sendblaster.com\/wp-content\/uploads\/2018\/05\/crop5-239x134.jpg 239w\" sizes=\"(max-width: 512px) 100vw, 512px\" \/><\/p>\n<p>Ma c&#8217;\u00e8 di pi\u00f9. Lo strumento <strong>Ritaglia e Sostituisci<\/strong> permette anche di selezionare una porzione della nuova immagine e di ridimensionarla automaticamente con la dimensione dell&#8217;immagine iniziale. Per farlo, \u00e8 sufficiente selezionare una parte della nuova immagine che si desidera utilizzare.<\/p>\n<p>&nbsp;<\/p>\n<p><img decoding=\"async\" class=\"alignnone size-full wp-image-1805\" src=\"https:\/\/www.sendblaster.com\/wp-content\/uploads\/2018\/05\/crop6.jpg\" alt=\"\" width=\"559\" height=\"389\" srcset=\"https:\/\/www.sendblaster.com\/wp-content\/uploads\/2018\/05\/crop6.jpg 559w, https:\/\/www.sendblaster.com\/wp-content\/uploads\/2018\/05\/crop6-300x209.jpg 300w, https:\/\/www.sendblaster.com\/wp-content\/uploads\/2018\/05\/crop6-320x223.jpg 320w, https:\/\/www.sendblaster.com\/wp-content\/uploads\/2018\/05\/crop6-239x166.jpg 239w\" sizes=\"(max-width: 559px) 100vw, 559px\" \/><\/p>\n<p>&nbsp;<\/p>\n<p>SendBlaster 3 <strong>ridimensioner\u00e0 automaticamente<\/strong> l&#8217;immagine, in modo da sostituire perfettamente l&#8217;immagine selezionata nel messaggio. Se la selezione dell&#8217;immagine non \u00e8 quella desiderata, fai click in qualsiasi punto dell&#8217;immagine. La selezione verr\u00e0 annullata, e potrai provare di nuovo. Una volta terminato, fai click su <strong>OK<\/strong> per copiare la nuova immagine nel tuo messaggio.<\/p>\n<p>&nbsp;<\/p>\n<p><img decoding=\"async\" class=\"alignnone size-full wp-image-1806\" src=\"https:\/\/www.sendblaster.com\/wp-content\/uploads\/2018\/05\/crop7.jpg\" alt=\"\" width=\"559\" height=\"232\" srcset=\"https:\/\/www.sendblaster.com\/wp-content\/uploads\/2018\/05\/crop7.jpg 559w, https:\/\/www.sendblaster.com\/wp-content\/uploads\/2018\/05\/crop7-300x125.jpg 300w, https:\/\/www.sendblaster.com\/wp-content\/uploads\/2018\/05\/crop7-320x133.jpg 320w, https:\/\/www.sendblaster.com\/wp-content\/uploads\/2018\/05\/crop7-239x99.jpg 239w\" sizes=\"(max-width: 559px) 100vw, 559px\" \/><\/p>\n","protected":false},"excerpt":{"rendered":"<p>Questa funzionalit\u00e0 \u00e8 disponibile sia nella versione FREE che nella versione PRO di SendBlaster 3. &nbsp; In SendBlaster 3 \u00e8 stata aggiunta una nuova funzione che semplifica l&#8217;utilizzo delle immagini. Si chiama Taglia e Sostituisci e consente di sostituire le <\/p>\n<p class=\"read-more-container\"><a class=\"button read-more\" href=\"https:\/\/www.sendblaster.com\/it\/come-usare-la-funzione-taglia-e-sostituisci\/\" title=\"\">Continua a leggere<\/a><\/p>\n","protected":false},"author":2,"featured_media":0,"parent":0,"menu_order":0,"comment_status":"closed","ping_status":"closed","template":"g1_template_page_sidebar_right.php","meta":{"_monsterinsights_skip_tracking":false,"_monsterinsights_sitenote_active":false,"_monsterinsights_sitenote_note":"","_monsterinsights_sitenote_category":0,"footnotes":""},"class_list":["post-1798","page","type-page","status-publish"],"yoast_head":"<!-- This site is optimized with the Yoast SEO plugin v23.5 - https:\/\/yoast.com\/wordpress\/plugins\/seo\/ -->\n<title>Come usare la funzione \u201cTaglia e sostituisci\u201d - SendBlaster programma email marketing<\/title>\n<meta name=\"description\" content=\"SendBlaster programma email marketing Come usare la funzione \u201cTaglia e sostituisci\u201d Questa funzionalit\u00e0 \u00e8 disponibile sia nella versione FREE che nella versione PRO di SendBlaster 3. &nbsp; In SendBlaster 3 \u00e8 stata aggiunta una nuova\" \/>\n<meta name=\"robots\" content=\"index, follow, max-snippet:-1, max-image-preview:large, max-video-preview:-1\" \/>\n<link rel=\"canonical\" href=\"https:\/\/www.sendblaster.com\/it\/come-usare-la-funzione-taglia-e-sostituisci\/\" \/>\n<meta property=\"og:locale\" content=\"it_IT\" \/>\n<meta property=\"og:type\" content=\"article\" \/>\n<meta property=\"og:title\" content=\"Come usare la funzione \u201cTaglia e sostituisci\u201d - SendBlaster programma email marketing\" \/>\n<meta property=\"og:description\" content=\"SendBlaster programma email marketing Come usare la funzione \u201cTaglia e sostituisci\u201d Questa funzionalit\u00e0 \u00e8 disponibile sia nella versione FREE che nella versione PRO di SendBlaster 3. &nbsp; In SendBlaster 3 \u00e8 stata aggiunta una nuova\" \/>\n<meta property=\"og:url\" content=\"https:\/\/www.sendblaster.com\/it\/come-usare-la-funzione-taglia-e-sostituisci\/\" \/>\n<meta property=\"og:site_name\" content=\"SendBlaster programma email marketing\" \/>\n<meta property=\"article:modified_time\" content=\"2018-05-14T15:32:50+00:00\" \/>\n<meta property=\"og:image\" content=\"https:\/\/www.sendblaster.com\/wp-content\/uploads\/2018\/05\/crop.jpg\" \/>\n<meta name=\"twitter:card\" content=\"summary_large_image\" \/>\n<meta name=\"twitter:label1\" content=\"Tempo di lettura stimato\" \/>\n\t<meta name=\"twitter:data1\" content=\"1 minuto\" \/>\n<script type=\"application\/ld+json\" class=\"yoast-schema-graph\">{\"@context\":\"https:\/\/schema.org\",\"@graph\":[{\"@type\":\"WebPage\",\"@id\":\"https:\/\/www.sendblaster.com\/it\/come-usare-la-funzione-taglia-e-sostituisci\/\",\"url\":\"https:\/\/www.sendblaster.com\/it\/come-usare-la-funzione-taglia-e-sostituisci\/\",\"name\":\"Come usare la funzione \u201cTaglia e sostituisci\u201d - SendBlaster programma email marketing\",\"isPartOf\":{\"@id\":\"https:\/\/www.sendblaster.com\/#website\"},\"primaryImageOfPage\":{\"@id\":\"https:\/\/www.sendblaster.com\/it\/come-usare-la-funzione-taglia-e-sostituisci\/#primaryimage\"},\"image\":{\"@id\":\"https:\/\/www.sendblaster.com\/it\/come-usare-la-funzione-taglia-e-sostituisci\/#primaryimage\"},\"thumbnailUrl\":\"https:\/\/www.sendblaster.com\/wp-content\/uploads\/2018\/05\/crop.jpg\",\"datePublished\":\"2018-05-14T15:32:05+00:00\",\"dateModified\":\"2018-05-14T15:32:50+00:00\",\"description\":\"SendBlaster programma email marketing Come usare la funzione \u201cTaglia e sostituisci\u201d Questa funzionalit\u00e0 \u00e8 disponibile sia nella versione FREE che nella versione PRO di SendBlaster 3. &nbsp; In SendBlaster 3 \u00e8 stata aggiunta una nuova\",\"breadcrumb\":{\"@id\":\"https:\/\/www.sendblaster.com\/it\/come-usare-la-funzione-taglia-e-sostituisci\/#breadcrumb\"},\"inLanguage\":\"it-IT\",\"potentialAction\":[{\"@type\":\"ReadAction\",\"target\":[\"https:\/\/www.sendblaster.com\/it\/come-usare-la-funzione-taglia-e-sostituisci\/\"]}]},{\"@type\":\"ImageObject\",\"inLanguage\":\"it-IT\",\"@id\":\"https:\/\/www.sendblaster.com\/it\/come-usare-la-funzione-taglia-e-sostituisci\/#primaryimage\",\"url\":\"https:\/\/www.sendblaster.com\/wp-content\/uploads\/2018\/05\/crop.jpg\",\"contentUrl\":\"https:\/\/www.sendblaster.com\/wp-content\/uploads\/2018\/05\/crop.jpg\"},{\"@type\":\"BreadcrumbList\",\"@id\":\"https:\/\/www.sendblaster.com\/it\/come-usare-la-funzione-taglia-e-sostituisci\/#breadcrumb\",\"itemListElement\":[{\"@type\":\"ListItem\",\"position\":1,\"name\":\"Home\",\"item\":\"https:\/\/www.sendblaster.com\/it\/\"},{\"@type\":\"ListItem\",\"position\":2,\"name\":\"Come usare la funzione \u201cTaglia e sostituisci\u201d\"}]},{\"@type\":\"WebSite\",\"@id\":\"https:\/\/www.sendblaster.com\/#website\",\"url\":\"https:\/\/www.sendblaster.com\/\",\"name\":\"SendBlaster programma email marketing\",\"description\":\"\",\"publisher\":{\"@id\":\"https:\/\/www.sendblaster.com\/#organization\"},\"potentialAction\":[{\"@type\":\"SearchAction\",\"target\":{\"@type\":\"EntryPoint\",\"urlTemplate\":\"https:\/\/www.sendblaster.com\/?s={search_term_string}\"},\"query-input\":{\"@type\":\"PropertyValueSpecification\",\"valueRequired\":true,\"valueName\":\"search_term_string\"}}],\"inLanguage\":\"it-IT\"},{\"@type\":\"Organization\",\"@id\":\"https:\/\/www.sendblaster.com\/#organization\",\"name\":\"SendBlaster programma email marketing\",\"url\":\"https:\/\/www.sendblaster.com\/\",\"logo\":{\"@type\":\"ImageObject\",\"inLanguage\":\"it-IT\",\"@id\":\"https:\/\/www.sendblaster.com\/#\/schema\/logo\/image\/\",\"url\":\"https:\/\/www.sendblaster.com\/wp-content\/uploads\/2021\/09\/logo-svg-2021.svg\",\"contentUrl\":\"https:\/\/www.sendblaster.com\/wp-content\/uploads\/2021\/09\/logo-svg-2021.svg\",\"width\":350,\"height\":70,\"caption\":\"SendBlaster programma email marketing\"},\"image\":{\"@id\":\"https:\/\/www.sendblaster.com\/#\/schema\/logo\/image\/\"}}]}<\/script>\n<!-- \/ Yoast SEO plugin. -->","yoast_head_json":{"title":"Come usare la funzione \u201cTaglia e sostituisci\u201d - SendBlaster programma email marketing","description":"SendBlaster programma email marketing Come usare la funzione \u201cTaglia e sostituisci\u201d Questa funzionalit\u00e0 \u00e8 disponibile sia nella versione FREE che nella versione PRO di SendBlaster 3. &nbsp; In SendBlaster 3 \u00e8 stata aggiunta una nuova","robots":{"index":"index","follow":"follow","max-snippet":"max-snippet:-1","max-image-preview":"max-image-preview:large","max-video-preview":"max-video-preview:-1"},"canonical":"https:\/\/www.sendblaster.com\/it\/come-usare-la-funzione-taglia-e-sostituisci\/","og_locale":"it_IT","og_type":"article","og_title":"Come usare la funzione \u201cTaglia e sostituisci\u201d - SendBlaster programma email marketing","og_description":"SendBlaster programma email marketing Come usare la funzione \u201cTaglia e sostituisci\u201d Questa funzionalit\u00e0 \u00e8 disponibile sia nella versione FREE che nella versione PRO di SendBlaster 3. &nbsp; In SendBlaster 3 \u00e8 stata aggiunta una nuova","og_url":"https:\/\/www.sendblaster.com\/it\/come-usare-la-funzione-taglia-e-sostituisci\/","og_site_name":"SendBlaster programma email marketing","article_modified_time":"2018-05-14T15:32:50+00:00","og_image":[{"url":"https:\/\/www.sendblaster.com\/wp-content\/uploads\/2018\/05\/crop.jpg"}],"twitter_card":"summary_large_image","twitter_misc":{"Tempo di lettura stimato":"1 minuto"},"schema":{"@context":"https:\/\/schema.org","@graph":[{"@type":"WebPage","@id":"https:\/\/www.sendblaster.com\/it\/come-usare-la-funzione-taglia-e-sostituisci\/","url":"https:\/\/www.sendblaster.com\/it\/come-usare-la-funzione-taglia-e-sostituisci\/","name":"Come usare la funzione \u201cTaglia e sostituisci\u201d - SendBlaster programma email marketing","isPartOf":{"@id":"https:\/\/www.sendblaster.com\/#website"},"primaryImageOfPage":{"@id":"https:\/\/www.sendblaster.com\/it\/come-usare-la-funzione-taglia-e-sostituisci\/#primaryimage"},"image":{"@id":"https:\/\/www.sendblaster.com\/it\/come-usare-la-funzione-taglia-e-sostituisci\/#primaryimage"},"thumbnailUrl":"https:\/\/www.sendblaster.com\/wp-content\/uploads\/2018\/05\/crop.jpg","datePublished":"2018-05-14T15:32:05+00:00","dateModified":"2018-05-14T15:32:50+00:00","description":"SendBlaster programma email marketing Come usare la funzione \u201cTaglia e sostituisci\u201d Questa funzionalit\u00e0 \u00e8 disponibile sia nella versione FREE che nella versione PRO di SendBlaster 3. &nbsp; In SendBlaster 3 \u00e8 stata aggiunta una nuova","breadcrumb":{"@id":"https:\/\/www.sendblaster.com\/it\/come-usare-la-funzione-taglia-e-sostituisci\/#breadcrumb"},"inLanguage":"it-IT","potentialAction":[{"@type":"ReadAction","target":["https:\/\/www.sendblaster.com\/it\/come-usare-la-funzione-taglia-e-sostituisci\/"]}]},{"@type":"ImageObject","inLanguage":"it-IT","@id":"https:\/\/www.sendblaster.com\/it\/come-usare-la-funzione-taglia-e-sostituisci\/#primaryimage","url":"https:\/\/www.sendblaster.com\/wp-content\/uploads\/2018\/05\/crop.jpg","contentUrl":"https:\/\/www.sendblaster.com\/wp-content\/uploads\/2018\/05\/crop.jpg"},{"@type":"BreadcrumbList","@id":"https:\/\/www.sendblaster.com\/it\/come-usare-la-funzione-taglia-e-sostituisci\/#breadcrumb","itemListElement":[{"@type":"ListItem","position":1,"name":"Home","item":"https:\/\/www.sendblaster.com\/it\/"},{"@type":"ListItem","position":2,"name":"Come usare la funzione \u201cTaglia e sostituisci\u201d"}]},{"@type":"WebSite","@id":"https:\/\/www.sendblaster.com\/#website","url":"https:\/\/www.sendblaster.com\/","name":"SendBlaster programma email marketing","description":"","publisher":{"@id":"https:\/\/www.sendblaster.com\/#organization"},"potentialAction":[{"@type":"SearchAction","target":{"@type":"EntryPoint","urlTemplate":"https:\/\/www.sendblaster.com\/?s={search_term_string}"},"query-input":{"@type":"PropertyValueSpecification","valueRequired":true,"valueName":"search_term_string"}}],"inLanguage":"it-IT"},{"@type":"Organization","@id":"https:\/\/www.sendblaster.com\/#organization","name":"SendBlaster programma email marketing","url":"https:\/\/www.sendblaster.com\/","logo":{"@type":"ImageObject","inLanguage":"it-IT","@id":"https:\/\/www.sendblaster.com\/#\/schema\/logo\/image\/","url":"https:\/\/www.sendblaster.com\/wp-content\/uploads\/2021\/09\/logo-svg-2021.svg","contentUrl":"https:\/\/www.sendblaster.com\/wp-content\/uploads\/2021\/09\/logo-svg-2021.svg","width":350,"height":70,"caption":"SendBlaster programma email marketing"},"image":{"@id":"https:\/\/www.sendblaster.com\/#\/schema\/logo\/image\/"}}]}},"_links":{"self":[{"href":"https:\/\/www.sendblaster.com\/it\/wp-json\/wp\/v2\/pages\/1798"}],"collection":[{"href":"https:\/\/www.sendblaster.com\/it\/wp-json\/wp\/v2\/pages"}],"about":[{"href":"https:\/\/www.sendblaster.com\/it\/wp-json\/wp\/v2\/types\/page"}],"author":[{"embeddable":true,"href":"https:\/\/www.sendblaster.com\/it\/wp-json\/wp\/v2\/users\/2"}],"replies":[{"embeddable":true,"href":"https:\/\/www.sendblaster.com\/it\/wp-json\/wp\/v2\/comments?post=1798"}],"version-history":[{"count":2,"href":"https:\/\/www.sendblaster.com\/it\/wp-json\/wp\/v2\/pages\/1798\/revisions"}],"predecessor-version":[{"id":1807,"href":"https:\/\/www.sendblaster.com\/it\/wp-json\/wp\/v2\/pages\/1798\/revisions\/1807"}],"wp:attachment":[{"href":"https:\/\/www.sendblaster.com\/it\/wp-json\/wp\/v2\/media?parent=1798"}],"curies":[{"name":"wp","href":"https:\/\/api.w.org\/{rel}","templated":true}]}}