{"id":1658,"date":"2018-05-10T15:07:29","date_gmt":"2018-05-10T15:07:29","guid":{"rendered":"https:\/\/www.sendblaster.com\/wpnew-2018\/?page_id=1658"},"modified":"2018-05-10T15:07:29","modified_gmt":"2018-05-10T15:07:29","slug":"esporta-html-con-le-immagini","status":"publish","type":"page","link":"https:\/\/www.sendblaster.com\/it\/esporta-html-con-le-immagini\/","title":{"rendered":"Esporta HTML con le immagini"},"content":{"rendered":"<div class=\"box-info new-icon\"><strong>Questa funzionalit\u00e0 \u00e8 disponibile sia nella versione FREE che nella versione PRO di SendBlaster 3.<\/strong><\/div>\n<p>&nbsp;<\/p>\n<p>E&#8217; sempre una buona pratica includere nei messaggi email il link alla versione web.<\/p>\n<p>In questo modo, i destinatari che non sono in grado di visualizzare correttamente le tue email nei client di posta elettronica avranno sempre l&#8217;opportunit\u00e0 di leggerle tramite il loro browser.<\/p>\n<p><strong>SendBlaster 3<\/strong> ti consente di pubblicare una copia del messaggio sul tuo sito web, semplicemente esportando il messaggio in formato HTML.<\/p>\n<p>Con un solo click, il codice html e tutte le tue immagini incorporate saranno pronte per essere caricate sul tuo sito web, senza dover modificare manualmente alcuna parte del messaggio.<\/p>\n<p>Per creare la versione web del tuo messaggio, fai click su <strong>Salva&gt;Esporta HTML<\/strong> nel pannello di composizione dei messaggi e dai un nome al file.<\/p>\n<p>&nbsp;<\/p>\n<p><img decoding=\"async\" class=\"alignnone size-full wp-image-1660\" src=\"https:\/\/www.sendblaster.com\/wp-content\/uploads\/2018\/05\/img-expoort.jpg\" alt=\"\" width=\"332\" height=\"225\" srcset=\"https:\/\/www.sendblaster.com\/wp-content\/uploads\/2018\/05\/img-expoort.jpg 332w, https:\/\/www.sendblaster.com\/wp-content\/uploads\/2018\/05\/img-expoort-300x203.jpg 300w, https:\/\/www.sendblaster.com\/wp-content\/uploads\/2018\/05\/img-expoort-320x217.jpg 320w, https:\/\/www.sendblaster.com\/wp-content\/uploads\/2018\/05\/img-expoort-239x162.jpg 239w\" sizes=\"(max-width: 332px) 100vw, 332px\" \/><\/p>\n<p>&nbsp;<\/p>\n<p>Nella stessa directory in cui hai salvato il messaggio in HTML troverai una nuova cartella chiamata &#8220;nomemessaggio_files&#8221; contenente tutte le immagini incorporate. Ora seleziona una directory del tuo sito in cui inserire la versione online del tuo messaggi e carica tramite FTP sia il file HTML che la cartella delle immagini.<\/p>\n<p>Fai attenzione a caricare tutti i file all&#8217;interno della stessa directory! Fatto! La versione online del tuo messaggio HTML \u00e8 online. Per concludere, aggiungi il web link in alto alla tua email, con un testo del tipo \u201c<strong>Clicca qui se non visualizzi correttamente l&#8217;email<\/strong>\u201d.<\/p>\n<p>&nbsp;<\/p>\n<p><img decoding=\"async\" class=\"alignnone size-full wp-image-1661\" src=\"https:\/\/www.sendblaster.com\/wp-content\/uploads\/2018\/05\/img-expoort2.jpg\" alt=\"\" width=\"612\" height=\"445\" srcset=\"https:\/\/www.sendblaster.com\/wp-content\/uploads\/2018\/05\/img-expoort2.jpg 612w, https:\/\/www.sendblaster.com\/wp-content\/uploads\/2018\/05\/img-expoort2-300x218.jpg 300w, https:\/\/www.sendblaster.com\/wp-content\/uploads\/2018\/05\/img-expoort2-320x233.jpg 320w, https:\/\/www.sendblaster.com\/wp-content\/uploads\/2018\/05\/img-expoort2-239x174.jpg 239w\" sizes=\"(max-width: 612px) 100vw, 612px\" \/><\/p>\n<p>&nbsp;<\/p>\n<div class=\"box-info new-icon\">\n<p><strong>SUGGERIMENTO<\/strong><\/p>\n<p><i>Dal momento che il tuo messaggio \u00e8 ora linkato ad una pagina web, puoi condividerlo e pubblicarlo ovunque lo desideri. Ad esempio, potresti creare una sezione nel tuo sito web con l&#8217;archivio delle tue newsletter, oppure promuovere le tue newsletter nei social network, al fine di dare pi\u00f9 visibilit\u00e0 sia alle tue email che alla tua attivit\u00e0.<\/i><\/p>\n<\/div>\n","protected":false},"excerpt":{"rendered":"<p>Questa funzionalit\u00e0 \u00e8 disponibile sia nella versione FREE che nella versione PRO di SendBlaster 3. &nbsp; E&#8217; sempre una buona pratica includere nei messaggi email il link alla versione web. In questo modo, i destinatari che non sono in grado <\/p>\n<p class=\"read-more-container\"><a class=\"button read-more\" href=\"https:\/\/www.sendblaster.com\/it\/esporta-html-con-le-immagini\/\" title=\"\">Continua a leggere<\/a><\/p>\n","protected":false},"author":2,"featured_media":0,"parent":0,"menu_order":0,"comment_status":"closed","ping_status":"closed","template":"g1_template_page_sidebar_right.php","meta":{"_monsterinsights_skip_tracking":false,"_monsterinsights_sitenote_active":false,"_monsterinsights_sitenote_note":"","_monsterinsights_sitenote_category":0,"footnotes":""},"class_list":["post-1658","page","type-page","status-publish"],"yoast_head":"<!-- This site is optimized with the Yoast SEO plugin v23.5 - https:\/\/yoast.com\/wordpress\/plugins\/seo\/ -->\n<title>Esporta HTML con le immagini - SendBlaster programma email marketing<\/title>\n<meta name=\"description\" content=\"SendBlaster programma email marketing Esporta HTML con le immagini Questa funzionalit\u00e0 \u00e8 disponibile sia nella versione FREE che nella versione PRO di SendBlaster 3. &nbsp; E&#039; sempre una buona pratica includere nei\" \/>\n<meta name=\"robots\" content=\"index, follow, max-snippet:-1, max-image-preview:large, max-video-preview:-1\" \/>\n<link rel=\"canonical\" href=\"https:\/\/www.sendblaster.com\/it\/esporta-html-con-le-immagini\/\" \/>\n<meta property=\"og:locale\" content=\"it_IT\" \/>\n<meta property=\"og:type\" content=\"article\" \/>\n<meta property=\"og:title\" content=\"Esporta HTML con le immagini - SendBlaster programma email marketing\" \/>\n<meta property=\"og:description\" content=\"SendBlaster programma email marketing Esporta HTML con le immagini Questa funzionalit\u00e0 \u00e8 disponibile sia nella versione FREE che nella versione PRO di SendBlaster 3. &nbsp; E&#039; sempre una buona pratica includere nei\" \/>\n<meta property=\"og:url\" content=\"https:\/\/www.sendblaster.com\/it\/esporta-html-con-le-immagini\/\" \/>\n<meta property=\"og:site_name\" content=\"SendBlaster programma email marketing\" \/>\n<meta property=\"og:image\" content=\"https:\/\/www.sendblaster.com\/wp-content\/uploads\/2018\/05\/img-expoort.jpg\" \/>\n<meta name=\"twitter:card\" content=\"summary_large_image\" \/>\n<meta name=\"twitter:label1\" content=\"Tempo di lettura stimato\" \/>\n\t<meta name=\"twitter:data1\" content=\"1 minuto\" \/>\n<script type=\"application\/ld+json\" class=\"yoast-schema-graph\">{\"@context\":\"https:\/\/schema.org\",\"@graph\":[{\"@type\":\"WebPage\",\"@id\":\"https:\/\/www.sendblaster.com\/it\/esporta-html-con-le-immagini\/\",\"url\":\"https:\/\/www.sendblaster.com\/it\/esporta-html-con-le-immagini\/\",\"name\":\"Esporta HTML con le immagini - SendBlaster programma email marketing\",\"isPartOf\":{\"@id\":\"https:\/\/www.sendblaster.com\/#website\"},\"primaryImageOfPage\":{\"@id\":\"https:\/\/www.sendblaster.com\/it\/esporta-html-con-le-immagini\/#primaryimage\"},\"image\":{\"@id\":\"https:\/\/www.sendblaster.com\/it\/esporta-html-con-le-immagini\/#primaryimage\"},\"thumbnailUrl\":\"https:\/\/www.sendblaster.com\/wp-content\/uploads\/2018\/05\/img-expoort.jpg\",\"datePublished\":\"2018-05-10T15:07:29+00:00\",\"dateModified\":\"2018-05-10T15:07:29+00:00\",\"description\":\"SendBlaster programma email marketing Esporta HTML con le immagini Questa funzionalit\u00e0 \u00e8 disponibile sia nella versione FREE che nella versione PRO di SendBlaster 3. &nbsp; E' sempre una buona pratica includere nei\",\"breadcrumb\":{\"@id\":\"https:\/\/www.sendblaster.com\/it\/esporta-html-con-le-immagini\/#breadcrumb\"},\"inLanguage\":\"it-IT\",\"potentialAction\":[{\"@type\":\"ReadAction\",\"target\":[\"https:\/\/www.sendblaster.com\/it\/esporta-html-con-le-immagini\/\"]}]},{\"@type\":\"ImageObject\",\"inLanguage\":\"it-IT\",\"@id\":\"https:\/\/www.sendblaster.com\/it\/esporta-html-con-le-immagini\/#primaryimage\",\"url\":\"https:\/\/www.sendblaster.com\/wp-content\/uploads\/2018\/05\/img-expoort.jpg\",\"contentUrl\":\"https:\/\/www.sendblaster.com\/wp-content\/uploads\/2018\/05\/img-expoort.jpg\"},{\"@type\":\"BreadcrumbList\",\"@id\":\"https:\/\/www.sendblaster.com\/it\/esporta-html-con-le-immagini\/#breadcrumb\",\"itemListElement\":[{\"@type\":\"ListItem\",\"position\":1,\"name\":\"Home\",\"item\":\"https:\/\/www.sendblaster.com\/it\/\"},{\"@type\":\"ListItem\",\"position\":2,\"name\":\"Esporta HTML con le immagini\"}]},{\"@type\":\"WebSite\",\"@id\":\"https:\/\/www.sendblaster.com\/#website\",\"url\":\"https:\/\/www.sendblaster.com\/\",\"name\":\"SendBlaster programma email marketing\",\"description\":\"\",\"publisher\":{\"@id\":\"https:\/\/www.sendblaster.com\/#organization\"},\"potentialAction\":[{\"@type\":\"SearchAction\",\"target\":{\"@type\":\"EntryPoint\",\"urlTemplate\":\"https:\/\/www.sendblaster.com\/?s={search_term_string}\"},\"query-input\":{\"@type\":\"PropertyValueSpecification\",\"valueRequired\":true,\"valueName\":\"search_term_string\"}}],\"inLanguage\":\"it-IT\"},{\"@type\":\"Organization\",\"@id\":\"https:\/\/www.sendblaster.com\/#organization\",\"name\":\"SendBlaster programma email marketing\",\"url\":\"https:\/\/www.sendblaster.com\/\",\"logo\":{\"@type\":\"ImageObject\",\"inLanguage\":\"it-IT\",\"@id\":\"https:\/\/www.sendblaster.com\/#\/schema\/logo\/image\/\",\"url\":\"https:\/\/www.sendblaster.com\/wp-content\/uploads\/2021\/09\/logo-svg-2021.svg\",\"contentUrl\":\"https:\/\/www.sendblaster.com\/wp-content\/uploads\/2021\/09\/logo-svg-2021.svg\",\"width\":350,\"height\":70,\"caption\":\"SendBlaster programma email marketing\"},\"image\":{\"@id\":\"https:\/\/www.sendblaster.com\/#\/schema\/logo\/image\/\"}}]}<\/script>\n<!-- \/ Yoast SEO plugin. -->","yoast_head_json":{"title":"Esporta HTML con le immagini - SendBlaster programma email marketing","description":"SendBlaster programma email marketing Esporta HTML con le immagini Questa funzionalit\u00e0 \u00e8 disponibile sia nella versione FREE che nella versione PRO di SendBlaster 3. &nbsp; E' sempre una buona pratica includere nei","robots":{"index":"index","follow":"follow","max-snippet":"max-snippet:-1","max-image-preview":"max-image-preview:large","max-video-preview":"max-video-preview:-1"},"canonical":"https:\/\/www.sendblaster.com\/it\/esporta-html-con-le-immagini\/","og_locale":"it_IT","og_type":"article","og_title":"Esporta HTML con le immagini - SendBlaster programma email marketing","og_description":"SendBlaster programma email marketing Esporta HTML con le immagini Questa funzionalit\u00e0 \u00e8 disponibile sia nella versione FREE che nella versione PRO di SendBlaster 3. &nbsp; E' sempre una buona pratica includere nei","og_url":"https:\/\/www.sendblaster.com\/it\/esporta-html-con-le-immagini\/","og_site_name":"SendBlaster programma email marketing","og_image":[{"url":"https:\/\/www.sendblaster.com\/wp-content\/uploads\/2018\/05\/img-expoort.jpg"}],"twitter_card":"summary_large_image","twitter_misc":{"Tempo di lettura stimato":"1 minuto"},"schema":{"@context":"https:\/\/schema.org","@graph":[{"@type":"WebPage","@id":"https:\/\/www.sendblaster.com\/it\/esporta-html-con-le-immagini\/","url":"https:\/\/www.sendblaster.com\/it\/esporta-html-con-le-immagini\/","name":"Esporta HTML con le immagini - SendBlaster programma email marketing","isPartOf":{"@id":"https:\/\/www.sendblaster.com\/#website"},"primaryImageOfPage":{"@id":"https:\/\/www.sendblaster.com\/it\/esporta-html-con-le-immagini\/#primaryimage"},"image":{"@id":"https:\/\/www.sendblaster.com\/it\/esporta-html-con-le-immagini\/#primaryimage"},"thumbnailUrl":"https:\/\/www.sendblaster.com\/wp-content\/uploads\/2018\/05\/img-expoort.jpg","datePublished":"2018-05-10T15:07:29+00:00","dateModified":"2018-05-10T15:07:29+00:00","description":"SendBlaster programma email marketing Esporta HTML con le immagini Questa funzionalit\u00e0 \u00e8 disponibile sia nella versione FREE che nella versione PRO di SendBlaster 3. &nbsp; E' sempre una buona pratica includere nei","breadcrumb":{"@id":"https:\/\/www.sendblaster.com\/it\/esporta-html-con-le-immagini\/#breadcrumb"},"inLanguage":"it-IT","potentialAction":[{"@type":"ReadAction","target":["https:\/\/www.sendblaster.com\/it\/esporta-html-con-le-immagini\/"]}]},{"@type":"ImageObject","inLanguage":"it-IT","@id":"https:\/\/www.sendblaster.com\/it\/esporta-html-con-le-immagini\/#primaryimage","url":"https:\/\/www.sendblaster.com\/wp-content\/uploads\/2018\/05\/img-expoort.jpg","contentUrl":"https:\/\/www.sendblaster.com\/wp-content\/uploads\/2018\/05\/img-expoort.jpg"},{"@type":"BreadcrumbList","@id":"https:\/\/www.sendblaster.com\/it\/esporta-html-con-le-immagini\/#breadcrumb","itemListElement":[{"@type":"ListItem","position":1,"name":"Home","item":"https:\/\/www.sendblaster.com\/it\/"},{"@type":"ListItem","position":2,"name":"Esporta HTML con le immagini"}]},{"@type":"WebSite","@id":"https:\/\/www.sendblaster.com\/#website","url":"https:\/\/www.sendblaster.com\/","name":"SendBlaster programma email marketing","description":"","publisher":{"@id":"https:\/\/www.sendblaster.com\/#organization"},"potentialAction":[{"@type":"SearchAction","target":{"@type":"EntryPoint","urlTemplate":"https:\/\/www.sendblaster.com\/?s={search_term_string}"},"query-input":{"@type":"PropertyValueSpecification","valueRequired":true,"valueName":"search_term_string"}}],"inLanguage":"it-IT"},{"@type":"Organization","@id":"https:\/\/www.sendblaster.com\/#organization","name":"SendBlaster programma email marketing","url":"https:\/\/www.sendblaster.com\/","logo":{"@type":"ImageObject","inLanguage":"it-IT","@id":"https:\/\/www.sendblaster.com\/#\/schema\/logo\/image\/","url":"https:\/\/www.sendblaster.com\/wp-content\/uploads\/2021\/09\/logo-svg-2021.svg","contentUrl":"https:\/\/www.sendblaster.com\/wp-content\/uploads\/2021\/09\/logo-svg-2021.svg","width":350,"height":70,"caption":"SendBlaster programma email marketing"},"image":{"@id":"https:\/\/www.sendblaster.com\/#\/schema\/logo\/image\/"}}]}},"_links":{"self":[{"href":"https:\/\/www.sendblaster.com\/it\/wp-json\/wp\/v2\/pages\/1658"}],"collection":[{"href":"https:\/\/www.sendblaster.com\/it\/wp-json\/wp\/v2\/pages"}],"about":[{"href":"https:\/\/www.sendblaster.com\/it\/wp-json\/wp\/v2\/types\/page"}],"author":[{"embeddable":true,"href":"https:\/\/www.sendblaster.com\/it\/wp-json\/wp\/v2\/users\/2"}],"replies":[{"embeddable":true,"href":"https:\/\/www.sendblaster.com\/it\/wp-json\/wp\/v2\/comments?post=1658"}],"version-history":[{"count":2,"href":"https:\/\/www.sendblaster.com\/it\/wp-json\/wp\/v2\/pages\/1658\/revisions"}],"predecessor-version":[{"id":1662,"href":"https:\/\/www.sendblaster.com\/it\/wp-json\/wp\/v2\/pages\/1658\/revisions\/1662"}],"wp:attachment":[{"href":"https:\/\/www.sendblaster.com\/it\/wp-json\/wp\/v2\/media?parent=1658"}],"curies":[{"name":"wp","href":"https:\/\/api.w.org\/{rel}","templated":true}]}}