{"id":1548,"date":"2018-05-09T14:47:08","date_gmt":"2018-05-09T14:47:08","guid":{"rendered":"https:\/\/www.sendblaster.com\/wpnew-2018\/?page_id=1548"},"modified":"2018-05-09T14:47:08","modified_gmt":"2018-05-09T14:47:08","slug":"trackreports-online","status":"publish","type":"page","link":"https:\/\/www.sendblaster.com\/it\/trackreports-online\/","title":{"rendered":"La nuova versione di TrackReports \u00e8 online"},"content":{"rendered":"<p>Per accedere al servizio \u00e8 necessario scaricare ed installare la versione pi\u00f9 aggiornata di SendBlaster &#8211; la <span id=\"relVersion\">4.1.8<\/span> (come sempre, l&#8217;aggiornamento \u00e8 gratuito per gli utilizzatori di SendBlaster 3.x):<\/p>\n<p>&nbsp;<\/p>\n<p><a href=\"https:\/\/www.sendblaster.com\/services\/download\/downloadsendblasterfree.php\">https:\/\/www.sendblaster.com\/services\/download\/downloadsendblasterfree.php<\/a><\/p>\n<p>&nbsp;<\/p>\n<p>TrackReports adesso utilizza un diverso sistema di tracciamento chiamato <em>MyTracking<\/em>, che richiede un piccolo intervento di carattere tecnico da parte tua, ovvero il caricamento di un file sul tuo server Web prima di iniziare a tracciare i nuovi mailing. Abbiamo pubblicato due pagine (alle quali puoi anche accedere da SendBlaster quando clicchi sul pulsante \u201cTrackReports\u201d nella schermata &#8220;Componi messaggio&#8221; che descrive le nuove caratteristiche:<\/p>\n<p>&nbsp;<\/p>\n<p><a href=\"https:\/\/www.sendblaster.com\/it\/mytracking\" target=\"_blank\" rel=\"noopener\">MyTracking (caratteristiche ed installazione)<\/a><\/p>\n<p><a href=\"https:\/\/www.sendblaster.com\/updating-my-tracking\" target=\"_blank\" rel=\"noopener\">FAQ per gli utilizzatori della versione precedente (momentaneamente in inglese)<\/a><\/p>\n<p>&nbsp;<\/p>\n<p>Se necessitate di aiuto, potete aprire un ticket di assistenza qui:<\/p>\n<p><a href=\"https:\/\/www.sendblaster.com\/services\/support\/ticketing\/system\/?lang=it\" target=\"_blank\" rel=\"noopener\">https:\/\/www.sendblaster.com\/trouble-ticket-support<\/a><\/p>\n","protected":false},"excerpt":{"rendered":"<p>Per accedere al servizio \u00e8 necessario scaricare ed installare la versione pi\u00f9 aggiornata di SendBlaster &#8211; la 4.1.8 (come sempre, l&#8217;aggiornamento \u00e8 gratuito per gli utilizzatori di SendBlaster 3.x): &nbsp; https:\/\/www.sendblaster.com\/services\/download\/downloadsendblasterfree.php &nbsp; TrackReports adesso utilizza un diverso sistema di tracciamento <\/p>\n<p class=\"read-more-container\"><a class=\"button read-more\" href=\"https:\/\/www.sendblaster.com\/it\/trackreports-online\/\" title=\"\">Continua a leggere<\/a><\/p>\n","protected":false},"author":2,"featured_media":0,"parent":0,"menu_order":0,"comment_status":"closed","ping_status":"closed","template":"g1_template_page_sidebar_right.php","meta":{"_monsterinsights_skip_tracking":false,"_monsterinsights_sitenote_active":false,"_monsterinsights_sitenote_note":"","_monsterinsights_sitenote_category":0,"footnotes":""},"class_list":["post-1548","page","type-page","status-publish"],"yoast_head":"<!-- This site is optimized with the Yoast SEO plugin v23.5 - https:\/\/yoast.com\/wordpress\/plugins\/seo\/ -->\n<title>La nuova versione di TrackReports \u00e8 online - SendBlaster programma email marketing<\/title>\n<meta name=\"description\" content=\"SendBlaster programma email marketing La nuova versione di TrackReports \u00e8 online Per accedere al servizio \u00e8 necessario scaricare ed installare la versione pi\u00f9 aggiornata di SendBlaster - la 4.1.8 (come sempre, l&#039;aggiornamento \u00e8\" \/>\n<meta name=\"robots\" content=\"index, follow, max-snippet:-1, max-image-preview:large, max-video-preview:-1\" \/>\n<link rel=\"canonical\" href=\"https:\/\/www.sendblaster.com\/it\/trackreports-online\/\" \/>\n<meta property=\"og:locale\" content=\"it_IT\" \/>\n<meta property=\"og:type\" content=\"article\" \/>\n<meta property=\"og:title\" content=\"La nuova versione di TrackReports \u00e8 online - SendBlaster programma email marketing\" \/>\n<meta property=\"og:description\" content=\"SendBlaster programma email marketing La nuova versione di TrackReports \u00e8 online Per accedere al servizio \u00e8 necessario scaricare ed installare la versione pi\u00f9 aggiornata di SendBlaster - la 4.1.8 (come sempre, l&#039;aggiornamento \u00e8\" \/>\n<meta property=\"og:url\" content=\"https:\/\/www.sendblaster.com\/it\/trackreports-online\/\" \/>\n<meta property=\"og:site_name\" content=\"SendBlaster programma email marketing\" \/>\n<meta name=\"twitter:card\" content=\"summary_large_image\" \/>\n<meta name=\"twitter:label1\" content=\"Tempo di lettura stimato\" \/>\n\t<meta name=\"twitter:data1\" content=\"1 minuto\" \/>\n<script type=\"application\/ld+json\" class=\"yoast-schema-graph\">{\"@context\":\"https:\/\/schema.org\",\"@graph\":[{\"@type\":\"WebPage\",\"@id\":\"https:\/\/www.sendblaster.com\/it\/trackreports-online\/\",\"url\":\"https:\/\/www.sendblaster.com\/it\/trackreports-online\/\",\"name\":\"La nuova versione di TrackReports \u00e8 online - SendBlaster programma email marketing\",\"isPartOf\":{\"@id\":\"https:\/\/www.sendblaster.com\/#website\"},\"datePublished\":\"2018-05-09T14:47:08+00:00\",\"dateModified\":\"2018-05-09T14:47:08+00:00\",\"description\":\"SendBlaster programma email marketing La nuova versione di TrackReports \u00e8 online Per accedere al servizio \u00e8 necessario scaricare ed installare la versione pi\u00f9 aggiornata di SendBlaster - la 4.1.8 (come sempre, l'aggiornamento \u00e8\",\"breadcrumb\":{\"@id\":\"https:\/\/www.sendblaster.com\/it\/trackreports-online\/#breadcrumb\"},\"inLanguage\":\"it-IT\",\"potentialAction\":[{\"@type\":\"ReadAction\",\"target\":[\"https:\/\/www.sendblaster.com\/it\/trackreports-online\/\"]}]},{\"@type\":\"BreadcrumbList\",\"@id\":\"https:\/\/www.sendblaster.com\/it\/trackreports-online\/#breadcrumb\",\"itemListElement\":[{\"@type\":\"ListItem\",\"position\":1,\"name\":\"Home\",\"item\":\"https:\/\/www.sendblaster.com\/it\/\"},{\"@type\":\"ListItem\",\"position\":2,\"name\":\"La nuova versione di TrackReports \u00e8 online\"}]},{\"@type\":\"WebSite\",\"@id\":\"https:\/\/www.sendblaster.com\/#website\",\"url\":\"https:\/\/www.sendblaster.com\/\",\"name\":\"SendBlaster programma email marketing\",\"description\":\"\",\"publisher\":{\"@id\":\"https:\/\/www.sendblaster.com\/#organization\"},\"potentialAction\":[{\"@type\":\"SearchAction\",\"target\":{\"@type\":\"EntryPoint\",\"urlTemplate\":\"https:\/\/www.sendblaster.com\/?s={search_term_string}\"},\"query-input\":{\"@type\":\"PropertyValueSpecification\",\"valueRequired\":true,\"valueName\":\"search_term_string\"}}],\"inLanguage\":\"it-IT\"},{\"@type\":\"Organization\",\"@id\":\"https:\/\/www.sendblaster.com\/#organization\",\"name\":\"SendBlaster programma email marketing\",\"url\":\"https:\/\/www.sendblaster.com\/\",\"logo\":{\"@type\":\"ImageObject\",\"inLanguage\":\"it-IT\",\"@id\":\"https:\/\/www.sendblaster.com\/#\/schema\/logo\/image\/\",\"url\":\"https:\/\/www.sendblaster.com\/wp-content\/uploads\/2021\/09\/logo-svg-2021.svg\",\"contentUrl\":\"https:\/\/www.sendblaster.com\/wp-content\/uploads\/2021\/09\/logo-svg-2021.svg\",\"width\":350,\"height\":70,\"caption\":\"SendBlaster programma email marketing\"},\"image\":{\"@id\":\"https:\/\/www.sendblaster.com\/#\/schema\/logo\/image\/\"}}]}<\/script>\n<!-- \/ Yoast SEO plugin. -->","yoast_head_json":{"title":"La nuova versione di TrackReports \u00e8 online - SendBlaster programma email marketing","description":"SendBlaster programma email marketing La nuova versione di TrackReports \u00e8 online Per accedere al servizio \u00e8 necessario scaricare ed installare la versione pi\u00f9 aggiornata di SendBlaster - la 4.1.8 (come sempre, l'aggiornamento \u00e8","robots":{"index":"index","follow":"follow","max-snippet":"max-snippet:-1","max-image-preview":"max-image-preview:large","max-video-preview":"max-video-preview:-1"},"canonical":"https:\/\/www.sendblaster.com\/it\/trackreports-online\/","og_locale":"it_IT","og_type":"article","og_title":"La nuova versione di TrackReports \u00e8 online - SendBlaster programma email marketing","og_description":"SendBlaster programma email marketing La nuova versione di TrackReports \u00e8 online Per accedere al servizio \u00e8 necessario scaricare ed installare la versione pi\u00f9 aggiornata di SendBlaster - la 4.1.8 (come sempre, l'aggiornamento \u00e8","og_url":"https:\/\/www.sendblaster.com\/it\/trackreports-online\/","og_site_name":"SendBlaster programma email marketing","twitter_card":"summary_large_image","twitter_misc":{"Tempo di lettura stimato":"1 minuto"},"schema":{"@context":"https:\/\/schema.org","@graph":[{"@type":"WebPage","@id":"https:\/\/www.sendblaster.com\/it\/trackreports-online\/","url":"https:\/\/www.sendblaster.com\/it\/trackreports-online\/","name":"La nuova versione di TrackReports \u00e8 online - SendBlaster programma email marketing","isPartOf":{"@id":"https:\/\/www.sendblaster.com\/#website"},"datePublished":"2018-05-09T14:47:08+00:00","dateModified":"2018-05-09T14:47:08+00:00","description":"SendBlaster programma email marketing La nuova versione di TrackReports \u00e8 online Per accedere al servizio \u00e8 necessario scaricare ed installare la versione pi\u00f9 aggiornata di SendBlaster - la 4.1.8 (come sempre, l'aggiornamento \u00e8","breadcrumb":{"@id":"https:\/\/www.sendblaster.com\/it\/trackreports-online\/#breadcrumb"},"inLanguage":"it-IT","potentialAction":[{"@type":"ReadAction","target":["https:\/\/www.sendblaster.com\/it\/trackreports-online\/"]}]},{"@type":"BreadcrumbList","@id":"https:\/\/www.sendblaster.com\/it\/trackreports-online\/#breadcrumb","itemListElement":[{"@type":"ListItem","position":1,"name":"Home","item":"https:\/\/www.sendblaster.com\/it\/"},{"@type":"ListItem","position":2,"name":"La nuova versione di TrackReports \u00e8 online"}]},{"@type":"WebSite","@id":"https:\/\/www.sendblaster.com\/#website","url":"https:\/\/www.sendblaster.com\/","name":"SendBlaster programma email marketing","description":"","publisher":{"@id":"https:\/\/www.sendblaster.com\/#organization"},"potentialAction":[{"@type":"SearchAction","target":{"@type":"EntryPoint","urlTemplate":"https:\/\/www.sendblaster.com\/?s={search_term_string}"},"query-input":{"@type":"PropertyValueSpecification","valueRequired":true,"valueName":"search_term_string"}}],"inLanguage":"it-IT"},{"@type":"Organization","@id":"https:\/\/www.sendblaster.com\/#organization","name":"SendBlaster programma email marketing","url":"https:\/\/www.sendblaster.com\/","logo":{"@type":"ImageObject","inLanguage":"it-IT","@id":"https:\/\/www.sendblaster.com\/#\/schema\/logo\/image\/","url":"https:\/\/www.sendblaster.com\/wp-content\/uploads\/2021\/09\/logo-svg-2021.svg","contentUrl":"https:\/\/www.sendblaster.com\/wp-content\/uploads\/2021\/09\/logo-svg-2021.svg","width":350,"height":70,"caption":"SendBlaster programma email marketing"},"image":{"@id":"https:\/\/www.sendblaster.com\/#\/schema\/logo\/image\/"}}]}},"_links":{"self":[{"href":"https:\/\/www.sendblaster.com\/it\/wp-json\/wp\/v2\/pages\/1548"}],"collection":[{"href":"https:\/\/www.sendblaster.com\/it\/wp-json\/wp\/v2\/pages"}],"about":[{"href":"https:\/\/www.sendblaster.com\/it\/wp-json\/wp\/v2\/types\/page"}],"author":[{"embeddable":true,"href":"https:\/\/www.sendblaster.com\/it\/wp-json\/wp\/v2\/users\/2"}],"replies":[{"embeddable":true,"href":"https:\/\/www.sendblaster.com\/it\/wp-json\/wp\/v2\/comments?post=1548"}],"version-history":[{"count":3,"href":"https:\/\/www.sendblaster.com\/it\/wp-json\/wp\/v2\/pages\/1548\/revisions"}],"predecessor-version":[{"id":1553,"href":"https:\/\/www.sendblaster.com\/it\/wp-json\/wp\/v2\/pages\/1548\/revisions\/1553"}],"wp:attachment":[{"href":"https:\/\/www.sendblaster.com\/it\/wp-json\/wp\/v2\/media?parent=1548"}],"curies":[{"name":"wp","href":"https:\/\/api.w.org\/{rel}","templated":true}]}}