{"id":1398,"date":"2018-05-07T15:54:03","date_gmt":"2018-05-07T15:54:03","guid":{"rendered":"http:\/\/www.sendblaster.com\/wpnew-2018\/?page_id=1398"},"modified":"2018-05-07T15:54:03","modified_gmt":"2018-05-07T15:54:03","slug":"frequenza-invio-e-mail","status":"publish","type":"page","link":"https:\/\/www.sendblaster.com\/it\/frequenza-invio-e-mail\/","title":{"rendered":"Tasso di consegna delle e-mail"},"content":{"rendered":"<p>Tutti coloro che sono nuovi dell&#8217;e-mail marketing spesso non immaginano che non tutti i messaggi inviati raggiungono l&#8217;obiettivo. Molte ragioni possono compromettere il buon fine dell&#8217;operazione.<\/p>\n<p>Cerchiamo di analizzarne le principali ragioni.<\/p>\n<h2>Motivi tecnici<\/h2>\n<p><strong>Gli indirizzi e-mail dei destinatari non sono coretti<\/strong>. I tuoi clienti potrebbero aver commesso degli errori di digitazione al momento della sottoscrizione. Anche il pi\u00f9 piccolo errore pu\u00f2 rendere non valido un indirizzo email.<\/p>\n<p>Occorre considerare che poche persone dimenticano il proprio indirizzo e forniscono quello sbagliato.<\/p>\n<p><strong>La casella di destinazione \u00e8 piena.<\/strong> Non \u00e8 raro che alcune persone non cancellino vecchi messaggi nella loro mailbox. Alcune caselle hanno una limitata capacit\u00e0 di spazio e quando sono piene i nuovi messaggi vengono rifiutati.<\/p>\n<p><strong>L&#8217;indirizzo non \u00e8 pi\u00f9 esistente.<\/strong> Succede quando vecchie o inutilizzate caselle di posta vengono cancellate.<\/p>\n<p><strong>Problemi della rete.<\/strong> Pu\u00f2 succedere che vi sia una manutenzione da parte di un ISP o qualcosa vada storto durante la comunicazione.<\/p>\n<p>Quando i messaggi non raggiungono la destinazione voluta e di conseguenza sono rispediti al mittente, viene generato quello che \u00e8 definito un &#8220;bounce&#8221;.<\/p>\n<p>Si ha un &#8220;hard bounce&#8221; quando l&#8217;errore \u00e8 permanente (cio\u00e8 l&#8217;indirizzo non esiste pi\u00f9).<\/p>\n<p>Si parla invece di &#8220;soft bounce&#8221; in relazione a errori temporanei (cio\u00e8 quando un destinatario non \u00e8 raggiungibile per un problema di rete e il sistema pu\u00f2 provare nuovamente a inoltrarlo).<\/p>\n<p><a href=\"https:\/\/www.sendblaster.com\/it\/supporto\/gestione-liste\/gestione-dei-bounce-back\">Consulta le informazioni sulla gestione bounce-back di SendBlaster<\/a><\/p>\n<h2>Filtri anti-spam<\/h2>\n<p>Un altro problema importante \u00e8 rappresentato dai filtri anti-spam.<\/p>\n<p>Anche se non sei uno spammer, qualche volta i tuoi messaggi potrebbero venir classificati come indesiderati comunque. In questo caso saranno cancellati o spostati nella cartella di posta indesiderata.<\/p>\n","protected":false},"excerpt":{"rendered":"<p>Tutti coloro che sono nuovi dell&#8217;e-mail marketing spesso non immaginano che non tutti i messaggi inviati raggiungono l&#8217;obiettivo. Molte ragioni possono compromettere il buon fine dell&#8217;operazione. Cerchiamo di analizzarne le principali ragioni. Motivi tecnici Gli indirizzi e-mail dei destinatari non <\/p>\n<p class=\"read-more-container\"><a class=\"button read-more\" href=\"https:\/\/www.sendblaster.com\/it\/frequenza-invio-e-mail\/\" title=\"\">Continua a leggere<\/a><\/p>\n","protected":false},"author":2,"featured_media":0,"parent":0,"menu_order":0,"comment_status":"closed","ping_status":"closed","template":"g1_template_page_sidebar_right.php","meta":{"_monsterinsights_skip_tracking":false,"_monsterinsights_sitenote_active":false,"_monsterinsights_sitenote_note":"","_monsterinsights_sitenote_category":0,"footnotes":""},"class_list":["post-1398","page","type-page","status-publish"],"yoast_head":"<!-- This site is optimized with the Yoast SEO plugin v23.5 - https:\/\/yoast.com\/wordpress\/plugins\/seo\/ -->\n<title>Tasso di consegna delle e-mail - SendBlaster programma email marketing<\/title>\n<meta name=\"description\" content=\"SendBlaster programma email marketing Tasso di consegna delle e-mail Tutti coloro che sono nuovi dell&#039;e-mail marketing spesso non immaginano che non tutti i messaggi inviati raggiungono l&#039;obiettivo. Molte ragioni possono\" \/>\n<meta name=\"robots\" content=\"index, follow, max-snippet:-1, max-image-preview:large, max-video-preview:-1\" \/>\n<link rel=\"canonical\" href=\"https:\/\/www.sendblaster.com\/it\/frequenza-invio-e-mail\/\" \/>\n<meta property=\"og:locale\" content=\"it_IT\" \/>\n<meta property=\"og:type\" content=\"article\" \/>\n<meta property=\"og:title\" content=\"Tasso di consegna delle e-mail - SendBlaster programma email marketing\" \/>\n<meta property=\"og:description\" content=\"SendBlaster programma email marketing Tasso di consegna delle e-mail Tutti coloro che sono nuovi dell&#039;e-mail marketing spesso non immaginano che non tutti i messaggi inviati raggiungono l&#039;obiettivo. Molte ragioni possono\" \/>\n<meta property=\"og:url\" content=\"https:\/\/www.sendblaster.com\/it\/frequenza-invio-e-mail\/\" \/>\n<meta property=\"og:site_name\" content=\"SendBlaster programma email marketing\" \/>\n<meta name=\"twitter:card\" content=\"summary_large_image\" \/>\n<meta name=\"twitter:label1\" content=\"Tempo di lettura stimato\" \/>\n\t<meta name=\"twitter:data1\" content=\"1 minuto\" \/>\n<script type=\"application\/ld+json\" class=\"yoast-schema-graph\">{\"@context\":\"https:\/\/schema.org\",\"@graph\":[{\"@type\":\"WebPage\",\"@id\":\"https:\/\/www.sendblaster.com\/it\/frequenza-invio-e-mail\/\",\"url\":\"https:\/\/www.sendblaster.com\/it\/frequenza-invio-e-mail\/\",\"name\":\"Tasso di consegna delle e-mail - SendBlaster programma email marketing\",\"isPartOf\":{\"@id\":\"https:\/\/www.sendblaster.com\/#website\"},\"datePublished\":\"2018-05-07T15:54:03+00:00\",\"dateModified\":\"2018-05-07T15:54:03+00:00\",\"description\":\"SendBlaster programma email marketing Tasso di consegna delle e-mail Tutti coloro che sono nuovi dell'e-mail marketing spesso non immaginano che non tutti i messaggi inviati raggiungono l'obiettivo. Molte ragioni possono\",\"breadcrumb\":{\"@id\":\"https:\/\/www.sendblaster.com\/it\/frequenza-invio-e-mail\/#breadcrumb\"},\"inLanguage\":\"it-IT\",\"potentialAction\":[{\"@type\":\"ReadAction\",\"target\":[\"https:\/\/www.sendblaster.com\/it\/frequenza-invio-e-mail\/\"]}]},{\"@type\":\"BreadcrumbList\",\"@id\":\"https:\/\/www.sendblaster.com\/it\/frequenza-invio-e-mail\/#breadcrumb\",\"itemListElement\":[{\"@type\":\"ListItem\",\"position\":1,\"name\":\"Home\",\"item\":\"https:\/\/www.sendblaster.com\/it\/\"},{\"@type\":\"ListItem\",\"position\":2,\"name\":\"Tasso di consegna delle e-mail\"}]},{\"@type\":\"WebSite\",\"@id\":\"https:\/\/www.sendblaster.com\/#website\",\"url\":\"https:\/\/www.sendblaster.com\/\",\"name\":\"SendBlaster programma email marketing\",\"description\":\"\",\"publisher\":{\"@id\":\"https:\/\/www.sendblaster.com\/#organization\"},\"potentialAction\":[{\"@type\":\"SearchAction\",\"target\":{\"@type\":\"EntryPoint\",\"urlTemplate\":\"https:\/\/www.sendblaster.com\/?s={search_term_string}\"},\"query-input\":{\"@type\":\"PropertyValueSpecification\",\"valueRequired\":true,\"valueName\":\"search_term_string\"}}],\"inLanguage\":\"it-IT\"},{\"@type\":\"Organization\",\"@id\":\"https:\/\/www.sendblaster.com\/#organization\",\"name\":\"SendBlaster programma email marketing\",\"url\":\"https:\/\/www.sendblaster.com\/\",\"logo\":{\"@type\":\"ImageObject\",\"inLanguage\":\"it-IT\",\"@id\":\"https:\/\/www.sendblaster.com\/#\/schema\/logo\/image\/\",\"url\":\"https:\/\/www.sendblaster.com\/wp-content\/uploads\/2021\/09\/logo-svg-2021.svg\",\"contentUrl\":\"https:\/\/www.sendblaster.com\/wp-content\/uploads\/2021\/09\/logo-svg-2021.svg\",\"width\":350,\"height\":70,\"caption\":\"SendBlaster programma email marketing\"},\"image\":{\"@id\":\"https:\/\/www.sendblaster.com\/#\/schema\/logo\/image\/\"}}]}<\/script>\n<!-- \/ Yoast SEO plugin. -->","yoast_head_json":{"title":"Tasso di consegna delle e-mail - SendBlaster programma email marketing","description":"SendBlaster programma email marketing Tasso di consegna delle e-mail Tutti coloro che sono nuovi dell'e-mail marketing spesso non immaginano che non tutti i messaggi inviati raggiungono l'obiettivo. Molte ragioni possono","robots":{"index":"index","follow":"follow","max-snippet":"max-snippet:-1","max-image-preview":"max-image-preview:large","max-video-preview":"max-video-preview:-1"},"canonical":"https:\/\/www.sendblaster.com\/it\/frequenza-invio-e-mail\/","og_locale":"it_IT","og_type":"article","og_title":"Tasso di consegna delle e-mail - SendBlaster programma email marketing","og_description":"SendBlaster programma email marketing Tasso di consegna delle e-mail Tutti coloro che sono nuovi dell'e-mail marketing spesso non immaginano che non tutti i messaggi inviati raggiungono l'obiettivo. Molte ragioni possono","og_url":"https:\/\/www.sendblaster.com\/it\/frequenza-invio-e-mail\/","og_site_name":"SendBlaster programma email marketing","twitter_card":"summary_large_image","twitter_misc":{"Tempo di lettura stimato":"1 minuto"},"schema":{"@context":"https:\/\/schema.org","@graph":[{"@type":"WebPage","@id":"https:\/\/www.sendblaster.com\/it\/frequenza-invio-e-mail\/","url":"https:\/\/www.sendblaster.com\/it\/frequenza-invio-e-mail\/","name":"Tasso di consegna delle e-mail - SendBlaster programma email marketing","isPartOf":{"@id":"https:\/\/www.sendblaster.com\/#website"},"datePublished":"2018-05-07T15:54:03+00:00","dateModified":"2018-05-07T15:54:03+00:00","description":"SendBlaster programma email marketing Tasso di consegna delle e-mail Tutti coloro che sono nuovi dell'e-mail marketing spesso non immaginano che non tutti i messaggi inviati raggiungono l'obiettivo. Molte ragioni possono","breadcrumb":{"@id":"https:\/\/www.sendblaster.com\/it\/frequenza-invio-e-mail\/#breadcrumb"},"inLanguage":"it-IT","potentialAction":[{"@type":"ReadAction","target":["https:\/\/www.sendblaster.com\/it\/frequenza-invio-e-mail\/"]}]},{"@type":"BreadcrumbList","@id":"https:\/\/www.sendblaster.com\/it\/frequenza-invio-e-mail\/#breadcrumb","itemListElement":[{"@type":"ListItem","position":1,"name":"Home","item":"https:\/\/www.sendblaster.com\/it\/"},{"@type":"ListItem","position":2,"name":"Tasso di consegna delle e-mail"}]},{"@type":"WebSite","@id":"https:\/\/www.sendblaster.com\/#website","url":"https:\/\/www.sendblaster.com\/","name":"SendBlaster programma email marketing","description":"","publisher":{"@id":"https:\/\/www.sendblaster.com\/#organization"},"potentialAction":[{"@type":"SearchAction","target":{"@type":"EntryPoint","urlTemplate":"https:\/\/www.sendblaster.com\/?s={search_term_string}"},"query-input":{"@type":"PropertyValueSpecification","valueRequired":true,"valueName":"search_term_string"}}],"inLanguage":"it-IT"},{"@type":"Organization","@id":"https:\/\/www.sendblaster.com\/#organization","name":"SendBlaster programma email marketing","url":"https:\/\/www.sendblaster.com\/","logo":{"@type":"ImageObject","inLanguage":"it-IT","@id":"https:\/\/www.sendblaster.com\/#\/schema\/logo\/image\/","url":"https:\/\/www.sendblaster.com\/wp-content\/uploads\/2021\/09\/logo-svg-2021.svg","contentUrl":"https:\/\/www.sendblaster.com\/wp-content\/uploads\/2021\/09\/logo-svg-2021.svg","width":350,"height":70,"caption":"SendBlaster programma email marketing"},"image":{"@id":"https:\/\/www.sendblaster.com\/#\/schema\/logo\/image\/"}}]}},"_links":{"self":[{"href":"https:\/\/www.sendblaster.com\/it\/wp-json\/wp\/v2\/pages\/1398"}],"collection":[{"href":"https:\/\/www.sendblaster.com\/it\/wp-json\/wp\/v2\/pages"}],"about":[{"href":"https:\/\/www.sendblaster.com\/it\/wp-json\/wp\/v2\/types\/page"}],"author":[{"embeddable":true,"href":"https:\/\/www.sendblaster.com\/it\/wp-json\/wp\/v2\/users\/2"}],"replies":[{"embeddable":true,"href":"https:\/\/www.sendblaster.com\/it\/wp-json\/wp\/v2\/comments?post=1398"}],"version-history":[{"count":2,"href":"https:\/\/www.sendblaster.com\/it\/wp-json\/wp\/v2\/pages\/1398\/revisions"}],"predecessor-version":[{"id":1400,"href":"https:\/\/www.sendblaster.com\/it\/wp-json\/wp\/v2\/pages\/1398\/revisions\/1400"}],"wp:attachment":[{"href":"https:\/\/www.sendblaster.com\/it\/wp-json\/wp\/v2\/media?parent=1398"}],"curies":[{"name":"wp","href":"https:\/\/api.w.org\/{rel}","templated":true}]}}