{"id":1269,"date":"2018-05-05T15:31:59","date_gmt":"2018-05-05T15:31:59","guid":{"rendered":"http:\/\/www.sendblaster.com\/wpnew-2018\/?page_id=1269"},"modified":"2020-11-25T15:03:18","modified_gmt":"2020-11-25T15:03:18","slug":"mytracking","status":"publish","type":"page","link":"https:\/\/www.sendblaster.com\/it\/mytracking\/","title":{"rendered":"Cos&#8217;\u00e8 MyTracking?"},"content":{"rendered":"<div id=\"\" class=\"g1-message g1-message--warning \" ><div class=\"g1-inner\"><strong>Attenzione: il servizio MyTracking non \u00e8 pi\u00f9 disponibile. Scopri le alternative<\/strong><\/div><\/div>\n<h2 style=\"margin-bottom: 45px;font-size: 20px;line-height: 1.4em;\">MyTracking era un sistema di tracciamento che mostrava le statistiche delle campagne di email marketing inviate con Sendblaster. Ora MyTracking non \u00e8 pi\u00f9 attivo, ma noi abbiamo le soluzione giuste per te.<\/h2>\n<div class=\"g1-space\" style=\"height: 20px;\"><\/div>\n<h2>Cerchi un sistema di email tracking da integrare a SendBlaster?<\/h2>\n<p>La soluzione perfetta per te \u00e8 <strong><u>turboSMTP<\/u><\/strong>, un provider di server SMTP professionale con sistema di email tracking integrato. Rispetto a MyTracking, turboSMTP offre statistiche in real time su:<\/p>\n\n<ul id=\"\" class=\"g1-list g1-list--icon g1-list--simple \">\n<li><i class=\"fa fa-check g1-list__icon\"><\/i>Open rate<\/li>\n<li><i class=\"fa fa-check g1-list__icon\"><\/i>Bounce Rate<\/li>\n<li><i class=\"fa fa-check g1-list__icon\"><\/i>CTR<\/li>\n<li><i class=\"fa fa-check g1-list__icon\"><\/i>Spam Score<\/li>\n<\/ul>\n\n<p>turboSMTP \u00e8 un sistema molto pi\u00f9 completo rispetto a MyTracking e non solo avrai la possibilit\u00e0 di tracciare le tue email, ma potrai anche inviarle tramite un server SMTP professionale perfetto per ottimizzare la tua <strong>deliverability<\/strong>.<\/p>\n<p style=\"text-align: center;\"><a href=\"https:\/\/www.serversmtp.com\/it\/\" title=\"Prova gratis turboSMTP\" class=\"reseller-cta-big\">Prova gratis turboSMTP<\/a><\/p>\n<div class=\"g1-space\" style=\"height: 40px;\"><\/div>\n<h2>Cerchi una piattaforma completa per l\u2019invio, la gestione e il tracciamento delle tue campagne email?<\/h2>\n<p>Per i pi\u00f9 esigenti il nostro SendBlaster potrebbe non essere abbastanza. Perch\u00e9 accontentarti di un servizio come MyTracking se puoi avere una piattaforma in cloud studiata per tutte le esigenze dell\u2019email marketing? Per questo abbiamo creato <strong><u>eMailChef<\/u><\/strong>, un sistema completo per la creazione, la gestione, l\u2019invio e il tracking  delle newsletter.<\/p>\n<p><strong>eMailChef<\/strong> non \u00e8 un software desktop come Sendblaster, ma \u00e8 un\u2019<strong>applicazione in cloud<\/strong> accessibile dal web da qualunque dispositivo. Con eMailChef non avrai bisogno di scaricare alcun software sul computer e potrai inviare le tue email quando vuoi e su qualunque supporto, con innumerevoli vantaggi in termini di velocit\u00e0, flessibilit\u00e0 e recupero dei dati. Ma non \u00e8 finita qui. eMailChef offre ai suoi clienti un efficace sistema di tracciamento con statistiche in tempo reale consultabili online in qualunque momento.<\/p>\n<p>Iscrivendoti a eMailChef potrai esaminare la performance dei tuoi link avendo a disposizione una <strong>mappa dei clic<\/strong> (che ti mostra su quali bottoni, CTA o link estesi si sono concentrati i clic dei tuoi destinatari) e una statistica completa con percentuali e numero di clic totali e unici.<\/p>\n<p><a title=\"Statistiche invio newsletter\" data-g1-lightbox=\"gallery-screenshot\" href=\"https:\/\/www.sendblaster.com\/wp-content\/uploads\/2020\/10\/statistiche-mytracking.jpg\"><img decoding=\"async\" src=\"https:\/\/www.sendblaster.com\/wp-content\/uploads\/2020\/10\/statistiche-mytracking.jpg\" alt=\"Statistiche invio newsletter\" width=\"968\" height=\"186\" \/><\/a><\/p>\n<p>Il CTR (click-through-rate) \u00e8 una metrica fondamentale per capire l\u2019efficacia delle tue email ma non \u00e8 l\u2019unico tasso di cui dovresti preoccuparti. eMailChef offre statistiche complete su:<\/p>\n<ul class=\"g1-grid\"><li class=\"g1-column g1-one-half g1-valign-top\">\n\n<ul id=\"\" class=\"g1-list g1-list--icon g1-list--simple \">\n<li><i class=\"fa fa-check g1-list__icon\"><\/i>Open rate<\/li>\n<li><i class=\"fa fa-check g1-list__icon\"><\/i>Delivery rate<\/li>\n<li><i class=\"fa fa-check g1-list__icon\"><\/i>Click to open rate<\/li>\n<li><i class=\"fa fa-check g1-list__icon\"><\/i>Bounce rate<\/li>\n<\/ul>\n\n<\/li><!-- -->\n<li class=\"g1-column g1-one-half g1-valign-top\">\n\n<ul id=\"\" class=\"g1-list g1-list--icon g1-list--simple \">\n<li><i class=\"fa fa-check g1-list__icon\"><\/i>Unsubscribe rate<\/li>\n<li><i class=\"fa fa-check g1-list__icon\"><\/i>Spam score<\/li>\n<li><i class=\"fa fa-check g1-list__icon\"><\/i>Aperture per dispositivo<\/li>\n<li><i class=\"fa fa-check g1-list__icon\"><\/i>Aperture per Nazione<\/li>\n<\/ul>\n\n<\/li><!-- --><\/ul>\n<h3 style=\"text-align: center; margin-top: 35px;\">Trasforma subito i tuoi crediti Sendblaster in crediti eMailChef<\/h3>\n<p style=\"text-align: center;\"><a href=\"https:\/\/emailchef.com\/user-signup\" title=\"Prova ora eMailChef, 7 giorni sono gratis!\" class=\"buy-cta-big\">Passa a eMailChef<\/a><\/p>\n","protected":false},"excerpt":{"rendered":"<p>MyTracking era un sistema di tracciamento che mostrava le statistiche delle campagne di email marketing inviate con Sendblaster. Ora MyTracking non \u00e8 pi\u00f9 attivo, ma noi abbiamo le soluzione giuste per te. Cerchi un sistema di email tracking da integrare <\/p>\n<p class=\"read-more-container\"><a class=\"button read-more\" href=\"https:\/\/www.sendblaster.com\/it\/mytracking\/\" title=\"\">Continua a leggere<\/a><\/p>\n","protected":false},"author":2,"featured_media":0,"parent":0,"menu_order":0,"comment_status":"closed","ping_status":"closed","template":"g1_template_page_full.php","meta":{"_monsterinsights_skip_tracking":false,"_monsterinsights_sitenote_active":false,"_monsterinsights_sitenote_note":"","_monsterinsights_sitenote_category":0,"footnotes":""},"class_list":["post-1269","page","type-page","status-publish"],"yoast_head":"<!-- This site is optimized with the Yoast SEO plugin v23.5 - https:\/\/yoast.com\/wordpress\/plugins\/seo\/ -->\n<title>Cos&#039;\u00e8 MyTracking? - SendBlaster programma email marketing<\/title>\n<meta name=\"description\" content=\"SendBlaster programma email marketing Cos&#039;\u00e8 MyTracking? MyTracking era un sistema di tracciamento che mostrava le statistiche delle campagne di email marketing inviate con Sendblaster.\" \/>\n<meta name=\"robots\" content=\"index, follow, max-snippet:-1, max-image-preview:large, max-video-preview:-1\" \/>\n<link rel=\"canonical\" href=\"https:\/\/www.sendblaster.com\/it\/mytracking\/\" \/>\n<meta property=\"og:locale\" content=\"it_IT\" \/>\n<meta property=\"og:type\" content=\"article\" \/>\n<meta property=\"og:title\" content=\"Cos&#039;\u00e8 MyTracking? - SendBlaster programma email marketing\" \/>\n<meta property=\"og:description\" content=\"SendBlaster programma email marketing Cos&#039;\u00e8 MyTracking? MyTracking era un sistema di tracciamento che mostrava le statistiche delle campagne di email marketing inviate con Sendblaster.\" \/>\n<meta property=\"og:url\" content=\"https:\/\/www.sendblaster.com\/it\/mytracking\/\" \/>\n<meta property=\"og:site_name\" content=\"SendBlaster programma email marketing\" \/>\n<meta property=\"article:modified_time\" content=\"2020-11-25T15:03:18+00:00\" \/>\n<meta property=\"og:image\" content=\"https:\/\/www.sendblaster.com\/wp-content\/uploads\/2020\/10\/statistiche-mytracking.jpg\" \/>\n<meta name=\"twitter:card\" content=\"summary_large_image\" \/>\n<meta name=\"twitter:label1\" content=\"Tempo di lettura stimato\" \/>\n\t<meta name=\"twitter:data1\" content=\"2 minuti\" \/>\n<script type=\"application\/ld+json\" class=\"yoast-schema-graph\">{\"@context\":\"https:\/\/schema.org\",\"@graph\":[{\"@type\":\"WebPage\",\"@id\":\"https:\/\/www.sendblaster.com\/it\/mytracking\/\",\"url\":\"https:\/\/www.sendblaster.com\/it\/mytracking\/\",\"name\":\"Cos'\u00e8 MyTracking? - SendBlaster programma email marketing\",\"isPartOf\":{\"@id\":\"https:\/\/www.sendblaster.com\/#website\"},\"primaryImageOfPage\":{\"@id\":\"https:\/\/www.sendblaster.com\/it\/mytracking\/#primaryimage\"},\"image\":{\"@id\":\"https:\/\/www.sendblaster.com\/it\/mytracking\/#primaryimage\"},\"thumbnailUrl\":\"https:\/\/www.sendblaster.com\/wp-content\/uploads\/2020\/10\/statistiche-mytracking.jpg\",\"datePublished\":\"2018-05-05T15:31:59+00:00\",\"dateModified\":\"2020-11-25T15:03:18+00:00\",\"description\":\"SendBlaster programma email marketing Cos'\u00e8 MyTracking? MyTracking era un sistema di tracciamento che mostrava le statistiche delle campagne di email marketing inviate con Sendblaster.\",\"breadcrumb\":{\"@id\":\"https:\/\/www.sendblaster.com\/it\/mytracking\/#breadcrumb\"},\"inLanguage\":\"it-IT\",\"potentialAction\":[{\"@type\":\"ReadAction\",\"target\":[\"https:\/\/www.sendblaster.com\/it\/mytracking\/\"]}]},{\"@type\":\"ImageObject\",\"inLanguage\":\"it-IT\",\"@id\":\"https:\/\/www.sendblaster.com\/it\/mytracking\/#primaryimage\",\"url\":\"https:\/\/www.sendblaster.com\/wp-content\/uploads\/2020\/10\/statistiche-mytracking.jpg\",\"contentUrl\":\"https:\/\/www.sendblaster.com\/wp-content\/uploads\/2020\/10\/statistiche-mytracking.jpg\"},{\"@type\":\"BreadcrumbList\",\"@id\":\"https:\/\/www.sendblaster.com\/it\/mytracking\/#breadcrumb\",\"itemListElement\":[{\"@type\":\"ListItem\",\"position\":1,\"name\":\"Home\",\"item\":\"https:\/\/www.sendblaster.com\/it\/\"},{\"@type\":\"ListItem\",\"position\":2,\"name\":\"Cos&#8217;\u00e8 MyTracking?\"}]},{\"@type\":\"WebSite\",\"@id\":\"https:\/\/www.sendblaster.com\/#website\",\"url\":\"https:\/\/www.sendblaster.com\/\",\"name\":\"SendBlaster programma email marketing\",\"description\":\"\",\"publisher\":{\"@id\":\"https:\/\/www.sendblaster.com\/#organization\"},\"potentialAction\":[{\"@type\":\"SearchAction\",\"target\":{\"@type\":\"EntryPoint\",\"urlTemplate\":\"https:\/\/www.sendblaster.com\/?s={search_term_string}\"},\"query-input\":{\"@type\":\"PropertyValueSpecification\",\"valueRequired\":true,\"valueName\":\"search_term_string\"}}],\"inLanguage\":\"it-IT\"},{\"@type\":\"Organization\",\"@id\":\"https:\/\/www.sendblaster.com\/#organization\",\"name\":\"SendBlaster programma email marketing\",\"url\":\"https:\/\/www.sendblaster.com\/\",\"logo\":{\"@type\":\"ImageObject\",\"inLanguage\":\"it-IT\",\"@id\":\"https:\/\/www.sendblaster.com\/#\/schema\/logo\/image\/\",\"url\":\"https:\/\/www.sendblaster.com\/wp-content\/uploads\/2021\/09\/logo-svg-2021.svg\",\"contentUrl\":\"https:\/\/www.sendblaster.com\/wp-content\/uploads\/2021\/09\/logo-svg-2021.svg\",\"width\":350,\"height\":70,\"caption\":\"SendBlaster programma email marketing\"},\"image\":{\"@id\":\"https:\/\/www.sendblaster.com\/#\/schema\/logo\/image\/\"}}]}<\/script>\n<!-- \/ Yoast SEO plugin. -->","yoast_head_json":{"title":"Cos'\u00e8 MyTracking? - SendBlaster programma email marketing","description":"SendBlaster programma email marketing Cos'\u00e8 MyTracking? MyTracking era un sistema di tracciamento che mostrava le statistiche delle campagne di email marketing inviate con Sendblaster.","robots":{"index":"index","follow":"follow","max-snippet":"max-snippet:-1","max-image-preview":"max-image-preview:large","max-video-preview":"max-video-preview:-1"},"canonical":"https:\/\/www.sendblaster.com\/it\/mytracking\/","og_locale":"it_IT","og_type":"article","og_title":"Cos'\u00e8 MyTracking? - SendBlaster programma email marketing","og_description":"SendBlaster programma email marketing Cos'\u00e8 MyTracking? MyTracking era un sistema di tracciamento che mostrava le statistiche delle campagne di email marketing inviate con Sendblaster.","og_url":"https:\/\/www.sendblaster.com\/it\/mytracking\/","og_site_name":"SendBlaster programma email marketing","article_modified_time":"2020-11-25T15:03:18+00:00","og_image":[{"url":"https:\/\/www.sendblaster.com\/wp-content\/uploads\/2020\/10\/statistiche-mytracking.jpg"}],"twitter_card":"summary_large_image","twitter_misc":{"Tempo di lettura stimato":"2 minuti"},"schema":{"@context":"https:\/\/schema.org","@graph":[{"@type":"WebPage","@id":"https:\/\/www.sendblaster.com\/it\/mytracking\/","url":"https:\/\/www.sendblaster.com\/it\/mytracking\/","name":"Cos'\u00e8 MyTracking? - SendBlaster programma email marketing","isPartOf":{"@id":"https:\/\/www.sendblaster.com\/#website"},"primaryImageOfPage":{"@id":"https:\/\/www.sendblaster.com\/it\/mytracking\/#primaryimage"},"image":{"@id":"https:\/\/www.sendblaster.com\/it\/mytracking\/#primaryimage"},"thumbnailUrl":"https:\/\/www.sendblaster.com\/wp-content\/uploads\/2020\/10\/statistiche-mytracking.jpg","datePublished":"2018-05-05T15:31:59+00:00","dateModified":"2020-11-25T15:03:18+00:00","description":"SendBlaster programma email marketing Cos'\u00e8 MyTracking? MyTracking era un sistema di tracciamento che mostrava le statistiche delle campagne di email marketing inviate con Sendblaster.","breadcrumb":{"@id":"https:\/\/www.sendblaster.com\/it\/mytracking\/#breadcrumb"},"inLanguage":"it-IT","potentialAction":[{"@type":"ReadAction","target":["https:\/\/www.sendblaster.com\/it\/mytracking\/"]}]},{"@type":"ImageObject","inLanguage":"it-IT","@id":"https:\/\/www.sendblaster.com\/it\/mytracking\/#primaryimage","url":"https:\/\/www.sendblaster.com\/wp-content\/uploads\/2020\/10\/statistiche-mytracking.jpg","contentUrl":"https:\/\/www.sendblaster.com\/wp-content\/uploads\/2020\/10\/statistiche-mytracking.jpg"},{"@type":"BreadcrumbList","@id":"https:\/\/www.sendblaster.com\/it\/mytracking\/#breadcrumb","itemListElement":[{"@type":"ListItem","position":1,"name":"Home","item":"https:\/\/www.sendblaster.com\/it\/"},{"@type":"ListItem","position":2,"name":"Cos&#8217;\u00e8 MyTracking?"}]},{"@type":"WebSite","@id":"https:\/\/www.sendblaster.com\/#website","url":"https:\/\/www.sendblaster.com\/","name":"SendBlaster programma email marketing","description":"","publisher":{"@id":"https:\/\/www.sendblaster.com\/#organization"},"potentialAction":[{"@type":"SearchAction","target":{"@type":"EntryPoint","urlTemplate":"https:\/\/www.sendblaster.com\/?s={search_term_string}"},"query-input":{"@type":"PropertyValueSpecification","valueRequired":true,"valueName":"search_term_string"}}],"inLanguage":"it-IT"},{"@type":"Organization","@id":"https:\/\/www.sendblaster.com\/#organization","name":"SendBlaster programma email marketing","url":"https:\/\/www.sendblaster.com\/","logo":{"@type":"ImageObject","inLanguage":"it-IT","@id":"https:\/\/www.sendblaster.com\/#\/schema\/logo\/image\/","url":"https:\/\/www.sendblaster.com\/wp-content\/uploads\/2021\/09\/logo-svg-2021.svg","contentUrl":"https:\/\/www.sendblaster.com\/wp-content\/uploads\/2021\/09\/logo-svg-2021.svg","width":350,"height":70,"caption":"SendBlaster programma email marketing"},"image":{"@id":"https:\/\/www.sendblaster.com\/#\/schema\/logo\/image\/"}}]}},"_links":{"self":[{"href":"https:\/\/www.sendblaster.com\/it\/wp-json\/wp\/v2\/pages\/1269"}],"collection":[{"href":"https:\/\/www.sendblaster.com\/it\/wp-json\/wp\/v2\/pages"}],"about":[{"href":"https:\/\/www.sendblaster.com\/it\/wp-json\/wp\/v2\/types\/page"}],"author":[{"embeddable":true,"href":"https:\/\/www.sendblaster.com\/it\/wp-json\/wp\/v2\/users\/2"}],"replies":[{"embeddable":true,"href":"https:\/\/www.sendblaster.com\/it\/wp-json\/wp\/v2\/comments?post=1269"}],"version-history":[{"count":13,"href":"https:\/\/www.sendblaster.com\/it\/wp-json\/wp\/v2\/pages\/1269\/revisions"}],"predecessor-version":[{"id":5109,"href":"https:\/\/www.sendblaster.com\/it\/wp-json\/wp\/v2\/pages\/1269\/revisions\/5109"}],"wp:attachment":[{"href":"https:\/\/www.sendblaster.com\/it\/wp-json\/wp\/v2\/media?parent=1269"}],"curies":[{"name":"wp","href":"https:\/\/api.w.org\/{rel}","templated":true}]}}