{"id":1262,"date":"2018-05-05T15:13:57","date_gmt":"2018-05-05T15:13:57","guid":{"rendered":"http:\/\/www.sendblaster.com\/wpnew-2018\/?page_id=1262"},"modified":"2018-05-05T15:14:25","modified_gmt":"2018-05-05T15:14:25","slug":"turbosmtp-offer","status":"publish","type":"page","link":"https:\/\/www.sendblaster.com\/it\/turbosmtp-offer\/","title":{"rendered":"Problemi con il tuo servizio SMTP? Devi inviare mailing spesso? TurboSMTP pu\u00f2 aiutarti!"},"content":{"rendered":"<p>powered by\u00a0<a href=\"http:\/\/serversmtp.com\/it\"><img decoding=\"async\" class=\"alignnone wp-image-1237 \" src=\"https:\/\/www.sendblaster.com\/wp-content\/uploads\/2018\/05\/turbo-logo-1-300x78.gif\" alt=\"turbosmtp logo\" width=\"143\" height=\"55\" \/><\/a><\/p>\n<p>&nbsp;<\/p>\n<h3><strong>Perch\u00e9 usare un <a title=\"professional and cheap SMTP\" href=\"http:\/\/www.serversmtp.com\/it\/tsmtpdoc.php?doc=sendblaster\">servizio SMTP\u00a0professionale<\/a><\/strong><\/h3>\n<p>&nbsp;<\/p>\n<p>I server SMTP forniti dagli <strong>ISP standard<\/strong> (Internet Provider &#8211; collegamento internet ADSL) <strong>non sono sempre affidabili:<\/strong> usano indirizzi IP casuali e talvolta uno o pi\u00f9 di questi IP sono su black-lists, causando spesso <strong>problemi durante l&#8217;invio di messaggi di posta elettronica<\/strong>.<\/p>\n<p>La cosa <strong>peggiore \u00e8<\/strong> che <strong>non sarai a conoscenza<\/strong> di questi problemi: potrai solo inviare e-mail senza sapere con certezza se saranno effettivamente consegnate.<\/p>\n<p>Inoltre, <strong>se si \u00e8 in viaggio<\/strong> e si utilizzano connessioni ad internet differenti, come Wi-Fi, UMTS \/ EDGE e cos\u00ec via, \u00e8 necessario <strong>modificare le impostazioni smtp ogni volta.<\/strong><\/p>\n<p><a title=\"good email marketing needs good smtp service\" href=\"http:\/\/www.serversmtp.com\/it\/tsmtpdoc.php?doc=sendblaster\"><strong>Un e-mail marketing efficace richiede un servizio SMTP professionale:<\/strong><\/a><\/p>\n<p>TurboSMTP fornisce un servizio SMTP conveniente ed affidabile.<\/p>\n<p>Monitoriamo costantemente le black-lists e coltiviamo relazioni con i principali provider di posta elettronica per mantenere i nostri server nelle whitelist.<\/p>\n<p><a title=\"good email marketing needs good smtp service\" href=\"http:\/\/www.serversmtp.com\/it\/tsmtpdoc.php?doc=sendblaster\"><strong>&gt;&gt; Per saperne di pi\u00f9<\/strong><\/a><\/p>\n<p>&nbsp;<\/p>\n<h3><strong>L&#8217;offerta di SendBlaster<\/strong><\/h3>\n<p>&nbsp;<\/p>\n<p><strong>Un account gratuito e limitato \u00e8 offerto con le edizioni Free e Pro di SendBlaster<\/strong>. Attualmente TurboSMTP non offe account di prova al pubblico, quindi questa \u00e8 davvero un&#8217;opportunit\u00e0 esclusiva riservata agli utenti di SendBlaster!<\/p>\n<p>L&#8217;account di test non richiede configurazione (neppure una registrazione!) e consente di inviare in tutto 100 messaggi. Questo permette di provare il servizio e capire perch\u00e9 TurboSMTP\u00a0\u00e8 scelto da cos\u00ec tanti utenti nel mondo!<\/p>\n<p>Dopo aver provato il servizio, se ne sei soddisfatto (e siamo certi che lo sarai) potrai <a title=\"SMTP sending plans\" href=\"https:\/\/www.serversmtp.com\/it\/cart.php\">scegliere il piano che meglio soddisfa le tue esigenze<\/a>.<\/p>\n<p>&nbsp;<\/p>\n<h3>Ecco come funziona l&#8217;account di test ed i <strong>termini di servizio<\/strong>:<\/h3>\n<p>&nbsp;<\/p>\n<p>&#8211; Un account di test su TurboSMTP, gratuito e limitato, \u00e8 incluso con SendBlaster Free e Pro. E&#8217; una sorta di &#8220;campioine gratuito&#8221; il cui uso \u00e8 totalmente opzionale: SendBlaster funziona con qualsiasi servizio SMTP!<\/p>\n<p>&#8211; L&#8217;account pu\u00f2 essere utilizzato solo per mailing legittimi; l&#8217;invio di messaggi non richiesti (&#8220;spam&#8221;) non \u00e8 tollerato (l&#8217;account sar\u00e0 chiuso immediatamente e l&#8217;utente, identificato anche in base all&#8217;IP, subir\u00e0 le conseguenze di legge).<\/p>\n<p>&#8211; Per attivare l&#8217;account sar\u00e0 sufficiente premere il ulsante &#8220;TurboSMTP Wizard&#8221; nel pannello &#8220;Invia&#8221; di SendBlaster. Non sar\u00e0 necessario registrarsi o configurare nulla, il Wizard trova automaticamente la migliore configurazione per il tuo sistema.<\/p>\n<p>&#8211; L&#8217;account consente di inviare un massimo di 100 messaggi in tutto: ad esempio, 100 in un solo mailing, oppure 50 in un primo mailing e altri 50 in un secondo; ma non di pi\u00f9. Raggiunto il limite, l&#8217;account scade: per continuare ad usare il servizio \u00e8 necessario sottoscrivere un piano su <em>www.turbo-smtp.com<\/em>. Naturalmente, si pu\u00f2 sempre usare SendBlaster per continuare ad inviare con un qualsiasi altro servizio SMTP\u00a0(anche dopo che l&#8217;account di TurboSMTP \u00e8 scaduto, ovviamente, dato che \u00e8 una &#8220;prova omaggio&#8221; il cui uso \u00e8 opzionale).<\/p>\n<p>&#8211; Infine, onde evitare malintesi, ci teniamo a ribadire con chiarezza che l&#8217;account limitato di TurboSMTP, essendo questo un servizio separato, non dipende dall&#8217;edizione di SendBlaster;\u00a0 in altre parole, <strong>SendBlaster Pro non fornisce un account TurboSMTP\u00a0illimitato<\/strong> o comunque superiore a quello dell&#8217;edizione Free. E&#8217; un &#8220;campione omaggio&#8221;, incluso sia nell&#8217;edizione Free che nella Pro.<\/p>\n","protected":false},"excerpt":{"rendered":"<p>powered by\u00a0 &nbsp; Perch\u00e9 usare un servizio SMTP\u00a0professionale &nbsp; I server SMTP forniti dagli ISP standard (Internet Provider &#8211; collegamento internet ADSL) non sono sempre affidabili: usano indirizzi IP casuali e talvolta uno o pi\u00f9 di questi IP sono su <\/p>\n<p class=\"read-more-container\"><a class=\"button read-more\" href=\"https:\/\/www.sendblaster.com\/it\/turbosmtp-offer\/\" title=\"\">Continua a leggere<\/a><\/p>\n","protected":false},"author":2,"featured_media":0,"parent":0,"menu_order":0,"comment_status":"closed","ping_status":"closed","template":"g1_template_page_sidebar_right.php","meta":{"_monsterinsights_skip_tracking":false,"_monsterinsights_sitenote_active":false,"_monsterinsights_sitenote_note":"","_monsterinsights_sitenote_category":0,"footnotes":""},"class_list":["post-1262","page","type-page","status-publish"],"yoast_head":"<!-- This site is optimized with the Yoast SEO plugin v23.5 - https:\/\/yoast.com\/wordpress\/plugins\/seo\/ -->\n<title>Problemi con il tuo servizio SMTP? Devi inviare mailing spesso? TurboSMTP pu\u00f2 aiutarti! - SendBlaster programma email marketing<\/title>\n<meta name=\"description\" content=\"SendBlaster programma email marketing Problemi con il tuo servizio SMTP? Devi inviare mailing spesso? TurboSMTP pu\u00f2 aiutarti! powered by\u00a0 &nbsp; Perch\u00e9 usare un servizio SMTP\u00a0professionale &nbsp; I server SMTP forniti dagli ISP standard (Internet Provider - collegamento internet\" \/>\n<meta name=\"robots\" content=\"index, follow, max-snippet:-1, max-image-preview:large, max-video-preview:-1\" \/>\n<link rel=\"canonical\" href=\"https:\/\/www.sendblaster.com\/it\/turbosmtp-offer\/\" \/>\n<meta property=\"og:locale\" content=\"it_IT\" \/>\n<meta property=\"og:type\" content=\"article\" \/>\n<meta property=\"og:title\" content=\"Problemi con il tuo servizio SMTP? Devi inviare mailing spesso? TurboSMTP pu\u00f2 aiutarti! - SendBlaster programma email marketing\" \/>\n<meta property=\"og:description\" content=\"SendBlaster programma email marketing Problemi con il tuo servizio SMTP? Devi inviare mailing spesso? TurboSMTP pu\u00f2 aiutarti! powered by\u00a0 &nbsp; Perch\u00e9 usare un servizio SMTP\u00a0professionale &nbsp; I server SMTP forniti dagli ISP standard (Internet Provider - collegamento internet\" \/>\n<meta property=\"og:url\" content=\"https:\/\/www.sendblaster.com\/it\/turbosmtp-offer\/\" \/>\n<meta property=\"og:site_name\" content=\"SendBlaster programma email marketing\" \/>\n<meta property=\"article:modified_time\" content=\"2018-05-05T15:14:25+00:00\" \/>\n<meta property=\"og:image\" content=\"https:\/\/www.sendblaster.com\/wp-content\/uploads\/2018\/05\/turbo-logo-1-300x78.gif\" \/>\n<meta name=\"twitter:card\" content=\"summary_large_image\" \/>\n<meta name=\"twitter:label1\" content=\"Tempo di lettura stimato\" \/>\n\t<meta name=\"twitter:data1\" content=\"2 minuti\" \/>\n<script type=\"application\/ld+json\" class=\"yoast-schema-graph\">{\"@context\":\"https:\/\/schema.org\",\"@graph\":[{\"@type\":\"WebPage\",\"@id\":\"https:\/\/www.sendblaster.com\/it\/turbosmtp-offer\/\",\"url\":\"https:\/\/www.sendblaster.com\/it\/turbosmtp-offer\/\",\"name\":\"Problemi con il tuo servizio SMTP? Devi inviare mailing spesso? TurboSMTP pu\u00f2 aiutarti! - SendBlaster programma email marketing\",\"isPartOf\":{\"@id\":\"https:\/\/www.sendblaster.com\/#website\"},\"primaryImageOfPage\":{\"@id\":\"https:\/\/www.sendblaster.com\/it\/turbosmtp-offer\/#primaryimage\"},\"image\":{\"@id\":\"https:\/\/www.sendblaster.com\/it\/turbosmtp-offer\/#primaryimage\"},\"thumbnailUrl\":\"https:\/\/www.sendblaster.com\/wp-content\/uploads\/2018\/05\/turbo-logo-1-300x78.gif\",\"datePublished\":\"2018-05-05T15:13:57+00:00\",\"dateModified\":\"2018-05-05T15:14:25+00:00\",\"description\":\"SendBlaster programma email marketing Problemi con il tuo servizio SMTP? Devi inviare mailing spesso? TurboSMTP pu\u00f2 aiutarti! powered by\u00a0 &nbsp; Perch\u00e9 usare un servizio SMTP\u00a0professionale &nbsp; I server SMTP forniti dagli ISP standard (Internet Provider - collegamento internet\",\"breadcrumb\":{\"@id\":\"https:\/\/www.sendblaster.com\/it\/turbosmtp-offer\/#breadcrumb\"},\"inLanguage\":\"it-IT\",\"potentialAction\":[{\"@type\":\"ReadAction\",\"target\":[\"https:\/\/www.sendblaster.com\/it\/turbosmtp-offer\/\"]}]},{\"@type\":\"ImageObject\",\"inLanguage\":\"it-IT\",\"@id\":\"https:\/\/www.sendblaster.com\/it\/turbosmtp-offer\/#primaryimage\",\"url\":\"https:\/\/www.sendblaster.com\/wp-content\/uploads\/2018\/05\/turbo-logo-1-300x78.gif\",\"contentUrl\":\"https:\/\/www.sendblaster.com\/wp-content\/uploads\/2018\/05\/turbo-logo-1-300x78.gif\"},{\"@type\":\"BreadcrumbList\",\"@id\":\"https:\/\/www.sendblaster.com\/it\/turbosmtp-offer\/#breadcrumb\",\"itemListElement\":[{\"@type\":\"ListItem\",\"position\":1,\"name\":\"Home\",\"item\":\"https:\/\/www.sendblaster.com\/it\/\"},{\"@type\":\"ListItem\",\"position\":2,\"name\":\"Problemi con il tuo servizio SMTP? Devi inviare mailing spesso? TurboSMTP pu\u00f2 aiutarti!\"}]},{\"@type\":\"WebSite\",\"@id\":\"https:\/\/www.sendblaster.com\/#website\",\"url\":\"https:\/\/www.sendblaster.com\/\",\"name\":\"SendBlaster programma email marketing\",\"description\":\"\",\"publisher\":{\"@id\":\"https:\/\/www.sendblaster.com\/#organization\"},\"potentialAction\":[{\"@type\":\"SearchAction\",\"target\":{\"@type\":\"EntryPoint\",\"urlTemplate\":\"https:\/\/www.sendblaster.com\/?s={search_term_string}\"},\"query-input\":{\"@type\":\"PropertyValueSpecification\",\"valueRequired\":true,\"valueName\":\"search_term_string\"}}],\"inLanguage\":\"it-IT\"},{\"@type\":\"Organization\",\"@id\":\"https:\/\/www.sendblaster.com\/#organization\",\"name\":\"SendBlaster programma email marketing\",\"url\":\"https:\/\/www.sendblaster.com\/\",\"logo\":{\"@type\":\"ImageObject\",\"inLanguage\":\"it-IT\",\"@id\":\"https:\/\/www.sendblaster.com\/#\/schema\/logo\/image\/\",\"url\":\"https:\/\/www.sendblaster.com\/wp-content\/uploads\/2021\/09\/logo-svg-2021.svg\",\"contentUrl\":\"https:\/\/www.sendblaster.com\/wp-content\/uploads\/2021\/09\/logo-svg-2021.svg\",\"width\":350,\"height\":70,\"caption\":\"SendBlaster programma email marketing\"},\"image\":{\"@id\":\"https:\/\/www.sendblaster.com\/#\/schema\/logo\/image\/\"}}]}<\/script>\n<!-- \/ Yoast SEO plugin. -->","yoast_head_json":{"title":"Problemi con il tuo servizio SMTP? Devi inviare mailing spesso? TurboSMTP pu\u00f2 aiutarti! - SendBlaster programma email marketing","description":"SendBlaster programma email marketing Problemi con il tuo servizio SMTP? Devi inviare mailing spesso? TurboSMTP pu\u00f2 aiutarti! powered by\u00a0 &nbsp; Perch\u00e9 usare un servizio SMTP\u00a0professionale &nbsp; I server SMTP forniti dagli ISP standard (Internet Provider - collegamento internet","robots":{"index":"index","follow":"follow","max-snippet":"max-snippet:-1","max-image-preview":"max-image-preview:large","max-video-preview":"max-video-preview:-1"},"canonical":"https:\/\/www.sendblaster.com\/it\/turbosmtp-offer\/","og_locale":"it_IT","og_type":"article","og_title":"Problemi con il tuo servizio SMTP? Devi inviare mailing spesso? TurboSMTP pu\u00f2 aiutarti! - SendBlaster programma email marketing","og_description":"SendBlaster programma email marketing Problemi con il tuo servizio SMTP? Devi inviare mailing spesso? TurboSMTP pu\u00f2 aiutarti! powered by\u00a0 &nbsp; Perch\u00e9 usare un servizio SMTP\u00a0professionale &nbsp; I server SMTP forniti dagli ISP standard (Internet Provider - collegamento internet","og_url":"https:\/\/www.sendblaster.com\/it\/turbosmtp-offer\/","og_site_name":"SendBlaster programma email marketing","article_modified_time":"2018-05-05T15:14:25+00:00","og_image":[{"url":"https:\/\/www.sendblaster.com\/wp-content\/uploads\/2018\/05\/turbo-logo-1-300x78.gif"}],"twitter_card":"summary_large_image","twitter_misc":{"Tempo di lettura stimato":"2 minuti"},"schema":{"@context":"https:\/\/schema.org","@graph":[{"@type":"WebPage","@id":"https:\/\/www.sendblaster.com\/it\/turbosmtp-offer\/","url":"https:\/\/www.sendblaster.com\/it\/turbosmtp-offer\/","name":"Problemi con il tuo servizio SMTP? Devi inviare mailing spesso? TurboSMTP pu\u00f2 aiutarti! - SendBlaster programma email marketing","isPartOf":{"@id":"https:\/\/www.sendblaster.com\/#website"},"primaryImageOfPage":{"@id":"https:\/\/www.sendblaster.com\/it\/turbosmtp-offer\/#primaryimage"},"image":{"@id":"https:\/\/www.sendblaster.com\/it\/turbosmtp-offer\/#primaryimage"},"thumbnailUrl":"https:\/\/www.sendblaster.com\/wp-content\/uploads\/2018\/05\/turbo-logo-1-300x78.gif","datePublished":"2018-05-05T15:13:57+00:00","dateModified":"2018-05-05T15:14:25+00:00","description":"SendBlaster programma email marketing Problemi con il tuo servizio SMTP? Devi inviare mailing spesso? TurboSMTP pu\u00f2 aiutarti! powered by\u00a0 &nbsp; Perch\u00e9 usare un servizio SMTP\u00a0professionale &nbsp; I server SMTP forniti dagli ISP standard (Internet Provider - collegamento internet","breadcrumb":{"@id":"https:\/\/www.sendblaster.com\/it\/turbosmtp-offer\/#breadcrumb"},"inLanguage":"it-IT","potentialAction":[{"@type":"ReadAction","target":["https:\/\/www.sendblaster.com\/it\/turbosmtp-offer\/"]}]},{"@type":"ImageObject","inLanguage":"it-IT","@id":"https:\/\/www.sendblaster.com\/it\/turbosmtp-offer\/#primaryimage","url":"https:\/\/www.sendblaster.com\/wp-content\/uploads\/2018\/05\/turbo-logo-1-300x78.gif","contentUrl":"https:\/\/www.sendblaster.com\/wp-content\/uploads\/2018\/05\/turbo-logo-1-300x78.gif"},{"@type":"BreadcrumbList","@id":"https:\/\/www.sendblaster.com\/it\/turbosmtp-offer\/#breadcrumb","itemListElement":[{"@type":"ListItem","position":1,"name":"Home","item":"https:\/\/www.sendblaster.com\/it\/"},{"@type":"ListItem","position":2,"name":"Problemi con il tuo servizio SMTP? Devi inviare mailing spesso? TurboSMTP pu\u00f2 aiutarti!"}]},{"@type":"WebSite","@id":"https:\/\/www.sendblaster.com\/#website","url":"https:\/\/www.sendblaster.com\/","name":"SendBlaster programma email marketing","description":"","publisher":{"@id":"https:\/\/www.sendblaster.com\/#organization"},"potentialAction":[{"@type":"SearchAction","target":{"@type":"EntryPoint","urlTemplate":"https:\/\/www.sendblaster.com\/?s={search_term_string}"},"query-input":{"@type":"PropertyValueSpecification","valueRequired":true,"valueName":"search_term_string"}}],"inLanguage":"it-IT"},{"@type":"Organization","@id":"https:\/\/www.sendblaster.com\/#organization","name":"SendBlaster programma email marketing","url":"https:\/\/www.sendblaster.com\/","logo":{"@type":"ImageObject","inLanguage":"it-IT","@id":"https:\/\/www.sendblaster.com\/#\/schema\/logo\/image\/","url":"https:\/\/www.sendblaster.com\/wp-content\/uploads\/2021\/09\/logo-svg-2021.svg","contentUrl":"https:\/\/www.sendblaster.com\/wp-content\/uploads\/2021\/09\/logo-svg-2021.svg","width":350,"height":70,"caption":"SendBlaster programma email marketing"},"image":{"@id":"https:\/\/www.sendblaster.com\/#\/schema\/logo\/image\/"}}]}},"_links":{"self":[{"href":"https:\/\/www.sendblaster.com\/it\/wp-json\/wp\/v2\/pages\/1262"}],"collection":[{"href":"https:\/\/www.sendblaster.com\/it\/wp-json\/wp\/v2\/pages"}],"about":[{"href":"https:\/\/www.sendblaster.com\/it\/wp-json\/wp\/v2\/types\/page"}],"author":[{"embeddable":true,"href":"https:\/\/www.sendblaster.com\/it\/wp-json\/wp\/v2\/users\/2"}],"replies":[{"embeddable":true,"href":"https:\/\/www.sendblaster.com\/it\/wp-json\/wp\/v2\/comments?post=1262"}],"version-history":[{"count":3,"href":"https:\/\/www.sendblaster.com\/it\/wp-json\/wp\/v2\/pages\/1262\/revisions"}],"predecessor-version":[{"id":1265,"href":"https:\/\/www.sendblaster.com\/it\/wp-json\/wp\/v2\/pages\/1262\/revisions\/1265"}],"wp:attachment":[{"href":"https:\/\/www.sendblaster.com\/it\/wp-json\/wp\/v2\/media?parent=1262"}],"curies":[{"name":"wp","href":"https:\/\/api.w.org\/{rel}","templated":true}]}}