{"id":1178,"date":"2018-05-03T07:23:55","date_gmt":"2018-05-03T07:23:55","guid":{"rendered":"https:\/\/www.sendblaster.com\/wpnew-2018\/?page_id=1178"},"modified":"2018-05-03T07:23:55","modified_gmt":"2018-05-03T07:23:55","slug":"software-di-mass-mailing-vs-soluzioni-web-based-confronto-risparmio","status":"publish","type":"page","link":"https:\/\/www.sendblaster.com\/it\/software-di-mass-mailing-vs-soluzioni-web-based-confronto-risparmio\/","title":{"rendered":"Software mailing desktop vs. servizi web-based: il confronto mostra il risparmio"},"content":{"rendered":"<p>Quando si crea una <strong>campagna di email marketing<\/strong> \u00e8 importante stabilire qual \u00e8 la <strong>soluzione pi\u00f9 conveniente<\/strong> per la gestione e l&#8217;invio delle proprie newsletter. In primo luogo, \u00e8 necessario decidere se optare per un software di mass mailing da usare sul proprio computer, oppure affidarsi a un servizio web.<\/p>\n<p>La differenza sostanziale \u00e8 che con un servizio web si dovr\u00e0 pagare un <strong>canone fisso<\/strong> variabile a seconda della quantit\u00e0 di indirizzi e di messaggi che si spediscono ogni mese; mentre con un software tale costo \u00e8 <strong>azzerato<\/strong>, in quanto la licenza viene acquistata con un unico pagamento e <strong>senza altri canoni ricorrenti<\/strong>.<\/p>\n<p>Facciamo un esempio.<\/p>\n<p>Poniamo di avere una lista di circa <strong>7.000 iscritti<\/strong> cui spediamo quattro email promozionali al mese, per un totale di <strong>28.000 newsletter al mese<\/strong>, e dunque 336.000 all&#8217;anno. Qui di seguito trovate una tabella che mette a confronto i costi dei servizi online pi\u00f9 diffusi, <strong>evidenziando il risparmio<\/strong> che si pu\u00f2 avere scegliendo SendBlaster. IIl prezzo del software comprende anche l&#8217;utilizzo di un server SMTP professionale, turboSMTP:<\/p>\n<p>&nbsp;<\/p>\n<table border=\"1\" cellspacing=\"5\" class=\"table-comparative\">\n<tbody>\n<tr>\n<td class=\"grey\"><strong>PRODOTTO<\/strong><\/td>\n<td class=\"grey\"><strong>COSTO PRIMO ANNO<\/strong><\/td>\n<td class=\"grey\"><strong>COSTO ANNI SUCCESSIVI<\/strong><\/td>\n<\/tr>\n<tr>\n<td>SendBlaster + turboSMTP<\/td>\n<td style=\"\">207 euro<\/td>\n<td style=\"\">108 euro<\/td>\n<\/tr>\n<tr>\n<td class=\"grey\">MailUp<\/td>\n<td class=\"grey\">da 336 a 2046 euro<br \/><span style=\"font-size: 10px;\">((a seconda del peso dell\u2019email e della rapidit\u00e0 di invio))<\/span><\/td>\n<td class=\"grey\">da 336 a 2046 euro<br \/><span style=\"font-size: 10px;\">((a seconda del peso dell\u2019email e della rapidit\u00e0 di invio))<\/span><\/td>\n<\/tr>\n<tr>\n<td>MailChimp<\/td>\n<td style=\"\">682 euro<\/td>\n<td style=\"\">682 euro<\/td>\n<\/tr>\n<tr>\n<td  class=\"grey\">Campaign Monitor<\/td>\n<td  class=\"grey\">789 euro<\/td>\n<td  class=\"grey\">789 euro<\/td>\n<\/tr>\n<tr>\n<td>aWeber<\/td>\n<td style=\"\">586 euro<\/td>\n<td style=\"\">586 euro<\/td>\n<\/tr>\n<\/tbody>\n<\/table>\n<p>&nbsp;<\/p>\n<p>Come si evince, il prezzo degli anni successivi \u00e8 ulteriormente ribassato proprio perch\u00e9 la licenza di SendBlaster \u00e8 un <strong>costo una tantum<\/strong>.<\/p>\n<p>A seguire un grafico che ancor meglio rappresenta l&#8217;effettivo risparmio che l&#8217;utilizzo di SendBlaster garantisce nella gestione di una campagna di email marketing:<\/p>\n<p>&nbsp;<\/p>\n<p style=\"text-align: center;\"><img decoding=\"async\" width=\"666\" height=\"502\" src=\"https:\/\/www.sendblaster.com\/wp-content\/uploads\/2018\/05\/software-di-mass-mailing-vs-soluzioni-web-based-confronto-risparmio.jpg\" title=\"Software mailing desktop vs. servizi web-based: il confronto mostra il risparmio\" \/><\/p>\n<p style=\"text-align: center; margin-bottom: 0px;\"><a href=\"https:\/\/www.sendblaster.com\/it\/scarica-programma-email-marketing\" title=\"Scarica gratis SendBlaster\" class=\"download-cta\">Scarica Gratis<\/a><a href=\"https:\/\/www.sendblaster.com\/it\/compra\" title=\"Acquista subito SendBlaster Pro\" class=\"buy-cta\">Acquista SendBlaster Pro<\/a><\/p>\n","protected":false},"excerpt":{"rendered":"<p>Quando si crea una campagna di email marketing \u00e8 importante stabilire qual \u00e8 la soluzione pi\u00f9 conveniente per la gestione e l&#8217;invio delle proprie newsletter. In primo luogo, \u00e8 necessario decidere se optare per un software di mass mailing da <\/p>\n<p class=\"read-more-container\"><a class=\"button read-more\" href=\"https:\/\/www.sendblaster.com\/it\/software-di-mass-mailing-vs-soluzioni-web-based-confronto-risparmio\/\" title=\"\">Continua a leggere<\/a><\/p>\n","protected":false},"author":1,"featured_media":0,"parent":0,"menu_order":0,"comment_status":"closed","ping_status":"closed","template":"g1_template_page_sidebar_right.php","meta":{"_monsterinsights_skip_tracking":false,"_monsterinsights_sitenote_active":false,"_monsterinsights_sitenote_note":"","_monsterinsights_sitenote_category":0,"footnotes":""},"class_list":["post-1178","page","type-page","status-publish"],"yoast_head":"<!-- This site is optimized with the Yoast SEO plugin v23.5 - https:\/\/yoast.com\/wordpress\/plugins\/seo\/ -->\n<title>Software mailing desktop vs. servizi web-based: il confronto mostra il risparmio - SendBlaster programma email marketing<\/title>\n<meta name=\"description\" content=\"SendBlaster programma email marketing Software mailing desktop vs. servizi web-based: il confronto mostra il risparmio Quando si crea una campagna di email marketing \u00e8 importante stabilire qual \u00e8 la soluzione pi\u00f9 conveniente per la gestione e l&#039;invio delle proprie\" \/>\n<meta name=\"robots\" content=\"index, follow, max-snippet:-1, max-image-preview:large, max-video-preview:-1\" \/>\n<link rel=\"canonical\" href=\"https:\/\/www.sendblaster.com\/it\/software-di-mass-mailing-vs-soluzioni-web-based-confronto-risparmio\/\" \/>\n<meta property=\"og:locale\" content=\"it_IT\" \/>\n<meta property=\"og:type\" content=\"article\" \/>\n<meta property=\"og:title\" content=\"Software mailing desktop vs. servizi web-based: il confronto mostra il risparmio - SendBlaster programma email marketing\" \/>\n<meta property=\"og:description\" content=\"SendBlaster programma email marketing Software mailing desktop vs. servizi web-based: il confronto mostra il risparmio Quando si crea una campagna di email marketing \u00e8 importante stabilire qual \u00e8 la soluzione pi\u00f9 conveniente per la gestione e l&#039;invio delle proprie\" \/>\n<meta property=\"og:url\" content=\"https:\/\/www.sendblaster.com\/it\/software-di-mass-mailing-vs-soluzioni-web-based-confronto-risparmio\/\" \/>\n<meta property=\"og:site_name\" content=\"SendBlaster programma email marketing\" \/>\n<meta property=\"og:image\" content=\"https:\/\/www.sendblaster.com\/wp-content\/uploads\/2018\/05\/software-di-mass-mailing-vs-soluzioni-web-based-confronto-risparmio.jpg\" \/>\n<meta name=\"twitter:card\" content=\"summary_large_image\" \/>\n<meta name=\"twitter:label1\" content=\"Tempo di lettura stimato\" \/>\n\t<meta name=\"twitter:data1\" content=\"1 minuto\" \/>\n<script type=\"application\/ld+json\" class=\"yoast-schema-graph\">{\"@context\":\"https:\/\/schema.org\",\"@graph\":[{\"@type\":\"WebPage\",\"@id\":\"https:\/\/www.sendblaster.com\/it\/software-di-mass-mailing-vs-soluzioni-web-based-confronto-risparmio\/\",\"url\":\"https:\/\/www.sendblaster.com\/it\/software-di-mass-mailing-vs-soluzioni-web-based-confronto-risparmio\/\",\"name\":\"Software mailing desktop vs. servizi web-based: il confronto mostra il risparmio - SendBlaster programma email marketing\",\"isPartOf\":{\"@id\":\"https:\/\/www.sendblaster.com\/#website\"},\"primaryImageOfPage\":{\"@id\":\"https:\/\/www.sendblaster.com\/it\/software-di-mass-mailing-vs-soluzioni-web-based-confronto-risparmio\/#primaryimage\"},\"image\":{\"@id\":\"https:\/\/www.sendblaster.com\/it\/software-di-mass-mailing-vs-soluzioni-web-based-confronto-risparmio\/#primaryimage\"},\"thumbnailUrl\":\"https:\/\/www.sendblaster.com\/wp-content\/uploads\/2018\/05\/software-di-mass-mailing-vs-soluzioni-web-based-confronto-risparmio.jpg\",\"datePublished\":\"2018-05-03T07:23:55+00:00\",\"dateModified\":\"2018-05-03T07:23:55+00:00\",\"description\":\"SendBlaster programma email marketing Software mailing desktop vs. servizi web-based: il confronto mostra il risparmio Quando si crea una campagna di email marketing \u00e8 importante stabilire qual \u00e8 la soluzione pi\u00f9 conveniente per la gestione e l'invio delle proprie\",\"breadcrumb\":{\"@id\":\"https:\/\/www.sendblaster.com\/it\/software-di-mass-mailing-vs-soluzioni-web-based-confronto-risparmio\/#breadcrumb\"},\"inLanguage\":\"it-IT\",\"potentialAction\":[{\"@type\":\"ReadAction\",\"target\":[\"https:\/\/www.sendblaster.com\/it\/software-di-mass-mailing-vs-soluzioni-web-based-confronto-risparmio\/\"]}]},{\"@type\":\"ImageObject\",\"inLanguage\":\"it-IT\",\"@id\":\"https:\/\/www.sendblaster.com\/it\/software-di-mass-mailing-vs-soluzioni-web-based-confronto-risparmio\/#primaryimage\",\"url\":\"https:\/\/www.sendblaster.com\/wp-content\/uploads\/2018\/05\/software-di-mass-mailing-vs-soluzioni-web-based-confronto-risparmio.jpg\",\"contentUrl\":\"https:\/\/www.sendblaster.com\/wp-content\/uploads\/2018\/05\/software-di-mass-mailing-vs-soluzioni-web-based-confronto-risparmio.jpg\"},{\"@type\":\"BreadcrumbList\",\"@id\":\"https:\/\/www.sendblaster.com\/it\/software-di-mass-mailing-vs-soluzioni-web-based-confronto-risparmio\/#breadcrumb\",\"itemListElement\":[{\"@type\":\"ListItem\",\"position\":1,\"name\":\"Home\",\"item\":\"https:\/\/www.sendblaster.com\/it\/\"},{\"@type\":\"ListItem\",\"position\":2,\"name\":\"Software mailing desktop vs. servizi web-based: il confronto mostra il risparmio\"}]},{\"@type\":\"WebSite\",\"@id\":\"https:\/\/www.sendblaster.com\/#website\",\"url\":\"https:\/\/www.sendblaster.com\/\",\"name\":\"SendBlaster programma email marketing\",\"description\":\"\",\"publisher\":{\"@id\":\"https:\/\/www.sendblaster.com\/#organization\"},\"potentialAction\":[{\"@type\":\"SearchAction\",\"target\":{\"@type\":\"EntryPoint\",\"urlTemplate\":\"https:\/\/www.sendblaster.com\/?s={search_term_string}\"},\"query-input\":{\"@type\":\"PropertyValueSpecification\",\"valueRequired\":true,\"valueName\":\"search_term_string\"}}],\"inLanguage\":\"it-IT\"},{\"@type\":\"Organization\",\"@id\":\"https:\/\/www.sendblaster.com\/#organization\",\"name\":\"SendBlaster programma email marketing\",\"url\":\"https:\/\/www.sendblaster.com\/\",\"logo\":{\"@type\":\"ImageObject\",\"inLanguage\":\"it-IT\",\"@id\":\"https:\/\/www.sendblaster.com\/#\/schema\/logo\/image\/\",\"url\":\"https:\/\/www.sendblaster.com\/wp-content\/uploads\/2021\/09\/logo-svg-2021.svg\",\"contentUrl\":\"https:\/\/www.sendblaster.com\/wp-content\/uploads\/2021\/09\/logo-svg-2021.svg\",\"width\":350,\"height\":70,\"caption\":\"SendBlaster programma email marketing\"},\"image\":{\"@id\":\"https:\/\/www.sendblaster.com\/#\/schema\/logo\/image\/\"}}]}<\/script>\n<!-- \/ Yoast SEO plugin. -->","yoast_head_json":{"title":"Software mailing desktop vs. servizi web-based: il confronto mostra il risparmio - SendBlaster programma email marketing","description":"SendBlaster programma email marketing Software mailing desktop vs. servizi web-based: il confronto mostra il risparmio Quando si crea una campagna di email marketing \u00e8 importante stabilire qual \u00e8 la soluzione pi\u00f9 conveniente per la gestione e l'invio delle proprie","robots":{"index":"index","follow":"follow","max-snippet":"max-snippet:-1","max-image-preview":"max-image-preview:large","max-video-preview":"max-video-preview:-1"},"canonical":"https:\/\/www.sendblaster.com\/it\/software-di-mass-mailing-vs-soluzioni-web-based-confronto-risparmio\/","og_locale":"it_IT","og_type":"article","og_title":"Software mailing desktop vs. servizi web-based: il confronto mostra il risparmio - SendBlaster programma email marketing","og_description":"SendBlaster programma email marketing Software mailing desktop vs. servizi web-based: il confronto mostra il risparmio Quando si crea una campagna di email marketing \u00e8 importante stabilire qual \u00e8 la soluzione pi\u00f9 conveniente per la gestione e l'invio delle proprie","og_url":"https:\/\/www.sendblaster.com\/it\/software-di-mass-mailing-vs-soluzioni-web-based-confronto-risparmio\/","og_site_name":"SendBlaster programma email marketing","og_image":[{"url":"https:\/\/www.sendblaster.com\/wp-content\/uploads\/2018\/05\/software-di-mass-mailing-vs-soluzioni-web-based-confronto-risparmio.jpg"}],"twitter_card":"summary_large_image","twitter_misc":{"Tempo di lettura stimato":"1 minuto"},"schema":{"@context":"https:\/\/schema.org","@graph":[{"@type":"WebPage","@id":"https:\/\/www.sendblaster.com\/it\/software-di-mass-mailing-vs-soluzioni-web-based-confronto-risparmio\/","url":"https:\/\/www.sendblaster.com\/it\/software-di-mass-mailing-vs-soluzioni-web-based-confronto-risparmio\/","name":"Software mailing desktop vs. servizi web-based: il confronto mostra il risparmio - SendBlaster programma email marketing","isPartOf":{"@id":"https:\/\/www.sendblaster.com\/#website"},"primaryImageOfPage":{"@id":"https:\/\/www.sendblaster.com\/it\/software-di-mass-mailing-vs-soluzioni-web-based-confronto-risparmio\/#primaryimage"},"image":{"@id":"https:\/\/www.sendblaster.com\/it\/software-di-mass-mailing-vs-soluzioni-web-based-confronto-risparmio\/#primaryimage"},"thumbnailUrl":"https:\/\/www.sendblaster.com\/wp-content\/uploads\/2018\/05\/software-di-mass-mailing-vs-soluzioni-web-based-confronto-risparmio.jpg","datePublished":"2018-05-03T07:23:55+00:00","dateModified":"2018-05-03T07:23:55+00:00","description":"SendBlaster programma email marketing Software mailing desktop vs. servizi web-based: il confronto mostra il risparmio Quando si crea una campagna di email marketing \u00e8 importante stabilire qual \u00e8 la soluzione pi\u00f9 conveniente per la gestione e l'invio delle proprie","breadcrumb":{"@id":"https:\/\/www.sendblaster.com\/it\/software-di-mass-mailing-vs-soluzioni-web-based-confronto-risparmio\/#breadcrumb"},"inLanguage":"it-IT","potentialAction":[{"@type":"ReadAction","target":["https:\/\/www.sendblaster.com\/it\/software-di-mass-mailing-vs-soluzioni-web-based-confronto-risparmio\/"]}]},{"@type":"ImageObject","inLanguage":"it-IT","@id":"https:\/\/www.sendblaster.com\/it\/software-di-mass-mailing-vs-soluzioni-web-based-confronto-risparmio\/#primaryimage","url":"https:\/\/www.sendblaster.com\/wp-content\/uploads\/2018\/05\/software-di-mass-mailing-vs-soluzioni-web-based-confronto-risparmio.jpg","contentUrl":"https:\/\/www.sendblaster.com\/wp-content\/uploads\/2018\/05\/software-di-mass-mailing-vs-soluzioni-web-based-confronto-risparmio.jpg"},{"@type":"BreadcrumbList","@id":"https:\/\/www.sendblaster.com\/it\/software-di-mass-mailing-vs-soluzioni-web-based-confronto-risparmio\/#breadcrumb","itemListElement":[{"@type":"ListItem","position":1,"name":"Home","item":"https:\/\/www.sendblaster.com\/it\/"},{"@type":"ListItem","position":2,"name":"Software mailing desktop vs. servizi web-based: il confronto mostra il risparmio"}]},{"@type":"WebSite","@id":"https:\/\/www.sendblaster.com\/#website","url":"https:\/\/www.sendblaster.com\/","name":"SendBlaster programma email marketing","description":"","publisher":{"@id":"https:\/\/www.sendblaster.com\/#organization"},"potentialAction":[{"@type":"SearchAction","target":{"@type":"EntryPoint","urlTemplate":"https:\/\/www.sendblaster.com\/?s={search_term_string}"},"query-input":{"@type":"PropertyValueSpecification","valueRequired":true,"valueName":"search_term_string"}}],"inLanguage":"it-IT"},{"@type":"Organization","@id":"https:\/\/www.sendblaster.com\/#organization","name":"SendBlaster programma email marketing","url":"https:\/\/www.sendblaster.com\/","logo":{"@type":"ImageObject","inLanguage":"it-IT","@id":"https:\/\/www.sendblaster.com\/#\/schema\/logo\/image\/","url":"https:\/\/www.sendblaster.com\/wp-content\/uploads\/2021\/09\/logo-svg-2021.svg","contentUrl":"https:\/\/www.sendblaster.com\/wp-content\/uploads\/2021\/09\/logo-svg-2021.svg","width":350,"height":70,"caption":"SendBlaster programma email marketing"},"image":{"@id":"https:\/\/www.sendblaster.com\/#\/schema\/logo\/image\/"}}]}},"_links":{"self":[{"href":"https:\/\/www.sendblaster.com\/it\/wp-json\/wp\/v2\/pages\/1178"}],"collection":[{"href":"https:\/\/www.sendblaster.com\/it\/wp-json\/wp\/v2\/pages"}],"about":[{"href":"https:\/\/www.sendblaster.com\/it\/wp-json\/wp\/v2\/types\/page"}],"author":[{"embeddable":true,"href":"https:\/\/www.sendblaster.com\/it\/wp-json\/wp\/v2\/users\/1"}],"replies":[{"embeddable":true,"href":"https:\/\/www.sendblaster.com\/it\/wp-json\/wp\/v2\/comments?post=1178"}],"version-history":[{"count":1,"href":"https:\/\/www.sendblaster.com\/it\/wp-json\/wp\/v2\/pages\/1178\/revisions"}],"predecessor-version":[{"id":1179,"href":"https:\/\/www.sendblaster.com\/it\/wp-json\/wp\/v2\/pages\/1178\/revisions\/1179"}],"wp:attachment":[{"href":"https:\/\/www.sendblaster.com\/it\/wp-json\/wp\/v2\/media?parent=1178"}],"curies":[{"name":"wp","href":"https:\/\/api.w.org\/{rel}","templated":true}]}}