{"id":4354,"date":"2019-03-22T08:10:17","date_gmt":"2019-03-22T08:10:17","guid":{"rendered":"https:\/\/www.sendblaster.com\/?page_id=4354"},"modified":"2019-03-22T08:10:17","modified_gmt":"2019-03-22T08:10:17","slug":"sendblaster-ingyenes-es-pro-verzio-osszehasonlito-tablazat","status":"publish","type":"page","link":"https:\/\/www.sendblaster.com\/hu\/sendblaster-ingyenes-es-pro-verzio-osszehasonlito-tablazat\/","title":{"rendered":"SendBlaster Ingyenes \u00e9s Pro verzi\u00f3 \u00f6sszehasonl\u00edt\u00f3 t\u00e1bl\u00e1zat"},"content":{"rendered":"<table border=\"1\" cellspacing=\"5\" class=\"table-comparative\">\n<tbody>\n<tr>\n<td class=\"grey\"><strong>Funkci\u00f3k<\/strong><\/td>\n<td class=\"grey\" style=\"background-color:#15a61c; color:#ffffff; text-align:center;\" width=\"172px\"><strong>Ingyenes verzi\u00f3<\/strong><\/td>\n<td class=\"grey\" style=\"background-color:#ff6c00; color:#ffffff; text-align:center;\" width=\"172px\"><strong>PRO verzi\u00f3<\/strong><\/td>\n<\/tr>\n<tr>\n<td>Egyideju kapcsolatok sz\u00e1ma<\/td>\n<td style=\"text-align: center;\"><strong>2<\/strong><\/td>\n<td style=\"text-align: center;\"><strong>50<\/strong><\/td>\n<\/tr>\n<tr>\n<td class=\"grey\">C\u00edmzettek maxim\u00e1lis sz\u00e1ma egy idoben t\u00f6rt\u00e9no k\u00fcld\u00e9sn\u00e9l<\/td>\n<td class=\"grey\" style=\"text-align: center;\"><strong>100<\/strong><\/td>\n<td class=\"grey\" style=\"text-align: center;\"><strong>Korl\u00e1tlan<\/strong><\/td>\n<\/tr>\n<tr>\n<td>List\u00e1k sz\u00e1ma<\/td>\n<td style=\"text-align: center;\"><strong>2<\/strong><\/td>\n<td style=\"text-align: center;\"><strong>Korl\u00e1tlan<\/strong><\/td>\n<\/tr>\n<tr>\n<td class=\"grey\">Programozhat\u00f3 c\u00edmk\u00e9k <\/td>\n<td class=\"grey\" style=\"text-align: center;\"><strong>NEM<\/strong><\/td>\n<td class=\"grey\" style=\"text-align: center;\"><strong>IGEN<\/strong><\/td>\n<\/tr>\n<tr>\n<td>Csatolm\u00e1nyok haszn\u00e1lata<\/td>\n<td style=\"text-align: center;\"><strong>NEM<\/strong><\/td>\n<td style=\"text-align: center;\"><strong>IGEN<\/strong><\/td>\n<\/tr>\n<tr>\n<td class=\"grey\">Egyedi csatolm\u00e1nyok <\/td>\n<td class=\"grey\" style=\"text-align: center;\"><strong>NEM<\/strong><\/td>\n<td class=\"grey\" style=\"text-align: center;\"><strong>IGEN<\/strong><\/td>\n<\/tr>\n<tr>\n<td>Lista kereso modul<\/td>\n<td style=\"text-align: center;\"><strong>NEM<\/strong><\/td>\n<td style=\"text-align: center;\"><strong>IGEN<\/strong><\/td>\n<\/tr>\n<tr>\n<td class=\"grey\">Levelez\u00e9si lista export\u00e1l\u00e1sa csv f\u00e1jlokba<\/td>\n<td class=\"grey\" style=\"text-align: center;\"><strong>NEM<\/strong><\/td>\n<td class=\"grey\" style=\"text-align: center;\"><strong>IGEN<\/strong><\/td>\n<\/tr>\n<tr>\n<td>Jelszavas v\u00e9delem<\/td>\n<td style=\"text-align: center;\"><strong>NEM<\/strong><\/td>\n<td style=\"text-align: center;\"><strong>IGEN<\/strong><\/td>\n<\/tr>\n<tr>\n<td class=\"grey\">Domain tilt\u00f3lista<\/td>\n<td class=\"grey\" style=\"text-align: center;\"><strong>NEM<\/strong><\/td>\n<td class=\"grey\" style=\"text-align: center;\"><strong>IGEN<\/strong><\/td>\n<\/tr>\n<tr>\n<td>\u00daj, kateg\u00f3ri\u00e1k szerint csoportos\u00edtott sablonok<\/td>\n<td style=\"text-align: center;\"><strong>IGEN<\/strong><\/td>\n<td style=\"text-align: center;\"><strong>IGEN<\/strong><\/td>\n<\/tr>\n<tr>\n<td class=\"grey\">Sablonszerkeszt\u0151<\/td>\n<td class=\"grey\" style=\"text-align: center;\"><strong>IGEN<\/strong><\/td>\n<td class=\"grey\" style=\"text-align: center;\"><strong>IGEN<\/strong><\/td>\n<\/tr>\n<tr>\n<td>V\u00e1g\u00e1s \u00e9s csere<\/td>\n<td style=\"text-align: center;\"><strong>IGEN<\/strong><\/td>\n<td style=\"text-align: center;\"><strong>IGEN<\/strong><\/td>\n<\/tr>\n<tr>\n<td class=\"grey\">Hivatkoz\u00e1sok ellen\u0151rz\u00e9se<\/td>\n<td class=\"grey\" style=\"text-align: center;\"><strong>IGEN<\/strong><\/td>\n<td class=\"grey\" style=\"text-align: center;\"><strong>IGEN<\/strong><\/td>\n<\/tr>\n<tr>\n<td>HTML export\u00e1l\u00e1sa k\u00e9pekkel egy\u00fctt<\/td>\n<td style=\"text-align: center;\"><strong>IGEN<\/strong><\/td>\n<td style=\"text-align: center;\"><strong>IGEN<\/strong><\/td>\n<\/tr>\n<tr>\n<td class=\"grey\">Sz\u00f6vegr\u00e9szletek<\/td>\n<td class=\"grey\" style=\"text-align: center;\"><strong>IGEN<\/strong><\/td>\n<td class=\"grey\" style=\"text-align: center;\"><strong>IGEN<\/strong><\/td>\n<\/tr>\n<tr>\n<td>V\u00e1zlatok<\/td>\n<td style=\"text-align: center;\"><strong>IGEN<\/strong><\/td>\n<td style=\"text-align: center;\"><strong>IGEN<\/strong><\/td>\n<\/tr>\n<tr>\n<td class=\"grey\">Leiratkoz\u00e1s egy kattint\u00e1ssal<\/td>\n<td class=\"grey\" style=\"text-align: center;\"><strong>IGEN<\/strong><\/td>\n<td class=\"grey\" style=\"text-align: center;\"><strong>IGEN<\/strong><\/td>\n<\/tr>\n<tr>\n<td>Vez\u00e9rl\u0151k<\/td>\n<td style=\"text-align: center;\"><strong>IGEN<\/strong><\/td>\n<td style=\"text-align: center;\"><strong>IGEN<\/strong><\/td>\n<\/tr>\n<tr>\n<td class=\"grey\">C\u00edmlista statisztik\u00e1k<\/td>\n<td class=\"grey\" style=\"text-align: center;\"><strong>IGEN<\/strong><\/td>\n<td class=\"grey\" style=\"text-align: center;\"><strong>IGEN<\/strong><\/td>\n<\/tr>\n<tr>\n<td>C\u00edmlist\u00e1k egyes\u00edt\u00e9se \u00e9s \u00e1thelyez\u00e9se<\/td>\n<td style=\"text-align: center;\"><strong>IGEN<\/strong><\/td>\n<td style=\"text-align: center;\"><strong>IGEN<\/strong><\/td>\n<\/tr>\n<tr>\n<td class=\"grey\">Glob\u00e1lis leiratkoz\u00e1s \u00e9s nem \u00e9l\u0151 c\u00edmek<\/td>\n<td class=\"grey\" style=\"text-align: center;\"><strong>IGEN<\/strong><\/td>\n<td class=\"grey\" style=\"text-align: center;\"><strong>IGEN<\/strong><\/td>\n<\/tr>\n<tr>\n<td>ReturnPath t\u00e1mogat\u00e1sa<\/td>\n<td style=\"text-align: center;\"><strong>IGEN<\/strong><\/td>\n<td style=\"text-align: center;\"><strong>IGEN<\/strong><\/td>\n<\/tr>\n<tr>\n<td class=\"grey\">Leiratkoz\u00e1sok \u00e9s feliratkoz\u00e1sok t\u00f6rt\u00e9neti \u00e1ttekint\u00e9se<\/td>\n<td class=\"grey\" style=\"text-align: center;\"><strong>IGEN<\/strong><\/td>\n<td class=\"grey\" style=\"text-align: center;\"><strong>IGEN<\/strong><\/td>\n<\/tr>\n<tr>\n<td>Google szolg\u00e1ltat\u00e1sok jobb integr\u00e1ci\u00f3ja<\/td>\n<td style=\"text-align: center;\"><strong>IGEN<\/strong><\/td>\n<td style=\"text-align: center;\"><strong>IGEN<\/strong><\/td>\n<\/tr>\n<tr>\n<td class=\"grey\">Biztons\u00e1gi ment\u00e9s<\/td>\n<td class=\"grey\" style=\"text-align: center;\"><strong>IGEN<\/strong><\/td>\n<td class=\"grey\" style=\"text-align: center;\"><strong>IGEN<\/strong><\/td>\n<\/tr>\n<tr>\n<td>E-mail tilt\u00f3lista<\/td>\n<td style=\"text-align: center;\"><strong>IGEN<\/strong><\/td>\n<td style=\"text-align: center;\"><strong>IGEN<\/strong><\/td>\n<\/tr>\n<tr>\n<td class=\"grey\">Visszapattan\u00f3 levelek feldolgoz\u00e1sa<\/td>\n<td class=\"grey\" style=\"text-align: center;\"><strong>IGEN<\/strong><\/td>\n<td class=\"grey\" style=\"text-align: center;\"><strong>IGEN<\/strong><\/td>\n<\/tr>\n<tr>\n<td>A nem el\u00e9rheto c\u00edmek export\u00e1l\u00e1sa a levelez\u00e9s ut\u00e1n<\/td>\n<td style=\"text-align: center;\"><strong>IGEN<\/strong><\/td>\n<td style=\"text-align: center;\"><strong>IGEN<\/strong><\/td>\n<\/tr>\n<tr>\n<td class=\"grey\">Lev\u00e9l k\u00fcld\u00e9se a be\u00e9p\u00edtett SMTP levelezo szerveren kereszt\u00fcl<\/td>\n<td class=\"grey\" style=\"text-align: center;\"><strong>IGEN<\/strong><\/td>\n<td class=\"grey\" style=\"text-align: center;\"><strong>IGEN<\/strong><\/td>\n<\/tr>\n<tr>\n<td>Lev\u00e9l k\u00fcld\u00e9se ISP-n kereszt\u00fcl<\/td>\n<td style=\"text-align: center;\"><strong>IGEN<\/strong><\/td>\n<td style=\"text-align: center;\"><strong>IGEN<\/strong><\/td>\n<\/tr>\n<tr>\n<td class=\"grey\">Duplik\u00e1lt levelek kiszur\u00e9se<\/td>\n<td class=\"grey\" style=\"text-align: center;\"><strong>IGEN<\/strong><\/td>\n<td class=\"grey\" style=\"text-align: center;\"><strong>IGEN<\/strong><\/td>\n<\/tr>\n<tr>\n<td>Szem\u00e9lyre szabott sablonok l\u00e9trehoz\u00e1sa \u00e9s ment\u00e9se<\/td>\n<td style=\"text-align: center;\"><strong>IGEN<\/strong><\/td>\n<td style=\"text-align: center;\"><strong>IGEN<\/strong><\/td>\n<\/tr>\n<tr>\n<td class=\"grey\">Karakterk\u00e9szlet (CHARSET) be\u00e1ll\u00edt\u00e1sa t\u00f6bbnyelvu \u00fczenetek k\u00fcld\u00e9s\u00e9hez<\/td>\n<td class=\"grey\" style=\"text-align: center;\"><strong>IGEN<\/strong><\/td>\n<td class=\"grey\" style=\"text-align: center;\"><strong>IGEN<\/strong><\/td>\n<\/tr>\n<tr>\n<td>\u00dczenet elon\u00e9zete k\u00e9zbes\u00edt\u00e9s elott<\/td>\n<td style=\"text-align: center;\"><strong>IGEN<\/strong><\/td>\n<td style=\"text-align: center;\"><strong>IGEN<\/strong><\/td>\n<\/tr>\n<tr>\n<td class=\"grey\">\u00dczenetek import\u00e1l\u00e1sa EML f\u00e1jlokb\u00f3l be\u00e1gyazott m\u00e9di\u00e1val<\/td>\n<td class=\"grey\" style=\"text-align: center;\"><strong>IGEN<\/strong><\/td>\n<td class=\"grey\" style=\"text-align: center;\"><strong>IGEN<\/strong><\/td>\n<\/tr>\n<tr>\n<td>\u00dczenetek import\u00e1l\u00e1sa HTML f\u00e1jlokb\u00f3l be\u00e1gyazott m\u00e9di\u00e1val<\/td>\n<td style=\"text-align: center;\"><strong>IGEN<\/strong><\/td>\n<td style=\"text-align: center;\"><strong>IGEN<\/strong><\/td>\n<\/tr>\n<tr>\n<td class=\"grey\">T\u00f6bbsz\u00f6r\u00f6s kapcsolatok (egyszerre sok \u00fczenet k\u00fcld\u00e9se)<\/td>\n<td class=\"grey\" style=\"text-align: center;\"><strong>IGEN<\/strong><\/td>\n<td class=\"grey\" style=\"text-align: center;\"><strong>IGEN<\/strong><\/td>\n<\/tr>\n<tr>\n<td>Integr\u00e1ci\u00f3 weboldalon l\u00e9vo levelez\u00e9si list\u00e1val<\/td>\n<td style=\"text-align: center;\"><strong>IGEN<\/strong><\/td>\n<td style=\"text-align: center;\"><strong>IGEN<\/strong><\/td>\n<\/tr>\n<tr>\n<td class=\"grey\">Levelez\u00e9si lista import\u00e1l\u00e1sa sz\u00f6veg \/ csv f\u00e1jlokb\u00f3l<\/td>\n<td class=\"grey\" style=\"text-align: center;\"><strong>IGEN<\/strong><\/td>\n<td class=\"grey\" style=\"text-align: center;\"><strong>IGEN<\/strong><\/td>\n<\/tr>\n<tr>\n<td>Lista import\u00e1l\u00e1sa Outlook Express-bol<\/td>\n<td style=\"text-align: center;\"><strong>IGEN<\/strong><\/td>\n<td style=\"text-align: center;\"><strong>IGEN<\/strong><\/td>\n<\/tr>\n<tr>\n<td class=\"grey\">Lista import\u00e1l\u00e1sa Web-bol<\/td>\n<td class=\"grey\" style=\"text-align: center;\"><strong>IGEN<\/strong><\/td>\n<td class=\"grey\" style=\"text-align: center;\"><strong>IGEN<\/strong><\/td>\n<\/tr>\n<tr>\n<td>Lista import\u00e1l\u00e1sa v\u00e1g\u00f3lapr\u00f3l<\/td>\n<td style=\"text-align: center;\"><strong>IGEN<\/strong><\/td>\n<td style=\"text-align: center;\"><strong>IGEN<\/strong><\/td>\n<\/tr>\n<tr>\n<td class=\"grey\">Fejlett lista szurok<\/td>\n<td class=\"grey\" style=\"text-align: center;\"><strong>IGEN<\/strong><\/td>\n<td class=\"grey\" style=\"text-align: center;\"><strong>IGEN<\/strong><\/td>\n<\/tr>\n<tr>\n<td>Szem\u00e9lyre szabhat\u00f3 adatb\u00e1zis mezok<\/td>\n<td style=\"text-align: center;\"><strong>IGEN<\/strong><\/td>\n<td style=\"text-align: center;\"><strong>IGEN<\/strong><\/td>\n<\/tr>\n<tr>\n<td class=\"grey\">Mezo beilleszt\u00e9s e-mailekn\u00e9l (minden egyes c\u00edmzettnek szem\u00e9lyre szabott \u00fczenet l\u00e9trehoz\u00e1sa)<\/td>\n<td class=\"grey\" style=\"text-align: center;\"><strong>IGEN<\/strong><\/td>\n<td class=\"grey\" style=\"text-align: center;\"><strong>IGEN<\/strong><\/td>\n<\/tr>\n<tr>\n<td>Levelez\u00e9si lista szerkeszt\u00e9se<\/td>\n<td style=\"text-align: center;\"><strong>IGEN<\/strong><\/td>\n<td style=\"text-align: center;\"><strong>IGEN<\/strong><\/td>\n<\/tr>\n<tr>\n<td class=\"grey\">Minden egyes list\u00e1hoz k\u00fcl\u00f6n pop3 fi\u00f3k<\/td>\n<td class=\"grey\" style=\"text-align: center;\"><strong>IGEN<\/strong><\/td>\n<td class=\"grey\" style=\"text-align: center;\"><strong>IGEN<\/strong><\/td>\n<\/tr>\n<tr>\n<td>E-mailes vagy webes urlap feliratkoz\u00e1s \/ leiratkoz\u00e1s<\/td>\n<td style=\"text-align: center;\"><strong>IGEN<\/strong><\/td>\n<td style=\"text-align: center;\"><strong>IGEN<\/strong><\/td>\n<\/tr>\n<tr>\n<td class=\"grey\">Webes urlapr\u00f3l elk\u00fcld\u00f6tt \u00f6sszes mezo feljegyz\u00e9se<\/td>\n<td class=\"grey\" style=\"text-align: center;\"><strong>IGEN<\/strong><\/td>\n<td class=\"grey\" style=\"text-align: center;\"><strong>IGEN<\/strong><\/td>\n<\/tr>\n<tr>\n<td>List\u00e1k nyomtat\u00e1sa nyomtat\u00e1si elon\u00e9zettel<\/td>\n<td style=\"text-align: center;\"><strong>IGEN<\/strong><\/td>\n<td style=\"text-align: center;\"><strong>IGEN<\/strong><\/td>\n<\/tr>\n<tr>\n<td class=\"grey\">HTML k\u00f3d l\u00e9trehoz\u00e1sa webes urlap feliratkoz\u00e1shoz \/ leiratkoz\u00e1shoz<\/td>\n<td class=\"grey\" style=\"text-align: center;\"><strong>IGEN<\/strong><\/td>\n<td class=\"grey\" style=\"text-align: center;\"><strong>IGEN<\/strong><\/td>\n<\/tr>\n<tr>\n<td>HTML \u00e9s sz\u00f6veg \u00fczenetek, \u00e9s\/vagy TXT v\u00e1laszthat\u00f3s\u00e1g<\/td>\n<td style=\"text-align: center;\"><strong>IGEN<\/strong><\/td>\n<td style=\"text-align: center;\"><strong>IGEN<\/strong><\/td>\n<\/tr>\n<tr>\n<td class=\"grey\">WYSIWYG HTML szerkeszto<\/td>\n<td class=\"grey\" style=\"text-align: center;\"><strong>IGEN<\/strong><\/td>\n<td class=\"grey\" style=\"text-align: center;\"><strong>IGEN<\/strong><\/td>\n<\/tr>\n<tr>\n<td>T\u00f6bb r\u00e9szes HTML \u00fczenet k\u00fcld\u00e9se be\u00e1gyazott k\u00e9pekkel<\/td>\n<td style=\"text-align: center;\"><strong>IGEN<\/strong><\/td>\n<td style=\"text-align: center;\"><strong>IGEN<\/strong><\/td>\n<\/tr>\n<tr>\n<td class=\"grey\">Korl\u00e1tlan levelez\u00e9si tervezetek (projektek)<\/td>\n<td class=\"grey\" style=\"text-align: center;\"><strong>IGEN<\/strong><\/td>\n<td class=\"grey\" style=\"text-align: center;\"><strong>IGEN<\/strong><\/td>\n<\/tr>\n<tr>\n<td>HTML-bol a sz\u00f6veges r\u00e9sz kiemel\u00e9se a sima sz\u00f6veges \u00fczenethez<\/td>\n<td style=\"text-align: center;\"><strong>IGEN<\/strong><\/td>\n<td style=\"text-align: center;\"><strong>IGEN<\/strong><\/td>\n<\/tr>\n<tr>\n<td class=\"grey\">\u00daj sablonok sz\u00e1ma az 2-es verzi\u00f3hoz k\u00e9pest<\/td>\n<td class=\"grey\" style=\"text-align: center;\"><strong>100<\/strong><\/td>\n<td class=\"grey\" style=\"text-align: center;\"><strong>130<\/strong><br \/><span style=\"font-size: 10px;\">(n\u00e9h\u00e1ny responsive sablonokat tartalmaz)<\/span><\/td>\n<\/tr>\n<tr>\n<td><strong>E-mailes technikai t\u00e1mogat\u00e1s<\/strong><\/td>\n<td style=\"text-align: center;\"><strong>NEM<\/strong><\/td>\n<td style=\"text-align: center;\"><strong>IGEN<\/strong><\/td>\n<\/tr>\n<tr>\n<td align=\"left\" class=\"grey\"><strong>\u00c1r<\/strong><\/td>\n<td class=\"grey\" style=\"text-align: center;\"><strong>ingyenes<\/strong><\/td>\n<td class=\"grey\" style=\"text-align: center;\"><strong>egyszeri d\u00edjfizet\u00e9ssel<\/strong><\/td>\n<\/tr>\n<tr>\n<td align=\"right\">&nbsp;<\/td>\n<td style=\"text-align: center;\"><a href=\"https:\/\/www.sendblaster.com\/hu\/ingyen-elerheto-sendblaster\/\" title=\"100% ingyenes h\u00edrlev\u00e9lkezel\u0151 szoftver\" class=\"download-cta table-cta\">T\u00f6ltse le ingyen<\/a><\/td>\n<td style=\"text-align: center;\"><a href=\"https:\/\/www.sendblaster.com\/hu\/vasarlas-pro\/\" title=\"V\u00e1s\u00e1rolja meg a Pro\" class=\"buy-cta table-cta\">V\u00e1s\u00e1rolja meg a Pro<\/a><\/td>\n<\/tr>\n<\/tbody>\n<\/table>\n","protected":false},"excerpt":{"rendered":"<p>Funkci\u00f3k Ingyenes verzi\u00f3 PRO verzi\u00f3 Egyideju kapcsolatok sz\u00e1ma 2 50 C\u00edmzettek maxim\u00e1lis sz\u00e1ma egy idoben t\u00f6rt\u00e9no k\u00fcld\u00e9sn\u00e9l 100 Korl\u00e1tlan List\u00e1k sz\u00e1ma 2 Korl\u00e1tlan Programozhat\u00f3 c\u00edmk\u00e9k NEM IGEN Csatolm\u00e1nyok haszn\u00e1lata NEM IGEN Egyedi csatolm\u00e1nyok NEM IGEN Lista kereso modul NEM IGEN <\/p>\n<p class=\"read-more-container\"><a class=\"button read-more\" href=\"https:\/\/www.sendblaster.com\/hu\/sendblaster-ingyenes-es-pro-verzio-osszehasonlito-tablazat\/\" title=\"\">Olvasson tov\u00e1bb<\/a><\/p>\n","protected":false},"author":1,"featured_media":0,"parent":0,"menu_order":0,"comment_status":"closed","ping_status":"closed","template":"","meta":{"_monsterinsights_skip_tracking":false,"_monsterinsights_sitenote_active":false,"_monsterinsights_sitenote_note":"","_monsterinsights_sitenote_category":0,"footnotes":""},"class_list":["post-4354","page","type-page","status-publish"],"yoast_head":"<!-- This site is optimized with the Yoast SEO plugin v23.5 - https:\/\/yoast.com\/wordpress\/plugins\/seo\/ -->\n<title>SendBlaster Ingyenes \u00e9s Pro verzi\u00f3 \u00f6sszehasonl\u00edt\u00f3 t\u00e1bl\u00e1zat - SendBlaster t\u00f6meges e-mail szoftver<\/title>\n<meta name=\"description\" content=\"SendBlaster t\u00f6meges e-mail szoftver SendBlaster Ingyenes \u00e9s Pro verzi\u00f3 \u00f6sszehasonl\u00edt\u00f3 t\u00e1bl\u00e1zat Funkci\u00f3k Ingyenes verzi\u00f3 PRO verzi\u00f3 Egyideju kapcsolatok sz\u00e1ma 2 50 C\u00edmzettek maxim\u00e1lis sz\u00e1ma egy idoben t\u00f6rt\u00e9no k\u00fcld\u00e9sn\u00e9l 100 Korl\u00e1tlan List\u00e1k sz\u00e1ma 2\" \/>\n<meta name=\"robots\" content=\"index, follow, max-snippet:-1, max-image-preview:large, max-video-preview:-1\" \/>\n<link rel=\"canonical\" href=\"https:\/\/www.sendblaster.com\/hu\/all\/sendblaster-ingyenes-es-pro-verzio-osszehasonlito-tablazat\/\" \/>\n<meta property=\"og:locale\" content=\"hu_HU\" \/>\n<meta property=\"og:type\" content=\"article\" \/>\n<meta property=\"og:title\" content=\"SendBlaster Ingyenes \u00e9s Pro verzi\u00f3 \u00f6sszehasonl\u00edt\u00f3 t\u00e1bl\u00e1zat - SendBlaster t\u00f6meges e-mail szoftver\" \/>\n<meta property=\"og:description\" content=\"SendBlaster t\u00f6meges e-mail szoftver SendBlaster Ingyenes \u00e9s Pro verzi\u00f3 \u00f6sszehasonl\u00edt\u00f3 t\u00e1bl\u00e1zat Funkci\u00f3k Ingyenes verzi\u00f3 PRO verzi\u00f3 Egyideju kapcsolatok sz\u00e1ma 2 50 C\u00edmzettek maxim\u00e1lis sz\u00e1ma egy idoben t\u00f6rt\u00e9no k\u00fcld\u00e9sn\u00e9l 100 Korl\u00e1tlan List\u00e1k sz\u00e1ma 2\" \/>\n<meta property=\"og:url\" content=\"https:\/\/www.sendblaster.com\/hu\/all\/sendblaster-ingyenes-es-pro-verzio-osszehasonlito-tablazat\/\" \/>\n<meta property=\"og:site_name\" content=\"SendBlaster t\u00f6meges e-mail szoftver\" \/>\n<meta name=\"twitter:card\" content=\"summary_large_image\" \/>\n<meta name=\"twitter:label1\" content=\"Becs\u00fclt olvas\u00e1si id\u0151\" \/>\n\t<meta name=\"twitter:data1\" content=\"3 perc\" \/>\n<script type=\"application\/ld+json\" class=\"yoast-schema-graph\">{\"@context\":\"https:\/\/schema.org\",\"@graph\":[{\"@type\":\"WebPage\",\"@id\":\"https:\/\/www.sendblaster.com\/hu\/all\/sendblaster-ingyenes-es-pro-verzio-osszehasonlito-tablazat\/\",\"url\":\"https:\/\/www.sendblaster.com\/hu\/all\/sendblaster-ingyenes-es-pro-verzio-osszehasonlito-tablazat\/\",\"name\":\"SendBlaster Ingyenes \u00e9s Pro verzi\u00f3 \u00f6sszehasonl\u00edt\u00f3 t\u00e1bl\u00e1zat - SendBlaster t\u00f6meges e-mail szoftver\",\"isPartOf\":{\"@id\":\"https:\/\/www.sendblaster.com\/#website\"},\"datePublished\":\"2019-03-22T08:10:17+00:00\",\"dateModified\":\"2019-03-22T08:10:17+00:00\",\"description\":\"SendBlaster t\u00f6meges e-mail szoftver SendBlaster Ingyenes \u00e9s Pro verzi\u00f3 \u00f6sszehasonl\u00edt\u00f3 t\u00e1bl\u00e1zat Funkci\u00f3k Ingyenes verzi\u00f3 PRO verzi\u00f3 Egyideju kapcsolatok sz\u00e1ma 2 50 C\u00edmzettek maxim\u00e1lis sz\u00e1ma egy idoben t\u00f6rt\u00e9no k\u00fcld\u00e9sn\u00e9l 100 Korl\u00e1tlan List\u00e1k sz\u00e1ma 2\",\"breadcrumb\":{\"@id\":\"https:\/\/www.sendblaster.com\/hu\/all\/sendblaster-ingyenes-es-pro-verzio-osszehasonlito-tablazat\/#breadcrumb\"},\"inLanguage\":\"hu\",\"potentialAction\":[{\"@type\":\"ReadAction\",\"target\":[\"https:\/\/www.sendblaster.com\/hu\/all\/sendblaster-ingyenes-es-pro-verzio-osszehasonlito-tablazat\/\"]}]},{\"@type\":\"BreadcrumbList\",\"@id\":\"https:\/\/www.sendblaster.com\/hu\/all\/sendblaster-ingyenes-es-pro-verzio-osszehasonlito-tablazat\/#breadcrumb\",\"itemListElement\":[{\"@type\":\"ListItem\",\"position\":1,\"name\":\"Home\",\"item\":\"https:\/\/www.sendblaster.com\/hu\/\"},{\"@type\":\"ListItem\",\"position\":2,\"name\":\"SendBlaster Ingyenes \u00e9s Pro verzi\u00f3 \u00f6sszehasonl\u00edt\u00f3 t\u00e1bl\u00e1zat\"}]},{\"@type\":\"WebSite\",\"@id\":\"https:\/\/www.sendblaster.com\/#website\",\"url\":\"https:\/\/www.sendblaster.com\/\",\"name\":\"SendBlaster t\u00f6meges e-mail szoftver\",\"description\":\"\",\"publisher\":{\"@id\":\"https:\/\/www.sendblaster.com\/#organization\"},\"potentialAction\":[{\"@type\":\"SearchAction\",\"target\":{\"@type\":\"EntryPoint\",\"urlTemplate\":\"https:\/\/www.sendblaster.com\/?s={search_term_string}\"},\"query-input\":{\"@type\":\"PropertyValueSpecification\",\"valueRequired\":true,\"valueName\":\"search_term_string\"}}],\"inLanguage\":\"hu\"},{\"@type\":\"Organization\",\"@id\":\"https:\/\/www.sendblaster.com\/#organization\",\"name\":\"SendBlaster t\u00f6meges e-mail szoftver\",\"url\":\"https:\/\/www.sendblaster.com\/\",\"logo\":{\"@type\":\"ImageObject\",\"inLanguage\":\"hu\",\"@id\":\"https:\/\/www.sendblaster.com\/#\/schema\/logo\/image\/\",\"url\":\"https:\/\/www.sendblaster.com\/wp-content\/uploads\/2021\/09\/logo-svg-2021.svg\",\"contentUrl\":\"https:\/\/www.sendblaster.com\/wp-content\/uploads\/2021\/09\/logo-svg-2021.svg\",\"width\":350,\"height\":70,\"caption\":\"SendBlaster t\u00f6meges e-mail szoftver\"},\"image\":{\"@id\":\"https:\/\/www.sendblaster.com\/#\/schema\/logo\/image\/\"}}]}<\/script>\n<!-- \/ Yoast SEO plugin. -->","yoast_head_json":{"title":"SendBlaster Ingyenes \u00e9s Pro verzi\u00f3 \u00f6sszehasonl\u00edt\u00f3 t\u00e1bl\u00e1zat - SendBlaster t\u00f6meges e-mail szoftver","description":"SendBlaster t\u00f6meges e-mail szoftver SendBlaster Ingyenes \u00e9s Pro verzi\u00f3 \u00f6sszehasonl\u00edt\u00f3 t\u00e1bl\u00e1zat Funkci\u00f3k Ingyenes verzi\u00f3 PRO verzi\u00f3 Egyideju kapcsolatok sz\u00e1ma 2 50 C\u00edmzettek maxim\u00e1lis sz\u00e1ma egy idoben t\u00f6rt\u00e9no k\u00fcld\u00e9sn\u00e9l 100 Korl\u00e1tlan List\u00e1k sz\u00e1ma 2","robots":{"index":"index","follow":"follow","max-snippet":"max-snippet:-1","max-image-preview":"max-image-preview:large","max-video-preview":"max-video-preview:-1"},"canonical":"https:\/\/www.sendblaster.com\/hu\/all\/sendblaster-ingyenes-es-pro-verzio-osszehasonlito-tablazat\/","og_locale":"hu_HU","og_type":"article","og_title":"SendBlaster Ingyenes \u00e9s Pro verzi\u00f3 \u00f6sszehasonl\u00edt\u00f3 t\u00e1bl\u00e1zat - SendBlaster t\u00f6meges e-mail szoftver","og_description":"SendBlaster t\u00f6meges e-mail szoftver SendBlaster Ingyenes \u00e9s Pro verzi\u00f3 \u00f6sszehasonl\u00edt\u00f3 t\u00e1bl\u00e1zat Funkci\u00f3k Ingyenes verzi\u00f3 PRO verzi\u00f3 Egyideju kapcsolatok sz\u00e1ma 2 50 C\u00edmzettek maxim\u00e1lis sz\u00e1ma egy idoben t\u00f6rt\u00e9no k\u00fcld\u00e9sn\u00e9l 100 Korl\u00e1tlan List\u00e1k sz\u00e1ma 2","og_url":"https:\/\/www.sendblaster.com\/hu\/all\/sendblaster-ingyenes-es-pro-verzio-osszehasonlito-tablazat\/","og_site_name":"SendBlaster t\u00f6meges e-mail szoftver","twitter_card":"summary_large_image","twitter_misc":{"Becs\u00fclt olvas\u00e1si id\u0151":"3 perc"},"schema":{"@context":"https:\/\/schema.org","@graph":[{"@type":"WebPage","@id":"https:\/\/www.sendblaster.com\/hu\/all\/sendblaster-ingyenes-es-pro-verzio-osszehasonlito-tablazat\/","url":"https:\/\/www.sendblaster.com\/hu\/all\/sendblaster-ingyenes-es-pro-verzio-osszehasonlito-tablazat\/","name":"SendBlaster Ingyenes \u00e9s Pro verzi\u00f3 \u00f6sszehasonl\u00edt\u00f3 t\u00e1bl\u00e1zat - SendBlaster t\u00f6meges e-mail szoftver","isPartOf":{"@id":"https:\/\/www.sendblaster.com\/#website"},"datePublished":"2019-03-22T08:10:17+00:00","dateModified":"2019-03-22T08:10:17+00:00","description":"SendBlaster t\u00f6meges e-mail szoftver SendBlaster Ingyenes \u00e9s Pro verzi\u00f3 \u00f6sszehasonl\u00edt\u00f3 t\u00e1bl\u00e1zat Funkci\u00f3k Ingyenes verzi\u00f3 PRO verzi\u00f3 Egyideju kapcsolatok sz\u00e1ma 2 50 C\u00edmzettek maxim\u00e1lis sz\u00e1ma egy idoben t\u00f6rt\u00e9no k\u00fcld\u00e9sn\u00e9l 100 Korl\u00e1tlan List\u00e1k sz\u00e1ma 2","breadcrumb":{"@id":"https:\/\/www.sendblaster.com\/hu\/all\/sendblaster-ingyenes-es-pro-verzio-osszehasonlito-tablazat\/#breadcrumb"},"inLanguage":"hu","potentialAction":[{"@type":"ReadAction","target":["https:\/\/www.sendblaster.com\/hu\/all\/sendblaster-ingyenes-es-pro-verzio-osszehasonlito-tablazat\/"]}]},{"@type":"BreadcrumbList","@id":"https:\/\/www.sendblaster.com\/hu\/all\/sendblaster-ingyenes-es-pro-verzio-osszehasonlito-tablazat\/#breadcrumb","itemListElement":[{"@type":"ListItem","position":1,"name":"Home","item":"https:\/\/www.sendblaster.com\/hu\/"},{"@type":"ListItem","position":2,"name":"SendBlaster Ingyenes \u00e9s Pro verzi\u00f3 \u00f6sszehasonl\u00edt\u00f3 t\u00e1bl\u00e1zat"}]},{"@type":"WebSite","@id":"https:\/\/www.sendblaster.com\/#website","url":"https:\/\/www.sendblaster.com\/","name":"SendBlaster t\u00f6meges e-mail szoftver","description":"","publisher":{"@id":"https:\/\/www.sendblaster.com\/#organization"},"potentialAction":[{"@type":"SearchAction","target":{"@type":"EntryPoint","urlTemplate":"https:\/\/www.sendblaster.com\/?s={search_term_string}"},"query-input":{"@type":"PropertyValueSpecification","valueRequired":true,"valueName":"search_term_string"}}],"inLanguage":"hu"},{"@type":"Organization","@id":"https:\/\/www.sendblaster.com\/#organization","name":"SendBlaster t\u00f6meges e-mail szoftver","url":"https:\/\/www.sendblaster.com\/","logo":{"@type":"ImageObject","inLanguage":"hu","@id":"https:\/\/www.sendblaster.com\/#\/schema\/logo\/image\/","url":"https:\/\/www.sendblaster.com\/wp-content\/uploads\/2021\/09\/logo-svg-2021.svg","contentUrl":"https:\/\/www.sendblaster.com\/wp-content\/uploads\/2021\/09\/logo-svg-2021.svg","width":350,"height":70,"caption":"SendBlaster t\u00f6meges e-mail szoftver"},"image":{"@id":"https:\/\/www.sendblaster.com\/#\/schema\/logo\/image\/"}}]}},"_links":{"self":[{"href":"https:\/\/www.sendblaster.com\/hu\/wp-json\/wp\/v2\/pages\/4354"}],"collection":[{"href":"https:\/\/www.sendblaster.com\/hu\/wp-json\/wp\/v2\/pages"}],"about":[{"href":"https:\/\/www.sendblaster.com\/hu\/wp-json\/wp\/v2\/types\/page"}],"author":[{"embeddable":true,"href":"https:\/\/www.sendblaster.com\/hu\/wp-json\/wp\/v2\/users\/1"}],"replies":[{"embeddable":true,"href":"https:\/\/www.sendblaster.com\/hu\/wp-json\/wp\/v2\/comments?post=4354"}],"version-history":[{"count":1,"href":"https:\/\/www.sendblaster.com\/hu\/wp-json\/wp\/v2\/pages\/4354\/revisions"}],"predecessor-version":[{"id":4355,"href":"https:\/\/www.sendblaster.com\/hu\/wp-json\/wp\/v2\/pages\/4354\/revisions\/4355"}],"wp:attachment":[{"href":"https:\/\/www.sendblaster.com\/hu\/wp-json\/wp\/v2\/media?parent=4354"}],"curies":[{"name":"wp","href":"https:\/\/api.w.org\/{rel}","templated":true}]}}