{"id":3044,"date":"2018-06-05T07:15:36","date_gmt":"2018-06-05T07:15:36","guid":{"rendered":"https:\/\/www.sendblaster.com\/wpnew-2018\/?page_id=3044"},"modified":"2018-06-05T07:15:36","modified_gmt":"2018-06-05T07:15:36","slug":"comment-delivery-tech-utilise-vos-informations","status":"publish","type":"page","link":"https:\/\/www.sendblaster.com\/fr\/politique-de-confidentialite-reglement-ue-2016-79-rgdp\/comment-delivery-tech-utilise-vos-informations\/","title":{"rendered":"Comment Delivery Tech utilise vos informations"},"content":{"rendered":"<p><img decoding=\"async\" class=\"alignnone size-full wp-image-6762\" src=\"https:\/\/www.sendblaster.com\/wp-content\/uploads\/2018\/05\/GDPR-intro-1.png\" alt=\"\" width=\"1280\" height=\"700\" \/><\/p>\n<ul class=\"g1-grid\"><li class=\"g1-column g1-one-fourth g1-valign-top\">\n<h4>Objet et but du traitement des donn\u00e9es &#8211; base juridique en tant que responsable du traitement des donn\u00e9es<\/h4>\n<\/li><!-- -->\n<li class=\"g1-column g1-three-fourth g1-valign-top\">\n<p>Nous traitons vos informations pour poursuivre nos objectifs et ceux de tiers, en appliquant des mesures de protection appropri\u00e9es pour prot\u00e9ger votre vie priv\u00e9e.<\/p>\n<p>Le but principal de la collecte de donn\u00e9es personnelles est d&rsquo;offrir une exp\u00e9rience s\u00fbre, optimale, efficace et personnalis\u00e9e. Pour atteindre cet objectif, nous vous informons que nous poursuivons des int\u00e9r\u00eats l\u00e9gitimes, comme pr\u00e9vu par l&rsquo;article 6 du RGPD sur la lic\u00e9it\u00e9 du traitement des donn\u00e9es : \u00ab\u00a0Il est \u00e9galement dans l&rsquo;int\u00e9r\u00eat l\u00e9gitime du responsable du traitement de donn\u00e9es concern\u00e9es de traiter des donn\u00e9es \u00e0 caract\u00e8re personnel strictement n\u00e9cessaires \u00e0 des fins de pr\u00e9vention de la fraude. Il peut \u00eatre consid\u00e9r\u00e9 comme un int\u00e9r\u00eat l\u00e9gitime de traiter des donn\u00e9es personnelles \u00e0 des fins de marketing direct. \u00a0\u00bb<\/p>\n<p>Nous vous assurons que vos donn\u00e9es ne seront utilis\u00e9es qu&rsquo;aux fins suivantes :<\/p>\n\n<ul id=\"\" class=\"g1-list g1-list--upper-alpha g1-list--none \">\n<li><strong>Promouvoir l&rsquo;utilisation de nos services<\/strong>. Lorsque vous demandez des informations ou vous enregistrez pour des services gratuits, en nous communiquant vos donn\u00e9es, nous pouvons \u00eatre amen\u00e9 \u00e0 vous contacter par t\u00e9l\u00e9phone ou vous envoyer un email :\n<ul id=\"\" class=\"g1-list g1-list--upper-alpha g1-list--none \">\n<li>pour vous demander un feedback ;<\/li>\n<li>pour proposer de vous inscrire \u00e0 l&rsquo;un de nos services, applications ou logiciels.<\/li>\n<\/ul>\n<p>\tSi vous utilisez d\u00e9j\u00e0 un de nos services (gratuit ou payant) et que nous pensons que vous pourriez b\u00e9n\u00e9ficier d&rsquo;un autre service de livraison, d&rsquo;application ou de logiciel, nous pouvons vous envoyer un email ou vous contacter pour vous envoyer des informations et du contenu promotionnel en accord avec vos pr\u00e9f\u00e9rences marketing.<\/li>\n<li><strong>Pour facturer ou envoyer des avis de paiement<\/strong>. Nous pouvons utiliser vos informations pour vous envoyer des courriers \u00e9lectroniques avec des factures, des re\u00e7us ou des avis d&rsquo;insolvabilit\u00e9. Nous utilisons des tiers pour traiter les transactions par carte de cr\u00e9dit en toute s\u00e9curit\u00e9 et envoyer des donn\u00e9es de facturation \u00e0 ces tiers pour traiter vos commandes et vos paiements.<\/li>\n<li><strong>Pour vous envoyer des messages d&rsquo;avertissement syst\u00e8me<\/strong>. Vous pouvez recevoir des communications concernant les services, les applications ou les logiciels Delivery Tech que vous utilisez. Le but est de vous avertir en cas de :\n<ul id=\"\" class=\"g1-list g1-list--upper-alpha g1-list--none \">\n<li>changements temporaires ou permanents \u00e0 nos services, applications ou logiciels ;<\/li>\n<li>changement des conditions d&rsquo;utilisation ;<\/li>\n<li>interruptions programm\u00e9es ;<\/li>\n<li>nouvelles fonctionnalit\u00e9s ;<\/li>\n<li>mises \u00e0 jour de version ;<\/li>\n<li>avis d&rsquo;abus ou de violation de donn\u00e9es (\u00e9galement appel\u00e9 \u00abviolation de donn\u00e9es\u00bb) ;<\/li>\n<li>mises \u00e0 jour et modifications de notre politique de confidentialit\u00e9.<\/li>\n<\/ul>\n<\/li>\n<li><strong>Fournir une assistance<\/strong>. Nous pouvons communiquer avec vous, ou avec les membres de votre liste de contacts, pour fournir une assistance et un soutien concernant les services, applications et logiciels utilis\u00e9s.<\/li>\n<li><strong>Pour des raisons l\u00e9gales<\/strong>. Vous pouvez recevoir des communications de nature juridique, comme le respect des ordonnances judiciaires.<\/li>\n<li><strong>Pour fournir des informations aux repr\u00e9sentants et consultants<\/strong>, et notamment les avocats et les comptables. Nous pouvons avoir besoin d&rsquo;utiliser vos informations afin de se conformer aux exigences l\u00e9gales, comptables ou de s\u00e9curit\u00e9 tel que d\u00e9crit par la loi.<\/li>\n<li><strong>R\u00e9pondre aux demandes l\u00e9gitimes des autorit\u00e9s publiques<\/strong>. Si une autorit\u00e9 publique fait une demande l\u00e9gitime, motiv\u00e9e par le respect des exigences de s\u00e9curit\u00e9 nationale ou par l&rsquo;application de la loi, vos donn\u00e9es peuvent \u00eatre utilis\u00e9es.<\/li>\n<li><strong>Pour transf\u00e9rer vos informations en cas de vente, de fusion, de consolidation, de liquidation, de r\u00e9organisation ou d&rsquo;acquisition<\/strong>. Dans ce cas, tout acheteur sera soumis \u00e0 nos obligations en vertu de cette politique de confidentialit\u00e9, y compris les droits d&rsquo;acc\u00e8s et de s\u00e9lection. Nous vous aviserons du changement en vous envoyant un courriel ou en publiant un avis sur notre site Web.<\/li>\n<\/ul>\n\n<\/li><!-- --><\/ul>\n<div  class=\"g1-divider g1-divider--none g1-divider--noicon \"><\/div>\n<ul class=\"g1-grid\"><li class=\"g1-column g1-one-fourth g1-valign-top\">\n<h4>Lorsque Delivery Tech partage vos informations &#8211; Destinataires des donn\u00e9es<\/h4>\n<\/li><!-- -->\n<li class=\"g1-column g1-three-fourth g1-valign-top\">\n<p>Les donn\u00e9es personnelles que nous collectons sont destin\u00e9es \u00e0 fournir les services d&rsquo;assistance commerciale, comptables et techniques de Delivery Tech. Ils pourraient \u00e9galement \u00eatre envoy\u00e9s \u00e0 des entreprises contractantes que Delivery Tech utilise pour ex\u00e9cuter des services, tels que eDisplay Srl, une entreprise qui repr\u00e9sente Delivery Tech dans l&rsquo;UE.<br \/>\nLes donn\u00e9es personnelles ne peuvent pas \u00eatre transf\u00e9r\u00e9es \u00e0 des tiers \u00e0 des fins de marketing sans votre consentement explicite. La divulgation \u00e0 des tiers de donn\u00e9es personnelles, que vous nous avez fournies, ne peut avoir lieu que dans les cas suivants :<\/p>\n\n<ul id=\"\" class=\"g1-list g1-list--upper-alpha g1-list--none \">\n<li>avec votre permission ;<\/li>\n<li>\u00e0 la demande des autorit\u00e9s judiciaires comp\u00e9tentes pour des enqu\u00eates judiciaires ou dans le cadre d&rsquo;un litige judiciaire.<\/li>\n<\/ul>\n\n<\/li><!-- --><\/ul>\n<div  class=\"g1-divider g1-divider--none g1-divider--noicon \"><\/div>\n<ul class=\"g1-grid\"><li class=\"g1-column g1-one-fourth g1-valign-top\">\n<h4>Objectif et but du traitement des donn\u00e9es en tant qu&rsquo;utilisateur B2B responsable<\/h4>\n<\/li><!-- -->\n<li class=\"g1-column g1-three-fourth g1-valign-top\">\n<p>Lorsque vous utilisez nos services, vous pouvez importer dans notre syst\u00e8me les renseignements personnels que vous avez recueillis aupr\u00e8s de vos abonn\u00e9s ou d&rsquo;autres personnes. Nous n&rsquo;avons pas de relation directe avec vos abonn\u00e9s, il vous appartient donc de vous assurer que vous disposez des autorisations n\u00e9cessaires pour la collecte et le traitement des donn\u00e9es relatives \u00e0 ces personnes.<br \/>\nConform\u00e9ment au RGPD, nous pouvons \u00eatre amen\u00e9 \u00e0 transf\u00e9rer vos informations personnelles ou vos informations d&rsquo;abonn\u00e9 \u00e0 des soci\u00e9t\u00e9s qui nous soutiennent et nous aident \u00e0 garantir nos services.<br \/>\n\u00c0 des fins statistiques ou de recherche, nous pouvons cat\u00e9goriser les informations recueillies par le biais de nos services. En particulier :<\/p>\n\n<ul id=\"\" class=\"g1-list g1-list--upper-alpha g1-list--none \">\n<li>les donn\u00e9es que vous nous avez fournies directement ;<\/li>\n<li>les donn\u00e9es que vous avez recueillies ;<\/li>\n<li>les donn\u00e9es collect\u00e9es par les membres de vos listes de mani\u00e8re indistincte.<\/li>\n<\/ul>\n\n<\/li><!-- --><\/ul>\n<div  class=\"g1-divider g1-divider--none g1-divider--noicon \"><\/div>\n<ul class=\"g1-grid\"><li class=\"g1-column g1-one-fourth g1-valign-top\">\n<h4>Les donn\u00e9es trait\u00e9es pour fournir, soutenir et am\u00e9liorer les services que nous offrons et faire des suggestions<\/h4>\n<\/li><!-- -->\n<li class=\"g1-column g1-three-fourth g1-valign-top\">\n<p>Nous recueillons des donn\u00e9es \u00e0 des fins l\u00e9gitimes et pr\u00e9cises :<\/p>\n\n<ul id=\"\" class=\"g1-list g1-list--upper-alpha g1-list--none \">\n<li>pour offrir de meilleurs services et pour vous fournir des statistiques plus pr\u00e9cises qui vous aident \u00e0 augmenter les performances de vos campagnes et le pourcentage de distribution de courrier \u00e9lectronique ;<\/li>\n<li>ajouter de nouvelles fonctionnalit\u00e9s, afin de garantir la meilleure offre \u00e0 nos utilisateurs ;<\/li>\n<li>pour sugg\u00e9rer des produits ou des services qui peuvent \u00eatre int\u00e9ressants ou qui peuvent \u00eatre pertinents pour vous ou pour les abonn\u00e9s de vos listes. (Certaines de ces suggestions sont g\u00e9n\u00e9r\u00e9es par nos algorithmes de \u00ab\u00a0science des donn\u00e9es\u00a0\u00bb.)<\/li>\n<\/ul>\n\n<p>Le profilage nous permet de combiner des renseignements personnels avec d&rsquo;autres renseignements que nous recueillons ou que nous obtenons aupr\u00e8s de vous (comme les renseignements de nos partenaires qui g\u00e8rent les paiements par carte de cr\u00e9dit), de sorte \u00e0 vous servir de fa\u00e7on personnalis\u00e9e selon vos pr\u00e9f\u00e9rences ou restrictions, ou \u00e0 des fins de publicit\u00e9 ou de ciblage conform\u00e9ment \u00e0 la pr\u00e9sente politique de confidentialit\u00e9.<br \/>\nLorsque nous combinons ainsi des informations personnelles avec d&rsquo;autres informations, nous traitons scrupuleusement ces informations pour garantir que toutes les mesures de s\u00e9curit\u00e9 sont appliqu\u00e9es au traitement des donn\u00e9es personnelles, comme d\u00e9crit dans le pr\u00e9sent avis.<\/p>\n<\/li><!-- --><\/ul>\n<div  class=\"g1-divider g1-divider--none g1-divider--noicon \"><\/div>\n<ul class=\"g1-grid\"><li class=\"g1-column g1-one-fourth g1-valign-top\">\n<h4>Profilage<\/h4>\n<\/li><!-- -->\n<li class=\"g1-column g1-three-fourth g1-valign-top\">\n<p>Nous utilisons \u00e9galement vos donn\u00e9es \u00e0 des fins de marketing direct. Vous pouvez \u00e0 tout moment refuser ce type d&rsquo;activit\u00e9. Vous \u00eates et serez toujours inform\u00e9 sur la mani\u00e8re dont nous adoptons cette mesure, o\u00f9 et quand nous l&rsquo;adoptons.<br \/>\nNos services ne contiennent aucune action automatique pouvant vous affecter l\u00e9galement ou de mani\u00e8re significative.<\/p>\n<\/li><!-- --><\/ul>\n","protected":false},"excerpt":{"rendered":"\n<p class=\"read-more-container\"><a class=\"button read-more\" href=\"https:\/\/www.sendblaster.com\/fr\/politique-de-confidentialite-reglement-ue-2016-79-rgdp\/comment-delivery-tech-utilise-vos-informations\/\" title=\"\">Continue Reading<\/a><\/p>\n","protected":false},"author":1,"featured_media":0,"parent":3038,"menu_order":2,"comment_status":"closed","ping_status":"closed","template":"","meta":{"_monsterinsights_skip_tracking":false,"_monsterinsights_sitenote_active":false,"_monsterinsights_sitenote_note":"","_monsterinsights_sitenote_category":0,"footnotes":""},"class_list":["post-3044","page","type-page","status-publish"],"yoast_head":"<!-- This site is optimized with the Yoast SEO plugin v23.5 - https:\/\/yoast.com\/wordpress\/plugins\/seo\/ -->\n<title>Comment Delivery Tech utilise vos informations - SendBlaster logiciel mailing pour email marketing<\/title>\n<meta name=\"description\" content=\"SendBlaster logiciel mailing pour email marketing Comment Delivery Tech utilise vos informations\" \/>\n<meta name=\"robots\" content=\"index, follow, max-snippet:-1, max-image-preview:large, max-video-preview:-1\" \/>\n<link rel=\"canonical\" href=\"https:\/\/www.sendblaster.com\/fr\/politique-de-confidentialite-reglement-ue-2016-79-rgdp\/comment-delivery-tech-utilise-vos-informations\/\" \/>\n<meta property=\"og:locale\" content=\"fr_FR\" \/>\n<meta property=\"og:type\" content=\"article\" \/>\n<meta property=\"og:title\" content=\"Comment Delivery Tech utilise vos informations - SendBlaster logiciel mailing pour email marketing\" \/>\n<meta property=\"og:description\" content=\"SendBlaster logiciel mailing pour email marketing Comment Delivery Tech utilise vos informations\" \/>\n<meta property=\"og:url\" content=\"https:\/\/www.sendblaster.com\/fr\/politique-de-confidentialite-reglement-ue-2016-79-rgdp\/comment-delivery-tech-utilise-vos-informations\/\" \/>\n<meta property=\"og:site_name\" content=\"SendBlaster logiciel mailing pour email marketing\" \/>\n<meta property=\"og:image\" content=\"https:\/\/www.sendblaster.com\/wp-content\/uploads\/2018\/05\/GDPR-intro-1.png\" \/>\n<meta name=\"twitter:card\" content=\"summary_large_image\" \/>\n<meta name=\"twitter:label1\" content=\"Dur\u00e9e de lecture estim\u00e9e\" \/>\n\t<meta name=\"twitter:data1\" content=\"7 minutes\" \/>\n<script type=\"application\/ld+json\" class=\"yoast-schema-graph\">{\"@context\":\"https:\/\/schema.org\",\"@graph\":[{\"@type\":\"WebPage\",\"@id\":\"https:\/\/www.sendblaster.com\/fr\/politique-de-confidentialite-reglement-ue-2016-79-rgdp\/comment-delivery-tech-utilise-vos-informations\/\",\"url\":\"https:\/\/www.sendblaster.com\/fr\/politique-de-confidentialite-reglement-ue-2016-79-rgdp\/comment-delivery-tech-utilise-vos-informations\/\",\"name\":\"Comment Delivery Tech utilise vos informations - SendBlaster logiciel mailing pour email marketing\",\"isPartOf\":{\"@id\":\"https:\/\/www.sendblaster.com\/#website\"},\"primaryImageOfPage\":{\"@id\":\"https:\/\/www.sendblaster.com\/fr\/politique-de-confidentialite-reglement-ue-2016-79-rgdp\/comment-delivery-tech-utilise-vos-informations\/#primaryimage\"},\"image\":{\"@id\":\"https:\/\/www.sendblaster.com\/fr\/politique-de-confidentialite-reglement-ue-2016-79-rgdp\/comment-delivery-tech-utilise-vos-informations\/#primaryimage\"},\"thumbnailUrl\":\"https:\/\/www.sendblaster.com\/wp-content\/uploads\/2018\/05\/GDPR-intro-1.png\",\"datePublished\":\"2018-06-05T07:15:36+00:00\",\"dateModified\":\"2018-06-05T07:15:36+00:00\",\"description\":\"SendBlaster logiciel mailing pour email marketing Comment Delivery Tech utilise vos informations\",\"breadcrumb\":{\"@id\":\"https:\/\/www.sendblaster.com\/fr\/politique-de-confidentialite-reglement-ue-2016-79-rgdp\/comment-delivery-tech-utilise-vos-informations\/#breadcrumb\"},\"inLanguage\":\"fr-FR\",\"potentialAction\":[{\"@type\":\"ReadAction\",\"target\":[\"https:\/\/www.sendblaster.com\/fr\/politique-de-confidentialite-reglement-ue-2016-79-rgdp\/comment-delivery-tech-utilise-vos-informations\/\"]}]},{\"@type\":\"ImageObject\",\"inLanguage\":\"fr-FR\",\"@id\":\"https:\/\/www.sendblaster.com\/fr\/politique-de-confidentialite-reglement-ue-2016-79-rgdp\/comment-delivery-tech-utilise-vos-informations\/#primaryimage\",\"url\":\"https:\/\/www.sendblaster.com\/wp-content\/uploads\/2018\/05\/GDPR-intro-1.png\",\"contentUrl\":\"https:\/\/www.sendblaster.com\/wp-content\/uploads\/2018\/05\/GDPR-intro-1.png\"},{\"@type\":\"BreadcrumbList\",\"@id\":\"https:\/\/www.sendblaster.com\/fr\/politique-de-confidentialite-reglement-ue-2016-79-rgdp\/comment-delivery-tech-utilise-vos-informations\/#breadcrumb\",\"itemListElement\":[{\"@type\":\"ListItem\",\"position\":1,\"name\":\"Home\",\"item\":\"https:\/\/www.sendblaster.com\/\"},{\"@type\":\"ListItem\",\"position\":2,\"name\":\"RGPD &#8211; Introduction et objectifs\",\"item\":\"https:\/\/www.sendblaster.com\/fr\/politique-de-confidentialite-reglement-ue-2016-79-rgdp\/\"},{\"@type\":\"ListItem\",\"position\":3,\"name\":\"Comment Delivery Tech utilise vos informations\"}]},{\"@type\":\"WebSite\",\"@id\":\"https:\/\/www.sendblaster.com\/#website\",\"url\":\"https:\/\/www.sendblaster.com\/\",\"name\":\"SendBlaster logiciel mailing pour email marketing\",\"description\":\"\",\"publisher\":{\"@id\":\"https:\/\/www.sendblaster.com\/#organization\"},\"potentialAction\":[{\"@type\":\"SearchAction\",\"target\":{\"@type\":\"EntryPoint\",\"urlTemplate\":\"https:\/\/www.sendblaster.com\/?s={search_term_string}\"},\"query-input\":{\"@type\":\"PropertyValueSpecification\",\"valueRequired\":true,\"valueName\":\"search_term_string\"}}],\"inLanguage\":\"fr-FR\"},{\"@type\":\"Organization\",\"@id\":\"https:\/\/www.sendblaster.com\/#organization\",\"name\":\"SendBlaster logiciel mailing pour email marketing\",\"url\":\"https:\/\/www.sendblaster.com\/\",\"logo\":{\"@type\":\"ImageObject\",\"inLanguage\":\"fr-FR\",\"@id\":\"https:\/\/www.sendblaster.com\/#\/schema\/logo\/image\/\",\"url\":\"https:\/\/www.sendblaster.com\/wp-content\/uploads\/2021\/09\/logo-svg-2021.svg\",\"contentUrl\":\"https:\/\/www.sendblaster.com\/wp-content\/uploads\/2021\/09\/logo-svg-2021.svg\",\"width\":350,\"height\":70,\"caption\":\"SendBlaster logiciel mailing pour email marketing\"},\"image\":{\"@id\":\"https:\/\/www.sendblaster.com\/#\/schema\/logo\/image\/\"}}]}<\/script>\n<!-- \/ Yoast SEO plugin. -->","yoast_head_json":{"title":"Comment Delivery Tech utilise vos informations - SendBlaster logiciel mailing pour email marketing","description":"SendBlaster logiciel mailing pour email marketing Comment Delivery Tech utilise vos informations","robots":{"index":"index","follow":"follow","max-snippet":"max-snippet:-1","max-image-preview":"max-image-preview:large","max-video-preview":"max-video-preview:-1"},"canonical":"https:\/\/www.sendblaster.com\/fr\/politique-de-confidentialite-reglement-ue-2016-79-rgdp\/comment-delivery-tech-utilise-vos-informations\/","og_locale":"fr_FR","og_type":"article","og_title":"Comment Delivery Tech utilise vos informations - SendBlaster logiciel mailing pour email marketing","og_description":"SendBlaster logiciel mailing pour email marketing Comment Delivery Tech utilise vos informations","og_url":"https:\/\/www.sendblaster.com\/fr\/politique-de-confidentialite-reglement-ue-2016-79-rgdp\/comment-delivery-tech-utilise-vos-informations\/","og_site_name":"SendBlaster logiciel mailing pour email marketing","og_image":[{"url":"https:\/\/www.sendblaster.com\/wp-content\/uploads\/2018\/05\/GDPR-intro-1.png"}],"twitter_card":"summary_large_image","twitter_misc":{"Dur\u00e9e de lecture estim\u00e9e":"7 minutes"},"schema":{"@context":"https:\/\/schema.org","@graph":[{"@type":"WebPage","@id":"https:\/\/www.sendblaster.com\/fr\/politique-de-confidentialite-reglement-ue-2016-79-rgdp\/comment-delivery-tech-utilise-vos-informations\/","url":"https:\/\/www.sendblaster.com\/fr\/politique-de-confidentialite-reglement-ue-2016-79-rgdp\/comment-delivery-tech-utilise-vos-informations\/","name":"Comment Delivery Tech utilise vos informations - SendBlaster logiciel mailing pour email marketing","isPartOf":{"@id":"https:\/\/www.sendblaster.com\/#website"},"primaryImageOfPage":{"@id":"https:\/\/www.sendblaster.com\/fr\/politique-de-confidentialite-reglement-ue-2016-79-rgdp\/comment-delivery-tech-utilise-vos-informations\/#primaryimage"},"image":{"@id":"https:\/\/www.sendblaster.com\/fr\/politique-de-confidentialite-reglement-ue-2016-79-rgdp\/comment-delivery-tech-utilise-vos-informations\/#primaryimage"},"thumbnailUrl":"https:\/\/www.sendblaster.com\/wp-content\/uploads\/2018\/05\/GDPR-intro-1.png","datePublished":"2018-06-05T07:15:36+00:00","dateModified":"2018-06-05T07:15:36+00:00","description":"SendBlaster logiciel mailing pour email marketing Comment Delivery Tech utilise vos informations","breadcrumb":{"@id":"https:\/\/www.sendblaster.com\/fr\/politique-de-confidentialite-reglement-ue-2016-79-rgdp\/comment-delivery-tech-utilise-vos-informations\/#breadcrumb"},"inLanguage":"fr-FR","potentialAction":[{"@type":"ReadAction","target":["https:\/\/www.sendblaster.com\/fr\/politique-de-confidentialite-reglement-ue-2016-79-rgdp\/comment-delivery-tech-utilise-vos-informations\/"]}]},{"@type":"ImageObject","inLanguage":"fr-FR","@id":"https:\/\/www.sendblaster.com\/fr\/politique-de-confidentialite-reglement-ue-2016-79-rgdp\/comment-delivery-tech-utilise-vos-informations\/#primaryimage","url":"https:\/\/www.sendblaster.com\/wp-content\/uploads\/2018\/05\/GDPR-intro-1.png","contentUrl":"https:\/\/www.sendblaster.com\/wp-content\/uploads\/2018\/05\/GDPR-intro-1.png"},{"@type":"BreadcrumbList","@id":"https:\/\/www.sendblaster.com\/fr\/politique-de-confidentialite-reglement-ue-2016-79-rgdp\/comment-delivery-tech-utilise-vos-informations\/#breadcrumb","itemListElement":[{"@type":"ListItem","position":1,"name":"Home","item":"https:\/\/www.sendblaster.com\/"},{"@type":"ListItem","position":2,"name":"RGPD &#8211; Introduction et objectifs","item":"https:\/\/www.sendblaster.com\/fr\/politique-de-confidentialite-reglement-ue-2016-79-rgdp\/"},{"@type":"ListItem","position":3,"name":"Comment Delivery Tech utilise vos informations"}]},{"@type":"WebSite","@id":"https:\/\/www.sendblaster.com\/#website","url":"https:\/\/www.sendblaster.com\/","name":"SendBlaster logiciel mailing pour email marketing","description":"","publisher":{"@id":"https:\/\/www.sendblaster.com\/#organization"},"potentialAction":[{"@type":"SearchAction","target":{"@type":"EntryPoint","urlTemplate":"https:\/\/www.sendblaster.com\/?s={search_term_string}"},"query-input":{"@type":"PropertyValueSpecification","valueRequired":true,"valueName":"search_term_string"}}],"inLanguage":"fr-FR"},{"@type":"Organization","@id":"https:\/\/www.sendblaster.com\/#organization","name":"SendBlaster logiciel mailing pour email marketing","url":"https:\/\/www.sendblaster.com\/","logo":{"@type":"ImageObject","inLanguage":"fr-FR","@id":"https:\/\/www.sendblaster.com\/#\/schema\/logo\/image\/","url":"https:\/\/www.sendblaster.com\/wp-content\/uploads\/2021\/09\/logo-svg-2021.svg","contentUrl":"https:\/\/www.sendblaster.com\/wp-content\/uploads\/2021\/09\/logo-svg-2021.svg","width":350,"height":70,"caption":"SendBlaster logiciel mailing pour email marketing"},"image":{"@id":"https:\/\/www.sendblaster.com\/#\/schema\/logo\/image\/"}}]}},"_links":{"self":[{"href":"https:\/\/www.sendblaster.com\/fr\/wp-json\/wp\/v2\/pages\/3044"}],"collection":[{"href":"https:\/\/www.sendblaster.com\/fr\/wp-json\/wp\/v2\/pages"}],"about":[{"href":"https:\/\/www.sendblaster.com\/fr\/wp-json\/wp\/v2\/types\/page"}],"author":[{"embeddable":true,"href":"https:\/\/www.sendblaster.com\/fr\/wp-json\/wp\/v2\/users\/1"}],"replies":[{"embeddable":true,"href":"https:\/\/www.sendblaster.com\/fr\/wp-json\/wp\/v2\/comments?post=3044"}],"version-history":[{"count":1,"href":"https:\/\/www.sendblaster.com\/fr\/wp-json\/wp\/v2\/pages\/3044\/revisions"}],"predecessor-version":[{"id":3045,"href":"https:\/\/www.sendblaster.com\/fr\/wp-json\/wp\/v2\/pages\/3044\/revisions\/3045"}],"up":[{"embeddable":true,"href":"https:\/\/www.sendblaster.com\/fr\/wp-json\/wp\/v2\/pages\/3038"}],"wp:attachment":[{"href":"https:\/\/www.sendblaster.com\/fr\/wp-json\/wp\/v2\/media?parent=3044"}],"curies":[{"name":"wp","href":"https:\/\/api.w.org\/{rel}","templated":true}]}}