{"id":3040,"date":"2018-06-05T07:12:41","date_gmt":"2018-06-05T07:12:41","guid":{"rendered":"https:\/\/www.sendblaster.com\/wpnew-2018\/?page_id=3040"},"modified":"2018-06-05T07:12:41","modified_gmt":"2018-06-05T07:12:41","slug":"information-de-base","status":"publish","type":"page","link":"https:\/\/www.sendblaster.com\/fr\/politique-de-confidentialite-reglement-ue-2016-79-rgdp\/information-de-base\/","title":{"rendered":"Information de base"},"content":{"rendered":"<p><img decoding=\"async\" class=\"alignnone size-full wp-image-6765\" src=\"https:\/\/www.sendblaster.com\/wp-content\/uploads\/2018\/05\/gdpr-base-1.png\" alt=\"\" width=\"1280\" height=\"700\" \/><\/p>\n<ul class=\"g1-grid\"><li class=\"g1-column g1-one-fourth g1-valign-top\">\n<h4>Qui sommes-nous ?<\/h4>\n<\/li><!-- -->\n<li class=\"g1-column g1-three-fourth g1-valign-top\">\n<p>Delivery Tech est une soci\u00e9t\u00e9 bas\u00e9e aux \u00c9tats-Unis et op\u00e9rant depuis la Californie.<br \/>\nNotre soci\u00e9t\u00e9 offrant des services dans le monde entier, nous avons d\u00e9sign\u00e9 eDisplay Srl comme notre repr\u00e9sentant europ\u00e9en. eDisplay Srl est responsable de la coop\u00e9ration avec l&rsquo;autorit\u00e9 de protection de la vie priv\u00e9e et de la gestion de la client\u00e8le europ\u00e9enne. Vous trouverez un certain nombre de r\u00e9f\u00e9rences \u00e0 eDisplay Srl sur nos sites.<\/p>\n\n<ul id=\"\" class=\"g1-list g1-list--icon g1-list--simple \">\n<li><i class=\"fa fa-arrow-circle-right g1-list__icon\"><\/i><strong>Delivery Tech Corp., 4411 Morena Blvd #105, San Diego, CA 92117<\/strong><\/li>\n<li><i class=\"fa fa-arrow-circle-right g1-list__icon\"><\/i><strong>eDisplay Srl, Viale del lavoro 53, 08023, Fonni (NU)<\/strong><\/li>\n<\/ul>\n\n<\/li><!-- --><\/ul>\n<div  class=\"g1-divider g1-divider--none g1-divider--noicon \"><\/div>\n<ul class=\"g1-grid\"><li class=\"g1-column g1-one-fourth g1-valign-top\">\n<h4>\u00c9tendue de la r\u00e9glementation de l&rsquo;UE en mati\u00e8re de protection de la vie priv\u00e9e et de s\u00e9curit\u00e9 &#8211; Exigences europ\u00e9ennes<\/h4>\n<\/li><!-- -->\n<li class=\"g1-column g1-three-fourth g1-valign-top\">\n<p>La soci\u00e9t\u00e9 Delivery Tech \u00e9tant situ\u00e9e en Californie, notre soci\u00e9t\u00e9 est \u00e9galement soumise \u00e0 la l\u00e9gislation am\u00e9ricaine en mati\u00e8re de s\u00e9curit\u00e9 et de confidentialit\u00e9.<br \/>\n<strong>Le pr\u00e9sent avis ne s&rsquo;applique que si Delivery Tech traite les donn\u00e9es des clients avec des listes de contacts contenant les informations personnelles d&rsquo;entit\u00e9s de l&rsquo;UE. Pour tous les autres clients, les lois sur la confidentialit\u00e9 du pays dans lequel les donn\u00e9es sont collect\u00e9es s&rsquo;appliquent<\/strong><br \/>\nNous sommes toujours tr\u00e8s attentifs \u00e0 la confidentialit\u00e9 et \u00e0 la s\u00e9curit\u00e9 de nos clients partout dans le monde, nous avons donc pris des mesures pour assurer le service le plus s\u00fbr et le plus transparent possible. Cela inclut l&rsquo;extension de notre politique de confidentialit\u00e9 pour respecter le r\u00e8glement de l&rsquo;UE 2016\/79 entr\u00e9 en vigueur le 25 mai.<br \/>\nEn utilisant nos sites Web et nos services, vous comprenez et consentez \u00e0 la collecte, le stockage, le traitement et le transfert de vos informations \u00e0 nos installations aux \u00c9tats-Unis ainsi qu&rsquo;\u00e0 des tiers. Ces tiers peuvent utiliser ces donn\u00e9es selon les termes et m\u00e9thodes d\u00e9crits dans la pr\u00e9sente d\u00e9claration.<br \/>\nAfin de prot\u00e9ger les donn\u00e9es des citoyens europ\u00e9ens entr\u00e9es dans nos syst\u00e8mes par nos utilisateurs, nous appliquons un mod\u00e8le d&rsquo;Accord de confidentialit\u00e9 des donn\u00e9es (DPA). Nous indiquons les m\u00e9thodes de traitement, de coop\u00e9ration et les conditions de service que nous avons adopt\u00e9es.<br \/>\nLes utilisateurs enregistr\u00e9s dans l&rsquo;UE (qu&rsquo;ils soient abonn\u00e9s ou utilisateurs de versions gratuites) qui utilisent Delivery Tech \u00e0 des fins commerciales doivent adh\u00e9rer \u00e0 notre DPA pour continuer \u00e0 utiliser nos applications.<\/p>\n<\/li><!-- --><\/ul>\n<div  class=\"g1-divider g1-divider--none g1-divider--noicon \"><\/div>\n<ul class=\"g1-grid\"><li class=\"g1-column g1-one-fourth g1-valign-top\">\n<h4>Contr\u00f4leur de donn\u00e9es<\/h4>\n<\/li><!-- -->\n<li class=\"g1-column g1-three-fourth g1-valign-top\">\n<p><strong>Chez Delivery Tech Corp., nous agissons \u00e9galement en tant que contr\u00f4leurs de donn\u00e9es, mais uniquement lorsque nous collectons vos donn\u00e9es personnelles pour notre propre usage dans le cadre de la prestation des services que vous avez achet\u00e9s. \u00c0 cet instant, nous \u00e9tablissons une relation directe entre vous et nous.<\/strong><br \/>\nEn tant que contr\u00f4leurs de donn\u00e9es, nous garantissons le respect des r\u00e8gles relatives \u00e0 la protection des donn\u00e9es personnelles. Nous fournissons toutes les informations utiles sur le traitement des donn\u00e9es, qu&rsquo;elles soient communiqu\u00e9es directement ou volontairement, ainsi que toute information recueillie par le syst\u00e8me lors de la navigation sur le site et de l&rsquo;utilisation de nos services.<br \/>\nPlus sp\u00e9cifiquement, le responsable du traitement des donn\u00e9es de Delivery Tech Corp. est son administrateur pro-tempore, assist\u00e9 du D\u00e9l\u00e9gu\u00e9 \u00e0 la protection des donn\u00e9es (DPD), qui garantit le respect des r\u00e8gles impos\u00e9es par le RGPD.<br \/>\nVous pouvez contacter notre responsable du traitement des donn\u00e9es via cette adresse email: <a href=\"mailto:privacy@edisplay.it\" target=\"_blank\" rel=\"noopener\">privacy@edisplay.it<\/a>.<\/p>\n<\/li><!-- --><\/ul>\n<div  class=\"g1-divider g1-divider--none g1-divider--noicon \"><\/div>\n<ul class=\"g1-grid\"><li class=\"g1-column g1-one-fourth g1-valign-top\">\n<h4>Responsable du traitement de donn\u00e9es<\/h4>\n<\/li><!-- -->\n<li class=\"g1-column g1-three-fourth g1-valign-top\">\n<p>Lorsque vous utilisez nos services, vous pouvez importer des donn\u00e9es dans votre syst\u00e8me avec les informations personnelles que vous avez recueillies aupr\u00e8s de vos abonn\u00e9s ou d&rsquo;autres personnes. Dans ce cas, parce que nous n&rsquo;avons aucune relation directe avec vos membres ou avec quelqu&rsquo;un d&rsquo;autre que vous, vous devenez le responsable du traitement des donn\u00e9es. Il vous appartiendra de vous assurer que vous avez l&rsquo;autorisation appropri\u00e9e pour recueillir et traiter les renseignements relatifs aux divers sujets.<br \/>\nD&rsquo;une mani\u00e8re compatible avec l&rsquo;utilisation des donn\u00e9es personnelles trait\u00e9es, vous concluez un Accord de politique de donn\u00e9es (DPA) avec Delivery Tech en tant que fournisseur de services pour vos abonn\u00e9s par le biais de nos plateformes. Cet accord sert \u00e0 assurer l&rsquo;utilisation correcte des donn\u00e9es avec les garanties appropri\u00e9es que nous vous fournissons en tant que responsable du traitement des donn\u00e9es.<br \/>\nDans ce cas, nous conserverons les donn\u00e9es personnelles, trait\u00e9es pour le compte de nos utilisateurs, aussi longtemps que n\u00e9cessaire afin de :<\/p>\n\n<ul id=\"\" class=\"g1-list g1-list--upper-alpha g1-list--none \">\n<li>fournir nos services;<\/li>\n<li>remplir nos obligations l\u00e9gales;<\/li>\n<li>r\u00e9soudre les litiges;<\/li>\n<li>pr\u00e9venir les abus;<\/li>\n<li>appliquer nos accords.<\/li>\n<\/ul>\n\n<\/li><!-- --><\/ul>\n<div  class=\"g1-divider g1-divider--none g1-divider--noicon \"><\/div>\n<ul class=\"g1-grid\"><li class=\"g1-column g1-one-fourth g1-valign-top\">\n<h4>Repr\u00e9sentant de l&rsquo;UE du responsable du traitement des donn\u00e9es<\/h4>\n<\/li><!-- -->\n<li class=\"g1-column g1-three-fourth g1-valign-top\">\n<p>Dans le cas sp\u00e9cifique o\u00f9, chez Delivery Tech, nous sommes les responsables du traitement des donn\u00e9es d&rsquo;un citoyen europ\u00e9en, nous d\u00e9signons un repr\u00e9sentant de l&rsquo;UE pour agir au nom de Delivery Tech pendant les phases de coop\u00e9ration avec les autorit\u00e9s de contr\u00f4le.<br \/>\nLe repr\u00e9sentant UE de Delivery Tech Corp est eDisplay Srl. Puisque notre si\u00e8ge social est en Californie et que nous op\u00e9rons \u00e0 partir des \u00c9tats-Unis, cette t\u00e2che est essentielle et nous permet de vous offrir le meilleur soutien.<br \/>\nPour les clients europ\u00e9ens, eDisplay Srl \u00e9mettra \u00e9galement la facturation et r\u00e9duira au minimum le transfert de donn\u00e9es \u00e0 destination et en provenance des \u00c9tats-Unis.<\/p>\n<\/li><!-- --><\/ul>\n<div  class=\"g1-divider g1-divider--none g1-divider--noicon \"><\/div>\n<ul class=\"g1-grid\"><li class=\"g1-column g1-one-fourth g1-valign-top\">\n<h4>Bouclier de protection des donn\u00e9es<\/h4>\n<\/li><!-- -->\n<li class=\"g1-column g1-three-fourth g1-valign-top\">\n<p>Delivery Tech est en attente d&rsquo;approbation pour d\u00e9livrer un certificat de conformit\u00e9 dans le cadre du Bouclier de protection des donn\u00e9es UE-\u00c9tats-Unis Nous nous engageons \u00e0 soumettre toutes les informations personnelles re\u00e7ues des \u00c9tats membres de l&rsquo;UE afin qu&rsquo;elles soient appliqu\u00e9es conform\u00e9ment aux principes du Bouclier de protection des donn\u00e9es UE-\u00c9tats-Unis.<br \/>\nPour plus d&rsquo;informations sur le Bouclier de protection des donn\u00e9es, veuillez visiter le site Web \u00ab\u00a0Privacy Shield\u00a0\u00bb du D\u00e9partement du Commerce des \u00c9tats-Unis: <a href=\"https:\/\/www.privacyshield.gov\/welcome\">https:\/\/www.privacyshield.gov\/welcome<\/a><\/p>\n<\/li><!-- --><\/ul>\n","protected":false},"excerpt":{"rendered":"\n<p class=\"read-more-container\"><a class=\"button read-more\" href=\"https:\/\/www.sendblaster.com\/fr\/politique-de-confidentialite-reglement-ue-2016-79-rgdp\/information-de-base\/\" title=\"\">Continue Reading<\/a><\/p>\n","protected":false},"author":1,"featured_media":0,"parent":3038,"menu_order":0,"comment_status":"closed","ping_status":"closed","template":"","meta":{"_monsterinsights_skip_tracking":false,"_monsterinsights_sitenote_active":false,"_monsterinsights_sitenote_note":"","_monsterinsights_sitenote_category":0,"footnotes":""},"class_list":["post-3040","page","type-page","status-publish"],"yoast_head":"<!-- This site is optimized with the Yoast SEO plugin v23.5 - https:\/\/yoast.com\/wordpress\/plugins\/seo\/ -->\n<title>Information de base - SendBlaster logiciel mailing pour email marketing<\/title>\n<meta name=\"description\" content=\"SendBlaster logiciel mailing pour email marketing Information de base\" \/>\n<meta name=\"robots\" content=\"index, follow, max-snippet:-1, max-image-preview:large, max-video-preview:-1\" \/>\n<link rel=\"canonical\" href=\"https:\/\/www.sendblaster.com\/fr\/politique-de-confidentialite-reglement-ue-2016-79-rgdp\/information-de-base\/\" \/>\n<meta property=\"og:locale\" content=\"fr_FR\" \/>\n<meta property=\"og:type\" content=\"article\" \/>\n<meta property=\"og:title\" content=\"Information de base - SendBlaster logiciel mailing pour email marketing\" \/>\n<meta property=\"og:description\" content=\"SendBlaster logiciel mailing pour email marketing Information de base\" \/>\n<meta property=\"og:url\" content=\"https:\/\/www.sendblaster.com\/fr\/politique-de-confidentialite-reglement-ue-2016-79-rgdp\/information-de-base\/\" \/>\n<meta property=\"og:site_name\" content=\"SendBlaster logiciel mailing pour email marketing\" \/>\n<meta property=\"og:image\" content=\"https:\/\/www.sendblaster.com\/wp-content\/uploads\/2018\/05\/gdpr-base-1.png\" \/>\n<meta name=\"twitter:card\" content=\"summary_large_image\" \/>\n<meta name=\"twitter:label1\" content=\"Dur\u00e9e de lecture estim\u00e9e\" \/>\n\t<meta name=\"twitter:data1\" content=\"6 minutes\" \/>\n<script type=\"application\/ld+json\" class=\"yoast-schema-graph\">{\"@context\":\"https:\/\/schema.org\",\"@graph\":[{\"@type\":\"WebPage\",\"@id\":\"https:\/\/www.sendblaster.com\/fr\/politique-de-confidentialite-reglement-ue-2016-79-rgdp\/information-de-base\/\",\"url\":\"https:\/\/www.sendblaster.com\/fr\/politique-de-confidentialite-reglement-ue-2016-79-rgdp\/information-de-base\/\",\"name\":\"Information de base - SendBlaster logiciel mailing pour email marketing\",\"isPartOf\":{\"@id\":\"https:\/\/www.sendblaster.com\/#website\"},\"primaryImageOfPage\":{\"@id\":\"https:\/\/www.sendblaster.com\/fr\/politique-de-confidentialite-reglement-ue-2016-79-rgdp\/information-de-base\/#primaryimage\"},\"image\":{\"@id\":\"https:\/\/www.sendblaster.com\/fr\/politique-de-confidentialite-reglement-ue-2016-79-rgdp\/information-de-base\/#primaryimage\"},\"thumbnailUrl\":\"https:\/\/www.sendblaster.com\/wp-content\/uploads\/2018\/05\/gdpr-base-1.png\",\"datePublished\":\"2018-06-05T07:12:41+00:00\",\"dateModified\":\"2018-06-05T07:12:41+00:00\",\"description\":\"SendBlaster logiciel mailing pour email marketing Information de base\",\"breadcrumb\":{\"@id\":\"https:\/\/www.sendblaster.com\/fr\/politique-de-confidentialite-reglement-ue-2016-79-rgdp\/information-de-base\/#breadcrumb\"},\"inLanguage\":\"fr-FR\",\"potentialAction\":[{\"@type\":\"ReadAction\",\"target\":[\"https:\/\/www.sendblaster.com\/fr\/politique-de-confidentialite-reglement-ue-2016-79-rgdp\/information-de-base\/\"]}]},{\"@type\":\"ImageObject\",\"inLanguage\":\"fr-FR\",\"@id\":\"https:\/\/www.sendblaster.com\/fr\/politique-de-confidentialite-reglement-ue-2016-79-rgdp\/information-de-base\/#primaryimage\",\"url\":\"https:\/\/www.sendblaster.com\/wp-content\/uploads\/2018\/05\/gdpr-base-1.png\",\"contentUrl\":\"https:\/\/www.sendblaster.com\/wp-content\/uploads\/2018\/05\/gdpr-base-1.png\"},{\"@type\":\"BreadcrumbList\",\"@id\":\"https:\/\/www.sendblaster.com\/fr\/politique-de-confidentialite-reglement-ue-2016-79-rgdp\/information-de-base\/#breadcrumb\",\"itemListElement\":[{\"@type\":\"ListItem\",\"position\":1,\"name\":\"Home\",\"item\":\"https:\/\/www.sendblaster.com\/\"},{\"@type\":\"ListItem\",\"position\":2,\"name\":\"RGPD &#8211; Introduction et objectifs\",\"item\":\"https:\/\/www.sendblaster.com\/fr\/politique-de-confidentialite-reglement-ue-2016-79-rgdp\/\"},{\"@type\":\"ListItem\",\"position\":3,\"name\":\"Information de base\"}]},{\"@type\":\"WebSite\",\"@id\":\"https:\/\/www.sendblaster.com\/#website\",\"url\":\"https:\/\/www.sendblaster.com\/\",\"name\":\"SendBlaster logiciel mailing pour email marketing\",\"description\":\"\",\"publisher\":{\"@id\":\"https:\/\/www.sendblaster.com\/#organization\"},\"potentialAction\":[{\"@type\":\"SearchAction\",\"target\":{\"@type\":\"EntryPoint\",\"urlTemplate\":\"https:\/\/www.sendblaster.com\/?s={search_term_string}\"},\"query-input\":{\"@type\":\"PropertyValueSpecification\",\"valueRequired\":true,\"valueName\":\"search_term_string\"}}],\"inLanguage\":\"fr-FR\"},{\"@type\":\"Organization\",\"@id\":\"https:\/\/www.sendblaster.com\/#organization\",\"name\":\"SendBlaster logiciel mailing pour email marketing\",\"url\":\"https:\/\/www.sendblaster.com\/\",\"logo\":{\"@type\":\"ImageObject\",\"inLanguage\":\"fr-FR\",\"@id\":\"https:\/\/www.sendblaster.com\/#\/schema\/logo\/image\/\",\"url\":\"https:\/\/www.sendblaster.com\/wp-content\/uploads\/2021\/09\/logo-svg-2021.svg\",\"contentUrl\":\"https:\/\/www.sendblaster.com\/wp-content\/uploads\/2021\/09\/logo-svg-2021.svg\",\"width\":350,\"height\":70,\"caption\":\"SendBlaster logiciel mailing pour email marketing\"},\"image\":{\"@id\":\"https:\/\/www.sendblaster.com\/#\/schema\/logo\/image\/\"}}]}<\/script>\n<!-- \/ Yoast SEO plugin. -->","yoast_head_json":{"title":"Information de base - SendBlaster logiciel mailing pour email marketing","description":"SendBlaster logiciel mailing pour email marketing Information de base","robots":{"index":"index","follow":"follow","max-snippet":"max-snippet:-1","max-image-preview":"max-image-preview:large","max-video-preview":"max-video-preview:-1"},"canonical":"https:\/\/www.sendblaster.com\/fr\/politique-de-confidentialite-reglement-ue-2016-79-rgdp\/information-de-base\/","og_locale":"fr_FR","og_type":"article","og_title":"Information de base - SendBlaster logiciel mailing pour email marketing","og_description":"SendBlaster logiciel mailing pour email marketing Information de base","og_url":"https:\/\/www.sendblaster.com\/fr\/politique-de-confidentialite-reglement-ue-2016-79-rgdp\/information-de-base\/","og_site_name":"SendBlaster logiciel mailing pour email marketing","og_image":[{"url":"https:\/\/www.sendblaster.com\/wp-content\/uploads\/2018\/05\/gdpr-base-1.png"}],"twitter_card":"summary_large_image","twitter_misc":{"Dur\u00e9e de lecture estim\u00e9e":"6 minutes"},"schema":{"@context":"https:\/\/schema.org","@graph":[{"@type":"WebPage","@id":"https:\/\/www.sendblaster.com\/fr\/politique-de-confidentialite-reglement-ue-2016-79-rgdp\/information-de-base\/","url":"https:\/\/www.sendblaster.com\/fr\/politique-de-confidentialite-reglement-ue-2016-79-rgdp\/information-de-base\/","name":"Information de base - SendBlaster logiciel mailing pour email marketing","isPartOf":{"@id":"https:\/\/www.sendblaster.com\/#website"},"primaryImageOfPage":{"@id":"https:\/\/www.sendblaster.com\/fr\/politique-de-confidentialite-reglement-ue-2016-79-rgdp\/information-de-base\/#primaryimage"},"image":{"@id":"https:\/\/www.sendblaster.com\/fr\/politique-de-confidentialite-reglement-ue-2016-79-rgdp\/information-de-base\/#primaryimage"},"thumbnailUrl":"https:\/\/www.sendblaster.com\/wp-content\/uploads\/2018\/05\/gdpr-base-1.png","datePublished":"2018-06-05T07:12:41+00:00","dateModified":"2018-06-05T07:12:41+00:00","description":"SendBlaster logiciel mailing pour email marketing Information de base","breadcrumb":{"@id":"https:\/\/www.sendblaster.com\/fr\/politique-de-confidentialite-reglement-ue-2016-79-rgdp\/information-de-base\/#breadcrumb"},"inLanguage":"fr-FR","potentialAction":[{"@type":"ReadAction","target":["https:\/\/www.sendblaster.com\/fr\/politique-de-confidentialite-reglement-ue-2016-79-rgdp\/information-de-base\/"]}]},{"@type":"ImageObject","inLanguage":"fr-FR","@id":"https:\/\/www.sendblaster.com\/fr\/politique-de-confidentialite-reglement-ue-2016-79-rgdp\/information-de-base\/#primaryimage","url":"https:\/\/www.sendblaster.com\/wp-content\/uploads\/2018\/05\/gdpr-base-1.png","contentUrl":"https:\/\/www.sendblaster.com\/wp-content\/uploads\/2018\/05\/gdpr-base-1.png"},{"@type":"BreadcrumbList","@id":"https:\/\/www.sendblaster.com\/fr\/politique-de-confidentialite-reglement-ue-2016-79-rgdp\/information-de-base\/#breadcrumb","itemListElement":[{"@type":"ListItem","position":1,"name":"Home","item":"https:\/\/www.sendblaster.com\/"},{"@type":"ListItem","position":2,"name":"RGPD &#8211; Introduction et objectifs","item":"https:\/\/www.sendblaster.com\/fr\/politique-de-confidentialite-reglement-ue-2016-79-rgdp\/"},{"@type":"ListItem","position":3,"name":"Information de base"}]},{"@type":"WebSite","@id":"https:\/\/www.sendblaster.com\/#website","url":"https:\/\/www.sendblaster.com\/","name":"SendBlaster logiciel mailing pour email marketing","description":"","publisher":{"@id":"https:\/\/www.sendblaster.com\/#organization"},"potentialAction":[{"@type":"SearchAction","target":{"@type":"EntryPoint","urlTemplate":"https:\/\/www.sendblaster.com\/?s={search_term_string}"},"query-input":{"@type":"PropertyValueSpecification","valueRequired":true,"valueName":"search_term_string"}}],"inLanguage":"fr-FR"},{"@type":"Organization","@id":"https:\/\/www.sendblaster.com\/#organization","name":"SendBlaster logiciel mailing pour email marketing","url":"https:\/\/www.sendblaster.com\/","logo":{"@type":"ImageObject","inLanguage":"fr-FR","@id":"https:\/\/www.sendblaster.com\/#\/schema\/logo\/image\/","url":"https:\/\/www.sendblaster.com\/wp-content\/uploads\/2021\/09\/logo-svg-2021.svg","contentUrl":"https:\/\/www.sendblaster.com\/wp-content\/uploads\/2021\/09\/logo-svg-2021.svg","width":350,"height":70,"caption":"SendBlaster logiciel mailing pour email marketing"},"image":{"@id":"https:\/\/www.sendblaster.com\/#\/schema\/logo\/image\/"}}]}},"_links":{"self":[{"href":"https:\/\/www.sendblaster.com\/fr\/wp-json\/wp\/v2\/pages\/3040"}],"collection":[{"href":"https:\/\/www.sendblaster.com\/fr\/wp-json\/wp\/v2\/pages"}],"about":[{"href":"https:\/\/www.sendblaster.com\/fr\/wp-json\/wp\/v2\/types\/page"}],"author":[{"embeddable":true,"href":"https:\/\/www.sendblaster.com\/fr\/wp-json\/wp\/v2\/users\/1"}],"replies":[{"embeddable":true,"href":"https:\/\/www.sendblaster.com\/fr\/wp-json\/wp\/v2\/comments?post=3040"}],"version-history":[{"count":1,"href":"https:\/\/www.sendblaster.com\/fr\/wp-json\/wp\/v2\/pages\/3040\/revisions"}],"predecessor-version":[{"id":3041,"href":"https:\/\/www.sendblaster.com\/fr\/wp-json\/wp\/v2\/pages\/3040\/revisions\/3041"}],"up":[{"embeddable":true,"href":"https:\/\/www.sendblaster.com\/fr\/wp-json\/wp\/v2\/pages\/3038"}],"wp:attachment":[{"href":"https:\/\/www.sendblaster.com\/fr\/wp-json\/wp\/v2\/media?parent=3040"}],"curies":[{"name":"wp","href":"https:\/\/api.w.org\/{rel}","templated":true}]}}