{"id":3038,"date":"2018-06-05T07:11:28","date_gmt":"2018-06-05T07:11:28","guid":{"rendered":"https:\/\/www.sendblaster.com\/wpnew-2018\/?page_id=3038"},"modified":"2018-06-05T07:11:28","modified_gmt":"2018-06-05T07:11:28","slug":"politique-de-confidentialite-reglement-ue-2016-79-rgdp","status":"publish","type":"page","link":"https:\/\/www.sendblaster.com\/fr\/politique-de-confidentialite-reglement-ue-2016-79-rgdp\/","title":{"rendered":"RGPD &#8211; Introduction et objectifs"},"content":{"rendered":"<p><img decoding=\"async\" class=\"alignnone size-full wp-image-6761\" src=\"https:\/\/www.sendblaster.com\/wp-content\/uploads\/2018\/05\/gdpr-intro-2-1.png\" alt=\"\" width=\"1280\" height=\"700\" \/><\/p>\n<p>Nous avons r\u00e9dig\u00e9 ce document pour vous aider \u00e0 comprendre nos politiques de confidentialit\u00e9. Pour rendre cela aussi facile que possible, nous utilisons un langage clair et une structure simple.<\/p>\n<p>Avec l&rsquo;entr\u00e9e en vigueur du r\u00e8glement g\u00e9n\u00e9ral sur la protection des donn\u00e9es (UE 2016\/679), nous apportons un certain nombre d&rsquo;am\u00e9liorations \u00e0 l&rsquo;utilisation  de Delivery Tech. Bien que bon nombre de ces r\u00e8gles ne s&rsquo;appliquent qu&rsquo;aux utilisateurs de l&rsquo;Union europ\u00e9enne (UE), les changements toucheront tous les utilisateurs.<\/p>\n<p>Vous apprendrez dans ce document quelles donn\u00e9es nous collectons, pour quelle raison, pendant combien de temps et o\u00f9 nous conservons ces informations. Notre but est d&rsquo;expliquer simplement comment mettre \u00e0 jour, g\u00e9rer, exporter et supprimer vos donn\u00e9es.<\/p>\n<p>Comme l&rsquo;exige express\u00e9ment le RGPD, lorsque vous avez recours \u00e0 nos services, vous pouvez exercer vos droits \u00e0 tout moment et en toute transparence. Nous vous invitons \u00e0 lire attentivement les instructions suivantes et \u00e0 porter une attention particuli\u00e8re aux domaines qui vous int\u00e9ressent le plus. <\/p>\n","protected":false},"excerpt":{"rendered":"<p>Nous avons r\u00e9dig\u00e9 ce document pour vous aider \u00e0 comprendre nos politiques de confidentialit\u00e9. Pour rendre cela aussi facile que possible, nous utilisons un langage clair et une structure simple. Avec l&rsquo;entr\u00e9e en vigueur du r\u00e8glement g\u00e9n\u00e9ral sur la protection <\/p>\n<p class=\"read-more-container\"><a class=\"button read-more\" href=\"https:\/\/www.sendblaster.com\/fr\/politique-de-confidentialite-reglement-ue-2016-79-rgdp\/\" title=\"\">Continue Reading<\/a><\/p>\n","protected":false},"author":1,"featured_media":0,"parent":0,"menu_order":0,"comment_status":"closed","ping_status":"closed","template":"","meta":{"_monsterinsights_skip_tracking":false,"_monsterinsights_sitenote_active":false,"_monsterinsights_sitenote_note":"","_monsterinsights_sitenote_category":0,"footnotes":""},"class_list":["post-3038","page","type-page","status-publish"],"yoast_head":"<!-- This site is optimized with the Yoast SEO plugin v23.5 - https:\/\/yoast.com\/wordpress\/plugins\/seo\/ -->\n<title>RGPD - Introduction et objectifs - SendBlaster logiciel mailing pour email marketing<\/title>\n<meta name=\"description\" content=\"SendBlaster logiciel mailing pour email marketing RGPD - Introduction et objectifs Nous avons r\u00e9dig\u00e9 ce document pour vous aider \u00e0 comprendre nos politiques de confidentialit\u00e9. Pour rendre cela aussi facile que possible, nous utilisons\" \/>\n<meta name=\"robots\" content=\"index, follow, max-snippet:-1, max-image-preview:large, max-video-preview:-1\" \/>\n<link rel=\"canonical\" href=\"https:\/\/www.sendblaster.com\/fr\/politique-de-confidentialite-reglement-ue-2016-79-rgdp\/\" \/>\n<meta property=\"og:locale\" content=\"fr_FR\" \/>\n<meta property=\"og:type\" content=\"article\" \/>\n<meta property=\"og:title\" content=\"RGPD - Introduction et objectifs - SendBlaster logiciel mailing pour email marketing\" \/>\n<meta property=\"og:description\" content=\"SendBlaster logiciel mailing pour email marketing RGPD - Introduction et objectifs Nous avons r\u00e9dig\u00e9 ce document pour vous aider \u00e0 comprendre nos politiques de confidentialit\u00e9. Pour rendre cela aussi facile que possible, nous utilisons\" \/>\n<meta property=\"og:url\" content=\"https:\/\/www.sendblaster.com\/fr\/politique-de-confidentialite-reglement-ue-2016-79-rgdp\/\" \/>\n<meta property=\"og:site_name\" content=\"SendBlaster logiciel mailing pour email marketing\" \/>\n<meta property=\"og:image\" content=\"https:\/\/www.sendblaster.com\/wp-content\/uploads\/2018\/05\/gdpr-intro-2-1.png\" \/>\n<meta name=\"twitter:card\" content=\"summary_large_image\" \/>\n<meta name=\"twitter:label1\" content=\"Dur\u00e9e de lecture estim\u00e9e\" \/>\n\t<meta name=\"twitter:data1\" content=\"1 minute\" \/>\n<script type=\"application\/ld+json\" class=\"yoast-schema-graph\">{\"@context\":\"https:\/\/schema.org\",\"@graph\":[{\"@type\":\"WebPage\",\"@id\":\"https:\/\/www.sendblaster.com\/fr\/politique-de-confidentialite-reglement-ue-2016-79-rgdp\/\",\"url\":\"https:\/\/www.sendblaster.com\/fr\/politique-de-confidentialite-reglement-ue-2016-79-rgdp\/\",\"name\":\"RGPD - Introduction et objectifs - SendBlaster logiciel mailing pour email marketing\",\"isPartOf\":{\"@id\":\"https:\/\/www.sendblaster.com\/#website\"},\"primaryImageOfPage\":{\"@id\":\"https:\/\/www.sendblaster.com\/fr\/politique-de-confidentialite-reglement-ue-2016-79-rgdp\/#primaryimage\"},\"image\":{\"@id\":\"https:\/\/www.sendblaster.com\/fr\/politique-de-confidentialite-reglement-ue-2016-79-rgdp\/#primaryimage\"},\"thumbnailUrl\":\"https:\/\/www.sendblaster.com\/wp-content\/uploads\/2018\/05\/gdpr-intro-2-1.png\",\"datePublished\":\"2018-06-05T07:11:28+00:00\",\"dateModified\":\"2018-06-05T07:11:28+00:00\",\"description\":\"SendBlaster logiciel mailing pour email marketing RGPD - Introduction et objectifs Nous avons r\u00e9dig\u00e9 ce document pour vous aider \u00e0 comprendre nos politiques de confidentialit\u00e9. Pour rendre cela aussi facile que possible, nous utilisons\",\"breadcrumb\":{\"@id\":\"https:\/\/www.sendblaster.com\/fr\/politique-de-confidentialite-reglement-ue-2016-79-rgdp\/#breadcrumb\"},\"inLanguage\":\"fr-FR\",\"potentialAction\":[{\"@type\":\"ReadAction\",\"target\":[\"https:\/\/www.sendblaster.com\/fr\/politique-de-confidentialite-reglement-ue-2016-79-rgdp\/\"]}]},{\"@type\":\"ImageObject\",\"inLanguage\":\"fr-FR\",\"@id\":\"https:\/\/www.sendblaster.com\/fr\/politique-de-confidentialite-reglement-ue-2016-79-rgdp\/#primaryimage\",\"url\":\"https:\/\/www.sendblaster.com\/wp-content\/uploads\/2018\/05\/gdpr-intro-2-1.png\",\"contentUrl\":\"https:\/\/www.sendblaster.com\/wp-content\/uploads\/2018\/05\/gdpr-intro-2-1.png\"},{\"@type\":\"BreadcrumbList\",\"@id\":\"https:\/\/www.sendblaster.com\/fr\/politique-de-confidentialite-reglement-ue-2016-79-rgdp\/#breadcrumb\",\"itemListElement\":[{\"@type\":\"ListItem\",\"position\":1,\"name\":\"Home\",\"item\":\"https:\/\/www.sendblaster.com\/\"},{\"@type\":\"ListItem\",\"position\":2,\"name\":\"RGPD &#8211; Introduction et objectifs\"}]},{\"@type\":\"WebSite\",\"@id\":\"https:\/\/www.sendblaster.com\/#website\",\"url\":\"https:\/\/www.sendblaster.com\/\",\"name\":\"SendBlaster logiciel mailing pour email marketing\",\"description\":\"\",\"publisher\":{\"@id\":\"https:\/\/www.sendblaster.com\/#organization\"},\"potentialAction\":[{\"@type\":\"SearchAction\",\"target\":{\"@type\":\"EntryPoint\",\"urlTemplate\":\"https:\/\/www.sendblaster.com\/?s={search_term_string}\"},\"query-input\":{\"@type\":\"PropertyValueSpecification\",\"valueRequired\":true,\"valueName\":\"search_term_string\"}}],\"inLanguage\":\"fr-FR\"},{\"@type\":\"Organization\",\"@id\":\"https:\/\/www.sendblaster.com\/#organization\",\"name\":\"SendBlaster logiciel mailing pour email marketing\",\"url\":\"https:\/\/www.sendblaster.com\/\",\"logo\":{\"@type\":\"ImageObject\",\"inLanguage\":\"fr-FR\",\"@id\":\"https:\/\/www.sendblaster.com\/#\/schema\/logo\/image\/\",\"url\":\"https:\/\/www.sendblaster.com\/wp-content\/uploads\/2021\/09\/logo-svg-2021.svg\",\"contentUrl\":\"https:\/\/www.sendblaster.com\/wp-content\/uploads\/2021\/09\/logo-svg-2021.svg\",\"width\":350,\"height\":70,\"caption\":\"SendBlaster logiciel mailing pour email marketing\"},\"image\":{\"@id\":\"https:\/\/www.sendblaster.com\/#\/schema\/logo\/image\/\"}}]}<\/script>\n<!-- \/ Yoast SEO plugin. -->","yoast_head_json":{"title":"RGPD - Introduction et objectifs - SendBlaster logiciel mailing pour email marketing","description":"SendBlaster logiciel mailing pour email marketing RGPD - Introduction et objectifs Nous avons r\u00e9dig\u00e9 ce document pour vous aider \u00e0 comprendre nos politiques de confidentialit\u00e9. Pour rendre cela aussi facile que possible, nous utilisons","robots":{"index":"index","follow":"follow","max-snippet":"max-snippet:-1","max-image-preview":"max-image-preview:large","max-video-preview":"max-video-preview:-1"},"canonical":"https:\/\/www.sendblaster.com\/fr\/politique-de-confidentialite-reglement-ue-2016-79-rgdp\/","og_locale":"fr_FR","og_type":"article","og_title":"RGPD - Introduction et objectifs - SendBlaster logiciel mailing pour email marketing","og_description":"SendBlaster logiciel mailing pour email marketing RGPD - Introduction et objectifs Nous avons r\u00e9dig\u00e9 ce document pour vous aider \u00e0 comprendre nos politiques de confidentialit\u00e9. Pour rendre cela aussi facile que possible, nous utilisons","og_url":"https:\/\/www.sendblaster.com\/fr\/politique-de-confidentialite-reglement-ue-2016-79-rgdp\/","og_site_name":"SendBlaster logiciel mailing pour email marketing","og_image":[{"url":"https:\/\/www.sendblaster.com\/wp-content\/uploads\/2018\/05\/gdpr-intro-2-1.png"}],"twitter_card":"summary_large_image","twitter_misc":{"Dur\u00e9e de lecture estim\u00e9e":"1 minute"},"schema":{"@context":"https:\/\/schema.org","@graph":[{"@type":"WebPage","@id":"https:\/\/www.sendblaster.com\/fr\/politique-de-confidentialite-reglement-ue-2016-79-rgdp\/","url":"https:\/\/www.sendblaster.com\/fr\/politique-de-confidentialite-reglement-ue-2016-79-rgdp\/","name":"RGPD - Introduction et objectifs - SendBlaster logiciel mailing pour email marketing","isPartOf":{"@id":"https:\/\/www.sendblaster.com\/#website"},"primaryImageOfPage":{"@id":"https:\/\/www.sendblaster.com\/fr\/politique-de-confidentialite-reglement-ue-2016-79-rgdp\/#primaryimage"},"image":{"@id":"https:\/\/www.sendblaster.com\/fr\/politique-de-confidentialite-reglement-ue-2016-79-rgdp\/#primaryimage"},"thumbnailUrl":"https:\/\/www.sendblaster.com\/wp-content\/uploads\/2018\/05\/gdpr-intro-2-1.png","datePublished":"2018-06-05T07:11:28+00:00","dateModified":"2018-06-05T07:11:28+00:00","description":"SendBlaster logiciel mailing pour email marketing RGPD - Introduction et objectifs Nous avons r\u00e9dig\u00e9 ce document pour vous aider \u00e0 comprendre nos politiques de confidentialit\u00e9. Pour rendre cela aussi facile que possible, nous utilisons","breadcrumb":{"@id":"https:\/\/www.sendblaster.com\/fr\/politique-de-confidentialite-reglement-ue-2016-79-rgdp\/#breadcrumb"},"inLanguage":"fr-FR","potentialAction":[{"@type":"ReadAction","target":["https:\/\/www.sendblaster.com\/fr\/politique-de-confidentialite-reglement-ue-2016-79-rgdp\/"]}]},{"@type":"ImageObject","inLanguage":"fr-FR","@id":"https:\/\/www.sendblaster.com\/fr\/politique-de-confidentialite-reglement-ue-2016-79-rgdp\/#primaryimage","url":"https:\/\/www.sendblaster.com\/wp-content\/uploads\/2018\/05\/gdpr-intro-2-1.png","contentUrl":"https:\/\/www.sendblaster.com\/wp-content\/uploads\/2018\/05\/gdpr-intro-2-1.png"},{"@type":"BreadcrumbList","@id":"https:\/\/www.sendblaster.com\/fr\/politique-de-confidentialite-reglement-ue-2016-79-rgdp\/#breadcrumb","itemListElement":[{"@type":"ListItem","position":1,"name":"Home","item":"https:\/\/www.sendblaster.com\/"},{"@type":"ListItem","position":2,"name":"RGPD &#8211; Introduction et objectifs"}]},{"@type":"WebSite","@id":"https:\/\/www.sendblaster.com\/#website","url":"https:\/\/www.sendblaster.com\/","name":"SendBlaster logiciel mailing pour email marketing","description":"","publisher":{"@id":"https:\/\/www.sendblaster.com\/#organization"},"potentialAction":[{"@type":"SearchAction","target":{"@type":"EntryPoint","urlTemplate":"https:\/\/www.sendblaster.com\/?s={search_term_string}"},"query-input":{"@type":"PropertyValueSpecification","valueRequired":true,"valueName":"search_term_string"}}],"inLanguage":"fr-FR"},{"@type":"Organization","@id":"https:\/\/www.sendblaster.com\/#organization","name":"SendBlaster logiciel mailing pour email marketing","url":"https:\/\/www.sendblaster.com\/","logo":{"@type":"ImageObject","inLanguage":"fr-FR","@id":"https:\/\/www.sendblaster.com\/#\/schema\/logo\/image\/","url":"https:\/\/www.sendblaster.com\/wp-content\/uploads\/2021\/09\/logo-svg-2021.svg","contentUrl":"https:\/\/www.sendblaster.com\/wp-content\/uploads\/2021\/09\/logo-svg-2021.svg","width":350,"height":70,"caption":"SendBlaster logiciel mailing pour email marketing"},"image":{"@id":"https:\/\/www.sendblaster.com\/#\/schema\/logo\/image\/"}}]}},"_links":{"self":[{"href":"https:\/\/www.sendblaster.com\/fr\/wp-json\/wp\/v2\/pages\/3038"}],"collection":[{"href":"https:\/\/www.sendblaster.com\/fr\/wp-json\/wp\/v2\/pages"}],"about":[{"href":"https:\/\/www.sendblaster.com\/fr\/wp-json\/wp\/v2\/types\/page"}],"author":[{"embeddable":true,"href":"https:\/\/www.sendblaster.com\/fr\/wp-json\/wp\/v2\/users\/1"}],"replies":[{"embeddable":true,"href":"https:\/\/www.sendblaster.com\/fr\/wp-json\/wp\/v2\/comments?post=3038"}],"version-history":[{"count":1,"href":"https:\/\/www.sendblaster.com\/fr\/wp-json\/wp\/v2\/pages\/3038\/revisions"}],"predecessor-version":[{"id":3039,"href":"https:\/\/www.sendblaster.com\/fr\/wp-json\/wp\/v2\/pages\/3038\/revisions\/3039"}],"wp:attachment":[{"href":"https:\/\/www.sendblaster.com\/fr\/wp-json\/wp\/v2\/media?parent=3038"}],"curies":[{"name":"wp","href":"https:\/\/api.w.org\/{rel}","templated":true}]}}