{"id":2927,"date":"2018-05-28T08:46:54","date_gmt":"2018-05-28T08:46:54","guid":{"rendered":"https:\/\/www.sendblaster.com\/wpnew-2018\/?page_id=2927"},"modified":"2018-05-28T08:46:54","modified_gmt":"2018-05-28T08:46:54","slug":"mise-niveau-de-sendblaster-express-vers-la-version-pro","status":"publish","type":"page","link":"https:\/\/www.sendblaster.com\/fr\/mise-niveau-de-sendblaster-express-vers-la-version-pro\/","title":{"rendered":"Mise \u00e0 niveau de SendBlaster Express vers la version Pro"},"content":{"rendered":"<p>\u00c0 propos de la mise \u00e0 niveau de SendBlaster Express vers Pro, veuillez contacter notre service d&rsquo;assistance \u00e0 <a href=\"https:\/\/www.sendblaster.com\/services\/support\/ticketing\/system\/?lang=en\"><strong>SendBlaster Trouble Ticket Service<\/strong><\/a>.<\/p>\n","protected":false},"excerpt":{"rendered":"<p>\u00c0 propos de la mise \u00e0 niveau de SendBlaster Express vers Pro, veuillez contacter notre service d&rsquo;assistance \u00e0 SendBlaster Trouble Ticket Service. <\/p>\n<p class=\"read-more-container\"><a class=\"button read-more\" href=\"https:\/\/www.sendblaster.com\/fr\/mise-niveau-de-sendblaster-express-vers-la-version-pro\/\" title=\"\">Continue Reading<\/a><\/p>\n","protected":false},"author":1,"featured_media":0,"parent":0,"menu_order":0,"comment_status":"closed","ping_status":"closed","template":"g1_template_page_sidebar_right.php","meta":{"_monsterinsights_skip_tracking":false,"_monsterinsights_sitenote_active":false,"_monsterinsights_sitenote_note":"","_monsterinsights_sitenote_category":0,"footnotes":""},"class_list":["post-2927","page","type-page","status-publish"],"yoast_head":"<!-- This site is optimized with the Yoast SEO plugin v23.5 - https:\/\/yoast.com\/wordpress\/plugins\/seo\/ -->\n<title>Mise \u00e0 niveau de SendBlaster Express vers la version Pro - SendBlaster logiciel mailing pour email marketing<\/title>\n<meta name=\"description\" content=\"SendBlaster logiciel mailing pour email marketing Mise \u00e0 niveau de SendBlaster Express vers la version Pro \u00c0 propos de la mise \u00e0 niveau de SendBlaster Express vers Pro, veuillez contacter notre service d&#039;assistance \u00e0 SendBlaster Trouble Ticket Service.\" \/>\n<meta name=\"robots\" content=\"index, follow, max-snippet:-1, max-image-preview:large, max-video-preview:-1\" \/>\n<link rel=\"canonical\" href=\"https:\/\/www.sendblaster.com\/fr\/mise-niveau-de-sendblaster-express-vers-la-version-pro\/\" \/>\n<meta property=\"og:locale\" content=\"fr_FR\" \/>\n<meta property=\"og:type\" content=\"article\" \/>\n<meta property=\"og:title\" content=\"Mise \u00e0 niveau de SendBlaster Express vers la version Pro - SendBlaster logiciel mailing pour email marketing\" \/>\n<meta property=\"og:description\" content=\"SendBlaster logiciel mailing pour email marketing Mise \u00e0 niveau de SendBlaster Express vers la version Pro \u00c0 propos de la mise \u00e0 niveau de SendBlaster Express vers Pro, veuillez contacter notre service d&#039;assistance \u00e0 SendBlaster Trouble Ticket Service.\" \/>\n<meta property=\"og:url\" content=\"https:\/\/www.sendblaster.com\/fr\/mise-niveau-de-sendblaster-express-vers-la-version-pro\/\" \/>\n<meta property=\"og:site_name\" content=\"SendBlaster logiciel mailing pour email marketing\" \/>\n<meta name=\"twitter:card\" content=\"summary_large_image\" \/>\n<script type=\"application\/ld+json\" class=\"yoast-schema-graph\">{\"@context\":\"https:\/\/schema.org\",\"@graph\":[{\"@type\":\"WebPage\",\"@id\":\"https:\/\/www.sendblaster.com\/fr\/mise-niveau-de-sendblaster-express-vers-la-version-pro\/\",\"url\":\"https:\/\/www.sendblaster.com\/fr\/mise-niveau-de-sendblaster-express-vers-la-version-pro\/\",\"name\":\"Mise \u00e0 niveau de SendBlaster Express vers la version Pro - SendBlaster logiciel mailing pour email marketing\",\"isPartOf\":{\"@id\":\"https:\/\/www.sendblaster.com\/#website\"},\"datePublished\":\"2018-05-28T08:46:54+00:00\",\"dateModified\":\"2018-05-28T08:46:54+00:00\",\"description\":\"SendBlaster logiciel mailing pour email marketing Mise \u00e0 niveau de SendBlaster Express vers la version Pro \u00c0 propos de la mise \u00e0 niveau de SendBlaster Express vers Pro, veuillez contacter notre service d'assistance \u00e0 SendBlaster Trouble Ticket Service.\",\"breadcrumb\":{\"@id\":\"https:\/\/www.sendblaster.com\/fr\/mise-niveau-de-sendblaster-express-vers-la-version-pro\/#breadcrumb\"},\"inLanguage\":\"fr-FR\",\"potentialAction\":[{\"@type\":\"ReadAction\",\"target\":[\"https:\/\/www.sendblaster.com\/fr\/mise-niveau-de-sendblaster-express-vers-la-version-pro\/\"]}]},{\"@type\":\"BreadcrumbList\",\"@id\":\"https:\/\/www.sendblaster.com\/fr\/mise-niveau-de-sendblaster-express-vers-la-version-pro\/#breadcrumb\",\"itemListElement\":[{\"@type\":\"ListItem\",\"position\":1,\"name\":\"Home\",\"item\":\"https:\/\/www.sendblaster.com\/\"},{\"@type\":\"ListItem\",\"position\":2,\"name\":\"Mise \u00e0 niveau de SendBlaster Express vers la version Pro\"}]},{\"@type\":\"WebSite\",\"@id\":\"https:\/\/www.sendblaster.com\/#website\",\"url\":\"https:\/\/www.sendblaster.com\/\",\"name\":\"SendBlaster logiciel mailing pour email marketing\",\"description\":\"\",\"publisher\":{\"@id\":\"https:\/\/www.sendblaster.com\/#organization\"},\"potentialAction\":[{\"@type\":\"SearchAction\",\"target\":{\"@type\":\"EntryPoint\",\"urlTemplate\":\"https:\/\/www.sendblaster.com\/?s={search_term_string}\"},\"query-input\":{\"@type\":\"PropertyValueSpecification\",\"valueRequired\":true,\"valueName\":\"search_term_string\"}}],\"inLanguage\":\"fr-FR\"},{\"@type\":\"Organization\",\"@id\":\"https:\/\/www.sendblaster.com\/#organization\",\"name\":\"SendBlaster logiciel mailing pour email marketing\",\"url\":\"https:\/\/www.sendblaster.com\/\",\"logo\":{\"@type\":\"ImageObject\",\"inLanguage\":\"fr-FR\",\"@id\":\"https:\/\/www.sendblaster.com\/#\/schema\/logo\/image\/\",\"url\":\"https:\/\/www.sendblaster.com\/wp-content\/uploads\/2021\/09\/logo-svg-2021.svg\",\"contentUrl\":\"https:\/\/www.sendblaster.com\/wp-content\/uploads\/2021\/09\/logo-svg-2021.svg\",\"width\":350,\"height\":70,\"caption\":\"SendBlaster logiciel mailing pour email marketing\"},\"image\":{\"@id\":\"https:\/\/www.sendblaster.com\/#\/schema\/logo\/image\/\"}}]}<\/script>\n<!-- \/ Yoast SEO plugin. -->","yoast_head_json":{"title":"Mise \u00e0 niveau de SendBlaster Express vers la version Pro - SendBlaster logiciel mailing pour email marketing","description":"SendBlaster logiciel mailing pour email marketing Mise \u00e0 niveau de SendBlaster Express vers la version Pro \u00c0 propos de la mise \u00e0 niveau de SendBlaster Express vers Pro, veuillez contacter notre service d'assistance \u00e0 SendBlaster Trouble Ticket Service.","robots":{"index":"index","follow":"follow","max-snippet":"max-snippet:-1","max-image-preview":"max-image-preview:large","max-video-preview":"max-video-preview:-1"},"canonical":"https:\/\/www.sendblaster.com\/fr\/mise-niveau-de-sendblaster-express-vers-la-version-pro\/","og_locale":"fr_FR","og_type":"article","og_title":"Mise \u00e0 niveau de SendBlaster Express vers la version Pro - SendBlaster logiciel mailing pour email marketing","og_description":"SendBlaster logiciel mailing pour email marketing Mise \u00e0 niveau de SendBlaster Express vers la version Pro \u00c0 propos de la mise \u00e0 niveau de SendBlaster Express vers Pro, veuillez contacter notre service d'assistance \u00e0 SendBlaster Trouble Ticket Service.","og_url":"https:\/\/www.sendblaster.com\/fr\/mise-niveau-de-sendblaster-express-vers-la-version-pro\/","og_site_name":"SendBlaster logiciel mailing pour email marketing","twitter_card":"summary_large_image","schema":{"@context":"https:\/\/schema.org","@graph":[{"@type":"WebPage","@id":"https:\/\/www.sendblaster.com\/fr\/mise-niveau-de-sendblaster-express-vers-la-version-pro\/","url":"https:\/\/www.sendblaster.com\/fr\/mise-niveau-de-sendblaster-express-vers-la-version-pro\/","name":"Mise \u00e0 niveau de SendBlaster Express vers la version Pro - SendBlaster logiciel mailing pour email marketing","isPartOf":{"@id":"https:\/\/www.sendblaster.com\/#website"},"datePublished":"2018-05-28T08:46:54+00:00","dateModified":"2018-05-28T08:46:54+00:00","description":"SendBlaster logiciel mailing pour email marketing Mise \u00e0 niveau de SendBlaster Express vers la version Pro \u00c0 propos de la mise \u00e0 niveau de SendBlaster Express vers Pro, veuillez contacter notre service d'assistance \u00e0 SendBlaster Trouble Ticket Service.","breadcrumb":{"@id":"https:\/\/www.sendblaster.com\/fr\/mise-niveau-de-sendblaster-express-vers-la-version-pro\/#breadcrumb"},"inLanguage":"fr-FR","potentialAction":[{"@type":"ReadAction","target":["https:\/\/www.sendblaster.com\/fr\/mise-niveau-de-sendblaster-express-vers-la-version-pro\/"]}]},{"@type":"BreadcrumbList","@id":"https:\/\/www.sendblaster.com\/fr\/mise-niveau-de-sendblaster-express-vers-la-version-pro\/#breadcrumb","itemListElement":[{"@type":"ListItem","position":1,"name":"Home","item":"https:\/\/www.sendblaster.com\/"},{"@type":"ListItem","position":2,"name":"Mise \u00e0 niveau de SendBlaster Express vers la version Pro"}]},{"@type":"WebSite","@id":"https:\/\/www.sendblaster.com\/#website","url":"https:\/\/www.sendblaster.com\/","name":"SendBlaster logiciel mailing pour email marketing","description":"","publisher":{"@id":"https:\/\/www.sendblaster.com\/#organization"},"potentialAction":[{"@type":"SearchAction","target":{"@type":"EntryPoint","urlTemplate":"https:\/\/www.sendblaster.com\/?s={search_term_string}"},"query-input":{"@type":"PropertyValueSpecification","valueRequired":true,"valueName":"search_term_string"}}],"inLanguage":"fr-FR"},{"@type":"Organization","@id":"https:\/\/www.sendblaster.com\/#organization","name":"SendBlaster logiciel mailing pour email marketing","url":"https:\/\/www.sendblaster.com\/","logo":{"@type":"ImageObject","inLanguage":"fr-FR","@id":"https:\/\/www.sendblaster.com\/#\/schema\/logo\/image\/","url":"https:\/\/www.sendblaster.com\/wp-content\/uploads\/2021\/09\/logo-svg-2021.svg","contentUrl":"https:\/\/www.sendblaster.com\/wp-content\/uploads\/2021\/09\/logo-svg-2021.svg","width":350,"height":70,"caption":"SendBlaster logiciel mailing pour email marketing"},"image":{"@id":"https:\/\/www.sendblaster.com\/#\/schema\/logo\/image\/"}}]}},"_links":{"self":[{"href":"https:\/\/www.sendblaster.com\/fr\/wp-json\/wp\/v2\/pages\/2927"}],"collection":[{"href":"https:\/\/www.sendblaster.com\/fr\/wp-json\/wp\/v2\/pages"}],"about":[{"href":"https:\/\/www.sendblaster.com\/fr\/wp-json\/wp\/v2\/types\/page"}],"author":[{"embeddable":true,"href":"https:\/\/www.sendblaster.com\/fr\/wp-json\/wp\/v2\/users\/1"}],"replies":[{"embeddable":true,"href":"https:\/\/www.sendblaster.com\/fr\/wp-json\/wp\/v2\/comments?post=2927"}],"version-history":[{"count":1,"href":"https:\/\/www.sendblaster.com\/fr\/wp-json\/wp\/v2\/pages\/2927\/revisions"}],"predecessor-version":[{"id":2928,"href":"https:\/\/www.sendblaster.com\/fr\/wp-json\/wp\/v2\/pages\/2927\/revisions\/2928"}],"wp:attachment":[{"href":"https:\/\/www.sendblaster.com\/fr\/wp-json\/wp\/v2\/media?parent=2927"}],"curies":[{"name":"wp","href":"https:\/\/api.w.org\/{rel}","templated":true}]}}