{"id":3076,"date":"2018-06-25T09:51:55","date_gmt":"2018-06-25T09:51:55","guid":{"rendered":"https:\/\/www.sendblaster.com\/wpnew-2018\/?page_id=3076"},"modified":"2018-06-25T09:51:55","modified_gmt":"2018-06-25T09:51:55","slug":"ley-anti-spam","status":"publish","type":"page","link":"https:\/\/www.sendblaster.com\/es\/ley-anti-spam\/","title":{"rendered":"Leyes Anti-Spam"},"content":{"rendered":"<p>Actualmente, la mayor\u00eda de los Pa\u00edses del mundo poseen alg\u00fan tipo de legislaci\u00f3n anti-spam. Por ello, es muy importante para los profesionales del marketing por email cumplir con las Leyes anti-spam de su pa\u00eds.<\/p>\n<p>Adem\u00e1s, el env\u00edo de emails no solicitado podr\u00eda afectar seriamente la reputaci\u00f3n de su negocio.<\/p>\n<p>En el a\u00f1o 2003, los Estados Unidos redactaron el <strong>Acta CAN-SPAM<\/strong> (que regula el uso de pornograf\u00eda y marketing no solicitado).<\/p>\n<p>En el a\u00f1o 2002, la Uni\u00f3n Europea redact\u00f3 la <strong>Directiva de \u00abPrivacidad en Comunicaciones Electr\u00f3nicas\u00bb<\/strong>, que requiere que las empresas obtengan consentimiento previo antes de realizar env\u00edo de emails publicitarios a las personas. De todas formas, cada pa\u00eds europeo posee sus propias legislaciones nacionales anti-spam.<\/p>\n<p>Puede encontrar informaci\u00f3n detallada en:<\/p>\n<ul>\n<li><a href=\"http:\/\/www.ftc.gov\/bcp\/edu\/pubs\/business\/ecommerce\/bus61.shtm\">US&nbsp;2003 <strong>CAN- SPAM&nbsp;Act<\/strong><\/a><\/li>\n<li><a href=\"http:\/\/eur-lex.europa.eu\/LexUriServ\/LexUriServ.do?uri=CELEX:32002L0058:EN:HTML\">Directiva <strong>2002\/58\/EC<\/strong> del Parlamento Europeo<\/a>&nbsp;<\/li>\n<\/ul>\n","protected":false},"excerpt":{"rendered":"<p>Actualmente, la mayor\u00eda de los Pa\u00edses del mundo poseen alg\u00fan tipo de legislaci\u00f3n anti-spam. Por ello, es muy importante para los profesionales del marketing por email cumplir con las Leyes anti-spam de su pa\u00eds. Adem\u00e1s, el env\u00edo de emails no <\/p>\n<p class=\"read-more-container\"><a class=\"button read-more\" href=\"https:\/\/www.sendblaster.com\/es\/ley-anti-spam\/\" title=\"\">Sigue leyendo<\/a><\/p>\n","protected":false},"author":1,"featured_media":0,"parent":0,"menu_order":0,"comment_status":"closed","ping_status":"closed","template":"g1_template_page_sidebar_right.php","meta":{"_monsterinsights_skip_tracking":false,"_monsterinsights_sitenote_active":false,"_monsterinsights_sitenote_note":"","_monsterinsights_sitenote_category":0,"footnotes":""},"class_list":["post-3076","page","type-page","status-publish"],"yoast_head":"<!-- This site is optimized with the Yoast SEO plugin v23.5 - https:\/\/yoast.com\/wordpress\/plugins\/seo\/ -->\n<title>Leyes Anti-Spam - SendBlaster software de correo masivo para marketing por email<\/title>\n<meta name=\"description\" content=\"SendBlaster software de correo masivo para marketing por email Leyes Anti-Spam Actualmente, la mayor\u00eda de los Pa\u00edses del mundo poseen alg\u00fan tipo de legislaci\u00f3n anti-spam. Por ello, es muy importante para los profesionales del\" \/>\n<meta name=\"robots\" content=\"index, follow, max-snippet:-1, max-image-preview:large, max-video-preview:-1\" \/>\n<link rel=\"canonical\" href=\"https:\/\/www.sendblaster.com\/es\/ley-anti-spam\/\" \/>\n<meta property=\"og:locale\" content=\"es_ES\" \/>\n<meta property=\"og:type\" content=\"article\" \/>\n<meta property=\"og:title\" content=\"Leyes Anti-Spam - SendBlaster software de correo masivo para marketing por email\" \/>\n<meta property=\"og:description\" content=\"SendBlaster software de correo masivo para marketing por email Leyes Anti-Spam Actualmente, la mayor\u00eda de los Pa\u00edses del mundo poseen alg\u00fan tipo de legislaci\u00f3n anti-spam. Por ello, es muy importante para los profesionales del\" \/>\n<meta property=\"og:url\" content=\"https:\/\/www.sendblaster.com\/es\/ley-anti-spam\/\" \/>\n<meta property=\"og:site_name\" content=\"SendBlaster software de correo masivo para marketing por email\" \/>\n<meta name=\"twitter:card\" content=\"summary_large_image\" \/>\n<meta name=\"twitter:label1\" content=\"Tiempo de lectura\" \/>\n\t<meta name=\"twitter:data1\" content=\"1 minuto\" \/>\n<script type=\"application\/ld+json\" class=\"yoast-schema-graph\">{\"@context\":\"https:\/\/schema.org\",\"@graph\":[{\"@type\":\"WebPage\",\"@id\":\"https:\/\/www.sendblaster.com\/es\/ley-anti-spam\/\",\"url\":\"https:\/\/www.sendblaster.com\/es\/ley-anti-spam\/\",\"name\":\"Leyes Anti-Spam - SendBlaster software de correo masivo para marketing por email\",\"isPartOf\":{\"@id\":\"https:\/\/www.sendblaster.com\/#website\"},\"datePublished\":\"2018-06-25T09:51:55+00:00\",\"dateModified\":\"2018-06-25T09:51:55+00:00\",\"description\":\"SendBlaster software de correo masivo para marketing por email Leyes Anti-Spam Actualmente, la mayor\u00eda de los Pa\u00edses del mundo poseen alg\u00fan tipo de legislaci\u00f3n anti-spam. Por ello, es muy importante para los profesionales del\",\"breadcrumb\":{\"@id\":\"https:\/\/www.sendblaster.com\/es\/ley-anti-spam\/#breadcrumb\"},\"inLanguage\":\"es\",\"potentialAction\":[{\"@type\":\"ReadAction\",\"target\":[\"https:\/\/www.sendblaster.com\/es\/ley-anti-spam\/\"]}]},{\"@type\":\"BreadcrumbList\",\"@id\":\"https:\/\/www.sendblaster.com\/es\/ley-anti-spam\/#breadcrumb\",\"itemListElement\":[{\"@type\":\"ListItem\",\"position\":1,\"name\":\"Home\",\"item\":\"https:\/\/www.sendblaster.com\/es\/\"},{\"@type\":\"ListItem\",\"position\":2,\"name\":\"Leyes Anti-Spam\"}]},{\"@type\":\"WebSite\",\"@id\":\"https:\/\/www.sendblaster.com\/#website\",\"url\":\"https:\/\/www.sendblaster.com\/\",\"name\":\"SendBlaster software de correo masivo para marketing por email\",\"description\":\"\",\"publisher\":{\"@id\":\"https:\/\/www.sendblaster.com\/#organization\"},\"potentialAction\":[{\"@type\":\"SearchAction\",\"target\":{\"@type\":\"EntryPoint\",\"urlTemplate\":\"https:\/\/www.sendblaster.com\/?s={search_term_string}\"},\"query-input\":{\"@type\":\"PropertyValueSpecification\",\"valueRequired\":true,\"valueName\":\"search_term_string\"}}],\"inLanguage\":\"es\"},{\"@type\":\"Organization\",\"@id\":\"https:\/\/www.sendblaster.com\/#organization\",\"name\":\"SendBlaster software de correo masivo para marketing por email\",\"url\":\"https:\/\/www.sendblaster.com\/\",\"logo\":{\"@type\":\"ImageObject\",\"inLanguage\":\"es\",\"@id\":\"https:\/\/www.sendblaster.com\/#\/schema\/logo\/image\/\",\"url\":\"https:\/\/www.sendblaster.com\/wp-content\/uploads\/2021\/09\/logo-svg-2021.svg\",\"contentUrl\":\"https:\/\/www.sendblaster.com\/wp-content\/uploads\/2021\/09\/logo-svg-2021.svg\",\"width\":350,\"height\":70,\"caption\":\"SendBlaster software de correo masivo para marketing por email\"},\"image\":{\"@id\":\"https:\/\/www.sendblaster.com\/#\/schema\/logo\/image\/\"}}]}<\/script>\n<!-- \/ Yoast SEO plugin. -->","yoast_head_json":{"title":"Leyes Anti-Spam - SendBlaster software de correo masivo para marketing por email","description":"SendBlaster software de correo masivo para marketing por email Leyes Anti-Spam Actualmente, la mayor\u00eda de los Pa\u00edses del mundo poseen alg\u00fan tipo de legislaci\u00f3n anti-spam. Por ello, es muy importante para los profesionales del","robots":{"index":"index","follow":"follow","max-snippet":"max-snippet:-1","max-image-preview":"max-image-preview:large","max-video-preview":"max-video-preview:-1"},"canonical":"https:\/\/www.sendblaster.com\/es\/ley-anti-spam\/","og_locale":"es_ES","og_type":"article","og_title":"Leyes Anti-Spam - SendBlaster software de correo masivo para marketing por email","og_description":"SendBlaster software de correo masivo para marketing por email Leyes Anti-Spam Actualmente, la mayor\u00eda de los Pa\u00edses del mundo poseen alg\u00fan tipo de legislaci\u00f3n anti-spam. Por ello, es muy importante para los profesionales del","og_url":"https:\/\/www.sendblaster.com\/es\/ley-anti-spam\/","og_site_name":"SendBlaster software de correo masivo para marketing por email","twitter_card":"summary_large_image","twitter_misc":{"Tiempo de lectura":"1 minuto"},"schema":{"@context":"https:\/\/schema.org","@graph":[{"@type":"WebPage","@id":"https:\/\/www.sendblaster.com\/es\/ley-anti-spam\/","url":"https:\/\/www.sendblaster.com\/es\/ley-anti-spam\/","name":"Leyes Anti-Spam - SendBlaster software de correo masivo para marketing por email","isPartOf":{"@id":"https:\/\/www.sendblaster.com\/#website"},"datePublished":"2018-06-25T09:51:55+00:00","dateModified":"2018-06-25T09:51:55+00:00","description":"SendBlaster software de correo masivo para marketing por email Leyes Anti-Spam Actualmente, la mayor\u00eda de los Pa\u00edses del mundo poseen alg\u00fan tipo de legislaci\u00f3n anti-spam. Por ello, es muy importante para los profesionales del","breadcrumb":{"@id":"https:\/\/www.sendblaster.com\/es\/ley-anti-spam\/#breadcrumb"},"inLanguage":"es","potentialAction":[{"@type":"ReadAction","target":["https:\/\/www.sendblaster.com\/es\/ley-anti-spam\/"]}]},{"@type":"BreadcrumbList","@id":"https:\/\/www.sendblaster.com\/es\/ley-anti-spam\/#breadcrumb","itemListElement":[{"@type":"ListItem","position":1,"name":"Home","item":"https:\/\/www.sendblaster.com\/es\/"},{"@type":"ListItem","position":2,"name":"Leyes Anti-Spam"}]},{"@type":"WebSite","@id":"https:\/\/www.sendblaster.com\/#website","url":"https:\/\/www.sendblaster.com\/","name":"SendBlaster software de correo masivo para marketing por email","description":"","publisher":{"@id":"https:\/\/www.sendblaster.com\/#organization"},"potentialAction":[{"@type":"SearchAction","target":{"@type":"EntryPoint","urlTemplate":"https:\/\/www.sendblaster.com\/?s={search_term_string}"},"query-input":{"@type":"PropertyValueSpecification","valueRequired":true,"valueName":"search_term_string"}}],"inLanguage":"es"},{"@type":"Organization","@id":"https:\/\/www.sendblaster.com\/#organization","name":"SendBlaster software de correo masivo para marketing por email","url":"https:\/\/www.sendblaster.com\/","logo":{"@type":"ImageObject","inLanguage":"es","@id":"https:\/\/www.sendblaster.com\/#\/schema\/logo\/image\/","url":"https:\/\/www.sendblaster.com\/wp-content\/uploads\/2021\/09\/logo-svg-2021.svg","contentUrl":"https:\/\/www.sendblaster.com\/wp-content\/uploads\/2021\/09\/logo-svg-2021.svg","width":350,"height":70,"caption":"SendBlaster software de correo masivo para marketing por email"},"image":{"@id":"https:\/\/www.sendblaster.com\/#\/schema\/logo\/image\/"}}]}},"_links":{"self":[{"href":"https:\/\/www.sendblaster.com\/es\/wp-json\/wp\/v2\/pages\/3076"}],"collection":[{"href":"https:\/\/www.sendblaster.com\/es\/wp-json\/wp\/v2\/pages"}],"about":[{"href":"https:\/\/www.sendblaster.com\/es\/wp-json\/wp\/v2\/types\/page"}],"author":[{"embeddable":true,"href":"https:\/\/www.sendblaster.com\/es\/wp-json\/wp\/v2\/users\/1"}],"replies":[{"embeddable":true,"href":"https:\/\/www.sendblaster.com\/es\/wp-json\/wp\/v2\/comments?post=3076"}],"version-history":[{"count":1,"href":"https:\/\/www.sendblaster.com\/es\/wp-json\/wp\/v2\/pages\/3076\/revisions"}],"predecessor-version":[{"id":3077,"href":"https:\/\/www.sendblaster.com\/es\/wp-json\/wp\/v2\/pages\/3076\/revisions\/3077"}],"wp:attachment":[{"href":"https:\/\/www.sendblaster.com\/es\/wp-json\/wp\/v2\/media?parent=3076"}],"curies":[{"name":"wp","href":"https:\/\/api.w.org\/{rel}","templated":true}]}}