{"id":2925,"date":"2018-05-28T08:46:04","date_gmt":"2018-05-28T08:46:04","guid":{"rendered":"https:\/\/www.sendblaster.com\/wpnew-2018\/?page_id=2925"},"modified":"2018-05-28T08:46:04","modified_gmt":"2018-05-28T08:46:04","slug":"actualizacion-de-sendblaster-express-la-version-pro","status":"publish","type":"page","link":"https:\/\/www.sendblaster.com\/es\/actualizacion-de-sendblaster-express-la-version-pro\/","title":{"rendered":"Actualizaci\u00f3n de SendBlaster Express a la versi\u00f3n Pro"},"content":{"rendered":"<p>Acerca de la actualizaci\u00f3n de SendBlaster Express a Pro, comun\u00edquese con nuestro servicio de asistencia en <a href=\"https:\/\/www.sendblaster.com\/services\/support\/ticketing\/system\/?lang=en\"><strong>SendBlaster Trouble Ticket Service<\/strong><\/a>.<\/p>\n","protected":false},"excerpt":{"rendered":"<p>Acerca de la actualizaci\u00f3n de SendBlaster Express a Pro, comun\u00edquese con nuestro servicio de asistencia en SendBlaster Trouble Ticket Service. <\/p>\n<p class=\"read-more-container\"><a class=\"button read-more\" href=\"https:\/\/www.sendblaster.com\/es\/actualizacion-de-sendblaster-express-la-version-pro\/\" title=\"\">Sigue leyendo<\/a><\/p>\n","protected":false},"author":1,"featured_media":0,"parent":0,"menu_order":0,"comment_status":"closed","ping_status":"closed","template":"g1_template_page_sidebar_right.php","meta":{"_monsterinsights_skip_tracking":false,"_monsterinsights_sitenote_active":false,"_monsterinsights_sitenote_note":"","_monsterinsights_sitenote_category":0,"footnotes":""},"class_list":["post-2925","page","type-page","status-publish"],"yoast_head":"<!-- This site is optimized with the Yoast SEO plugin v23.5 - https:\/\/yoast.com\/wordpress\/plugins\/seo\/ -->\n<title>Actualizaci\u00f3n de SendBlaster Express a la versi\u00f3n Pro - SendBlaster software de correo masivo para marketing por email<\/title>\n<meta name=\"description\" content=\"SendBlaster software de correo masivo para marketing por email Actualizaci\u00f3n de SendBlaster Express a la versi\u00f3n Pro Acerca de la actualizaci\u00f3n de SendBlaster Express a Pro, comun\u00edquese con nuestro servicio de asistencia en SendBlaster Trouble Ticket Service.\" \/>\n<meta name=\"robots\" content=\"index, follow, max-snippet:-1, max-image-preview:large, max-video-preview:-1\" \/>\n<link rel=\"canonical\" href=\"https:\/\/www.sendblaster.com\/es\/actualizacion-de-sendblaster-express-la-version-pro\/\" \/>\n<meta property=\"og:locale\" content=\"es_ES\" \/>\n<meta property=\"og:type\" content=\"article\" \/>\n<meta property=\"og:title\" content=\"Actualizaci\u00f3n de SendBlaster Express a la versi\u00f3n Pro - SendBlaster software de correo masivo para marketing por email\" \/>\n<meta property=\"og:description\" content=\"SendBlaster software de correo masivo para marketing por email Actualizaci\u00f3n de SendBlaster Express a la versi\u00f3n Pro Acerca de la actualizaci\u00f3n de SendBlaster Express a Pro, comun\u00edquese con nuestro servicio de asistencia en SendBlaster Trouble Ticket Service.\" \/>\n<meta property=\"og:url\" content=\"https:\/\/www.sendblaster.com\/es\/actualizacion-de-sendblaster-express-la-version-pro\/\" \/>\n<meta property=\"og:site_name\" content=\"SendBlaster software de correo masivo para marketing por email\" \/>\n<meta name=\"twitter:card\" content=\"summary_large_image\" \/>\n<script type=\"application\/ld+json\" class=\"yoast-schema-graph\">{\"@context\":\"https:\/\/schema.org\",\"@graph\":[{\"@type\":\"WebPage\",\"@id\":\"https:\/\/www.sendblaster.com\/es\/actualizacion-de-sendblaster-express-la-version-pro\/\",\"url\":\"https:\/\/www.sendblaster.com\/es\/actualizacion-de-sendblaster-express-la-version-pro\/\",\"name\":\"Actualizaci\u00f3n de SendBlaster Express a la versi\u00f3n Pro - SendBlaster software de correo masivo para marketing por email\",\"isPartOf\":{\"@id\":\"https:\/\/www.sendblaster.com\/#website\"},\"datePublished\":\"2018-05-28T08:46:04+00:00\",\"dateModified\":\"2018-05-28T08:46:04+00:00\",\"description\":\"SendBlaster software de correo masivo para marketing por email Actualizaci\u00f3n de SendBlaster Express a la versi\u00f3n Pro Acerca de la actualizaci\u00f3n de SendBlaster Express a Pro, comun\u00edquese con nuestro servicio de asistencia en SendBlaster Trouble Ticket Service.\",\"breadcrumb\":{\"@id\":\"https:\/\/www.sendblaster.com\/es\/actualizacion-de-sendblaster-express-la-version-pro\/#breadcrumb\"},\"inLanguage\":\"es\",\"potentialAction\":[{\"@type\":\"ReadAction\",\"target\":[\"https:\/\/www.sendblaster.com\/es\/actualizacion-de-sendblaster-express-la-version-pro\/\"]}]},{\"@type\":\"BreadcrumbList\",\"@id\":\"https:\/\/www.sendblaster.com\/es\/actualizacion-de-sendblaster-express-la-version-pro\/#breadcrumb\",\"itemListElement\":[{\"@type\":\"ListItem\",\"position\":1,\"name\":\"Home\",\"item\":\"https:\/\/www.sendblaster.com\/es\/\"},{\"@type\":\"ListItem\",\"position\":2,\"name\":\"Actualizaci\u00f3n de SendBlaster Express a la versi\u00f3n Pro\"}]},{\"@type\":\"WebSite\",\"@id\":\"https:\/\/www.sendblaster.com\/#website\",\"url\":\"https:\/\/www.sendblaster.com\/\",\"name\":\"SendBlaster software de correo masivo para marketing por email\",\"description\":\"\",\"publisher\":{\"@id\":\"https:\/\/www.sendblaster.com\/#organization\"},\"potentialAction\":[{\"@type\":\"SearchAction\",\"target\":{\"@type\":\"EntryPoint\",\"urlTemplate\":\"https:\/\/www.sendblaster.com\/?s={search_term_string}\"},\"query-input\":{\"@type\":\"PropertyValueSpecification\",\"valueRequired\":true,\"valueName\":\"search_term_string\"}}],\"inLanguage\":\"es\"},{\"@type\":\"Organization\",\"@id\":\"https:\/\/www.sendblaster.com\/#organization\",\"name\":\"SendBlaster software de correo masivo para marketing por email\",\"url\":\"https:\/\/www.sendblaster.com\/\",\"logo\":{\"@type\":\"ImageObject\",\"inLanguage\":\"es\",\"@id\":\"https:\/\/www.sendblaster.com\/#\/schema\/logo\/image\/\",\"url\":\"https:\/\/www.sendblaster.com\/wp-content\/uploads\/2021\/09\/logo-svg-2021.svg\",\"contentUrl\":\"https:\/\/www.sendblaster.com\/wp-content\/uploads\/2021\/09\/logo-svg-2021.svg\",\"width\":350,\"height\":70,\"caption\":\"SendBlaster software de correo masivo para marketing por email\"},\"image\":{\"@id\":\"https:\/\/www.sendblaster.com\/#\/schema\/logo\/image\/\"}}]}<\/script>\n<!-- \/ Yoast SEO plugin. -->","yoast_head_json":{"title":"Actualizaci\u00f3n de SendBlaster Express a la versi\u00f3n Pro - SendBlaster software de correo masivo para marketing por email","description":"SendBlaster software de correo masivo para marketing por email Actualizaci\u00f3n de SendBlaster Express a la versi\u00f3n Pro Acerca de la actualizaci\u00f3n de SendBlaster Express a Pro, comun\u00edquese con nuestro servicio de asistencia en SendBlaster Trouble Ticket Service.","robots":{"index":"index","follow":"follow","max-snippet":"max-snippet:-1","max-image-preview":"max-image-preview:large","max-video-preview":"max-video-preview:-1"},"canonical":"https:\/\/www.sendblaster.com\/es\/actualizacion-de-sendblaster-express-la-version-pro\/","og_locale":"es_ES","og_type":"article","og_title":"Actualizaci\u00f3n de SendBlaster Express a la versi\u00f3n Pro - SendBlaster software de correo masivo para marketing por email","og_description":"SendBlaster software de correo masivo para marketing por email Actualizaci\u00f3n de SendBlaster Express a la versi\u00f3n Pro Acerca de la actualizaci\u00f3n de SendBlaster Express a Pro, comun\u00edquese con nuestro servicio de asistencia en SendBlaster Trouble Ticket Service.","og_url":"https:\/\/www.sendblaster.com\/es\/actualizacion-de-sendblaster-express-la-version-pro\/","og_site_name":"SendBlaster software de correo masivo para marketing por email","twitter_card":"summary_large_image","schema":{"@context":"https:\/\/schema.org","@graph":[{"@type":"WebPage","@id":"https:\/\/www.sendblaster.com\/es\/actualizacion-de-sendblaster-express-la-version-pro\/","url":"https:\/\/www.sendblaster.com\/es\/actualizacion-de-sendblaster-express-la-version-pro\/","name":"Actualizaci\u00f3n de SendBlaster Express a la versi\u00f3n Pro - SendBlaster software de correo masivo para marketing por email","isPartOf":{"@id":"https:\/\/www.sendblaster.com\/#website"},"datePublished":"2018-05-28T08:46:04+00:00","dateModified":"2018-05-28T08:46:04+00:00","description":"SendBlaster software de correo masivo para marketing por email Actualizaci\u00f3n de SendBlaster Express a la versi\u00f3n Pro Acerca de la actualizaci\u00f3n de SendBlaster Express a Pro, comun\u00edquese con nuestro servicio de asistencia en SendBlaster Trouble Ticket Service.","breadcrumb":{"@id":"https:\/\/www.sendblaster.com\/es\/actualizacion-de-sendblaster-express-la-version-pro\/#breadcrumb"},"inLanguage":"es","potentialAction":[{"@type":"ReadAction","target":["https:\/\/www.sendblaster.com\/es\/actualizacion-de-sendblaster-express-la-version-pro\/"]}]},{"@type":"BreadcrumbList","@id":"https:\/\/www.sendblaster.com\/es\/actualizacion-de-sendblaster-express-la-version-pro\/#breadcrumb","itemListElement":[{"@type":"ListItem","position":1,"name":"Home","item":"https:\/\/www.sendblaster.com\/es\/"},{"@type":"ListItem","position":2,"name":"Actualizaci\u00f3n de SendBlaster Express a la versi\u00f3n Pro"}]},{"@type":"WebSite","@id":"https:\/\/www.sendblaster.com\/#website","url":"https:\/\/www.sendblaster.com\/","name":"SendBlaster software de correo masivo para marketing por email","description":"","publisher":{"@id":"https:\/\/www.sendblaster.com\/#organization"},"potentialAction":[{"@type":"SearchAction","target":{"@type":"EntryPoint","urlTemplate":"https:\/\/www.sendblaster.com\/?s={search_term_string}"},"query-input":{"@type":"PropertyValueSpecification","valueRequired":true,"valueName":"search_term_string"}}],"inLanguage":"es"},{"@type":"Organization","@id":"https:\/\/www.sendblaster.com\/#organization","name":"SendBlaster software de correo masivo para marketing por email","url":"https:\/\/www.sendblaster.com\/","logo":{"@type":"ImageObject","inLanguage":"es","@id":"https:\/\/www.sendblaster.com\/#\/schema\/logo\/image\/","url":"https:\/\/www.sendblaster.com\/wp-content\/uploads\/2021\/09\/logo-svg-2021.svg","contentUrl":"https:\/\/www.sendblaster.com\/wp-content\/uploads\/2021\/09\/logo-svg-2021.svg","width":350,"height":70,"caption":"SendBlaster software de correo masivo para marketing por email"},"image":{"@id":"https:\/\/www.sendblaster.com\/#\/schema\/logo\/image\/"}}]}},"_links":{"self":[{"href":"https:\/\/www.sendblaster.com\/es\/wp-json\/wp\/v2\/pages\/2925"}],"collection":[{"href":"https:\/\/www.sendblaster.com\/es\/wp-json\/wp\/v2\/pages"}],"about":[{"href":"https:\/\/www.sendblaster.com\/es\/wp-json\/wp\/v2\/types\/page"}],"author":[{"embeddable":true,"href":"https:\/\/www.sendblaster.com\/es\/wp-json\/wp\/v2\/users\/1"}],"replies":[{"embeddable":true,"href":"https:\/\/www.sendblaster.com\/es\/wp-json\/wp\/v2\/comments?post=2925"}],"version-history":[{"count":1,"href":"https:\/\/www.sendblaster.com\/es\/wp-json\/wp\/v2\/pages\/2925\/revisions"}],"predecessor-version":[{"id":2926,"href":"https:\/\/www.sendblaster.com\/es\/wp-json\/wp\/v2\/pages\/2925\/revisions\/2926"}],"wp:attachment":[{"href":"https:\/\/www.sendblaster.com\/es\/wp-json\/wp\/v2\/media?parent=2925"}],"curies":[{"name":"wp","href":"https:\/\/api.w.org\/{rel}","templated":true}]}}