{"id":2252,"date":"2018-05-17T16:18:14","date_gmt":"2018-05-17T16:18:14","guid":{"rendered":"https:\/\/www.sendblaster.com\/wpnew-2018\/?page_id=2252"},"modified":"2018-05-17T16:18:51","modified_gmt":"2018-05-17T16:18:51","slug":"sendblaster-express-actualizacion","status":"publish","type":"page","link":"https:\/\/www.sendblaster.com\/es\/sendblaster-express-actualizacion\/","title":{"rendered":"SendBlaster Express: actualizar a SendBlaster Pro"},"content":{"rendered":"<p>Los usuarios de SendBlaster Express pueden aprovechar un descuento exclusivo:<br \/>\n<span style=\"font-size: larger;\"><strong>20% de descuento<\/strong><\/span> sobre el precio de SendBlaster Pro.<\/p>\n<p>Para acceder a este descuento, deber\u00e1 completar y enviar el siguiente formulario:<\/p>\n<p>&nbsp;<\/p>\n<p><a href=\"https:\/\/www.sendblaster.com\/es\/actualizacion-de-sendblaster-express-la-version-pro\">https:\/\/www.sendblaster.com\/es\/actualizacion-de-sendblaster-express-la-version-pro<\/a><\/p>\n<p>&nbsp;<\/p>\n<p>Necesita ingresar sus <strong>detalles de registro a SendBlaster Express<\/strong> actuales (<strong>direcci\u00f3n de email<\/strong> y <strong>c\u00f3digo de licencia<\/strong>), los cuales puede observar en la pantalla de inicio de SendBlaster Express, o en el panel de \u00abConfiguraci\u00f3n\\Configuraci\u00f3n Avanzada\u00bb.<\/p>\n<p>Una vez enviado el formulario, si la informaci\u00f3n ingresada es correcta y v\u00e1lida, usted recibir\u00e1 un v\u00ednculo especial a nuestra tienda, incluyendo un cup\u00f3n por tiempo limitado el cu\u00e1l le permitir\u00e1 acceder al 20% de descuento.<\/p>\n<p>Por favor tenga en cuenta que el v\u00ednculo especial s\u00f3lo es v\u00e1lido por pocas horas, por lo tanto deber\u00e1 completar la compra dentro del mismo d\u00eda en que ha enviado el formulario.<\/p>\n<p>Si prefiere comprar m\u00e1s tarde, podr\u00e1 completar y enviar el formulario nuevamente, para generar un nuevo v\u00ednculo.<\/p>\n","protected":false},"excerpt":{"rendered":"<p>Los usuarios de SendBlaster Express pueden aprovechar un descuento exclusivo: 20% de descuento sobre el precio de SendBlaster Pro. Para acceder a este descuento, deber\u00e1 completar y enviar el siguiente formulario: &nbsp; https:\/\/www.sendblaster.com\/es\/actualizacion-de-sendblaster-express-la-version-pro &nbsp; Necesita ingresar sus detalles de registro <\/p>\n<p class=\"read-more-container\"><a class=\"button read-more\" href=\"https:\/\/www.sendblaster.com\/es\/sendblaster-express-actualizacion\/\" title=\"\">Sigue leyendo<\/a><\/p>\n","protected":false},"author":2,"featured_media":0,"parent":0,"menu_order":0,"comment_status":"closed","ping_status":"closed","template":"g1_template_page_sidebar_right.php","meta":{"_monsterinsights_skip_tracking":false,"_monsterinsights_sitenote_active":false,"_monsterinsights_sitenote_note":"","_monsterinsights_sitenote_category":0,"footnotes":""},"class_list":["post-2252","page","type-page","status-publish"],"yoast_head":"<!-- This site is optimized with the Yoast SEO plugin v23.5 - https:\/\/yoast.com\/wordpress\/plugins\/seo\/ -->\n<title>SendBlaster Express: actualizar a SendBlaster Pro - SendBlaster software de correo masivo para marketing por email<\/title>\n<meta name=\"description\" content=\"SendBlaster software de correo masivo para marketing por email SendBlaster Express: actualizar a SendBlaster Pro Los usuarios de SendBlaster Express pueden aprovechar un descuento exclusivo: 20% de descuento sobre el precio de SendBlaster Pro. Para acceder a este\" \/>\n<meta name=\"robots\" content=\"index, follow, max-snippet:-1, max-image-preview:large, max-video-preview:-1\" \/>\n<link rel=\"canonical\" href=\"https:\/\/www.sendblaster.com\/es\/sendblaster-express-actualizacion\/\" \/>\n<meta property=\"og:locale\" content=\"es_ES\" \/>\n<meta property=\"og:type\" content=\"article\" \/>\n<meta property=\"og:title\" content=\"SendBlaster Express: actualizar a SendBlaster Pro - SendBlaster software de correo masivo para marketing por email\" \/>\n<meta property=\"og:description\" content=\"SendBlaster software de correo masivo para marketing por email SendBlaster Express: actualizar a SendBlaster Pro Los usuarios de SendBlaster Express pueden aprovechar un descuento exclusivo: 20% de descuento sobre el precio de SendBlaster Pro. Para acceder a este\" \/>\n<meta property=\"og:url\" content=\"https:\/\/www.sendblaster.com\/es\/sendblaster-express-actualizacion\/\" \/>\n<meta property=\"og:site_name\" content=\"SendBlaster software de correo masivo para marketing por email\" \/>\n<meta property=\"article:modified_time\" content=\"2018-05-17T16:18:51+00:00\" \/>\n<meta name=\"twitter:card\" content=\"summary_large_image\" \/>\n<meta name=\"twitter:label1\" content=\"Tiempo de lectura\" \/>\n\t<meta name=\"twitter:data1\" content=\"1 minuto\" \/>\n<script type=\"application\/ld+json\" class=\"yoast-schema-graph\">{\"@context\":\"https:\/\/schema.org\",\"@graph\":[{\"@type\":\"WebPage\",\"@id\":\"https:\/\/www.sendblaster.com\/es\/sendblaster-express-actualizacion\/\",\"url\":\"https:\/\/www.sendblaster.com\/es\/sendblaster-express-actualizacion\/\",\"name\":\"SendBlaster Express: actualizar a SendBlaster Pro - SendBlaster software de correo masivo para marketing por email\",\"isPartOf\":{\"@id\":\"https:\/\/www.sendblaster.com\/#website\"},\"datePublished\":\"2018-05-17T16:18:14+00:00\",\"dateModified\":\"2018-05-17T16:18:51+00:00\",\"description\":\"SendBlaster software de correo masivo para marketing por email SendBlaster Express: actualizar a SendBlaster Pro Los usuarios de SendBlaster Express pueden aprovechar un descuento exclusivo: 20% de descuento sobre el precio de SendBlaster Pro. Para acceder a este\",\"breadcrumb\":{\"@id\":\"https:\/\/www.sendblaster.com\/es\/sendblaster-express-actualizacion\/#breadcrumb\"},\"inLanguage\":\"es\",\"potentialAction\":[{\"@type\":\"ReadAction\",\"target\":[\"https:\/\/www.sendblaster.com\/es\/sendblaster-express-actualizacion\/\"]}]},{\"@type\":\"BreadcrumbList\",\"@id\":\"https:\/\/www.sendblaster.com\/es\/sendblaster-express-actualizacion\/#breadcrumb\",\"itemListElement\":[{\"@type\":\"ListItem\",\"position\":1,\"name\":\"Home\",\"item\":\"https:\/\/www.sendblaster.com\/es\/\"},{\"@type\":\"ListItem\",\"position\":2,\"name\":\"SendBlaster Express: actualizar a SendBlaster Pro\"}]},{\"@type\":\"WebSite\",\"@id\":\"https:\/\/www.sendblaster.com\/#website\",\"url\":\"https:\/\/www.sendblaster.com\/\",\"name\":\"SendBlaster software de correo masivo para marketing por email\",\"description\":\"\",\"publisher\":{\"@id\":\"https:\/\/www.sendblaster.com\/#organization\"},\"potentialAction\":[{\"@type\":\"SearchAction\",\"target\":{\"@type\":\"EntryPoint\",\"urlTemplate\":\"https:\/\/www.sendblaster.com\/?s={search_term_string}\"},\"query-input\":{\"@type\":\"PropertyValueSpecification\",\"valueRequired\":true,\"valueName\":\"search_term_string\"}}],\"inLanguage\":\"es\"},{\"@type\":\"Organization\",\"@id\":\"https:\/\/www.sendblaster.com\/#organization\",\"name\":\"SendBlaster software de correo masivo para marketing por email\",\"url\":\"https:\/\/www.sendblaster.com\/\",\"logo\":{\"@type\":\"ImageObject\",\"inLanguage\":\"es\",\"@id\":\"https:\/\/www.sendblaster.com\/#\/schema\/logo\/image\/\",\"url\":\"https:\/\/www.sendblaster.com\/wp-content\/uploads\/2021\/09\/logo-svg-2021.svg\",\"contentUrl\":\"https:\/\/www.sendblaster.com\/wp-content\/uploads\/2021\/09\/logo-svg-2021.svg\",\"width\":350,\"height\":70,\"caption\":\"SendBlaster software de correo masivo para marketing por email\"},\"image\":{\"@id\":\"https:\/\/www.sendblaster.com\/#\/schema\/logo\/image\/\"}}]}<\/script>\n<!-- \/ Yoast SEO plugin. -->","yoast_head_json":{"title":"SendBlaster Express: actualizar a SendBlaster Pro - SendBlaster software de correo masivo para marketing por email","description":"SendBlaster software de correo masivo para marketing por email SendBlaster Express: actualizar a SendBlaster Pro Los usuarios de SendBlaster Express pueden aprovechar un descuento exclusivo: 20% de descuento sobre el precio de SendBlaster Pro. Para acceder a este","robots":{"index":"index","follow":"follow","max-snippet":"max-snippet:-1","max-image-preview":"max-image-preview:large","max-video-preview":"max-video-preview:-1"},"canonical":"https:\/\/www.sendblaster.com\/es\/sendblaster-express-actualizacion\/","og_locale":"es_ES","og_type":"article","og_title":"SendBlaster Express: actualizar a SendBlaster Pro - SendBlaster software de correo masivo para marketing por email","og_description":"SendBlaster software de correo masivo para marketing por email SendBlaster Express: actualizar a SendBlaster Pro Los usuarios de SendBlaster Express pueden aprovechar un descuento exclusivo: 20% de descuento sobre el precio de SendBlaster Pro. Para acceder a este","og_url":"https:\/\/www.sendblaster.com\/es\/sendblaster-express-actualizacion\/","og_site_name":"SendBlaster software de correo masivo para marketing por email","article_modified_time":"2018-05-17T16:18:51+00:00","twitter_card":"summary_large_image","twitter_misc":{"Tiempo de lectura":"1 minuto"},"schema":{"@context":"https:\/\/schema.org","@graph":[{"@type":"WebPage","@id":"https:\/\/www.sendblaster.com\/es\/sendblaster-express-actualizacion\/","url":"https:\/\/www.sendblaster.com\/es\/sendblaster-express-actualizacion\/","name":"SendBlaster Express: actualizar a SendBlaster Pro - SendBlaster software de correo masivo para marketing por email","isPartOf":{"@id":"https:\/\/www.sendblaster.com\/#website"},"datePublished":"2018-05-17T16:18:14+00:00","dateModified":"2018-05-17T16:18:51+00:00","description":"SendBlaster software de correo masivo para marketing por email SendBlaster Express: actualizar a SendBlaster Pro Los usuarios de SendBlaster Express pueden aprovechar un descuento exclusivo: 20% de descuento sobre el precio de SendBlaster Pro. Para acceder a este","breadcrumb":{"@id":"https:\/\/www.sendblaster.com\/es\/sendblaster-express-actualizacion\/#breadcrumb"},"inLanguage":"es","potentialAction":[{"@type":"ReadAction","target":["https:\/\/www.sendblaster.com\/es\/sendblaster-express-actualizacion\/"]}]},{"@type":"BreadcrumbList","@id":"https:\/\/www.sendblaster.com\/es\/sendblaster-express-actualizacion\/#breadcrumb","itemListElement":[{"@type":"ListItem","position":1,"name":"Home","item":"https:\/\/www.sendblaster.com\/es\/"},{"@type":"ListItem","position":2,"name":"SendBlaster Express: actualizar a SendBlaster Pro"}]},{"@type":"WebSite","@id":"https:\/\/www.sendblaster.com\/#website","url":"https:\/\/www.sendblaster.com\/","name":"SendBlaster software de correo masivo para marketing por email","description":"","publisher":{"@id":"https:\/\/www.sendblaster.com\/#organization"},"potentialAction":[{"@type":"SearchAction","target":{"@type":"EntryPoint","urlTemplate":"https:\/\/www.sendblaster.com\/?s={search_term_string}"},"query-input":{"@type":"PropertyValueSpecification","valueRequired":true,"valueName":"search_term_string"}}],"inLanguage":"es"},{"@type":"Organization","@id":"https:\/\/www.sendblaster.com\/#organization","name":"SendBlaster software de correo masivo para marketing por email","url":"https:\/\/www.sendblaster.com\/","logo":{"@type":"ImageObject","inLanguage":"es","@id":"https:\/\/www.sendblaster.com\/#\/schema\/logo\/image\/","url":"https:\/\/www.sendblaster.com\/wp-content\/uploads\/2021\/09\/logo-svg-2021.svg","contentUrl":"https:\/\/www.sendblaster.com\/wp-content\/uploads\/2021\/09\/logo-svg-2021.svg","width":350,"height":70,"caption":"SendBlaster software de correo masivo para marketing por email"},"image":{"@id":"https:\/\/www.sendblaster.com\/#\/schema\/logo\/image\/"}}]}},"_links":{"self":[{"href":"https:\/\/www.sendblaster.com\/es\/wp-json\/wp\/v2\/pages\/2252"}],"collection":[{"href":"https:\/\/www.sendblaster.com\/es\/wp-json\/wp\/v2\/pages"}],"about":[{"href":"https:\/\/www.sendblaster.com\/es\/wp-json\/wp\/v2\/types\/page"}],"author":[{"embeddable":true,"href":"https:\/\/www.sendblaster.com\/es\/wp-json\/wp\/v2\/users\/2"}],"replies":[{"embeddable":true,"href":"https:\/\/www.sendblaster.com\/es\/wp-json\/wp\/v2\/comments?post=2252"}],"version-history":[{"count":5,"href":"https:\/\/www.sendblaster.com\/es\/wp-json\/wp\/v2\/pages\/2252\/revisions"}],"predecessor-version":[{"id":2257,"href":"https:\/\/www.sendblaster.com\/es\/wp-json\/wp\/v2\/pages\/2252\/revisions\/2257"}],"wp:attachment":[{"href":"https:\/\/www.sendblaster.com\/es\/wp-json\/wp\/v2\/media?parent=2252"}],"curies":[{"name":"wp","href":"https:\/\/api.w.org\/{rel}","templated":true}]}}