{"id":2240,"date":"2018-05-17T16:03:15","date_gmt":"2018-05-17T16:03:15","guid":{"rendered":"https:\/\/www.sendblaster.com\/wpnew-2018\/?page_id=2240"},"modified":"2018-05-17T16:03:15","modified_gmt":"2018-05-17T16:03:15","slug":"sendblaster-express-turbosmtp","status":"publish","type":"page","link":"https:\/\/www.sendblaster.com\/es\/sendblaster-express-turbosmtp\/","title":{"rendered":"SendBlaster Express: cuenta gratuita con TurboSMTP"},"content":{"rendered":"<p><span style=\"color: #ff0000;\"><em>\u00a0<\/em><\/span><\/p>\n<p>Cada versi\u00f3n de SendBlaster, incluye una cuenta demo del servicio de turboSMTP que no requiere registro, la misma permite a los usuarios enviar hasta 100 emails.<\/p>\n<p>Adicionalmente, los usuarios de SendBlaster Express pueden registrarse para una cuenta mayor la cual permite enviar <strong>hasta 1000 emails<\/strong>:<\/p>\n<p>&nbsp;<\/p>\n<p><a href=\"https:\/\/www.serversmtp.com\/es\/tsmtpregistration1.php?ref=express\">https:\/\/www.serversmtp.com\/es\/tsmtpregistration1.php?ref=express<\/a><\/p>\n<p>&nbsp;<\/p>\n<p>Por favor tenga en cuenta, que por razones de seguridad y debido a las estrictas pol\u00edticas antispam (las cuales son necesarias para garantizar las excelentes tasas de env\u00edo de turboSMTP), <strong>todas las solicitudes requieren de un proceso manual de revisi\u00f3n y aprobaci\u00f3n<\/strong> (o rechazo) por parte del personal de turboSMTP (en otras palabras, el proceso de aprobaci\u00f3n no es autom\u00e1tico y no puede ser garantizado). Luego de aplicar para una cuenta gratuita, el personal de turboSMTP lo contactar\u00e1 por email y solicitar\u00e1 informaci\u00f3n adicional, para ser provista mediante un formulario web; una vez que provea esa informaci\u00f3n, <strong>no olvide mencionar que utiliza SendBlaster Express<\/strong>.<strong><br \/>\n<\/strong><\/p>\n","protected":false},"excerpt":{"rendered":"<p>\u00a0 Cada versi\u00f3n de SendBlaster, incluye una cuenta demo del servicio de turboSMTP que no requiere registro, la misma permite a los usuarios enviar hasta 100 emails. Adicionalmente, los usuarios de SendBlaster Express pueden registrarse para una cuenta mayor la <\/p>\n<p class=\"read-more-container\"><a class=\"button read-more\" href=\"https:\/\/www.sendblaster.com\/es\/sendblaster-express-turbosmtp\/\" title=\"\">Sigue leyendo<\/a><\/p>\n","protected":false},"author":2,"featured_media":0,"parent":0,"menu_order":0,"comment_status":"closed","ping_status":"closed","template":"g1_template_page_sidebar_right.php","meta":{"_monsterinsights_skip_tracking":false,"_monsterinsights_sitenote_active":false,"_monsterinsights_sitenote_note":"","_monsterinsights_sitenote_category":0,"footnotes":""},"class_list":["post-2240","page","type-page","status-publish"],"yoast_head":"<!-- This site is optimized with the Yoast SEO plugin v23.5 - https:\/\/yoast.com\/wordpress\/plugins\/seo\/ -->\n<title>SendBlaster Express: cuenta gratuita con TurboSMTP - SendBlaster software de correo masivo para marketing por email<\/title>\n<meta name=\"description\" content=\"SendBlaster software de correo masivo para marketing por email SendBlaster Express: cuenta gratuita con TurboSMTP \u00a0 Cada versi\u00f3n de SendBlaster, incluye una cuenta demo del servicio de turboSMTP que no requiere registro, la misma permite a los usuarios enviar hasta\" \/>\n<meta name=\"robots\" content=\"index, follow, max-snippet:-1, max-image-preview:large, max-video-preview:-1\" \/>\n<link rel=\"canonical\" href=\"https:\/\/www.sendblaster.com\/es\/sendblaster-express-turbosmtp\/\" \/>\n<meta property=\"og:locale\" content=\"es_ES\" \/>\n<meta property=\"og:type\" content=\"article\" \/>\n<meta property=\"og:title\" content=\"SendBlaster Express: cuenta gratuita con TurboSMTP - SendBlaster software de correo masivo para marketing por email\" \/>\n<meta property=\"og:description\" content=\"SendBlaster software de correo masivo para marketing por email SendBlaster Express: cuenta gratuita con TurboSMTP \u00a0 Cada versi\u00f3n de SendBlaster, incluye una cuenta demo del servicio de turboSMTP que no requiere registro, la misma permite a los usuarios enviar hasta\" \/>\n<meta property=\"og:url\" content=\"https:\/\/www.sendblaster.com\/es\/sendblaster-express-turbosmtp\/\" \/>\n<meta property=\"og:site_name\" content=\"SendBlaster software de correo masivo para marketing por email\" \/>\n<meta name=\"twitter:card\" content=\"summary_large_image\" \/>\n<meta name=\"twitter:label1\" content=\"Tiempo de lectura\" \/>\n\t<meta name=\"twitter:data1\" content=\"1 minuto\" \/>\n<script type=\"application\/ld+json\" class=\"yoast-schema-graph\">{\"@context\":\"https:\/\/schema.org\",\"@graph\":[{\"@type\":\"WebPage\",\"@id\":\"https:\/\/www.sendblaster.com\/es\/sendblaster-express-turbosmtp\/\",\"url\":\"https:\/\/www.sendblaster.com\/es\/sendblaster-express-turbosmtp\/\",\"name\":\"SendBlaster Express: cuenta gratuita con TurboSMTP - SendBlaster software de correo masivo para marketing por email\",\"isPartOf\":{\"@id\":\"https:\/\/www.sendblaster.com\/#website\"},\"datePublished\":\"2018-05-17T16:03:15+00:00\",\"dateModified\":\"2018-05-17T16:03:15+00:00\",\"description\":\"SendBlaster software de correo masivo para marketing por email SendBlaster Express: cuenta gratuita con TurboSMTP \u00a0 Cada versi\u00f3n de SendBlaster, incluye una cuenta demo del servicio de turboSMTP que no requiere registro, la misma permite a los usuarios enviar hasta\",\"breadcrumb\":{\"@id\":\"https:\/\/www.sendblaster.com\/es\/sendblaster-express-turbosmtp\/#breadcrumb\"},\"inLanguage\":\"es\",\"potentialAction\":[{\"@type\":\"ReadAction\",\"target\":[\"https:\/\/www.sendblaster.com\/es\/sendblaster-express-turbosmtp\/\"]}]},{\"@type\":\"BreadcrumbList\",\"@id\":\"https:\/\/www.sendblaster.com\/es\/sendblaster-express-turbosmtp\/#breadcrumb\",\"itemListElement\":[{\"@type\":\"ListItem\",\"position\":1,\"name\":\"Home\",\"item\":\"https:\/\/www.sendblaster.com\/es\/\"},{\"@type\":\"ListItem\",\"position\":2,\"name\":\"SendBlaster Express: cuenta gratuita con TurboSMTP\"}]},{\"@type\":\"WebSite\",\"@id\":\"https:\/\/www.sendblaster.com\/#website\",\"url\":\"https:\/\/www.sendblaster.com\/\",\"name\":\"SendBlaster software de correo masivo para marketing por email\",\"description\":\"\",\"publisher\":{\"@id\":\"https:\/\/www.sendblaster.com\/#organization\"},\"potentialAction\":[{\"@type\":\"SearchAction\",\"target\":{\"@type\":\"EntryPoint\",\"urlTemplate\":\"https:\/\/www.sendblaster.com\/?s={search_term_string}\"},\"query-input\":{\"@type\":\"PropertyValueSpecification\",\"valueRequired\":true,\"valueName\":\"search_term_string\"}}],\"inLanguage\":\"es\"},{\"@type\":\"Organization\",\"@id\":\"https:\/\/www.sendblaster.com\/#organization\",\"name\":\"SendBlaster software de correo masivo para marketing por email\",\"url\":\"https:\/\/www.sendblaster.com\/\",\"logo\":{\"@type\":\"ImageObject\",\"inLanguage\":\"es\",\"@id\":\"https:\/\/www.sendblaster.com\/#\/schema\/logo\/image\/\",\"url\":\"https:\/\/www.sendblaster.com\/wp-content\/uploads\/2021\/09\/logo-svg-2021.svg\",\"contentUrl\":\"https:\/\/www.sendblaster.com\/wp-content\/uploads\/2021\/09\/logo-svg-2021.svg\",\"width\":350,\"height\":70,\"caption\":\"SendBlaster software de correo masivo para marketing por email\"},\"image\":{\"@id\":\"https:\/\/www.sendblaster.com\/#\/schema\/logo\/image\/\"}}]}<\/script>\n<!-- \/ Yoast SEO plugin. -->","yoast_head_json":{"title":"SendBlaster Express: cuenta gratuita con TurboSMTP - SendBlaster software de correo masivo para marketing por email","description":"SendBlaster software de correo masivo para marketing por email SendBlaster Express: cuenta gratuita con TurboSMTP \u00a0 Cada versi\u00f3n de SendBlaster, incluye una cuenta demo del servicio de turboSMTP que no requiere registro, la misma permite a los usuarios enviar hasta","robots":{"index":"index","follow":"follow","max-snippet":"max-snippet:-1","max-image-preview":"max-image-preview:large","max-video-preview":"max-video-preview:-1"},"canonical":"https:\/\/www.sendblaster.com\/es\/sendblaster-express-turbosmtp\/","og_locale":"es_ES","og_type":"article","og_title":"SendBlaster Express: cuenta gratuita con TurboSMTP - SendBlaster software de correo masivo para marketing por email","og_description":"SendBlaster software de correo masivo para marketing por email SendBlaster Express: cuenta gratuita con TurboSMTP \u00a0 Cada versi\u00f3n de SendBlaster, incluye una cuenta demo del servicio de turboSMTP que no requiere registro, la misma permite a los usuarios enviar hasta","og_url":"https:\/\/www.sendblaster.com\/es\/sendblaster-express-turbosmtp\/","og_site_name":"SendBlaster software de correo masivo para marketing por email","twitter_card":"summary_large_image","twitter_misc":{"Tiempo de lectura":"1 minuto"},"schema":{"@context":"https:\/\/schema.org","@graph":[{"@type":"WebPage","@id":"https:\/\/www.sendblaster.com\/es\/sendblaster-express-turbosmtp\/","url":"https:\/\/www.sendblaster.com\/es\/sendblaster-express-turbosmtp\/","name":"SendBlaster Express: cuenta gratuita con TurboSMTP - SendBlaster software de correo masivo para marketing por email","isPartOf":{"@id":"https:\/\/www.sendblaster.com\/#website"},"datePublished":"2018-05-17T16:03:15+00:00","dateModified":"2018-05-17T16:03:15+00:00","description":"SendBlaster software de correo masivo para marketing por email SendBlaster Express: cuenta gratuita con TurboSMTP \u00a0 Cada versi\u00f3n de SendBlaster, incluye una cuenta demo del servicio de turboSMTP que no requiere registro, la misma permite a los usuarios enviar hasta","breadcrumb":{"@id":"https:\/\/www.sendblaster.com\/es\/sendblaster-express-turbosmtp\/#breadcrumb"},"inLanguage":"es","potentialAction":[{"@type":"ReadAction","target":["https:\/\/www.sendblaster.com\/es\/sendblaster-express-turbosmtp\/"]}]},{"@type":"BreadcrumbList","@id":"https:\/\/www.sendblaster.com\/es\/sendblaster-express-turbosmtp\/#breadcrumb","itemListElement":[{"@type":"ListItem","position":1,"name":"Home","item":"https:\/\/www.sendblaster.com\/es\/"},{"@type":"ListItem","position":2,"name":"SendBlaster Express: cuenta gratuita con TurboSMTP"}]},{"@type":"WebSite","@id":"https:\/\/www.sendblaster.com\/#website","url":"https:\/\/www.sendblaster.com\/","name":"SendBlaster software de correo masivo para marketing por email","description":"","publisher":{"@id":"https:\/\/www.sendblaster.com\/#organization"},"potentialAction":[{"@type":"SearchAction","target":{"@type":"EntryPoint","urlTemplate":"https:\/\/www.sendblaster.com\/?s={search_term_string}"},"query-input":{"@type":"PropertyValueSpecification","valueRequired":true,"valueName":"search_term_string"}}],"inLanguage":"es"},{"@type":"Organization","@id":"https:\/\/www.sendblaster.com\/#organization","name":"SendBlaster software de correo masivo para marketing por email","url":"https:\/\/www.sendblaster.com\/","logo":{"@type":"ImageObject","inLanguage":"es","@id":"https:\/\/www.sendblaster.com\/#\/schema\/logo\/image\/","url":"https:\/\/www.sendblaster.com\/wp-content\/uploads\/2021\/09\/logo-svg-2021.svg","contentUrl":"https:\/\/www.sendblaster.com\/wp-content\/uploads\/2021\/09\/logo-svg-2021.svg","width":350,"height":70,"caption":"SendBlaster software de correo masivo para marketing por email"},"image":{"@id":"https:\/\/www.sendblaster.com\/#\/schema\/logo\/image\/"}}]}},"_links":{"self":[{"href":"https:\/\/www.sendblaster.com\/es\/wp-json\/wp\/v2\/pages\/2240"}],"collection":[{"href":"https:\/\/www.sendblaster.com\/es\/wp-json\/wp\/v2\/pages"}],"about":[{"href":"https:\/\/www.sendblaster.com\/es\/wp-json\/wp\/v2\/types\/page"}],"author":[{"embeddable":true,"href":"https:\/\/www.sendblaster.com\/es\/wp-json\/wp\/v2\/users\/2"}],"replies":[{"embeddable":true,"href":"https:\/\/www.sendblaster.com\/es\/wp-json\/wp\/v2\/comments?post=2240"}],"version-history":[{"count":2,"href":"https:\/\/www.sendblaster.com\/es\/wp-json\/wp\/v2\/pages\/2240\/revisions"}],"predecessor-version":[{"id":2242,"href":"https:\/\/www.sendblaster.com\/es\/wp-json\/wp\/v2\/pages\/2240\/revisions\/2242"}],"wp:attachment":[{"href":"https:\/\/www.sendblaster.com\/es\/wp-json\/wp\/v2\/media?parent=2240"}],"curies":[{"name":"wp","href":"https:\/\/api.w.org\/{rel}","templated":true}]}}