{"id":2237,"date":"2018-05-17T15:57:01","date_gmt":"2018-05-17T15:57:01","guid":{"rendered":"https:\/\/www.sendblaster.com\/wpnew-2018\/?page_id=2237"},"modified":"2018-06-25T09:58:42","modified_gmt":"2018-06-25T09:58:42","slug":"mas-consejos-para-un-mejor-envio-de-e-mails","status":"publish","type":"page","link":"https:\/\/www.sendblaster.com\/es\/mas-consejos-para-un-mejor-envio-de-e-mails\/","title":{"rendered":"M\u00e1s consejos para un mejor env\u00edo de emails"},"content":{"rendered":"<p><em>Este art\u00edculo constituye una continuaci\u00f3n del popular art\u00edculo <a href=\"https:\/\/www.sendblaster.com\/es\/consejos-para-un-mejor-envio-con-el-software-de-correo-masivo\">Consejos para un mejor env\u00edo con el software de correo masivo<\/a>.<\/em><\/p>\n<p><em>Si la tasa de emails entregados no es la esperada, es muy probable que sus mensajes sean eliminados por sistemas antispam por error.<\/em><\/p>\n<p><em>Aqu\u00ed le presentamos un listado de consejos que deber\u00eda seguir siempre al crear sus mensajes de e-mail.<\/em><\/p>\n<ol>\n<li>Si est\u00e1 utilizando e-mails HTML, <strong>incluya siempre una versi\u00f3n en texto plano en el e-mail<\/strong>, esta ser\u00e1 \u00fatil para los destinatarios (y sistemas anti-spam). Siempre mantenga las versiones HTML y de texto plano tan similares como sea posible. Mientras m\u00e1s similares sean ambas partes, el mensaje de e-mail tendr\u00e1 menores probabilidades de ser catalogado como spam.<\/li>\n<li>Mantenga la <strong>distribuci\u00f3n de su mensaje tan simple como sea posible<\/strong>. Evite el formato complejo (un e-mail con formato complejo puede verse mejor, pero llegar\u00e1 a menos lectores).<\/li>\n<li><strong>Preste atenci\u00f3n especial al asunto de su mensaje<\/strong>: nunca utilice signos de exclamaci\u00f3n (!), MAYUSCULAS, o palabras tales como \u201cgratis\u201d, \u201cgarantizado\u201d, o texto con espacios (e s t e e s u n t e x t o c o n e s p a c i o s)<\/li>\n<li><strong>Evite los saludos gen\u00e9ricos<\/strong> tales como \u201cEstimado cliente\u201d; incluso es mejor evitar todo saludo.<\/li>\n<li>Si est\u00e1 utilizando e-mails HTML, utilice e-mails HTML de alta calidad. <strong>Evite las herramientas que generan c\u00f3digo HTML mal formateado<\/strong> (por ejemplo: MS Word). Este tipo de herramientas dejan sus signos en el mensaje (tales como etiquetas vac\u00edas, o etiquetas no est\u00e1ndar) las cuales son encontradas con frecuencia en el spam. Las etiquetas no balanceadas y las etiquetas inv\u00e1lidas tambi\u00e9n pueden causar que su mensaje sea etiquetado como spam. Si utiliza un t\u00edtulo, aseg\u00farese de que el t\u00edtulo tenga sentido, los t\u00edtulos generados autom\u00e1ticamente por herramientas HTML generalmente son vistos como se\u00f1ales de spam.<\/li>\n<li><strong>No inserte contenido din\u00e1mico<\/strong> (javascript, ActiveX, plug-ins) en su mensaje. Si necesita contenido enriquecido, simplemente inserte un v\u00ednculo a una p\u00e1gina web de su sitio web que contenga este contenido.<\/li>\n<li><strong>No inserte demasiados gr\u00e1ficos<\/strong> en su mensaje de e-mail. Mientras menos cantidad de im\u00e1genes inserte, mayores probabilidades tendr\u00e1 su e-mail de ser entregado.<\/li>\n<li><strong>Evite adjuntar archivos<\/strong>; utilice v\u00ednculos a archivos almacenados en un servidor web.<\/li>\n<li>Utilice <strong>herramientas de env\u00edo de e-mails que funcionen adecuadamente<\/strong>. Los e-mails bien construidos (t\u00e9cnicamente correctos) pueden ser r\u00e1pidamente identificados como no-spam. Los emails que no poseen secciones <a title=\"Multipurpose Internet Mail Extensions\" href=\"http:\/\/en.wikipedia.org\/wiki\/MIME\">MIME<\/a>, poseen identificadores de e-mail inv\u00e1lidos o ausentes, cabeceras de fecha incorrectas o ausentes, campos de asunto u otras cabeceras no codificadas correctamente, etc., son frecuentemente calificados como spam.<\/li>\n<li>Evite codificaciones no necesarias. <strong>No utilice codificaci\u00f3n base-64<\/strong> a menos que realmente lo necesite.<\/li>\n<li>No incluya una declaraci\u00f3n informando que el contenido de su e-mail no constituye spam.<strong> No exprese el cumplimiento con ning\u00fan criterio legal<\/strong>, especialmente un criterio que no es aplicable en su pa\u00eds. S\u00f3lo el spam requiere expresar cumplimiento: los mensajes que no son spam, se suponen en cumplimiento.<\/li>\n<li><strong>Utilice un idioma conversacional regular<\/strong>, aseg\u00farese de no utilizar espacios excesivos o may\u00fasculas en el campo del asunto.<\/li>\n<li><strong>No utilice \u201cdecoraciones\u201d<\/strong>, no incluya E.S.P.A.C.I.O.S en sus palabras, no coloque caracteres extr@\u00f1os en sus e-mai|s u otros caracteres.<\/li>\n<li>Si est\u00e1 utilizando e-mails HTML, <strong>no utilice contenido invisible para rastrear sus e-mails<\/strong>. Si debe rastrear sus e-mails y si los mismos son le\u00eddos, utilice gr\u00e1ficos visibles como parte de su e-mail, no gr\u00e1ficos invisibles.<\/li>\n<li>No utilice campos de asunto que hagan referencia a spam. <strong>No hable sobre relojes rolex<\/strong>, actividades con contenido sexual o medicamentos, procesamiento de deuda, etc. a menos que estos asuntos se encuentren directamente relacionados con el contenido de su e-mail. En este caso, limite el t\u00f3pico de su e-mail a un asunto a la vez. Un mensaje que menciona relojes rolex, Viagra, pornograf\u00eda y temas financieros en el mismo e-mail, probablemente cumplir\u00e1 con varias reglas para ser considerado como spam.<\/li>\n<li><strong>No utilice herramientas utilizadas por spammers<\/strong> (por ejemplo, herramientas publicadas como herramientas de spam).<\/li>\n<li><strong>Utilice un servidor SMTP de confianza bien administrado<\/strong>. La mayor\u00eda de los e-mails no entregados provienen de servicios SMTP con pobres calificaciones, los cu\u00e1les generalmente conllevan a ser ingresado en listas negras: aseg\u00farese de que el personal de su servicio de SMTP se encuentra listo para ayudarlo en caso de ser ingresado en una lista negra por error.<\/li>\n<li>Aseg\u00farese de que su <strong>pol\u00edtica de privacidad<\/strong>, incluyendo informaci\u00f3n de contacto, sea f\u00e1cil de encontrar y entender en su sitio web. Es bueno incluir esta informaci\u00f3n (d\u00f3nde encontrar su pol\u00edtica e informaci\u00f3n de contacto), en sus e-mails. Nuevamente, los lectores que intenten determinar si usted es un spammer, buscar\u00e1n esta informaci\u00f3n: esta informaci\u00f3n le ayudar\u00e1 a mantenerse al margen de las listas negras.<\/li>\n<li><strong>Sea cuidadoso al publicitar<\/strong>, si usted publicita mediante empresas que env\u00edan spam, sus dominios ser\u00e1n etiquetados como relacionados al spam. Si usted realiza publicidad para aquellos que env\u00edan spam, sus dominios tambi\u00e9n ser\u00e1n catalogados como fuentes de spam.<\/li>\n<li><strong>Sea cuidadoso sobre los dominios\/empresas a los cu\u00e1les permite publicitar en sus e-mails<\/strong>. Al permitir spammers, sus e-mails ser\u00e1n etiquetados como spam y ser\u00e1 incluido en listas negras. Por el otro lado, evite publicitar sus dominios con spammers, de hacerlo, sus dominios podr\u00edan terminar en listas negras.<\/li>\n<\/ol>\n<p style=\"text-align: center; margin-bottom: 0px;\"><a href=\"https:\/\/www.sendblaster.com\/es\/descarga-programa-correo\" title=\"Descarga software de env\u00edo de newsletters 100% gratis\" class=\"download-cta\">Descarga Gratuita<\/a><a href=\"https:\/\/www.sendblaster.com\/es\/comprar\" title=\"Comprar SendBlaster PRO Ahora!\" class=\"buy-cta\">SendBlaster Pro<\/a><\/p>\n","protected":false},"excerpt":{"rendered":"<p>Este art\u00edculo constituye una continuaci\u00f3n del popular art\u00edculo Consejos para un mejor env\u00edo con el software de correo masivo. Si la tasa de emails entregados no es la esperada, es muy probable que sus mensajes sean eliminados por sistemas antispam <\/p>\n<p class=\"read-more-container\"><a class=\"button read-more\" href=\"https:\/\/www.sendblaster.com\/es\/mas-consejos-para-un-mejor-envio-de-e-mails\/\" title=\"\">Sigue leyendo<\/a><\/p>\n","protected":false},"author":2,"featured_media":0,"parent":0,"menu_order":0,"comment_status":"closed","ping_status":"closed","template":"g1_template_page_sidebar_right.php","meta":{"_monsterinsights_skip_tracking":false,"_monsterinsights_sitenote_active":false,"_monsterinsights_sitenote_note":"","_monsterinsights_sitenote_category":0,"footnotes":""},"class_list":["post-2237","page","type-page","status-publish"],"yoast_head":"<!-- This site is optimized with the Yoast SEO plugin v23.5 - https:\/\/yoast.com\/wordpress\/plugins\/seo\/ -->\n<title>M\u00e1s consejos para un mejor env\u00edo de emails - SendBlaster software de correo masivo para marketing por email<\/title>\n<meta name=\"description\" content=\"SendBlaster software de correo masivo para marketing por email M\u00e1s consejos para un mejor env\u00edo de emails Este art\u00edculo constituye una continuaci\u00f3n del popular art\u00edculo Consejos para un mejor env\u00edo con el software de correo masivo. Si la tasa de emails\" \/>\n<meta name=\"robots\" content=\"index, follow, max-snippet:-1, max-image-preview:large, max-video-preview:-1\" \/>\n<link rel=\"canonical\" href=\"https:\/\/www.sendblaster.com\/es\/mas-consejos-para-un-mejor-envio-de-e-mails\/\" \/>\n<meta property=\"og:locale\" content=\"es_ES\" \/>\n<meta property=\"og:type\" content=\"article\" \/>\n<meta property=\"og:title\" content=\"M\u00e1s consejos para un mejor env\u00edo de emails - SendBlaster software de correo masivo para marketing por email\" \/>\n<meta property=\"og:description\" content=\"SendBlaster software de correo masivo para marketing por email M\u00e1s consejos para un mejor env\u00edo de emails Este art\u00edculo constituye una continuaci\u00f3n del popular art\u00edculo Consejos para un mejor env\u00edo con el software de correo masivo. Si la tasa de emails\" \/>\n<meta property=\"og:url\" content=\"https:\/\/www.sendblaster.com\/es\/mas-consejos-para-un-mejor-envio-de-e-mails\/\" \/>\n<meta property=\"og:site_name\" content=\"SendBlaster software de correo masivo para marketing por email\" \/>\n<meta property=\"article:modified_time\" content=\"2018-06-25T09:58:42+00:00\" \/>\n<meta name=\"twitter:card\" content=\"summary_large_image\" \/>\n<meta name=\"twitter:label1\" content=\"Tiempo de lectura\" \/>\n\t<meta name=\"twitter:data1\" content=\"5 minutos\" \/>\n<script type=\"application\/ld+json\" class=\"yoast-schema-graph\">{\"@context\":\"https:\/\/schema.org\",\"@graph\":[{\"@type\":\"WebPage\",\"@id\":\"https:\/\/www.sendblaster.com\/es\/mas-consejos-para-un-mejor-envio-de-e-mails\/\",\"url\":\"https:\/\/www.sendblaster.com\/es\/mas-consejos-para-un-mejor-envio-de-e-mails\/\",\"name\":\"M\u00e1s consejos para un mejor env\u00edo de emails - SendBlaster software de correo masivo para marketing por email\",\"isPartOf\":{\"@id\":\"https:\/\/www.sendblaster.com\/#website\"},\"datePublished\":\"2018-05-17T15:57:01+00:00\",\"dateModified\":\"2018-06-25T09:58:42+00:00\",\"description\":\"SendBlaster software de correo masivo para marketing por email M\u00e1s consejos para un mejor env\u00edo de emails Este art\u00edculo constituye una continuaci\u00f3n del popular art\u00edculo Consejos para un mejor env\u00edo con el software de correo masivo. Si la tasa de emails\",\"breadcrumb\":{\"@id\":\"https:\/\/www.sendblaster.com\/es\/mas-consejos-para-un-mejor-envio-de-e-mails\/#breadcrumb\"},\"inLanguage\":\"es\",\"potentialAction\":[{\"@type\":\"ReadAction\",\"target\":[\"https:\/\/www.sendblaster.com\/es\/mas-consejos-para-un-mejor-envio-de-e-mails\/\"]}]},{\"@type\":\"BreadcrumbList\",\"@id\":\"https:\/\/www.sendblaster.com\/es\/mas-consejos-para-un-mejor-envio-de-e-mails\/#breadcrumb\",\"itemListElement\":[{\"@type\":\"ListItem\",\"position\":1,\"name\":\"Home\",\"item\":\"https:\/\/www.sendblaster.com\/es\/\"},{\"@type\":\"ListItem\",\"position\":2,\"name\":\"M\u00e1s consejos para un mejor env\u00edo de emails\"}]},{\"@type\":\"WebSite\",\"@id\":\"https:\/\/www.sendblaster.com\/#website\",\"url\":\"https:\/\/www.sendblaster.com\/\",\"name\":\"SendBlaster software de correo masivo para marketing por email\",\"description\":\"\",\"publisher\":{\"@id\":\"https:\/\/www.sendblaster.com\/#organization\"},\"potentialAction\":[{\"@type\":\"SearchAction\",\"target\":{\"@type\":\"EntryPoint\",\"urlTemplate\":\"https:\/\/www.sendblaster.com\/?s={search_term_string}\"},\"query-input\":{\"@type\":\"PropertyValueSpecification\",\"valueRequired\":true,\"valueName\":\"search_term_string\"}}],\"inLanguage\":\"es\"},{\"@type\":\"Organization\",\"@id\":\"https:\/\/www.sendblaster.com\/#organization\",\"name\":\"SendBlaster software de correo masivo para marketing por email\",\"url\":\"https:\/\/www.sendblaster.com\/\",\"logo\":{\"@type\":\"ImageObject\",\"inLanguage\":\"es\",\"@id\":\"https:\/\/www.sendblaster.com\/#\/schema\/logo\/image\/\",\"url\":\"https:\/\/www.sendblaster.com\/wp-content\/uploads\/2021\/09\/logo-svg-2021.svg\",\"contentUrl\":\"https:\/\/www.sendblaster.com\/wp-content\/uploads\/2021\/09\/logo-svg-2021.svg\",\"width\":350,\"height\":70,\"caption\":\"SendBlaster software de correo masivo para marketing por email\"},\"image\":{\"@id\":\"https:\/\/www.sendblaster.com\/#\/schema\/logo\/image\/\"}}]}<\/script>\n<!-- \/ Yoast SEO plugin. -->","yoast_head_json":{"title":"M\u00e1s consejos para un mejor env\u00edo de emails - SendBlaster software de correo masivo para marketing por email","description":"SendBlaster software de correo masivo para marketing por email M\u00e1s consejos para un mejor env\u00edo de emails Este art\u00edculo constituye una continuaci\u00f3n del popular art\u00edculo Consejos para un mejor env\u00edo con el software de correo masivo. Si la tasa de emails","robots":{"index":"index","follow":"follow","max-snippet":"max-snippet:-1","max-image-preview":"max-image-preview:large","max-video-preview":"max-video-preview:-1"},"canonical":"https:\/\/www.sendblaster.com\/es\/mas-consejos-para-un-mejor-envio-de-e-mails\/","og_locale":"es_ES","og_type":"article","og_title":"M\u00e1s consejos para un mejor env\u00edo de emails - SendBlaster software de correo masivo para marketing por email","og_description":"SendBlaster software de correo masivo para marketing por email M\u00e1s consejos para un mejor env\u00edo de emails Este art\u00edculo constituye una continuaci\u00f3n del popular art\u00edculo Consejos para un mejor env\u00edo con el software de correo masivo. Si la tasa de emails","og_url":"https:\/\/www.sendblaster.com\/es\/mas-consejos-para-un-mejor-envio-de-e-mails\/","og_site_name":"SendBlaster software de correo masivo para marketing por email","article_modified_time":"2018-06-25T09:58:42+00:00","twitter_card":"summary_large_image","twitter_misc":{"Tiempo de lectura":"5 minutos"},"schema":{"@context":"https:\/\/schema.org","@graph":[{"@type":"WebPage","@id":"https:\/\/www.sendblaster.com\/es\/mas-consejos-para-un-mejor-envio-de-e-mails\/","url":"https:\/\/www.sendblaster.com\/es\/mas-consejos-para-un-mejor-envio-de-e-mails\/","name":"M\u00e1s consejos para un mejor env\u00edo de emails - SendBlaster software de correo masivo para marketing por email","isPartOf":{"@id":"https:\/\/www.sendblaster.com\/#website"},"datePublished":"2018-05-17T15:57:01+00:00","dateModified":"2018-06-25T09:58:42+00:00","description":"SendBlaster software de correo masivo para marketing por email M\u00e1s consejos para un mejor env\u00edo de emails Este art\u00edculo constituye una continuaci\u00f3n del popular art\u00edculo Consejos para un mejor env\u00edo con el software de correo masivo. Si la tasa de emails","breadcrumb":{"@id":"https:\/\/www.sendblaster.com\/es\/mas-consejos-para-un-mejor-envio-de-e-mails\/#breadcrumb"},"inLanguage":"es","potentialAction":[{"@type":"ReadAction","target":["https:\/\/www.sendblaster.com\/es\/mas-consejos-para-un-mejor-envio-de-e-mails\/"]}]},{"@type":"BreadcrumbList","@id":"https:\/\/www.sendblaster.com\/es\/mas-consejos-para-un-mejor-envio-de-e-mails\/#breadcrumb","itemListElement":[{"@type":"ListItem","position":1,"name":"Home","item":"https:\/\/www.sendblaster.com\/es\/"},{"@type":"ListItem","position":2,"name":"M\u00e1s consejos para un mejor env\u00edo de emails"}]},{"@type":"WebSite","@id":"https:\/\/www.sendblaster.com\/#website","url":"https:\/\/www.sendblaster.com\/","name":"SendBlaster software de correo masivo para marketing por email","description":"","publisher":{"@id":"https:\/\/www.sendblaster.com\/#organization"},"potentialAction":[{"@type":"SearchAction","target":{"@type":"EntryPoint","urlTemplate":"https:\/\/www.sendblaster.com\/?s={search_term_string}"},"query-input":{"@type":"PropertyValueSpecification","valueRequired":true,"valueName":"search_term_string"}}],"inLanguage":"es"},{"@type":"Organization","@id":"https:\/\/www.sendblaster.com\/#organization","name":"SendBlaster software de correo masivo para marketing por email","url":"https:\/\/www.sendblaster.com\/","logo":{"@type":"ImageObject","inLanguage":"es","@id":"https:\/\/www.sendblaster.com\/#\/schema\/logo\/image\/","url":"https:\/\/www.sendblaster.com\/wp-content\/uploads\/2021\/09\/logo-svg-2021.svg","contentUrl":"https:\/\/www.sendblaster.com\/wp-content\/uploads\/2021\/09\/logo-svg-2021.svg","width":350,"height":70,"caption":"SendBlaster software de correo masivo para marketing por email"},"image":{"@id":"https:\/\/www.sendblaster.com\/#\/schema\/logo\/image\/"}}]}},"_links":{"self":[{"href":"https:\/\/www.sendblaster.com\/es\/wp-json\/wp\/v2\/pages\/2237"}],"collection":[{"href":"https:\/\/www.sendblaster.com\/es\/wp-json\/wp\/v2\/pages"}],"about":[{"href":"https:\/\/www.sendblaster.com\/es\/wp-json\/wp\/v2\/types\/page"}],"author":[{"embeddable":true,"href":"https:\/\/www.sendblaster.com\/es\/wp-json\/wp\/v2\/users\/2"}],"replies":[{"embeddable":true,"href":"https:\/\/www.sendblaster.com\/es\/wp-json\/wp\/v2\/comments?post=2237"}],"version-history":[{"count":4,"href":"https:\/\/www.sendblaster.com\/es\/wp-json\/wp\/v2\/pages\/2237\/revisions"}],"predecessor-version":[{"id":3083,"href":"https:\/\/www.sendblaster.com\/es\/wp-json\/wp\/v2\/pages\/2237\/revisions\/3083"}],"wp:attachment":[{"href":"https:\/\/www.sendblaster.com\/es\/wp-json\/wp\/v2\/media?parent=2237"}],"curies":[{"name":"wp","href":"https:\/\/api.w.org\/{rel}","templated":true}]}}