{"id":2217,"date":"2018-05-17T15:38:51","date_gmt":"2018-05-17T15:38:51","guid":{"rendered":"https:\/\/www.sendblaster.com\/wpnew-2018\/?page_id=2217"},"modified":"2018-05-17T15:38:51","modified_gmt":"2018-05-17T15:38:51","slug":"como-utilizar-la-herramienta-recortar-y-reemplazar","status":"publish","type":"page","link":"https:\/\/www.sendblaster.com\/es\/como-utilizar-la-herramienta-recortar-y-reemplazar\/","title":{"rendered":"C\u00f3mo utilizar la herramienta Recortar y reemplazar"},"content":{"rendered":"<div class=\"box-info new-icon\"><strong>Esta nueva caracter\u00edstica se encuentra disponible tanto en la versi\u00f3n GRATUITA como en la versi\u00f3n PRO de SendBlaster 3.<\/strong><\/div>\n<p>&nbsp;<\/p>\n<p>La herramienta <strong>Recortar y reemplazar<\/strong> le permite reemplazar diferentes im\u00e1genes en su mensaje sin necesidad de redimensionarlas. <strong>SendBlaster 3<\/strong> recorta las im\u00e1genes sin distorsionarlas y las redimensiona autom\u00e1ticamente para ajustarlas al mensaje. Como resultado, se conserva el modelo original.<\/p>\n<p>&nbsp;<\/p>\n<h2>C\u00f3mo funciona<\/h2>\n<p>En el mensaje, haga clic en la imagen que desea reemplazar.<\/p>\n<p>&nbsp;<\/p>\n<p><img decoding=\"async\" class=\"alignnone size-full wp-image-2219\" src=\"https:\/\/www.sendblaster.com\/wp-content\/uploads\/2018\/05\/crop-1.jpg\" alt=\"\" width=\"543\" height=\"295\" srcset=\"https:\/\/www.sendblaster.com\/wp-content\/uploads\/2018\/05\/crop-1.jpg 543w, https:\/\/www.sendblaster.com\/wp-content\/uploads\/2018\/05\/crop-1-300x163.jpg 300w, https:\/\/www.sendblaster.com\/wp-content\/uploads\/2018\/05\/crop-1-320x174.jpg 320w, https:\/\/www.sendblaster.com\/wp-content\/uploads\/2018\/05\/crop-1-239x130.jpg 239w\" sizes=\"(max-width: 543px) 100vw, 543px\" \/><\/p>\n<p>&nbsp;<\/p>\n<p>Haga clic en el icono \u201cRecortar y reemplazar\u201d en el editor de redacci\u00f3n.<\/p>\n<p>&nbsp;<\/p>\n<p><img decoding=\"async\" class=\"alignnone size-full wp-image-2198\" src=\"https:\/\/www.sendblaster.com\/wp-content\/uploads\/2018\/05\/check-links-1.jpg\" alt=\"\" width=\"562\" height=\"73\" srcset=\"https:\/\/www.sendblaster.com\/wp-content\/uploads\/2018\/05\/check-links-1.jpg 562w, https:\/\/www.sendblaster.com\/wp-content\/uploads\/2018\/05\/check-links-1-300x39.jpg 300w, https:\/\/www.sendblaster.com\/wp-content\/uploads\/2018\/05\/check-links-1-320x42.jpg 320w, https:\/\/www.sendblaster.com\/wp-content\/uploads\/2018\/05\/check-links-1-239x31.jpg 239w\" sizes=\"(max-width: 562px) 100vw, 562px\" \/><\/p>\n<p>&nbsp;<\/p>\n<p>Aparecer\u00e1 una nueva ventana emergente con 2 secciones separadas.<\/p>\n<p>&nbsp;<\/p>\n<p><img decoding=\"async\" class=\"alignnone size-full wp-image-2220\" src=\"https:\/\/www.sendblaster.com\/wp-content\/uploads\/2018\/05\/crop3-1.jpg\" alt=\"\" width=\"600\" height=\"406\" srcset=\"https:\/\/www.sendblaster.com\/wp-content\/uploads\/2018\/05\/crop3-1.jpg 600w, https:\/\/www.sendblaster.com\/wp-content\/uploads\/2018\/05\/crop3-1-300x203.jpg 300w, https:\/\/www.sendblaster.com\/wp-content\/uploads\/2018\/05\/crop3-1-320x217.jpg 320w, https:\/\/www.sendblaster.com\/wp-content\/uploads\/2018\/05\/crop3-1-239x162.jpg 239w\" sizes=\"(max-width: 600px) 100vw, 600px\" \/><\/p>\n<p>&nbsp;<\/p>\n<p>En el <strong>lado derecho<\/strong> ver\u00e1 la imagen que ha seleccionado previamente en el mensaje. Para reemplazarla por una nueva, cargue o arrastre y suelte una imagen en el \u00e1rea del lado izquierdo. La <strong>nueva imagen<\/strong> aparecer\u00e1 en ambas secciones.<\/p>\n<p>&nbsp;<\/p>\n<p><img decoding=\"async\" class=\"alignnone size-full wp-image-2221\" src=\"https:\/\/www.sendblaster.com\/wp-content\/uploads\/2018\/05\/crop4-1.jpg\" alt=\"\" width=\"600\" height=\"406\" srcset=\"https:\/\/www.sendblaster.com\/wp-content\/uploads\/2018\/05\/crop4-1.jpg 600w, https:\/\/www.sendblaster.com\/wp-content\/uploads\/2018\/05\/crop4-1-300x203.jpg 300w, https:\/\/www.sendblaster.com\/wp-content\/uploads\/2018\/05\/crop4-1-320x217.jpg 320w, https:\/\/www.sendblaster.com\/wp-content\/uploads\/2018\/05\/crop4-1-239x162.jpg 239w\" sizes=\"(max-width: 600px) 100vw, 600px\" \/><\/p>\n<p>&nbsp;<\/p>\n<p>En el \u00e1rea \u201c<strong>Imagen original<\/strong>\u201d, la imagen aparecer\u00e1 en <strong>tama\u00f1o real<\/strong>, mientras que en el \u00e1rea \u201c<strong>Imagen final<\/strong>\u201d, se mostrar\u00e1 la nueva imagen redimensionada con el mismo tama\u00f1o que la imagen que se va a reemplazar. Si la imagen redimensionada que aparece en el lado derecho es de su agrado, haga clic en \u201c<strong>Aceptar<\/strong>\u201d. La nueva imagen se insertar\u00e1 en el mensaje con el mismo tama\u00f1o que la imagen anterior.<\/p>\n<p>&nbsp;<\/p>\n<p><img decoding=\"async\" class=\"alignnone size-full wp-image-2222\" src=\"https:\/\/www.sendblaster.com\/wp-content\/uploads\/2018\/05\/crop5-1.jpg\" alt=\"\" width=\"558\" height=\"241\" srcset=\"https:\/\/www.sendblaster.com\/wp-content\/uploads\/2018\/05\/crop5-1.jpg 558w, https:\/\/www.sendblaster.com\/wp-content\/uploads\/2018\/05\/crop5-1-300x130.jpg 300w, https:\/\/www.sendblaster.com\/wp-content\/uploads\/2018\/05\/crop5-1-320x138.jpg 320w, https:\/\/www.sendblaster.com\/wp-content\/uploads\/2018\/05\/crop5-1-239x103.jpg 239w\" sizes=\"(max-width: 558px) 100vw, 558px\" \/><\/p>\n<p>&nbsp;<\/p>\n<p>Pero a\u00fan hay m\u00e1s. La herramienta <strong>Recortar y reemplazar<\/strong> tambi\u00e9n le permite seleccionar una parte de la nueva imagen y redimensionarla autom\u00e1ticamente al tama\u00f1o actual de la imagen anterior. Para ello, simplemente seleccione un \u00e1rea de la nueva imagen que quiere utilizar.<\/p>\n<p>&nbsp;<\/p>\n<p><img decoding=\"async\" class=\"alignnone size-full wp-image-2223\" src=\"https:\/\/www.sendblaster.com\/wp-content\/uploads\/2018\/05\/crop6-1.jpg\" alt=\"\" width=\"600\" height=\"406\" srcset=\"https:\/\/www.sendblaster.com\/wp-content\/uploads\/2018\/05\/crop6-1.jpg 600w, https:\/\/www.sendblaster.com\/wp-content\/uploads\/2018\/05\/crop6-1-300x203.jpg 300w, https:\/\/www.sendblaster.com\/wp-content\/uploads\/2018\/05\/crop6-1-320x217.jpg 320w, https:\/\/www.sendblaster.com\/wp-content\/uploads\/2018\/05\/crop6-1-239x162.jpg 239w\" sizes=\"(max-width: 600px) 100vw, 600px\" \/><\/p>\n<p>&nbsp;<\/p>\n<p>La herramienta la redimensionar\u00e1 de forma autom\u00e1tica para reemplazar perfectamente la imagen seleccionada en el mensaje.<\/p>\n<p>Si no le gusta la selecci\u00f3n que ha hecho en la imagen, simplemente haga clic en cualquier parte de la imagen. Se cancelar\u00e1 la selecci\u00f3n, permiti\u00e9ndole intentarlo de nuevo. Cuando haya terminado, haga clic en Aceptar para copiar la imagen en su mensaje.<\/p>\n<p>&nbsp;<\/p>\n<p><img decoding=\"async\" class=\"alignnone size-full wp-image-2224\" src=\"https:\/\/www.sendblaster.com\/wp-content\/uploads\/2018\/05\/crop7-1.jpg\" alt=\"\" width=\"558\" height=\"296\" srcset=\"https:\/\/www.sendblaster.com\/wp-content\/uploads\/2018\/05\/crop7-1.jpg 558w, https:\/\/www.sendblaster.com\/wp-content\/uploads\/2018\/05\/crop7-1-300x159.jpg 300w, https:\/\/www.sendblaster.com\/wp-content\/uploads\/2018\/05\/crop7-1-320x170.jpg 320w, https:\/\/www.sendblaster.com\/wp-content\/uploads\/2018\/05\/crop7-1-239x127.jpg 239w\" sizes=\"(max-width: 558px) 100vw, 558px\" \/><\/p>\n","protected":false},"excerpt":{"rendered":"<p>Esta nueva caracter\u00edstica se encuentra disponible tanto en la versi\u00f3n GRATUITA como en la versi\u00f3n PRO de SendBlaster 3. &nbsp; La herramienta Recortar y reemplazar le permite reemplazar diferentes im\u00e1genes en su mensaje sin necesidad de redimensionarlas. SendBlaster 3 recorta <\/p>\n<p class=\"read-more-container\"><a class=\"button read-more\" href=\"https:\/\/www.sendblaster.com\/es\/como-utilizar-la-herramienta-recortar-y-reemplazar\/\" title=\"\">Sigue leyendo<\/a><\/p>\n","protected":false},"author":2,"featured_media":0,"parent":0,"menu_order":0,"comment_status":"closed","ping_status":"closed","template":"g1_template_page_sidebar_right.php","meta":{"_monsterinsights_skip_tracking":false,"_monsterinsights_sitenote_active":false,"_monsterinsights_sitenote_note":"","_monsterinsights_sitenote_category":0,"footnotes":""},"class_list":["post-2217","page","type-page","status-publish"],"yoast_head":"<!-- This site is optimized with the Yoast SEO plugin v23.5 - https:\/\/yoast.com\/wordpress\/plugins\/seo\/ -->\n<title>C\u00f3mo utilizar la herramienta Recortar y reemplazar - SendBlaster software de correo masivo para marketing por email<\/title>\n<meta name=\"description\" content=\"SendBlaster software de correo masivo para marketing por email C\u00f3mo utilizar la herramienta Recortar y reemplazar Esta nueva caracter\u00edstica se encuentra disponible tanto en la versi\u00f3n GRATUITA como en la versi\u00f3n PRO de SendBlaster 3. &nbsp; La herramienta Recortar y\" \/>\n<meta name=\"robots\" content=\"index, follow, max-snippet:-1, max-image-preview:large, max-video-preview:-1\" \/>\n<link rel=\"canonical\" href=\"https:\/\/www.sendblaster.com\/es\/como-utilizar-la-herramienta-recortar-y-reemplazar\/\" \/>\n<meta property=\"og:locale\" content=\"es_ES\" \/>\n<meta property=\"og:type\" content=\"article\" \/>\n<meta property=\"og:title\" content=\"C\u00f3mo utilizar la herramienta Recortar y reemplazar - SendBlaster software de correo masivo para marketing por email\" \/>\n<meta property=\"og:description\" content=\"SendBlaster software de correo masivo para marketing por email C\u00f3mo utilizar la herramienta Recortar y reemplazar Esta nueva caracter\u00edstica se encuentra disponible tanto en la versi\u00f3n GRATUITA como en la versi\u00f3n PRO de SendBlaster 3. &nbsp; La herramienta Recortar y\" \/>\n<meta property=\"og:url\" content=\"https:\/\/www.sendblaster.com\/es\/como-utilizar-la-herramienta-recortar-y-reemplazar\/\" \/>\n<meta property=\"og:site_name\" content=\"SendBlaster software de correo masivo para marketing por email\" \/>\n<meta property=\"og:image\" content=\"https:\/\/www.sendblaster.com\/wp-content\/uploads\/2018\/05\/crop-1.jpg\" \/>\n<meta name=\"twitter:card\" content=\"summary_large_image\" \/>\n<meta name=\"twitter:label1\" content=\"Tiempo de lectura\" \/>\n\t<meta name=\"twitter:data1\" content=\"2 minutos\" \/>\n<script type=\"application\/ld+json\" class=\"yoast-schema-graph\">{\"@context\":\"https:\/\/schema.org\",\"@graph\":[{\"@type\":\"WebPage\",\"@id\":\"https:\/\/www.sendblaster.com\/es\/como-utilizar-la-herramienta-recortar-y-reemplazar\/\",\"url\":\"https:\/\/www.sendblaster.com\/es\/como-utilizar-la-herramienta-recortar-y-reemplazar\/\",\"name\":\"C\u00f3mo utilizar la herramienta Recortar y reemplazar - SendBlaster software de correo masivo para marketing por email\",\"isPartOf\":{\"@id\":\"https:\/\/www.sendblaster.com\/#website\"},\"primaryImageOfPage\":{\"@id\":\"https:\/\/www.sendblaster.com\/es\/como-utilizar-la-herramienta-recortar-y-reemplazar\/#primaryimage\"},\"image\":{\"@id\":\"https:\/\/www.sendblaster.com\/es\/como-utilizar-la-herramienta-recortar-y-reemplazar\/#primaryimage\"},\"thumbnailUrl\":\"https:\/\/www.sendblaster.com\/wp-content\/uploads\/2018\/05\/crop-1.jpg\",\"datePublished\":\"2018-05-17T15:38:51+00:00\",\"dateModified\":\"2018-05-17T15:38:51+00:00\",\"description\":\"SendBlaster software de correo masivo para marketing por email C\u00f3mo utilizar la herramienta Recortar y reemplazar Esta nueva caracter\u00edstica se encuentra disponible tanto en la versi\u00f3n GRATUITA como en la versi\u00f3n PRO de SendBlaster 3. &nbsp; La herramienta Recortar y\",\"breadcrumb\":{\"@id\":\"https:\/\/www.sendblaster.com\/es\/como-utilizar-la-herramienta-recortar-y-reemplazar\/#breadcrumb\"},\"inLanguage\":\"es\",\"potentialAction\":[{\"@type\":\"ReadAction\",\"target\":[\"https:\/\/www.sendblaster.com\/es\/como-utilizar-la-herramienta-recortar-y-reemplazar\/\"]}]},{\"@type\":\"ImageObject\",\"inLanguage\":\"es\",\"@id\":\"https:\/\/www.sendblaster.com\/es\/como-utilizar-la-herramienta-recortar-y-reemplazar\/#primaryimage\",\"url\":\"https:\/\/www.sendblaster.com\/wp-content\/uploads\/2018\/05\/crop-1.jpg\",\"contentUrl\":\"https:\/\/www.sendblaster.com\/wp-content\/uploads\/2018\/05\/crop-1.jpg\"},{\"@type\":\"BreadcrumbList\",\"@id\":\"https:\/\/www.sendblaster.com\/es\/como-utilizar-la-herramienta-recortar-y-reemplazar\/#breadcrumb\",\"itemListElement\":[{\"@type\":\"ListItem\",\"position\":1,\"name\":\"Home\",\"item\":\"https:\/\/www.sendblaster.com\/es\/\"},{\"@type\":\"ListItem\",\"position\":2,\"name\":\"C\u00f3mo utilizar la herramienta Recortar y reemplazar\"}]},{\"@type\":\"WebSite\",\"@id\":\"https:\/\/www.sendblaster.com\/#website\",\"url\":\"https:\/\/www.sendblaster.com\/\",\"name\":\"SendBlaster software de correo masivo para marketing por email\",\"description\":\"\",\"publisher\":{\"@id\":\"https:\/\/www.sendblaster.com\/#organization\"},\"potentialAction\":[{\"@type\":\"SearchAction\",\"target\":{\"@type\":\"EntryPoint\",\"urlTemplate\":\"https:\/\/www.sendblaster.com\/?s={search_term_string}\"},\"query-input\":{\"@type\":\"PropertyValueSpecification\",\"valueRequired\":true,\"valueName\":\"search_term_string\"}}],\"inLanguage\":\"es\"},{\"@type\":\"Organization\",\"@id\":\"https:\/\/www.sendblaster.com\/#organization\",\"name\":\"SendBlaster software de correo masivo para marketing por email\",\"url\":\"https:\/\/www.sendblaster.com\/\",\"logo\":{\"@type\":\"ImageObject\",\"inLanguage\":\"es\",\"@id\":\"https:\/\/www.sendblaster.com\/#\/schema\/logo\/image\/\",\"url\":\"https:\/\/www.sendblaster.com\/wp-content\/uploads\/2021\/09\/logo-svg-2021.svg\",\"contentUrl\":\"https:\/\/www.sendblaster.com\/wp-content\/uploads\/2021\/09\/logo-svg-2021.svg\",\"width\":350,\"height\":70,\"caption\":\"SendBlaster software de correo masivo para marketing por email\"},\"image\":{\"@id\":\"https:\/\/www.sendblaster.com\/#\/schema\/logo\/image\/\"}}]}<\/script>\n<!-- \/ Yoast SEO plugin. -->","yoast_head_json":{"title":"C\u00f3mo utilizar la herramienta Recortar y reemplazar - SendBlaster software de correo masivo para marketing por email","description":"SendBlaster software de correo masivo para marketing por email C\u00f3mo utilizar la herramienta Recortar y reemplazar Esta nueva caracter\u00edstica se encuentra disponible tanto en la versi\u00f3n GRATUITA como en la versi\u00f3n PRO de SendBlaster 3. &nbsp; La herramienta Recortar y","robots":{"index":"index","follow":"follow","max-snippet":"max-snippet:-1","max-image-preview":"max-image-preview:large","max-video-preview":"max-video-preview:-1"},"canonical":"https:\/\/www.sendblaster.com\/es\/como-utilizar-la-herramienta-recortar-y-reemplazar\/","og_locale":"es_ES","og_type":"article","og_title":"C\u00f3mo utilizar la herramienta Recortar y reemplazar - SendBlaster software de correo masivo para marketing por email","og_description":"SendBlaster software de correo masivo para marketing por email C\u00f3mo utilizar la herramienta Recortar y reemplazar Esta nueva caracter\u00edstica se encuentra disponible tanto en la versi\u00f3n GRATUITA como en la versi\u00f3n PRO de SendBlaster 3. &nbsp; La herramienta Recortar y","og_url":"https:\/\/www.sendblaster.com\/es\/como-utilizar-la-herramienta-recortar-y-reemplazar\/","og_site_name":"SendBlaster software de correo masivo para marketing por email","og_image":[{"url":"https:\/\/www.sendblaster.com\/wp-content\/uploads\/2018\/05\/crop-1.jpg"}],"twitter_card":"summary_large_image","twitter_misc":{"Tiempo de lectura":"2 minutos"},"schema":{"@context":"https:\/\/schema.org","@graph":[{"@type":"WebPage","@id":"https:\/\/www.sendblaster.com\/es\/como-utilizar-la-herramienta-recortar-y-reemplazar\/","url":"https:\/\/www.sendblaster.com\/es\/como-utilizar-la-herramienta-recortar-y-reemplazar\/","name":"C\u00f3mo utilizar la herramienta Recortar y reemplazar - SendBlaster software de correo masivo para marketing por email","isPartOf":{"@id":"https:\/\/www.sendblaster.com\/#website"},"primaryImageOfPage":{"@id":"https:\/\/www.sendblaster.com\/es\/como-utilizar-la-herramienta-recortar-y-reemplazar\/#primaryimage"},"image":{"@id":"https:\/\/www.sendblaster.com\/es\/como-utilizar-la-herramienta-recortar-y-reemplazar\/#primaryimage"},"thumbnailUrl":"https:\/\/www.sendblaster.com\/wp-content\/uploads\/2018\/05\/crop-1.jpg","datePublished":"2018-05-17T15:38:51+00:00","dateModified":"2018-05-17T15:38:51+00:00","description":"SendBlaster software de correo masivo para marketing por email C\u00f3mo utilizar la herramienta Recortar y reemplazar Esta nueva caracter\u00edstica se encuentra disponible tanto en la versi\u00f3n GRATUITA como en la versi\u00f3n PRO de SendBlaster 3. &nbsp; La herramienta Recortar y","breadcrumb":{"@id":"https:\/\/www.sendblaster.com\/es\/como-utilizar-la-herramienta-recortar-y-reemplazar\/#breadcrumb"},"inLanguage":"es","potentialAction":[{"@type":"ReadAction","target":["https:\/\/www.sendblaster.com\/es\/como-utilizar-la-herramienta-recortar-y-reemplazar\/"]}]},{"@type":"ImageObject","inLanguage":"es","@id":"https:\/\/www.sendblaster.com\/es\/como-utilizar-la-herramienta-recortar-y-reemplazar\/#primaryimage","url":"https:\/\/www.sendblaster.com\/wp-content\/uploads\/2018\/05\/crop-1.jpg","contentUrl":"https:\/\/www.sendblaster.com\/wp-content\/uploads\/2018\/05\/crop-1.jpg"},{"@type":"BreadcrumbList","@id":"https:\/\/www.sendblaster.com\/es\/como-utilizar-la-herramienta-recortar-y-reemplazar\/#breadcrumb","itemListElement":[{"@type":"ListItem","position":1,"name":"Home","item":"https:\/\/www.sendblaster.com\/es\/"},{"@type":"ListItem","position":2,"name":"C\u00f3mo utilizar la herramienta Recortar y reemplazar"}]},{"@type":"WebSite","@id":"https:\/\/www.sendblaster.com\/#website","url":"https:\/\/www.sendblaster.com\/","name":"SendBlaster software de correo masivo para marketing por email","description":"","publisher":{"@id":"https:\/\/www.sendblaster.com\/#organization"},"potentialAction":[{"@type":"SearchAction","target":{"@type":"EntryPoint","urlTemplate":"https:\/\/www.sendblaster.com\/?s={search_term_string}"},"query-input":{"@type":"PropertyValueSpecification","valueRequired":true,"valueName":"search_term_string"}}],"inLanguage":"es"},{"@type":"Organization","@id":"https:\/\/www.sendblaster.com\/#organization","name":"SendBlaster software de correo masivo para marketing por email","url":"https:\/\/www.sendblaster.com\/","logo":{"@type":"ImageObject","inLanguage":"es","@id":"https:\/\/www.sendblaster.com\/#\/schema\/logo\/image\/","url":"https:\/\/www.sendblaster.com\/wp-content\/uploads\/2021\/09\/logo-svg-2021.svg","contentUrl":"https:\/\/www.sendblaster.com\/wp-content\/uploads\/2021\/09\/logo-svg-2021.svg","width":350,"height":70,"caption":"SendBlaster software de correo masivo para marketing por email"},"image":{"@id":"https:\/\/www.sendblaster.com\/#\/schema\/logo\/image\/"}}]}},"_links":{"self":[{"href":"https:\/\/www.sendblaster.com\/es\/wp-json\/wp\/v2\/pages\/2217"}],"collection":[{"href":"https:\/\/www.sendblaster.com\/es\/wp-json\/wp\/v2\/pages"}],"about":[{"href":"https:\/\/www.sendblaster.com\/es\/wp-json\/wp\/v2\/types\/page"}],"author":[{"embeddable":true,"href":"https:\/\/www.sendblaster.com\/es\/wp-json\/wp\/v2\/users\/2"}],"replies":[{"embeddable":true,"href":"https:\/\/www.sendblaster.com\/es\/wp-json\/wp\/v2\/comments?post=2217"}],"version-history":[{"count":2,"href":"https:\/\/www.sendblaster.com\/es\/wp-json\/wp\/v2\/pages\/2217\/revisions"}],"predecessor-version":[{"id":2225,"href":"https:\/\/www.sendblaster.com\/es\/wp-json\/wp\/v2\/pages\/2217\/revisions\/2225"}],"wp:attachment":[{"href":"https:\/\/www.sendblaster.com\/es\/wp-json\/wp\/v2\/media?parent=2217"}],"curies":[{"name":"wp","href":"https:\/\/api.w.org\/{rel}","templated":true}]}}