{"id":2208,"date":"2018-05-17T15:24:09","date_gmt":"2018-05-17T15:24:09","guid":{"rendered":"https:\/\/www.sendblaster.com\/wpnew-2018\/?page_id=2208"},"modified":"2018-05-17T15:24:42","modified_gmt":"2018-05-17T15:24:42","slug":"caracteristicas-desuscripcion-global-y-rebote-global","status":"publish","type":"page","link":"https:\/\/www.sendblaster.com\/es\/caracteristicas-desuscripcion-global-y-rebote-global\/","title":{"rendered":"Caracter\u00edsticas Desuscripci\u00f3n Global y Rebote Global"},"content":{"rendered":"<div class=\"box-info new-icon\"><strong>Esta nueva caracter\u00edstica se encuentra disponible tanto en la versi\u00f3n GRATUITA como en la versi\u00f3n PRO de SendBlaster 3.<\/strong><\/div>\n<p>&nbsp;<\/p>\n<p>El proceso de desuscripci\u00f3n deber\u00eda ser r\u00e1pido, f\u00e1cil y sin dificultades.<\/p>\n<p>Por ejemplo, nunca deber\u00eda esconder deliberadamente las instrucciones de desuscripci\u00f3n o hacerlas complejas. Un proceso de desuscripci\u00f3n transparente le ayudar\u00e1 sin duda a mantener su reputaci\u00f3n como emisor de correo electr\u00f3nico entre sus suscriptores y su proveedor de servicios de internet.<\/p>\n<p>SendBlaster 3 le ofrece una nueva y poderosa caracter\u00edstica llamada <strong>Desuscripci\u00f3n Global<\/strong> que le ayudar\u00e1 al instante a optimizar el proceso de desuscripci\u00f3n cuando tiene que administrar m\u00faltiples listas.<\/p>\n<p>&nbsp;<\/p>\n<h2>C\u00f3mo funciona<\/h2>\n<p>Con la caracter\u00edstica Desuscripci\u00f3n Global, el destinatario que solicita darse de baja en su lista de correo ser\u00e1 eliminado autom\u00e1ticamente de <strong>todas las listas<\/strong> en las que aparezca su direcci\u00f3n de correo electr\u00f3nico.<\/p>\n<p>Esto quiere decir que a\u00fan si ha copiado la misma direcci\u00f3n en diferentes listas de correo, gracias a la caracter\u00edstica Desuscripci\u00f3n Global, podr\u00e1 eliminarla <strong>con un solo clic<\/strong>. No necesitar\u00e1 actualizar las listas manualmente nunca m\u00e1s.<\/p>\n<p>Para activar Desuscripci\u00f3n Global simplemente haga clic en la casilla Desuscripci\u00f3n Global en el <strong>panel Administrar suscripciones<\/strong>.<\/p>\n<p>&nbsp;<\/p>\n<p><img decoding=\"async\" class=\"alignnone size-full wp-image-2211\" src=\"https:\/\/www.sendblaster.com\/wp-content\/uploads\/2018\/05\/global-unsubscription-3.jpg\" alt=\"\" width=\"574\" height=\"508\" srcset=\"https:\/\/www.sendblaster.com\/wp-content\/uploads\/2018\/05\/global-unsubscription-3.jpg 574w, https:\/\/www.sendblaster.com\/wp-content\/uploads\/2018\/05\/global-unsubscription-3-300x266.jpg 300w, https:\/\/www.sendblaster.com\/wp-content\/uploads\/2018\/05\/global-unsubscription-3-320x283.jpg 320w, https:\/\/www.sendblaster.com\/wp-content\/uploads\/2018\/05\/global-unsubscription-3-239x212.jpg 239w\" sizes=\"(max-width: 574px) 100vw, 574px\" \/><\/p>\n<p>&nbsp;<\/p>\n<p>Si no activa la opci\u00f3n Desuscripci\u00f3n Global, la direcci\u00f3n del destinatario que solicita la baja se eliminar\u00e1 solo de la lista a la que fue a\u00f1adida.<\/p>\n<p>Como puede ver, esta caracter\u00edstica puede ser particularmente \u00fatil si administra muchas listas de correo con SendBlaster. Le sugerimos que <strong>mantenga esta opci\u00f3n activada<\/strong> si no hay razones espec\u00edficas para lo contrario. De hecho, notar\u00e1 inmediatamente ciertos beneficios, como<\/p>\n<ul>\n<li>menos quejas de los destinatarios,<\/li>\n<li>listas de correos m\u00e1s limpias<\/li>\n<li>mejora de su reputaci\u00f3n como emisor.<\/li>\n<\/ul>\n<p>En <strong>SendBlaster 3<\/strong> hay disponible tambi\u00e9n una opci\u00f3n similar para Rebotes llamada <strong>Rebote Global<\/strong>.<\/p>\n<p>Al igual que con la caracter\u00edstica Desuscripci\u00f3n Global, la opci\u00f3n Rebote Global le permite <strong>eliminar todos los rebotes duros<\/strong> (p. ej., direcciones de correo no v\u00e1lidas) no solo de la lista seleccionada sino de todas las listas administradas con SendBlaster.<\/p>\n<p>Para activar la opci\u00f3n Rebote Global, simplemente vaya al panel <strong>Administrar devoluciones<\/strong> y habilite la casilla Rebote Global.<\/p>\n<p>&nbsp;<\/p>\n<p><img decoding=\"async\" class=\"alignnone size-full wp-image-2212\" src=\"https:\/\/www.sendblaster.com\/wp-content\/uploads\/2018\/05\/global-unsubscription-2-2.jpg\" alt=\"\" width=\"574\" height=\"508\" srcset=\"https:\/\/www.sendblaster.com\/wp-content\/uploads\/2018\/05\/global-unsubscription-2-2.jpg 574w, https:\/\/www.sendblaster.com\/wp-content\/uploads\/2018\/05\/global-unsubscription-2-2-300x266.jpg 300w, https:\/\/www.sendblaster.com\/wp-content\/uploads\/2018\/05\/global-unsubscription-2-2-320x283.jpg 320w, https:\/\/www.sendblaster.com\/wp-content\/uploads\/2018\/05\/global-unsubscription-2-2-239x212.jpg 239w\" sizes=\"(max-width: 574px) 100vw, 574px\" \/><\/p>\n<p>&nbsp;<\/p>\n<p>Le recomendamos encarecidamente que <strong>mantenga esta caracter\u00edstica activada<\/strong>.<\/p>\n<p>As\u00ed podr\u00e1 mantener sus listas de correo limpias y, en consecuencia, mejorar su reputaci\u00f3n y su capacidad de entrega.<\/p>\n","protected":false},"excerpt":{"rendered":"<p>Esta nueva caracter\u00edstica se encuentra disponible tanto en la versi\u00f3n GRATUITA como en la versi\u00f3n PRO de SendBlaster 3. &nbsp; El proceso de desuscripci\u00f3n deber\u00eda ser r\u00e1pido, f\u00e1cil y sin dificultades. Por ejemplo, nunca deber\u00eda esconder deliberadamente las instrucciones de <\/p>\n<p class=\"read-more-container\"><a class=\"button read-more\" href=\"https:\/\/www.sendblaster.com\/es\/caracteristicas-desuscripcion-global-y-rebote-global\/\" title=\"\">Sigue leyendo<\/a><\/p>\n","protected":false},"author":2,"featured_media":0,"parent":0,"menu_order":0,"comment_status":"closed","ping_status":"closed","template":"g1_template_page_sidebar_right.php","meta":{"_monsterinsights_skip_tracking":false,"_monsterinsights_sitenote_active":false,"_monsterinsights_sitenote_note":"","_monsterinsights_sitenote_category":0,"footnotes":""},"class_list":["post-2208","page","type-page","status-publish"],"yoast_head":"<!-- This site is optimized with the Yoast SEO plugin v23.5 - https:\/\/yoast.com\/wordpress\/plugins\/seo\/ -->\n<title>Caracter\u00edsticas Desuscripci\u00f3n Global y Rebote Global - SendBlaster software de correo masivo para marketing por email<\/title>\n<meta name=\"description\" content=\"SendBlaster software de correo masivo para marketing por email Caracter\u00edsticas Desuscripci\u00f3n Global y Rebote Global Esta nueva caracter\u00edstica se encuentra disponible tanto en la versi\u00f3n GRATUITA como en la versi\u00f3n PRO de SendBlaster 3. &nbsp; El proceso de desuscripci\u00f3n\" \/>\n<meta name=\"robots\" content=\"index, follow, max-snippet:-1, max-image-preview:large, max-video-preview:-1\" \/>\n<link rel=\"canonical\" href=\"https:\/\/www.sendblaster.com\/es\/caracteristicas-desuscripcion-global-y-rebote-global\/\" \/>\n<meta property=\"og:locale\" content=\"es_ES\" \/>\n<meta property=\"og:type\" content=\"article\" \/>\n<meta property=\"og:title\" content=\"Caracter\u00edsticas Desuscripci\u00f3n Global y Rebote Global - SendBlaster software de correo masivo para marketing por email\" \/>\n<meta property=\"og:description\" content=\"SendBlaster software de correo masivo para marketing por email Caracter\u00edsticas Desuscripci\u00f3n Global y Rebote Global Esta nueva caracter\u00edstica se encuentra disponible tanto en la versi\u00f3n GRATUITA como en la versi\u00f3n PRO de SendBlaster 3. &nbsp; El proceso de desuscripci\u00f3n\" \/>\n<meta property=\"og:url\" content=\"https:\/\/www.sendblaster.com\/es\/caracteristicas-desuscripcion-global-y-rebote-global\/\" \/>\n<meta property=\"og:site_name\" content=\"SendBlaster software de correo masivo para marketing por email\" \/>\n<meta property=\"article:modified_time\" content=\"2018-05-17T15:24:42+00:00\" \/>\n<meta property=\"og:image\" content=\"https:\/\/www.sendblaster.com\/wp-content\/uploads\/2018\/05\/global-unsubscription-3.jpg\" \/>\n<meta name=\"twitter:card\" content=\"summary_large_image\" \/>\n<meta name=\"twitter:label1\" content=\"Tiempo de lectura\" \/>\n\t<meta name=\"twitter:data1\" content=\"2 minutos\" \/>\n<script type=\"application\/ld+json\" class=\"yoast-schema-graph\">{\"@context\":\"https:\/\/schema.org\",\"@graph\":[{\"@type\":\"WebPage\",\"@id\":\"https:\/\/www.sendblaster.com\/es\/caracteristicas-desuscripcion-global-y-rebote-global\/\",\"url\":\"https:\/\/www.sendblaster.com\/es\/caracteristicas-desuscripcion-global-y-rebote-global\/\",\"name\":\"Caracter\u00edsticas Desuscripci\u00f3n Global y Rebote Global - SendBlaster software de correo masivo para marketing por email\",\"isPartOf\":{\"@id\":\"https:\/\/www.sendblaster.com\/#website\"},\"primaryImageOfPage\":{\"@id\":\"https:\/\/www.sendblaster.com\/es\/caracteristicas-desuscripcion-global-y-rebote-global\/#primaryimage\"},\"image\":{\"@id\":\"https:\/\/www.sendblaster.com\/es\/caracteristicas-desuscripcion-global-y-rebote-global\/#primaryimage\"},\"thumbnailUrl\":\"https:\/\/www.sendblaster.com\/wp-content\/uploads\/2018\/05\/global-unsubscription-3.jpg\",\"datePublished\":\"2018-05-17T15:24:09+00:00\",\"dateModified\":\"2018-05-17T15:24:42+00:00\",\"description\":\"SendBlaster software de correo masivo para marketing por email Caracter\u00edsticas Desuscripci\u00f3n Global y Rebote Global Esta nueva caracter\u00edstica se encuentra disponible tanto en la versi\u00f3n GRATUITA como en la versi\u00f3n PRO de SendBlaster 3. &nbsp; El proceso de desuscripci\u00f3n\",\"breadcrumb\":{\"@id\":\"https:\/\/www.sendblaster.com\/es\/caracteristicas-desuscripcion-global-y-rebote-global\/#breadcrumb\"},\"inLanguage\":\"es\",\"potentialAction\":[{\"@type\":\"ReadAction\",\"target\":[\"https:\/\/www.sendblaster.com\/es\/caracteristicas-desuscripcion-global-y-rebote-global\/\"]}]},{\"@type\":\"ImageObject\",\"inLanguage\":\"es\",\"@id\":\"https:\/\/www.sendblaster.com\/es\/caracteristicas-desuscripcion-global-y-rebote-global\/#primaryimage\",\"url\":\"https:\/\/www.sendblaster.com\/wp-content\/uploads\/2018\/05\/global-unsubscription-3.jpg\",\"contentUrl\":\"https:\/\/www.sendblaster.com\/wp-content\/uploads\/2018\/05\/global-unsubscription-3.jpg\"},{\"@type\":\"BreadcrumbList\",\"@id\":\"https:\/\/www.sendblaster.com\/es\/caracteristicas-desuscripcion-global-y-rebote-global\/#breadcrumb\",\"itemListElement\":[{\"@type\":\"ListItem\",\"position\":1,\"name\":\"Home\",\"item\":\"https:\/\/www.sendblaster.com\/es\/\"},{\"@type\":\"ListItem\",\"position\":2,\"name\":\"Caracter\u00edsticas Desuscripci\u00f3n Global y Rebote Global\"}]},{\"@type\":\"WebSite\",\"@id\":\"https:\/\/www.sendblaster.com\/#website\",\"url\":\"https:\/\/www.sendblaster.com\/\",\"name\":\"SendBlaster software de correo masivo para marketing por email\",\"description\":\"\",\"publisher\":{\"@id\":\"https:\/\/www.sendblaster.com\/#organization\"},\"potentialAction\":[{\"@type\":\"SearchAction\",\"target\":{\"@type\":\"EntryPoint\",\"urlTemplate\":\"https:\/\/www.sendblaster.com\/?s={search_term_string}\"},\"query-input\":{\"@type\":\"PropertyValueSpecification\",\"valueRequired\":true,\"valueName\":\"search_term_string\"}}],\"inLanguage\":\"es\"},{\"@type\":\"Organization\",\"@id\":\"https:\/\/www.sendblaster.com\/#organization\",\"name\":\"SendBlaster software de correo masivo para marketing por email\",\"url\":\"https:\/\/www.sendblaster.com\/\",\"logo\":{\"@type\":\"ImageObject\",\"inLanguage\":\"es\",\"@id\":\"https:\/\/www.sendblaster.com\/#\/schema\/logo\/image\/\",\"url\":\"https:\/\/www.sendblaster.com\/wp-content\/uploads\/2021\/09\/logo-svg-2021.svg\",\"contentUrl\":\"https:\/\/www.sendblaster.com\/wp-content\/uploads\/2021\/09\/logo-svg-2021.svg\",\"width\":350,\"height\":70,\"caption\":\"SendBlaster software de correo masivo para marketing por email\"},\"image\":{\"@id\":\"https:\/\/www.sendblaster.com\/#\/schema\/logo\/image\/\"}}]}<\/script>\n<!-- \/ Yoast SEO plugin. -->","yoast_head_json":{"title":"Caracter\u00edsticas Desuscripci\u00f3n Global y Rebote Global - SendBlaster software de correo masivo para marketing por email","description":"SendBlaster software de correo masivo para marketing por email Caracter\u00edsticas Desuscripci\u00f3n Global y Rebote Global Esta nueva caracter\u00edstica se encuentra disponible tanto en la versi\u00f3n GRATUITA como en la versi\u00f3n PRO de SendBlaster 3. &nbsp; El proceso de desuscripci\u00f3n","robots":{"index":"index","follow":"follow","max-snippet":"max-snippet:-1","max-image-preview":"max-image-preview:large","max-video-preview":"max-video-preview:-1"},"canonical":"https:\/\/www.sendblaster.com\/es\/caracteristicas-desuscripcion-global-y-rebote-global\/","og_locale":"es_ES","og_type":"article","og_title":"Caracter\u00edsticas Desuscripci\u00f3n Global y Rebote Global - SendBlaster software de correo masivo para marketing por email","og_description":"SendBlaster software de correo masivo para marketing por email Caracter\u00edsticas Desuscripci\u00f3n Global y Rebote Global Esta nueva caracter\u00edstica se encuentra disponible tanto en la versi\u00f3n GRATUITA como en la versi\u00f3n PRO de SendBlaster 3. &nbsp; El proceso de desuscripci\u00f3n","og_url":"https:\/\/www.sendblaster.com\/es\/caracteristicas-desuscripcion-global-y-rebote-global\/","og_site_name":"SendBlaster software de correo masivo para marketing por email","article_modified_time":"2018-05-17T15:24:42+00:00","og_image":[{"url":"https:\/\/www.sendblaster.com\/wp-content\/uploads\/2018\/05\/global-unsubscription-3.jpg"}],"twitter_card":"summary_large_image","twitter_misc":{"Tiempo de lectura":"2 minutos"},"schema":{"@context":"https:\/\/schema.org","@graph":[{"@type":"WebPage","@id":"https:\/\/www.sendblaster.com\/es\/caracteristicas-desuscripcion-global-y-rebote-global\/","url":"https:\/\/www.sendblaster.com\/es\/caracteristicas-desuscripcion-global-y-rebote-global\/","name":"Caracter\u00edsticas Desuscripci\u00f3n Global y Rebote Global - SendBlaster software de correo masivo para marketing por email","isPartOf":{"@id":"https:\/\/www.sendblaster.com\/#website"},"primaryImageOfPage":{"@id":"https:\/\/www.sendblaster.com\/es\/caracteristicas-desuscripcion-global-y-rebote-global\/#primaryimage"},"image":{"@id":"https:\/\/www.sendblaster.com\/es\/caracteristicas-desuscripcion-global-y-rebote-global\/#primaryimage"},"thumbnailUrl":"https:\/\/www.sendblaster.com\/wp-content\/uploads\/2018\/05\/global-unsubscription-3.jpg","datePublished":"2018-05-17T15:24:09+00:00","dateModified":"2018-05-17T15:24:42+00:00","description":"SendBlaster software de correo masivo para marketing por email Caracter\u00edsticas Desuscripci\u00f3n Global y Rebote Global Esta nueva caracter\u00edstica se encuentra disponible tanto en la versi\u00f3n GRATUITA como en la versi\u00f3n PRO de SendBlaster 3. &nbsp; El proceso de desuscripci\u00f3n","breadcrumb":{"@id":"https:\/\/www.sendblaster.com\/es\/caracteristicas-desuscripcion-global-y-rebote-global\/#breadcrumb"},"inLanguage":"es","potentialAction":[{"@type":"ReadAction","target":["https:\/\/www.sendblaster.com\/es\/caracteristicas-desuscripcion-global-y-rebote-global\/"]}]},{"@type":"ImageObject","inLanguage":"es","@id":"https:\/\/www.sendblaster.com\/es\/caracteristicas-desuscripcion-global-y-rebote-global\/#primaryimage","url":"https:\/\/www.sendblaster.com\/wp-content\/uploads\/2018\/05\/global-unsubscription-3.jpg","contentUrl":"https:\/\/www.sendblaster.com\/wp-content\/uploads\/2018\/05\/global-unsubscription-3.jpg"},{"@type":"BreadcrumbList","@id":"https:\/\/www.sendblaster.com\/es\/caracteristicas-desuscripcion-global-y-rebote-global\/#breadcrumb","itemListElement":[{"@type":"ListItem","position":1,"name":"Home","item":"https:\/\/www.sendblaster.com\/es\/"},{"@type":"ListItem","position":2,"name":"Caracter\u00edsticas Desuscripci\u00f3n Global y Rebote Global"}]},{"@type":"WebSite","@id":"https:\/\/www.sendblaster.com\/#website","url":"https:\/\/www.sendblaster.com\/","name":"SendBlaster software de correo masivo para marketing por email","description":"","publisher":{"@id":"https:\/\/www.sendblaster.com\/#organization"},"potentialAction":[{"@type":"SearchAction","target":{"@type":"EntryPoint","urlTemplate":"https:\/\/www.sendblaster.com\/?s={search_term_string}"},"query-input":{"@type":"PropertyValueSpecification","valueRequired":true,"valueName":"search_term_string"}}],"inLanguage":"es"},{"@type":"Organization","@id":"https:\/\/www.sendblaster.com\/#organization","name":"SendBlaster software de correo masivo para marketing por email","url":"https:\/\/www.sendblaster.com\/","logo":{"@type":"ImageObject","inLanguage":"es","@id":"https:\/\/www.sendblaster.com\/#\/schema\/logo\/image\/","url":"https:\/\/www.sendblaster.com\/wp-content\/uploads\/2021\/09\/logo-svg-2021.svg","contentUrl":"https:\/\/www.sendblaster.com\/wp-content\/uploads\/2021\/09\/logo-svg-2021.svg","width":350,"height":70,"caption":"SendBlaster software de correo masivo para marketing por email"},"image":{"@id":"https:\/\/www.sendblaster.com\/#\/schema\/logo\/image\/"}}]}},"_links":{"self":[{"href":"https:\/\/www.sendblaster.com\/es\/wp-json\/wp\/v2\/pages\/2208"}],"collection":[{"href":"https:\/\/www.sendblaster.com\/es\/wp-json\/wp\/v2\/pages"}],"about":[{"href":"https:\/\/www.sendblaster.com\/es\/wp-json\/wp\/v2\/types\/page"}],"author":[{"embeddable":true,"href":"https:\/\/www.sendblaster.com\/es\/wp-json\/wp\/v2\/users\/2"}],"replies":[{"embeddable":true,"href":"https:\/\/www.sendblaster.com\/es\/wp-json\/wp\/v2\/comments?post=2208"}],"version-history":[{"count":3,"href":"https:\/\/www.sendblaster.com\/es\/wp-json\/wp\/v2\/pages\/2208\/revisions"}],"predecessor-version":[{"id":2213,"href":"https:\/\/www.sendblaster.com\/es\/wp-json\/wp\/v2\/pages\/2208\/revisions\/2213"}],"wp:attachment":[{"href":"https:\/\/www.sendblaster.com\/es\/wp-json\/wp\/v2\/media?parent=2208"}],"curies":[{"name":"wp","href":"https:\/\/api.w.org\/{rel}","templated":true}]}}