{"id":2205,"date":"2018-05-17T15:18:08","date_gmt":"2018-05-17T15:18:08","guid":{"rendered":"https:\/\/www.sendblaster.com\/wpnew-2018\/?page_id=2205"},"modified":"2018-05-17T15:18:08","modified_gmt":"2018-05-17T15:18:08","slug":"sendblaster-express-activar","status":"publish","type":"page","link":"https:\/\/www.sendblaster.com\/es\/sendblaster-express-activar\/","title":{"rendered":"Activar SendBlaster Express"},"content":{"rendered":"<p>Para activar SendBlaster Express, usted necesita registrar su copia utilizando su <strong>c\u00f3digo de activaci\u00f3n<\/strong>, un c\u00f3digo de 16 caracteres que usted ha recibido con su compra.<\/p>\n<p>(Si ha adquirido un medio f\u00edsico, el c\u00f3digo de activaci\u00f3n se encontrar\u00e1 ubicado en el sobre del DVD)<\/p>\n<p>Para completar su registro, por favor complete el siguiente formulario:<\/p>\n<p>&nbsp;<\/p>\n<p><a href=\"https:\/\/www.sendblaster.com\/es\/formulario-activacion-sendblaster-express\" target=\"_blank\" rel=\"noopener\">www.sendblaster.com\/es\/formulario-activacion-sendblaster-express<\/a><\/p>\n<p>&nbsp;<\/p>\n<p>Necesitar\u00e1 <strong>c\u00f3digo de activaci\u00f3n<\/strong>, sus datos personales y la <strong>direcci\u00f3n de email<\/strong> a la cu\u00e1l desea registrar su copia.<\/p>\n<p>Luego de enviar el formulario, recibir\u00e1 su <strong>clave de licencia<\/strong>; ingrese su email y c\u00f3digo de licencia en SendBlaster Express y estar\u00e1 listo.<\/p>\n<p>&nbsp;<\/p>\n<p><span style=\"color: #ff0000;\"><strong>Importante:<\/strong><\/span> Por favor tenga en cuenta:<\/p>\n<p>&#8211; No puede utilizar el mismo c\u00f3digo de activaci\u00f3n para diferentes cuentas de email<br \/>\n&#8211; El c\u00f3digo de licencia se encuentra enlazado a la direcci\u00f3n de email utilizada para el registro<\/p>\n<p>Por ello, debe prestar atenci\u00f3n a la direcci\u00f3n de email utilizada para el registro &#8211; compruebe su exactitud y aseg\u00farese de que sea v\u00e1lida y se encuentre activa antes de enviar el formulario. Los c\u00f3digos de activaci\u00f3n y c\u00f3digos de licencias no pueden ser reasignados a una direcci\u00f3n de email diferente en caso de error.<\/p>\n","protected":false},"excerpt":{"rendered":"<p>Para activar SendBlaster Express, usted necesita registrar su copia utilizando su c\u00f3digo de activaci\u00f3n, un c\u00f3digo de 16 caracteres que usted ha recibido con su compra. (Si ha adquirido un medio f\u00edsico, el c\u00f3digo de activaci\u00f3n se encontrar\u00e1 ubicado en <\/p>\n<p class=\"read-more-container\"><a class=\"button read-more\" href=\"https:\/\/www.sendblaster.com\/es\/sendblaster-express-activar\/\" title=\"\">Sigue leyendo<\/a><\/p>\n","protected":false},"author":2,"featured_media":0,"parent":0,"menu_order":0,"comment_status":"closed","ping_status":"closed","template":"g1_template_page_sidebar_right.php","meta":{"_monsterinsights_skip_tracking":false,"_monsterinsights_sitenote_active":false,"_monsterinsights_sitenote_note":"","_monsterinsights_sitenote_category":0,"footnotes":""},"class_list":["post-2205","page","type-page","status-publish"],"yoast_head":"<!-- This site is optimized with the Yoast SEO plugin v23.5 - https:\/\/yoast.com\/wordpress\/plugins\/seo\/ -->\n<title>Activar SendBlaster Express - SendBlaster software de correo masivo para marketing por email<\/title>\n<meta name=\"description\" content=\"SendBlaster software de correo masivo para marketing por email Activar SendBlaster Express Para activar SendBlaster Express, usted necesita registrar su copia utilizando su c\u00f3digo de activaci\u00f3n, un c\u00f3digo de 16 caracteres que usted ha recibido\" \/>\n<meta name=\"robots\" content=\"index, follow, max-snippet:-1, max-image-preview:large, max-video-preview:-1\" \/>\n<link rel=\"canonical\" href=\"https:\/\/www.sendblaster.com\/es\/all\/sendblaster-express-activar\/\" \/>\n<meta property=\"og:locale\" content=\"es_ES\" \/>\n<meta property=\"og:type\" content=\"article\" \/>\n<meta property=\"og:title\" content=\"Activar SendBlaster Express - SendBlaster software de correo masivo para marketing por email\" \/>\n<meta property=\"og:description\" content=\"SendBlaster software de correo masivo para marketing por email Activar SendBlaster Express Para activar SendBlaster Express, usted necesita registrar su copia utilizando su c\u00f3digo de activaci\u00f3n, un c\u00f3digo de 16 caracteres que usted ha recibido\" \/>\n<meta property=\"og:url\" content=\"https:\/\/www.sendblaster.com\/es\/all\/sendblaster-express-activar\/\" \/>\n<meta property=\"og:site_name\" content=\"SendBlaster software de correo masivo para marketing por email\" \/>\n<meta name=\"twitter:card\" content=\"summary_large_image\" \/>\n<meta name=\"twitter:label1\" content=\"Tiempo de lectura\" \/>\n\t<meta name=\"twitter:data1\" content=\"1 minuto\" \/>\n<script type=\"application\/ld+json\" class=\"yoast-schema-graph\">{\"@context\":\"https:\/\/schema.org\",\"@graph\":[{\"@type\":\"WebPage\",\"@id\":\"https:\/\/www.sendblaster.com\/es\/all\/sendblaster-express-activar\/\",\"url\":\"https:\/\/www.sendblaster.com\/es\/all\/sendblaster-express-activar\/\",\"name\":\"Activar SendBlaster Express - SendBlaster software de correo masivo para marketing por email\",\"isPartOf\":{\"@id\":\"https:\/\/www.sendblaster.com\/#website\"},\"datePublished\":\"2018-05-17T15:18:08+00:00\",\"dateModified\":\"2018-05-17T15:18:08+00:00\",\"description\":\"SendBlaster software de correo masivo para marketing por email Activar SendBlaster Express Para activar SendBlaster Express, usted necesita registrar su copia utilizando su c\u00f3digo de activaci\u00f3n, un c\u00f3digo de 16 caracteres que usted ha recibido\",\"breadcrumb\":{\"@id\":\"https:\/\/www.sendblaster.com\/es\/all\/sendblaster-express-activar\/#breadcrumb\"},\"inLanguage\":\"es\",\"potentialAction\":[{\"@type\":\"ReadAction\",\"target\":[\"https:\/\/www.sendblaster.com\/es\/all\/sendblaster-express-activar\/\"]}]},{\"@type\":\"BreadcrumbList\",\"@id\":\"https:\/\/www.sendblaster.com\/es\/all\/sendblaster-express-activar\/#breadcrumb\",\"itemListElement\":[{\"@type\":\"ListItem\",\"position\":1,\"name\":\"Home\",\"item\":\"https:\/\/www.sendblaster.com\/es\/\"},{\"@type\":\"ListItem\",\"position\":2,\"name\":\"Activar SendBlaster Express\"}]},{\"@type\":\"WebSite\",\"@id\":\"https:\/\/www.sendblaster.com\/#website\",\"url\":\"https:\/\/www.sendblaster.com\/\",\"name\":\"SendBlaster software de correo masivo para marketing por email\",\"description\":\"\",\"publisher\":{\"@id\":\"https:\/\/www.sendblaster.com\/#organization\"},\"potentialAction\":[{\"@type\":\"SearchAction\",\"target\":{\"@type\":\"EntryPoint\",\"urlTemplate\":\"https:\/\/www.sendblaster.com\/?s={search_term_string}\"},\"query-input\":{\"@type\":\"PropertyValueSpecification\",\"valueRequired\":true,\"valueName\":\"search_term_string\"}}],\"inLanguage\":\"es\"},{\"@type\":\"Organization\",\"@id\":\"https:\/\/www.sendblaster.com\/#organization\",\"name\":\"SendBlaster software de correo masivo para marketing por email\",\"url\":\"https:\/\/www.sendblaster.com\/\",\"logo\":{\"@type\":\"ImageObject\",\"inLanguage\":\"es\",\"@id\":\"https:\/\/www.sendblaster.com\/#\/schema\/logo\/image\/\",\"url\":\"https:\/\/www.sendblaster.com\/wp-content\/uploads\/2021\/09\/logo-svg-2021.svg\",\"contentUrl\":\"https:\/\/www.sendblaster.com\/wp-content\/uploads\/2021\/09\/logo-svg-2021.svg\",\"width\":350,\"height\":70,\"caption\":\"SendBlaster software de correo masivo para marketing por email\"},\"image\":{\"@id\":\"https:\/\/www.sendblaster.com\/#\/schema\/logo\/image\/\"}}]}<\/script>\n<!-- \/ Yoast SEO plugin. -->","yoast_head_json":{"title":"Activar SendBlaster Express - SendBlaster software de correo masivo para marketing por email","description":"SendBlaster software de correo masivo para marketing por email Activar SendBlaster Express Para activar SendBlaster Express, usted necesita registrar su copia utilizando su c\u00f3digo de activaci\u00f3n, un c\u00f3digo de 16 caracteres que usted ha recibido","robots":{"index":"index","follow":"follow","max-snippet":"max-snippet:-1","max-image-preview":"max-image-preview:large","max-video-preview":"max-video-preview:-1"},"canonical":"https:\/\/www.sendblaster.com\/es\/all\/sendblaster-express-activar\/","og_locale":"es_ES","og_type":"article","og_title":"Activar SendBlaster Express - SendBlaster software de correo masivo para marketing por email","og_description":"SendBlaster software de correo masivo para marketing por email Activar SendBlaster Express Para activar SendBlaster Express, usted necesita registrar su copia utilizando su c\u00f3digo de activaci\u00f3n, un c\u00f3digo de 16 caracteres que usted ha recibido","og_url":"https:\/\/www.sendblaster.com\/es\/all\/sendblaster-express-activar\/","og_site_name":"SendBlaster software de correo masivo para marketing por email","twitter_card":"summary_large_image","twitter_misc":{"Tiempo de lectura":"1 minuto"},"schema":{"@context":"https:\/\/schema.org","@graph":[{"@type":"WebPage","@id":"https:\/\/www.sendblaster.com\/es\/all\/sendblaster-express-activar\/","url":"https:\/\/www.sendblaster.com\/es\/all\/sendblaster-express-activar\/","name":"Activar SendBlaster Express - SendBlaster software de correo masivo para marketing por email","isPartOf":{"@id":"https:\/\/www.sendblaster.com\/#website"},"datePublished":"2018-05-17T15:18:08+00:00","dateModified":"2018-05-17T15:18:08+00:00","description":"SendBlaster software de correo masivo para marketing por email Activar SendBlaster Express Para activar SendBlaster Express, usted necesita registrar su copia utilizando su c\u00f3digo de activaci\u00f3n, un c\u00f3digo de 16 caracteres que usted ha recibido","breadcrumb":{"@id":"https:\/\/www.sendblaster.com\/es\/all\/sendblaster-express-activar\/#breadcrumb"},"inLanguage":"es","potentialAction":[{"@type":"ReadAction","target":["https:\/\/www.sendblaster.com\/es\/all\/sendblaster-express-activar\/"]}]},{"@type":"BreadcrumbList","@id":"https:\/\/www.sendblaster.com\/es\/all\/sendblaster-express-activar\/#breadcrumb","itemListElement":[{"@type":"ListItem","position":1,"name":"Home","item":"https:\/\/www.sendblaster.com\/es\/"},{"@type":"ListItem","position":2,"name":"Activar SendBlaster Express"}]},{"@type":"WebSite","@id":"https:\/\/www.sendblaster.com\/#website","url":"https:\/\/www.sendblaster.com\/","name":"SendBlaster software de correo masivo para marketing por email","description":"","publisher":{"@id":"https:\/\/www.sendblaster.com\/#organization"},"potentialAction":[{"@type":"SearchAction","target":{"@type":"EntryPoint","urlTemplate":"https:\/\/www.sendblaster.com\/?s={search_term_string}"},"query-input":{"@type":"PropertyValueSpecification","valueRequired":true,"valueName":"search_term_string"}}],"inLanguage":"es"},{"@type":"Organization","@id":"https:\/\/www.sendblaster.com\/#organization","name":"SendBlaster software de correo masivo para marketing por email","url":"https:\/\/www.sendblaster.com\/","logo":{"@type":"ImageObject","inLanguage":"es","@id":"https:\/\/www.sendblaster.com\/#\/schema\/logo\/image\/","url":"https:\/\/www.sendblaster.com\/wp-content\/uploads\/2021\/09\/logo-svg-2021.svg","contentUrl":"https:\/\/www.sendblaster.com\/wp-content\/uploads\/2021\/09\/logo-svg-2021.svg","width":350,"height":70,"caption":"SendBlaster software de correo masivo para marketing por email"},"image":{"@id":"https:\/\/www.sendblaster.com\/#\/schema\/logo\/image\/"}}]}},"_links":{"self":[{"href":"https:\/\/www.sendblaster.com\/es\/wp-json\/wp\/v2\/pages\/2205"}],"collection":[{"href":"https:\/\/www.sendblaster.com\/es\/wp-json\/wp\/v2\/pages"}],"about":[{"href":"https:\/\/www.sendblaster.com\/es\/wp-json\/wp\/v2\/types\/page"}],"author":[{"embeddable":true,"href":"https:\/\/www.sendblaster.com\/es\/wp-json\/wp\/v2\/users\/2"}],"replies":[{"embeddable":true,"href":"https:\/\/www.sendblaster.com\/es\/wp-json\/wp\/v2\/comments?post=2205"}],"version-history":[{"count":2,"href":"https:\/\/www.sendblaster.com\/es\/wp-json\/wp\/v2\/pages\/2205\/revisions"}],"predecessor-version":[{"id":2207,"href":"https:\/\/www.sendblaster.com\/es\/wp-json\/wp\/v2\/pages\/2205\/revisions\/2207"}],"wp:attachment":[{"href":"https:\/\/www.sendblaster.com\/es\/wp-json\/wp\/v2\/media?parent=2205"}],"curies":[{"name":"wp","href":"https:\/\/api.w.org\/{rel}","templated":true}]}}