{"id":2187,"date":"2018-05-17T14:48:44","date_gmt":"2018-05-17T14:48:44","guid":{"rendered":"https:\/\/www.sendblaster.com\/wpnew-2018\/?page_id=2187"},"modified":"2018-05-17T14:49:35","modified_gmt":"2018-05-17T14:49:35","slug":"combinar-y-mover-listas","status":"publish","type":"page","link":"https:\/\/www.sendblaster.com\/es\/combinar-y-mover-listas\/","title":{"rendered":"Combinar y mover listas"},"content":{"rendered":"<div class=\"box-info new-icon\"><strong>Esta nueva caracter\u00edstica se encuentra disponible tanto en la versi\u00f3n GRATUITA como en la versi\u00f3n PRO de SendBlaster 3.<\/strong><\/div>\n<p>&nbsp;<\/p>\n<p>Es bastante com\u00fan administrar <strong>m\u00faltiples listas de distribuci\u00f3n<\/strong>. Por ejemplo \u201cClientes\u201d y \u201cProspectos\u201d, \u201cProveedores\u201d y \u201cSocios\u201d, etc. Muchos usuarios de SendBlaster gestionan las actividades de marketing por email de diferentes clientes, con lo cual es l\u00f3gico tener que mantener listas de contactos separadas.<\/p>\n<p><strong>SendBlaster 3<\/strong> facilita la administraci\u00f3n de m\u00faltiples listas al introducir la caracter\u00edstica <strong>Combinar y mover listas<\/strong>, una poderosa herramienta que le permite <strong>combinar dos o m\u00e1s listas y mover un grupo de contactos de una lista a otra<\/strong> de forma r\u00e1pida y sencilla.<\/p>\n<p>Para empezar, abra SendBlaster 3, haga clic en <strong>Listas y direcciones &gt; Administrar listas<\/strong> (en el men\u00fa lateral) y seleccione el nombre de la lista que contiene los contactos que desea mover.<\/p>\n<p>Haga clic en el icono en el men\u00fa horizontal.<\/p>\n<p>&nbsp;<\/p>\n<p><img decoding=\"async\" class=\"alignnone size-full wp-image-2189\" src=\"https:\/\/www.sendblaster.com\/wp-content\/uploads\/2018\/05\/list-merging-4.jpg\" alt=\"\" width=\"600\" height=\"280\" srcset=\"https:\/\/www.sendblaster.com\/wp-content\/uploads\/2018\/05\/list-merging-4.jpg 600w, https:\/\/www.sendblaster.com\/wp-content\/uploads\/2018\/05\/list-merging-4-300x140.jpg 300w, https:\/\/www.sendblaster.com\/wp-content\/uploads\/2018\/05\/list-merging-4-320x149.jpg 320w, https:\/\/www.sendblaster.com\/wp-content\/uploads\/2018\/05\/list-merging-4-239x112.jpg 239w\" sizes=\"(max-width: 600px) 100vw, 600px\" \/><\/p>\n<p>&nbsp;<\/p>\n<p>Aparecer\u00e1 la ventana de Combinar y mover listas.<\/p>\n<p>&nbsp;<\/p>\n<p><img decoding=\"async\" class=\"alignnone size-full wp-image-2190\" src=\"https:\/\/www.sendblaster.com\/wp-content\/uploads\/2018\/05\/list-merging-2-2.jpg\" alt=\"\" width=\"600\" height=\"428\" srcset=\"https:\/\/www.sendblaster.com\/wp-content\/uploads\/2018\/05\/list-merging-2-2.jpg 600w, https:\/\/www.sendblaster.com\/wp-content\/uploads\/2018\/05\/list-merging-2-2-300x214.jpg 300w, https:\/\/www.sendblaster.com\/wp-content\/uploads\/2018\/05\/list-merging-2-2-320x228.jpg 320w, https:\/\/www.sendblaster.com\/wp-content\/uploads\/2018\/05\/list-merging-2-2-239x170.jpg 239w\" sizes=\"(max-width: 600px) 100vw, 600px\" \/><\/p>\n<p>&nbsp;<\/p>\n<p>Observar\u00e1 que hay muchas opciones disponibles dependiendo de sus necesidades.<\/p>\n<p>Por ejemplo, puede mover todos los contactos de una lista a otra (con un solo clic) o crear reglas con el fin de mover solo unos contactos espec\u00edficos.<\/p>\n<p>En particular, si elige mover unos contactos espec\u00edficos puede hacerlo simplemente estableciendo unas reglas. En el primer cuadro desplegable encontrar\u00e1 todos los <strong>campos de contacto<\/strong>, como Correo electr\u00f3nico, Apellidos, Nombre, etc., mientras que en el segundo cuadro desplegable, ver\u00e1 todas las condiciones de entre las que puede elegir.<\/p>\n<p>&nbsp;<\/p>\n<h2>Ejemplo<\/h2>\n<p>Supongamos que quiere mover todos los contactos de Gmail que viven en Canad\u00e1 y tienen 35 a\u00f1os o m\u00e1s de la lista A a la Lista B.<\/p>\n<p>Primero, seleccione la Lista B como <strong>Lista de destino<\/strong>, a continuaci\u00f3n seleccione el bot\u00f3n de opci\u00f3n <strong>Mover contactos que cumplan las siguientes reglas<\/strong>. Ahora seleccione \u201cCorreo electr\u00f3nico\u201d, \u201cEdad\u201d y \u201cPa\u00eds\u201d y las <strong>condiciones<\/strong> de los corresponsales, a\u00f1adiendo su texto personalizado en la tercera celda.<\/p>\n<p>El resultado ser\u00e1:<\/p>\n<p>&nbsp;<\/p>\n<p><img decoding=\"async\" class=\"alignnone size-full wp-image-2191\" src=\"https:\/\/www.sendblaster.com\/wp-content\/uploads\/2018\/05\/list-merging-3-2.jpg\" alt=\"\" width=\"600\" height=\"428\" srcset=\"https:\/\/www.sendblaster.com\/wp-content\/uploads\/2018\/05\/list-merging-3-2.jpg 600w, https:\/\/www.sendblaster.com\/wp-content\/uploads\/2018\/05\/list-merging-3-2-300x214.jpg 300w, https:\/\/www.sendblaster.com\/wp-content\/uploads\/2018\/05\/list-merging-3-2-320x228.jpg 320w, https:\/\/www.sendblaster.com\/wp-content\/uploads\/2018\/05\/list-merging-3-2-239x170.jpg 239w\" sizes=\"(max-width: 600px) 100vw, 600px\" \/><\/p>\n<p>&nbsp;<\/p>\n<p>La operaci\u00f3n tambi\u00e9n puede ser sensible a may\u00fasculas. En este caso, simplemente seleccione la casilla <strong>Sensible a may\u00fasculas<\/strong>.<\/p>\n<p>Elija si los contactos a mover deber\u00edan cumplir todas las reglas establecidas anteriormente (cuenta Gmail, Canad\u00e1, &gt;= 35 a\u00f1os) o al menos una de ellas.<\/p>\n<p>Por \u00faltimo, haga clic en <strong>Aceptar<\/strong>.<\/p>\n<p>Su subconjunto de contactos ser\u00e1 movido autom\u00e1ticamente a la Lista B.<\/p>\n","protected":false},"excerpt":{"rendered":"<p>Esta nueva caracter\u00edstica se encuentra disponible tanto en la versi\u00f3n GRATUITA como en la versi\u00f3n PRO de SendBlaster 3. &nbsp; Es bastante com\u00fan administrar m\u00faltiples listas de distribuci\u00f3n. Por ejemplo \u201cClientes\u201d y \u201cProspectos\u201d, \u201cProveedores\u201d y \u201cSocios\u201d, etc. Muchos usuarios de <\/p>\n<p class=\"read-more-container\"><a class=\"button read-more\" href=\"https:\/\/www.sendblaster.com\/es\/combinar-y-mover-listas\/\" title=\"\">Sigue leyendo<\/a><\/p>\n","protected":false},"author":2,"featured_media":0,"parent":0,"menu_order":0,"comment_status":"closed","ping_status":"closed","template":"g1_template_page_sidebar_right.php","meta":{"_monsterinsights_skip_tracking":false,"_monsterinsights_sitenote_active":false,"_monsterinsights_sitenote_note":"","_monsterinsights_sitenote_category":0,"footnotes":""},"class_list":["post-2187","page","type-page","status-publish"],"yoast_head":"<!-- This site is optimized with the Yoast SEO plugin v23.5 - https:\/\/yoast.com\/wordpress\/plugins\/seo\/ -->\n<title>Combinar y mover listas - SendBlaster software de correo masivo para marketing por email<\/title>\n<meta name=\"description\" content=\"SendBlaster software de correo masivo para marketing por email Combinar y mover listas Esta nueva caracter\u00edstica se encuentra disponible tanto en la versi\u00f3n GRATUITA como en la versi\u00f3n PRO de SendBlaster 3. &nbsp; Es bastante com\u00fan\" \/>\n<meta name=\"robots\" content=\"index, follow, max-snippet:-1, max-image-preview:large, max-video-preview:-1\" \/>\n<link rel=\"canonical\" href=\"https:\/\/www.sendblaster.com\/es\/combinar-y-mover-listas\/\" \/>\n<meta property=\"og:locale\" content=\"es_ES\" \/>\n<meta property=\"og:type\" content=\"article\" \/>\n<meta property=\"og:title\" content=\"Combinar y mover listas - SendBlaster software de correo masivo para marketing por email\" \/>\n<meta property=\"og:description\" content=\"SendBlaster software de correo masivo para marketing por email Combinar y mover listas Esta nueva caracter\u00edstica se encuentra disponible tanto en la versi\u00f3n GRATUITA como en la versi\u00f3n PRO de SendBlaster 3. &nbsp; Es bastante com\u00fan\" \/>\n<meta property=\"og:url\" content=\"https:\/\/www.sendblaster.com\/es\/combinar-y-mover-listas\/\" \/>\n<meta property=\"og:site_name\" content=\"SendBlaster software de correo masivo para marketing por email\" \/>\n<meta property=\"article:modified_time\" content=\"2018-05-17T14:49:35+00:00\" \/>\n<meta property=\"og:image\" content=\"https:\/\/www.sendblaster.com\/wp-content\/uploads\/2018\/05\/list-merging-4.jpg\" \/>\n<meta name=\"twitter:card\" content=\"summary_large_image\" \/>\n<meta name=\"twitter:label1\" content=\"Tiempo de lectura\" \/>\n\t<meta name=\"twitter:data1\" content=\"2 minutos\" \/>\n<script type=\"application\/ld+json\" class=\"yoast-schema-graph\">{\"@context\":\"https:\/\/schema.org\",\"@graph\":[{\"@type\":\"WebPage\",\"@id\":\"https:\/\/www.sendblaster.com\/es\/combinar-y-mover-listas\/\",\"url\":\"https:\/\/www.sendblaster.com\/es\/combinar-y-mover-listas\/\",\"name\":\"Combinar y mover listas - SendBlaster software de correo masivo para marketing por email\",\"isPartOf\":{\"@id\":\"https:\/\/www.sendblaster.com\/#website\"},\"primaryImageOfPage\":{\"@id\":\"https:\/\/www.sendblaster.com\/es\/combinar-y-mover-listas\/#primaryimage\"},\"image\":{\"@id\":\"https:\/\/www.sendblaster.com\/es\/combinar-y-mover-listas\/#primaryimage\"},\"thumbnailUrl\":\"https:\/\/www.sendblaster.com\/wp-content\/uploads\/2018\/05\/list-merging-4.jpg\",\"datePublished\":\"2018-05-17T14:48:44+00:00\",\"dateModified\":\"2018-05-17T14:49:35+00:00\",\"description\":\"SendBlaster software de correo masivo para marketing por email Combinar y mover listas Esta nueva caracter\u00edstica se encuentra disponible tanto en la versi\u00f3n GRATUITA como en la versi\u00f3n PRO de SendBlaster 3. &nbsp; Es bastante com\u00fan\",\"breadcrumb\":{\"@id\":\"https:\/\/www.sendblaster.com\/es\/combinar-y-mover-listas\/#breadcrumb\"},\"inLanguage\":\"es\",\"potentialAction\":[{\"@type\":\"ReadAction\",\"target\":[\"https:\/\/www.sendblaster.com\/es\/combinar-y-mover-listas\/\"]}]},{\"@type\":\"ImageObject\",\"inLanguage\":\"es\",\"@id\":\"https:\/\/www.sendblaster.com\/es\/combinar-y-mover-listas\/#primaryimage\",\"url\":\"https:\/\/www.sendblaster.com\/wp-content\/uploads\/2018\/05\/list-merging-4.jpg\",\"contentUrl\":\"https:\/\/www.sendblaster.com\/wp-content\/uploads\/2018\/05\/list-merging-4.jpg\"},{\"@type\":\"BreadcrumbList\",\"@id\":\"https:\/\/www.sendblaster.com\/es\/combinar-y-mover-listas\/#breadcrumb\",\"itemListElement\":[{\"@type\":\"ListItem\",\"position\":1,\"name\":\"Home\",\"item\":\"https:\/\/www.sendblaster.com\/es\/\"},{\"@type\":\"ListItem\",\"position\":2,\"name\":\"Combinar y mover listas\"}]},{\"@type\":\"WebSite\",\"@id\":\"https:\/\/www.sendblaster.com\/#website\",\"url\":\"https:\/\/www.sendblaster.com\/\",\"name\":\"SendBlaster software de correo masivo para marketing por email\",\"description\":\"\",\"publisher\":{\"@id\":\"https:\/\/www.sendblaster.com\/#organization\"},\"potentialAction\":[{\"@type\":\"SearchAction\",\"target\":{\"@type\":\"EntryPoint\",\"urlTemplate\":\"https:\/\/www.sendblaster.com\/?s={search_term_string}\"},\"query-input\":{\"@type\":\"PropertyValueSpecification\",\"valueRequired\":true,\"valueName\":\"search_term_string\"}}],\"inLanguage\":\"es\"},{\"@type\":\"Organization\",\"@id\":\"https:\/\/www.sendblaster.com\/#organization\",\"name\":\"SendBlaster software de correo masivo para marketing por email\",\"url\":\"https:\/\/www.sendblaster.com\/\",\"logo\":{\"@type\":\"ImageObject\",\"inLanguage\":\"es\",\"@id\":\"https:\/\/www.sendblaster.com\/#\/schema\/logo\/image\/\",\"url\":\"https:\/\/www.sendblaster.com\/wp-content\/uploads\/2021\/09\/logo-svg-2021.svg\",\"contentUrl\":\"https:\/\/www.sendblaster.com\/wp-content\/uploads\/2021\/09\/logo-svg-2021.svg\",\"width\":350,\"height\":70,\"caption\":\"SendBlaster software de correo masivo para marketing por email\"},\"image\":{\"@id\":\"https:\/\/www.sendblaster.com\/#\/schema\/logo\/image\/\"}}]}<\/script>\n<!-- \/ Yoast SEO plugin. -->","yoast_head_json":{"title":"Combinar y mover listas - SendBlaster software de correo masivo para marketing por email","description":"SendBlaster software de correo masivo para marketing por email Combinar y mover listas Esta nueva caracter\u00edstica se encuentra disponible tanto en la versi\u00f3n GRATUITA como en la versi\u00f3n PRO de SendBlaster 3. &nbsp; Es bastante com\u00fan","robots":{"index":"index","follow":"follow","max-snippet":"max-snippet:-1","max-image-preview":"max-image-preview:large","max-video-preview":"max-video-preview:-1"},"canonical":"https:\/\/www.sendblaster.com\/es\/combinar-y-mover-listas\/","og_locale":"es_ES","og_type":"article","og_title":"Combinar y mover listas - SendBlaster software de correo masivo para marketing por email","og_description":"SendBlaster software de correo masivo para marketing por email Combinar y mover listas Esta nueva caracter\u00edstica se encuentra disponible tanto en la versi\u00f3n GRATUITA como en la versi\u00f3n PRO de SendBlaster 3. &nbsp; Es bastante com\u00fan","og_url":"https:\/\/www.sendblaster.com\/es\/combinar-y-mover-listas\/","og_site_name":"SendBlaster software de correo masivo para marketing por email","article_modified_time":"2018-05-17T14:49:35+00:00","og_image":[{"url":"https:\/\/www.sendblaster.com\/wp-content\/uploads\/2018\/05\/list-merging-4.jpg"}],"twitter_card":"summary_large_image","twitter_misc":{"Tiempo de lectura":"2 minutos"},"schema":{"@context":"https:\/\/schema.org","@graph":[{"@type":"WebPage","@id":"https:\/\/www.sendblaster.com\/es\/combinar-y-mover-listas\/","url":"https:\/\/www.sendblaster.com\/es\/combinar-y-mover-listas\/","name":"Combinar y mover listas - SendBlaster software de correo masivo para marketing por email","isPartOf":{"@id":"https:\/\/www.sendblaster.com\/#website"},"primaryImageOfPage":{"@id":"https:\/\/www.sendblaster.com\/es\/combinar-y-mover-listas\/#primaryimage"},"image":{"@id":"https:\/\/www.sendblaster.com\/es\/combinar-y-mover-listas\/#primaryimage"},"thumbnailUrl":"https:\/\/www.sendblaster.com\/wp-content\/uploads\/2018\/05\/list-merging-4.jpg","datePublished":"2018-05-17T14:48:44+00:00","dateModified":"2018-05-17T14:49:35+00:00","description":"SendBlaster software de correo masivo para marketing por email Combinar y mover listas Esta nueva caracter\u00edstica se encuentra disponible tanto en la versi\u00f3n GRATUITA como en la versi\u00f3n PRO de SendBlaster 3. &nbsp; Es bastante com\u00fan","breadcrumb":{"@id":"https:\/\/www.sendblaster.com\/es\/combinar-y-mover-listas\/#breadcrumb"},"inLanguage":"es","potentialAction":[{"@type":"ReadAction","target":["https:\/\/www.sendblaster.com\/es\/combinar-y-mover-listas\/"]}]},{"@type":"ImageObject","inLanguage":"es","@id":"https:\/\/www.sendblaster.com\/es\/combinar-y-mover-listas\/#primaryimage","url":"https:\/\/www.sendblaster.com\/wp-content\/uploads\/2018\/05\/list-merging-4.jpg","contentUrl":"https:\/\/www.sendblaster.com\/wp-content\/uploads\/2018\/05\/list-merging-4.jpg"},{"@type":"BreadcrumbList","@id":"https:\/\/www.sendblaster.com\/es\/combinar-y-mover-listas\/#breadcrumb","itemListElement":[{"@type":"ListItem","position":1,"name":"Home","item":"https:\/\/www.sendblaster.com\/es\/"},{"@type":"ListItem","position":2,"name":"Combinar y mover listas"}]},{"@type":"WebSite","@id":"https:\/\/www.sendblaster.com\/#website","url":"https:\/\/www.sendblaster.com\/","name":"SendBlaster software de correo masivo para marketing por email","description":"","publisher":{"@id":"https:\/\/www.sendblaster.com\/#organization"},"potentialAction":[{"@type":"SearchAction","target":{"@type":"EntryPoint","urlTemplate":"https:\/\/www.sendblaster.com\/?s={search_term_string}"},"query-input":{"@type":"PropertyValueSpecification","valueRequired":true,"valueName":"search_term_string"}}],"inLanguage":"es"},{"@type":"Organization","@id":"https:\/\/www.sendblaster.com\/#organization","name":"SendBlaster software de correo masivo para marketing por email","url":"https:\/\/www.sendblaster.com\/","logo":{"@type":"ImageObject","inLanguage":"es","@id":"https:\/\/www.sendblaster.com\/#\/schema\/logo\/image\/","url":"https:\/\/www.sendblaster.com\/wp-content\/uploads\/2021\/09\/logo-svg-2021.svg","contentUrl":"https:\/\/www.sendblaster.com\/wp-content\/uploads\/2021\/09\/logo-svg-2021.svg","width":350,"height":70,"caption":"SendBlaster software de correo masivo para marketing por email"},"image":{"@id":"https:\/\/www.sendblaster.com\/#\/schema\/logo\/image\/"}}]}},"_links":{"self":[{"href":"https:\/\/www.sendblaster.com\/es\/wp-json\/wp\/v2\/pages\/2187"}],"collection":[{"href":"https:\/\/www.sendblaster.com\/es\/wp-json\/wp\/v2\/pages"}],"about":[{"href":"https:\/\/www.sendblaster.com\/es\/wp-json\/wp\/v2\/types\/page"}],"author":[{"embeddable":true,"href":"https:\/\/www.sendblaster.com\/es\/wp-json\/wp\/v2\/users\/2"}],"replies":[{"embeddable":true,"href":"https:\/\/www.sendblaster.com\/es\/wp-json\/wp\/v2\/comments?post=2187"}],"version-history":[{"count":2,"href":"https:\/\/www.sendblaster.com\/es\/wp-json\/wp\/v2\/pages\/2187\/revisions"}],"predecessor-version":[{"id":2192,"href":"https:\/\/www.sendblaster.com\/es\/wp-json\/wp\/v2\/pages\/2187\/revisions\/2192"}],"wp:attachment":[{"href":"https:\/\/www.sendblaster.com\/es\/wp-json\/wp\/v2\/media?parent=2187"}],"curies":[{"name":"wp","href":"https:\/\/api.w.org\/{rel}","templated":true}]}}