{"id":2008,"date":"2018-05-16T14:31:44","date_gmt":"2018-05-16T14:31:44","guid":{"rendered":"https:\/\/www.sendblaster.com\/wpnew-2018\/?page_id=2008"},"modified":"2018-05-16T14:32:21","modified_gmt":"2018-05-16T14:32:21","slug":"tasa-de-entrega-de-emails","status":"publish","type":"page","link":"https:\/\/www.sendblaster.com\/es\/tasa-de-entrega-de-emails\/","title":{"rendered":"Tasa de entrega de emails"},"content":{"rendered":"<p>Aquellas personas nuevas en el marketing por email, muchas veces desconocen que no todo email enviado llega a los destinatarios. Existen muchas razones que pueden comprometer la capacidad de entrega de emails.<\/p>\n<p>&nbsp;<\/p>\n<p>Identificaremos las razones principales:<\/p>\n<h2>Razones t\u00e9cnicas<\/h2>\n<p><strong>La direcci\u00f3n de email de su suscriptor es incorrecta.<\/strong> Su suscriptor puede haber cometido un error de tipeo al suscribirse a su newsletter. A\u00fan un error tan simple como cometer un error al tipear puede generar una direcci\u00f3n de email inv\u00e1lida.<\/p>\n<p>Recuerde que muy pocas personas olvidan sus direcciones de email correctas, y proporcionan una err\u00f3nea.<\/p>\n<p><strong>La casilla de mensajes del destinatario est\u00e1 llena.<\/strong> Frecuentemente algunas personas no eliminan los mensajes antiguos de sus casillas de correos. Algunas casillas de correo poseen capacidad de almacenamiento limitada. Cuando la casilla de correo se encuentra completa, todos los nuevos mensajes son rechazados.<\/p>\n<p><strong>La direcci\u00f3n de email ya no existe.<\/strong> Esto sucede con direcciones de email que han ca\u00eddo en desuso o han sido eliminadas<\/p>\n<p><strong>Problemas relacionados con la red.<\/strong> A veces, los servidores de los proveedores de internet requieren mantenimiento o existe alg\u00fan problema de red.<\/p>\n<p>Cuando los emails no son entregados a sus destinatarios y en consecuencia son retornados al remitente, se genera un mensaje denominado \u00abdevoluci\u00f3n\u00bb es generado.<\/p>\n<p>Una \u00abdevoluci\u00f3n fuerte\u00bb ocurre cuando el error es permanente (por ejemplo, cuando la direcci\u00f3n de email ya no existe).<\/p>\n<p>Las \u00abdevoluciones d\u00e9biles\u00bb se encuentran relacionadas a errores temporales (por ejemplo cuando un destinatario no puede ser alcanzado debido a un problema de red, el sistema intenta entregar el mensaje nuevamente).<\/p>\n<p><a title=\"Gesti\u00f3n de Devoluciones en SendBlaster\" href=\"https:\/\/www.sendblaster.com\/es\/soporte\/administracion-de-listas\/administracion-de-rechazos\"><strong>Gesti\u00f3n de Devoluciones en SendBlaster<\/strong><\/a><\/p>\n<h2>Filtros Anti Spam<\/h2>\n<p>Otro gran problema en la entrega de sus campa\u00f1as de marketing por email se encuentra representado por los filtros antispam.<\/p>\n<p>A\u00fan cuando usted no env\u00ede spam, a veces su direcci\u00f3n de email puede ser considerada como fuente de spam, causando que los mensajes sean eliminados, o entregados a la carpeta de spam del destinatario.<\/p>\n<p>&nbsp;<\/p>\n<p><strong>Nota<\/strong>: Si usted cree que posee problemas de entrega, o los resultados no son los esperados, por favor <a title=\"contacte a nuestros expertos\" href=\"https:\/\/www.sendblaster.com\/trouble-ticket-support\"><strong>contacte a nuestros expertos<\/strong><\/a>, quienes podr\u00e1n ofrecerle consejos personalizados para maximizar sus tasas de entregas.<\/p>\n","protected":false},"excerpt":{"rendered":"<p>Aquellas personas nuevas en el marketing por email, muchas veces desconocen que no todo email enviado llega a los destinatarios. Existen muchas razones que pueden comprometer la capacidad de entrega de emails. &nbsp; Identificaremos las razones principales: Razones t\u00e9cnicas La <\/p>\n<p class=\"read-more-container\"><a class=\"button read-more\" href=\"https:\/\/www.sendblaster.com\/es\/tasa-de-entrega-de-emails\/\" title=\"\">Sigue leyendo<\/a><\/p>\n","protected":false},"author":2,"featured_media":0,"parent":0,"menu_order":0,"comment_status":"closed","ping_status":"closed","template":"g1_template_page_sidebar_right.php","meta":{"_monsterinsights_skip_tracking":false,"_monsterinsights_sitenote_active":false,"_monsterinsights_sitenote_note":"","_monsterinsights_sitenote_category":0,"footnotes":""},"class_list":["post-2008","page","type-page","status-publish"],"yoast_head":"<!-- This site is optimized with the Yoast SEO plugin v23.5 - https:\/\/yoast.com\/wordpress\/plugins\/seo\/ -->\n<title>Tasa de entrega de emails - SendBlaster software de correo masivo para marketing por email<\/title>\n<meta name=\"description\" content=\"SendBlaster software de correo masivo para marketing por email Tasa de entrega de emails Aquellas personas nuevas en el marketing por email, muchas veces desconocen que no todo email enviado llega a los destinatarios. Existen muchas razones\" \/>\n<meta name=\"robots\" content=\"index, follow, max-snippet:-1, max-image-preview:large, max-video-preview:-1\" \/>\n<link rel=\"canonical\" href=\"https:\/\/www.sendblaster.com\/es\/tasa-de-entrega-de-emails\/\" \/>\n<meta property=\"og:locale\" content=\"es_ES\" \/>\n<meta property=\"og:type\" content=\"article\" \/>\n<meta property=\"og:title\" content=\"Tasa de entrega de emails - SendBlaster software de correo masivo para marketing por email\" \/>\n<meta property=\"og:description\" content=\"SendBlaster software de correo masivo para marketing por email Tasa de entrega de emails Aquellas personas nuevas en el marketing por email, muchas veces desconocen que no todo email enviado llega a los destinatarios. Existen muchas razones\" \/>\n<meta property=\"og:url\" content=\"https:\/\/www.sendblaster.com\/es\/tasa-de-entrega-de-emails\/\" \/>\n<meta property=\"og:site_name\" content=\"SendBlaster software de correo masivo para marketing por email\" \/>\n<meta property=\"article:modified_time\" content=\"2018-05-16T14:32:21+00:00\" \/>\n<meta name=\"twitter:card\" content=\"summary_large_image\" \/>\n<meta name=\"twitter:label1\" content=\"Tiempo de lectura\" \/>\n\t<meta name=\"twitter:data1\" content=\"2 minutos\" \/>\n<script type=\"application\/ld+json\" class=\"yoast-schema-graph\">{\"@context\":\"https:\/\/schema.org\",\"@graph\":[{\"@type\":\"WebPage\",\"@id\":\"https:\/\/www.sendblaster.com\/es\/tasa-de-entrega-de-emails\/\",\"url\":\"https:\/\/www.sendblaster.com\/es\/tasa-de-entrega-de-emails\/\",\"name\":\"Tasa de entrega de emails - SendBlaster software de correo masivo para marketing por email\",\"isPartOf\":{\"@id\":\"https:\/\/www.sendblaster.com\/#website\"},\"datePublished\":\"2018-05-16T14:31:44+00:00\",\"dateModified\":\"2018-05-16T14:32:21+00:00\",\"description\":\"SendBlaster software de correo masivo para marketing por email Tasa de entrega de emails Aquellas personas nuevas en el marketing por email, muchas veces desconocen que no todo email enviado llega a los destinatarios. Existen muchas razones\",\"breadcrumb\":{\"@id\":\"https:\/\/www.sendblaster.com\/es\/tasa-de-entrega-de-emails\/#breadcrumb\"},\"inLanguage\":\"es\",\"potentialAction\":[{\"@type\":\"ReadAction\",\"target\":[\"https:\/\/www.sendblaster.com\/es\/tasa-de-entrega-de-emails\/\"]}]},{\"@type\":\"BreadcrumbList\",\"@id\":\"https:\/\/www.sendblaster.com\/es\/tasa-de-entrega-de-emails\/#breadcrumb\",\"itemListElement\":[{\"@type\":\"ListItem\",\"position\":1,\"name\":\"Home\",\"item\":\"https:\/\/www.sendblaster.com\/es\/\"},{\"@type\":\"ListItem\",\"position\":2,\"name\":\"Tasa de entrega de emails\"}]},{\"@type\":\"WebSite\",\"@id\":\"https:\/\/www.sendblaster.com\/#website\",\"url\":\"https:\/\/www.sendblaster.com\/\",\"name\":\"SendBlaster software de correo masivo para marketing por email\",\"description\":\"\",\"publisher\":{\"@id\":\"https:\/\/www.sendblaster.com\/#organization\"},\"potentialAction\":[{\"@type\":\"SearchAction\",\"target\":{\"@type\":\"EntryPoint\",\"urlTemplate\":\"https:\/\/www.sendblaster.com\/?s={search_term_string}\"},\"query-input\":{\"@type\":\"PropertyValueSpecification\",\"valueRequired\":true,\"valueName\":\"search_term_string\"}}],\"inLanguage\":\"es\"},{\"@type\":\"Organization\",\"@id\":\"https:\/\/www.sendblaster.com\/#organization\",\"name\":\"SendBlaster software de correo masivo para marketing por email\",\"url\":\"https:\/\/www.sendblaster.com\/\",\"logo\":{\"@type\":\"ImageObject\",\"inLanguage\":\"es\",\"@id\":\"https:\/\/www.sendblaster.com\/#\/schema\/logo\/image\/\",\"url\":\"https:\/\/www.sendblaster.com\/wp-content\/uploads\/2021\/09\/logo-svg-2021.svg\",\"contentUrl\":\"https:\/\/www.sendblaster.com\/wp-content\/uploads\/2021\/09\/logo-svg-2021.svg\",\"width\":350,\"height\":70,\"caption\":\"SendBlaster software de correo masivo para marketing por email\"},\"image\":{\"@id\":\"https:\/\/www.sendblaster.com\/#\/schema\/logo\/image\/\"}}]}<\/script>\n<!-- \/ Yoast SEO plugin. -->","yoast_head_json":{"title":"Tasa de entrega de emails - SendBlaster software de correo masivo para marketing por email","description":"SendBlaster software de correo masivo para marketing por email Tasa de entrega de emails Aquellas personas nuevas en el marketing por email, muchas veces desconocen que no todo email enviado llega a los destinatarios. Existen muchas razones","robots":{"index":"index","follow":"follow","max-snippet":"max-snippet:-1","max-image-preview":"max-image-preview:large","max-video-preview":"max-video-preview:-1"},"canonical":"https:\/\/www.sendblaster.com\/es\/tasa-de-entrega-de-emails\/","og_locale":"es_ES","og_type":"article","og_title":"Tasa de entrega de emails - SendBlaster software de correo masivo para marketing por email","og_description":"SendBlaster software de correo masivo para marketing por email Tasa de entrega de emails Aquellas personas nuevas en el marketing por email, muchas veces desconocen que no todo email enviado llega a los destinatarios. Existen muchas razones","og_url":"https:\/\/www.sendblaster.com\/es\/tasa-de-entrega-de-emails\/","og_site_name":"SendBlaster software de correo masivo para marketing por email","article_modified_time":"2018-05-16T14:32:21+00:00","twitter_card":"summary_large_image","twitter_misc":{"Tiempo de lectura":"2 minutos"},"schema":{"@context":"https:\/\/schema.org","@graph":[{"@type":"WebPage","@id":"https:\/\/www.sendblaster.com\/es\/tasa-de-entrega-de-emails\/","url":"https:\/\/www.sendblaster.com\/es\/tasa-de-entrega-de-emails\/","name":"Tasa de entrega de emails - SendBlaster software de correo masivo para marketing por email","isPartOf":{"@id":"https:\/\/www.sendblaster.com\/#website"},"datePublished":"2018-05-16T14:31:44+00:00","dateModified":"2018-05-16T14:32:21+00:00","description":"SendBlaster software de correo masivo para marketing por email Tasa de entrega de emails Aquellas personas nuevas en el marketing por email, muchas veces desconocen que no todo email enviado llega a los destinatarios. Existen muchas razones","breadcrumb":{"@id":"https:\/\/www.sendblaster.com\/es\/tasa-de-entrega-de-emails\/#breadcrumb"},"inLanguage":"es","potentialAction":[{"@type":"ReadAction","target":["https:\/\/www.sendblaster.com\/es\/tasa-de-entrega-de-emails\/"]}]},{"@type":"BreadcrumbList","@id":"https:\/\/www.sendblaster.com\/es\/tasa-de-entrega-de-emails\/#breadcrumb","itemListElement":[{"@type":"ListItem","position":1,"name":"Home","item":"https:\/\/www.sendblaster.com\/es\/"},{"@type":"ListItem","position":2,"name":"Tasa de entrega de emails"}]},{"@type":"WebSite","@id":"https:\/\/www.sendblaster.com\/#website","url":"https:\/\/www.sendblaster.com\/","name":"SendBlaster software de correo masivo para marketing por email","description":"","publisher":{"@id":"https:\/\/www.sendblaster.com\/#organization"},"potentialAction":[{"@type":"SearchAction","target":{"@type":"EntryPoint","urlTemplate":"https:\/\/www.sendblaster.com\/?s={search_term_string}"},"query-input":{"@type":"PropertyValueSpecification","valueRequired":true,"valueName":"search_term_string"}}],"inLanguage":"es"},{"@type":"Organization","@id":"https:\/\/www.sendblaster.com\/#organization","name":"SendBlaster software de correo masivo para marketing por email","url":"https:\/\/www.sendblaster.com\/","logo":{"@type":"ImageObject","inLanguage":"es","@id":"https:\/\/www.sendblaster.com\/#\/schema\/logo\/image\/","url":"https:\/\/www.sendblaster.com\/wp-content\/uploads\/2021\/09\/logo-svg-2021.svg","contentUrl":"https:\/\/www.sendblaster.com\/wp-content\/uploads\/2021\/09\/logo-svg-2021.svg","width":350,"height":70,"caption":"SendBlaster software de correo masivo para marketing por email"},"image":{"@id":"https:\/\/www.sendblaster.com\/#\/schema\/logo\/image\/"}}]}},"_links":{"self":[{"href":"https:\/\/www.sendblaster.com\/es\/wp-json\/wp\/v2\/pages\/2008"}],"collection":[{"href":"https:\/\/www.sendblaster.com\/es\/wp-json\/wp\/v2\/pages"}],"about":[{"href":"https:\/\/www.sendblaster.com\/es\/wp-json\/wp\/v2\/types\/page"}],"author":[{"embeddable":true,"href":"https:\/\/www.sendblaster.com\/es\/wp-json\/wp\/v2\/users\/2"}],"replies":[{"embeddable":true,"href":"https:\/\/www.sendblaster.com\/es\/wp-json\/wp\/v2\/comments?post=2008"}],"version-history":[{"count":3,"href":"https:\/\/www.sendblaster.com\/es\/wp-json\/wp\/v2\/pages\/2008\/revisions"}],"predecessor-version":[{"id":2011,"href":"https:\/\/www.sendblaster.com\/es\/wp-json\/wp\/v2\/pages\/2008\/revisions\/2011"}],"wp:attachment":[{"href":"https:\/\/www.sendblaster.com\/es\/wp-json\/wp\/v2\/media?parent=2008"}],"curies":[{"name":"wp","href":"https:\/\/api.w.org\/{rel}","templated":true}]}}