{"id":1967,"date":"2018-05-16T08:10:07","date_gmt":"2018-05-16T08:10:07","guid":{"rendered":"https:\/\/www.sendblaster.com\/wpnew-2018\/?page_id=1967"},"modified":"2018-05-16T08:10:07","modified_gmt":"2018-05-16T08:10:07","slug":"configurar-una-direccion-de-devolucion-para-facilitar-el-procesamiento-de-los-rebotes","status":"publish","type":"page","link":"https:\/\/www.sendblaster.com\/es\/configurar-una-direccion-de-devolucion-para-facilitar-el-procesamiento-de-los-rebotes\/","title":{"rendered":"Configurar una direcci\u00f3n de devoluci\u00f3n para facilitar el procesamiento de los rebotes"},"content":{"rendered":"<p>Todos sabemos que una de las mejores pr\u00e1cticas en el marketing por email es mantener la <strong>lista de correo electr\u00f3nico limpia<\/strong>. Pero tambi\u00e9n es verdad que incluso haciendo todo lo posible para mantener la lista de correo limpia <strong>a\u00fan pueden ocurrir rebotes<\/strong>.<\/p>\n<p>Normalmente, todos los mensajes de error referentes a los correos rebotados se env\u00edan a la direcci\u00f3n del remitente.<\/p>\n<p><strong>SendBlaster 3<\/strong> le permite configurar una <strong>direcci\u00f3n de devoluci\u00f3n personalizada<\/strong>, para que todos los mensajes salientes que generen rebotes (duros) sean reenviados a una cuenta de correo espec\u00edfica (p. ej., rebotes@sudominio.com) en vez de a la direcci\u00f3n del \u201cFORMULARIO\u201d.<\/p>\n<p>De esta manera, podr\u00e1 administrar los rebotes de manera m\u00e1s eficaz ya que los mensajes de error no se mezclar\u00e1n con los mensajes \u201cv\u00e1lidos\u201d en la misma cuenta de correo.<\/p>\n<p>&nbsp;<\/p>\n<h2>\u00bfPero qu\u00e9 es Direcci\u00f3n de devoluci\u00f3n?<\/h2>\n<p>Direcci\u00f3n de devoluci\u00f3n es un campo importante contenido en la cabecera del mensaje, junto a otros campos como De, Asunto, Fecha, Enviado a y Fecha de env\u00edo, que <strong>muestra la direcci\u00f3n de correo electr\u00f3nico a la que se deber\u00e1n enviar los rebotes<\/strong>. Al igual que todos los dem\u00e1s campos, el campo Direcci\u00f3n de devoluci\u00f3n no es visible.<\/p>\n<p>Si quiere a\u00f1adir una direcci\u00f3n de devoluci\u00f3n personalizada cada vez que realice un env\u00edo con SendBlaster, simplemente seleccione el panel Enviar y, a continuaci\u00f3n, haga clic en <strong>Elegir diferentes direcciones para respuestas y rebotes<\/strong>. Aparecer\u00e1 el campo \u201cDirecci\u00f3n de devoluci\u00f3n\u201d, junto al campo \u201cResponder a\u201d.<\/p>\n<p>Ahora simplemente introduzca la direcci\u00f3n de correo a la que desee que le env\u00eden los mensajes rebote.<\/p>\n<p><img decoding=\"async\" width=\"612\" height=\"209\" alt=\"\" src=\"https:\/\/www.sendblaster.com\/wp-content\/uploads\/2018\/04\/return-path.jpg\" title=\"Configurar una direcci\u00f3n de devoluci\u00f3n para facilitar el procesamiento de los rebotes\" \/><\/p>\n<p>Si ha a\u00f1adido una direcci\u00f3n de devoluci\u00f3n personalizada a sus correos y ha verificado que funciona correctamente, recuerde incluirla en el panel <strong>Administrar rebotes<\/strong> con el fin de realizar revisiones de higiene peri\u00f3dicas (p. ej., procesar y eliminar rebotes de su lista autom\u00e1ticamente).<\/p>\n<p>&nbsp;<\/p>\n<div id=\"\" class=\"g1-message g1-message--info \" ><div class=\"g1-inner\"><strong>PRECAUCI\u00d3N<\/strong><\/p>\n<p>Tenga en cuenta que <strong>los servidores de correo interpretan Direcci\u00f3n de devoluci\u00f3n de manera diferente<\/strong>. De acuerdo con sus reglas, por ejemplo, pueden eliminar autom\u00e1ticamente los campos de encabezado Direcci\u00f3n de devoluci\u00f3n y a\u00f1adir los suyos propios. Esto significa que si ha seleccionado \u201cSERVIDOR SMTP\u201d como Modo de env\u00edo, probablemente no pueda utilizar su propia direcci\u00f3n de devoluci\u00f3n, ya que esta podr\u00eda ser ignorada u ocultada antes de que el mensaje llegue al buz\u00f3n del destinatario.<br \/>Por esta raz\u00f3n, le sugerimos que configure una direcci\u00f3n de devoluci\u00f3n personalizada solo cuando utilice <strong>Env\u00edo Directo<\/strong> para realizar sus env\u00edos.<br \/>Tambi\u00e9n le recomendamos editar este campo solo si sabe lo que est\u00e1 haciendo. Un uso incorrecto del campo de encabezado Direcci\u00f3n de devoluci\u00f3n podr\u00eda causar graves problemas, especialmente en t\u00e9rminos de <strong>capacidad de entrega<\/strong>.<\/div><\/div>\n","protected":false},"excerpt":{"rendered":"<p>Todos sabemos que una de las mejores pr\u00e1cticas en el marketing por email es mantener la lista de correo electr\u00f3nico limpia. Pero tambi\u00e9n es verdad que incluso haciendo todo lo posible para mantener la lista de correo limpia a\u00fan pueden <\/p>\n<p class=\"read-more-container\"><a class=\"button read-more\" href=\"https:\/\/www.sendblaster.com\/es\/configurar-una-direccion-de-devolucion-para-facilitar-el-procesamiento-de-los-rebotes\/\" title=\"\">Sigue leyendo<\/a><\/p>\n","protected":false},"author":1,"featured_media":0,"parent":0,"menu_order":0,"comment_status":"closed","ping_status":"closed","template":"","meta":{"_monsterinsights_skip_tracking":false,"_monsterinsights_sitenote_active":false,"_monsterinsights_sitenote_note":"","_monsterinsights_sitenote_category":0,"footnotes":""},"class_list":["post-1967","page","type-page","status-publish"],"yoast_head":"<!-- This site is optimized with the Yoast SEO plugin v23.5 - https:\/\/yoast.com\/wordpress\/plugins\/seo\/ -->\n<title>Configurar una direcci\u00f3n de devoluci\u00f3n para facilitar el procesamiento de los rebotes - SendBlaster software de correo masivo para marketing por email<\/title>\n<meta name=\"description\" content=\"SendBlaster software de correo masivo para marketing por email Configurar una direcci\u00f3n de devoluci\u00f3n para facilitar el procesamiento de los rebotes Todos sabemos que una de las mejores pr\u00e1cticas en el marketing por email es mantener la lista de correo electr\u00f3nico limpia. Pero tambi\u00e9n es verdad que\" \/>\n<meta name=\"robots\" content=\"index, follow, max-snippet:-1, max-image-preview:large, max-video-preview:-1\" \/>\n<link rel=\"canonical\" href=\"https:\/\/www.sendblaster.com\/es\/configurar-una-direccion-de-devolucion-para-facilitar-el-procesamiento-de-los-rebotes\/\" \/>\n<meta property=\"og:locale\" content=\"es_ES\" \/>\n<meta property=\"og:type\" content=\"article\" \/>\n<meta property=\"og:title\" content=\"Configurar una direcci\u00f3n de devoluci\u00f3n para facilitar el procesamiento de los rebotes - SendBlaster software de correo masivo para marketing por email\" \/>\n<meta property=\"og:description\" content=\"SendBlaster software de correo masivo para marketing por email Configurar una direcci\u00f3n de devoluci\u00f3n para facilitar el procesamiento de los rebotes Todos sabemos que una de las mejores pr\u00e1cticas en el marketing por email es mantener la lista de correo electr\u00f3nico limpia. Pero tambi\u00e9n es verdad que\" \/>\n<meta property=\"og:url\" content=\"https:\/\/www.sendblaster.com\/es\/configurar-una-direccion-de-devolucion-para-facilitar-el-procesamiento-de-los-rebotes\/\" \/>\n<meta property=\"og:site_name\" content=\"SendBlaster software de correo masivo para marketing por email\" \/>\n<meta property=\"og:image\" content=\"https:\/\/www.sendblaster.com\/wp-content\/uploads\/2018\/04\/return-path.jpg\" \/>\n<meta name=\"twitter:card\" content=\"summary_large_image\" \/>\n<meta name=\"twitter:label1\" content=\"Tiempo de lectura\" \/>\n\t<meta name=\"twitter:data1\" content=\"2 minutos\" \/>\n<script type=\"application\/ld+json\" class=\"yoast-schema-graph\">{\"@context\":\"https:\/\/schema.org\",\"@graph\":[{\"@type\":\"WebPage\",\"@id\":\"https:\/\/www.sendblaster.com\/es\/configurar-una-direccion-de-devolucion-para-facilitar-el-procesamiento-de-los-rebotes\/\",\"url\":\"https:\/\/www.sendblaster.com\/es\/configurar-una-direccion-de-devolucion-para-facilitar-el-procesamiento-de-los-rebotes\/\",\"name\":\"Configurar una direcci\u00f3n de devoluci\u00f3n para facilitar el procesamiento de los rebotes - SendBlaster software de correo masivo para marketing por email\",\"isPartOf\":{\"@id\":\"https:\/\/www.sendblaster.com\/#website\"},\"primaryImageOfPage\":{\"@id\":\"https:\/\/www.sendblaster.com\/es\/configurar-una-direccion-de-devolucion-para-facilitar-el-procesamiento-de-los-rebotes\/#primaryimage\"},\"image\":{\"@id\":\"https:\/\/www.sendblaster.com\/es\/configurar-una-direccion-de-devolucion-para-facilitar-el-procesamiento-de-los-rebotes\/#primaryimage\"},\"thumbnailUrl\":\"https:\/\/www.sendblaster.com\/wp-content\/uploads\/2018\/04\/return-path.jpg\",\"datePublished\":\"2018-05-16T08:10:07+00:00\",\"dateModified\":\"2018-05-16T08:10:07+00:00\",\"description\":\"SendBlaster software de correo masivo para marketing por email Configurar una direcci\u00f3n de devoluci\u00f3n para facilitar el procesamiento de los rebotes Todos sabemos que una de las mejores pr\u00e1cticas en el marketing por email es mantener la lista de correo electr\u00f3nico limpia. Pero tambi\u00e9n es verdad que\",\"breadcrumb\":{\"@id\":\"https:\/\/www.sendblaster.com\/es\/configurar-una-direccion-de-devolucion-para-facilitar-el-procesamiento-de-los-rebotes\/#breadcrumb\"},\"inLanguage\":\"es\",\"potentialAction\":[{\"@type\":\"ReadAction\",\"target\":[\"https:\/\/www.sendblaster.com\/es\/configurar-una-direccion-de-devolucion-para-facilitar-el-procesamiento-de-los-rebotes\/\"]}]},{\"@type\":\"ImageObject\",\"inLanguage\":\"es\",\"@id\":\"https:\/\/www.sendblaster.com\/es\/configurar-una-direccion-de-devolucion-para-facilitar-el-procesamiento-de-los-rebotes\/#primaryimage\",\"url\":\"https:\/\/www.sendblaster.com\/wp-content\/uploads\/2018\/04\/return-path.jpg\",\"contentUrl\":\"https:\/\/www.sendblaster.com\/wp-content\/uploads\/2018\/04\/return-path.jpg\"},{\"@type\":\"BreadcrumbList\",\"@id\":\"https:\/\/www.sendblaster.com\/es\/configurar-una-direccion-de-devolucion-para-facilitar-el-procesamiento-de-los-rebotes\/#breadcrumb\",\"itemListElement\":[{\"@type\":\"ListItem\",\"position\":1,\"name\":\"Home\",\"item\":\"https:\/\/www.sendblaster.com\/es\/\"},{\"@type\":\"ListItem\",\"position\":2,\"name\":\"Configurar una direcci\u00f3n de devoluci\u00f3n para facilitar el procesamiento de los rebotes\"}]},{\"@type\":\"WebSite\",\"@id\":\"https:\/\/www.sendblaster.com\/#website\",\"url\":\"https:\/\/www.sendblaster.com\/\",\"name\":\"SendBlaster software de correo masivo para marketing por email\",\"description\":\"\",\"publisher\":{\"@id\":\"https:\/\/www.sendblaster.com\/#organization\"},\"potentialAction\":[{\"@type\":\"SearchAction\",\"target\":{\"@type\":\"EntryPoint\",\"urlTemplate\":\"https:\/\/www.sendblaster.com\/?s={search_term_string}\"},\"query-input\":{\"@type\":\"PropertyValueSpecification\",\"valueRequired\":true,\"valueName\":\"search_term_string\"}}],\"inLanguage\":\"es\"},{\"@type\":\"Organization\",\"@id\":\"https:\/\/www.sendblaster.com\/#organization\",\"name\":\"SendBlaster software de correo masivo para marketing por email\",\"url\":\"https:\/\/www.sendblaster.com\/\",\"logo\":{\"@type\":\"ImageObject\",\"inLanguage\":\"es\",\"@id\":\"https:\/\/www.sendblaster.com\/#\/schema\/logo\/image\/\",\"url\":\"https:\/\/www.sendblaster.com\/wp-content\/uploads\/2021\/09\/logo-svg-2021.svg\",\"contentUrl\":\"https:\/\/www.sendblaster.com\/wp-content\/uploads\/2021\/09\/logo-svg-2021.svg\",\"width\":350,\"height\":70,\"caption\":\"SendBlaster software de correo masivo para marketing por email\"},\"image\":{\"@id\":\"https:\/\/www.sendblaster.com\/#\/schema\/logo\/image\/\"}}]}<\/script>\n<!-- \/ Yoast SEO plugin. -->","yoast_head_json":{"title":"Configurar una direcci\u00f3n de devoluci\u00f3n para facilitar el procesamiento de los rebotes - SendBlaster software de correo masivo para marketing por email","description":"SendBlaster software de correo masivo para marketing por email Configurar una direcci\u00f3n de devoluci\u00f3n para facilitar el procesamiento de los rebotes Todos sabemos que una de las mejores pr\u00e1cticas en el marketing por email es mantener la lista de correo electr\u00f3nico limpia. Pero tambi\u00e9n es verdad que","robots":{"index":"index","follow":"follow","max-snippet":"max-snippet:-1","max-image-preview":"max-image-preview:large","max-video-preview":"max-video-preview:-1"},"canonical":"https:\/\/www.sendblaster.com\/es\/configurar-una-direccion-de-devolucion-para-facilitar-el-procesamiento-de-los-rebotes\/","og_locale":"es_ES","og_type":"article","og_title":"Configurar una direcci\u00f3n de devoluci\u00f3n para facilitar el procesamiento de los rebotes - SendBlaster software de correo masivo para marketing por email","og_description":"SendBlaster software de correo masivo para marketing por email Configurar una direcci\u00f3n de devoluci\u00f3n para facilitar el procesamiento de los rebotes Todos sabemos que una de las mejores pr\u00e1cticas en el marketing por email es mantener la lista de correo electr\u00f3nico limpia. Pero tambi\u00e9n es verdad que","og_url":"https:\/\/www.sendblaster.com\/es\/configurar-una-direccion-de-devolucion-para-facilitar-el-procesamiento-de-los-rebotes\/","og_site_name":"SendBlaster software de correo masivo para marketing por email","og_image":[{"url":"https:\/\/www.sendblaster.com\/wp-content\/uploads\/2018\/04\/return-path.jpg"}],"twitter_card":"summary_large_image","twitter_misc":{"Tiempo de lectura":"2 minutos"},"schema":{"@context":"https:\/\/schema.org","@graph":[{"@type":"WebPage","@id":"https:\/\/www.sendblaster.com\/es\/configurar-una-direccion-de-devolucion-para-facilitar-el-procesamiento-de-los-rebotes\/","url":"https:\/\/www.sendblaster.com\/es\/configurar-una-direccion-de-devolucion-para-facilitar-el-procesamiento-de-los-rebotes\/","name":"Configurar una direcci\u00f3n de devoluci\u00f3n para facilitar el procesamiento de los rebotes - SendBlaster software de correo masivo para marketing por email","isPartOf":{"@id":"https:\/\/www.sendblaster.com\/#website"},"primaryImageOfPage":{"@id":"https:\/\/www.sendblaster.com\/es\/configurar-una-direccion-de-devolucion-para-facilitar-el-procesamiento-de-los-rebotes\/#primaryimage"},"image":{"@id":"https:\/\/www.sendblaster.com\/es\/configurar-una-direccion-de-devolucion-para-facilitar-el-procesamiento-de-los-rebotes\/#primaryimage"},"thumbnailUrl":"https:\/\/www.sendblaster.com\/wp-content\/uploads\/2018\/04\/return-path.jpg","datePublished":"2018-05-16T08:10:07+00:00","dateModified":"2018-05-16T08:10:07+00:00","description":"SendBlaster software de correo masivo para marketing por email Configurar una direcci\u00f3n de devoluci\u00f3n para facilitar el procesamiento de los rebotes Todos sabemos que una de las mejores pr\u00e1cticas en el marketing por email es mantener la lista de correo electr\u00f3nico limpia. Pero tambi\u00e9n es verdad que","breadcrumb":{"@id":"https:\/\/www.sendblaster.com\/es\/configurar-una-direccion-de-devolucion-para-facilitar-el-procesamiento-de-los-rebotes\/#breadcrumb"},"inLanguage":"es","potentialAction":[{"@type":"ReadAction","target":["https:\/\/www.sendblaster.com\/es\/configurar-una-direccion-de-devolucion-para-facilitar-el-procesamiento-de-los-rebotes\/"]}]},{"@type":"ImageObject","inLanguage":"es","@id":"https:\/\/www.sendblaster.com\/es\/configurar-una-direccion-de-devolucion-para-facilitar-el-procesamiento-de-los-rebotes\/#primaryimage","url":"https:\/\/www.sendblaster.com\/wp-content\/uploads\/2018\/04\/return-path.jpg","contentUrl":"https:\/\/www.sendblaster.com\/wp-content\/uploads\/2018\/04\/return-path.jpg"},{"@type":"BreadcrumbList","@id":"https:\/\/www.sendblaster.com\/es\/configurar-una-direccion-de-devolucion-para-facilitar-el-procesamiento-de-los-rebotes\/#breadcrumb","itemListElement":[{"@type":"ListItem","position":1,"name":"Home","item":"https:\/\/www.sendblaster.com\/es\/"},{"@type":"ListItem","position":2,"name":"Configurar una direcci\u00f3n de devoluci\u00f3n para facilitar el procesamiento de los rebotes"}]},{"@type":"WebSite","@id":"https:\/\/www.sendblaster.com\/#website","url":"https:\/\/www.sendblaster.com\/","name":"SendBlaster software de correo masivo para marketing por email","description":"","publisher":{"@id":"https:\/\/www.sendblaster.com\/#organization"},"potentialAction":[{"@type":"SearchAction","target":{"@type":"EntryPoint","urlTemplate":"https:\/\/www.sendblaster.com\/?s={search_term_string}"},"query-input":{"@type":"PropertyValueSpecification","valueRequired":true,"valueName":"search_term_string"}}],"inLanguage":"es"},{"@type":"Organization","@id":"https:\/\/www.sendblaster.com\/#organization","name":"SendBlaster software de correo masivo para marketing por email","url":"https:\/\/www.sendblaster.com\/","logo":{"@type":"ImageObject","inLanguage":"es","@id":"https:\/\/www.sendblaster.com\/#\/schema\/logo\/image\/","url":"https:\/\/www.sendblaster.com\/wp-content\/uploads\/2021\/09\/logo-svg-2021.svg","contentUrl":"https:\/\/www.sendblaster.com\/wp-content\/uploads\/2021\/09\/logo-svg-2021.svg","width":350,"height":70,"caption":"SendBlaster software de correo masivo para marketing por email"},"image":{"@id":"https:\/\/www.sendblaster.com\/#\/schema\/logo\/image\/"}}]}},"_links":{"self":[{"href":"https:\/\/www.sendblaster.com\/es\/wp-json\/wp\/v2\/pages\/1967"}],"collection":[{"href":"https:\/\/www.sendblaster.com\/es\/wp-json\/wp\/v2\/pages"}],"about":[{"href":"https:\/\/www.sendblaster.com\/es\/wp-json\/wp\/v2\/types\/page"}],"author":[{"embeddable":true,"href":"https:\/\/www.sendblaster.com\/es\/wp-json\/wp\/v2\/users\/1"}],"replies":[{"embeddable":true,"href":"https:\/\/www.sendblaster.com\/es\/wp-json\/wp\/v2\/comments?post=1967"}],"version-history":[{"count":1,"href":"https:\/\/www.sendblaster.com\/es\/wp-json\/wp\/v2\/pages\/1967\/revisions"}],"predecessor-version":[{"id":1968,"href":"https:\/\/www.sendblaster.com\/es\/wp-json\/wp\/v2\/pages\/1967\/revisions\/1968"}],"wp:attachment":[{"href":"https:\/\/www.sendblaster.com\/es\/wp-json\/wp\/v2\/media?parent=1967"}],"curies":[{"name":"wp","href":"https:\/\/api.w.org\/{rel}","templated":true}]}}