{"id":1949,"date":"2018-05-16T07:34:22","date_gmt":"2018-05-16T07:34:22","guid":{"rendered":"https:\/\/www.sendblaster.com\/wpnew-2018\/?page_id=1949"},"modified":"2021-05-25T14:47:57","modified_gmt":"2021-05-25T14:47:57","slug":"plantillas-de-email-gratis-para-navidad-y-ano-nuevo-para-sendblaster","status":"publish","type":"page","link":"https:\/\/www.sendblaster.com\/es\/plantillas-de-email-gratis-para-navidad-y-ano-nuevo-para-sendblaster\/","title":{"rendered":"Redacte sus Newsletters de Navidad 2020"},"content":{"rendered":"<p>Le gustar\u00eda enviar <strong>emails de saludos navide\u00f1os 2020 atractivos<\/strong> a sus clientes o amigos?<\/p>\n<p>Encontrar\u00e1 todo lo necesario aqu\u00ed:<\/p>\n<ul>\n<li>el programa adecuado para crear su dise\u00f1o personalizado<\/li>\n<li>15 plantillas de Navidad 2020 gratis, listas para usar<\/li>\n<li>el software adecuado para el env\u00edo de sus emails<\/li>\n<li>un tutorial paso a paso<\/li>\n<\/ul>\n<p>Lo mejor de todo? Todos sus contactos recibir\u00e1n un email personalizado, como el de los siguientes ejemplos:<\/p>\n<ul class=\"g1-grid\"><li class=\"g1-column g1-one-fifth g1-valign-top\"><br \/>\n<a title=\"Plantillas de Navidad gratis\" data-g1-lightbox=\"gallery-screenshot\" href=\"https:\/\/www.sendblaster.com\/wp-content\/uploads\/2018\/05\/christmas-1.jpg\"><img decoding=\"async\" width=\"136\" height=\"150\" src=\"https:\/\/www.sendblaster.com\/wp-content\/uploads\/2018\/05\/christmas-th-1.jpg\" alt=\"Plantillas de Navidad gratis\" \/><\/a><br \/>\n<\/li><!-- -->\n<li class=\"g1-column g1-one-fifth g1-valign-top\"><br \/>\n<a title=\"Plantillas de Navidad gratis\" data-g1-lightbox=\"gallery-screenshot\" href=\"https:\/\/www.sendblaster.com\/wp-content\/uploads\/2018\/05\/christmas-2.jpg\"><img decoding=\"async\" width=\"136\" height=\"150\" src=\"https:\/\/www.sendblaster.com\/wp-content\/uploads\/2018\/05\/christmas-th-2.jpg\" alt=\"Plantillas de Navidad gratis\" \/><\/a><br \/>\n<\/li><!-- -->\n<li class=\"g1-column g1-one-fifth g1-valign-top\"><br \/>\n<a title=\"Plantillas de Navidad gratis\" data-g1-lightbox=\"gallery-screenshot\" href=\"https:\/\/www.sendblaster.com\/wp-content\/uploads\/2018\/05\/christmas-3.jpg\"><img decoding=\"async\" width=\"136\" height=\"150\" src=\"https:\/\/www.sendblaster.com\/wp-content\/uploads\/2018\/05\/christmas-th-3.jpg\" alt=\"Plantillas de Navidad gratis\" \/><\/a><br \/>\n<\/li><!-- -->\n<li class=\"g1-column g1-one-fifth g1-valign-top\"><br \/>\n<a title=\"Plantillas de Navidad gratis\" data-g1-lightbox=\"gallery-screenshot\" href=\"https:\/\/www.sendblaster.com\/wp-content\/uploads\/2018\/05\/christmas-4.jpg\"><img decoding=\"async\" width=\"136\" height=\"150\" src=\"https:\/\/www.sendblaster.com\/wp-content\/uploads\/2018\/05\/christmas-th-4.jpg\" alt=\"Plantillas de Navidad gratis\" \/><\/a><br \/>\n<\/li><!-- -->\n<li class=\"g1-column g1-one-fifth g1-valign-top\"><br \/>\n<a title=\"Plantillas de Navidad gratis\" data-g1-lightbox=\"gallery-screenshot\" href=\"https:\/\/www.sendblaster.com\/wp-content\/uploads\/2018\/05\/christmas-5.jpg\"><img decoding=\"async\" width=\"136\" height=\"150\" src=\"https:\/\/www.sendblaster.com\/wp-content\/uploads\/2018\/05\/christmas-th-5.jpg\" alt=\"Plantillas de Navidad gratis\" \/><\/a><br \/>\n<\/li><!-- --><\/ul>\n<ul class=\"g1-grid\"><li class=\"g1-column g1-one-fifth g1-valign-top\"><br \/>\n<a title=\"Plantillas de Navidad gratis\" data-g1-lightbox=\"gallery-screenshot\" href=\"https:\/\/www.sendblaster.com\/wp-content\/uploads\/2018\/05\/christmas-6.jpg\"><img decoding=\"async\" width=\"136\" height=\"150\" src=\"https:\/\/www.sendblaster.com\/wp-content\/uploads\/2018\/05\/christmas-th-6.jpg\" alt=\"Plantillas de Navidad gratis\" \/><\/a><br \/>\n<\/li><!-- -->\n<li class=\"g1-column g1-one-fifth g1-valign-top\"><br \/>\n<a title=\"Plantillas de Navidad gratis\" data-g1-lightbox=\"gallery-screenshot\" href=\"https:\/\/www.sendblaster.com\/wp-content\/uploads\/2018\/05\/christmas-7.jpg\"><img decoding=\"async\" width=\"136\" height=\"150\" src=\"https:\/\/www.sendblaster.com\/wp-content\/uploads\/2018\/05\/christmas-th-7.jpg\" alt=\"Plantillas de Navidad gratis\" \/><\/a><br \/>\n<\/li><!-- -->\n<li class=\"g1-column g1-one-fifth g1-valign-top\"><br \/>\n<a title=\"Plantillas de Navidad gratis\" data-g1-lightbox=\"gallery-screenshot\" href=\"https:\/\/www.sendblaster.com\/wp-content\/uploads\/2018\/05\/christmas-8.jpg\"><img decoding=\"async\" width=\"136\" height=\"150\" src=\"https:\/\/www.sendblaster.com\/wp-content\/uploads\/2018\/05\/christmas-th-8.jpg\" alt=\"Plantillas de Navidad gratis\" \/><\/a><br \/>\n<\/li><!-- -->\n<li class=\"g1-column g1-one-fifth g1-valign-top\"><br \/>\n<a title=\"Plantillas de Navidad gratis\" data-g1-lightbox=\"gallery-screenshot\" href=\"https:\/\/www.sendblaster.com\/wp-content\/uploads\/2018\/05\/christmas-9.jpg\"><img decoding=\"async\" width=\"136\" height=\"150\" src=\"https:\/\/www.sendblaster.com\/wp-content\/uploads\/2018\/05\/christmas-th-9.jpg\" alt=\"Plantillas de Navidad gratis\" \/><\/a><br \/>\n<\/li><!-- -->\n<li class=\"g1-column g1-one-fifth g1-valign-top\"><br \/>\n<a title=\"Plantillas de Navidad gratis\" data-g1-lightbox=\"gallery-screenshot\" href=\"https:\/\/www.sendblaster.com\/wp-content\/uploads\/2018\/05\/christmas-10.jpg\"><img decoding=\"async\" width=\"136\" height=\"150\" src=\"https:\/\/www.sendblaster.com\/wp-content\/uploads\/2018\/05\/christmas-th-10.jpg\" alt=\"Plantillas de Navidad gratis\" \/><\/a><br \/>\n<\/li><!-- --><\/ul>\n<ul class=\"g1-grid\"><li class=\"g1-column g1-one-fifth g1-valign-top\"><br \/>\n<a title=\"Plantillas de Navidad gratis\" data-g1-lightbox=\"gallery-screenshot\" href=\"https:\/\/www.sendblaster.com\/wp-content\/uploads\/2018\/05\/christmas-11.jpg\"><img decoding=\"async\" width=\"136\" height=\"150\" src=\"https:\/\/www.sendblaster.com\/wp-content\/uploads\/2018\/05\/christmas-th-11.jpg\" alt=\"Plantillas de Navidad gratis\" \/><\/a><br \/>\n<\/li><!-- -->\n<li class=\"g1-column g1-one-fifth g1-valign-top\"><br \/>\n<a title=\"Plantillas de Navidad gratis\" data-g1-lightbox=\"gallery-screenshot\" href=\"https:\/\/www.sendblaster.com\/wp-content\/uploads\/2018\/05\/christmas-12.jpg\"><img decoding=\"async\" width=\"136\" height=\"150\" src=\"https:\/\/www.sendblaster.com\/wp-content\/uploads\/2018\/05\/christmas-th-12.jpg\" alt=\"Plantillas de Navidad gratis\" \/><\/a><br \/>\n<\/li><!-- -->\n<li class=\"g1-column g1-one-fifth g1-valign-top\"><br \/>\n<a title=\"Plantillas de Navidad gratis\" data-g1-lightbox=\"gallery-screenshot\" href=\"https:\/\/www.sendblaster.com\/wp-content\/uploads\/2018\/05\/christmas-13.jpg\"><img decoding=\"async\" width=\"136\" height=\"150\" src=\"https:\/\/www.sendblaster.com\/wp-content\/uploads\/2018\/05\/christmas-th-13.jpg\" alt=\"Plantillas de Navidad gratis\" \/><\/a><br \/>\n<\/li><!-- -->\n<li class=\"g1-column g1-one-fifth g1-valign-top\"><br \/>\n<a title=\"Plantillas de Navidad gratis\" data-g1-lightbox=\"gallery-screenshot\" href=\"https:\/\/www.sendblaster.com\/wp-content\/uploads\/2018\/05\/christmas-14.jpg\"><img decoding=\"async\" width=\"136\" height=\"150\" src=\"https:\/\/www.sendblaster.com\/wp-content\/uploads\/2018\/05\/christmas-th-14.jpg\" alt=\"Plantillas de Navidad gratis\" \/><\/a><br \/>\n<\/li><!-- -->\n<li class=\"g1-column g1-one-fifth g1-valign-top\"><br \/>\n<a title=\"Plantillas de Navidad gratis\" data-g1-lightbox=\"gallery-screenshot\" href=\"https:\/\/www.sendblaster.com\/wp-content\/uploads\/2018\/05\/christmas-15.jpg\"><img decoding=\"async\" width=\"136\" height=\"150\" src=\"https:\/\/www.sendblaster.com\/wp-content\/uploads\/2018\/05\/christmas-th-15.jpg\" alt=\"Plantillas de Navidad gratis\" \/><\/a><br \/>\n<\/li><!-- --><\/ul>\n<p style=\"text-align: center;\"><a href=\"https:\/\/www.sendblaster.com\/download\/15-christmas-templates-2020.zip\" title=\"Descargue Plantillas de Navidad 2020\" class=\"christmas-cta\">Plantillas de Navidad 2020<br \/><small>Descargue 15 plantillas gratis<\/small><\/a><\/p>\n<p>&nbsp;<\/p>\n<h2>1. Qu\u00e9 necesita?<\/h2>\n<ul class=\"g1-grid\"><li class=\"g1-column g1-one-half g1-valign-top\">\n<h2 style=\"color: #2895c2; text-align: center; margin-bottom: 0px;\">MAILSTYLER<\/h2>\n<p style=\"color: #2895c2; font-weight: bold; text-align: center;\">Creador de Newsletters<\/p>\n<p style=\"text-align: center;\">Gracias a MailStyler puede modificar sus plantillas de Navidad como un dise\u00f1ador gr\u00e1fico profesional. Agregue botones, cambie colores, mueva contenidos con s\u00f3lo un clic. Adem\u00e1s, puede utilizarlo para crear sus newsletters desde el principio! Descargue una vez y utilice para siempre. Pruebe ahora!<\/p>\n<p style=\"text-align: center; margin-bottom: 0px;\"><a href=\"https:\/\/www.newslettercreator.com\/utils\/download\/pre-download.php\" title=\"Pruebe MailStyler ahora!\" class=\"buy-cta\">Pruebe MailStyler ahora!<\/a><\/p>\n<p style=\"text-align: center;\" class=\"release-data\">Ultima versi\u00f3n: 2.24.01.17 | Fecha de lanzamiento: 17\/01\/2024<br \/>Tama\u00f1o: 114.9MB<\/p>\n<\/li><!-- -->\n<li class=\"g1-column g1-one-half g1-valign-top\">\n<h2 style=\"color: #f3850b; text-align: center; margin-bottom: 0px;\">SENDBLASTER<\/h2>\n<p style=\"color: #f3850b; font-weight: bold; text-align: center;\">100% gratis<\/p>\n<p style=\"text-align: center;\">Uno de los mejores productos de software de marketing por email en el mercado: puede utilizarlo para cargar sus listas de contactos y enviar emails masivos con s\u00f3lo un clic. Instale gratis en su computadora y pruebe el confort de trabajar desconectado, sin problemas de velocidad. Descargue ahora gratis. <a href=\"http:\/\/emailchef.com\/\" target=\"_blank\" title=\"EmailChef, email marketing service\" rel=\"noopener noreferrer\"><em>*Prefiere una plataforma de env\u00edos 100% online? Presione aqu\u00ed.<\/em><\/a><\/p>\n<p style=\"text-align: center; margin-bottom: 0px;\"><a href=\"https:\/\/www.sendblaster.com\/services\/download\/downloadsendblasterfree.php\" title=\"Download SendBlaster for Free\" class=\"download-cta\">Descargue Gratis<\/a><\/p>\n<p style=\"text-align: center;\" class=\"release-data\">Ultima versi\u00f3n: 4.4.2 | Fecha de lanzamiento: 2020\/04\/10 | Tama\u00f1o: 40\nMB<\/p>\n<\/li><!-- --><\/ul>\n<p>&nbsp;<\/p>\n<h2>2. Redacte su mensaje<\/h2>\n<ul>\n<li>Utilice MailStyler para abrir su plantilla de Navidad favorita y modifique seg\u00fan su preferencia, <strong>como en el tutorial en video de abajo<\/strong>. Siempre garantizamos una plantilla responsiva, que se observa perfectamente en cualquier cliente de email.<br \/>\n<br \/>\n<div class=\"lyte-wrapper fourthree\" title=\"Christmas templates 2018\" style=\"width:420px;max-width:100%;margin:5px;\"><div class=\"lyMe\" id=\"WYL_-27g5C2RMpg\" itemprop=\"video\" itemscope itemtype=\"https:\/\/schema.org\/VideoObject\"><div><meta itemprop=\"thumbnailUrl\" content=\"https:\/\/www.sendblaster.com\/wp-content\/plugins\/wp-youtube-lyte\/lyteCache.php?origThumbUrl=https%3A%2F%2Fi.ytimg.com%2Fvi%2F-27g5C2RMpg%2Fhqdefault.jpg\" \/><meta itemprop=\"embedURL\" content=\"https:\/\/www.youtube.com\/embed\/-27g5C2RMpg\" \/><meta itemprop=\"duration\" content=\"PT1M36S\" \/><meta itemprop=\"uploadDate\" content=\"2017-12-11T13:56:20Z\" \/><\/div><div id=\"lyte_-27g5C2RMpg\" data-src=\"https:\/\/www.sendblaster.com\/wp-content\/plugins\/wp-youtube-lyte\/lyteCache.php?origThumbUrl=https%3A%2F%2Fi.ytimg.com%2Fvi%2F-27g5C2RMpg%2Fhqdefault.jpg\" class=\"pL\"><div class=\"tC\"><div class=\"tT\" itemprop=\"name\">Christmas templates 2018<\/div><\/div><div class=\"play\"><\/div><div class=\"ctrl\"><div class=\"Lctrl\"><\/div><div class=\"Rctrl\"><\/div><\/div><\/div><noscript><a href=\"https:\/\/youtu.be\/-27g5C2RMpg\" rel=\"nofollow\"><img decoding=\"async\" src=\"https:\/\/www.sendblaster.com\/wp-content\/plugins\/wp-youtube-lyte\/lyteCache.php?origThumbUrl=https%3A%2F%2Fi.ytimg.com%2Fvi%2F-27g5C2RMpg%2F0.jpg\" alt=\"Christmas templates 2018\" width=\"420\" height=\"295\" \/><br \/>Ver este v\u00eddeo en YouTube<\/a><\/noscript><meta itemprop=\"description\" content=\"Discover how to edit your Christmas email template in MailStyler 2 and export it to SendBlaster 4.\"><\/div><\/div><div class=\"lL\" style=\"max-width:100%;width:420px;margin:5px;\"><\/div>\n<div class=\"lj-video-button hide\">\n  <a href=\"https:\/\/www.youtube.com\/embed\/-27g5C2RMpg?rel=0&autoplay=1\" data-featherlight=\"iframe\" data-featherlight-iframe-width=\"800\" data-featherlight-iframe-height=\"610\" data-featherlight-iframe-frameborder=\"0\" data-featherlight-iframe-allow=\"autoplay; encrypted-media\" data-featherlight-iframe-allowfullscreen=\"true\" title=\"Reproducir el video tutorial\">Reproducir el video tutorial <i class=\"fa fa-play-circle fa-2x\"><\/i><\/a>\n<\/div><\/li>\n<li>Personalice su plantilla agregando texto personalizado. Aqu\u00ed puede encontrar algunas sugerencias de frases de saludos Navide\u00f1os:\n<p class=\"frase\">C\u00e1lidos saludos y los mejores deseos para Navidad y el A\u00f1o Nuevo!<\/p>\n<p class=\"frase\">Que la navidad llene su coraz\u00f3n de paz y amor y haga brillar su A\u00f1o Nuevo<\/p>\n<p class=\"frase\">Pensar\u00e9 en usted en Navidad con un deseo c\u00e1lido y sincero. Que tenga una gran Navidad y un glorioso A\u00f1o Nuevo!<\/p>\n<p class=\"frase\">Le deseo una Navidad bendecida y un A\u00f1o Nuevo lleno de sorpresas<\/p>\n<p class=\"frase\">Que la navidad sea un momento especial; c\u00e1lido, en paz y lleno de felicidad, la alegr\u00eda de los cercanos, y les deseamos lo mejor de la Navidad y un a\u00f1o nuevo lleno de felicidad.<\/p>\n<p class=\"frase\">Una alegre Navidad y a\u00f1o nuevo lleno de felicidad para usted!<\/p>\n<p class=\"frase\">Que tenga la mejor Noche Buena!<\/p>\n<p class=\"frase\">Que la alegr\u00eda de la navidad lo acompa\u00f1e el a\u00f1o entero!<\/p>\n<p class=\"frase\">Espero que sus sue\u00f1os navide\u00f1os se tornen realidad!<\/p>\n<p class=\"frase\">La Navidad llega una vez al a\u00f1o. Pero cuando lo hace, trae buenos \u00e1nimos y amor\n<\/p>\n<p>&nbsp;\n<\/li>\n<li>Exporte su plantilla directamente a SendBlaster, gracias al bot\u00f3n dedicado en la esquina superior derecha [Exportar -> Exportar a SendBlaster 4]. SendBlaster autom\u00e1ticamente abrir\u00e1 su plantilla, lista para ser enviada.<\/li>\n<li>Use etiquetas para personalizar su mensaje [<a href=\"https:\/\/www.sendblaster.com\/en\/support\/newsletter-creation\/email-merge-software-tutorial-newsletter-personalization\" target=\"_blank\" rel=\"noopener noreferrer\"><strong>?<\/strong><\/a>]<br \/>\n<img decoding=\"async\" width=\"609\" height=\"495\" src=\"https:\/\/www.sendblaster.com\/wp-content\/uploads\/2018\/05\/tutorial.png\" style=\"margin-top: 15px;\"><\/li>\n<li>Siempre incluya una versi\u00f3n de texto en su mensaje.<\/li>\n<li>Agregue una l\u00ednea de asunto llamativa: debe ser corta y original.<\/li>\n<\/ul>\n<p>&nbsp;<\/p>\n<h2>3. Suba su lista de contactos<\/h2>\n<ul>\n<li>Suba las listas de direcciones de email que desea usar [<a target=\"_blank\" href=\"https:\/\/www.sendblaster.com\/en\/support\/lists-importing\/importing-lists\" rel=\"noopener noreferrer\"><strong>?<\/strong><\/a>]<\/li>\n<\/ul>\n<p>&nbsp;<\/p>\n<h2>4. Env\u00ede su mensaje<\/h2>\n<ul>\n<li>Seleccione la lista<\/li>\n<li>Agregue informaci\u00f3n de remitente<\/li>\n<li>Seleccione Usar Servicio SMTP<\/li>\n<li>Presione el bot\u00f3n \u201cEnviar\u201d<\/li>\n<\/ul>\n<p>&nbsp;<\/p>\n<h2>Descargue gratis las 15 nuevas Plantillas de Navidad 2020!<\/h2>\n<p>Descargue un conjunto de 15 plantillas de Navidad dise\u00f1adas por nuestros propios dise\u00f1adores web. Personalice en MailStyler y exporte directamente a SendBlaster con s\u00f3lo un clic. Elija Ahora su Favorita!<\/p>\n<p style=\"text-align: center;\"><a href=\"https:\/\/www.sendblaster.com\/download\/15-christmas-templates-2020.zip\" title=\"Descargue Plantillas de Navidad 2020\" class=\"christmas-cta\">Plantillas de Navidad 2020<br \/><small>Descargue 15 plantillas gratis<\/small><\/a><\/p>\n","protected":false},"excerpt":{"rendered":"<p>Le gustar\u00eda enviar emails de saludos navide\u00f1os 2020 atractivos a sus clientes o amigos? Encontrar\u00e1 todo lo necesario aqu\u00ed: el programa adecuado para crear su dise\u00f1o personalizado 15 plantillas de Navidad 2020 gratis, listas para usar el software adecuado para <\/p>\n<p class=\"read-more-container\"><a class=\"button read-more\" href=\"https:\/\/www.sendblaster.com\/es\/plantillas-de-email-gratis-para-navidad-y-ano-nuevo-para-sendblaster\/\" title=\"\">Sigue leyendo<\/a><\/p>\n","protected":false},"author":1,"featured_media":0,"parent":0,"menu_order":0,"comment_status":"closed","ping_status":"closed","template":"","meta":{"_monsterinsights_skip_tracking":false,"_monsterinsights_sitenote_active":false,"_monsterinsights_sitenote_note":"","_monsterinsights_sitenote_category":0,"footnotes":""},"class_list":["post-1949","page","type-page","status-publish"],"yoast_head":"<!-- This site is optimized with the Yoast SEO plugin v23.5 - https:\/\/yoast.com\/wordpress\/plugins\/seo\/ -->\n<title>Redacte sus Newsletters de Navidad 2020<\/title>\n<meta name=\"description\" content=\"Le gustar\u00eda enviar emails de saludos navide\u00f1os atractivos a sus clientes o amigos? Encontrar\u00e1 todo lo necesario aqu\u00ed!\" \/>\n<meta name=\"robots\" content=\"index, follow, max-snippet:-1, max-image-preview:large, max-video-preview:-1\" \/>\n<link rel=\"canonical\" href=\"https:\/\/www.sendblaster.com\/es\/plantillas-de-email-gratis-para-navidad-y-ano-nuevo-para-sendblaster\/\" \/>\n<meta property=\"og:locale\" content=\"es_ES\" \/>\n<meta property=\"og:type\" content=\"article\" \/>\n<meta property=\"og:title\" content=\"Redacte sus Newsletters de Navidad 2020\" \/>\n<meta property=\"og:description\" content=\"Le gustar\u00eda enviar emails de saludos navide\u00f1os atractivos a sus clientes o amigos? Encontrar\u00e1 todo lo necesario aqu\u00ed!\" \/>\n<meta property=\"og:url\" content=\"https:\/\/www.sendblaster.com\/es\/plantillas-de-email-gratis-para-navidad-y-ano-nuevo-para-sendblaster\/\" \/>\n<meta property=\"og:site_name\" content=\"SendBlaster software de correo masivo para marketing por email\" \/>\n<meta property=\"article:modified_time\" content=\"2021-05-25T14:47:57+00:00\" \/>\n<meta property=\"og:image\" content=\"https:\/\/www.sendblaster.com\/wp-content\/uploads\/2018\/05\/christmas-th-1.jpg\" \/>\n<meta name=\"twitter:card\" content=\"summary_large_image\" \/>\n<meta name=\"twitter:label1\" content=\"Tiempo de lectura\" \/>\n\t<meta name=\"twitter:data1\" content=\"4 minutos\" \/>\n<script type=\"application\/ld+json\" class=\"yoast-schema-graph\">{\"@context\":\"https:\/\/schema.org\",\"@graph\":[{\"@type\":\"WebPage\",\"@id\":\"https:\/\/www.sendblaster.com\/es\/plantillas-de-email-gratis-para-navidad-y-ano-nuevo-para-sendblaster\/\",\"url\":\"https:\/\/www.sendblaster.com\/es\/plantillas-de-email-gratis-para-navidad-y-ano-nuevo-para-sendblaster\/\",\"name\":\"Redacte sus Newsletters de Navidad 2020\",\"isPartOf\":{\"@id\":\"https:\/\/www.sendblaster.com\/#website\"},\"primaryImageOfPage\":{\"@id\":\"https:\/\/www.sendblaster.com\/es\/plantillas-de-email-gratis-para-navidad-y-ano-nuevo-para-sendblaster\/#primaryimage\"},\"image\":{\"@id\":\"https:\/\/www.sendblaster.com\/es\/plantillas-de-email-gratis-para-navidad-y-ano-nuevo-para-sendblaster\/#primaryimage\"},\"thumbnailUrl\":\"https:\/\/www.sendblaster.com\/wp-content\/uploads\/2018\/05\/christmas-th-1.jpg\",\"datePublished\":\"2018-05-16T07:34:22+00:00\",\"dateModified\":\"2021-05-25T14:47:57+00:00\",\"description\":\"Le gustar\u00eda enviar emails de saludos navide\u00f1os atractivos a sus clientes o amigos? Encontrar\u00e1 todo lo necesario aqu\u00ed!\",\"breadcrumb\":{\"@id\":\"https:\/\/www.sendblaster.com\/es\/plantillas-de-email-gratis-para-navidad-y-ano-nuevo-para-sendblaster\/#breadcrumb\"},\"inLanguage\":\"es\",\"potentialAction\":[{\"@type\":\"ReadAction\",\"target\":[\"https:\/\/www.sendblaster.com\/es\/plantillas-de-email-gratis-para-navidad-y-ano-nuevo-para-sendblaster\/\"]}]},{\"@type\":\"ImageObject\",\"inLanguage\":\"es\",\"@id\":\"https:\/\/www.sendblaster.com\/es\/plantillas-de-email-gratis-para-navidad-y-ano-nuevo-para-sendblaster\/#primaryimage\",\"url\":\"https:\/\/www.sendblaster.com\/wp-content\/uploads\/2018\/05\/christmas-th-1.jpg\",\"contentUrl\":\"https:\/\/www.sendblaster.com\/wp-content\/uploads\/2018\/05\/christmas-th-1.jpg\"},{\"@type\":\"BreadcrumbList\",\"@id\":\"https:\/\/www.sendblaster.com\/es\/plantillas-de-email-gratis-para-navidad-y-ano-nuevo-para-sendblaster\/#breadcrumb\",\"itemListElement\":[{\"@type\":\"ListItem\",\"position\":1,\"name\":\"Home\",\"item\":\"https:\/\/www.sendblaster.com\/es\/\"},{\"@type\":\"ListItem\",\"position\":2,\"name\":\"Redacte sus Newsletters de Navidad 2020\"}]},{\"@type\":\"WebSite\",\"@id\":\"https:\/\/www.sendblaster.com\/#website\",\"url\":\"https:\/\/www.sendblaster.com\/\",\"name\":\"SendBlaster software de correo masivo para marketing por email\",\"description\":\"\",\"publisher\":{\"@id\":\"https:\/\/www.sendblaster.com\/#organization\"},\"potentialAction\":[{\"@type\":\"SearchAction\",\"target\":{\"@type\":\"EntryPoint\",\"urlTemplate\":\"https:\/\/www.sendblaster.com\/?s={search_term_string}\"},\"query-input\":{\"@type\":\"PropertyValueSpecification\",\"valueRequired\":true,\"valueName\":\"search_term_string\"}}],\"inLanguage\":\"es\"},{\"@type\":\"Organization\",\"@id\":\"https:\/\/www.sendblaster.com\/#organization\",\"name\":\"SendBlaster software de correo masivo para marketing por email\",\"url\":\"https:\/\/www.sendblaster.com\/\",\"logo\":{\"@type\":\"ImageObject\",\"inLanguage\":\"es\",\"@id\":\"https:\/\/www.sendblaster.com\/#\/schema\/logo\/image\/\",\"url\":\"https:\/\/www.sendblaster.com\/wp-content\/uploads\/2021\/09\/logo-svg-2021.svg\",\"contentUrl\":\"https:\/\/www.sendblaster.com\/wp-content\/uploads\/2021\/09\/logo-svg-2021.svg\",\"width\":350,\"height\":70,\"caption\":\"SendBlaster software de correo masivo para marketing por email\"},\"image\":{\"@id\":\"https:\/\/www.sendblaster.com\/#\/schema\/logo\/image\/\"}}]}<\/script>\n<!-- \/ Yoast SEO plugin. -->","yoast_head_json":{"title":"Redacte sus Newsletters de Navidad 2020","description":"Le gustar\u00eda enviar emails de saludos navide\u00f1os atractivos a sus clientes o amigos? Encontrar\u00e1 todo lo necesario aqu\u00ed!","robots":{"index":"index","follow":"follow","max-snippet":"max-snippet:-1","max-image-preview":"max-image-preview:large","max-video-preview":"max-video-preview:-1"},"canonical":"https:\/\/www.sendblaster.com\/es\/plantillas-de-email-gratis-para-navidad-y-ano-nuevo-para-sendblaster\/","og_locale":"es_ES","og_type":"article","og_title":"Redacte sus Newsletters de Navidad 2020","og_description":"Le gustar\u00eda enviar emails de saludos navide\u00f1os atractivos a sus clientes o amigos? Encontrar\u00e1 todo lo necesario aqu\u00ed!","og_url":"https:\/\/www.sendblaster.com\/es\/plantillas-de-email-gratis-para-navidad-y-ano-nuevo-para-sendblaster\/","og_site_name":"SendBlaster software de correo masivo para marketing por email","article_modified_time":"2021-05-25T14:47:57+00:00","og_image":[{"url":"https:\/\/www.sendblaster.com\/wp-content\/uploads\/2018\/05\/christmas-th-1.jpg"}],"twitter_card":"summary_large_image","twitter_misc":{"Tiempo de lectura":"4 minutos"},"schema":{"@context":"https:\/\/schema.org","@graph":[{"@type":"WebPage","@id":"https:\/\/www.sendblaster.com\/es\/plantillas-de-email-gratis-para-navidad-y-ano-nuevo-para-sendblaster\/","url":"https:\/\/www.sendblaster.com\/es\/plantillas-de-email-gratis-para-navidad-y-ano-nuevo-para-sendblaster\/","name":"Redacte sus Newsletters de Navidad 2020","isPartOf":{"@id":"https:\/\/www.sendblaster.com\/#website"},"primaryImageOfPage":{"@id":"https:\/\/www.sendblaster.com\/es\/plantillas-de-email-gratis-para-navidad-y-ano-nuevo-para-sendblaster\/#primaryimage"},"image":{"@id":"https:\/\/www.sendblaster.com\/es\/plantillas-de-email-gratis-para-navidad-y-ano-nuevo-para-sendblaster\/#primaryimage"},"thumbnailUrl":"https:\/\/www.sendblaster.com\/wp-content\/uploads\/2018\/05\/christmas-th-1.jpg","datePublished":"2018-05-16T07:34:22+00:00","dateModified":"2021-05-25T14:47:57+00:00","description":"Le gustar\u00eda enviar emails de saludos navide\u00f1os atractivos a sus clientes o amigos? Encontrar\u00e1 todo lo necesario aqu\u00ed!","breadcrumb":{"@id":"https:\/\/www.sendblaster.com\/es\/plantillas-de-email-gratis-para-navidad-y-ano-nuevo-para-sendblaster\/#breadcrumb"},"inLanguage":"es","potentialAction":[{"@type":"ReadAction","target":["https:\/\/www.sendblaster.com\/es\/plantillas-de-email-gratis-para-navidad-y-ano-nuevo-para-sendblaster\/"]}]},{"@type":"ImageObject","inLanguage":"es","@id":"https:\/\/www.sendblaster.com\/es\/plantillas-de-email-gratis-para-navidad-y-ano-nuevo-para-sendblaster\/#primaryimage","url":"https:\/\/www.sendblaster.com\/wp-content\/uploads\/2018\/05\/christmas-th-1.jpg","contentUrl":"https:\/\/www.sendblaster.com\/wp-content\/uploads\/2018\/05\/christmas-th-1.jpg"},{"@type":"BreadcrumbList","@id":"https:\/\/www.sendblaster.com\/es\/plantillas-de-email-gratis-para-navidad-y-ano-nuevo-para-sendblaster\/#breadcrumb","itemListElement":[{"@type":"ListItem","position":1,"name":"Home","item":"https:\/\/www.sendblaster.com\/es\/"},{"@type":"ListItem","position":2,"name":"Redacte sus Newsletters de Navidad 2020"}]},{"@type":"WebSite","@id":"https:\/\/www.sendblaster.com\/#website","url":"https:\/\/www.sendblaster.com\/","name":"SendBlaster software de correo masivo para marketing por email","description":"","publisher":{"@id":"https:\/\/www.sendblaster.com\/#organization"},"potentialAction":[{"@type":"SearchAction","target":{"@type":"EntryPoint","urlTemplate":"https:\/\/www.sendblaster.com\/?s={search_term_string}"},"query-input":{"@type":"PropertyValueSpecification","valueRequired":true,"valueName":"search_term_string"}}],"inLanguage":"es"},{"@type":"Organization","@id":"https:\/\/www.sendblaster.com\/#organization","name":"SendBlaster software de correo masivo para marketing por email","url":"https:\/\/www.sendblaster.com\/","logo":{"@type":"ImageObject","inLanguage":"es","@id":"https:\/\/www.sendblaster.com\/#\/schema\/logo\/image\/","url":"https:\/\/www.sendblaster.com\/wp-content\/uploads\/2021\/09\/logo-svg-2021.svg","contentUrl":"https:\/\/www.sendblaster.com\/wp-content\/uploads\/2021\/09\/logo-svg-2021.svg","width":350,"height":70,"caption":"SendBlaster software de correo masivo para marketing por email"},"image":{"@id":"https:\/\/www.sendblaster.com\/#\/schema\/logo\/image\/"}}]}},"_links":{"self":[{"href":"https:\/\/www.sendblaster.com\/es\/wp-json\/wp\/v2\/pages\/1949"}],"collection":[{"href":"https:\/\/www.sendblaster.com\/es\/wp-json\/wp\/v2\/pages"}],"about":[{"href":"https:\/\/www.sendblaster.com\/es\/wp-json\/wp\/v2\/types\/page"}],"author":[{"embeddable":true,"href":"https:\/\/www.sendblaster.com\/es\/wp-json\/wp\/v2\/users\/1"}],"replies":[{"embeddable":true,"href":"https:\/\/www.sendblaster.com\/es\/wp-json\/wp\/v2\/comments?post=1949"}],"version-history":[{"count":8,"href":"https:\/\/www.sendblaster.com\/es\/wp-json\/wp\/v2\/pages\/1949\/revisions"}],"predecessor-version":[{"id":5384,"href":"https:\/\/www.sendblaster.com\/es\/wp-json\/wp\/v2\/pages\/1949\/revisions\/5384"}],"wp:attachment":[{"href":"https:\/\/www.sendblaster.com\/es\/wp-json\/wp\/v2\/media?parent=1949"}],"curies":[{"name":"wp","href":"https:\/\/api.w.org\/{rel}","templated":true}]}}