{"id":1810,"date":"2018-05-14T15:54:03","date_gmt":"2018-05-14T15:54:03","guid":{"rendered":"https:\/\/www.sendblaster.com\/wpnew-2018\/?page_id=1810"},"modified":"2019-03-15T16:34:03","modified_gmt":"2019-03-15T16:34:03","slug":"250-plantillas-de-mensaje-html","status":"publish","type":"page","link":"https:\/\/www.sendblaster.com\/es\/250-plantillas-de-mensaje-html\/","title":{"rendered":"Elija entre m\u00e1s de 250 plantillas de mensaje HTML dise\u00f1adas para todo tipo de uso"},"content":{"rendered":"<p><img decoding=\"async\" class=\"alignnone size-full wp-image-1377\" src=\"https:\/\/www.sendblaster.com\/wp-content\/uploads\/2018\/05\/categorized-email-templates.jpg\" alt=\"\" width=\"660\" height=\"371\" srcset=\"https:\/\/www.sendblaster.com\/wp-content\/uploads\/2018\/05\/categorized-email-templates.jpg 660w, https:\/\/www.sendblaster.com\/wp-content\/uploads\/2018\/05\/categorized-email-templates-300x169.jpg 300w, https:\/\/www.sendblaster.com\/wp-content\/uploads\/2018\/05\/categorized-email-templates-636x358.jpg 636w, https:\/\/www.sendblaster.com\/wp-content\/uploads\/2018\/05\/categorized-email-templates-482x271.jpg 482w, https:\/\/www.sendblaster.com\/wp-content\/uploads\/2018\/05\/categorized-email-templates-320x180.jpg 320w, https:\/\/www.sendblaster.com\/wp-content\/uploads\/2018\/05\/categorized-email-templates-239x134.jpg 239w\" sizes=\"(max-width: 660px) 100vw, 660px\" \/><\/p>\n<div class=\"box-info new-icon\"><strong>Esta nueva caracter\u00edstica se encuentra disponible tanto en la versi\u00f3n GRATUITA como en la versi\u00f3n PRO de SendBlaster.<\/strong><\/div>\n<p>&nbsp;<\/p>\n<p>Ya dirija un sal\u00f3n de belleza, una agencia de viajes o un servicio profesional, estamos seguros de que encontrar\u00e1 la <strong>plantilla de correo<\/strong> adecuada en <a href=\"https:\/\/www.sendblaster.com\/es\/\"><strong>SendBlaster<\/strong><\/a>.<\/p>\n<p>De hecho, SendBlaster viene con m\u00e1s de <strong>250 plantillas de mensaje HTML de dise\u00f1o profesional<\/strong>, incluyendo <strong>100 plantillas originales<\/strong> totalmente nuevas ordenadas por categor\u00eda.<\/p>\n<p>Todas las plantillas han sido <strong>probadas y verificadas para funcionar con los clientes de correo electr\u00f3nico m\u00e1s populares<\/strong>, incluyendo Gmail, Yahoo! Mail, Hotmail, Outlook 2007, 2010, etc. Esto quiere decir que sus suscriptores recibir\u00e1n siempre un mensaje de correo electr\u00f3nico con una gran apariencia, independientemente del programa de mensajer\u00eda que utilicen.<\/p>\n<p>Lo \u00fanico que tiene que hacer es seleccionar su plantilla favorita y personalizarla con su contenido, im\u00e1genes y enlaces.<\/p>\n<p>Abra<\/p>\n<p>y haga clic en el panel <strong>Redactar mensaje<\/strong>, a continuaci\u00f3n haga clic en <strong>Elegir plantilla<\/strong>.<\/p>\n<p>&nbsp;<\/p>\n<p><img decoding=\"async\" class=\"alignnone size-full wp-image-1378\" src=\"https:\/\/www.sendblaster.com\/wp-content\/uploads\/2018\/05\/categorized-email-templates-2.jpg\" alt=\"\" width=\"319\" height=\"164\" srcset=\"https:\/\/www.sendblaster.com\/wp-content\/uploads\/2018\/05\/categorized-email-templates-2.jpg 319w, https:\/\/www.sendblaster.com\/wp-content\/uploads\/2018\/05\/categorized-email-templates-2-300x154.jpg 300w, https:\/\/www.sendblaster.com\/wp-content\/uploads\/2018\/05\/categorized-email-templates-2-239x123.jpg 239w\" sizes=\"(max-width: 319px) 100vw, 319px\" \/><\/p>\n<p>&nbsp;<\/p>\n<p>Ahora podr\u00e1 elegir su plantilla favorita de entre distintas <strong>categor\u00edas<\/strong>, como Negocios, Entretenimiento, Comida, Deportes y Tecnolog\u00eda.<\/p>\n<p>&nbsp;<\/p>\n<p><img decoding=\"async\" class=\"alignnone size-full wp-image-1379\" src=\"https:\/\/www.sendblaster.com\/wp-content\/uploads\/2018\/05\/categorized-email-templates-3.jpg\" alt=\"\" width=\"508\" height=\"348\" srcset=\"https:\/\/www.sendblaster.com\/wp-content\/uploads\/2018\/05\/categorized-email-templates-3.jpg 508w, https:\/\/www.sendblaster.com\/wp-content\/uploads\/2018\/05\/categorized-email-templates-3-300x206.jpg 300w, https:\/\/www.sendblaster.com\/wp-content\/uploads\/2018\/05\/categorized-email-templates-3-320x219.jpg 320w, https:\/\/www.sendblaster.com\/wp-content\/uploads\/2018\/05\/categorized-email-templates-3-239x164.jpg 239w\" sizes=\"(max-width: 508px) 100vw, 508px\" \/><\/p>\n<p>&nbsp;<\/p>\n<p>Puede elegir entre cientos de dise\u00f1os y modelos diferentes de acuerdo con sus necesidades y gustos.<\/p>\n<p>Disponemos de todo tipo de plantillas para correo electr\u00f3nico::<\/p>\n<ul>\n<li>de 1 y de 2 columnas,<\/li>\n<li>esquemas multicolores,<\/li>\n<li>estilo pulcro,<\/li>\n<li>dise\u00f1os minimalistas y creativos.<\/li>\n<\/ul>\n<p>Puede usar nuestras plantillas de mensaje HTML no solo para sus newsletters sino tambi\u00e9n en otras ocasiones, como en el env\u00edo de promociones, invitaciones y felicitaciones de Navidad.<\/p>\n<p>Las plantillas de correo que encontrar\u00e1 en SendBlaster son aptas para todos, desde principiantes hasta expertos en HTML. <strong>No necesita escribir el c\u00f3digo fuente<\/strong> para poder usarlas. Los principiantes pueden coger la plantilla y personalizarla simplemente a\u00f1adiendo texto personalizado y gr\u00e1ficos sin tener que escribir ni una sola l\u00ednea de c\u00f3digo. Por otro lado, los programadores pueden editar el c\u00f3digo HTML usando el editor HTML interno de SendBlaster o cualquier otro editor, como Adobe <strong>Dreamweaver<\/strong> (o <strong>Kompozer<\/strong>, como opci\u00f3n gratuita).<\/p>\n<p>Si ha dise\u00f1ado una plantilla desde cero y necesita volver a utilizarla, es buena idea guardar el mensaje \u00ab<strong>Como plantilla<\/strong>\u00ab. As\u00ed lo encontrar\u00e1 antes en la lista de plantillas.<\/p>\n<p>&nbsp;<\/p>\n<div class=\"box-info info-icon\">\n<p><strong>SUGERENCIA<\/strong><\/p>\n<p><i>Tambi\u00e9n puede clasificar por categor\u00edas sus plantillas personalizadas. Simplemente escriba el nombre de la categor\u00eda en la que desea incluir la plantilla entre par\u00e9ntesis + el nombre de archivo. Funciona tanto para las categor\u00edas existentes como para las de nueva creaci\u00f3n.<\/i><\/p>\n<p><i>Por ejemplo:<\/i><\/p>\n<p><i>guardar plantilla en la categor\u00eda existente \u201cNegocios\u201d<br \/>\n(Negocios) correo-invitacion.eml<\/i><\/p>\n<p><i>o<\/i><\/p>\n<p><i>en la categor\u00eda nueva \u201cMiCliente\u201d<br \/>\n(Mi Cliente) correo-invitacion.eml<\/i><\/p>\n<\/div>\n<p>&nbsp;<\/p>\n<p>Si necesita una <strong>plantilla de correo electr\u00f3nico dise\u00f1ada a medida<\/strong>, tambi\u00e9n le podemos ayudar. Nuestro equipo de dise\u00f1adores web trabajar\u00e1 para dise\u00f1ar una plantilla de correo electr\u00f3nico \u00fanica de acuerdo con sus preferencias y necesidades.<\/p>\n","protected":false},"excerpt":{"rendered":"<p>Esta nueva caracter\u00edstica se encuentra disponible tanto en la versi\u00f3n GRATUITA como en la versi\u00f3n PRO de SendBlaster. &nbsp; Ya dirija un sal\u00f3n de belleza, una agencia de viajes o un servicio profesional, estamos seguros de que encontrar\u00e1 la plantilla <\/p>\n<p class=\"read-more-container\"><a class=\"button read-more\" href=\"https:\/\/www.sendblaster.com\/es\/250-plantillas-de-mensaje-html\/\" title=\"\">Sigue leyendo<\/a><\/p>\n","protected":false},"author":2,"featured_media":0,"parent":0,"menu_order":0,"comment_status":"closed","ping_status":"closed","template":"g1_template_page_sidebar_right.php","meta":{"_monsterinsights_skip_tracking":false,"_monsterinsights_sitenote_active":false,"_monsterinsights_sitenote_note":"","_monsterinsights_sitenote_category":0,"footnotes":""},"class_list":["post-1810","page","type-page","status-publish"],"yoast_head":"<!-- This site is optimized with the Yoast SEO plugin v23.5 - https:\/\/yoast.com\/wordpress\/plugins\/seo\/ -->\n<title>Elija entre m\u00e1s de 250 plantillas de mensaje HTML dise\u00f1adas para todo tipo de uso - SendBlaster software de correo masivo para marketing por email<\/title>\n<meta name=\"description\" content=\"SendBlaster software de correo masivo para marketing por email Elija entre m\u00e1s de 250 plantillas de mensaje HTML dise\u00f1adas para todo tipo de uso Esta nueva caracter\u00edstica se encuentra disponible tanto en la versi\u00f3n GRATUITA como en la versi\u00f3n PRO de SendBlaster. &nbsp; Ya dirija un sal\u00f3n de\" \/>\n<meta name=\"robots\" content=\"index, follow, max-snippet:-1, max-image-preview:large, max-video-preview:-1\" \/>\n<link rel=\"canonical\" href=\"https:\/\/www.sendblaster.com\/es\/250-plantillas-de-mensaje-html\/\" \/>\n<meta property=\"og:locale\" content=\"es_ES\" \/>\n<meta property=\"og:type\" content=\"article\" \/>\n<meta property=\"og:title\" content=\"Elija entre m\u00e1s de 250 plantillas de mensaje HTML dise\u00f1adas para todo tipo de uso - SendBlaster software de correo masivo para marketing por email\" \/>\n<meta property=\"og:description\" content=\"SendBlaster software de correo masivo para marketing por email Elija entre m\u00e1s de 250 plantillas de mensaje HTML dise\u00f1adas para todo tipo de uso Esta nueva caracter\u00edstica se encuentra disponible tanto en la versi\u00f3n GRATUITA como en la versi\u00f3n PRO de SendBlaster. &nbsp; Ya dirija un sal\u00f3n de\" \/>\n<meta property=\"og:url\" content=\"https:\/\/www.sendblaster.com\/es\/250-plantillas-de-mensaje-html\/\" \/>\n<meta property=\"og:site_name\" content=\"SendBlaster software de correo masivo para marketing por email\" \/>\n<meta property=\"article:modified_time\" content=\"2019-03-15T16:34:03+00:00\" \/>\n<meta property=\"og:image\" content=\"https:\/\/www.sendblaster.com\/wp-content\/uploads\/2018\/05\/categorized-email-templates.jpg\" \/>\n<meta name=\"twitter:card\" content=\"summary_large_image\" \/>\n<meta name=\"twitter:label1\" content=\"Tiempo de lectura\" \/>\n\t<meta name=\"twitter:data1\" content=\"2 minutos\" \/>\n<script type=\"application\/ld+json\" class=\"yoast-schema-graph\">{\"@context\":\"https:\/\/schema.org\",\"@graph\":[{\"@type\":\"WebPage\",\"@id\":\"https:\/\/www.sendblaster.com\/es\/250-plantillas-de-mensaje-html\/\",\"url\":\"https:\/\/www.sendblaster.com\/es\/250-plantillas-de-mensaje-html\/\",\"name\":\"Elija entre m\u00e1s de 250 plantillas de mensaje HTML dise\u00f1adas para todo tipo de uso - SendBlaster software de correo masivo para marketing por email\",\"isPartOf\":{\"@id\":\"https:\/\/www.sendblaster.com\/#website\"},\"primaryImageOfPage\":{\"@id\":\"https:\/\/www.sendblaster.com\/es\/250-plantillas-de-mensaje-html\/#primaryimage\"},\"image\":{\"@id\":\"https:\/\/www.sendblaster.com\/es\/250-plantillas-de-mensaje-html\/#primaryimage\"},\"thumbnailUrl\":\"https:\/\/www.sendblaster.com\/wp-content\/uploads\/2018\/05\/categorized-email-templates.jpg\",\"datePublished\":\"2018-05-14T15:54:03+00:00\",\"dateModified\":\"2019-03-15T16:34:03+00:00\",\"description\":\"SendBlaster software de correo masivo para marketing por email Elija entre m\u00e1s de 250 plantillas de mensaje HTML dise\u00f1adas para todo tipo de uso Esta nueva caracter\u00edstica se encuentra disponible tanto en la versi\u00f3n GRATUITA como en la versi\u00f3n PRO de SendBlaster. &nbsp; Ya dirija un sal\u00f3n de\",\"breadcrumb\":{\"@id\":\"https:\/\/www.sendblaster.com\/es\/250-plantillas-de-mensaje-html\/#breadcrumb\"},\"inLanguage\":\"es\",\"potentialAction\":[{\"@type\":\"ReadAction\",\"target\":[\"https:\/\/www.sendblaster.com\/es\/250-plantillas-de-mensaje-html\/\"]}]},{\"@type\":\"ImageObject\",\"inLanguage\":\"es\",\"@id\":\"https:\/\/www.sendblaster.com\/es\/250-plantillas-de-mensaje-html\/#primaryimage\",\"url\":\"https:\/\/www.sendblaster.com\/wp-content\/uploads\/2018\/05\/categorized-email-templates.jpg\",\"contentUrl\":\"https:\/\/www.sendblaster.com\/wp-content\/uploads\/2018\/05\/categorized-email-templates.jpg\"},{\"@type\":\"BreadcrumbList\",\"@id\":\"https:\/\/www.sendblaster.com\/es\/250-plantillas-de-mensaje-html\/#breadcrumb\",\"itemListElement\":[{\"@type\":\"ListItem\",\"position\":1,\"name\":\"Home\",\"item\":\"https:\/\/www.sendblaster.com\/es\/\"},{\"@type\":\"ListItem\",\"position\":2,\"name\":\"Elija entre m\u00e1s de 250 plantillas de mensaje HTML dise\u00f1adas para todo tipo de uso\"}]},{\"@type\":\"WebSite\",\"@id\":\"https:\/\/www.sendblaster.com\/#website\",\"url\":\"https:\/\/www.sendblaster.com\/\",\"name\":\"SendBlaster software de correo masivo para marketing por email\",\"description\":\"\",\"publisher\":{\"@id\":\"https:\/\/www.sendblaster.com\/#organization\"},\"potentialAction\":[{\"@type\":\"SearchAction\",\"target\":{\"@type\":\"EntryPoint\",\"urlTemplate\":\"https:\/\/www.sendblaster.com\/?s={search_term_string}\"},\"query-input\":{\"@type\":\"PropertyValueSpecification\",\"valueRequired\":true,\"valueName\":\"search_term_string\"}}],\"inLanguage\":\"es\"},{\"@type\":\"Organization\",\"@id\":\"https:\/\/www.sendblaster.com\/#organization\",\"name\":\"SendBlaster software de correo masivo para marketing por email\",\"url\":\"https:\/\/www.sendblaster.com\/\",\"logo\":{\"@type\":\"ImageObject\",\"inLanguage\":\"es\",\"@id\":\"https:\/\/www.sendblaster.com\/#\/schema\/logo\/image\/\",\"url\":\"https:\/\/www.sendblaster.com\/wp-content\/uploads\/2021\/09\/logo-svg-2021.svg\",\"contentUrl\":\"https:\/\/www.sendblaster.com\/wp-content\/uploads\/2021\/09\/logo-svg-2021.svg\",\"width\":350,\"height\":70,\"caption\":\"SendBlaster software de correo masivo para marketing por email\"},\"image\":{\"@id\":\"https:\/\/www.sendblaster.com\/#\/schema\/logo\/image\/\"}}]}<\/script>\n<!-- \/ Yoast SEO plugin. -->","yoast_head_json":{"title":"Elija entre m\u00e1s de 250 plantillas de mensaje HTML dise\u00f1adas para todo tipo de uso - SendBlaster software de correo masivo para marketing por email","description":"SendBlaster software de correo masivo para marketing por email Elija entre m\u00e1s de 250 plantillas de mensaje HTML dise\u00f1adas para todo tipo de uso Esta nueva caracter\u00edstica se encuentra disponible tanto en la versi\u00f3n GRATUITA como en la versi\u00f3n PRO de SendBlaster. &nbsp; Ya dirija un sal\u00f3n de","robots":{"index":"index","follow":"follow","max-snippet":"max-snippet:-1","max-image-preview":"max-image-preview:large","max-video-preview":"max-video-preview:-1"},"canonical":"https:\/\/www.sendblaster.com\/es\/250-plantillas-de-mensaje-html\/","og_locale":"es_ES","og_type":"article","og_title":"Elija entre m\u00e1s de 250 plantillas de mensaje HTML dise\u00f1adas para todo tipo de uso - SendBlaster software de correo masivo para marketing por email","og_description":"SendBlaster software de correo masivo para marketing por email Elija entre m\u00e1s de 250 plantillas de mensaje HTML dise\u00f1adas para todo tipo de uso Esta nueva caracter\u00edstica se encuentra disponible tanto en la versi\u00f3n GRATUITA como en la versi\u00f3n PRO de SendBlaster. &nbsp; Ya dirija un sal\u00f3n de","og_url":"https:\/\/www.sendblaster.com\/es\/250-plantillas-de-mensaje-html\/","og_site_name":"SendBlaster software de correo masivo para marketing por email","article_modified_time":"2019-03-15T16:34:03+00:00","og_image":[{"url":"https:\/\/www.sendblaster.com\/wp-content\/uploads\/2018\/05\/categorized-email-templates.jpg"}],"twitter_card":"summary_large_image","twitter_misc":{"Tiempo de lectura":"2 minutos"},"schema":{"@context":"https:\/\/schema.org","@graph":[{"@type":"WebPage","@id":"https:\/\/www.sendblaster.com\/es\/250-plantillas-de-mensaje-html\/","url":"https:\/\/www.sendblaster.com\/es\/250-plantillas-de-mensaje-html\/","name":"Elija entre m\u00e1s de 250 plantillas de mensaje HTML dise\u00f1adas para todo tipo de uso - SendBlaster software de correo masivo para marketing por email","isPartOf":{"@id":"https:\/\/www.sendblaster.com\/#website"},"primaryImageOfPage":{"@id":"https:\/\/www.sendblaster.com\/es\/250-plantillas-de-mensaje-html\/#primaryimage"},"image":{"@id":"https:\/\/www.sendblaster.com\/es\/250-plantillas-de-mensaje-html\/#primaryimage"},"thumbnailUrl":"https:\/\/www.sendblaster.com\/wp-content\/uploads\/2018\/05\/categorized-email-templates.jpg","datePublished":"2018-05-14T15:54:03+00:00","dateModified":"2019-03-15T16:34:03+00:00","description":"SendBlaster software de correo masivo para marketing por email Elija entre m\u00e1s de 250 plantillas de mensaje HTML dise\u00f1adas para todo tipo de uso Esta nueva caracter\u00edstica se encuentra disponible tanto en la versi\u00f3n GRATUITA como en la versi\u00f3n PRO de SendBlaster. &nbsp; Ya dirija un sal\u00f3n de","breadcrumb":{"@id":"https:\/\/www.sendblaster.com\/es\/250-plantillas-de-mensaje-html\/#breadcrumb"},"inLanguage":"es","potentialAction":[{"@type":"ReadAction","target":["https:\/\/www.sendblaster.com\/es\/250-plantillas-de-mensaje-html\/"]}]},{"@type":"ImageObject","inLanguage":"es","@id":"https:\/\/www.sendblaster.com\/es\/250-plantillas-de-mensaje-html\/#primaryimage","url":"https:\/\/www.sendblaster.com\/wp-content\/uploads\/2018\/05\/categorized-email-templates.jpg","contentUrl":"https:\/\/www.sendblaster.com\/wp-content\/uploads\/2018\/05\/categorized-email-templates.jpg"},{"@type":"BreadcrumbList","@id":"https:\/\/www.sendblaster.com\/es\/250-plantillas-de-mensaje-html\/#breadcrumb","itemListElement":[{"@type":"ListItem","position":1,"name":"Home","item":"https:\/\/www.sendblaster.com\/es\/"},{"@type":"ListItem","position":2,"name":"Elija entre m\u00e1s de 250 plantillas de mensaje HTML dise\u00f1adas para todo tipo de uso"}]},{"@type":"WebSite","@id":"https:\/\/www.sendblaster.com\/#website","url":"https:\/\/www.sendblaster.com\/","name":"SendBlaster software de correo masivo para marketing por email","description":"","publisher":{"@id":"https:\/\/www.sendblaster.com\/#organization"},"potentialAction":[{"@type":"SearchAction","target":{"@type":"EntryPoint","urlTemplate":"https:\/\/www.sendblaster.com\/?s={search_term_string}"},"query-input":{"@type":"PropertyValueSpecification","valueRequired":true,"valueName":"search_term_string"}}],"inLanguage":"es"},{"@type":"Organization","@id":"https:\/\/www.sendblaster.com\/#organization","name":"SendBlaster software de correo masivo para marketing por email","url":"https:\/\/www.sendblaster.com\/","logo":{"@type":"ImageObject","inLanguage":"es","@id":"https:\/\/www.sendblaster.com\/#\/schema\/logo\/image\/","url":"https:\/\/www.sendblaster.com\/wp-content\/uploads\/2021\/09\/logo-svg-2021.svg","contentUrl":"https:\/\/www.sendblaster.com\/wp-content\/uploads\/2021\/09\/logo-svg-2021.svg","width":350,"height":70,"caption":"SendBlaster software de correo masivo para marketing por email"},"image":{"@id":"https:\/\/www.sendblaster.com\/#\/schema\/logo\/image\/"}}]}},"_links":{"self":[{"href":"https:\/\/www.sendblaster.com\/es\/wp-json\/wp\/v2\/pages\/1810"}],"collection":[{"href":"https:\/\/www.sendblaster.com\/es\/wp-json\/wp\/v2\/pages"}],"about":[{"href":"https:\/\/www.sendblaster.com\/es\/wp-json\/wp\/v2\/types\/page"}],"author":[{"embeddable":true,"href":"https:\/\/www.sendblaster.com\/es\/wp-json\/wp\/v2\/users\/2"}],"replies":[{"embeddable":true,"href":"https:\/\/www.sendblaster.com\/es\/wp-json\/wp\/v2\/comments?post=1810"}],"version-history":[{"count":5,"href":"https:\/\/www.sendblaster.com\/es\/wp-json\/wp\/v2\/pages\/1810\/revisions"}],"predecessor-version":[{"id":4155,"href":"https:\/\/www.sendblaster.com\/es\/wp-json\/wp\/v2\/pages\/1810\/revisions\/4155"}],"wp:attachment":[{"href":"https:\/\/www.sendblaster.com\/es\/wp-json\/wp\/v2\/media?parent=1810"}],"curies":[{"name":"wp","href":"https:\/\/api.w.org\/{rel}","templated":true}]}}