{"id":1512,"date":"2018-05-09T13:37:56","date_gmt":"2018-05-09T13:37:56","guid":{"rendered":"https:\/\/www.sendblaster.com\/wpnew-2018\/?page_id=1512"},"modified":"2021-04-12T12:18:04","modified_gmt":"2021-04-12T12:18:04","slug":"analisis-de-informacion","status":"publish","type":"page","link":"https:\/\/www.sendblaster.com\/es\/analisis-de-informacion\/","title":{"rendered":"An\u00e1lisis de informaci\u00f3n"},"content":{"rendered":"<p style=\"text-align: center;\"><img decoding=\"async\" width=\"1390\" height=\"885\" src=\"https:\/\/www.sendblaster.com\/wp-content\/uploads\/2018\/03\/analyze-results-mailing-large.jpg\" alt=\"An\u00e1lisis de informaci\u00f3n\" class=\"features-image\" \/><\/p>\n<p>Un marketing por email efectivo, requiere herramientas espec\u00edficas para analizar la informaci\u00f3n. SendBlaster &#038; <strong>Google Analytics<\/strong> le permiten conocer si luego de leer sus emails, sus clientes adquirieron sus productos, se suscribieron a su sitio web, o cumplieron con su objetivo establecido en Google Analytics.<\/p>\n<p style=\"text-align: center; margin-bottom: 0px;\"><a href=\"https:\/\/www.sendblaster.com\/es\/descarga-programa-correo\" title=\"Descarga software de env\u00edo de newsletters 100% gratis\" class=\"download-cta\">Descarga Gratuita<\/a><a href=\"https:\/\/www.sendblaster.com\/es\/comprar\" title=\"Comprar SendBlaster PRO Ahora!\" class=\"buy-cta\">SendBlaster Pro<\/a><\/p>\n<p>&nbsp;<\/p>\n<h2>Google Analytics<\/h2>\n<p>Qu\u00e9 sucede luego de que sus destinatarios siguen un v\u00ednculo en su e-mail? Google Analytics es la herramienta de an\u00e1lisis web completamente gratuita que le permite seguir las acciones de sus destinatarios cuando ingresan a su sitio web y le otorga las respuestas que usted necesita.<\/p>\n<p><a href=\"https:\/\/www.sendblaster.com\/es\/soporte\/seguimiento-de-email\/analice-sus-campanas-con-google-analytics\" title=\"An\u00e1lisis de informaci\u00f3n con Google Analytics\">Lea m\u00e1s sobre Google Analytics<\/a><\/p>\n","protected":false},"excerpt":{"rendered":"<p>Un marketing por email efectivo, requiere herramientas espec\u00edficas para analizar la informaci\u00f3n. SendBlaster &#038; Google Analytics le permiten conocer si luego de leer sus emails, sus clientes adquirieron sus productos, se suscribieron a su sitio web, o cumplieron con su <\/p>\n<p class=\"read-more-container\"><a class=\"button read-more\" href=\"https:\/\/www.sendblaster.com\/es\/analisis-de-informacion\/\" title=\"\">Sigue leyendo<\/a><\/p>\n","protected":false},"author":1,"featured_media":0,"parent":0,"menu_order":0,"comment_status":"closed","ping_status":"closed","template":"","meta":{"_monsterinsights_skip_tracking":false,"_monsterinsights_sitenote_active":false,"_monsterinsights_sitenote_note":"","_monsterinsights_sitenote_category":0,"footnotes":""},"class_list":["post-1512","page","type-page","status-publish"],"yoast_head":"<!-- This site is optimized with the Yoast SEO plugin v23.5 - https:\/\/yoast.com\/wordpress\/plugins\/seo\/ -->\n<title>An\u00e1lisis de informaci\u00f3n - SendBlaster software de correo masivo para marketing por email<\/title>\n<meta name=\"description\" content=\"SendBlaster software de correo masivo para marketing por email An\u00e1lisis de informaci\u00f3n Un marketing por email efectivo, requiere herramientas espec\u00edficas para analizar la informaci\u00f3n. SendBlaster &amp; Google Analytics le permiten conocer si\" \/>\n<meta name=\"robots\" content=\"index, follow, max-snippet:-1, max-image-preview:large, max-video-preview:-1\" \/>\n<link rel=\"canonical\" href=\"https:\/\/www.sendblaster.com\/es\/analisis-de-informacion\/\" \/>\n<meta property=\"og:locale\" content=\"es_ES\" \/>\n<meta property=\"og:type\" content=\"article\" \/>\n<meta property=\"og:title\" content=\"An\u00e1lisis de informaci\u00f3n - SendBlaster software de correo masivo para marketing por email\" \/>\n<meta property=\"og:description\" content=\"SendBlaster software de correo masivo para marketing por email An\u00e1lisis de informaci\u00f3n Un marketing por email efectivo, requiere herramientas espec\u00edficas para analizar la informaci\u00f3n. SendBlaster &amp; Google Analytics le permiten conocer si\" \/>\n<meta property=\"og:url\" content=\"https:\/\/www.sendblaster.com\/es\/analisis-de-informacion\/\" \/>\n<meta property=\"og:site_name\" content=\"SendBlaster software de correo masivo para marketing por email\" \/>\n<meta property=\"article:modified_time\" content=\"2021-04-12T12:18:04+00:00\" \/>\n<meta property=\"og:image\" content=\"https:\/\/www.sendblaster.com\/wp-content\/uploads\/2018\/03\/analyze-results-mailing-large.jpg\" \/>\n<meta name=\"twitter:card\" content=\"summary_large_image\" \/>\n<meta name=\"twitter:label1\" content=\"Tiempo de lectura\" \/>\n\t<meta name=\"twitter:data1\" content=\"1 minuto\" \/>\n<script type=\"application\/ld+json\" class=\"yoast-schema-graph\">{\"@context\":\"https:\/\/schema.org\",\"@graph\":[{\"@type\":\"WebPage\",\"@id\":\"https:\/\/www.sendblaster.com\/es\/analisis-de-informacion\/\",\"url\":\"https:\/\/www.sendblaster.com\/es\/analisis-de-informacion\/\",\"name\":\"An\u00e1lisis de informaci\u00f3n - SendBlaster software de correo masivo para marketing por email\",\"isPartOf\":{\"@id\":\"https:\/\/www.sendblaster.com\/#website\"},\"primaryImageOfPage\":{\"@id\":\"https:\/\/www.sendblaster.com\/es\/analisis-de-informacion\/#primaryimage\"},\"image\":{\"@id\":\"https:\/\/www.sendblaster.com\/es\/analisis-de-informacion\/#primaryimage\"},\"thumbnailUrl\":\"https:\/\/www.sendblaster.com\/wp-content\/uploads\/2018\/03\/analyze-results-mailing-large.jpg\",\"datePublished\":\"2018-05-09T13:37:56+00:00\",\"dateModified\":\"2021-04-12T12:18:04+00:00\",\"description\":\"SendBlaster software de correo masivo para marketing por email An\u00e1lisis de informaci\u00f3n Un marketing por email efectivo, requiere herramientas espec\u00edficas para analizar la informaci\u00f3n. SendBlaster & Google Analytics le permiten conocer si\",\"breadcrumb\":{\"@id\":\"https:\/\/www.sendblaster.com\/es\/analisis-de-informacion\/#breadcrumb\"},\"inLanguage\":\"es\",\"potentialAction\":[{\"@type\":\"ReadAction\",\"target\":[\"https:\/\/www.sendblaster.com\/es\/analisis-de-informacion\/\"]}]},{\"@type\":\"ImageObject\",\"inLanguage\":\"es\",\"@id\":\"https:\/\/www.sendblaster.com\/es\/analisis-de-informacion\/#primaryimage\",\"url\":\"https:\/\/www.sendblaster.com\/wp-content\/uploads\/2018\/03\/analyze-results-mailing-large.jpg\",\"contentUrl\":\"https:\/\/www.sendblaster.com\/wp-content\/uploads\/2018\/03\/analyze-results-mailing-large.jpg\"},{\"@type\":\"BreadcrumbList\",\"@id\":\"https:\/\/www.sendblaster.com\/es\/analisis-de-informacion\/#breadcrumb\",\"itemListElement\":[{\"@type\":\"ListItem\",\"position\":1,\"name\":\"Home\",\"item\":\"https:\/\/www.sendblaster.com\/es\/\"},{\"@type\":\"ListItem\",\"position\":2,\"name\":\"An\u00e1lisis de informaci\u00f3n\"}]},{\"@type\":\"WebSite\",\"@id\":\"https:\/\/www.sendblaster.com\/#website\",\"url\":\"https:\/\/www.sendblaster.com\/\",\"name\":\"SendBlaster software de correo masivo para marketing por email\",\"description\":\"\",\"publisher\":{\"@id\":\"https:\/\/www.sendblaster.com\/#organization\"},\"potentialAction\":[{\"@type\":\"SearchAction\",\"target\":{\"@type\":\"EntryPoint\",\"urlTemplate\":\"https:\/\/www.sendblaster.com\/?s={search_term_string}\"},\"query-input\":{\"@type\":\"PropertyValueSpecification\",\"valueRequired\":true,\"valueName\":\"search_term_string\"}}],\"inLanguage\":\"es\"},{\"@type\":\"Organization\",\"@id\":\"https:\/\/www.sendblaster.com\/#organization\",\"name\":\"SendBlaster software de correo masivo para marketing por email\",\"url\":\"https:\/\/www.sendblaster.com\/\",\"logo\":{\"@type\":\"ImageObject\",\"inLanguage\":\"es\",\"@id\":\"https:\/\/www.sendblaster.com\/#\/schema\/logo\/image\/\",\"url\":\"https:\/\/www.sendblaster.com\/wp-content\/uploads\/2021\/09\/logo-svg-2021.svg\",\"contentUrl\":\"https:\/\/www.sendblaster.com\/wp-content\/uploads\/2021\/09\/logo-svg-2021.svg\",\"width\":350,\"height\":70,\"caption\":\"SendBlaster software de correo masivo para marketing por email\"},\"image\":{\"@id\":\"https:\/\/www.sendblaster.com\/#\/schema\/logo\/image\/\"}}]}<\/script>\n<!-- \/ Yoast SEO plugin. -->","yoast_head_json":{"title":"An\u00e1lisis de informaci\u00f3n - SendBlaster software de correo masivo para marketing por email","description":"SendBlaster software de correo masivo para marketing por email An\u00e1lisis de informaci\u00f3n Un marketing por email efectivo, requiere herramientas espec\u00edficas para analizar la informaci\u00f3n. SendBlaster & Google Analytics le permiten conocer si","robots":{"index":"index","follow":"follow","max-snippet":"max-snippet:-1","max-image-preview":"max-image-preview:large","max-video-preview":"max-video-preview:-1"},"canonical":"https:\/\/www.sendblaster.com\/es\/analisis-de-informacion\/","og_locale":"es_ES","og_type":"article","og_title":"An\u00e1lisis de informaci\u00f3n - SendBlaster software de correo masivo para marketing por email","og_description":"SendBlaster software de correo masivo para marketing por email An\u00e1lisis de informaci\u00f3n Un marketing por email efectivo, requiere herramientas espec\u00edficas para analizar la informaci\u00f3n. SendBlaster & Google Analytics le permiten conocer si","og_url":"https:\/\/www.sendblaster.com\/es\/analisis-de-informacion\/","og_site_name":"SendBlaster software de correo masivo para marketing por email","article_modified_time":"2021-04-12T12:18:04+00:00","og_image":[{"url":"https:\/\/www.sendblaster.com\/wp-content\/uploads\/2018\/03\/analyze-results-mailing-large.jpg"}],"twitter_card":"summary_large_image","twitter_misc":{"Tiempo de lectura":"1 minuto"},"schema":{"@context":"https:\/\/schema.org","@graph":[{"@type":"WebPage","@id":"https:\/\/www.sendblaster.com\/es\/analisis-de-informacion\/","url":"https:\/\/www.sendblaster.com\/es\/analisis-de-informacion\/","name":"An\u00e1lisis de informaci\u00f3n - SendBlaster software de correo masivo para marketing por email","isPartOf":{"@id":"https:\/\/www.sendblaster.com\/#website"},"primaryImageOfPage":{"@id":"https:\/\/www.sendblaster.com\/es\/analisis-de-informacion\/#primaryimage"},"image":{"@id":"https:\/\/www.sendblaster.com\/es\/analisis-de-informacion\/#primaryimage"},"thumbnailUrl":"https:\/\/www.sendblaster.com\/wp-content\/uploads\/2018\/03\/analyze-results-mailing-large.jpg","datePublished":"2018-05-09T13:37:56+00:00","dateModified":"2021-04-12T12:18:04+00:00","description":"SendBlaster software de correo masivo para marketing por email An\u00e1lisis de informaci\u00f3n Un marketing por email efectivo, requiere herramientas espec\u00edficas para analizar la informaci\u00f3n. SendBlaster & Google Analytics le permiten conocer si","breadcrumb":{"@id":"https:\/\/www.sendblaster.com\/es\/analisis-de-informacion\/#breadcrumb"},"inLanguage":"es","potentialAction":[{"@type":"ReadAction","target":["https:\/\/www.sendblaster.com\/es\/analisis-de-informacion\/"]}]},{"@type":"ImageObject","inLanguage":"es","@id":"https:\/\/www.sendblaster.com\/es\/analisis-de-informacion\/#primaryimage","url":"https:\/\/www.sendblaster.com\/wp-content\/uploads\/2018\/03\/analyze-results-mailing-large.jpg","contentUrl":"https:\/\/www.sendblaster.com\/wp-content\/uploads\/2018\/03\/analyze-results-mailing-large.jpg"},{"@type":"BreadcrumbList","@id":"https:\/\/www.sendblaster.com\/es\/analisis-de-informacion\/#breadcrumb","itemListElement":[{"@type":"ListItem","position":1,"name":"Home","item":"https:\/\/www.sendblaster.com\/es\/"},{"@type":"ListItem","position":2,"name":"An\u00e1lisis de informaci\u00f3n"}]},{"@type":"WebSite","@id":"https:\/\/www.sendblaster.com\/#website","url":"https:\/\/www.sendblaster.com\/","name":"SendBlaster software de correo masivo para marketing por email","description":"","publisher":{"@id":"https:\/\/www.sendblaster.com\/#organization"},"potentialAction":[{"@type":"SearchAction","target":{"@type":"EntryPoint","urlTemplate":"https:\/\/www.sendblaster.com\/?s={search_term_string}"},"query-input":{"@type":"PropertyValueSpecification","valueRequired":true,"valueName":"search_term_string"}}],"inLanguage":"es"},{"@type":"Organization","@id":"https:\/\/www.sendblaster.com\/#organization","name":"SendBlaster software de correo masivo para marketing por email","url":"https:\/\/www.sendblaster.com\/","logo":{"@type":"ImageObject","inLanguage":"es","@id":"https:\/\/www.sendblaster.com\/#\/schema\/logo\/image\/","url":"https:\/\/www.sendblaster.com\/wp-content\/uploads\/2021\/09\/logo-svg-2021.svg","contentUrl":"https:\/\/www.sendblaster.com\/wp-content\/uploads\/2021\/09\/logo-svg-2021.svg","width":350,"height":70,"caption":"SendBlaster software de correo masivo para marketing por email"},"image":{"@id":"https:\/\/www.sendblaster.com\/#\/schema\/logo\/image\/"}}]}},"_links":{"self":[{"href":"https:\/\/www.sendblaster.com\/es\/wp-json\/wp\/v2\/pages\/1512"}],"collection":[{"href":"https:\/\/www.sendblaster.com\/es\/wp-json\/wp\/v2\/pages"}],"about":[{"href":"https:\/\/www.sendblaster.com\/es\/wp-json\/wp\/v2\/types\/page"}],"author":[{"embeddable":true,"href":"https:\/\/www.sendblaster.com\/es\/wp-json\/wp\/v2\/users\/1"}],"replies":[{"embeddable":true,"href":"https:\/\/www.sendblaster.com\/es\/wp-json\/wp\/v2\/comments?post=1512"}],"version-history":[{"count":2,"href":"https:\/\/www.sendblaster.com\/es\/wp-json\/wp\/v2\/pages\/1512\/revisions"}],"predecessor-version":[{"id":5301,"href":"https:\/\/www.sendblaster.com\/es\/wp-json\/wp\/v2\/pages\/1512\/revisions\/5301"}],"wp:attachment":[{"href":"https:\/\/www.sendblaster.com\/es\/wp-json\/wp\/v2\/media?parent=1512"}],"curies":[{"name":"wp","href":"https:\/\/api.w.org\/{rel}","templated":true}]}}