{"id":1508,"date":"2018-05-09T13:22:30","date_gmt":"2018-05-09T13:22:30","guid":{"rendered":"https:\/\/www.sendblaster.com\/wpnew-2018\/?page_id=1508"},"modified":"2018-05-09T13:25:05","modified_gmt":"2018-05-09T13:25:05","slug":"listas-de-emails-en-base-a-permisos","status":"publish","type":"page","link":"https:\/\/www.sendblaster.com\/es\/listas-de-emails-en-base-a-permisos\/","title":{"rendered":"Listas de emails en base a permisos"},"content":{"rendered":"<p style=\"text-align: center;\"><img decoding=\"async\" width=\"1390\" height=\"885\" src=\"https:\/\/www.sendblaster.com\/wp-content\/uploads\/2018\/03\/build-permission-based-list-large.jpg\" alt=\"listas-de-emails-en-base-a-permisos\" class=\"features-image\" \/><\/p>\n<p>Crear formularios personalizados para su sitio web. Los datos recogidos ser\u00e1n registrados en sus listas. Comience su <strong>campa\u00f1a de marketing por correo electr\u00f3nico<\/strong> inmediatamente con la versi\u00f3n gratis o PRO del software SendBlaster.<\/p>\n<p style=\"text-align: center; margin-bottom: 0px;\"><a href=\"https:\/\/www.sendblaster.com\/es\/descarga-programa-correo\" title=\"Descarga software de env\u00edo de newsletters 100% gratis\" class=\"download-cta\">Descarga Gratuita<\/a><a href=\"https:\/\/www.sendblaster.com\/es\/comprar\" title=\"Comprar SendBlaster PRO Ahora!\" class=\"buy-cta\">SendBlaster Pro<\/a><\/p>\n<p>&nbsp;<\/p>\n<h2>Formularios para newsletter<\/h2>\n<p>Se encuentra totalmente integrado con SendBlaster, para que usted pueda utilizar este servicio para obtener la informaci\u00f3n directamente en las bases de datos de SendBlaster. Usted puede crear formularios para permitir a las personas <strong>suscribirse y desuscribirse en sus listas de correo<\/strong> y utilizar SendBlaster para administrar estas suscripciones.<\/p>\n<p>Estos formularios env\u00edan un email con la informaci\u00f3n obtenida en todos los campos a su direcci\u00f3n de email de administraci\u00f3n de su lista de correos. La informaci\u00f3n es luego procesada con nuestro software de env\u00edo de emails masivos Sendblaster. Cada vez que un lector se suscriba en su sitio Web, usted encontrar\u00e1 su informaci\u00f3n dentro de la base de datos de SendBlaster.<\/p>\n<p>Usted crear\u00e1 de esta forma, una <strong>lista de direcciones de correos basada en permisos<\/strong>, para luego enviar sus newsletters y ofertas especiales a sus contactos.<\/p>\n<p>Usted puede administrar tres tipos de formularioss:<\/p>\n<ul>\n<li>Formulario de suscripci\u00f3n simple<\/li>\n<li>Formulario de suscripci\u00f3n confirmada<\/li>\n<li>Formulario de desuscripci\u00f3n<\/li>\n<\/ul>\n<p>Si utiliza formularios de suscripci\u00f3n confirmada, los usuarios recibir\u00e1n un email de confirmaci\u00f3n de suscripci\u00f3n y deber\u00e1n responder al mismo para confirmar su suscripci\u00f3n.<\/p>\n<p><img decoding=\"async\" src=\"https:\/\/www.sendblaster.com\/wp-content\/uploads\/2018\/03\/email-marketing-form.gif\" alt=\"Ejemplo de formulario\" width=\"434\" height=\"730\" \/><\/p>\n<p>&nbsp;<\/p>\n<h2>Resumen sobre la ley de Spam en Estados Unidos y Europa<\/h2>\n<p>El <strong>Acta US CAN-SPAM<\/strong> recientemente aprobado requiere una opci\u00f3n de desuscripci\u00f3n en sus mensajes de emails, esto es suficiente para la ley de los Estados Unidos.<\/p>\n<p>Por favor tenga en cuenta que la <strong>Directiva Europea 2002\/58\/EC<\/strong> es a\u00fan m\u00e1s restrictiva y requiere obligatoriamente que las direcciones de emails sean recolectadas mediante <strong>m\u00f3dulos de suscripciones<\/strong> para el caso del marketing por email y suscripciones a newsletters. La administraci\u00f3n de suscripciones confirmadas, constituye la mejor alternativa para respetar la privacidad de sus clientes.<\/p>\n","protected":false},"excerpt":{"rendered":"<p>Crear formularios personalizados para su sitio web. Los datos recogidos ser\u00e1n registrados en sus listas. Comience su campa\u00f1a de marketing por correo electr\u00f3nico inmediatamente con la versi\u00f3n gratis o PRO del software SendBlaster. &nbsp; Formularios para newsletter Se encuentra totalmente <\/p>\n<p class=\"read-more-container\"><a class=\"button read-more\" href=\"https:\/\/www.sendblaster.com\/es\/listas-de-emails-en-base-a-permisos\/\" title=\"\">Sigue leyendo<\/a><\/p>\n","protected":false},"author":1,"featured_media":0,"parent":0,"menu_order":0,"comment_status":"closed","ping_status":"closed","template":"","meta":{"_monsterinsights_skip_tracking":false,"_monsterinsights_sitenote_active":false,"_monsterinsights_sitenote_note":"","_monsterinsights_sitenote_category":0,"footnotes":""},"class_list":["post-1508","page","type-page","status-publish"],"yoast_head":"<!-- This site is optimized with the Yoast SEO plugin v23.5 - https:\/\/yoast.com\/wordpress\/plugins\/seo\/ -->\n<title>Listas de emails en base a permisos - SendBlaster software de correo masivo para marketing por email<\/title>\n<meta name=\"description\" content=\"SendBlaster software de correo masivo para marketing por email Listas de emails en base a permisos Crear formularios personalizados para su sitio web. Los datos recogidos ser\u00e1n registrados en sus listas. Comience su campa\u00f1a de marketing por correo\" \/>\n<meta name=\"robots\" content=\"index, follow, max-snippet:-1, max-image-preview:large, max-video-preview:-1\" \/>\n<link rel=\"canonical\" href=\"https:\/\/www.sendblaster.com\/es\/listas-de-emails-en-base-a-permisos\/\" \/>\n<meta property=\"og:locale\" content=\"es_ES\" \/>\n<meta property=\"og:type\" content=\"article\" \/>\n<meta property=\"og:title\" content=\"Listas de emails en base a permisos - SendBlaster software de correo masivo para marketing por email\" \/>\n<meta property=\"og:description\" content=\"SendBlaster software de correo masivo para marketing por email Listas de emails en base a permisos Crear formularios personalizados para su sitio web. Los datos recogidos ser\u00e1n registrados en sus listas. Comience su campa\u00f1a de marketing por correo\" \/>\n<meta property=\"og:url\" content=\"https:\/\/www.sendblaster.com\/es\/listas-de-emails-en-base-a-permisos\/\" \/>\n<meta property=\"og:site_name\" content=\"SendBlaster software de correo masivo para marketing por email\" \/>\n<meta property=\"article:modified_time\" content=\"2018-05-09T13:25:05+00:00\" \/>\n<meta property=\"og:image\" content=\"https:\/\/www.sendblaster.com\/wp-content\/uploads\/2018\/03\/build-permission-based-list-large.jpg\" \/>\n<meta name=\"twitter:card\" content=\"summary_large_image\" \/>\n<meta name=\"twitter:label1\" content=\"Tiempo de lectura\" \/>\n\t<meta name=\"twitter:data1\" content=\"2 minutos\" \/>\n<script type=\"application\/ld+json\" class=\"yoast-schema-graph\">{\"@context\":\"https:\/\/schema.org\",\"@graph\":[{\"@type\":\"WebPage\",\"@id\":\"https:\/\/www.sendblaster.com\/es\/listas-de-emails-en-base-a-permisos\/\",\"url\":\"https:\/\/www.sendblaster.com\/es\/listas-de-emails-en-base-a-permisos\/\",\"name\":\"Listas de emails en base a permisos - SendBlaster software de correo masivo para marketing por email\",\"isPartOf\":{\"@id\":\"https:\/\/www.sendblaster.com\/#website\"},\"primaryImageOfPage\":{\"@id\":\"https:\/\/www.sendblaster.com\/es\/listas-de-emails-en-base-a-permisos\/#primaryimage\"},\"image\":{\"@id\":\"https:\/\/www.sendblaster.com\/es\/listas-de-emails-en-base-a-permisos\/#primaryimage\"},\"thumbnailUrl\":\"https:\/\/www.sendblaster.com\/wp-content\/uploads\/2018\/03\/build-permission-based-list-large.jpg\",\"datePublished\":\"2018-05-09T13:22:30+00:00\",\"dateModified\":\"2018-05-09T13:25:05+00:00\",\"description\":\"SendBlaster software de correo masivo para marketing por email Listas de emails en base a permisos Crear formularios personalizados para su sitio web. Los datos recogidos ser\u00e1n registrados en sus listas. Comience su campa\u00f1a de marketing por correo\",\"breadcrumb\":{\"@id\":\"https:\/\/www.sendblaster.com\/es\/listas-de-emails-en-base-a-permisos\/#breadcrumb\"},\"inLanguage\":\"es\",\"potentialAction\":[{\"@type\":\"ReadAction\",\"target\":[\"https:\/\/www.sendblaster.com\/es\/listas-de-emails-en-base-a-permisos\/\"]}]},{\"@type\":\"ImageObject\",\"inLanguage\":\"es\",\"@id\":\"https:\/\/www.sendblaster.com\/es\/listas-de-emails-en-base-a-permisos\/#primaryimage\",\"url\":\"https:\/\/www.sendblaster.com\/wp-content\/uploads\/2018\/03\/build-permission-based-list-large.jpg\",\"contentUrl\":\"https:\/\/www.sendblaster.com\/wp-content\/uploads\/2018\/03\/build-permission-based-list-large.jpg\"},{\"@type\":\"BreadcrumbList\",\"@id\":\"https:\/\/www.sendblaster.com\/es\/listas-de-emails-en-base-a-permisos\/#breadcrumb\",\"itemListElement\":[{\"@type\":\"ListItem\",\"position\":1,\"name\":\"Home\",\"item\":\"https:\/\/www.sendblaster.com\/es\/\"},{\"@type\":\"ListItem\",\"position\":2,\"name\":\"Listas de emails en base a permisos\"}]},{\"@type\":\"WebSite\",\"@id\":\"https:\/\/www.sendblaster.com\/#website\",\"url\":\"https:\/\/www.sendblaster.com\/\",\"name\":\"SendBlaster software de correo masivo para marketing por email\",\"description\":\"\",\"publisher\":{\"@id\":\"https:\/\/www.sendblaster.com\/#organization\"},\"potentialAction\":[{\"@type\":\"SearchAction\",\"target\":{\"@type\":\"EntryPoint\",\"urlTemplate\":\"https:\/\/www.sendblaster.com\/?s={search_term_string}\"},\"query-input\":{\"@type\":\"PropertyValueSpecification\",\"valueRequired\":true,\"valueName\":\"search_term_string\"}}],\"inLanguage\":\"es\"},{\"@type\":\"Organization\",\"@id\":\"https:\/\/www.sendblaster.com\/#organization\",\"name\":\"SendBlaster software de correo masivo para marketing por email\",\"url\":\"https:\/\/www.sendblaster.com\/\",\"logo\":{\"@type\":\"ImageObject\",\"inLanguage\":\"es\",\"@id\":\"https:\/\/www.sendblaster.com\/#\/schema\/logo\/image\/\",\"url\":\"https:\/\/www.sendblaster.com\/wp-content\/uploads\/2021\/09\/logo-svg-2021.svg\",\"contentUrl\":\"https:\/\/www.sendblaster.com\/wp-content\/uploads\/2021\/09\/logo-svg-2021.svg\",\"width\":350,\"height\":70,\"caption\":\"SendBlaster software de correo masivo para marketing por email\"},\"image\":{\"@id\":\"https:\/\/www.sendblaster.com\/#\/schema\/logo\/image\/\"}}]}<\/script>\n<!-- \/ Yoast SEO plugin. -->","yoast_head_json":{"title":"Listas de emails en base a permisos - SendBlaster software de correo masivo para marketing por email","description":"SendBlaster software de correo masivo para marketing por email Listas de emails en base a permisos Crear formularios personalizados para su sitio web. Los datos recogidos ser\u00e1n registrados en sus listas. Comience su campa\u00f1a de marketing por correo","robots":{"index":"index","follow":"follow","max-snippet":"max-snippet:-1","max-image-preview":"max-image-preview:large","max-video-preview":"max-video-preview:-1"},"canonical":"https:\/\/www.sendblaster.com\/es\/listas-de-emails-en-base-a-permisos\/","og_locale":"es_ES","og_type":"article","og_title":"Listas de emails en base a permisos - SendBlaster software de correo masivo para marketing por email","og_description":"SendBlaster software de correo masivo para marketing por email Listas de emails en base a permisos Crear formularios personalizados para su sitio web. Los datos recogidos ser\u00e1n registrados en sus listas. Comience su campa\u00f1a de marketing por correo","og_url":"https:\/\/www.sendblaster.com\/es\/listas-de-emails-en-base-a-permisos\/","og_site_name":"SendBlaster software de correo masivo para marketing por email","article_modified_time":"2018-05-09T13:25:05+00:00","og_image":[{"url":"https:\/\/www.sendblaster.com\/wp-content\/uploads\/2018\/03\/build-permission-based-list-large.jpg"}],"twitter_card":"summary_large_image","twitter_misc":{"Tiempo de lectura":"2 minutos"},"schema":{"@context":"https:\/\/schema.org","@graph":[{"@type":"WebPage","@id":"https:\/\/www.sendblaster.com\/es\/listas-de-emails-en-base-a-permisos\/","url":"https:\/\/www.sendblaster.com\/es\/listas-de-emails-en-base-a-permisos\/","name":"Listas de emails en base a permisos - SendBlaster software de correo masivo para marketing por email","isPartOf":{"@id":"https:\/\/www.sendblaster.com\/#website"},"primaryImageOfPage":{"@id":"https:\/\/www.sendblaster.com\/es\/listas-de-emails-en-base-a-permisos\/#primaryimage"},"image":{"@id":"https:\/\/www.sendblaster.com\/es\/listas-de-emails-en-base-a-permisos\/#primaryimage"},"thumbnailUrl":"https:\/\/www.sendblaster.com\/wp-content\/uploads\/2018\/03\/build-permission-based-list-large.jpg","datePublished":"2018-05-09T13:22:30+00:00","dateModified":"2018-05-09T13:25:05+00:00","description":"SendBlaster software de correo masivo para marketing por email Listas de emails en base a permisos Crear formularios personalizados para su sitio web. Los datos recogidos ser\u00e1n registrados en sus listas. Comience su campa\u00f1a de marketing por correo","breadcrumb":{"@id":"https:\/\/www.sendblaster.com\/es\/listas-de-emails-en-base-a-permisos\/#breadcrumb"},"inLanguage":"es","potentialAction":[{"@type":"ReadAction","target":["https:\/\/www.sendblaster.com\/es\/listas-de-emails-en-base-a-permisos\/"]}]},{"@type":"ImageObject","inLanguage":"es","@id":"https:\/\/www.sendblaster.com\/es\/listas-de-emails-en-base-a-permisos\/#primaryimage","url":"https:\/\/www.sendblaster.com\/wp-content\/uploads\/2018\/03\/build-permission-based-list-large.jpg","contentUrl":"https:\/\/www.sendblaster.com\/wp-content\/uploads\/2018\/03\/build-permission-based-list-large.jpg"},{"@type":"BreadcrumbList","@id":"https:\/\/www.sendblaster.com\/es\/listas-de-emails-en-base-a-permisos\/#breadcrumb","itemListElement":[{"@type":"ListItem","position":1,"name":"Home","item":"https:\/\/www.sendblaster.com\/es\/"},{"@type":"ListItem","position":2,"name":"Listas de emails en base a permisos"}]},{"@type":"WebSite","@id":"https:\/\/www.sendblaster.com\/#website","url":"https:\/\/www.sendblaster.com\/","name":"SendBlaster software de correo masivo para marketing por email","description":"","publisher":{"@id":"https:\/\/www.sendblaster.com\/#organization"},"potentialAction":[{"@type":"SearchAction","target":{"@type":"EntryPoint","urlTemplate":"https:\/\/www.sendblaster.com\/?s={search_term_string}"},"query-input":{"@type":"PropertyValueSpecification","valueRequired":true,"valueName":"search_term_string"}}],"inLanguage":"es"},{"@type":"Organization","@id":"https:\/\/www.sendblaster.com\/#organization","name":"SendBlaster software de correo masivo para marketing por email","url":"https:\/\/www.sendblaster.com\/","logo":{"@type":"ImageObject","inLanguage":"es","@id":"https:\/\/www.sendblaster.com\/#\/schema\/logo\/image\/","url":"https:\/\/www.sendblaster.com\/wp-content\/uploads\/2021\/09\/logo-svg-2021.svg","contentUrl":"https:\/\/www.sendblaster.com\/wp-content\/uploads\/2021\/09\/logo-svg-2021.svg","width":350,"height":70,"caption":"SendBlaster software de correo masivo para marketing por email"},"image":{"@id":"https:\/\/www.sendblaster.com\/#\/schema\/logo\/image\/"}}]}},"_links":{"self":[{"href":"https:\/\/www.sendblaster.com\/es\/wp-json\/wp\/v2\/pages\/1508"}],"collection":[{"href":"https:\/\/www.sendblaster.com\/es\/wp-json\/wp\/v2\/pages"}],"about":[{"href":"https:\/\/www.sendblaster.com\/es\/wp-json\/wp\/v2\/types\/page"}],"author":[{"embeddable":true,"href":"https:\/\/www.sendblaster.com\/es\/wp-json\/wp\/v2\/users\/1"}],"replies":[{"embeddable":true,"href":"https:\/\/www.sendblaster.com\/es\/wp-json\/wp\/v2\/comments?post=1508"}],"version-history":[{"count":3,"href":"https:\/\/www.sendblaster.com\/es\/wp-json\/wp\/v2\/pages\/1508\/revisions"}],"predecessor-version":[{"id":1511,"href":"https:\/\/www.sendblaster.com\/es\/wp-json\/wp\/v2\/pages\/1508\/revisions\/1511"}],"wp:attachment":[{"href":"https:\/\/www.sendblaster.com\/es\/wp-json\/wp\/v2\/media?parent=1508"}],"curies":[{"name":"wp","href":"https:\/\/api.w.org\/{rel}","templated":true}]}}