{"id":1506,"date":"2018-05-09T13:21:26","date_gmt":"2018-05-09T13:21:26","guid":{"rendered":"https:\/\/www.sendblaster.com\/wpnew-2018\/?page_id=1506"},"modified":"2018-05-09T13:21:26","modified_gmt":"2018-05-09T13:21:26","slug":"redacte-emails-de-alto-impacto","status":"publish","type":"page","link":"https:\/\/www.sendblaster.com\/es\/redacte-emails-de-alto-impacto\/","title":{"rendered":"Redacte emails de alto impacto"},"content":{"rendered":"<p style=\"text-align: center;\"><img decoding=\"async\" width=\"1390\" height=\"885\" src=\"https:\/\/www.sendblaster.com\/wp-content\/uploads\/2018\/03\/create-effective-emails-large.jpg\" alt=\"Redacte emails de alto impacto\" class=\"features-image\" \/><\/p>\n<p>SendBlaster es el <strong>mejor software de correo electr\u00f3nico masivo<\/strong> para la gesti\u00f3n de su lista de correo y crear una campa\u00f1a de email marketing eficaz. Descubra la soluci\u00f3n gratis o Pro (un paquete de pago de una sola vez) lo que le permite administrar f\u00e1cilmente su marketing por correo electr\u00f3nico utilizando el software SendBlaster.<\/p>\n<p style=\"text-align: center; margin-bottom: 0px;\"><a href=\"https:\/\/www.sendblaster.com\/es\/descarga-programa-correo\" title=\"Descarga software de env\u00edo de newsletters 100% gratis\" class=\"download-cta\">Descarga Gratuita<\/a><a href=\"https:\/\/www.sendblaster.com\/es\/comprar\" title=\"Comprar SendBlaster PRO Ahora!\" class=\"buy-cta\">SendBlaster Pro<\/a><\/p>\n<p>&nbsp;<\/p>\n<h2>Nuevas herramientas avanzadas<\/h2>\n<ul>\n<li><strong>Nuevas plantillas categorizadas<\/strong><br \/>\nSendBlaster 3 incluye una gran cantidad de plantillas nuevas; el buscador de plantillas soporta ahora categor\u00edas para una mejor organizaci\u00f3n de las plantillas.\n <\/li>\n<li><strong>Editor de modelos<\/strong><br \/>\nCrear un nuevo mensaje desde cero es muy sencillo con el nuevo Editor de modelos: elija la estructura del mensaje, a\u00f1ada encabezado, pie de p\u00e1gina o columnas laterales, seleccione colores y variaciones con unos pocos clics.\n <\/li>\n<li><strong>Recortar y reemplazar<\/strong><br \/>\nSeleccione una imagen y reempl\u00e1cela por otra: SendBlaster 3 la redimensiona y la recorta (sin estirarla) autom\u00e1ticamente para que encaje en el modelo original.\n <\/li>\n<li><strong>Editor de mensajes mejorado<\/strong><br \/>\nSe han a\u00f1adido nuevas caracter\u00edsticas al editor de mensajes: cambiar el color de fondo, zoom, impresora, a\u00f1adir nuevas familias de fuentes, compartir en Google+, coloreado de la sintaxis de c\u00f3digo.\n <\/li>\n<li><strong>Comprobar enlaces<\/strong><br \/>\nNo m\u00e1s enlaces rotos ocultos: SendBlaster 3 extrae autom\u00e1ticamente todos los enlaces de su mensaje, incluso los que est\u00e1n ocultos, y le permite comprobarlos con un clic.\n<\/li>\n<\/ul>\n<p>&nbsp;<\/p>\n<h2>Herramientas est\u00e1ndar<\/h2>\n<ul>\n<li><strong>Plantillas Gratis<\/strong><br \/>\nCon SendBlaster usted obtiene 80 plantillas de email listas para ser utilizadas que han sido dise\u00f1adas por nuestros profesionales. No se requiere experiencia en edici\u00f3n de HTML.\n<\/li>\n<li><strong>Editor HTML<\/strong><br \/>\nLa redacci\u00f3n de mensajes se logra mediante un poderoso editor visual HTML con acceso al c\u00f3digo fuente, definici\u00f3n de CONJUNTO DE CARACTERES y la capacidad para insertar etiquetas de campos completamente personalizados\n<\/li>\n<li><strong>Importar archivos HTML\/.eml<\/strong><br \/>\nUsted puede importar mensajes de email en SendBlaster desde archivos externos (p\u00e1ginas HTML o archivos de email .eml previamente almacenados, por ejemplo desde Outlook Express). Esto le permite crear sus propias plantillas utilizando un editor HTML externo.\n<\/li>\n<li><strong>Mensajes en HTML y Texto<\/strong><br \/>\nLos mensajes de email son creados en formato HTML y texto plano para el caso en que los destinatarios no posean la opci\u00f3n de visualizaci\u00f3n de HTML. Recuerde: los mensajes de email h\u00edbridos HTML\/Texto Plano constituyen la mejor opci\u00f3n para las campa\u00f1as de marketing por email. Si un mensaje de email no posee la parte de texto plano, la mayor\u00eda de los filtros antispam lo considerar\u00e1n sospechoso. Al finalizar la redacci\u00f3n de su mensaje, utilice el bot\u00f3n de \u2019s \u201cTexto desde HTML\u201d de SendBlaster para crear la parte de texto plano en forma autom\u00e1tica desde el c\u00f3digo HTML.\n<\/li>\n<li><strong>Emails personalizados<\/strong><br \/>\nEnv\u00ede mensajes personalizados (\u201cEstimado Sr. L\u00f3pez\u201d, en lugar de \u201cEstimado Cliente\u201d)<br \/>\nEstimado #nombre# -> se transforma en -> Estimado Pablo<br \/>\nCada mensaje de email enviado se ve diferente utilizando la capacidad de fusi\u00f3n de emails de SendBlaster.\n<\/li>\n<li><strong>Verificaci\u00f3n de Spam<\/strong><br \/>\nSendBlaster ahora integra la herramienta de \u00abVerificaci\u00f3n de Spam\u00bb. Esta herramienta incorpora todas las reglas utilizadas por SpamAssassin que usted debe respetar para llegar directo a la bandeja de entrada de sus clientes.\n<\/li>\n<\/ul>\n","protected":false},"excerpt":{"rendered":"<p>SendBlaster es el mejor software de correo electr\u00f3nico masivo para la gesti\u00f3n de su lista de correo y crear una campa\u00f1a de email marketing eficaz. Descubra la soluci\u00f3n gratis o Pro (un paquete de pago de una sola vez) lo <\/p>\n<p class=\"read-more-container\"><a class=\"button read-more\" href=\"https:\/\/www.sendblaster.com\/es\/redacte-emails-de-alto-impacto\/\" title=\"\">Sigue leyendo<\/a><\/p>\n","protected":false},"author":1,"featured_media":0,"parent":0,"menu_order":0,"comment_status":"closed","ping_status":"closed","template":"","meta":{"_monsterinsights_skip_tracking":false,"_monsterinsights_sitenote_active":false,"_monsterinsights_sitenote_note":"","_monsterinsights_sitenote_category":0,"footnotes":""},"class_list":["post-1506","page","type-page","status-publish"],"yoast_head":"<!-- This site is optimized with the Yoast SEO plugin v23.5 - https:\/\/yoast.com\/wordpress\/plugins\/seo\/ -->\n<title>Redacte emails de alto impacto - SendBlaster software de correo masivo para marketing por email<\/title>\n<meta name=\"description\" content=\"SendBlaster software de correo masivo para marketing por email Redacte emails de alto impacto SendBlaster es el mejor software de correo electr\u00f3nico masivo para la gesti\u00f3n de su lista de correo y crear una campa\u00f1a de email marketing eficaz.\" \/>\n<meta name=\"robots\" content=\"index, follow, max-snippet:-1, max-image-preview:large, max-video-preview:-1\" \/>\n<link rel=\"canonical\" href=\"https:\/\/www.sendblaster.com\/es\/redacte-emails-de-alto-impacto\/\" \/>\n<meta property=\"og:locale\" content=\"es_ES\" \/>\n<meta property=\"og:type\" content=\"article\" \/>\n<meta property=\"og:title\" content=\"Redacte emails de alto impacto - SendBlaster software de correo masivo para marketing por email\" \/>\n<meta property=\"og:description\" content=\"SendBlaster software de correo masivo para marketing por email Redacte emails de alto impacto SendBlaster es el mejor software de correo electr\u00f3nico masivo para la gesti\u00f3n de su lista de correo y crear una campa\u00f1a de email marketing eficaz.\" \/>\n<meta property=\"og:url\" content=\"https:\/\/www.sendblaster.com\/es\/redacte-emails-de-alto-impacto\/\" \/>\n<meta property=\"og:site_name\" content=\"SendBlaster software de correo masivo para marketing por email\" \/>\n<meta property=\"og:image\" content=\"https:\/\/www.sendblaster.com\/wp-content\/uploads\/2018\/03\/create-effective-emails-large.jpg\" \/>\n<meta name=\"twitter:card\" content=\"summary_large_image\" \/>\n<meta name=\"twitter:label1\" content=\"Tiempo de lectura\" \/>\n\t<meta name=\"twitter:data1\" content=\"3 minutos\" \/>\n<script type=\"application\/ld+json\" class=\"yoast-schema-graph\">{\"@context\":\"https:\/\/schema.org\",\"@graph\":[{\"@type\":\"WebPage\",\"@id\":\"https:\/\/www.sendblaster.com\/es\/redacte-emails-de-alto-impacto\/\",\"url\":\"https:\/\/www.sendblaster.com\/es\/redacte-emails-de-alto-impacto\/\",\"name\":\"Redacte emails de alto impacto - SendBlaster software de correo masivo para marketing por email\",\"isPartOf\":{\"@id\":\"https:\/\/www.sendblaster.com\/#website\"},\"primaryImageOfPage\":{\"@id\":\"https:\/\/www.sendblaster.com\/es\/redacte-emails-de-alto-impacto\/#primaryimage\"},\"image\":{\"@id\":\"https:\/\/www.sendblaster.com\/es\/redacte-emails-de-alto-impacto\/#primaryimage\"},\"thumbnailUrl\":\"https:\/\/www.sendblaster.com\/wp-content\/uploads\/2018\/03\/create-effective-emails-large.jpg\",\"datePublished\":\"2018-05-09T13:21:26+00:00\",\"dateModified\":\"2018-05-09T13:21:26+00:00\",\"description\":\"SendBlaster software de correo masivo para marketing por email Redacte emails de alto impacto SendBlaster es el mejor software de correo electr\u00f3nico masivo para la gesti\u00f3n de su lista de correo y crear una campa\u00f1a de email marketing eficaz.\",\"breadcrumb\":{\"@id\":\"https:\/\/www.sendblaster.com\/es\/redacte-emails-de-alto-impacto\/#breadcrumb\"},\"inLanguage\":\"es\",\"potentialAction\":[{\"@type\":\"ReadAction\",\"target\":[\"https:\/\/www.sendblaster.com\/es\/redacte-emails-de-alto-impacto\/\"]}]},{\"@type\":\"ImageObject\",\"inLanguage\":\"es\",\"@id\":\"https:\/\/www.sendblaster.com\/es\/redacte-emails-de-alto-impacto\/#primaryimage\",\"url\":\"https:\/\/www.sendblaster.com\/wp-content\/uploads\/2018\/03\/create-effective-emails-large.jpg\",\"contentUrl\":\"https:\/\/www.sendblaster.com\/wp-content\/uploads\/2018\/03\/create-effective-emails-large.jpg\"},{\"@type\":\"BreadcrumbList\",\"@id\":\"https:\/\/www.sendblaster.com\/es\/redacte-emails-de-alto-impacto\/#breadcrumb\",\"itemListElement\":[{\"@type\":\"ListItem\",\"position\":1,\"name\":\"Home\",\"item\":\"https:\/\/www.sendblaster.com\/es\/\"},{\"@type\":\"ListItem\",\"position\":2,\"name\":\"Redacte emails de alto impacto\"}]},{\"@type\":\"WebSite\",\"@id\":\"https:\/\/www.sendblaster.com\/#website\",\"url\":\"https:\/\/www.sendblaster.com\/\",\"name\":\"SendBlaster software de correo masivo para marketing por email\",\"description\":\"\",\"publisher\":{\"@id\":\"https:\/\/www.sendblaster.com\/#organization\"},\"potentialAction\":[{\"@type\":\"SearchAction\",\"target\":{\"@type\":\"EntryPoint\",\"urlTemplate\":\"https:\/\/www.sendblaster.com\/?s={search_term_string}\"},\"query-input\":{\"@type\":\"PropertyValueSpecification\",\"valueRequired\":true,\"valueName\":\"search_term_string\"}}],\"inLanguage\":\"es\"},{\"@type\":\"Organization\",\"@id\":\"https:\/\/www.sendblaster.com\/#organization\",\"name\":\"SendBlaster software de correo masivo para marketing por email\",\"url\":\"https:\/\/www.sendblaster.com\/\",\"logo\":{\"@type\":\"ImageObject\",\"inLanguage\":\"es\",\"@id\":\"https:\/\/www.sendblaster.com\/#\/schema\/logo\/image\/\",\"url\":\"https:\/\/www.sendblaster.com\/wp-content\/uploads\/2021\/09\/logo-svg-2021.svg\",\"contentUrl\":\"https:\/\/www.sendblaster.com\/wp-content\/uploads\/2021\/09\/logo-svg-2021.svg\",\"width\":350,\"height\":70,\"caption\":\"SendBlaster software de correo masivo para marketing por email\"},\"image\":{\"@id\":\"https:\/\/www.sendblaster.com\/#\/schema\/logo\/image\/\"}}]}<\/script>\n<!-- \/ Yoast SEO plugin. -->","yoast_head_json":{"title":"Redacte emails de alto impacto - SendBlaster software de correo masivo para marketing por email","description":"SendBlaster software de correo masivo para marketing por email Redacte emails de alto impacto SendBlaster es el mejor software de correo electr\u00f3nico masivo para la gesti\u00f3n de su lista de correo y crear una campa\u00f1a de email marketing eficaz.","robots":{"index":"index","follow":"follow","max-snippet":"max-snippet:-1","max-image-preview":"max-image-preview:large","max-video-preview":"max-video-preview:-1"},"canonical":"https:\/\/www.sendblaster.com\/es\/redacte-emails-de-alto-impacto\/","og_locale":"es_ES","og_type":"article","og_title":"Redacte emails de alto impacto - SendBlaster software de correo masivo para marketing por email","og_description":"SendBlaster software de correo masivo para marketing por email Redacte emails de alto impacto SendBlaster es el mejor software de correo electr\u00f3nico masivo para la gesti\u00f3n de su lista de correo y crear una campa\u00f1a de email marketing eficaz.","og_url":"https:\/\/www.sendblaster.com\/es\/redacte-emails-de-alto-impacto\/","og_site_name":"SendBlaster software de correo masivo para marketing por email","og_image":[{"url":"https:\/\/www.sendblaster.com\/wp-content\/uploads\/2018\/03\/create-effective-emails-large.jpg"}],"twitter_card":"summary_large_image","twitter_misc":{"Tiempo de lectura":"3 minutos"},"schema":{"@context":"https:\/\/schema.org","@graph":[{"@type":"WebPage","@id":"https:\/\/www.sendblaster.com\/es\/redacte-emails-de-alto-impacto\/","url":"https:\/\/www.sendblaster.com\/es\/redacte-emails-de-alto-impacto\/","name":"Redacte emails de alto impacto - SendBlaster software de correo masivo para marketing por email","isPartOf":{"@id":"https:\/\/www.sendblaster.com\/#website"},"primaryImageOfPage":{"@id":"https:\/\/www.sendblaster.com\/es\/redacte-emails-de-alto-impacto\/#primaryimage"},"image":{"@id":"https:\/\/www.sendblaster.com\/es\/redacte-emails-de-alto-impacto\/#primaryimage"},"thumbnailUrl":"https:\/\/www.sendblaster.com\/wp-content\/uploads\/2018\/03\/create-effective-emails-large.jpg","datePublished":"2018-05-09T13:21:26+00:00","dateModified":"2018-05-09T13:21:26+00:00","description":"SendBlaster software de correo masivo para marketing por email Redacte emails de alto impacto SendBlaster es el mejor software de correo electr\u00f3nico masivo para la gesti\u00f3n de su lista de correo y crear una campa\u00f1a de email marketing eficaz.","breadcrumb":{"@id":"https:\/\/www.sendblaster.com\/es\/redacte-emails-de-alto-impacto\/#breadcrumb"},"inLanguage":"es","potentialAction":[{"@type":"ReadAction","target":["https:\/\/www.sendblaster.com\/es\/redacte-emails-de-alto-impacto\/"]}]},{"@type":"ImageObject","inLanguage":"es","@id":"https:\/\/www.sendblaster.com\/es\/redacte-emails-de-alto-impacto\/#primaryimage","url":"https:\/\/www.sendblaster.com\/wp-content\/uploads\/2018\/03\/create-effective-emails-large.jpg","contentUrl":"https:\/\/www.sendblaster.com\/wp-content\/uploads\/2018\/03\/create-effective-emails-large.jpg"},{"@type":"BreadcrumbList","@id":"https:\/\/www.sendblaster.com\/es\/redacte-emails-de-alto-impacto\/#breadcrumb","itemListElement":[{"@type":"ListItem","position":1,"name":"Home","item":"https:\/\/www.sendblaster.com\/es\/"},{"@type":"ListItem","position":2,"name":"Redacte emails de alto impacto"}]},{"@type":"WebSite","@id":"https:\/\/www.sendblaster.com\/#website","url":"https:\/\/www.sendblaster.com\/","name":"SendBlaster software de correo masivo para marketing por email","description":"","publisher":{"@id":"https:\/\/www.sendblaster.com\/#organization"},"potentialAction":[{"@type":"SearchAction","target":{"@type":"EntryPoint","urlTemplate":"https:\/\/www.sendblaster.com\/?s={search_term_string}"},"query-input":{"@type":"PropertyValueSpecification","valueRequired":true,"valueName":"search_term_string"}}],"inLanguage":"es"},{"@type":"Organization","@id":"https:\/\/www.sendblaster.com\/#organization","name":"SendBlaster software de correo masivo para marketing por email","url":"https:\/\/www.sendblaster.com\/","logo":{"@type":"ImageObject","inLanguage":"es","@id":"https:\/\/www.sendblaster.com\/#\/schema\/logo\/image\/","url":"https:\/\/www.sendblaster.com\/wp-content\/uploads\/2021\/09\/logo-svg-2021.svg","contentUrl":"https:\/\/www.sendblaster.com\/wp-content\/uploads\/2021\/09\/logo-svg-2021.svg","width":350,"height":70,"caption":"SendBlaster software de correo masivo para marketing por email"},"image":{"@id":"https:\/\/www.sendblaster.com\/#\/schema\/logo\/image\/"}}]}},"_links":{"self":[{"href":"https:\/\/www.sendblaster.com\/es\/wp-json\/wp\/v2\/pages\/1506"}],"collection":[{"href":"https:\/\/www.sendblaster.com\/es\/wp-json\/wp\/v2\/pages"}],"about":[{"href":"https:\/\/www.sendblaster.com\/es\/wp-json\/wp\/v2\/types\/page"}],"author":[{"embeddable":true,"href":"https:\/\/www.sendblaster.com\/es\/wp-json\/wp\/v2\/users\/1"}],"replies":[{"embeddable":true,"href":"https:\/\/www.sendblaster.com\/es\/wp-json\/wp\/v2\/comments?post=1506"}],"version-history":[{"count":1,"href":"https:\/\/www.sendblaster.com\/es\/wp-json\/wp\/v2\/pages\/1506\/revisions"}],"predecessor-version":[{"id":1507,"href":"https:\/\/www.sendblaster.com\/es\/wp-json\/wp\/v2\/pages\/1506\/revisions\/1507"}],"wp:attachment":[{"href":"https:\/\/www.sendblaster.com\/es\/wp-json\/wp\/v2\/media?parent=1506"}],"curies":[{"name":"wp","href":"https:\/\/api.w.org\/{rel}","templated":true}]}}