{"id":1478,"date":"2018-05-08T12:58:43","date_gmt":"2018-05-08T12:58:43","guid":{"rendered":"https:\/\/www.sendblaster.com\/wpnew-2018\/?page_id=1478"},"modified":"2021-05-06T13:32:12","modified_gmt":"2021-05-06T13:32:12","slug":"el-mejor-software-para-envio-de-correo-masivo","status":"publish","type":"page","link":"https:\/\/www.sendblaster.com\/es\/el-mejor-software-para-envio-de-correo-masivo\/","title":{"rendered":"Descarga el mejor software de env\u00edo de correo masivo"},"content":{"rendered":"<p><img decoding=\"async\" width=\"815\" height=\"275\" src=\"https:\/\/www.sendblaster.com\/wp-content\/uploads\/2018\/04\/original-emailing-software.png\" alt=\"SendBlaster es el mejor software de env\u00edo de correo masivo\" \/><\/p>\n<p><strong>El mejor programa para enviar correos masivos: se ejecuta en su PC, <\/strong>no es un servicio online basado en suscripciones. Usted no necesita realizar pagos recurrentes por cada env\u00edo de emails, a\u00fan si su cantidad de lectores crece, usted s\u00f3lo <strong>paga una vez por la licencia del programa de marketing por email<\/strong>.<\/p>\n<p>Conozca m\u00e1s sobre el env\u00edo de email masivo html gratis<\/p>\n<p style=\"text-align: center; margin-bottom: 0px;\"><a href=\"https:\/\/www.sendblaster.com\/es\/descarga-programa-correo\" title=\"Descarga software de env\u00edo de newsletters 100% gratis\" class=\"download-cta\">Descarga Gratuita<\/a><\/p>\n<p>&nbsp;<\/p>\n<p>Su actividad permanece privada y segura &#8211; usted no necesita revelar su valiosa informaci\u00f3n a terceros (por qu\u00e9 deber\u00edan saber qui\u00e9n es usted, los objetivos de sus comunicaciones, y a qui\u00e9n dirige sus emails? C\u00f3mo administran su informaci\u00f3n? La mantienen segura?).<\/p>\n<ul>\n<li><strong>Sistema de env\u00edo de emails masivos: listas de emails ilimitadas, destinatarios de emails ilimitados, sin costos recurrentes: <\/strong>Porqu\u00e9 pagar por cada contacto o email enviado? Mantenga tantos contactos de emails como desee en su base de datos, y utilice nuestro sistema de env\u00edo de correo masivo para enviar sus emails tan frecuentemente como lo necesite, sin preocuparse constantemente por los costos incurridos. El realizar un peque\u00f1o env\u00edo a algunos cientos de contactos o a miles de personas posee el mismo costo: una \u00fanica licencia para el software de env\u00edo de emails masivos de 85 Euros.\u00bb<\/li>\n<li><strong>El Mejor Software de Env\u00edo de Email Masivo:<\/strong> forma r\u00e1pida y f\u00e1cil de enviar <strong>emails masivos<\/strong> a su lista de correo. Un software de env\u00edo de emails masivos es siempre m\u00e1s r\u00e1pido y f\u00e1cil que cualquier herramienta basada en web; y el Software de Env\u00edo de Emails Masivos SendBlaster ha sido dise\u00f1ado pensando en el usuario. Usted podr\u00e1 utilizar las funcionalidades de fusi\u00f3n de email masivo y otras caracter\u00edsticas avanzadas luego de minutos de instalado &#8211; int\u00e9ntelo usted mismo: descargue aqu\u00ed el <a title=\"descarga programa correo\" href=\"descarga-programa-correo\">programa de env\u00edo de correo masivo gratis<\/a> (permite enviar hasta 100 emails por d\u00eda) Usted estar\u00e1 de acuerdo en que no existe ninguna opci\u00f3n m\u00e1s f\u00e1cil y completa.<\/li>\n<li><strong>Entrega <a title=\"Smtp mail server\" href=\"http:\/\/www.serversmtp.com\">SMTP<\/a><\/strong>: env\u00ede emails simult\u00e1neos con el soporte para la entrega <a title=\"Smtp server r\u00e1pido y accesible\" href=\"http:\/\/www.serversmtp.com\">SMTP r\u00e1pida<\/a>.<\/li>\n<li><strong>Integre capacidades de suscripci\u00f3n simple y suscripci\u00f3n confirmada a listas de correo en su sitio web:<\/strong> SendBlaster es un programa de Marketing por Email accesible y liviano. El programa de marketing por email gratuito tambi\u00e9n <strong>respeta la Ley Can-Spam<\/strong>. El marketing por email basado en suscripciones confirmadas es realizado insertando un <a title=\"soporte, importar listas, formulario php de suscripciones a email confirmadas\" href=\"soporte\/importar-listas\/formulario-php-de-suscripciones-a-e-mail-confirmadas\">script de administraci\u00f3n de listas confirmadas<\/a> en su sitio web (un formulario de \u00absuscripci\u00f3n\u00bb). Puede crear listas de correo libres de spam en forma extremadamente f\u00e1cil, a\u00fan en sitios HTML planos! &#8211; gracias a las funcionalidades de suscripci\u00f3n\/desuscripci\u00f3n basadas en pop3 y la capacidad de importar informaci\u00f3n desde cualquier origen web: permita que el programa de marketing por email SendBlaster se ocupe de la actualizaci\u00f3n de sus listas de correos y los env\u00edos de emails masivos a los destinatarios apropiados. Y si posee un sitio web PHP, ASP, o basado en WordPress, puede disfrutar de las capacidades de <a title=\"soporte, creacion de newsletters, personalizacion de emails utilizando fusion de email\" href=\"soporte\/creacion-de-newsletters\/personalizacion-de-e-mails-utilizando-fusion-de-e-mail\">personalizaci\u00f3n de emails<\/a> avanzadas utilizando el plugin de suscripci\u00f3n a listas de correos masivos de WordPress.<\/li>\n<li><strong>Env\u00ede emails personalizados: cada destinatario<\/strong> <strong>tendr\u00e1 su propio nombre<\/strong> en la cabecera y cuerpo del mensaje. Con SendBlaster, el software de env\u00edo de emails masivos usted puede administrar hasta 15 campos personalizables, y gracias a la funcionalidad de fusi\u00f3n de emails, cada destinatario recibir\u00e1 un email personalizado: \u00abEstimado Sr. L\u00f3pez&#8230;\u00bb en lugar de un simple \u00abEstimado cliente&#8230;\u00bb. Vea los detalles del <a title=\"soporte, creacion de newsletters, personalizacion de emails utilizando fusion de email\" href=\"soporte\/creacion-de-newsletters\/personalizacion-de-e-mails-utilizando-fusion-de-e-mail\">Software para emails personalizados<\/a>.<\/li>\n<li><strong>Personalice la distribuci\u00f3n de su programa de emails masivos y seleccione entre m\u00e1s de 100 plantillas de emails utilizando el motor de plantillas de emails<\/strong> El software de emails masivos y newsletters posee muchas plantillas de emails dise\u00f1adas en forma profesional y un editor WSYIWYG visual: no permita que sus env\u00edos de newsletters sean aburridos y poco profesionales, env\u00ede emails atractivos ricos en im\u00e1genes para realizar una comunicaci\u00f3n m\u00e1s efectiva.<\/li>\n<li><strong>Manipule, filtre, importe y exporte la informaci\u00f3n de sus listas de correo<\/strong> usted podr\u00e1 importar informaci\u00f3n de sus listas de correo en SendBlaster, el <a title=\"caracteristicas de software de envio de correo masivo\" href=\"caracteristicas-de-software-de-envio-de-correo-masivo\">software para env\u00edo de correo masivo<\/a> desde los or\u00edgenes de informaci\u00f3n m\u00e1s comunes tales como Outlook Express, archivos de texto formateados (formato .CSV), p\u00e1ginas web y el portapapeles; es posible filtrar la informaci\u00f3n en forma avanzada, en base a los contenidos de uno o m\u00e1s campos, lo cu\u00e1l le permite enviar emails a un subgrupo espec\u00edfico de direcciones de email dentro de una lista espec\u00edfica (por ejemplo, los contactos que residen en un \u00e1rea determinada, o los contactos que poseen un negocio determinado) &#8211; todo esto sin requerir aprender conceptos de bases de datos: simplemente apunte, presione, arrastre &amp; suelte!<\/li>\n<li><strong>Elimine las direcciones de email incorrectas de sus listas de correo<\/strong> No permita que sus listas de correo se encuentren llenas de direcciones de email inactivas o inexistentes; SendBlaster, el software de env\u00edo de emails masivos descarga autom\u00e1ticamente y reconoce los emails rechazados y limpia sus bases de datos en consecuencia. El poseer una lista de contactos \u00ablimpia\u00bb es crucial para realizar un env\u00edo r\u00e1pido y evitar ser identificado como spammer por error.<\/li>\n<li><strong>Env\u00ede emails masivos con altas tasas de entrega a la bandeja de entrada<\/strong> El software de env\u00edo de emails masivos entrega 100.000 emails diferentes a las direcciones de sus listas de correo, al enviar <a title=\"verficiaci\u00f3n de calificaci\u00f3n de spam con el software gratuito spamassassin\" href=\"http:\/\/www.mailingcheck.com\">emails con buena calificaci\u00f3n<\/a>, ofertas y promociones.<\/li>\n<\/ul>\n<p>Y mucho m\u00e1s&#8230; La edici\u00f3n gratuita de SendBlaster, el software para env\u00edo de <strong>emails autom\u00e1ticos<\/strong> posee todas las caracter\u00edsticas que usted puede esperar de un software de escritorio: <strong>listas negras <\/strong>(direcciones \u00fanicas o dominios completos), entrega directa (<strong>sin SMTP<\/strong>), conexiones m\u00faltiples (<strong>env\u00ede m\u00faltiples emails en simult\u00e1neo<\/strong>), importaci\u00f3n de archivos HTML (con im\u00e1genes embebidas), <strong>soporte para conjuntos de caracteres internacionales completo<\/strong>, protecci\u00f3n por contrase\u00f1a, y muchas otras caracter\u00edsticas. Estas son s\u00f3lo algunas de las caracter\u00edsticas que hacen a nuestro <strong>software para el env\u00edo de emails masivos<\/strong> una de las herramientas de emails masivos m\u00e1s populares: si desea conocer la historia completa, observe el <a title=\"caracteristicas de software de envio de correo masivo\" href=\"caracteristicas-de-software-de-envio-de-correo-masivo\">listado completo de caracter\u00edsticas del software para env\u00edo de emails masivos<\/a>. Y si cree que un buen software para el env\u00edo de emails masivos deber\u00eda ser costoso&#8230; bien, observe nuestra <a title=\"comprar\" href=\"comprar\">oferta para el env\u00edo de emails masivos<\/a> y compare con otros proveedores \ud83d\ude09<\/p>\n","protected":false},"excerpt":{"rendered":"<p>El mejor programa para enviar correos masivos: se ejecuta en su PC, no es un servicio online basado en suscripciones. Usted no necesita realizar pagos recurrentes por cada env\u00edo de emails, a\u00fan si su cantidad de lectores crece, usted s\u00f3lo <\/p>\n<p class=\"read-more-container\"><a class=\"button read-more\" href=\"https:\/\/www.sendblaster.com\/es\/el-mejor-software-para-envio-de-correo-masivo\/\" title=\"\">Sigue leyendo<\/a><\/p>\n","protected":false},"author":1,"featured_media":0,"parent":0,"menu_order":0,"comment_status":"closed","ping_status":"closed","template":"g1_template_page_sidebar_right.php","meta":{"_monsterinsights_skip_tracking":false,"_monsterinsights_sitenote_active":false,"_monsterinsights_sitenote_note":"","_monsterinsights_sitenote_category":0,"footnotes":""},"class_list":["post-1478","page","type-page","status-publish"],"yoast_head":"<!-- This site is optimized with the Yoast SEO plugin v23.5 - https:\/\/yoast.com\/wordpress\/plugins\/seo\/ -->\n<title>Descarga SendBlaster el mejor software de env\u00edo de correo masivo<\/title>\n<meta name=\"description\" content=\"Sistema de env\u00edo de emails masivos, listas de emails ilimitadas y destinatarios de emails ilimitados. Pruebe todas las funciones de SendBlaster!\" \/>\n<meta name=\"robots\" content=\"index, follow, max-snippet:-1, max-image-preview:large, max-video-preview:-1\" \/>\n<link rel=\"canonical\" href=\"https:\/\/www.sendblaster.com\/es\/el-mejor-software-para-envio-de-correo-masivo\/\" \/>\n<meta property=\"og:locale\" content=\"es_ES\" \/>\n<meta property=\"og:type\" content=\"article\" \/>\n<meta property=\"og:title\" content=\"Descarga SendBlaster el mejor software de env\u00edo de correo masivo\" \/>\n<meta property=\"og:description\" content=\"Sistema de env\u00edo de emails masivos, listas de emails ilimitadas y destinatarios de emails ilimitados. Pruebe todas las funciones de SendBlaster!\" \/>\n<meta property=\"og:url\" content=\"https:\/\/www.sendblaster.com\/es\/el-mejor-software-para-envio-de-correo-masivo\/\" \/>\n<meta property=\"og:site_name\" content=\"SendBlaster software de correo masivo para marketing por email\" \/>\n<meta property=\"article:modified_time\" content=\"2021-05-06T13:32:12+00:00\" \/>\n<meta property=\"og:image\" content=\"https:\/\/www.sendblaster.com\/wp-content\/uploads\/2018\/04\/original-emailing-software.png\" \/>\n<meta name=\"twitter:card\" content=\"summary_large_image\" \/>\n<meta name=\"twitter:label1\" content=\"Tiempo de lectura\" \/>\n\t<meta name=\"twitter:data1\" content=\"6 minutos\" \/>\n<script type=\"application\/ld+json\" class=\"yoast-schema-graph\">{\"@context\":\"https:\/\/schema.org\",\"@graph\":[{\"@type\":\"WebPage\",\"@id\":\"https:\/\/www.sendblaster.com\/es\/el-mejor-software-para-envio-de-correo-masivo\/\",\"url\":\"https:\/\/www.sendblaster.com\/es\/el-mejor-software-para-envio-de-correo-masivo\/\",\"name\":\"Descarga SendBlaster el mejor software de env\u00edo de correo masivo\",\"isPartOf\":{\"@id\":\"https:\/\/www.sendblaster.com\/#website\"},\"primaryImageOfPage\":{\"@id\":\"https:\/\/www.sendblaster.com\/es\/el-mejor-software-para-envio-de-correo-masivo\/#primaryimage\"},\"image\":{\"@id\":\"https:\/\/www.sendblaster.com\/es\/el-mejor-software-para-envio-de-correo-masivo\/#primaryimage\"},\"thumbnailUrl\":\"https:\/\/www.sendblaster.com\/wp-content\/uploads\/2018\/04\/original-emailing-software.png\",\"datePublished\":\"2018-05-08T12:58:43+00:00\",\"dateModified\":\"2021-05-06T13:32:12+00:00\",\"description\":\"Sistema de env\u00edo de emails masivos, listas de emails ilimitadas y destinatarios de emails ilimitados. Pruebe todas las funciones de SendBlaster!\",\"breadcrumb\":{\"@id\":\"https:\/\/www.sendblaster.com\/es\/el-mejor-software-para-envio-de-correo-masivo\/#breadcrumb\"},\"inLanguage\":\"es\",\"potentialAction\":[{\"@type\":\"ReadAction\",\"target\":[\"https:\/\/www.sendblaster.com\/es\/el-mejor-software-para-envio-de-correo-masivo\/\"]}]},{\"@type\":\"ImageObject\",\"inLanguage\":\"es\",\"@id\":\"https:\/\/www.sendblaster.com\/es\/el-mejor-software-para-envio-de-correo-masivo\/#primaryimage\",\"url\":\"https:\/\/www.sendblaster.com\/wp-content\/uploads\/2018\/04\/original-emailing-software.png\",\"contentUrl\":\"https:\/\/www.sendblaster.com\/wp-content\/uploads\/2018\/04\/original-emailing-software.png\"},{\"@type\":\"BreadcrumbList\",\"@id\":\"https:\/\/www.sendblaster.com\/es\/el-mejor-software-para-envio-de-correo-masivo\/#breadcrumb\",\"itemListElement\":[{\"@type\":\"ListItem\",\"position\":1,\"name\":\"Home\",\"item\":\"https:\/\/www.sendblaster.com\/es\/\"},{\"@type\":\"ListItem\",\"position\":2,\"name\":\"Descarga el mejor software de env\u00edo de correo masivo\"}]},{\"@type\":\"WebSite\",\"@id\":\"https:\/\/www.sendblaster.com\/#website\",\"url\":\"https:\/\/www.sendblaster.com\/\",\"name\":\"SendBlaster software de correo masivo para marketing por email\",\"description\":\"\",\"publisher\":{\"@id\":\"https:\/\/www.sendblaster.com\/#organization\"},\"potentialAction\":[{\"@type\":\"SearchAction\",\"target\":{\"@type\":\"EntryPoint\",\"urlTemplate\":\"https:\/\/www.sendblaster.com\/?s={search_term_string}\"},\"query-input\":{\"@type\":\"PropertyValueSpecification\",\"valueRequired\":true,\"valueName\":\"search_term_string\"}}],\"inLanguage\":\"es\"},{\"@type\":\"Organization\",\"@id\":\"https:\/\/www.sendblaster.com\/#organization\",\"name\":\"SendBlaster software de correo masivo para marketing por email\",\"url\":\"https:\/\/www.sendblaster.com\/\",\"logo\":{\"@type\":\"ImageObject\",\"inLanguage\":\"es\",\"@id\":\"https:\/\/www.sendblaster.com\/#\/schema\/logo\/image\/\",\"url\":\"https:\/\/www.sendblaster.com\/wp-content\/uploads\/2021\/09\/logo-svg-2021.svg\",\"contentUrl\":\"https:\/\/www.sendblaster.com\/wp-content\/uploads\/2021\/09\/logo-svg-2021.svg\",\"width\":350,\"height\":70,\"caption\":\"SendBlaster software de correo masivo para marketing por email\"},\"image\":{\"@id\":\"https:\/\/www.sendblaster.com\/#\/schema\/logo\/image\/\"}}]}<\/script>\n<!-- \/ Yoast SEO plugin. -->","yoast_head_json":{"title":"Descarga SendBlaster el mejor software de env\u00edo de correo masivo","description":"Sistema de env\u00edo de emails masivos, listas de emails ilimitadas y destinatarios de emails ilimitados. Pruebe todas las funciones de SendBlaster!","robots":{"index":"index","follow":"follow","max-snippet":"max-snippet:-1","max-image-preview":"max-image-preview:large","max-video-preview":"max-video-preview:-1"},"canonical":"https:\/\/www.sendblaster.com\/es\/el-mejor-software-para-envio-de-correo-masivo\/","og_locale":"es_ES","og_type":"article","og_title":"Descarga SendBlaster el mejor software de env\u00edo de correo masivo","og_description":"Sistema de env\u00edo de emails masivos, listas de emails ilimitadas y destinatarios de emails ilimitados. Pruebe todas las funciones de SendBlaster!","og_url":"https:\/\/www.sendblaster.com\/es\/el-mejor-software-para-envio-de-correo-masivo\/","og_site_name":"SendBlaster software de correo masivo para marketing por email","article_modified_time":"2021-05-06T13:32:12+00:00","og_image":[{"url":"https:\/\/www.sendblaster.com\/wp-content\/uploads\/2018\/04\/original-emailing-software.png"}],"twitter_card":"summary_large_image","twitter_misc":{"Tiempo de lectura":"6 minutos"},"schema":{"@context":"https:\/\/schema.org","@graph":[{"@type":"WebPage","@id":"https:\/\/www.sendblaster.com\/es\/el-mejor-software-para-envio-de-correo-masivo\/","url":"https:\/\/www.sendblaster.com\/es\/el-mejor-software-para-envio-de-correo-masivo\/","name":"Descarga SendBlaster el mejor software de env\u00edo de correo masivo","isPartOf":{"@id":"https:\/\/www.sendblaster.com\/#website"},"primaryImageOfPage":{"@id":"https:\/\/www.sendblaster.com\/es\/el-mejor-software-para-envio-de-correo-masivo\/#primaryimage"},"image":{"@id":"https:\/\/www.sendblaster.com\/es\/el-mejor-software-para-envio-de-correo-masivo\/#primaryimage"},"thumbnailUrl":"https:\/\/www.sendblaster.com\/wp-content\/uploads\/2018\/04\/original-emailing-software.png","datePublished":"2018-05-08T12:58:43+00:00","dateModified":"2021-05-06T13:32:12+00:00","description":"Sistema de env\u00edo de emails masivos, listas de emails ilimitadas y destinatarios de emails ilimitados. Pruebe todas las funciones de SendBlaster!","breadcrumb":{"@id":"https:\/\/www.sendblaster.com\/es\/el-mejor-software-para-envio-de-correo-masivo\/#breadcrumb"},"inLanguage":"es","potentialAction":[{"@type":"ReadAction","target":["https:\/\/www.sendblaster.com\/es\/el-mejor-software-para-envio-de-correo-masivo\/"]}]},{"@type":"ImageObject","inLanguage":"es","@id":"https:\/\/www.sendblaster.com\/es\/el-mejor-software-para-envio-de-correo-masivo\/#primaryimage","url":"https:\/\/www.sendblaster.com\/wp-content\/uploads\/2018\/04\/original-emailing-software.png","contentUrl":"https:\/\/www.sendblaster.com\/wp-content\/uploads\/2018\/04\/original-emailing-software.png"},{"@type":"BreadcrumbList","@id":"https:\/\/www.sendblaster.com\/es\/el-mejor-software-para-envio-de-correo-masivo\/#breadcrumb","itemListElement":[{"@type":"ListItem","position":1,"name":"Home","item":"https:\/\/www.sendblaster.com\/es\/"},{"@type":"ListItem","position":2,"name":"Descarga el mejor software de env\u00edo de correo masivo"}]},{"@type":"WebSite","@id":"https:\/\/www.sendblaster.com\/#website","url":"https:\/\/www.sendblaster.com\/","name":"SendBlaster software de correo masivo para marketing por email","description":"","publisher":{"@id":"https:\/\/www.sendblaster.com\/#organization"},"potentialAction":[{"@type":"SearchAction","target":{"@type":"EntryPoint","urlTemplate":"https:\/\/www.sendblaster.com\/?s={search_term_string}"},"query-input":{"@type":"PropertyValueSpecification","valueRequired":true,"valueName":"search_term_string"}}],"inLanguage":"es"},{"@type":"Organization","@id":"https:\/\/www.sendblaster.com\/#organization","name":"SendBlaster software de correo masivo para marketing por email","url":"https:\/\/www.sendblaster.com\/","logo":{"@type":"ImageObject","inLanguage":"es","@id":"https:\/\/www.sendblaster.com\/#\/schema\/logo\/image\/","url":"https:\/\/www.sendblaster.com\/wp-content\/uploads\/2021\/09\/logo-svg-2021.svg","contentUrl":"https:\/\/www.sendblaster.com\/wp-content\/uploads\/2021\/09\/logo-svg-2021.svg","width":350,"height":70,"caption":"SendBlaster software de correo masivo para marketing por email"},"image":{"@id":"https:\/\/www.sendblaster.com\/#\/schema\/logo\/image\/"}}]}},"_links":{"self":[{"href":"https:\/\/www.sendblaster.com\/es\/wp-json\/wp\/v2\/pages\/1478"}],"collection":[{"href":"https:\/\/www.sendblaster.com\/es\/wp-json\/wp\/v2\/pages"}],"about":[{"href":"https:\/\/www.sendblaster.com\/es\/wp-json\/wp\/v2\/types\/page"}],"author":[{"embeddable":true,"href":"https:\/\/www.sendblaster.com\/es\/wp-json\/wp\/v2\/users\/1"}],"replies":[{"embeddable":true,"href":"https:\/\/www.sendblaster.com\/es\/wp-json\/wp\/v2\/comments?post=1478"}],"version-history":[{"count":8,"href":"https:\/\/www.sendblaster.com\/es\/wp-json\/wp\/v2\/pages\/1478\/revisions"}],"predecessor-version":[{"id":4188,"href":"https:\/\/www.sendblaster.com\/es\/wp-json\/wp\/v2\/pages\/1478\/revisions\/4188"}],"wp:attachment":[{"href":"https:\/\/www.sendblaster.com\/es\/wp-json\/wp\/v2\/media?parent=1478"}],"curies":[{"name":"wp","href":"https:\/\/api.w.org\/{rel}","templated":true}]}}