{"id":1470,"date":"2018-05-08T12:30:51","date_gmt":"2018-05-08T12:30:51","guid":{"rendered":"https:\/\/www.sendblaster.com\/wpnew-2018\/?page_id=1470"},"modified":"2018-05-08T12:32:41","modified_gmt":"2018-05-08T12:32:41","slug":"tutorial-de-marketing-por-email","status":"publish","type":"page","link":"https:\/\/www.sendblaster.com\/es\/tutorial-de-marketing-por-email\/","title":{"rendered":"C\u00f3mo realizar una campa\u00f1a de marketing por email"},"content":{"rendered":"<p>El marketing por email constituye indudablemente la herramienta m\u00e1s efectiva para obtener la lealtad de los clientes. Si usted posee un sitio web, usted seguramente posee visitantes, algunos pocos o muchos, y obviamente se encuentran interesados en su contenido.<\/p>\n<p>La oportunidad de obtener un perfil de los clientes interesados posee un gran valor, y si usted utiliza herramientas tales como \u00abpay per click\u00bb (tales como Google Adwords) entonces el valor es mayor a\u00fan y ser\u00eda una l\u00e1stima no utilizar las herramientas de marketing por email basadas en permisos para obtener la informaci\u00f3n de sus visitantes para lograr sus objetivos (por ej.: ventas, informaci\u00f3n).<\/p>\n<p>Por otro lado, el env\u00edo de emails no solicitados a personas desconocidas es ilegal, no vale la pena y es negativo para su marca y su sitio web. Un env\u00edo a 200 clientes interesados es mucho mejor que un env\u00edo a 20.000 clientes no interesados.<\/p>\n<p>Estos son los pasos necesarios para comenzar con su marketing por email en forma gratuita (utilizando la <a href=\"https:\/\/www.sendblaster.com\/es\/descarga-programa-correo\" title=\"descarga programa correo\">edici\u00f3n gratuita de nuestro software de env\u00edo de emails masivos SendBlaster<\/a>) o por un incre\u00edble precio de 85\u20ac:<\/p>\n<ul>\n<li><a href=\"https:\/\/www.sendblaster.com\/es\/soporte\/importar-listas\/importar-listas\" title=\"soporte, importar listas\">Importar listas<\/a><\/li>\n<li><a title=\"soporte, lista basada en permisos, como crear una lista basada en permisos\" href=\"https:\/\/www.sendblaster.com\/es\/soporte\/lista-basada-en-permisos\/como-crear-una-lista-basada-en-permisos\">C\u00f3mo crear una lista basada en permisos<\/a><\/li>\n<li><a title=\"soporte, sugerencias, guia para un mejor envio de emails\" href=\"https:\/\/www.sendblaster.com\/es\/soporte\/sugerencias\/guia-para-un-mejor-envio-de-emails\">Gu\u00eda para un mejor env\u00edo de emails<\/a><\/li>\n<li><a title=\"ley anti spam\" href=\"https:\/\/www.sendblaster.com\/es\/ley-anti-spam\">Ley Anti-Spam<\/a><\/li>\n<li><a title=\"tasa de entrega de emails\" href=\"https:\/\/www.sendblaster.com\/es\/tasa-de-entrega-de-emails\">Tasa de entrega de emails<\/a><\/li>\n<li><a title=\"analisis de informacion\" href=\"https:\/\/www.sendblaster.com\/es\/analisis-de-informacion\">An\u00e1lisis de informaci\u00f3n<\/a><\/li>\n<\/ul>\n","protected":false},"excerpt":{"rendered":"<p>El marketing por email constituye indudablemente la herramienta m\u00e1s efectiva para obtener la lealtad de los clientes. Si usted posee un sitio web, usted seguramente posee visitantes, algunos pocos o muchos, y obviamente se encuentran interesados en su contenido. La <\/p>\n<p class=\"read-more-container\"><a class=\"button read-more\" href=\"https:\/\/www.sendblaster.com\/es\/tutorial-de-marketing-por-email\/\" title=\"\">Sigue leyendo<\/a><\/p>\n","protected":false},"author":1,"featured_media":0,"parent":0,"menu_order":0,"comment_status":"closed","ping_status":"closed","template":"g1_template_page_sidebar_right.php","meta":{"_monsterinsights_skip_tracking":false,"_monsterinsights_sitenote_active":false,"_monsterinsights_sitenote_note":"","_monsterinsights_sitenote_category":0,"footnotes":""},"class_list":["post-1470","page","type-page","status-publish"],"yoast_head":"<!-- This site is optimized with the Yoast SEO plugin v23.5 - https:\/\/yoast.com\/wordpress\/plugins\/seo\/ -->\n<title>C\u00f3mo realizar una campa\u00f1a de marketing por email - SendBlaster software de correo masivo para marketing por email<\/title>\n<meta name=\"description\" content=\"SendBlaster software de correo masivo para marketing por email C\u00f3mo realizar una campa\u00f1a de marketing por email El marketing por email constituye indudablemente la herramienta m\u00e1s efectiva para obtener la lealtad de los clientes. Si usted posee un sitio web, usted\" \/>\n<meta name=\"robots\" content=\"index, follow, max-snippet:-1, max-image-preview:large, max-video-preview:-1\" \/>\n<link rel=\"canonical\" href=\"https:\/\/www.sendblaster.com\/es\/tutorial-de-marketing-por-email\/\" \/>\n<meta property=\"og:locale\" content=\"es_ES\" \/>\n<meta property=\"og:type\" content=\"article\" \/>\n<meta property=\"og:title\" content=\"C\u00f3mo realizar una campa\u00f1a de marketing por email - SendBlaster software de correo masivo para marketing por email\" \/>\n<meta property=\"og:description\" content=\"SendBlaster software de correo masivo para marketing por email C\u00f3mo realizar una campa\u00f1a de marketing por email El marketing por email constituye indudablemente la herramienta m\u00e1s efectiva para obtener la lealtad de los clientes. Si usted posee un sitio web, usted\" \/>\n<meta property=\"og:url\" content=\"https:\/\/www.sendblaster.com\/es\/tutorial-de-marketing-por-email\/\" \/>\n<meta property=\"og:site_name\" content=\"SendBlaster software de correo masivo para marketing por email\" \/>\n<meta property=\"article:modified_time\" content=\"2018-05-08T12:32:41+00:00\" \/>\n<meta name=\"twitter:card\" content=\"summary_large_image\" \/>\n<meta name=\"twitter:label1\" content=\"Tiempo de lectura\" \/>\n\t<meta name=\"twitter:data1\" content=\"1 minuto\" \/>\n<script type=\"application\/ld+json\" class=\"yoast-schema-graph\">{\"@context\":\"https:\/\/schema.org\",\"@graph\":[{\"@type\":\"WebPage\",\"@id\":\"https:\/\/www.sendblaster.com\/es\/tutorial-de-marketing-por-email\/\",\"url\":\"https:\/\/www.sendblaster.com\/es\/tutorial-de-marketing-por-email\/\",\"name\":\"C\u00f3mo realizar una campa\u00f1a de marketing por email - SendBlaster software de correo masivo para marketing por email\",\"isPartOf\":{\"@id\":\"https:\/\/www.sendblaster.com\/#website\"},\"datePublished\":\"2018-05-08T12:30:51+00:00\",\"dateModified\":\"2018-05-08T12:32:41+00:00\",\"description\":\"SendBlaster software de correo masivo para marketing por email C\u00f3mo realizar una campa\u00f1a de marketing por email El marketing por email constituye indudablemente la herramienta m\u00e1s efectiva para obtener la lealtad de los clientes. Si usted posee un sitio web, usted\",\"breadcrumb\":{\"@id\":\"https:\/\/www.sendblaster.com\/es\/tutorial-de-marketing-por-email\/#breadcrumb\"},\"inLanguage\":\"es\",\"potentialAction\":[{\"@type\":\"ReadAction\",\"target\":[\"https:\/\/www.sendblaster.com\/es\/tutorial-de-marketing-por-email\/\"]}]},{\"@type\":\"BreadcrumbList\",\"@id\":\"https:\/\/www.sendblaster.com\/es\/tutorial-de-marketing-por-email\/#breadcrumb\",\"itemListElement\":[{\"@type\":\"ListItem\",\"position\":1,\"name\":\"Home\",\"item\":\"https:\/\/www.sendblaster.com\/es\/\"},{\"@type\":\"ListItem\",\"position\":2,\"name\":\"C\u00f3mo realizar una campa\u00f1a de marketing por email\"}]},{\"@type\":\"WebSite\",\"@id\":\"https:\/\/www.sendblaster.com\/#website\",\"url\":\"https:\/\/www.sendblaster.com\/\",\"name\":\"SendBlaster software de correo masivo para marketing por email\",\"description\":\"\",\"publisher\":{\"@id\":\"https:\/\/www.sendblaster.com\/#organization\"},\"potentialAction\":[{\"@type\":\"SearchAction\",\"target\":{\"@type\":\"EntryPoint\",\"urlTemplate\":\"https:\/\/www.sendblaster.com\/?s={search_term_string}\"},\"query-input\":{\"@type\":\"PropertyValueSpecification\",\"valueRequired\":true,\"valueName\":\"search_term_string\"}}],\"inLanguage\":\"es\"},{\"@type\":\"Organization\",\"@id\":\"https:\/\/www.sendblaster.com\/#organization\",\"name\":\"SendBlaster software de correo masivo para marketing por email\",\"url\":\"https:\/\/www.sendblaster.com\/\",\"logo\":{\"@type\":\"ImageObject\",\"inLanguage\":\"es\",\"@id\":\"https:\/\/www.sendblaster.com\/#\/schema\/logo\/image\/\",\"url\":\"https:\/\/www.sendblaster.com\/wp-content\/uploads\/2021\/09\/logo-svg-2021.svg\",\"contentUrl\":\"https:\/\/www.sendblaster.com\/wp-content\/uploads\/2021\/09\/logo-svg-2021.svg\",\"width\":350,\"height\":70,\"caption\":\"SendBlaster software de correo masivo para marketing por email\"},\"image\":{\"@id\":\"https:\/\/www.sendblaster.com\/#\/schema\/logo\/image\/\"}}]}<\/script>\n<!-- \/ Yoast SEO plugin. -->","yoast_head_json":{"title":"C\u00f3mo realizar una campa\u00f1a de marketing por email - SendBlaster software de correo masivo para marketing por email","description":"SendBlaster software de correo masivo para marketing por email C\u00f3mo realizar una campa\u00f1a de marketing por email El marketing por email constituye indudablemente la herramienta m\u00e1s efectiva para obtener la lealtad de los clientes. Si usted posee un sitio web, usted","robots":{"index":"index","follow":"follow","max-snippet":"max-snippet:-1","max-image-preview":"max-image-preview:large","max-video-preview":"max-video-preview:-1"},"canonical":"https:\/\/www.sendblaster.com\/es\/tutorial-de-marketing-por-email\/","og_locale":"es_ES","og_type":"article","og_title":"C\u00f3mo realizar una campa\u00f1a de marketing por email - SendBlaster software de correo masivo para marketing por email","og_description":"SendBlaster software de correo masivo para marketing por email C\u00f3mo realizar una campa\u00f1a de marketing por email El marketing por email constituye indudablemente la herramienta m\u00e1s efectiva para obtener la lealtad de los clientes. Si usted posee un sitio web, usted","og_url":"https:\/\/www.sendblaster.com\/es\/tutorial-de-marketing-por-email\/","og_site_name":"SendBlaster software de correo masivo para marketing por email","article_modified_time":"2018-05-08T12:32:41+00:00","twitter_card":"summary_large_image","twitter_misc":{"Tiempo de lectura":"1 minuto"},"schema":{"@context":"https:\/\/schema.org","@graph":[{"@type":"WebPage","@id":"https:\/\/www.sendblaster.com\/es\/tutorial-de-marketing-por-email\/","url":"https:\/\/www.sendblaster.com\/es\/tutorial-de-marketing-por-email\/","name":"C\u00f3mo realizar una campa\u00f1a de marketing por email - SendBlaster software de correo masivo para marketing por email","isPartOf":{"@id":"https:\/\/www.sendblaster.com\/#website"},"datePublished":"2018-05-08T12:30:51+00:00","dateModified":"2018-05-08T12:32:41+00:00","description":"SendBlaster software de correo masivo para marketing por email C\u00f3mo realizar una campa\u00f1a de marketing por email El marketing por email constituye indudablemente la herramienta m\u00e1s efectiva para obtener la lealtad de los clientes. Si usted posee un sitio web, usted","breadcrumb":{"@id":"https:\/\/www.sendblaster.com\/es\/tutorial-de-marketing-por-email\/#breadcrumb"},"inLanguage":"es","potentialAction":[{"@type":"ReadAction","target":["https:\/\/www.sendblaster.com\/es\/tutorial-de-marketing-por-email\/"]}]},{"@type":"BreadcrumbList","@id":"https:\/\/www.sendblaster.com\/es\/tutorial-de-marketing-por-email\/#breadcrumb","itemListElement":[{"@type":"ListItem","position":1,"name":"Home","item":"https:\/\/www.sendblaster.com\/es\/"},{"@type":"ListItem","position":2,"name":"C\u00f3mo realizar una campa\u00f1a de marketing por email"}]},{"@type":"WebSite","@id":"https:\/\/www.sendblaster.com\/#website","url":"https:\/\/www.sendblaster.com\/","name":"SendBlaster software de correo masivo para marketing por email","description":"","publisher":{"@id":"https:\/\/www.sendblaster.com\/#organization"},"potentialAction":[{"@type":"SearchAction","target":{"@type":"EntryPoint","urlTemplate":"https:\/\/www.sendblaster.com\/?s={search_term_string}"},"query-input":{"@type":"PropertyValueSpecification","valueRequired":true,"valueName":"search_term_string"}}],"inLanguage":"es"},{"@type":"Organization","@id":"https:\/\/www.sendblaster.com\/#organization","name":"SendBlaster software de correo masivo para marketing por email","url":"https:\/\/www.sendblaster.com\/","logo":{"@type":"ImageObject","inLanguage":"es","@id":"https:\/\/www.sendblaster.com\/#\/schema\/logo\/image\/","url":"https:\/\/www.sendblaster.com\/wp-content\/uploads\/2021\/09\/logo-svg-2021.svg","contentUrl":"https:\/\/www.sendblaster.com\/wp-content\/uploads\/2021\/09\/logo-svg-2021.svg","width":350,"height":70,"caption":"SendBlaster software de correo masivo para marketing por email"},"image":{"@id":"https:\/\/www.sendblaster.com\/#\/schema\/logo\/image\/"}}]}},"_links":{"self":[{"href":"https:\/\/www.sendblaster.com\/es\/wp-json\/wp\/v2\/pages\/1470"}],"collection":[{"href":"https:\/\/www.sendblaster.com\/es\/wp-json\/wp\/v2\/pages"}],"about":[{"href":"https:\/\/www.sendblaster.com\/es\/wp-json\/wp\/v2\/types\/page"}],"author":[{"embeddable":true,"href":"https:\/\/www.sendblaster.com\/es\/wp-json\/wp\/v2\/users\/1"}],"replies":[{"embeddable":true,"href":"https:\/\/www.sendblaster.com\/es\/wp-json\/wp\/v2\/comments?post=1470"}],"version-history":[{"count":3,"href":"https:\/\/www.sendblaster.com\/es\/wp-json\/wp\/v2\/pages\/1470\/revisions"}],"predecessor-version":[{"id":1473,"href":"https:\/\/www.sendblaster.com\/es\/wp-json\/wp\/v2\/pages\/1470\/revisions\/1473"}],"wp:attachment":[{"href":"https:\/\/www.sendblaster.com\/es\/wp-json\/wp\/v2\/media?parent=1470"}],"curies":[{"name":"wp","href":"https:\/\/api.w.org\/{rel}","templated":true}]}}