{"id":1460,"date":"2018-05-08T10:16:24","date_gmt":"2018-05-08T10:16:24","guid":{"rendered":"https:\/\/www.sendblaster.com\/wpnew-2018\/?page_id=1460"},"modified":"2021-05-06T13:12:40","modified_gmt":"2021-05-06T13:12:40","slug":"plantillas-de-correo-electronico-gratis","status":"publish","type":"page","link":"https:\/\/www.sendblaster.com\/es\/plantillas-de-correo-electronico-gratis\/","title":{"rendered":"Plantillas para correo electr\u00f3nico gratis"},"content":{"rendered":"<p>\u00bfQuiere darle a sus emails una apariencia m\u00e1s profesional y llamativa? <strong>Sendblaster ofrece alrededor de 130 plantillas de correo electr\u00f3nico gratuitas<\/strong> para personalizar su bolet\u00edn semanal por correo electr\u00f3nico. Motor, negocios, comercio electr\u00f3nico y marketing son solo algunas de las categor\u00edas de plantillas de correo electr\u00f3nico gratuitas que se incluyen en SendBlaster.<\/p>\n<p>\u00bfQuiere probar algunas de las fant\u00e1sticas plantillas que se incluyen? <a title=\"Descargue SendBlaster Gratis, el software para el env\u00edo de emails masivos\" href=\"https:\/\/www.sendblaster.com\/services\/download\/downloadsendblasterfree.php\"><strong>Descargue ahora SendBlaster<\/strong><\/a>.<\/p>\n<p>&nbsp;<\/p>\n<ul class=\"g1-grid\"><li class=\"g1-column g1-one-third g1-valign-top\">\n<p style=\"text-align: center; margin-top: 0px;\"><img decoding=\"async\" width=\"602\" height=\"605\" src=\"https:\/\/www.sendblaster.com\/wp-content\/uploads\/2018\/03\/free-email-template-1.jpg\" alt=\"plantillas de correo electr\u00f3nico gratuitas de naturaleza\" \/><br \/>\n<small><i>plantillas de correo electr\u00f3nico gratuitas de naturaleza<\/i><\/small><\/p>\n<\/li><!-- -->\n<li class=\"g1-column g1-one-third g1-valign-top\">\n<p style=\"text-align: center; margin-top: 0px;\"><img decoding=\"async\" width=\"602\" height=\"605\" src=\"https:\/\/www.sendblaster.com\/wp-content\/uploads\/2018\/03\/free-email-template-2.jpg\" alt=\"plantillas de correo electr\u00f3nico gratuitas de turismo\" \/><br \/>\n<small><i>plantillas de correo electr\u00f3nico gratuitas de turismo<\/i><\/small><\/p>\n<\/li><!-- -->\n<li class=\"g1-column g1-one-third g1-valign-top\">\n<p style=\"text-align: center; margin-top: 0px;\"><img decoding=\"async\" width=\"602\" height=\"605\" src=\"https:\/\/www.sendblaster.com\/wp-content\/uploads\/2018\/03\/free-email-template-3.jpg\" alt=\"plantillas de correo electr\u00f3nico gratuitas de viajes\" \/><br \/>\n<small><i>plantillas de correo electr\u00f3nico gratuitas de viajes<\/i><\/small><\/p>\n<\/li><!-- --><\/ul>\n<ul class=\"g1-grid\"><li class=\"g1-column g1-one-third g1-valign-top\">\n<p style=\"text-align: center; margin-top: 0px;\"><img decoding=\"async\" width=\"602\" height=\"605\" src=\"https:\/\/www.sendblaster.com\/wp-content\/uploads\/2018\/03\/free-email-template-4.jpg\" alt=\"plantillas de correo electr\u00f3nico gratuitas de deportes\" \/><br \/>\n<small><i>plantillas de correo electr\u00f3nico gratuitas de deportes<\/i><\/small><\/p>\n<\/li><!-- -->\n<li class=\"g1-column g1-one-third g1-valign-top\">\n<p style=\"text-align: center; margin-top: 0px;\"><img decoding=\"async\" width=\"602\" height=\"605\" src=\"https:\/\/www.sendblaster.com\/wp-content\/uploads\/2018\/03\/free-email-template-5.jpg\" alt=\"plantillas de correo electr\u00f3nico gratuitas de comida\" \/><br \/>\n<small><i>plantillas de correo electr\u00f3nico gratuitas de comida<\/i><\/small><\/p>\n<\/li><!-- -->\n<li class=\"g1-column g1-one-third g1-valign-top\">\n<p style=\"text-align: center; margin-top: 0px;\"><img decoding=\"async\" width=\"602\" height=\"605\" src=\"https:\/\/www.sendblaster.com\/wp-content\/uploads\/2018\/03\/free-email-template-6.jpg\" alt=\"plantillas de correo electr\u00f3nico gratuitas de tecnolog\u00eda\" \/><br \/>\n<small><i>plantillas de correo electr\u00f3nico gratuitas de tecnolog\u00eda<\/i><\/small><\/p>\n<\/li><!-- --><\/ul>\n<p>&nbsp;<\/p>\n<p style=\"text-align: center;\"><strong>\u00a1Descargue ahora Sendblaster<\/strong> para utilizar las 130 plantillas de correo electr\u00f3nico profesionales incluidas gratuitamente!<\/p>\n<p style=\"text-align: center; margin-bottom: 0px;\"><a href=\"https:\/\/www.sendblaster.com\/es\/descarga-programa-correo\" title=\"Descarga software de env\u00edo de newsletters 100% gratis\" class=\"download-cta\">Descarga Gratuita<\/a><\/p>\n","protected":false},"excerpt":{"rendered":"<p>\u00bfQuiere darle a sus emails una apariencia m\u00e1s profesional y llamativa? Sendblaster ofrece alrededor de 130 plantillas de correo electr\u00f3nico gratuitas para personalizar su bolet\u00edn semanal por correo electr\u00f3nico. Motor, negocios, comercio electr\u00f3nico y marketing son solo algunas de las <\/p>\n<p class=\"read-more-container\"><a class=\"button read-more\" href=\"https:\/\/www.sendblaster.com\/es\/plantillas-de-correo-electronico-gratis\/\" title=\"\">Sigue leyendo<\/a><\/p>\n","protected":false},"author":1,"featured_media":0,"parent":0,"menu_order":0,"comment_status":"closed","ping_status":"closed","template":"","meta":{"_monsterinsights_skip_tracking":false,"_monsterinsights_sitenote_active":false,"_monsterinsights_sitenote_note":"","_monsterinsights_sitenote_category":0,"footnotes":""},"class_list":["post-1460","page","type-page","status-publish"],"yoast_head":"<!-- This site is optimized with the Yoast SEO plugin v23.5 - https:\/\/yoast.com\/wordpress\/plugins\/seo\/ -->\n<title>Plantillas para correo electr\u00f3nico gratis - SendBlaster<\/title>\n<meta name=\"description\" content=\"\u00bfQuiere darle a sus emails una apariencia m\u00e1s profesional y llamativa? Sendblaster ofrece alrededor de 130 plantillas de correo electr\u00f3nico gratuitas.\" \/>\n<meta name=\"robots\" content=\"index, follow, max-snippet:-1, max-image-preview:large, max-video-preview:-1\" \/>\n<link rel=\"canonical\" href=\"https:\/\/www.sendblaster.com\/es\/plantillas-de-correo-electronico-gratis\/\" \/>\n<meta property=\"og:locale\" content=\"es_ES\" \/>\n<meta property=\"og:type\" content=\"article\" \/>\n<meta property=\"og:title\" content=\"Plantillas para correo electr\u00f3nico gratis - SendBlaster\" \/>\n<meta property=\"og:description\" content=\"\u00bfQuiere darle a sus emails una apariencia m\u00e1s profesional y llamativa? Sendblaster ofrece alrededor de 130 plantillas de correo electr\u00f3nico gratuitas.\" \/>\n<meta property=\"og:url\" content=\"https:\/\/www.sendblaster.com\/es\/plantillas-de-correo-electronico-gratis\/\" \/>\n<meta property=\"og:site_name\" content=\"SendBlaster software de correo masivo para marketing por email\" \/>\n<meta property=\"article:modified_time\" content=\"2021-05-06T13:12:40+00:00\" \/>\n<meta property=\"og:image\" content=\"https:\/\/www.sendblaster.com\/wp-content\/uploads\/2018\/03\/free-email-template-1.jpg\" \/>\n<meta name=\"twitter:card\" content=\"summary_large_image\" \/>\n<meta name=\"twitter:label1\" content=\"Tiempo de lectura\" \/>\n\t<meta name=\"twitter:data1\" content=\"1 minuto\" \/>\n<script type=\"application\/ld+json\" class=\"yoast-schema-graph\">{\"@context\":\"https:\/\/schema.org\",\"@graph\":[{\"@type\":\"WebPage\",\"@id\":\"https:\/\/www.sendblaster.com\/es\/plantillas-de-correo-electronico-gratis\/\",\"url\":\"https:\/\/www.sendblaster.com\/es\/plantillas-de-correo-electronico-gratis\/\",\"name\":\"Plantillas para correo electr\u00f3nico gratis - SendBlaster\",\"isPartOf\":{\"@id\":\"https:\/\/www.sendblaster.com\/#website\"},\"primaryImageOfPage\":{\"@id\":\"https:\/\/www.sendblaster.com\/es\/plantillas-de-correo-electronico-gratis\/#primaryimage\"},\"image\":{\"@id\":\"https:\/\/www.sendblaster.com\/es\/plantillas-de-correo-electronico-gratis\/#primaryimage\"},\"thumbnailUrl\":\"https:\/\/www.sendblaster.com\/wp-content\/uploads\/2018\/03\/free-email-template-1.jpg\",\"datePublished\":\"2018-05-08T10:16:24+00:00\",\"dateModified\":\"2021-05-06T13:12:40+00:00\",\"description\":\"\u00bfQuiere darle a sus emails una apariencia m\u00e1s profesional y llamativa? Sendblaster ofrece alrededor de 130 plantillas de correo electr\u00f3nico gratuitas.\",\"breadcrumb\":{\"@id\":\"https:\/\/www.sendblaster.com\/es\/plantillas-de-correo-electronico-gratis\/#breadcrumb\"},\"inLanguage\":\"es\",\"potentialAction\":[{\"@type\":\"ReadAction\",\"target\":[\"https:\/\/www.sendblaster.com\/es\/plantillas-de-correo-electronico-gratis\/\"]}]},{\"@type\":\"ImageObject\",\"inLanguage\":\"es\",\"@id\":\"https:\/\/www.sendblaster.com\/es\/plantillas-de-correo-electronico-gratis\/#primaryimage\",\"url\":\"https:\/\/www.sendblaster.com\/wp-content\/uploads\/2018\/03\/free-email-template-1.jpg\",\"contentUrl\":\"https:\/\/www.sendblaster.com\/wp-content\/uploads\/2018\/03\/free-email-template-1.jpg\"},{\"@type\":\"BreadcrumbList\",\"@id\":\"https:\/\/www.sendblaster.com\/es\/plantillas-de-correo-electronico-gratis\/#breadcrumb\",\"itemListElement\":[{\"@type\":\"ListItem\",\"position\":1,\"name\":\"Home\",\"item\":\"https:\/\/www.sendblaster.com\/es\/\"},{\"@type\":\"ListItem\",\"position\":2,\"name\":\"Plantillas para correo electr\u00f3nico gratis\"}]},{\"@type\":\"WebSite\",\"@id\":\"https:\/\/www.sendblaster.com\/#website\",\"url\":\"https:\/\/www.sendblaster.com\/\",\"name\":\"SendBlaster software de correo masivo para marketing por email\",\"description\":\"\",\"publisher\":{\"@id\":\"https:\/\/www.sendblaster.com\/#organization\"},\"potentialAction\":[{\"@type\":\"SearchAction\",\"target\":{\"@type\":\"EntryPoint\",\"urlTemplate\":\"https:\/\/www.sendblaster.com\/?s={search_term_string}\"},\"query-input\":{\"@type\":\"PropertyValueSpecification\",\"valueRequired\":true,\"valueName\":\"search_term_string\"}}],\"inLanguage\":\"es\"},{\"@type\":\"Organization\",\"@id\":\"https:\/\/www.sendblaster.com\/#organization\",\"name\":\"SendBlaster software de correo masivo para marketing por email\",\"url\":\"https:\/\/www.sendblaster.com\/\",\"logo\":{\"@type\":\"ImageObject\",\"inLanguage\":\"es\",\"@id\":\"https:\/\/www.sendblaster.com\/#\/schema\/logo\/image\/\",\"url\":\"https:\/\/www.sendblaster.com\/wp-content\/uploads\/2021\/09\/logo-svg-2021.svg\",\"contentUrl\":\"https:\/\/www.sendblaster.com\/wp-content\/uploads\/2021\/09\/logo-svg-2021.svg\",\"width\":350,\"height\":70,\"caption\":\"SendBlaster software de correo masivo para marketing por email\"},\"image\":{\"@id\":\"https:\/\/www.sendblaster.com\/#\/schema\/logo\/image\/\"}}]}<\/script>\n<!-- \/ Yoast SEO plugin. -->","yoast_head_json":{"title":"Plantillas para correo electr\u00f3nico gratis - SendBlaster","description":"\u00bfQuiere darle a sus emails una apariencia m\u00e1s profesional y llamativa? Sendblaster ofrece alrededor de 130 plantillas de correo electr\u00f3nico gratuitas.","robots":{"index":"index","follow":"follow","max-snippet":"max-snippet:-1","max-image-preview":"max-image-preview:large","max-video-preview":"max-video-preview:-1"},"canonical":"https:\/\/www.sendblaster.com\/es\/plantillas-de-correo-electronico-gratis\/","og_locale":"es_ES","og_type":"article","og_title":"Plantillas para correo electr\u00f3nico gratis - SendBlaster","og_description":"\u00bfQuiere darle a sus emails una apariencia m\u00e1s profesional y llamativa? Sendblaster ofrece alrededor de 130 plantillas de correo electr\u00f3nico gratuitas.","og_url":"https:\/\/www.sendblaster.com\/es\/plantillas-de-correo-electronico-gratis\/","og_site_name":"SendBlaster software de correo masivo para marketing por email","article_modified_time":"2021-05-06T13:12:40+00:00","og_image":[{"url":"https:\/\/www.sendblaster.com\/wp-content\/uploads\/2018\/03\/free-email-template-1.jpg"}],"twitter_card":"summary_large_image","twitter_misc":{"Tiempo de lectura":"1 minuto"},"schema":{"@context":"https:\/\/schema.org","@graph":[{"@type":"WebPage","@id":"https:\/\/www.sendblaster.com\/es\/plantillas-de-correo-electronico-gratis\/","url":"https:\/\/www.sendblaster.com\/es\/plantillas-de-correo-electronico-gratis\/","name":"Plantillas para correo electr\u00f3nico gratis - SendBlaster","isPartOf":{"@id":"https:\/\/www.sendblaster.com\/#website"},"primaryImageOfPage":{"@id":"https:\/\/www.sendblaster.com\/es\/plantillas-de-correo-electronico-gratis\/#primaryimage"},"image":{"@id":"https:\/\/www.sendblaster.com\/es\/plantillas-de-correo-electronico-gratis\/#primaryimage"},"thumbnailUrl":"https:\/\/www.sendblaster.com\/wp-content\/uploads\/2018\/03\/free-email-template-1.jpg","datePublished":"2018-05-08T10:16:24+00:00","dateModified":"2021-05-06T13:12:40+00:00","description":"\u00bfQuiere darle a sus emails una apariencia m\u00e1s profesional y llamativa? Sendblaster ofrece alrededor de 130 plantillas de correo electr\u00f3nico gratuitas.","breadcrumb":{"@id":"https:\/\/www.sendblaster.com\/es\/plantillas-de-correo-electronico-gratis\/#breadcrumb"},"inLanguage":"es","potentialAction":[{"@type":"ReadAction","target":["https:\/\/www.sendblaster.com\/es\/plantillas-de-correo-electronico-gratis\/"]}]},{"@type":"ImageObject","inLanguage":"es","@id":"https:\/\/www.sendblaster.com\/es\/plantillas-de-correo-electronico-gratis\/#primaryimage","url":"https:\/\/www.sendblaster.com\/wp-content\/uploads\/2018\/03\/free-email-template-1.jpg","contentUrl":"https:\/\/www.sendblaster.com\/wp-content\/uploads\/2018\/03\/free-email-template-1.jpg"},{"@type":"BreadcrumbList","@id":"https:\/\/www.sendblaster.com\/es\/plantillas-de-correo-electronico-gratis\/#breadcrumb","itemListElement":[{"@type":"ListItem","position":1,"name":"Home","item":"https:\/\/www.sendblaster.com\/es\/"},{"@type":"ListItem","position":2,"name":"Plantillas para correo electr\u00f3nico gratis"}]},{"@type":"WebSite","@id":"https:\/\/www.sendblaster.com\/#website","url":"https:\/\/www.sendblaster.com\/","name":"SendBlaster software de correo masivo para marketing por email","description":"","publisher":{"@id":"https:\/\/www.sendblaster.com\/#organization"},"potentialAction":[{"@type":"SearchAction","target":{"@type":"EntryPoint","urlTemplate":"https:\/\/www.sendblaster.com\/?s={search_term_string}"},"query-input":{"@type":"PropertyValueSpecification","valueRequired":true,"valueName":"search_term_string"}}],"inLanguage":"es"},{"@type":"Organization","@id":"https:\/\/www.sendblaster.com\/#organization","name":"SendBlaster software de correo masivo para marketing por email","url":"https:\/\/www.sendblaster.com\/","logo":{"@type":"ImageObject","inLanguage":"es","@id":"https:\/\/www.sendblaster.com\/#\/schema\/logo\/image\/","url":"https:\/\/www.sendblaster.com\/wp-content\/uploads\/2021\/09\/logo-svg-2021.svg","contentUrl":"https:\/\/www.sendblaster.com\/wp-content\/uploads\/2021\/09\/logo-svg-2021.svg","width":350,"height":70,"caption":"SendBlaster software de correo masivo para marketing por email"},"image":{"@id":"https:\/\/www.sendblaster.com\/#\/schema\/logo\/image\/"}}]}},"_links":{"self":[{"href":"https:\/\/www.sendblaster.com\/es\/wp-json\/wp\/v2\/pages\/1460"}],"collection":[{"href":"https:\/\/www.sendblaster.com\/es\/wp-json\/wp\/v2\/pages"}],"about":[{"href":"https:\/\/www.sendblaster.com\/es\/wp-json\/wp\/v2\/types\/page"}],"author":[{"embeddable":true,"href":"https:\/\/www.sendblaster.com\/es\/wp-json\/wp\/v2\/users\/1"}],"replies":[{"embeddable":true,"href":"https:\/\/www.sendblaster.com\/es\/wp-json\/wp\/v2\/comments?post=1460"}],"version-history":[{"count":8,"href":"https:\/\/www.sendblaster.com\/es\/wp-json\/wp\/v2\/pages\/1460\/revisions"}],"predecessor-version":[{"id":4187,"href":"https:\/\/www.sendblaster.com\/es\/wp-json\/wp\/v2\/pages\/1460\/revisions\/4187"}],"wp:attachment":[{"href":"https:\/\/www.sendblaster.com\/es\/wp-json\/wp\/v2\/media?parent=1460"}],"curies":[{"name":"wp","href":"https:\/\/api.w.org\/{rel}","templated":true}]}}