{"id":1446,"date":"2018-05-08T09:20:29","date_gmt":"2018-05-08T09:20:29","guid":{"rendered":"https:\/\/www.sendblaster.com\/wpnew-2018\/?page_id=1446"},"modified":"2018-05-08T09:24:07","modified_gmt":"2018-05-08T09:24:07","slug":"envie-emails-masivos-su-campana-de-emails-en-minutos","status":"publish","type":"page","link":"https:\/\/www.sendblaster.com\/es\/envie-emails-masivos-su-campana-de-emails-en-minutos\/","title":{"rendered":"Env\u00ede Emails Masivos: su campa\u00f1a de emails en minutos"},"content":{"rendered":"<p style=\"text-align: center;\"><img decoding=\"async\" width=\"815\" height=\"447\" src=\"https:\/\/www.sendblaster.com\/wp-content\/uploads\/2018\/03\/your-email-marketing-campaign-in-minutes.png\" alt=\"Send newsletters: your email marketing campaign in minutes\" \/><\/p>\n<p>SendBlaster es un <strong>software de env\u00edo de correo masivo gratis<\/strong>, un programa de marketing por email para el env\u00edo de emails. En las <strong>estrategias de marketing<\/strong> en Internet actuales, el aparecer en los motores de b\u00fasqueda no es suficiente: las ventas requieren de una relaci\u00f3n de confianza. Los visitantes Web se transforman en clientes cuando usted les provee el contenido que est\u00e1n buscando. El env\u00edo de emails con contenido personalizado es legal, cuando usted obtiene <strong>nuevas listas de correos de usuarios<\/strong>, utilizando <a href=\"https:\/\/www.sendblaster.com\/es\/soporte\/importar-listas\/formulario-php-de-suscripciones-a-e-mail-simples\" title=\"Formulario PHP de suscripciones a e-mail simples\">formularios de suscripci\u00f3n gratuitos<\/a> en sus sitios web.  Cuando usted atrapa a los suscriptores interesados, la clave para el \u00e9xito radica en realizar campa\u00f1as de marketing por email de bajo costo para enviar mensajes masivos a los clientes prospectos utilizando un software para el <strong><a href=\"https:\/\/www.sendblaster.com\/es\/caracteristicas-de-software-de-envio-de-correo-masivo\" title=\"Caracteristicas de Software de Envio de Correo Masivo\">env\u00edo de correo masivo<\/a> <\/strong> como <strong>programa de marketing por email: <\/strong>el software de <strong><a href=\"https:\/\/www.sendblaster.com\/es\/descarga-programa-correo\" title=\"Descarga programa correo\">correo masivo gratis<\/a><\/strong> entregar\u00e1 autom\u00e1ticamente los correos masivos personalizados a los suscriptores y usuarios de sus listas de correos.  <em>Convierta a los visitantes ocasionales de su sitio web en <\/em>usuarios recurrentes y clientes, enviando emails y newsletters leg\u00edtimos y confirmados, actualizaciones y ofertas dirigidas mediante emails: utilizando un software de emails masivos <strong>desde su PC<\/strong>.<\/p>\n<ul>\n<li><a href=\"https:\/\/www.sendblaster.com\/es\/descarga-programa-correo\" title=\"Descarga programa correo\"><strong>Descargue<\/strong><\/a> SendBlaster, el <a href=\"https:\/\/www.sendblaster.com\/es\/descarga-programa-correo\" title=\"descarga programa correo\">Software de Email Masivo Gratis<\/a>, y env\u00ede hoy sus newsletters masivos y ofertas por email.<\/li>\n<li><a href=\"https:\/\/www.sendblaster.com\/es\/soporte\/importar-listas\/formulario-php-de-suscripciones-a-e-mail-simples\" title=\"Formulario PHP de suscripciones a e-mail simples\">Descargue formularios de suscripci\u00f3n por email <\/a> para crear listas de correo <strong>legales basadas en permisos <\/strong> (<a href=\"https:\/\/www.sendblaster.com\/es\/soporte\/importar-listas\/formulario-php-de-suscripciones-a-e-mail-confirmadas\" title=\"Formulario PHP de suscripciones a e-mail confirmadas\">suscripciones confirmadas<\/a> y scripts. SendBlaster, el <strong>software de env\u00edo de emails masivos<\/strong> es capaz de importar todos los detalles de los contactos en su lista de correo local.<\/li>\n<li><strong>Cree<\/strong> o <a href=\"https:\/\/www.sendblaster.com\/es\/soporte\/importar-listas\/importar-desde-ms-outlook-excel-access-mediante-archivo-csv\" title=\"Importar desde MS Outlook, Excel, Access mediante archivo CSV\"><strong>importe<\/strong> listas de correo .csv<\/a> y comience su campa\u00f1a de marketing por email orientada a sus clientes y basada en permisos.<\/li>\n<li><strong>Env\u00ede emails masivos<\/strong> y contacte con m\u00faltiples clientes con tan s\u00f3lo presionar enviar.<\/li>\n<\/ul>\n<p><a href=\"https:\/\/www.sendblaster.com\/es\/soporte\/sugerencias\/consejos-avanzados-para-un-mejor-envio-de-emails\" title=\"Consejos avanzados para un mejor env\u00edo de emails\">Marketing por email masivo directo<\/a> legal: la mejor forma de establecer una relaci\u00f3n exitosa con sus clientes potenciales&#8230; el env\u00edo de emails masivos, con el permiso de sus contactos por supuesto!!<\/p>\n<ul>\n<li><a href=\"https:\/\/www.sendblaster.com\/es\/caracteristicas-de-software-de-envio-de-correo-masivo\" title=\"Caracteristicas de Software de Envio de Correo Masivo\">lista de<strong> caracter\u00edsticas<\/strong> de software para el env\u00edo de correo masivo<\/a><\/li>\n<li><a href=\"https:\/\/www.sendblaster.com\/es\/descarga-programa-correo\" title=\"Descarga programa correo\">descarga de <strong>software para el env\u00edo de emails masivos<\/strong> gratis<\/a><\/li>\n<li><a href=\"https:\/\/www.sendblaster.com\/es\/pantallas\" title=\"Pantallas\">pantallas de <strong>software de env\u00edo de emails masivos<\/strong><\/a><\/li>\n<li><a href=\"https:\/\/www.sendblaster.com\/es\/comprar\" title=\"Comprar\">adquiera la <strong>Licencia PRO<\/strong> del software para el env\u00edo de correo masivo<\/a><\/li>\n<\/ul>\n<p style=\"text-align: center; margin-bottom: 0px;\"><a href=\"https:\/\/www.sendblaster.com\/es\/descarga-programa-correo\" title=\"Descarga software de env\u00edo de newsletters 100% gratis\" class=\"download-cta\">Descarga Gratuita<\/a><a href=\"https:\/\/www.sendblaster.com\/es\/comprar\" title=\"Comprar SendBlaster PRO Ahora!\" class=\"buy-cta\">SendBlaster Pro<\/a><\/p>\n","protected":false},"excerpt":{"rendered":"<p>SendBlaster es un software de env\u00edo de correo masivo gratis, un programa de marketing por email para el env\u00edo de emails. En las estrategias de marketing en Internet actuales, el aparecer en los motores de b\u00fasqueda no es suficiente: las <\/p>\n<p class=\"read-more-container\"><a class=\"button read-more\" href=\"https:\/\/www.sendblaster.com\/es\/envie-emails-masivos-su-campana-de-emails-en-minutos\/\" title=\"\">Sigue leyendo<\/a><\/p>\n","protected":false},"author":1,"featured_media":0,"parent":0,"menu_order":0,"comment_status":"closed","ping_status":"closed","template":"","meta":{"_monsterinsights_skip_tracking":false,"_monsterinsights_sitenote_active":false,"_monsterinsights_sitenote_note":"","_monsterinsights_sitenote_category":0,"footnotes":""},"class_list":["post-1446","page","type-page","status-publish"],"yoast_head":"<!-- This site is optimized with the Yoast SEO plugin v23.5 - https:\/\/yoast.com\/wordpress\/plugins\/seo\/ -->\n<title>Env\u00ede Emails Masivos: su campa\u00f1a de emails en minutos - SendBlaster software de correo masivo para marketing por email<\/title>\n<meta name=\"description\" content=\"SendBlaster software de correo masivo para marketing por email Env\u00ede Emails Masivos: su campa\u00f1a de emails en minutos SendBlaster es un software de env\u00edo de correo masivo gratis, un programa de marketing por email para el env\u00edo de emails. En las estrategias de marketing\" \/>\n<meta name=\"robots\" content=\"index, follow, max-snippet:-1, max-image-preview:large, max-video-preview:-1\" \/>\n<link rel=\"canonical\" href=\"https:\/\/www.sendblaster.com\/es\/envie-emails-masivos-su-campana-de-emails-en-minutos\/\" \/>\n<meta property=\"og:locale\" content=\"es_ES\" \/>\n<meta property=\"og:type\" content=\"article\" \/>\n<meta property=\"og:title\" content=\"Env\u00ede Emails Masivos: su campa\u00f1a de emails en minutos - SendBlaster software de correo masivo para marketing por email\" \/>\n<meta property=\"og:description\" content=\"SendBlaster software de correo masivo para marketing por email Env\u00ede Emails Masivos: su campa\u00f1a de emails en minutos SendBlaster es un software de env\u00edo de correo masivo gratis, un programa de marketing por email para el env\u00edo de emails. En las estrategias de marketing\" \/>\n<meta property=\"og:url\" content=\"https:\/\/www.sendblaster.com\/es\/envie-emails-masivos-su-campana-de-emails-en-minutos\/\" \/>\n<meta property=\"og:site_name\" content=\"SendBlaster software de correo masivo para marketing por email\" \/>\n<meta property=\"article:modified_time\" content=\"2018-05-08T09:24:07+00:00\" \/>\n<meta property=\"og:image\" content=\"https:\/\/www.sendblaster.com\/wp-content\/uploads\/2018\/03\/your-email-marketing-campaign-in-minutes.png\" \/>\n<meta name=\"twitter:card\" content=\"summary_large_image\" \/>\n<meta name=\"twitter:label1\" content=\"Tiempo de lectura\" \/>\n\t<meta name=\"twitter:data1\" content=\"2 minutos\" \/>\n<script type=\"application\/ld+json\" class=\"yoast-schema-graph\">{\"@context\":\"https:\/\/schema.org\",\"@graph\":[{\"@type\":\"WebPage\",\"@id\":\"https:\/\/www.sendblaster.com\/es\/envie-emails-masivos-su-campana-de-emails-en-minutos\/\",\"url\":\"https:\/\/www.sendblaster.com\/es\/envie-emails-masivos-su-campana-de-emails-en-minutos\/\",\"name\":\"Env\u00ede Emails Masivos: su campa\u00f1a de emails en minutos - SendBlaster software de correo masivo para marketing por email\",\"isPartOf\":{\"@id\":\"https:\/\/www.sendblaster.com\/#website\"},\"primaryImageOfPage\":{\"@id\":\"https:\/\/www.sendblaster.com\/es\/envie-emails-masivos-su-campana-de-emails-en-minutos\/#primaryimage\"},\"image\":{\"@id\":\"https:\/\/www.sendblaster.com\/es\/envie-emails-masivos-su-campana-de-emails-en-minutos\/#primaryimage\"},\"thumbnailUrl\":\"https:\/\/www.sendblaster.com\/wp-content\/uploads\/2018\/03\/your-email-marketing-campaign-in-minutes.png\",\"datePublished\":\"2018-05-08T09:20:29+00:00\",\"dateModified\":\"2018-05-08T09:24:07+00:00\",\"description\":\"SendBlaster software de correo masivo para marketing por email Env\u00ede Emails Masivos: su campa\u00f1a de emails en minutos SendBlaster es un software de env\u00edo de correo masivo gratis, un programa de marketing por email para el env\u00edo de emails. En las estrategias de marketing\",\"breadcrumb\":{\"@id\":\"https:\/\/www.sendblaster.com\/es\/envie-emails-masivos-su-campana-de-emails-en-minutos\/#breadcrumb\"},\"inLanguage\":\"es\",\"potentialAction\":[{\"@type\":\"ReadAction\",\"target\":[\"https:\/\/www.sendblaster.com\/es\/envie-emails-masivos-su-campana-de-emails-en-minutos\/\"]}]},{\"@type\":\"ImageObject\",\"inLanguage\":\"es\",\"@id\":\"https:\/\/www.sendblaster.com\/es\/envie-emails-masivos-su-campana-de-emails-en-minutos\/#primaryimage\",\"url\":\"https:\/\/www.sendblaster.com\/wp-content\/uploads\/2018\/03\/your-email-marketing-campaign-in-minutes.png\",\"contentUrl\":\"https:\/\/www.sendblaster.com\/wp-content\/uploads\/2018\/03\/your-email-marketing-campaign-in-minutes.png\"},{\"@type\":\"BreadcrumbList\",\"@id\":\"https:\/\/www.sendblaster.com\/es\/envie-emails-masivos-su-campana-de-emails-en-minutos\/#breadcrumb\",\"itemListElement\":[{\"@type\":\"ListItem\",\"position\":1,\"name\":\"Home\",\"item\":\"https:\/\/www.sendblaster.com\/es\/\"},{\"@type\":\"ListItem\",\"position\":2,\"name\":\"Env\u00ede Emails Masivos: su campa\u00f1a de emails en minutos\"}]},{\"@type\":\"WebSite\",\"@id\":\"https:\/\/www.sendblaster.com\/#website\",\"url\":\"https:\/\/www.sendblaster.com\/\",\"name\":\"SendBlaster software de correo masivo para marketing por email\",\"description\":\"\",\"publisher\":{\"@id\":\"https:\/\/www.sendblaster.com\/#organization\"},\"potentialAction\":[{\"@type\":\"SearchAction\",\"target\":{\"@type\":\"EntryPoint\",\"urlTemplate\":\"https:\/\/www.sendblaster.com\/?s={search_term_string}\"},\"query-input\":{\"@type\":\"PropertyValueSpecification\",\"valueRequired\":true,\"valueName\":\"search_term_string\"}}],\"inLanguage\":\"es\"},{\"@type\":\"Organization\",\"@id\":\"https:\/\/www.sendblaster.com\/#organization\",\"name\":\"SendBlaster software de correo masivo para marketing por email\",\"url\":\"https:\/\/www.sendblaster.com\/\",\"logo\":{\"@type\":\"ImageObject\",\"inLanguage\":\"es\",\"@id\":\"https:\/\/www.sendblaster.com\/#\/schema\/logo\/image\/\",\"url\":\"https:\/\/www.sendblaster.com\/wp-content\/uploads\/2021\/09\/logo-svg-2021.svg\",\"contentUrl\":\"https:\/\/www.sendblaster.com\/wp-content\/uploads\/2021\/09\/logo-svg-2021.svg\",\"width\":350,\"height\":70,\"caption\":\"SendBlaster software de correo masivo para marketing por email\"},\"image\":{\"@id\":\"https:\/\/www.sendblaster.com\/#\/schema\/logo\/image\/\"}}]}<\/script>\n<!-- \/ Yoast SEO plugin. -->","yoast_head_json":{"title":"Env\u00ede Emails Masivos: su campa\u00f1a de emails en minutos - SendBlaster software de correo masivo para marketing por email","description":"SendBlaster software de correo masivo para marketing por email Env\u00ede Emails Masivos: su campa\u00f1a de emails en minutos SendBlaster es un software de env\u00edo de correo masivo gratis, un programa de marketing por email para el env\u00edo de emails. En las estrategias de marketing","robots":{"index":"index","follow":"follow","max-snippet":"max-snippet:-1","max-image-preview":"max-image-preview:large","max-video-preview":"max-video-preview:-1"},"canonical":"https:\/\/www.sendblaster.com\/es\/envie-emails-masivos-su-campana-de-emails-en-minutos\/","og_locale":"es_ES","og_type":"article","og_title":"Env\u00ede Emails Masivos: su campa\u00f1a de emails en minutos - SendBlaster software de correo masivo para marketing por email","og_description":"SendBlaster software de correo masivo para marketing por email Env\u00ede Emails Masivos: su campa\u00f1a de emails en minutos SendBlaster es un software de env\u00edo de correo masivo gratis, un programa de marketing por email para el env\u00edo de emails. En las estrategias de marketing","og_url":"https:\/\/www.sendblaster.com\/es\/envie-emails-masivos-su-campana-de-emails-en-minutos\/","og_site_name":"SendBlaster software de correo masivo para marketing por email","article_modified_time":"2018-05-08T09:24:07+00:00","og_image":[{"url":"https:\/\/www.sendblaster.com\/wp-content\/uploads\/2018\/03\/your-email-marketing-campaign-in-minutes.png"}],"twitter_card":"summary_large_image","twitter_misc":{"Tiempo de lectura":"2 minutos"},"schema":{"@context":"https:\/\/schema.org","@graph":[{"@type":"WebPage","@id":"https:\/\/www.sendblaster.com\/es\/envie-emails-masivos-su-campana-de-emails-en-minutos\/","url":"https:\/\/www.sendblaster.com\/es\/envie-emails-masivos-su-campana-de-emails-en-minutos\/","name":"Env\u00ede Emails Masivos: su campa\u00f1a de emails en minutos - SendBlaster software de correo masivo para marketing por email","isPartOf":{"@id":"https:\/\/www.sendblaster.com\/#website"},"primaryImageOfPage":{"@id":"https:\/\/www.sendblaster.com\/es\/envie-emails-masivos-su-campana-de-emails-en-minutos\/#primaryimage"},"image":{"@id":"https:\/\/www.sendblaster.com\/es\/envie-emails-masivos-su-campana-de-emails-en-minutos\/#primaryimage"},"thumbnailUrl":"https:\/\/www.sendblaster.com\/wp-content\/uploads\/2018\/03\/your-email-marketing-campaign-in-minutes.png","datePublished":"2018-05-08T09:20:29+00:00","dateModified":"2018-05-08T09:24:07+00:00","description":"SendBlaster software de correo masivo para marketing por email Env\u00ede Emails Masivos: su campa\u00f1a de emails en minutos SendBlaster es un software de env\u00edo de correo masivo gratis, un programa de marketing por email para el env\u00edo de emails. En las estrategias de marketing","breadcrumb":{"@id":"https:\/\/www.sendblaster.com\/es\/envie-emails-masivos-su-campana-de-emails-en-minutos\/#breadcrumb"},"inLanguage":"es","potentialAction":[{"@type":"ReadAction","target":["https:\/\/www.sendblaster.com\/es\/envie-emails-masivos-su-campana-de-emails-en-minutos\/"]}]},{"@type":"ImageObject","inLanguage":"es","@id":"https:\/\/www.sendblaster.com\/es\/envie-emails-masivos-su-campana-de-emails-en-minutos\/#primaryimage","url":"https:\/\/www.sendblaster.com\/wp-content\/uploads\/2018\/03\/your-email-marketing-campaign-in-minutes.png","contentUrl":"https:\/\/www.sendblaster.com\/wp-content\/uploads\/2018\/03\/your-email-marketing-campaign-in-minutes.png"},{"@type":"BreadcrumbList","@id":"https:\/\/www.sendblaster.com\/es\/envie-emails-masivos-su-campana-de-emails-en-minutos\/#breadcrumb","itemListElement":[{"@type":"ListItem","position":1,"name":"Home","item":"https:\/\/www.sendblaster.com\/es\/"},{"@type":"ListItem","position":2,"name":"Env\u00ede Emails Masivos: su campa\u00f1a de emails en minutos"}]},{"@type":"WebSite","@id":"https:\/\/www.sendblaster.com\/#website","url":"https:\/\/www.sendblaster.com\/","name":"SendBlaster software de correo masivo para marketing por email","description":"","publisher":{"@id":"https:\/\/www.sendblaster.com\/#organization"},"potentialAction":[{"@type":"SearchAction","target":{"@type":"EntryPoint","urlTemplate":"https:\/\/www.sendblaster.com\/?s={search_term_string}"},"query-input":{"@type":"PropertyValueSpecification","valueRequired":true,"valueName":"search_term_string"}}],"inLanguage":"es"},{"@type":"Organization","@id":"https:\/\/www.sendblaster.com\/#organization","name":"SendBlaster software de correo masivo para marketing por email","url":"https:\/\/www.sendblaster.com\/","logo":{"@type":"ImageObject","inLanguage":"es","@id":"https:\/\/www.sendblaster.com\/#\/schema\/logo\/image\/","url":"https:\/\/www.sendblaster.com\/wp-content\/uploads\/2021\/09\/logo-svg-2021.svg","contentUrl":"https:\/\/www.sendblaster.com\/wp-content\/uploads\/2021\/09\/logo-svg-2021.svg","width":350,"height":70,"caption":"SendBlaster software de correo masivo para marketing por email"},"image":{"@id":"https:\/\/www.sendblaster.com\/#\/schema\/logo\/image\/"}}]}},"_links":{"self":[{"href":"https:\/\/www.sendblaster.com\/es\/wp-json\/wp\/v2\/pages\/1446"}],"collection":[{"href":"https:\/\/www.sendblaster.com\/es\/wp-json\/wp\/v2\/pages"}],"about":[{"href":"https:\/\/www.sendblaster.com\/es\/wp-json\/wp\/v2\/types\/page"}],"author":[{"embeddable":true,"href":"https:\/\/www.sendblaster.com\/es\/wp-json\/wp\/v2\/users\/1"}],"replies":[{"embeddable":true,"href":"https:\/\/www.sendblaster.com\/es\/wp-json\/wp\/v2\/comments?post=1446"}],"version-history":[{"count":2,"href":"https:\/\/www.sendblaster.com\/es\/wp-json\/wp\/v2\/pages\/1446\/revisions"}],"predecessor-version":[{"id":1448,"href":"https:\/\/www.sendblaster.com\/es\/wp-json\/wp\/v2\/pages\/1446\/revisions\/1448"}],"wp:attachment":[{"href":"https:\/\/www.sendblaster.com\/es\/wp-json\/wp\/v2\/media?parent=1446"}],"curies":[{"name":"wp","href":"https:\/\/api.w.org\/{rel}","templated":true}]}}