{"id":1439,"date":"2018-05-08T08:40:41","date_gmt":"2018-05-08T08:40:41","guid":{"rendered":"https:\/\/www.sendblaster.com\/wpnew-2018\/?page_id=1439"},"modified":"2018-07-09T10:48:06","modified_gmt":"2018-07-09T10:48:06","slug":"que-hay-de-nuevo-en-sendblaster-4","status":"publish","type":"page","link":"https:\/\/www.sendblaster.com\/es\/que-hay-de-nuevo-en-sendblaster-4\/","title":{"rendered":"\u00bfQu\u00e9 hay de nuevo en SendBlaster"},"content":{"rendered":"<p style=\"text-align: center;\">Aqu\u00ed est\u00e1 una lista de lo que hemos a\u00f1adido en nuestra nueva versi\u00f3n del software &#8211; y lo que se obtiene cuando se actualiza desde SendBlaster 3 a SendBlaster 4.<\/p>\n<p style=\"text-align: center; margin-bottom: 0px;\"><a href=\"https:\/\/www.sendblaster.com\/es\/descarga-programa-correo\" title=\"Descarga software de env\u00edo de newsletters 100% gratis\" class=\"download-cta\">Descarga Gratuita<\/a><a href=\"https:\/\/www.sendblaster.com\/es\/comprar\" title=\"Comprar SendBlaster PRO Ahora!\" class=\"buy-cta\">SendBlaster Pro<\/a><\/p>\n<p>&nbsp;<\/p>\n<div id=\"\" class=\"g1-section gb-container flex\"  style=\"background-repeat:no-repeat; background-position:left top; background-attachment:static; padding-bottom:0px; padding-top:0px;\"><div class=\"g1-layout-inner\">\n<ul class=\"g1-grid\"><li class=\"g1-column g1-one-third g1-valign-top\"><br \/>\n<div id=\"\" class=\"g1-box g1-box--solid feature g1-box--icon\" ><i class=\"fa fa-desktop g1-box__icon\"><\/i><div class=\"g1-box__inner\">\n<h3>Nueva interfaz de usuario<\/h3>\n<p>SendBlaster 4 ha implementado el redise\u00f1o de interfaz m\u00e1s radical. Con nuevo look moderno, plano y atractivo, todo es m\u00e1s f\u00e1cil de utilizar en pantallas t\u00e1ctiles.<\/p>\n<\/div><\/div><\/li><!-- -->\n<li class=\"g1-column g1-one-third g1-valign-top\"><br \/>\n<div id=\"\" class=\"g1-box g1-box--solid feature g1-box--icon\" ><i class=\"fa fa-code g1-box__icon\"><\/i><div class=\"g1-box__inner\">\n<h3>Nuevo motor HTML<\/h3>\n<p>SendBlaster 4 utiliza un motor HTML mejorado. No solo el renderizado es mejor, tambi\u00e9n el c\u00f3digo de salida es m\u00e1s prolijo y conforme a los modernos est\u00e1ndares; el editor visual preserva el c\u00f3digo HTML original en mejor forma.<\/p>\n<\/div><\/div><\/li><!-- -->\n<li class=\"g1-column g1-one-third g1-valign-top\"><br \/>\n<div id=\"\" class=\"g1-box g1-box--solid feature g1-box--icon\" ><i class=\"fa fa-cubes g1-box__icon\"><\/i><div class=\"g1-box__inner\">\n<h3>Segmentos<\/h3>\n<p>SendBlaster Pro 4 permite crear segmentos de listas (subgrupos) en base a diferentes reglas; esto posibilita organizar y mantener listas en forma m\u00e1s f\u00e1cil. Tambi\u00e9n puede en forma opcional realizar un env\u00edo a s\u00f3lo un segmento de una lista.<\/p>\n<\/div><\/div><\/li><!-- --><\/ul>\n<ul class=\"g1-grid\"><li class=\"g1-column g1-one-third g1-valign-top\"><br \/>\n<div id=\"\" class=\"g1-box g1-box--solid feature g1-box--icon\" ><i class=\"fa fa-image g1-box__icon\"><\/i><div class=\"g1-box__inner\">\n<h3>Replicador de cancelaciones<\/h3>\n<p>Si usted gestiona m\u00faltiples listas, y estas comparten los mismos contactos, usted puede terminar teniendo un contacto desuscripto en una lista, pero a\u00fan marcado como suscripto en una lista diferente. Si este escenario no es deseable, el Replicador de Cancelaciones propaga cancelaciones de cualquiera de sus listas al resto de las listas: si un contacto es \u201cdesuscripto\u201d en CUALQUIER lista, ser\u00e1 marcado como desuscripto en TODAS las listas.<\/p>\n<\/div><\/div><\/li><!-- -->\n<li class=\"g1-column g1-one-third g1-valign-top\"><br \/>\n<div id=\"\" class=\"g1-box g1-box--solid feature g1-box--icon\" ><i class=\"fa fa-times-circle g1-box__icon\"><\/i><div class=\"g1-box__inner\">\n<h3>Ajustar im\u00e1genes en el lugar<\/h3>\n<p>El editor visual incluye una herramienta fotogr\u00e1fica embebida que permite aplicar los filtros y efectos m\u00e1s comunes a las im\u00e1genes en forma instant\u00e1nea. No necesita exportar im\u00e1genes, y procesarlas con utilidades externas y luego agregarlas nuevamente: simplemente seleccione una imagen en el mensaje, edite, e inmediatamente observe los resultados.<\/p>\n<\/div><\/div><\/li><!-- -->\n<li class=\"g1-column g1-one-third g1-valign-top\"><br \/>\n<div id=\"\" class=\"g1-box g1-box--solid feature g1-box--icon\" ><i class=\"fa fa-list-alt g1-box__icon\"><\/i><div class=\"g1-box__inner\">\n<h3>Correos de seguimiento<\/h3>\n<p>Todos los contactos que han sido incluidos en un env\u00edo previo pueden ser activados en forma selectiva en la lista actual. De esta forma, usted puede realizar un env\u00edo de seguimiento s\u00f3lo a aquellos que ya han recibido un correo espec\u00edfico.<\/p>\n<\/div><\/div><\/li><!-- --><\/ul>\n<ul class=\"g1-grid\"><li class=\"g1-column g1-one-third g1-valign-top\"><br \/>\n<div id=\"\" class=\"g1-box g1-box--solid feature g1-box--icon\" ><i class=\"fa fa-database g1-box__icon\"><\/i><div class=\"g1-box__inner\">\n<h3>Mantenimiento de base de datos<\/h3>\n<p>SendBlaster 4 incluye una herramienta de base de datos para optimizar en forma peri\u00f3dica el tama\u00f1o y rendimiento de su base de datos.<\/p>\n<\/div><\/div><\/li><!-- -->\n<li class=\"g1-column g1-one-third g1-valign-top\"><br \/>\n<div id=\"\" class=\"g1-box g1-box--solid feature g1-box--icon\" ><i class=\"fa fa-paperclip g1-box__icon\"><\/i><div class=\"g1-box__inner\">\n<h3>Integraci\u00f3n con MailStyler<\/h3>\n<p>MailStyler es un dise\u00f1ador de newsletters poderoso, que permite el dise\u00f1o responsivo compatible con m\u00faltiples clientes con un simple editor drag and drop. Cuando usted selecciona \u201cMailStyler\u201d como su nuevo tipo de mensaje, SendBlaster lanza MailStyler (si se encuentra instalado), y espera que el mismo sea cerrado; luego autom\u00e1ticamente carga el \u00faltimo mensaje exportado desde MailStyler.<\/p>\n<\/div><\/div><\/li><!-- --><\/ul>\n<p>&nbsp;<\/p>\n<h2 class=\"features-title\"><span>M\u00e1s novedades<\/span><\/h2>\n<p>&nbsp;<br \/>\n<ul class=\"g1-grid\"><li class=\"g1-column g1-one-third g1-valign-top\"><br \/>\n<div id=\"\" class=\"g1-box g1-box--solid feature g1-box--noicon\" ><div class=\"g1-box__inner\">\n<h3>Agregue eventos de calendario a su mensaje<\/h3>\n<p>Logre la mayor efectividad en sus correos y facilite a sus contactos recordar sus ofertas y eventos: con SendBlaster Pro 4 usted puede crear un evento y agregarlo a su email como adjunto de iCalendar; cuando sus lectores utilicen el adjunto, se agregar\u00e1 un evento a su calendario.<\/p>\n<\/div><\/div><\/li><!-- --><\/p>\n<li class=\"g1-column g1-one-third g1-valign-top\"><br \/>\n<div id=\"\" class=\"g1-box g1-box--solid feature g1-box--noicon\" ><div class=\"g1-box__inner\">\n<h3>Integraci\u00f3n con JotForm<\/h3>\n<p>JotForm es una plataforma popular de dise\u00f1o de formularios, integrada completamente con la mayor\u00eda de los gestores de contenido y sistemas de compra. SendBlaster 4 le permite importar suscripciones y cancelaciones desde su cuenta de JotForm simplemente ingresando sus credenciales.<\/p>\n<\/div><\/div><\/li><!-- -->\n<li class=\"g1-column g1-one-third g1-valign-top\"><br \/>\n<div id=\"\" class=\"g1-box g1-box--solid feature g1-box--noicon\" ><div class=\"g1-box__inner\">\n<h3>M\u00e1s velocidad<\/h3>\n<p>SendBlaster 4 ahora soporta hasta 100 conexiones \u2013 en una plataforma de alto rendimiento, esto puede mejorar la velocidad de env\u00edos en forma significativa al utilizar un servidor SMTP local o remoto.<\/p>\n<\/div><\/div><\/li><!-- --><\/ul>\n<ul class=\"g1-grid\"><li class=\"g1-column g1-one-third g1-valign-top\"><br \/>\n<div id=\"\" class=\"g1-box g1-box--solid feature g1-box--noicon\" ><div class=\"g1-box__inner\">\n<h3>Modo \u201cs\u00f3lo edici\u00f3n de fuente\u201d HTML opcional<\/h3>\n<p>Con SendBlaster 4, los dise\u00f1adores HTML avanzados pueden opcionalmente evitar el editor visual para mantener el control completo de su c\u00f3digo fuente. Los documentos HTML pueden ser abiertos en modo \u201cs\u00f3lo edici\u00f3n de fuente\u201d preservando el c\u00f3digo original completamente.<\/p>\n<\/div><\/div><\/li><!-- -->\n<li class=\"g1-column g1-one-third g1-valign-top\"><br \/>\n<div id=\"\" class=\"g1-box g1-box--solid feature g1-box--noicon\" ><div class=\"g1-box__inner\">\n<h3>Mail a nuevos contactos<\/h3>\n<p>Todos los contactos que han sido incluidos en env\u00edos previos pueden ser desactivados en forma selectiva en la lista actual. En esta forma, usted puede realizar un env\u00edo s\u00f3lo a aquellos que a\u00fan no han recibido el email.<\/p>\n<\/div><\/div><\/li><!-- -->\n<li class=\"g1-column g1-one-third g1-valign-top\"><br \/>\n<div id=\"\" class=\"g1-box g1-box--solid feature g1-box--noicon\" ><div class=\"g1-box__inner\">\n<h3>Guardado de emails entrantes importantes localmente<\/h3>\n<p>Las reglas antispam requieren que usted mantenga una prueba a largo plazo de las suscripciones: SendBlaster 4 le ayuda a hacerlo guardando los emails de suscripci\u00f3n localmente. Usted puede almacenar cancelaciones y devoluciones tambi\u00e9n para futura referencia.<\/p>\n<\/div><\/div><\/li><!-- --><\/ul>\n<ul class=\"g1-grid\"><li class=\"g1-column g1-one-third g1-valign-top\"><br \/>\n<div id=\"\" class=\"g1-box g1-box--solid feature g1-box--noicon\" ><div class=\"g1-box__inner\">\n<h3>Seguimiento de 1&#215;1 pixel<\/h3>\n<p>El c\u00f3digo de TrackReports ahora puede opcionalmente utilizar una imagen de 1&#215;1 pixel, logrando un seguimiento menos invasivo.<\/p>\n<\/div><\/div><\/li><!-- -->\n<li class=\"g1-column g1-one-third g1-valign-top\"><br \/>\n<div id=\"\" class=\"g1-box g1-box--solid feature g1-box--noicon\" ><div class=\"g1-box__inner\">\n<h3>Mejoras y nuevas opciones<\/h3>\n<p>El motor de SendBlaster 4 posee muchas mejoras y optimizaciones internas para incrementar la velocidad, rendimiento y robustez.<\/p>\n<\/div><\/div><\/li><!-- -->\n<li class=\"g1-column g1-one-third g1-valign-top\"><br \/>\n<div id=\"\" class=\"g1-box g1-box--solid feature g1-box--noicon\" ><div class=\"g1-box__inner\">\n<h3>Nuevas plantillas<\/h3>\n<p>SendBlaster 4 incluye m\u00e1s de 60 nuevas plantillas, para un total de 150 plantillas en SendBlaster GRATIS y bien 230 en la versi\u00f3n PRO.<\/p>\n<\/div><\/div><\/li><!-- --><\/ul>\n<\/div><\/div>\n","protected":false},"excerpt":{"rendered":"<p>Aqu\u00ed est\u00e1 una lista de lo que hemos a\u00f1adido en nuestra nueva versi\u00f3n del software &#8211; y lo que se obtiene cuando se actualiza desde SendBlaster 3 a SendBlaster 4. &nbsp; <\/p>\n<p class=\"read-more-container\"><a class=\"button read-more\" href=\"https:\/\/www.sendblaster.com\/es\/que-hay-de-nuevo-en-sendblaster-4\/\" title=\"\">Sigue leyendo<\/a><\/p>\n","protected":false},"author":1,"featured_media":0,"parent":0,"menu_order":0,"comment_status":"closed","ping_status":"closed","template":"","meta":{"_monsterinsights_skip_tracking":false,"_monsterinsights_sitenote_active":false,"_monsterinsights_sitenote_note":"","_monsterinsights_sitenote_category":0,"footnotes":""},"class_list":["post-1439","page","type-page","status-publish"],"yoast_head":"<!-- This site is optimized with the Yoast SEO plugin v23.5 - https:\/\/yoast.com\/wordpress\/plugins\/seo\/ -->\n<title>\u00bfQu\u00e9 hay de nuevo en SendBlaster - SendBlaster software de correo masivo para marketing por email<\/title>\n<meta name=\"description\" content=\"SendBlaster software de correo masivo para marketing por email \u00bfQu\u00e9 hay de nuevo en SendBlaster Aqu\u00ed est\u00e1 una lista de lo que hemos a\u00f1adido en nuestra nueva versi\u00f3n del software - y lo que se obtiene cuando se actualiza desde SendBlaster 3 a\" \/>\n<meta name=\"robots\" content=\"index, follow, max-snippet:-1, max-image-preview:large, max-video-preview:-1\" \/>\n<link rel=\"canonical\" href=\"https:\/\/www.sendblaster.com\/es\/que-hay-de-nuevo-en-sendblaster-4\/\" \/>\n<meta property=\"og:locale\" content=\"es_ES\" \/>\n<meta property=\"og:type\" content=\"article\" \/>\n<meta property=\"og:title\" content=\"\u00bfQu\u00e9 hay de nuevo en SendBlaster - SendBlaster software de correo masivo para marketing por email\" \/>\n<meta property=\"og:description\" content=\"SendBlaster software de correo masivo para marketing por email \u00bfQu\u00e9 hay de nuevo en SendBlaster Aqu\u00ed est\u00e1 una lista de lo que hemos a\u00f1adido en nuestra nueva versi\u00f3n del software - y lo que se obtiene cuando se actualiza desde SendBlaster 3 a\" \/>\n<meta property=\"og:url\" content=\"https:\/\/www.sendblaster.com\/es\/que-hay-de-nuevo-en-sendblaster-4\/\" \/>\n<meta property=\"og:site_name\" content=\"SendBlaster software de correo masivo para marketing por email\" \/>\n<meta property=\"article:modified_time\" content=\"2018-07-09T10:48:06+00:00\" \/>\n<meta name=\"twitter:card\" content=\"summary_large_image\" \/>\n<meta name=\"twitter:label1\" content=\"Tiempo de lectura\" \/>\n\t<meta name=\"twitter:data1\" content=\"5 minutos\" \/>\n<script type=\"application\/ld+json\" class=\"yoast-schema-graph\">{\"@context\":\"https:\/\/schema.org\",\"@graph\":[{\"@type\":\"WebPage\",\"@id\":\"https:\/\/www.sendblaster.com\/es\/que-hay-de-nuevo-en-sendblaster-4\/\",\"url\":\"https:\/\/www.sendblaster.com\/es\/que-hay-de-nuevo-en-sendblaster-4\/\",\"name\":\"\u00bfQu\u00e9 hay de nuevo en SendBlaster - SendBlaster software de correo masivo para marketing por email\",\"isPartOf\":{\"@id\":\"https:\/\/www.sendblaster.com\/#website\"},\"datePublished\":\"2018-05-08T08:40:41+00:00\",\"dateModified\":\"2018-07-09T10:48:06+00:00\",\"description\":\"SendBlaster software de correo masivo para marketing por email \u00bfQu\u00e9 hay de nuevo en SendBlaster Aqu\u00ed est\u00e1 una lista de lo que hemos a\u00f1adido en nuestra nueva versi\u00f3n del software - y lo que se obtiene cuando se actualiza desde SendBlaster 3 a\",\"breadcrumb\":{\"@id\":\"https:\/\/www.sendblaster.com\/es\/que-hay-de-nuevo-en-sendblaster-4\/#breadcrumb\"},\"inLanguage\":\"es\",\"potentialAction\":[{\"@type\":\"ReadAction\",\"target\":[\"https:\/\/www.sendblaster.com\/es\/que-hay-de-nuevo-en-sendblaster-4\/\"]}]},{\"@type\":\"BreadcrumbList\",\"@id\":\"https:\/\/www.sendblaster.com\/es\/que-hay-de-nuevo-en-sendblaster-4\/#breadcrumb\",\"itemListElement\":[{\"@type\":\"ListItem\",\"position\":1,\"name\":\"Home\",\"item\":\"https:\/\/www.sendblaster.com\/es\/\"},{\"@type\":\"ListItem\",\"position\":2,\"name\":\"\u00bfQu\u00e9 hay de nuevo en SendBlaster\"}]},{\"@type\":\"WebSite\",\"@id\":\"https:\/\/www.sendblaster.com\/#website\",\"url\":\"https:\/\/www.sendblaster.com\/\",\"name\":\"SendBlaster software de correo masivo para marketing por email\",\"description\":\"\",\"publisher\":{\"@id\":\"https:\/\/www.sendblaster.com\/#organization\"},\"potentialAction\":[{\"@type\":\"SearchAction\",\"target\":{\"@type\":\"EntryPoint\",\"urlTemplate\":\"https:\/\/www.sendblaster.com\/?s={search_term_string}\"},\"query-input\":{\"@type\":\"PropertyValueSpecification\",\"valueRequired\":true,\"valueName\":\"search_term_string\"}}],\"inLanguage\":\"es\"},{\"@type\":\"Organization\",\"@id\":\"https:\/\/www.sendblaster.com\/#organization\",\"name\":\"SendBlaster software de correo masivo para marketing por email\",\"url\":\"https:\/\/www.sendblaster.com\/\",\"logo\":{\"@type\":\"ImageObject\",\"inLanguage\":\"es\",\"@id\":\"https:\/\/www.sendblaster.com\/#\/schema\/logo\/image\/\",\"url\":\"https:\/\/www.sendblaster.com\/wp-content\/uploads\/2021\/09\/logo-svg-2021.svg\",\"contentUrl\":\"https:\/\/www.sendblaster.com\/wp-content\/uploads\/2021\/09\/logo-svg-2021.svg\",\"width\":350,\"height\":70,\"caption\":\"SendBlaster software de correo masivo para marketing por email\"},\"image\":{\"@id\":\"https:\/\/www.sendblaster.com\/#\/schema\/logo\/image\/\"}}]}<\/script>\n<!-- \/ Yoast SEO plugin. -->","yoast_head_json":{"title":"\u00bfQu\u00e9 hay de nuevo en SendBlaster - SendBlaster software de correo masivo para marketing por email","description":"SendBlaster software de correo masivo para marketing por email \u00bfQu\u00e9 hay de nuevo en SendBlaster Aqu\u00ed est\u00e1 una lista de lo que hemos a\u00f1adido en nuestra nueva versi\u00f3n del software - y lo que se obtiene cuando se actualiza desde SendBlaster 3 a","robots":{"index":"index","follow":"follow","max-snippet":"max-snippet:-1","max-image-preview":"max-image-preview:large","max-video-preview":"max-video-preview:-1"},"canonical":"https:\/\/www.sendblaster.com\/es\/que-hay-de-nuevo-en-sendblaster-4\/","og_locale":"es_ES","og_type":"article","og_title":"\u00bfQu\u00e9 hay de nuevo en SendBlaster - SendBlaster software de correo masivo para marketing por email","og_description":"SendBlaster software de correo masivo para marketing por email \u00bfQu\u00e9 hay de nuevo en SendBlaster Aqu\u00ed est\u00e1 una lista de lo que hemos a\u00f1adido en nuestra nueva versi\u00f3n del software - y lo que se obtiene cuando se actualiza desde SendBlaster 3 a","og_url":"https:\/\/www.sendblaster.com\/es\/que-hay-de-nuevo-en-sendblaster-4\/","og_site_name":"SendBlaster software de correo masivo para marketing por email","article_modified_time":"2018-07-09T10:48:06+00:00","twitter_card":"summary_large_image","twitter_misc":{"Tiempo de lectura":"5 minutos"},"schema":{"@context":"https:\/\/schema.org","@graph":[{"@type":"WebPage","@id":"https:\/\/www.sendblaster.com\/es\/que-hay-de-nuevo-en-sendblaster-4\/","url":"https:\/\/www.sendblaster.com\/es\/que-hay-de-nuevo-en-sendblaster-4\/","name":"\u00bfQu\u00e9 hay de nuevo en SendBlaster - SendBlaster software de correo masivo para marketing por email","isPartOf":{"@id":"https:\/\/www.sendblaster.com\/#website"},"datePublished":"2018-05-08T08:40:41+00:00","dateModified":"2018-07-09T10:48:06+00:00","description":"SendBlaster software de correo masivo para marketing por email \u00bfQu\u00e9 hay de nuevo en SendBlaster Aqu\u00ed est\u00e1 una lista de lo que hemos a\u00f1adido en nuestra nueva versi\u00f3n del software - y lo que se obtiene cuando se actualiza desde SendBlaster 3 a","breadcrumb":{"@id":"https:\/\/www.sendblaster.com\/es\/que-hay-de-nuevo-en-sendblaster-4\/#breadcrumb"},"inLanguage":"es","potentialAction":[{"@type":"ReadAction","target":["https:\/\/www.sendblaster.com\/es\/que-hay-de-nuevo-en-sendblaster-4\/"]}]},{"@type":"BreadcrumbList","@id":"https:\/\/www.sendblaster.com\/es\/que-hay-de-nuevo-en-sendblaster-4\/#breadcrumb","itemListElement":[{"@type":"ListItem","position":1,"name":"Home","item":"https:\/\/www.sendblaster.com\/es\/"},{"@type":"ListItem","position":2,"name":"\u00bfQu\u00e9 hay de nuevo en SendBlaster"}]},{"@type":"WebSite","@id":"https:\/\/www.sendblaster.com\/#website","url":"https:\/\/www.sendblaster.com\/","name":"SendBlaster software de correo masivo para marketing por email","description":"","publisher":{"@id":"https:\/\/www.sendblaster.com\/#organization"},"potentialAction":[{"@type":"SearchAction","target":{"@type":"EntryPoint","urlTemplate":"https:\/\/www.sendblaster.com\/?s={search_term_string}"},"query-input":{"@type":"PropertyValueSpecification","valueRequired":true,"valueName":"search_term_string"}}],"inLanguage":"es"},{"@type":"Organization","@id":"https:\/\/www.sendblaster.com\/#organization","name":"SendBlaster software de correo masivo para marketing por email","url":"https:\/\/www.sendblaster.com\/","logo":{"@type":"ImageObject","inLanguage":"es","@id":"https:\/\/www.sendblaster.com\/#\/schema\/logo\/image\/","url":"https:\/\/www.sendblaster.com\/wp-content\/uploads\/2021\/09\/logo-svg-2021.svg","contentUrl":"https:\/\/www.sendblaster.com\/wp-content\/uploads\/2021\/09\/logo-svg-2021.svg","width":350,"height":70,"caption":"SendBlaster software de correo masivo para marketing por email"},"image":{"@id":"https:\/\/www.sendblaster.com\/#\/schema\/logo\/image\/"}}]}},"_links":{"self":[{"href":"https:\/\/www.sendblaster.com\/es\/wp-json\/wp\/v2\/pages\/1439"}],"collection":[{"href":"https:\/\/www.sendblaster.com\/es\/wp-json\/wp\/v2\/pages"}],"about":[{"href":"https:\/\/www.sendblaster.com\/es\/wp-json\/wp\/v2\/types\/page"}],"author":[{"embeddable":true,"href":"https:\/\/www.sendblaster.com\/es\/wp-json\/wp\/v2\/users\/1"}],"replies":[{"embeddable":true,"href":"https:\/\/www.sendblaster.com\/es\/wp-json\/wp\/v2\/comments?post=1439"}],"version-history":[{"count":3,"href":"https:\/\/www.sendblaster.com\/es\/wp-json\/wp\/v2\/pages\/1439\/revisions"}],"predecessor-version":[{"id":3397,"href":"https:\/\/www.sendblaster.com\/es\/wp-json\/wp\/v2\/pages\/1439\/revisions\/3397"}],"wp:attachment":[{"href":"https:\/\/www.sendblaster.com\/es\/wp-json\/wp\/v2\/media?parent=1439"}],"curies":[{"name":"wp","href":"https:\/\/api.w.org\/{rel}","templated":true}]}}