{"id":1431,"date":"2018-05-08T08:17:49","date_gmt":"2018-05-08T08:17:49","guid":{"rendered":"https:\/\/www.sendblaster.com\/wpnew-2018\/?page_id=1431"},"modified":"2021-03-31T16:02:37","modified_gmt":"2021-03-31T16:02:37","slug":"revendedores","status":"publish","type":"page","link":"https:\/\/www.sendblaster.com\/es\/revendedores\/","title":{"rendered":"Revendedores: descuentos en compras de licencias m\u00faltiples"},"content":{"rendered":"<p>Los revendedores pueden sacar provecho de los precios reducidos por compra de licencias m\u00faltiples de SendBlaster: con s\u00f3lo adquirir 2 licencias usted accede a un descuento. Los descuentos se encuentran basados en la cantidad ordenada, presione abajo para descubrir los precios de las licencias m\u00faltiples.<\/p>\n<p style=\"text-align: center;\"><a href=\"https:\/\/www.sendblaster.com\/newshop\/?lang=es?multilicense=true&#038;products=S4ML02\" title=\"Buy SendBlaster multiple license\" class=\"reseller-cta-big\">Ver los precios de licencias m\u00faltiples<br \/><small>La compra de s\u00f3lo 2 copias le conseguir\u00e1 un descuento<\/small><\/a><\/p>\n","protected":false},"excerpt":{"rendered":"<p>Los revendedores pueden sacar provecho de los precios reducidos por compra de licencias m\u00faltiples de SendBlaster: con s\u00f3lo adquirir 2 licencias usted accede a un descuento. Los descuentos se encuentran basados en la cantidad ordenada, presione abajo para descubrir los <\/p>\n<p class=\"read-more-container\"><a class=\"button read-more\" href=\"https:\/\/www.sendblaster.com\/es\/revendedores\/\" title=\"\">Sigue leyendo<\/a><\/p>\n","protected":false},"author":1,"featured_media":0,"parent":0,"menu_order":0,"comment_status":"closed","ping_status":"closed","template":"","meta":{"_monsterinsights_skip_tracking":false,"_monsterinsights_sitenote_active":false,"_monsterinsights_sitenote_note":"","_monsterinsights_sitenote_category":0,"footnotes":""},"class_list":["post-1431","page","type-page","status-publish"],"yoast_head":"<!-- This site is optimized with the Yoast SEO plugin v23.5 - https:\/\/yoast.com\/wordpress\/plugins\/seo\/ -->\n<title>Revendedores: descuentos en compras de licencias m\u00faltiples - SendBlaster software de correo masivo para marketing por email<\/title>\n<meta name=\"description\" content=\"SendBlaster software de correo masivo para marketing por email Revendedores: descuentos en compras de licencias m\u00faltiples Los revendedores pueden sacar provecho de los precios reducidos por compra de licencias m\u00faltiples de SendBlaster: con s\u00f3lo adquirir 2 licencias usted\" \/>\n<meta name=\"robots\" content=\"index, follow, max-snippet:-1, max-image-preview:large, max-video-preview:-1\" \/>\n<link rel=\"canonical\" href=\"https:\/\/www.sendblaster.com\/es\/revendedores\/\" \/>\n<meta property=\"og:locale\" content=\"es_ES\" \/>\n<meta property=\"og:type\" content=\"article\" \/>\n<meta property=\"og:title\" content=\"Revendedores: descuentos en compras de licencias m\u00faltiples - SendBlaster software de correo masivo para marketing por email\" \/>\n<meta property=\"og:description\" content=\"SendBlaster software de correo masivo para marketing por email Revendedores: descuentos en compras de licencias m\u00faltiples Los revendedores pueden sacar provecho de los precios reducidos por compra de licencias m\u00faltiples de SendBlaster: con s\u00f3lo adquirir 2 licencias usted\" \/>\n<meta property=\"og:url\" content=\"https:\/\/www.sendblaster.com\/es\/revendedores\/\" \/>\n<meta property=\"og:site_name\" content=\"SendBlaster software de correo masivo para marketing por email\" \/>\n<meta property=\"article:modified_time\" content=\"2021-03-31T16:02:37+00:00\" \/>\n<meta name=\"twitter:card\" content=\"summary_large_image\" \/>\n<script type=\"application\/ld+json\" class=\"yoast-schema-graph\">{\"@context\":\"https:\/\/schema.org\",\"@graph\":[{\"@type\":\"WebPage\",\"@id\":\"https:\/\/www.sendblaster.com\/es\/revendedores\/\",\"url\":\"https:\/\/www.sendblaster.com\/es\/revendedores\/\",\"name\":\"Revendedores: descuentos en compras de licencias m\u00faltiples - SendBlaster software de correo masivo para marketing por email\",\"isPartOf\":{\"@id\":\"https:\/\/www.sendblaster.com\/#website\"},\"datePublished\":\"2018-05-08T08:17:49+00:00\",\"dateModified\":\"2021-03-31T16:02:37+00:00\",\"description\":\"SendBlaster software de correo masivo para marketing por email Revendedores: descuentos en compras de licencias m\u00faltiples Los revendedores pueden sacar provecho de los precios reducidos por compra de licencias m\u00faltiples de SendBlaster: con s\u00f3lo adquirir 2 licencias usted\",\"breadcrumb\":{\"@id\":\"https:\/\/www.sendblaster.com\/es\/revendedores\/#breadcrumb\"},\"inLanguage\":\"es\",\"potentialAction\":[{\"@type\":\"ReadAction\",\"target\":[\"https:\/\/www.sendblaster.com\/es\/revendedores\/\"]}]},{\"@type\":\"BreadcrumbList\",\"@id\":\"https:\/\/www.sendblaster.com\/es\/revendedores\/#breadcrumb\",\"itemListElement\":[{\"@type\":\"ListItem\",\"position\":1,\"name\":\"Home\",\"item\":\"https:\/\/www.sendblaster.com\/es\/\"},{\"@type\":\"ListItem\",\"position\":2,\"name\":\"Revendedores: descuentos en compras de licencias m\u00faltiples\"}]},{\"@type\":\"WebSite\",\"@id\":\"https:\/\/www.sendblaster.com\/#website\",\"url\":\"https:\/\/www.sendblaster.com\/\",\"name\":\"SendBlaster software de correo masivo para marketing por email\",\"description\":\"\",\"publisher\":{\"@id\":\"https:\/\/www.sendblaster.com\/#organization\"},\"potentialAction\":[{\"@type\":\"SearchAction\",\"target\":{\"@type\":\"EntryPoint\",\"urlTemplate\":\"https:\/\/www.sendblaster.com\/?s={search_term_string}\"},\"query-input\":{\"@type\":\"PropertyValueSpecification\",\"valueRequired\":true,\"valueName\":\"search_term_string\"}}],\"inLanguage\":\"es\"},{\"@type\":\"Organization\",\"@id\":\"https:\/\/www.sendblaster.com\/#organization\",\"name\":\"SendBlaster software de correo masivo para marketing por email\",\"url\":\"https:\/\/www.sendblaster.com\/\",\"logo\":{\"@type\":\"ImageObject\",\"inLanguage\":\"es\",\"@id\":\"https:\/\/www.sendblaster.com\/#\/schema\/logo\/image\/\",\"url\":\"https:\/\/www.sendblaster.com\/wp-content\/uploads\/2021\/09\/logo-svg-2021.svg\",\"contentUrl\":\"https:\/\/www.sendblaster.com\/wp-content\/uploads\/2021\/09\/logo-svg-2021.svg\",\"width\":350,\"height\":70,\"caption\":\"SendBlaster software de correo masivo para marketing por email\"},\"image\":{\"@id\":\"https:\/\/www.sendblaster.com\/#\/schema\/logo\/image\/\"}}]}<\/script>\n<!-- \/ Yoast SEO plugin. -->","yoast_head_json":{"title":"Revendedores: descuentos en compras de licencias m\u00faltiples - SendBlaster software de correo masivo para marketing por email","description":"SendBlaster software de correo masivo para marketing por email Revendedores: descuentos en compras de licencias m\u00faltiples Los revendedores pueden sacar provecho de los precios reducidos por compra de licencias m\u00faltiples de SendBlaster: con s\u00f3lo adquirir 2 licencias usted","robots":{"index":"index","follow":"follow","max-snippet":"max-snippet:-1","max-image-preview":"max-image-preview:large","max-video-preview":"max-video-preview:-1"},"canonical":"https:\/\/www.sendblaster.com\/es\/revendedores\/","og_locale":"es_ES","og_type":"article","og_title":"Revendedores: descuentos en compras de licencias m\u00faltiples - SendBlaster software de correo masivo para marketing por email","og_description":"SendBlaster software de correo masivo para marketing por email Revendedores: descuentos en compras de licencias m\u00faltiples Los revendedores pueden sacar provecho de los precios reducidos por compra de licencias m\u00faltiples de SendBlaster: con s\u00f3lo adquirir 2 licencias usted","og_url":"https:\/\/www.sendblaster.com\/es\/revendedores\/","og_site_name":"SendBlaster software de correo masivo para marketing por email","article_modified_time":"2021-03-31T16:02:37+00:00","twitter_card":"summary_large_image","schema":{"@context":"https:\/\/schema.org","@graph":[{"@type":"WebPage","@id":"https:\/\/www.sendblaster.com\/es\/revendedores\/","url":"https:\/\/www.sendblaster.com\/es\/revendedores\/","name":"Revendedores: descuentos en compras de licencias m\u00faltiples - SendBlaster software de correo masivo para marketing por email","isPartOf":{"@id":"https:\/\/www.sendblaster.com\/#website"},"datePublished":"2018-05-08T08:17:49+00:00","dateModified":"2021-03-31T16:02:37+00:00","description":"SendBlaster software de correo masivo para marketing por email Revendedores: descuentos en compras de licencias m\u00faltiples Los revendedores pueden sacar provecho de los precios reducidos por compra de licencias m\u00faltiples de SendBlaster: con s\u00f3lo adquirir 2 licencias usted","breadcrumb":{"@id":"https:\/\/www.sendblaster.com\/es\/revendedores\/#breadcrumb"},"inLanguage":"es","potentialAction":[{"@type":"ReadAction","target":["https:\/\/www.sendblaster.com\/es\/revendedores\/"]}]},{"@type":"BreadcrumbList","@id":"https:\/\/www.sendblaster.com\/es\/revendedores\/#breadcrumb","itemListElement":[{"@type":"ListItem","position":1,"name":"Home","item":"https:\/\/www.sendblaster.com\/es\/"},{"@type":"ListItem","position":2,"name":"Revendedores: descuentos en compras de licencias m\u00faltiples"}]},{"@type":"WebSite","@id":"https:\/\/www.sendblaster.com\/#website","url":"https:\/\/www.sendblaster.com\/","name":"SendBlaster software de correo masivo para marketing por email","description":"","publisher":{"@id":"https:\/\/www.sendblaster.com\/#organization"},"potentialAction":[{"@type":"SearchAction","target":{"@type":"EntryPoint","urlTemplate":"https:\/\/www.sendblaster.com\/?s={search_term_string}"},"query-input":{"@type":"PropertyValueSpecification","valueRequired":true,"valueName":"search_term_string"}}],"inLanguage":"es"},{"@type":"Organization","@id":"https:\/\/www.sendblaster.com\/#organization","name":"SendBlaster software de correo masivo para marketing por email","url":"https:\/\/www.sendblaster.com\/","logo":{"@type":"ImageObject","inLanguage":"es","@id":"https:\/\/www.sendblaster.com\/#\/schema\/logo\/image\/","url":"https:\/\/www.sendblaster.com\/wp-content\/uploads\/2021\/09\/logo-svg-2021.svg","contentUrl":"https:\/\/www.sendblaster.com\/wp-content\/uploads\/2021\/09\/logo-svg-2021.svg","width":350,"height":70,"caption":"SendBlaster software de correo masivo para marketing por email"},"image":{"@id":"https:\/\/www.sendblaster.com\/#\/schema\/logo\/image\/"}}]}},"_links":{"self":[{"href":"https:\/\/www.sendblaster.com\/es\/wp-json\/wp\/v2\/pages\/1431"}],"collection":[{"href":"https:\/\/www.sendblaster.com\/es\/wp-json\/wp\/v2\/pages"}],"about":[{"href":"https:\/\/www.sendblaster.com\/es\/wp-json\/wp\/v2\/types\/page"}],"author":[{"embeddable":true,"href":"https:\/\/www.sendblaster.com\/es\/wp-json\/wp\/v2\/users\/1"}],"replies":[{"embeddable":true,"href":"https:\/\/www.sendblaster.com\/es\/wp-json\/wp\/v2\/comments?post=1431"}],"version-history":[{"count":5,"href":"https:\/\/www.sendblaster.com\/es\/wp-json\/wp\/v2\/pages\/1431\/revisions"}],"predecessor-version":[{"id":5273,"href":"https:\/\/www.sendblaster.com\/es\/wp-json\/wp\/v2\/pages\/1431\/revisions\/5273"}],"wp:attachment":[{"href":"https:\/\/www.sendblaster.com\/es\/wp-json\/wp\/v2\/media?parent=1431"}],"curies":[{"name":"wp","href":"https:\/\/api.w.org\/{rel}","templated":true}]}}