{"id":1414,"date":"2018-05-08T07:09:34","date_gmt":"2018-05-08T07:09:34","guid":{"rendered":"https:\/\/www.sendblaster.com\/wpnew-2018\/?page_id=1414"},"modified":"2021-05-25T15:06:12","modified_gmt":"2021-05-25T15:06:12","slug":"descarga-programa-correo","status":"publish","type":"page","link":"https:\/\/www.sendblaster.com\/es\/descarga-programa-correo\/","title":{"rendered":"Obtenga SendBlaster Gratis en espa\u00f1ol"},"content":{"rendered":"<ul class=\"g1-grid\"><li class=\"g1-column g1-one-half g1-valign-top\">\n<h2 style=\"color: #2895c2; text-align: center; margin-bottom: 0px;\">SendBlaster<\/h2>\n<p style=\"color: #2895c2; font-weight: bold; text-align: center;\">Software de correo masivo<\/p>\n<p style=\"text-align: center;\"><img decoding=\"async\" src=\"https:\/\/www.sendblaster.com\/wp-content\/uploads\/2018\/03\/create-effective-emails-large.jpg\" alt=\"Software de correo masivo\" width=\"376\" height=\"239\"><\/p>\n<p style=\"text-align: center;\">SendBlaster es el mejor software para realizar marketing por email y enviar newsletters. Descubra la soluci\u00f3n gratuita para gestionar sus campa\u00f1as de marketing por email utilizando un software de escritorio para el env\u00edo de newsletters.<\/p>\n<p style=\"text-align: center; margin-bottom: 0px;\"><a href=\"https:\/\/www.sendblaster.com\/services\/download\/downloadsendblasterfree.php\" title=\"Descarga Gratis SendBlaster\" class=\"download-cta\">Descarga Gratis<\/a><\/p>\n<p style=\"text-align: center;\" class=\"release-data\">Ultima versi\u00f3n: 4.4.2 | Fecha de lanzamiento: 2020\/04\/10 | Tama\u00f1o: 40\nMB<br \/>\n<a href=\"https:\/\/www.sendblaster.com\/sendblaster\/services\/download\/download.php?program=sendblasterfree3x\" target=\"_blank\" title=\"Descargue la versi\u00f3n antigua\" rel=\"noopener\">Descargue la versi\u00f3n antigua<\/a><\/p>\n<\/li><!-- -->\n<li class=\"g1-column g1-one-half g1-valign-top\">\n<h2 style=\"color: #f3850b; text-align: center; margin-bottom: 0px;\">MailStyler<\/h2>\n<p style=\"color: #f3850b; font-weight: bold; text-align: center;\">Creador de Newsletters<\/p>\n<p style=\"text-align: center;\"><img decoding=\"async\" src=\"https:\/\/www.sendblaster.com\/wp-content\/uploads\/2018\/03\/mailstyler2.jpg\" alt=\"Creador de Newsletters\" width=\"376\" height=\"239\"><\/p>\n<p style=\"text-align: center;\">MailStyler es un poderoso software de creaci\u00f3n de newsletters que permite construir plantillas de email perfectas con simples series de acciones de arrastrar &#038; soltar. Es ideal para quienes requieren enviar un mensaje de email personalizado. <a href=\"https:\/\/www.youtube.com\/watch?v=sByCv8OujsQ\" rel=\"nofollow noopener\" target=\"_blank\">Mira el video tutorial<\/a>.<\/p>\n<p style=\"text-align: center; margin-bottom: 0px;\"><a href=\"https:\/\/www.newslettercreator.com\/utils\/download\/pre-download.php\" title=\"Pruebe MailStyler Gratis\" class=\"buy-cta\">Pruebe Gratis<\/a><\/p>\n<p style=\"text-align: center;\" class=\"release-data\">Ultima versi\u00f3n: 2.24.01.17 | Fecha de lanzamiento: 17\/01\/2024<br \/>Tama\u00f1o: 114.9MB<\/p>\n<\/li><!-- --><\/ul>\n<p>&nbsp;<\/p>\n<h2>Requerimientos del Sistema<\/h2>\n<ul>\n<li><strong>Windows XP \/ Vista \/ Windows 7 \/ Windows 8 \/ Windows 10<\/strong><\/li>\n<li>Microsoft Internet Explorer 8 o superior<\/li>\n<li>100 MB de espacio en disco disponibles<\/li>\n<li>1 GB de RAM<\/li>\n<li>Conexi\u00f3n a Internet (preferentemente conexi\u00f3n de banda ancha)<\/li>\n<\/ul>\n<p>&nbsp;<\/p>\n<h2>Scripts \u00fatiles para tu sitio web gratis<\/h2>\n<ul>\n<li><a href=\"https:\/\/www.sendblaster.com\/es\/soporte\/importar-listas\/formulario-php-de-suscripciones-a-e-mail-confirmadas\" title=\"soporte, importar listas, formulario php de suscripciones a email confirmadas\">Formulario PHP de suscripciones a e-mail confirmadas<\/a><\/li>\n<li><a href=\"https:\/\/www.sendblaster.com\/es\/soporte\/importar-listas\/formulario-php-de-suscripciones-a-e-mail-simples\" title=\"soporte, importar listas, formulario php de suscripciones a email simples\">Formulario PHP de suscripciones a e-mail simples<\/a><\/li>\n<\/ul>\n","protected":false},"excerpt":{"rendered":"<p>&nbsp; Requerimientos del Sistema Windows XP \/ Vista \/ Windows 7 \/ Windows 8 \/ Windows 10 Microsoft Internet Explorer 8 o superior 100 MB de espacio en disco disponibles 1 GB de RAM Conexi\u00f3n a Internet (preferentemente conexi\u00f3n de <\/p>\n<p class=\"read-more-container\"><a class=\"button read-more\" href=\"https:\/\/www.sendblaster.com\/es\/descarga-programa-correo\/\" title=\"\">Sigue leyendo<\/a><\/p>\n","protected":false},"author":1,"featured_media":0,"parent":0,"menu_order":0,"comment_status":"closed","ping_status":"closed","template":"","meta":{"_monsterinsights_skip_tracking":false,"_monsterinsights_sitenote_active":false,"_monsterinsights_sitenote_note":"","_monsterinsights_sitenote_category":0,"footnotes":""},"class_list":["post-1414","page","type-page","status-publish"],"yoast_head":"<!-- This site is optimized with the Yoast SEO plugin v23.5 - https:\/\/yoast.com\/wordpress\/plugins\/seo\/ -->\n<title>Obtenga SendBlaster Gratis en espa\u00f1ol - SendBlaster software de correo masivo para marketing por email<\/title>\n<meta name=\"description\" content=\"SendBlaster software de correo masivo para marketing por email Obtenga SendBlaster Gratis en espa\u00f1ol &nbsp; Requerimientos del Sistema Windows XP \/ Vista \/ Windows 7 \/ Windows 8 \/ Windows 10 Microsoft Internet Explorer 8 o superior 100 MB de espacio en\" \/>\n<meta name=\"robots\" content=\"index, follow, max-snippet:-1, max-image-preview:large, max-video-preview:-1\" \/>\n<link rel=\"canonical\" href=\"https:\/\/www.sendblaster.com\/es\/descarga-programa-correo\/\" \/>\n<meta property=\"og:locale\" content=\"es_ES\" \/>\n<meta property=\"og:type\" content=\"article\" \/>\n<meta property=\"og:title\" content=\"Obtenga SendBlaster Gratis en espa\u00f1ol - SendBlaster software de correo masivo para marketing por email\" \/>\n<meta property=\"og:description\" content=\"SendBlaster software de correo masivo para marketing por email Obtenga SendBlaster Gratis en espa\u00f1ol &nbsp; Requerimientos del Sistema Windows XP \/ Vista \/ Windows 7 \/ Windows 8 \/ Windows 10 Microsoft Internet Explorer 8 o superior 100 MB de espacio en\" \/>\n<meta property=\"og:url\" content=\"https:\/\/www.sendblaster.com\/es\/descarga-programa-correo\/\" \/>\n<meta property=\"og:site_name\" content=\"SendBlaster software de correo masivo para marketing por email\" \/>\n<meta property=\"article:modified_time\" content=\"2021-05-25T15:06:12+00:00\" \/>\n<meta property=\"og:image\" content=\"https:\/\/www.sendblaster.com\/wp-content\/uploads\/2018\/03\/create-effective-emails-large.jpg\" \/>\n<meta name=\"twitter:card\" content=\"summary_large_image\" \/>\n<meta name=\"twitter:label1\" content=\"Tiempo de lectura\" \/>\n\t<meta name=\"twitter:data1\" content=\"1 minuto\" \/>\n<script type=\"application\/ld+json\" class=\"yoast-schema-graph\">{\"@context\":\"https:\/\/schema.org\",\"@graph\":[{\"@type\":\"WebPage\",\"@id\":\"https:\/\/www.sendblaster.com\/es\/descarga-programa-correo\/\",\"url\":\"https:\/\/www.sendblaster.com\/es\/descarga-programa-correo\/\",\"name\":\"Obtenga SendBlaster Gratis en espa\u00f1ol - SendBlaster software de correo masivo para marketing por email\",\"isPartOf\":{\"@id\":\"https:\/\/www.sendblaster.com\/#website\"},\"primaryImageOfPage\":{\"@id\":\"https:\/\/www.sendblaster.com\/es\/descarga-programa-correo\/#primaryimage\"},\"image\":{\"@id\":\"https:\/\/www.sendblaster.com\/es\/descarga-programa-correo\/#primaryimage\"},\"thumbnailUrl\":\"https:\/\/www.sendblaster.com\/wp-content\/uploads\/2018\/03\/create-effective-emails-large.jpg\",\"datePublished\":\"2018-05-08T07:09:34+00:00\",\"dateModified\":\"2021-05-25T15:06:12+00:00\",\"description\":\"SendBlaster software de correo masivo para marketing por email Obtenga SendBlaster Gratis en espa\u00f1ol &nbsp; Requerimientos del Sistema Windows XP \/ Vista \/ Windows 7 \/ Windows 8 \/ Windows 10 Microsoft Internet Explorer 8 o superior 100 MB de espacio en\",\"breadcrumb\":{\"@id\":\"https:\/\/www.sendblaster.com\/es\/descarga-programa-correo\/#breadcrumb\"},\"inLanguage\":\"es\",\"potentialAction\":[{\"@type\":\"ReadAction\",\"target\":[\"https:\/\/www.sendblaster.com\/es\/descarga-programa-correo\/\"]}]},{\"@type\":\"ImageObject\",\"inLanguage\":\"es\",\"@id\":\"https:\/\/www.sendblaster.com\/es\/descarga-programa-correo\/#primaryimage\",\"url\":\"https:\/\/www.sendblaster.com\/wp-content\/uploads\/2018\/03\/create-effective-emails-large.jpg\",\"contentUrl\":\"https:\/\/www.sendblaster.com\/wp-content\/uploads\/2018\/03\/create-effective-emails-large.jpg\"},{\"@type\":\"BreadcrumbList\",\"@id\":\"https:\/\/www.sendblaster.com\/es\/descarga-programa-correo\/#breadcrumb\",\"itemListElement\":[{\"@type\":\"ListItem\",\"position\":1,\"name\":\"Home\",\"item\":\"https:\/\/www.sendblaster.com\/es\/\"},{\"@type\":\"ListItem\",\"position\":2,\"name\":\"Obtenga SendBlaster Gratis en espa\u00f1ol\"}]},{\"@type\":\"WebSite\",\"@id\":\"https:\/\/www.sendblaster.com\/#website\",\"url\":\"https:\/\/www.sendblaster.com\/\",\"name\":\"SendBlaster software de correo masivo para marketing por email\",\"description\":\"\",\"publisher\":{\"@id\":\"https:\/\/www.sendblaster.com\/#organization\"},\"potentialAction\":[{\"@type\":\"SearchAction\",\"target\":{\"@type\":\"EntryPoint\",\"urlTemplate\":\"https:\/\/www.sendblaster.com\/?s={search_term_string}\"},\"query-input\":{\"@type\":\"PropertyValueSpecification\",\"valueRequired\":true,\"valueName\":\"search_term_string\"}}],\"inLanguage\":\"es\"},{\"@type\":\"Organization\",\"@id\":\"https:\/\/www.sendblaster.com\/#organization\",\"name\":\"SendBlaster software de correo masivo para marketing por email\",\"url\":\"https:\/\/www.sendblaster.com\/\",\"logo\":{\"@type\":\"ImageObject\",\"inLanguage\":\"es\",\"@id\":\"https:\/\/www.sendblaster.com\/#\/schema\/logo\/image\/\",\"url\":\"https:\/\/www.sendblaster.com\/wp-content\/uploads\/2021\/09\/logo-svg-2021.svg\",\"contentUrl\":\"https:\/\/www.sendblaster.com\/wp-content\/uploads\/2021\/09\/logo-svg-2021.svg\",\"width\":350,\"height\":70,\"caption\":\"SendBlaster software de correo masivo para marketing por email\"},\"image\":{\"@id\":\"https:\/\/www.sendblaster.com\/#\/schema\/logo\/image\/\"}}]}<\/script>\n<!-- \/ Yoast SEO plugin. -->","yoast_head_json":{"title":"Obtenga SendBlaster Gratis en espa\u00f1ol - SendBlaster software de correo masivo para marketing por email","description":"SendBlaster software de correo masivo para marketing por email Obtenga SendBlaster Gratis en espa\u00f1ol &nbsp; Requerimientos del Sistema Windows XP \/ Vista \/ Windows 7 \/ Windows 8 \/ Windows 10 Microsoft Internet Explorer 8 o superior 100 MB de espacio en","robots":{"index":"index","follow":"follow","max-snippet":"max-snippet:-1","max-image-preview":"max-image-preview:large","max-video-preview":"max-video-preview:-1"},"canonical":"https:\/\/www.sendblaster.com\/es\/descarga-programa-correo\/","og_locale":"es_ES","og_type":"article","og_title":"Obtenga SendBlaster Gratis en espa\u00f1ol - SendBlaster software de correo masivo para marketing por email","og_description":"SendBlaster software de correo masivo para marketing por email Obtenga SendBlaster Gratis en espa\u00f1ol &nbsp; Requerimientos del Sistema Windows XP \/ Vista \/ Windows 7 \/ Windows 8 \/ Windows 10 Microsoft Internet Explorer 8 o superior 100 MB de espacio en","og_url":"https:\/\/www.sendblaster.com\/es\/descarga-programa-correo\/","og_site_name":"SendBlaster software de correo masivo para marketing por email","article_modified_time":"2021-05-25T15:06:12+00:00","og_image":[{"url":"https:\/\/www.sendblaster.com\/wp-content\/uploads\/2018\/03\/create-effective-emails-large.jpg"}],"twitter_card":"summary_large_image","twitter_misc":{"Tiempo de lectura":"1 minuto"},"schema":{"@context":"https:\/\/schema.org","@graph":[{"@type":"WebPage","@id":"https:\/\/www.sendblaster.com\/es\/descarga-programa-correo\/","url":"https:\/\/www.sendblaster.com\/es\/descarga-programa-correo\/","name":"Obtenga SendBlaster Gratis en espa\u00f1ol - SendBlaster software de correo masivo para marketing por email","isPartOf":{"@id":"https:\/\/www.sendblaster.com\/#website"},"primaryImageOfPage":{"@id":"https:\/\/www.sendblaster.com\/es\/descarga-programa-correo\/#primaryimage"},"image":{"@id":"https:\/\/www.sendblaster.com\/es\/descarga-programa-correo\/#primaryimage"},"thumbnailUrl":"https:\/\/www.sendblaster.com\/wp-content\/uploads\/2018\/03\/create-effective-emails-large.jpg","datePublished":"2018-05-08T07:09:34+00:00","dateModified":"2021-05-25T15:06:12+00:00","description":"SendBlaster software de correo masivo para marketing por email Obtenga SendBlaster Gratis en espa\u00f1ol &nbsp; Requerimientos del Sistema Windows XP \/ Vista \/ Windows 7 \/ Windows 8 \/ Windows 10 Microsoft Internet Explorer 8 o superior 100 MB de espacio en","breadcrumb":{"@id":"https:\/\/www.sendblaster.com\/es\/descarga-programa-correo\/#breadcrumb"},"inLanguage":"es","potentialAction":[{"@type":"ReadAction","target":["https:\/\/www.sendblaster.com\/es\/descarga-programa-correo\/"]}]},{"@type":"ImageObject","inLanguage":"es","@id":"https:\/\/www.sendblaster.com\/es\/descarga-programa-correo\/#primaryimage","url":"https:\/\/www.sendblaster.com\/wp-content\/uploads\/2018\/03\/create-effective-emails-large.jpg","contentUrl":"https:\/\/www.sendblaster.com\/wp-content\/uploads\/2018\/03\/create-effective-emails-large.jpg"},{"@type":"BreadcrumbList","@id":"https:\/\/www.sendblaster.com\/es\/descarga-programa-correo\/#breadcrumb","itemListElement":[{"@type":"ListItem","position":1,"name":"Home","item":"https:\/\/www.sendblaster.com\/es\/"},{"@type":"ListItem","position":2,"name":"Obtenga SendBlaster Gratis en espa\u00f1ol"}]},{"@type":"WebSite","@id":"https:\/\/www.sendblaster.com\/#website","url":"https:\/\/www.sendblaster.com\/","name":"SendBlaster software de correo masivo para marketing por email","description":"","publisher":{"@id":"https:\/\/www.sendblaster.com\/#organization"},"potentialAction":[{"@type":"SearchAction","target":{"@type":"EntryPoint","urlTemplate":"https:\/\/www.sendblaster.com\/?s={search_term_string}"},"query-input":{"@type":"PropertyValueSpecification","valueRequired":true,"valueName":"search_term_string"}}],"inLanguage":"es"},{"@type":"Organization","@id":"https:\/\/www.sendblaster.com\/#organization","name":"SendBlaster software de correo masivo para marketing por email","url":"https:\/\/www.sendblaster.com\/","logo":{"@type":"ImageObject","inLanguage":"es","@id":"https:\/\/www.sendblaster.com\/#\/schema\/logo\/image\/","url":"https:\/\/www.sendblaster.com\/wp-content\/uploads\/2021\/09\/logo-svg-2021.svg","contentUrl":"https:\/\/www.sendblaster.com\/wp-content\/uploads\/2021\/09\/logo-svg-2021.svg","width":350,"height":70,"caption":"SendBlaster software de correo masivo para marketing por email"},"image":{"@id":"https:\/\/www.sendblaster.com\/#\/schema\/logo\/image\/"}}]}},"_links":{"self":[{"href":"https:\/\/www.sendblaster.com\/es\/wp-json\/wp\/v2\/pages\/1414"}],"collection":[{"href":"https:\/\/www.sendblaster.com\/es\/wp-json\/wp\/v2\/pages"}],"about":[{"href":"https:\/\/www.sendblaster.com\/es\/wp-json\/wp\/v2\/types\/page"}],"author":[{"embeddable":true,"href":"https:\/\/www.sendblaster.com\/es\/wp-json\/wp\/v2\/users\/1"}],"replies":[{"embeddable":true,"href":"https:\/\/www.sendblaster.com\/es\/wp-json\/wp\/v2\/comments?post=1414"}],"version-history":[{"count":4,"href":"https:\/\/www.sendblaster.com\/es\/wp-json\/wp\/v2\/pages\/1414\/revisions"}],"predecessor-version":[{"id":5393,"href":"https:\/\/www.sendblaster.com\/es\/wp-json\/wp\/v2\/pages\/1414\/revisions\/5393"}],"wp:attachment":[{"href":"https:\/\/www.sendblaster.com\/es\/wp-json\/wp\/v2\/media?parent=1414"}],"curies":[{"name":"wp","href":"https:\/\/api.w.org\/{rel}","templated":true}]}}