{"id":1404,"date":"2018-05-07T16:00:50","date_gmt":"2018-05-07T16:00:50","guid":{"rendered":"http:\/\/www.sendblaster.com\/wpnew-2018\/?page_id=1404"},"modified":"2021-07-05T12:42:27","modified_gmt":"2021-07-05T12:42:27","slug":"comprar","status":"publish","type":"page","link":"https:\/\/www.sendblaster.com\/es\/comprar\/","title":{"rendered":"Obtenga su SendBlaster PRO Ahora!"},"content":{"rendered":"<p style=\"text-align: center;\"><a href=\"https:\/\/www.sendblaster.com\/newshop\/?lang=es&#038;products=SBPE04-EXTEND\" title=\"Comprar SendBlaster Pro\" class=\"buy-cta-big\">Comprar SendBlaster Pro<br \/><small>Licencia v\u00e1lida de por vida<\/small><\/a><\/p>\n<p>&nbsp;<\/p>\n<h2 style=\"text-align: center;\">Licencias multiplas y revendedores<\/h2>\n<p style=\"text-align: center;\"><a href=\"https:\/\/www.sendblaster.com\/newshop\/?lang=es&#038;multilicense=true&#038;products=S4ML02\" title=\"Licencias multiplas y revendedores\" class=\"reseller-cta-big\">Comprar licencias m\u00faltiples<br \/><small>La compra de s\u00f3lo 2 copias le conseguir\u00e1 un descuento<\/small><\/a><\/p>\n<p>&nbsp;<\/p>\n<h2>Condiciones de compra<\/h2>\n<ul>\n<li>Todas las licencias son de por vida, no existen costos recurrentes<\/li>\n<li>Las licencias PRO incluyen soporte a clientes gratis!<\/li>\n<li>Env\u00ede emails ilimitados utilizando la versi\u00f3n PRO del software de env\u00edo de emails masivos<\/li>\n<li>No existe costo adicional por email<\/li>\n<li>Actualice su <a href=\"https:\/\/www.sendblaster.com\/newshop\/?lang=es&#038;products=UP3X40\" title=\"Actualice su software de emails masivos gratuito\">software de emails masivos gratuito<\/a><\/li>\n<li><a href=\"https:\/\/www.sendblaster.com\/es\/15-days-moneyback-guarantee\" title=\"Garant\u00eda de devoluci\u00f3n del dinero de 15 d\u00edas\">Garant\u00eda de Satisfacci\u00f3n: Garant\u00eda de devoluci\u00f3n del dinero de 15 d\u00edas<\/a><\/li>\n<\/ul>\n<p>&nbsp;<\/p>\n<h2>Formas de Pago<\/h2>\n<p>Tarjetas de Cr\u00e9dito<\/p>\n<p><img decoding=\"async\" width=\"275\" height=\"89\" src=\"https:\/\/www.sendblaster.com\/wp-content\/uploads\/2018\/03\/credi-card.png\" alt=\"Tarjetas de Cr\u00e9dito\" \/><\/p>\n<p>PayPal<\/p>\n<p><img decoding=\"async\" width=\"376\" height=\"103\" src=\"https:\/\/www.sendblaster.com\/wp-content\/uploads\/2018\/03\/paypal.png\" alt=\"PayPal\" \/><\/p>\n<p>&nbsp;<\/p>\n<h2>Portal Seguro<\/h2>\n<p>Tan pronto como complete su pago con su tarjeta de cr\u00e9dito (el cu\u00e1l es procesado en tiempo real), le enviaremos su c\u00f3digo de licencia de SendBlaster Pro con el cu\u00e1l podr\u00e1 habilitar el modo Pro &#8211; con entrega instant\u00e1nea. El uso de su tarjeta de cr\u00e9dito es seguro y confiable:<\/p>\n<ul>\n<li>Todas las tarjetas de cr\u00e9dito son cargadas en su moneda de origen<\/li>\n<li>Nosotros no obtenemos (ni si quiera vemos) la informaci\u00f3n de su tarjeta de cr\u00e9dito, en su lugar utilizamos un portal de pago bancario, el cu\u00e1l procesa su pago a nuestro nombre<\/li>\n<li>El pago se encuentra encriptado utilizando el protocolo de encriptaci\u00f3n SSL, el cu\u00e1l provee un clave de encriptaci\u00f3n de 128-bits (el nivel de seguridad comercial m\u00e1s alto disponible)<\/li>\n<li>Como sistema de seguridad adicional, utilizamos los est\u00e1ndares industriales <strong>VerifiedByVisa\u00ae<\/strong> y <strong>SecureCode\u00ae<\/strong><\/li>\n<\/ul>\n","protected":false},"excerpt":{"rendered":"<p>Comprar SendBlaster ProLicencia v\u00e1lida de por vida &nbsp; Licencias multiplas y revendedores Comprar licencias m\u00faltiplesLa compra de s\u00f3lo 2 copias le conseguir\u00e1 un descuento &nbsp; Condiciones de compra Todas las licencias son de por vida, no existen costos recurrentes Las <\/p>\n<p class=\"read-more-container\"><a class=\"button read-more\" href=\"https:\/\/www.sendblaster.com\/es\/comprar\/\" title=\"\">Sigue leyendo<\/a><\/p>\n","protected":false},"author":1,"featured_media":0,"parent":0,"menu_order":0,"comment_status":"closed","ping_status":"closed","template":"","meta":{"_monsterinsights_skip_tracking":false,"_monsterinsights_sitenote_active":false,"_monsterinsights_sitenote_note":"","_monsterinsights_sitenote_category":0,"footnotes":""},"class_list":["post-1404","page","type-page","status-publish"],"yoast_head":"<!-- This site is optimized with the Yoast SEO plugin v23.5 - https:\/\/yoast.com\/wordpress\/plugins\/seo\/ -->\n<title>Obtenga su SendBlaster PRO Ahora! - SendBlaster software de correo masivo para marketing por email<\/title>\n<meta name=\"description\" content=\"SendBlaster software de correo masivo para marketing por email Obtenga su SendBlaster PRO Ahora! Comprar SendBlaster ProLicencia v\u00e1lida de por vida &nbsp; Licencias multiplas y revendedores Comprar licencias m\u00faltiplesLa compra de s\u00f3lo 2 copias le\" \/>\n<meta name=\"robots\" content=\"index, follow, max-snippet:-1, max-image-preview:large, max-video-preview:-1\" \/>\n<link rel=\"canonical\" href=\"https:\/\/www.sendblaster.com\/es\/comprar\/\" \/>\n<meta property=\"og:locale\" content=\"es_ES\" \/>\n<meta property=\"og:type\" content=\"article\" \/>\n<meta property=\"og:title\" content=\"Obtenga su SendBlaster PRO Ahora! - SendBlaster software de correo masivo para marketing por email\" \/>\n<meta property=\"og:description\" content=\"SendBlaster software de correo masivo para marketing por email Obtenga su SendBlaster PRO Ahora! Comprar SendBlaster ProLicencia v\u00e1lida de por vida &nbsp; Licencias multiplas y revendedores Comprar licencias m\u00faltiplesLa compra de s\u00f3lo 2 copias le\" \/>\n<meta property=\"og:url\" content=\"https:\/\/www.sendblaster.com\/es\/comprar\/\" \/>\n<meta property=\"og:site_name\" content=\"SendBlaster software de correo masivo para marketing por email\" \/>\n<meta property=\"article:modified_time\" content=\"2021-07-05T12:42:27+00:00\" \/>\n<meta property=\"og:image\" content=\"https:\/\/www.sendblaster.com\/wp-content\/uploads\/2018\/03\/credi-card.png\" \/>\n<meta name=\"twitter:card\" content=\"summary_large_image\" \/>\n<meta name=\"twitter:label1\" content=\"Tiempo de lectura\" \/>\n\t<meta name=\"twitter:data1\" content=\"1 minuto\" \/>\n<script type=\"application\/ld+json\" class=\"yoast-schema-graph\">{\"@context\":\"https:\/\/schema.org\",\"@graph\":[{\"@type\":\"WebPage\",\"@id\":\"https:\/\/www.sendblaster.com\/es\/comprar\/\",\"url\":\"https:\/\/www.sendblaster.com\/es\/comprar\/\",\"name\":\"Obtenga su SendBlaster PRO Ahora! - SendBlaster software de correo masivo para marketing por email\",\"isPartOf\":{\"@id\":\"https:\/\/www.sendblaster.com\/#website\"},\"primaryImageOfPage\":{\"@id\":\"https:\/\/www.sendblaster.com\/es\/comprar\/#primaryimage\"},\"image\":{\"@id\":\"https:\/\/www.sendblaster.com\/es\/comprar\/#primaryimage\"},\"thumbnailUrl\":\"https:\/\/www.sendblaster.com\/wp-content\/uploads\/2018\/03\/credi-card.png\",\"datePublished\":\"2018-05-07T16:00:50+00:00\",\"dateModified\":\"2021-07-05T12:42:27+00:00\",\"description\":\"SendBlaster software de correo masivo para marketing por email Obtenga su SendBlaster PRO Ahora! Comprar SendBlaster ProLicencia v\u00e1lida de por vida &nbsp; Licencias multiplas y revendedores Comprar licencias m\u00faltiplesLa compra de s\u00f3lo 2 copias le\",\"breadcrumb\":{\"@id\":\"https:\/\/www.sendblaster.com\/es\/comprar\/#breadcrumb\"},\"inLanguage\":\"es\",\"potentialAction\":[{\"@type\":\"ReadAction\",\"target\":[\"https:\/\/www.sendblaster.com\/es\/comprar\/\"]}]},{\"@type\":\"ImageObject\",\"inLanguage\":\"es\",\"@id\":\"https:\/\/www.sendblaster.com\/es\/comprar\/#primaryimage\",\"url\":\"https:\/\/www.sendblaster.com\/wp-content\/uploads\/2018\/03\/credi-card.png\",\"contentUrl\":\"https:\/\/www.sendblaster.com\/wp-content\/uploads\/2018\/03\/credi-card.png\"},{\"@type\":\"BreadcrumbList\",\"@id\":\"https:\/\/www.sendblaster.com\/es\/comprar\/#breadcrumb\",\"itemListElement\":[{\"@type\":\"ListItem\",\"position\":1,\"name\":\"Home\",\"item\":\"https:\/\/www.sendblaster.com\/es\/\"},{\"@type\":\"ListItem\",\"position\":2,\"name\":\"Obtenga su SendBlaster PRO Ahora!\"}]},{\"@type\":\"WebSite\",\"@id\":\"https:\/\/www.sendblaster.com\/#website\",\"url\":\"https:\/\/www.sendblaster.com\/\",\"name\":\"SendBlaster software de correo masivo para marketing por email\",\"description\":\"\",\"publisher\":{\"@id\":\"https:\/\/www.sendblaster.com\/#organization\"},\"potentialAction\":[{\"@type\":\"SearchAction\",\"target\":{\"@type\":\"EntryPoint\",\"urlTemplate\":\"https:\/\/www.sendblaster.com\/?s={search_term_string}\"},\"query-input\":{\"@type\":\"PropertyValueSpecification\",\"valueRequired\":true,\"valueName\":\"search_term_string\"}}],\"inLanguage\":\"es\"},{\"@type\":\"Organization\",\"@id\":\"https:\/\/www.sendblaster.com\/#organization\",\"name\":\"SendBlaster software de correo masivo para marketing por email\",\"url\":\"https:\/\/www.sendblaster.com\/\",\"logo\":{\"@type\":\"ImageObject\",\"inLanguage\":\"es\",\"@id\":\"https:\/\/www.sendblaster.com\/#\/schema\/logo\/image\/\",\"url\":\"https:\/\/www.sendblaster.com\/wp-content\/uploads\/2021\/09\/logo-svg-2021.svg\",\"contentUrl\":\"https:\/\/www.sendblaster.com\/wp-content\/uploads\/2021\/09\/logo-svg-2021.svg\",\"width\":350,\"height\":70,\"caption\":\"SendBlaster software de correo masivo para marketing por email\"},\"image\":{\"@id\":\"https:\/\/www.sendblaster.com\/#\/schema\/logo\/image\/\"}}]}<\/script>\n<!-- \/ Yoast SEO plugin. -->","yoast_head_json":{"title":"Obtenga su SendBlaster PRO Ahora! - SendBlaster software de correo masivo para marketing por email","description":"SendBlaster software de correo masivo para marketing por email Obtenga su SendBlaster PRO Ahora! Comprar SendBlaster ProLicencia v\u00e1lida de por vida &nbsp; Licencias multiplas y revendedores Comprar licencias m\u00faltiplesLa compra de s\u00f3lo 2 copias le","robots":{"index":"index","follow":"follow","max-snippet":"max-snippet:-1","max-image-preview":"max-image-preview:large","max-video-preview":"max-video-preview:-1"},"canonical":"https:\/\/www.sendblaster.com\/es\/comprar\/","og_locale":"es_ES","og_type":"article","og_title":"Obtenga su SendBlaster PRO Ahora! - SendBlaster software de correo masivo para marketing por email","og_description":"SendBlaster software de correo masivo para marketing por email Obtenga su SendBlaster PRO Ahora! Comprar SendBlaster ProLicencia v\u00e1lida de por vida &nbsp; Licencias multiplas y revendedores Comprar licencias m\u00faltiplesLa compra de s\u00f3lo 2 copias le","og_url":"https:\/\/www.sendblaster.com\/es\/comprar\/","og_site_name":"SendBlaster software de correo masivo para marketing por email","article_modified_time":"2021-07-05T12:42:27+00:00","og_image":[{"url":"https:\/\/www.sendblaster.com\/wp-content\/uploads\/2018\/03\/credi-card.png"}],"twitter_card":"summary_large_image","twitter_misc":{"Tiempo de lectura":"1 minuto"},"schema":{"@context":"https:\/\/schema.org","@graph":[{"@type":"WebPage","@id":"https:\/\/www.sendblaster.com\/es\/comprar\/","url":"https:\/\/www.sendblaster.com\/es\/comprar\/","name":"Obtenga su SendBlaster PRO Ahora! - SendBlaster software de correo masivo para marketing por email","isPartOf":{"@id":"https:\/\/www.sendblaster.com\/#website"},"primaryImageOfPage":{"@id":"https:\/\/www.sendblaster.com\/es\/comprar\/#primaryimage"},"image":{"@id":"https:\/\/www.sendblaster.com\/es\/comprar\/#primaryimage"},"thumbnailUrl":"https:\/\/www.sendblaster.com\/wp-content\/uploads\/2018\/03\/credi-card.png","datePublished":"2018-05-07T16:00:50+00:00","dateModified":"2021-07-05T12:42:27+00:00","description":"SendBlaster software de correo masivo para marketing por email Obtenga su SendBlaster PRO Ahora! Comprar SendBlaster ProLicencia v\u00e1lida de por vida &nbsp; Licencias multiplas y revendedores Comprar licencias m\u00faltiplesLa compra de s\u00f3lo 2 copias le","breadcrumb":{"@id":"https:\/\/www.sendblaster.com\/es\/comprar\/#breadcrumb"},"inLanguage":"es","potentialAction":[{"@type":"ReadAction","target":["https:\/\/www.sendblaster.com\/es\/comprar\/"]}]},{"@type":"ImageObject","inLanguage":"es","@id":"https:\/\/www.sendblaster.com\/es\/comprar\/#primaryimage","url":"https:\/\/www.sendblaster.com\/wp-content\/uploads\/2018\/03\/credi-card.png","contentUrl":"https:\/\/www.sendblaster.com\/wp-content\/uploads\/2018\/03\/credi-card.png"},{"@type":"BreadcrumbList","@id":"https:\/\/www.sendblaster.com\/es\/comprar\/#breadcrumb","itemListElement":[{"@type":"ListItem","position":1,"name":"Home","item":"https:\/\/www.sendblaster.com\/es\/"},{"@type":"ListItem","position":2,"name":"Obtenga su SendBlaster PRO Ahora!"}]},{"@type":"WebSite","@id":"https:\/\/www.sendblaster.com\/#website","url":"https:\/\/www.sendblaster.com\/","name":"SendBlaster software de correo masivo para marketing por email","description":"","publisher":{"@id":"https:\/\/www.sendblaster.com\/#organization"},"potentialAction":[{"@type":"SearchAction","target":{"@type":"EntryPoint","urlTemplate":"https:\/\/www.sendblaster.com\/?s={search_term_string}"},"query-input":{"@type":"PropertyValueSpecification","valueRequired":true,"valueName":"search_term_string"}}],"inLanguage":"es"},{"@type":"Organization","@id":"https:\/\/www.sendblaster.com\/#organization","name":"SendBlaster software de correo masivo para marketing por email","url":"https:\/\/www.sendblaster.com\/","logo":{"@type":"ImageObject","inLanguage":"es","@id":"https:\/\/www.sendblaster.com\/#\/schema\/logo\/image\/","url":"https:\/\/www.sendblaster.com\/wp-content\/uploads\/2021\/09\/logo-svg-2021.svg","contentUrl":"https:\/\/www.sendblaster.com\/wp-content\/uploads\/2021\/09\/logo-svg-2021.svg","width":350,"height":70,"caption":"SendBlaster software de correo masivo para marketing por email"},"image":{"@id":"https:\/\/www.sendblaster.com\/#\/schema\/logo\/image\/"}}]}},"_links":{"self":[{"href":"https:\/\/www.sendblaster.com\/es\/wp-json\/wp\/v2\/pages\/1404"}],"collection":[{"href":"https:\/\/www.sendblaster.com\/es\/wp-json\/wp\/v2\/pages"}],"about":[{"href":"https:\/\/www.sendblaster.com\/es\/wp-json\/wp\/v2\/types\/page"}],"author":[{"embeddable":true,"href":"https:\/\/www.sendblaster.com\/es\/wp-json\/wp\/v2\/users\/1"}],"replies":[{"embeddable":true,"href":"https:\/\/www.sendblaster.com\/es\/wp-json\/wp\/v2\/comments?post=1404"}],"version-history":[{"count":5,"href":"https:\/\/www.sendblaster.com\/es\/wp-json\/wp\/v2\/pages\/1404\/revisions"}],"predecessor-version":[{"id":5404,"href":"https:\/\/www.sendblaster.com\/es\/wp-json\/wp\/v2\/pages\/1404\/revisions\/5404"}],"wp:attachment":[{"href":"https:\/\/www.sendblaster.com\/es\/wp-json\/wp\/v2\/media?parent=1404"}],"curies":[{"name":"wp","href":"https:\/\/api.w.org\/{rel}","templated":true}]}}