{"id":1385,"date":"2018-05-07T15:26:21","date_gmt":"2018-05-07T15:26:21","guid":{"rendered":"http:\/\/www.sendblaster.com\/wpnew-2018\/?page_id=1385"},"modified":"2021-04-12T15:43:03","modified_gmt":"2021-04-12T15:43:03","slug":"pantallas","status":"publish","type":"page","link":"https:\/\/www.sendblaster.com\/es\/pantallas\/","title":{"rendered":"Pantallas"},"content":{"rendered":"<p style=\"text-align: center;\">Aqu\u00ed podr\u00e1 observar algunas capturas de pantallas demostrando las principales caracter\u00edsticas de nuestro <strong>software de env\u00edo de emails masivos<\/strong> SendBlaster. Como puede ver, no existe un men\u00fa principal en SendBlaster: la interfaz de usuario provee un dise\u00f1o sencillo, <strong>completamente intuitivo<\/strong>.<\/p>\n<p style=\"text-align: center; margin-bottom: 0px;\"><a href=\"https:\/\/www.sendblaster.com\/es\/descarga-programa-correo\" title=\"Descarga software de env\u00edo de newsletters 100% gratis\" class=\"download-cta\">Descarga Gratuita<\/a><a href=\"https:\/\/www.sendblaster.com\/es\/comprar\" title=\"Comprar SendBlaster PRO Ahora!\" class=\"buy-cta\">SendBlaster Pro<\/a><\/p>\n<p>&nbsp;<\/p>\n<ul class=\"g1-grid\"><li class=\"g1-column g1-one-fourth g1-valign-top screenshot\"><br \/>\n<a title=\"Pantalla \u2018Principal\u2019\" data-g1-lightbox=\"gallery-screenshot\" href=\"https:\/\/www.sendblaster.com\/sendblaster\/release2\/sites\/default\/files\/image\/screenshots-sb4\/screenshot_home.jpg\"><img decoding=\"async\" width=\"1300\" height=\"852\" src=\"https:\/\/www.sendblaster.com\/sendblaster\/release2\/sites\/default\/files\/image\/screenshots-sb4\/screenshot_home.jpg\" alt=\"Pantalla \u2018Principal\u2019\" \/><\/a><br \/>\n<i>Pantalla \u2018Principal\u2019<\/i><br \/>\n<\/li><!-- -->\n<li class=\"g1-column g1-one-fourth g1-valign-top screenshot\"><br \/>\n<a title=\"Redacci\u00f3n de mensaje\" data-g1-lightbox=\"gallery-screenshot\" href=\"https:\/\/www.sendblaster.com\/sendblaster\/release2\/sites\/default\/files\/image\/screenshots-sb4\/screenshot_compose-msg.jpg\"><img decoding=\"async\" width=\"1300\" height=\"852\" src=\"https:\/\/www.sendblaster.com\/sendblaster\/release2\/sites\/default\/files\/image\/screenshots-sb4\/screenshot_compose-msg.jpg\" alt=\"Redacci\u00f3n de mensaje\" \/><\/a><br \/>\n<i>Redacci\u00f3n de mensaje<\/i><br \/>\n<\/li><!-- -->\n<li class=\"g1-column g1-one-fourth g1-valign-top screenshot\"><br \/>\n<a title=\"Env\u00edo de mensaje\" data-g1-lightbox=\"gallery-screenshot\" href=\"https:\/\/www.sendblaster.com\/sendblaster\/release2\/sites\/default\/files\/image\/screenshots-sb4\/screenshot_send-msg.jpg\"><img decoding=\"async\" width=\"1300\" height=\"852\" src=\"https:\/\/www.sendblaster.com\/sendblaster\/release2\/sites\/default\/files\/image\/screenshots-sb4\/screenshot_send-msg.jpg\" alt=\"Env\u00edo de mensaje\" \/><\/a><br \/>\n<i>Env\u00edo de mensaje<\/i><br \/>\n<\/li><!-- -->\n<li class=\"g1-column g1-one-fourth g1-valign-top screenshot\"><br \/>\n<a title=\"Env\u00edo programado\" data-g1-lightbox=\"gallery-screenshot\" href=\"https:\/\/www.sendblaster.com\/sendblaster\/release2\/sites\/default\/files\/image\/screenshots-sb4\/screenshot_schedule.jpg\"><img decoding=\"async\" width=\"1300\" height=\"852\" src=\"https:\/\/www.sendblaster.com\/sendblaster\/release2\/sites\/default\/files\/image\/screenshots-sb4\/screenshot_schedule.jpg\" alt=\"Env\u00edo programado\" \/><\/a><br \/>\n<i>Env\u00edo programado<\/i><br \/>\n<\/li><!-- --><\/ul>\n<ul class=\"g1-grid\"><li class=\"g1-column g1-one-fourth g1-valign-top screenshot\"><br \/>\n<a title=\"Historial de Mensajes\" data-g1-lightbox=\"gallery-screenshot\" href=\"https:\/\/www.sendblaster.com\/sendblaster\/release2\/sites\/default\/files\/image\/screenshots-sb4\/screenshot_history.jpg\"><img decoding=\"async\" width=\"1300\" height=\"852\" src=\"https:\/\/www.sendblaster.com\/sendblaster\/release2\/sites\/default\/files\/image\/screenshots-sb4\/screenshot_history.jpg\" alt=\"Historial de Mensajes\" \/><\/a><br \/>\n<i>Historial de Mensajes<\/i><br \/>\n<\/li><!-- -->\n<li class=\"g1-column g1-one-fourth g1-valign-top screenshot\"><br \/>\n<a title=\"Google Analytics\" data-g1-lightbox=\"gallery-screenshot\" href=\"https:\/\/www.sendblaster.com\/sendblaster\/release2\/sites\/default\/files\/image\/screenshots-sb4\/screenshot_analytics.jpg\"><img decoding=\"async\" width=\"1300\" height=\"852\" src=\"https:\/\/www.sendblaster.com\/sendblaster\/release2\/sites\/default\/files\/image\/screenshots-sb4\/screenshot_analytics.jpg\" alt=\"Google Analytics\" \/><\/a><br \/>\n<i>Google Analytics<\/i><br \/>\n<\/li><!-- -->\n<li class=\"g1-column g1-one-fourth g1-valign-top screenshot\"><br \/>\n<a title=\"Widgets\" data-g1-lightbox=\"gallery-screenshot\" href=\"https:\/\/www.sendblaster.com\/sendblaster\/release2\/sites\/default\/files\/image\/screenshots-sb4\/screenshot_widgets.jpg\"><img decoding=\"async\" width=\"1300\" height=\"852\" src=\"https:\/\/www.sendblaster.com\/sendblaster\/release2\/sites\/default\/files\/image\/screenshots-sb4\/screenshot_widgets.jpg\" alt=\"Widgets\" \/><\/a><br \/>\n<i>Widgets<\/i><br \/>\n<\/li><!-- -->\n<li class=\"g1-column g1-one-fourth g1-valign-top screenshot\"><br \/>\n<a title=\"Listas negras\" data-g1-lightbox=\"gallery-screenshot\" href=\"https:\/\/www.sendblaster.com\/sendblaster\/release2\/sites\/default\/files\/image\/screenshots-sb4\/screenshot_blacklist.jpg\"><img decoding=\"async\" width=\"1300\" height=\"852\" src=\"https:\/\/www.sendblaster.com\/sendblaster\/release2\/sites\/default\/files\/image\/screenshots-sb4\/screenshot_blacklist.jpg\" alt=\"Listas negras\" \/><\/a><br \/>\n<i>Listas negras<\/i><br \/>\n<\/li><!-- --><\/ul>\n<ul class=\"g1-grid\"><li class=\"g1-column g1-one-fourth g1-valign-top screenshot\"><br \/>\n<a title=\"Importar listas\" data-g1-lightbox=\"gallery-screenshot\" href=\"https:\/\/www.sendblaster.com\/sendblaster\/release2\/sites\/default\/files\/image\/screenshots-sb4\/screenshot_import.jpg\"><img decoding=\"async\" width=\"1300\" height=\"852\" src=\"https:\/\/www.sendblaster.com\/sendblaster\/release2\/sites\/default\/files\/image\/screenshots-sb4\/screenshot_import.jpg\" alt=\"Importar listas\" \/><\/a><br \/>\n<i>Importar listas<\/i><br \/>\n<\/li><!-- -->\n<li class=\"g1-column g1-one-fourth g1-valign-top screenshot\"><br \/>\n<a title=\"Exportar listas\" data-g1-lightbox=\"gallery-screenshot\" href=\"https:\/\/www.sendblaster.com\/sendblaster\/release2\/sites\/default\/files\/image\/screenshots-sb4\/screenshot_export.jpg\"><img decoding=\"async\" width=\"1300\" height=\"852\" src=\"https:\/\/www.sendblaster.com\/sendblaster\/release2\/sites\/default\/files\/image\/screenshots-sb4\/screenshot_export.jpg\" alt=\"Exportar listas\" \/><\/a><br \/>\n<i>Exportar listas<\/i><br \/>\n<\/li><!-- -->\n<li class=\"g1-column g1-one-fourth g1-valign-top screenshot\"><br \/>\n<a title=\"Suscripciones\" data-g1-lightbox=\"gallery-screenshot\" href=\"https:\/\/www.sendblaster.com\/sendblaster\/release2\/sites\/default\/files\/image\/screenshots-sb4\/screenshot_subscription-management.jpg\"><img decoding=\"async\" width=\"1300\" height=\"852\" src=\"https:\/\/www.sendblaster.com\/sendblaster\/release2\/sites\/default\/files\/image\/screenshots-sb4\/screenshot_subscription-management.jpg\" alt=\"Suscripciones\" \/><\/a><br \/>\n<i>Suscripciones<\/i><br \/>\n<\/li><!-- -->\n<li class=\"g1-column g1-one-fourth g1-valign-top screenshot\"><br \/>\n<a title=\"Bounce back\" data-g1-lightbox=\"gallery-screenshot\" href=\"https:\/\/www.sendblaster.com\/sendblaster\/release2\/sites\/default\/files\/image\/screenshots-sb4\/screenshot_bounce-backs.jpg\"><img decoding=\"async\" width=\"1300\" height=\"852\" src=\"https:\/\/www.sendblaster.com\/sendblaster\/release2\/sites\/default\/files\/image\/screenshots-sb4\/screenshot_bounce-backs.jpg\" alt=\"Bounce back\" \/><\/a><br \/>\n<i>Bounce back<\/i><br \/>\n<\/li><!-- --><\/ul>\n<ul class=\"g1-grid\"><li class=\"g1-column g1-one-fourth g1-valign-top screenshot\"><br \/>\n<a title=\"Administraci\u00f3n de campos\" data-g1-lightbox=\"gallery-screenshot\" href=\"https:\/\/www.sendblaster.com\/sendblaster\/release2\/sites\/default\/files\/image\/screenshots-sb4\/screenshot_fields-management.jpg\"><img decoding=\"async\" width=\"1300\" height=\"852\" src=\"https:\/\/www.sendblaster.com\/sendblaster\/release2\/sites\/default\/files\/image\/screenshots-sb4\/screenshot_fields-management.jpg\" alt=\"Administraci\u00f3n de campos\" \/><\/a><br \/>\n<i>Administraci\u00f3n de campos<\/i><br \/>\n<\/li><!-- -->\n<li class=\"g1-column g1-one-fourth g1-valign-top screenshot\"><br \/>\n<a title=\"Configuraciones avanzadas\" data-g1-lightbox=\"gallery-screenshot\" href=\"https:\/\/www.sendblaster.com\/sendblaster\/release2\/sites\/default\/files\/image\/screenshots-sb4\/screenshot_advanced-settings.jpg\"><img decoding=\"async\" width=\"1300\" height=\"852\" src=\"https:\/\/www.sendblaster.com\/sendblaster\/release2\/sites\/default\/files\/image\/screenshots-sb4\/screenshot_advanced-settings.jpg\" alt=\"Configuraciones avanzadas\" \/><\/a><br \/>\n<i>Configuraciones avanzadas<\/i><br \/>\n<\/li><!-- -->\n<li class=\"g1-column g1-one-fourth g1-valign-top screenshot\"><br \/>\n<a title=\"Seguridad\" data-g1-lightbox=\"gallery-screenshot\" href=\"https:\/\/www.sendblaster.com\/sendblaster\/release2\/sites\/default\/files\/image\/screenshots-sb4\/screenshot_security.jpg\"><img decoding=\"async\" width=\"1300\" height=\"852\" src=\"https:\/\/www.sendblaster.com\/sendblaster\/release2\/sites\/default\/files\/image\/screenshots-sb4\/screenshot_security.jpg\" alt=\"Seguridad\" \/><\/a><br \/>\n<i>Seguridad<\/i><br \/>\n<\/li><!-- -->\n<li class=\"g1-column g1-one-fourth g1-valign-top screenshot\"><br \/>\n<a title=\"Editor de modelos\" data-g1-lightbox=\"gallery-screenshot\" href=\"https:\/\/www.sendblaster.com\/sendblaster\/release2\/sites\/default\/files\/image\/screenshots-sb4\/screenshot_layout-creation.jpg\"><img decoding=\"async\" width=\"1300\" height=\"852\" src=\"https:\/\/www.sendblaster.com\/sendblaster\/release2\/sites\/default\/files\/image\/screenshots-sb4\/screenshot_layout-creation.jpg\" alt=\"Editor de modelos\" \/><\/a><br \/>\n<i>Editor de modelos<\/i><br \/>\n<\/li><!-- --><\/ul>\n<ul class=\"g1-grid\"><li class=\"g1-column g1-one-fourth g1-valign-top screenshot\"><br \/>\n<a title=\"Recortar y reemplazar\" data-g1-lightbox=\"gallery-screenshot\" href=\"https:\/\/www.sendblaster.com\/sendblaster\/release2\/sites\/default\/files\/image\/screenshots-sb4\/screenshot_crop-replace.jpg\"><img decoding=\"async\" width=\"1300\" height=\"852\" src=\"https:\/\/www.sendblaster.com\/sendblaster\/release2\/sites\/default\/files\/image\/screenshots-sb4\/screenshot_crop-replace.jpg\" alt=\"Recortar y reemplazar\" \/><\/a><br \/>\n<i>Recortar y reemplazar<\/i><br \/>\n<\/li><!-- -->\n<li class=\"g1-column g1-one-fourth g1-valign-top screenshot\"><br \/>\n<a title=\"Comprobar enlaces\" data-g1-lightbox=\"gallery-screenshot\" href=\"https:\/\/www.sendblaster.com\/sendblaster\/release2\/sites\/default\/files\/image\/screenshots-sb4\/screenshot_check-links.jpg\"><img decoding=\"async\" width=\"1300\" height=\"852\" src=\"https:\/\/www.sendblaster.com\/sendblaster\/release2\/sites\/default\/files\/image\/screenshots-sb4\/screenshot_check-links.jpg\" alt=\"Comprobar enlaces\" \/><\/a><br \/>\n<i>Comprobar enlaces<\/i><br \/>\n<\/li><!-- -->\n<li class=\"g1-column g1-one-fourth g1-valign-top screenshot\"><br \/>\n<a title=\"Fragmentos\" data-g1-lightbox=\"gallery-screenshot\" href=\"https:\/\/www.sendblaster.com\/sendblaster\/release2\/sites\/default\/files\/image\/screenshots-sb4\/screenshot_text-snippets.jpg\"><img decoding=\"async\" width=\"1300\" height=\"852\" src=\"https:\/\/www.sendblaster.com\/sendblaster\/release2\/sites\/default\/files\/image\/screenshots-sb4\/screenshot_text-snippets.jpg\" alt=\"Fragmentos\" \/><\/a><br \/>\n<i>Fragmentos<\/i><br \/>\n<\/li><!-- -->\n<li class=\"g1-column g1-one-fourth g1-valign-top screenshot\"><br \/>\n<a title=\"Etiquetas programables\" data-g1-lightbox=\"gallery-screenshot\" href=\"https:\/\/www.sendblaster.com\/sendblaster\/release2\/sites\/default\/files\/image\/screenshots-sb4\/screenshot_scripts.jpg\"><img decoding=\"async\" width=\"1300\" height=\"852\" src=\"https:\/\/www.sendblaster.com\/sendblaster\/release2\/sites\/default\/files\/image\/screenshots-sb4\/screenshot_scripts.jpg\" alt=\"Etiquetas programables\" \/><\/a><br \/>\n<i>Etiquetas programables<\/i><br \/>\n<\/li><!-- --><\/ul>\n","protected":false},"excerpt":{"rendered":"<p>Aqu\u00ed podr\u00e1 observar algunas capturas de pantallas demostrando las principales caracter\u00edsticas de nuestro software de env\u00edo de emails masivos SendBlaster. Como puede ver, no existe un men\u00fa principal en SendBlaster: la interfaz de usuario provee un dise\u00f1o sencillo, completamente intuitivo. <\/p>\n<p class=\"read-more-container\"><a class=\"button read-more\" href=\"https:\/\/www.sendblaster.com\/es\/pantallas\/\" title=\"\">Sigue leyendo<\/a><\/p>\n","protected":false},"author":1,"featured_media":0,"parent":0,"menu_order":0,"comment_status":"closed","ping_status":"closed","template":"","meta":{"_monsterinsights_skip_tracking":false,"_monsterinsights_sitenote_active":false,"_monsterinsights_sitenote_note":"","_monsterinsights_sitenote_category":0,"footnotes":""},"class_list":["post-1385","page","type-page","status-publish"],"yoast_head":"<!-- This site is optimized with the Yoast SEO plugin v23.5 - https:\/\/yoast.com\/wordpress\/plugins\/seo\/ -->\n<title>Pantallas - SendBlaster software de correo masivo para marketing por email<\/title>\n<meta name=\"description\" content=\"SendBlaster software de correo masivo para marketing por email Pantallas Aqu\u00ed podr\u00e1 observar algunas capturas de pantallas demostrando las principales caracter\u00edsticas de nuestro software de env\u00edo de emails masivos SendBlaster.\" \/>\n<meta name=\"robots\" content=\"index, follow, max-snippet:-1, max-image-preview:large, max-video-preview:-1\" \/>\n<link rel=\"canonical\" href=\"https:\/\/www.sendblaster.com\/es\/pantallas\/\" \/>\n<meta property=\"og:locale\" content=\"es_ES\" \/>\n<meta property=\"og:type\" content=\"article\" \/>\n<meta property=\"og:title\" content=\"Pantallas - SendBlaster software de correo masivo para marketing por email\" \/>\n<meta property=\"og:description\" content=\"SendBlaster software de correo masivo para marketing por email Pantallas Aqu\u00ed podr\u00e1 observar algunas capturas de pantallas demostrando las principales caracter\u00edsticas de nuestro software de env\u00edo de emails masivos SendBlaster.\" \/>\n<meta property=\"og:url\" content=\"https:\/\/www.sendblaster.com\/es\/pantallas\/\" \/>\n<meta property=\"og:site_name\" content=\"SendBlaster software de correo masivo para marketing por email\" \/>\n<meta property=\"article:modified_time\" content=\"2021-04-12T15:43:03+00:00\" \/>\n<meta property=\"og:image\" content=\"https:\/\/www.sendblaster.com\/sendblaster\/release2\/sites\/default\/files\/image\/screenshots-sb4\/screenshot_home.jpg\" \/>\n<meta name=\"twitter:card\" content=\"summary_large_image\" \/>\n<meta name=\"twitter:label1\" content=\"Tiempo de lectura\" \/>\n\t<meta name=\"twitter:data1\" content=\"2 minutos\" \/>\n<script type=\"application\/ld+json\" class=\"yoast-schema-graph\">{\"@context\":\"https:\/\/schema.org\",\"@graph\":[{\"@type\":\"WebPage\",\"@id\":\"https:\/\/www.sendblaster.com\/es\/pantallas\/\",\"url\":\"https:\/\/www.sendblaster.com\/es\/pantallas\/\",\"name\":\"Pantallas - SendBlaster software de correo masivo para marketing por email\",\"isPartOf\":{\"@id\":\"https:\/\/www.sendblaster.com\/#website\"},\"primaryImageOfPage\":{\"@id\":\"https:\/\/www.sendblaster.com\/es\/pantallas\/#primaryimage\"},\"image\":{\"@id\":\"https:\/\/www.sendblaster.com\/es\/pantallas\/#primaryimage\"},\"thumbnailUrl\":\"https:\/\/www.sendblaster.com\/sendblaster\/release2\/sites\/default\/files\/image\/screenshots-sb4\/screenshot_home.jpg\",\"datePublished\":\"2018-05-07T15:26:21+00:00\",\"dateModified\":\"2021-04-12T15:43:03+00:00\",\"description\":\"SendBlaster software de correo masivo para marketing por email Pantallas Aqu\u00ed podr\u00e1 observar algunas capturas de pantallas demostrando las principales caracter\u00edsticas de nuestro software de env\u00edo de emails masivos SendBlaster.\",\"breadcrumb\":{\"@id\":\"https:\/\/www.sendblaster.com\/es\/pantallas\/#breadcrumb\"},\"inLanguage\":\"es\",\"potentialAction\":[{\"@type\":\"ReadAction\",\"target\":[\"https:\/\/www.sendblaster.com\/es\/pantallas\/\"]}]},{\"@type\":\"ImageObject\",\"inLanguage\":\"es\",\"@id\":\"https:\/\/www.sendblaster.com\/es\/pantallas\/#primaryimage\",\"url\":\"https:\/\/www.sendblaster.com\/sendblaster\/release2\/sites\/default\/files\/image\/screenshots-sb4\/screenshot_home.jpg\",\"contentUrl\":\"https:\/\/www.sendblaster.com\/sendblaster\/release2\/sites\/default\/files\/image\/screenshots-sb4\/screenshot_home.jpg\"},{\"@type\":\"BreadcrumbList\",\"@id\":\"https:\/\/www.sendblaster.com\/es\/pantallas\/#breadcrumb\",\"itemListElement\":[{\"@type\":\"ListItem\",\"position\":1,\"name\":\"Home\",\"item\":\"https:\/\/www.sendblaster.com\/es\/\"},{\"@type\":\"ListItem\",\"position\":2,\"name\":\"Pantallas\"}]},{\"@type\":\"WebSite\",\"@id\":\"https:\/\/www.sendblaster.com\/#website\",\"url\":\"https:\/\/www.sendblaster.com\/\",\"name\":\"SendBlaster software de correo masivo para marketing por email\",\"description\":\"\",\"publisher\":{\"@id\":\"https:\/\/www.sendblaster.com\/#organization\"},\"potentialAction\":[{\"@type\":\"SearchAction\",\"target\":{\"@type\":\"EntryPoint\",\"urlTemplate\":\"https:\/\/www.sendblaster.com\/?s={search_term_string}\"},\"query-input\":{\"@type\":\"PropertyValueSpecification\",\"valueRequired\":true,\"valueName\":\"search_term_string\"}}],\"inLanguage\":\"es\"},{\"@type\":\"Organization\",\"@id\":\"https:\/\/www.sendblaster.com\/#organization\",\"name\":\"SendBlaster software de correo masivo para marketing por email\",\"url\":\"https:\/\/www.sendblaster.com\/\",\"logo\":{\"@type\":\"ImageObject\",\"inLanguage\":\"es\",\"@id\":\"https:\/\/www.sendblaster.com\/#\/schema\/logo\/image\/\",\"url\":\"https:\/\/www.sendblaster.com\/wp-content\/uploads\/2021\/09\/logo-svg-2021.svg\",\"contentUrl\":\"https:\/\/www.sendblaster.com\/wp-content\/uploads\/2021\/09\/logo-svg-2021.svg\",\"width\":350,\"height\":70,\"caption\":\"SendBlaster software de correo masivo para marketing por email\"},\"image\":{\"@id\":\"https:\/\/www.sendblaster.com\/#\/schema\/logo\/image\/\"}}]}<\/script>\n<!-- \/ Yoast SEO plugin. -->","yoast_head_json":{"title":"Pantallas - SendBlaster software de correo masivo para marketing por email","description":"SendBlaster software de correo masivo para marketing por email Pantallas Aqu\u00ed podr\u00e1 observar algunas capturas de pantallas demostrando las principales caracter\u00edsticas de nuestro software de env\u00edo de emails masivos SendBlaster.","robots":{"index":"index","follow":"follow","max-snippet":"max-snippet:-1","max-image-preview":"max-image-preview:large","max-video-preview":"max-video-preview:-1"},"canonical":"https:\/\/www.sendblaster.com\/es\/pantallas\/","og_locale":"es_ES","og_type":"article","og_title":"Pantallas - SendBlaster software de correo masivo para marketing por email","og_description":"SendBlaster software de correo masivo para marketing por email Pantallas Aqu\u00ed podr\u00e1 observar algunas capturas de pantallas demostrando las principales caracter\u00edsticas de nuestro software de env\u00edo de emails masivos SendBlaster.","og_url":"https:\/\/www.sendblaster.com\/es\/pantallas\/","og_site_name":"SendBlaster software de correo masivo para marketing por email","article_modified_time":"2021-04-12T15:43:03+00:00","og_image":[{"url":"https:\/\/www.sendblaster.com\/sendblaster\/release2\/sites\/default\/files\/image\/screenshots-sb4\/screenshot_home.jpg"}],"twitter_card":"summary_large_image","twitter_misc":{"Tiempo de lectura":"2 minutos"},"schema":{"@context":"https:\/\/schema.org","@graph":[{"@type":"WebPage","@id":"https:\/\/www.sendblaster.com\/es\/pantallas\/","url":"https:\/\/www.sendblaster.com\/es\/pantallas\/","name":"Pantallas - SendBlaster software de correo masivo para marketing por email","isPartOf":{"@id":"https:\/\/www.sendblaster.com\/#website"},"primaryImageOfPage":{"@id":"https:\/\/www.sendblaster.com\/es\/pantallas\/#primaryimage"},"image":{"@id":"https:\/\/www.sendblaster.com\/es\/pantallas\/#primaryimage"},"thumbnailUrl":"https:\/\/www.sendblaster.com\/sendblaster\/release2\/sites\/default\/files\/image\/screenshots-sb4\/screenshot_home.jpg","datePublished":"2018-05-07T15:26:21+00:00","dateModified":"2021-04-12T15:43:03+00:00","description":"SendBlaster software de correo masivo para marketing por email Pantallas Aqu\u00ed podr\u00e1 observar algunas capturas de pantallas demostrando las principales caracter\u00edsticas de nuestro software de env\u00edo de emails masivos SendBlaster.","breadcrumb":{"@id":"https:\/\/www.sendblaster.com\/es\/pantallas\/#breadcrumb"},"inLanguage":"es","potentialAction":[{"@type":"ReadAction","target":["https:\/\/www.sendblaster.com\/es\/pantallas\/"]}]},{"@type":"ImageObject","inLanguage":"es","@id":"https:\/\/www.sendblaster.com\/es\/pantallas\/#primaryimage","url":"https:\/\/www.sendblaster.com\/sendblaster\/release2\/sites\/default\/files\/image\/screenshots-sb4\/screenshot_home.jpg","contentUrl":"https:\/\/www.sendblaster.com\/sendblaster\/release2\/sites\/default\/files\/image\/screenshots-sb4\/screenshot_home.jpg"},{"@type":"BreadcrumbList","@id":"https:\/\/www.sendblaster.com\/es\/pantallas\/#breadcrumb","itemListElement":[{"@type":"ListItem","position":1,"name":"Home","item":"https:\/\/www.sendblaster.com\/es\/"},{"@type":"ListItem","position":2,"name":"Pantallas"}]},{"@type":"WebSite","@id":"https:\/\/www.sendblaster.com\/#website","url":"https:\/\/www.sendblaster.com\/","name":"SendBlaster software de correo masivo para marketing por email","description":"","publisher":{"@id":"https:\/\/www.sendblaster.com\/#organization"},"potentialAction":[{"@type":"SearchAction","target":{"@type":"EntryPoint","urlTemplate":"https:\/\/www.sendblaster.com\/?s={search_term_string}"},"query-input":{"@type":"PropertyValueSpecification","valueRequired":true,"valueName":"search_term_string"}}],"inLanguage":"es"},{"@type":"Organization","@id":"https:\/\/www.sendblaster.com\/#organization","name":"SendBlaster software de correo masivo para marketing por email","url":"https:\/\/www.sendblaster.com\/","logo":{"@type":"ImageObject","inLanguage":"es","@id":"https:\/\/www.sendblaster.com\/#\/schema\/logo\/image\/","url":"https:\/\/www.sendblaster.com\/wp-content\/uploads\/2021\/09\/logo-svg-2021.svg","contentUrl":"https:\/\/www.sendblaster.com\/wp-content\/uploads\/2021\/09\/logo-svg-2021.svg","width":350,"height":70,"caption":"SendBlaster software de correo masivo para marketing por email"},"image":{"@id":"https:\/\/www.sendblaster.com\/#\/schema\/logo\/image\/"}}]}},"_links":{"self":[{"href":"https:\/\/www.sendblaster.com\/es\/wp-json\/wp\/v2\/pages\/1385"}],"collection":[{"href":"https:\/\/www.sendblaster.com\/es\/wp-json\/wp\/v2\/pages"}],"about":[{"href":"https:\/\/www.sendblaster.com\/es\/wp-json\/wp\/v2\/types\/page"}],"author":[{"embeddable":true,"href":"https:\/\/www.sendblaster.com\/es\/wp-json\/wp\/v2\/users\/1"}],"replies":[{"embeddable":true,"href":"https:\/\/www.sendblaster.com\/es\/wp-json\/wp\/v2\/comments?post=1385"}],"version-history":[{"count":3,"href":"https:\/\/www.sendblaster.com\/es\/wp-json\/wp\/v2\/pages\/1385\/revisions"}],"predecessor-version":[{"id":5315,"href":"https:\/\/www.sendblaster.com\/es\/wp-json\/wp\/v2\/pages\/1385\/revisions\/5315"}],"wp:attachment":[{"href":"https:\/\/www.sendblaster.com\/es\/wp-json\/wp\/v2\/media?parent=1385"}],"curies":[{"name":"wp","href":"https:\/\/api.w.org\/{rel}","templated":true}]}}