{"id":3069,"date":"2018-06-25T09:08:24","date_gmt":"2018-06-25T09:08:24","guid":{"rendered":"https:\/\/www.sendblaster.com\/wpnew-2018\/?page_id=3069"},"modified":"2018-06-25T09:09:22","modified_gmt":"2018-06-25T09:09:22","slug":"sendblaster-express-kostenloses-konto-bei-turbosmtp","status":"publish","type":"page","link":"https:\/\/www.sendblaster.com\/de\/sendblaster-express-kostenloses-konto-bei-turbosmtp\/","title":{"rendered":"SendBlaster Express: Kostenloses Konto bei TurboSMTP"},"content":{"rendered":"<p>In jeder Version von SendBlast ist ein kostenloses Testkonto bei TurboSMTP enthalten, das keine Registrierung erfordert. Mit diesem Konto k\u00f6nnen Sie bis zu 100 E-Mails versenden.<\/p>\n<p>Benutzer von SendBlaster Express k\u00f6nnen sich f<strong>\u00fcr ein gr\u00f6\u00dferes kostenloses Konto registrieren<\/strong> und dann <strong>bis zu 1.000 E-Mails <\/strong>versenden.<\/p>\n<p>&nbsp;<\/p>\n<p><a href=\"https:\/\/www.serversmtp.com\/de\/tsmtpregistration1.php?ref=express\">https:\/\/www.serversmtp.com\/de\/tsmtpregistration1.php?ref=express<\/a><\/p>\n<p>&nbsp;<\/p>\n<p>Bitte beachten Sie, dass <strong>alle Anwendungen<\/strong> aus Sicherheitsgr\u00fcnden und infolge strikter Antispam-Regelungen (die die ausgezeichneten Zustellungsraten von TurboSMTP garantieren) <strong>einer manuellen \u00dcberpr\u00fcfung und Genehmigung<\/strong> (oder Ablehnung) durch Mitarbeiter von TurboSMTP&nbsp;unterzogen werden (die Genehmigung erfolgt also nicht automatisch und wird nicht garantiert). Nach der Anforderung des kostenlosen Kontos nehmen Mitarbeiter von TurboSMTP per E-Mail Kontakt mit Ihnen auf, um zus\u00e4tzliche Informationen einzuholen, die \u00fcber ein Formular im Internet bereitgestellt werden. <strong>Weisen Sie bei Eingabe dieser Informationen darauf hin, dass Sie SendBlaster Express verwenden.<\/strong><\/p>\n","protected":false},"excerpt":{"rendered":"<p>In jeder Version von SendBlast ist ein kostenloses Testkonto bei TurboSMTP enthalten, das keine Registrierung erfordert. Mit diesem Konto k\u00f6nnen Sie bis zu 100 E-Mails versenden. Benutzer von SendBlaster Express k\u00f6nnen sich f\u00fcr ein gr\u00f6\u00dferes kostenloses Konto registrieren und dann <\/p>\n<p class=\"read-more-container\"><a class=\"button read-more\" href=\"https:\/\/www.sendblaster.com\/de\/sendblaster-express-kostenloses-konto-bei-turbosmtp\/\" title=\"\">Weiterlesen<\/a><\/p>\n","protected":false},"author":1,"featured_media":0,"parent":0,"menu_order":0,"comment_status":"closed","ping_status":"closed","template":"g1_template_page_sidebar_right.php","meta":{"_monsterinsights_skip_tracking":false,"_monsterinsights_sitenote_active":false,"_monsterinsights_sitenote_note":"","_monsterinsights_sitenote_category":0,"footnotes":""},"class_list":["post-3069","page","type-page","status-publish"],"yoast_head":"<!-- This site is optimized with the Yoast SEO plugin v23.5 - https:\/\/yoast.com\/wordpress\/plugins\/seo\/ -->\n<title>SendBlaster Express: Kostenloses Konto bei TurboSMTP - SendBlaster newsletter software<\/title>\n<meta name=\"description\" content=\"SendBlaster newsletter software SendBlaster Express: Kostenloses Konto bei TurboSMTP In jeder Version von SendBlast ist ein kostenloses Testkonto bei TurboSMTP enthalten, das keine Registrierung erfordert. Mit diesem Konto k\u00f6nnen Sie bis\" \/>\n<meta name=\"robots\" content=\"index, follow, max-snippet:-1, max-image-preview:large, max-video-preview:-1\" \/>\n<link rel=\"canonical\" href=\"https:\/\/www.sendblaster.com\/de\/sendblaster-express-kostenloses-konto-bei-turbosmtp\/\" \/>\n<meta property=\"og:locale\" content=\"de_DE\" \/>\n<meta property=\"og:type\" content=\"article\" \/>\n<meta property=\"og:title\" content=\"SendBlaster Express: Kostenloses Konto bei TurboSMTP - SendBlaster newsletter software\" \/>\n<meta property=\"og:description\" content=\"SendBlaster newsletter software SendBlaster Express: Kostenloses Konto bei TurboSMTP In jeder Version von SendBlast ist ein kostenloses Testkonto bei TurboSMTP enthalten, das keine Registrierung erfordert. Mit diesem Konto k\u00f6nnen Sie bis\" \/>\n<meta property=\"og:url\" content=\"https:\/\/www.sendblaster.com\/de\/sendblaster-express-kostenloses-konto-bei-turbosmtp\/\" \/>\n<meta property=\"og:site_name\" content=\"SendBlaster newsletter software\" \/>\n<meta property=\"article:modified_time\" content=\"2018-06-25T09:09:22+00:00\" \/>\n<meta name=\"twitter:card\" content=\"summary_large_image\" \/>\n<meta name=\"twitter:label1\" content=\"Gesch\u00e4tzte Lesezeit\" \/>\n\t<meta name=\"twitter:data1\" content=\"1\u00a0Minute\" \/>\n<script type=\"application\/ld+json\" class=\"yoast-schema-graph\">{\"@context\":\"https:\/\/schema.org\",\"@graph\":[{\"@type\":\"WebPage\",\"@id\":\"https:\/\/www.sendblaster.com\/de\/sendblaster-express-kostenloses-konto-bei-turbosmtp\/\",\"url\":\"https:\/\/www.sendblaster.com\/de\/sendblaster-express-kostenloses-konto-bei-turbosmtp\/\",\"name\":\"SendBlaster Express: Kostenloses Konto bei TurboSMTP - SendBlaster newsletter software\",\"isPartOf\":{\"@id\":\"https:\/\/www.sendblaster.com\/#website\"},\"datePublished\":\"2018-06-25T09:08:24+00:00\",\"dateModified\":\"2018-06-25T09:09:22+00:00\",\"description\":\"SendBlaster newsletter software SendBlaster Express: Kostenloses Konto bei TurboSMTP In jeder Version von SendBlast ist ein kostenloses Testkonto bei TurboSMTP enthalten, das keine Registrierung erfordert. Mit diesem Konto k\u00f6nnen Sie bis\",\"breadcrumb\":{\"@id\":\"https:\/\/www.sendblaster.com\/de\/sendblaster-express-kostenloses-konto-bei-turbosmtp\/#breadcrumb\"},\"inLanguage\":\"de\",\"potentialAction\":[{\"@type\":\"ReadAction\",\"target\":[\"https:\/\/www.sendblaster.com\/de\/sendblaster-express-kostenloses-konto-bei-turbosmtp\/\"]}]},{\"@type\":\"BreadcrumbList\",\"@id\":\"https:\/\/www.sendblaster.com\/de\/sendblaster-express-kostenloses-konto-bei-turbosmtp\/#breadcrumb\",\"itemListElement\":[{\"@type\":\"ListItem\",\"position\":1,\"name\":\"Home\",\"item\":\"https:\/\/www.sendblaster.com\/de\/\"},{\"@type\":\"ListItem\",\"position\":2,\"name\":\"SendBlaster Express: Kostenloses Konto bei TurboSMTP\"}]},{\"@type\":\"WebSite\",\"@id\":\"https:\/\/www.sendblaster.com\/#website\",\"url\":\"https:\/\/www.sendblaster.com\/\",\"name\":\"SendBlaster newsletter software\",\"description\":\"\",\"publisher\":{\"@id\":\"https:\/\/www.sendblaster.com\/#organization\"},\"potentialAction\":[{\"@type\":\"SearchAction\",\"target\":{\"@type\":\"EntryPoint\",\"urlTemplate\":\"https:\/\/www.sendblaster.com\/?s={search_term_string}\"},\"query-input\":{\"@type\":\"PropertyValueSpecification\",\"valueRequired\":true,\"valueName\":\"search_term_string\"}}],\"inLanguage\":\"de\"},{\"@type\":\"Organization\",\"@id\":\"https:\/\/www.sendblaster.com\/#organization\",\"name\":\"SendBlaster newsletter software\",\"url\":\"https:\/\/www.sendblaster.com\/\",\"logo\":{\"@type\":\"ImageObject\",\"inLanguage\":\"de\",\"@id\":\"https:\/\/www.sendblaster.com\/#\/schema\/logo\/image\/\",\"url\":\"https:\/\/www.sendblaster.com\/wp-content\/uploads\/2021\/09\/logo-svg-2021.svg\",\"contentUrl\":\"https:\/\/www.sendblaster.com\/wp-content\/uploads\/2021\/09\/logo-svg-2021.svg\",\"width\":350,\"height\":70,\"caption\":\"SendBlaster newsletter software\"},\"image\":{\"@id\":\"https:\/\/www.sendblaster.com\/#\/schema\/logo\/image\/\"}}]}<\/script>\n<!-- \/ Yoast SEO plugin. -->","yoast_head_json":{"title":"SendBlaster Express: Kostenloses Konto bei TurboSMTP - SendBlaster newsletter software","description":"SendBlaster newsletter software SendBlaster Express: Kostenloses Konto bei TurboSMTP In jeder Version von SendBlast ist ein kostenloses Testkonto bei TurboSMTP enthalten, das keine Registrierung erfordert. Mit diesem Konto k\u00f6nnen Sie bis","robots":{"index":"index","follow":"follow","max-snippet":"max-snippet:-1","max-image-preview":"max-image-preview:large","max-video-preview":"max-video-preview:-1"},"canonical":"https:\/\/www.sendblaster.com\/de\/sendblaster-express-kostenloses-konto-bei-turbosmtp\/","og_locale":"de_DE","og_type":"article","og_title":"SendBlaster Express: Kostenloses Konto bei TurboSMTP - SendBlaster newsletter software","og_description":"SendBlaster newsletter software SendBlaster Express: Kostenloses Konto bei TurboSMTP In jeder Version von SendBlast ist ein kostenloses Testkonto bei TurboSMTP enthalten, das keine Registrierung erfordert. Mit diesem Konto k\u00f6nnen Sie bis","og_url":"https:\/\/www.sendblaster.com\/de\/sendblaster-express-kostenloses-konto-bei-turbosmtp\/","og_site_name":"SendBlaster newsletter software","article_modified_time":"2018-06-25T09:09:22+00:00","twitter_card":"summary_large_image","twitter_misc":{"Gesch\u00e4tzte Lesezeit":"1\u00a0Minute"},"schema":{"@context":"https:\/\/schema.org","@graph":[{"@type":"WebPage","@id":"https:\/\/www.sendblaster.com\/de\/sendblaster-express-kostenloses-konto-bei-turbosmtp\/","url":"https:\/\/www.sendblaster.com\/de\/sendblaster-express-kostenloses-konto-bei-turbosmtp\/","name":"SendBlaster Express: Kostenloses Konto bei TurboSMTP - SendBlaster newsletter software","isPartOf":{"@id":"https:\/\/www.sendblaster.com\/#website"},"datePublished":"2018-06-25T09:08:24+00:00","dateModified":"2018-06-25T09:09:22+00:00","description":"SendBlaster newsletter software SendBlaster Express: Kostenloses Konto bei TurboSMTP In jeder Version von SendBlast ist ein kostenloses Testkonto bei TurboSMTP enthalten, das keine Registrierung erfordert. Mit diesem Konto k\u00f6nnen Sie bis","breadcrumb":{"@id":"https:\/\/www.sendblaster.com\/de\/sendblaster-express-kostenloses-konto-bei-turbosmtp\/#breadcrumb"},"inLanguage":"de","potentialAction":[{"@type":"ReadAction","target":["https:\/\/www.sendblaster.com\/de\/sendblaster-express-kostenloses-konto-bei-turbosmtp\/"]}]},{"@type":"BreadcrumbList","@id":"https:\/\/www.sendblaster.com\/de\/sendblaster-express-kostenloses-konto-bei-turbosmtp\/#breadcrumb","itemListElement":[{"@type":"ListItem","position":1,"name":"Home","item":"https:\/\/www.sendblaster.com\/de\/"},{"@type":"ListItem","position":2,"name":"SendBlaster Express: Kostenloses Konto bei TurboSMTP"}]},{"@type":"WebSite","@id":"https:\/\/www.sendblaster.com\/#website","url":"https:\/\/www.sendblaster.com\/","name":"SendBlaster newsletter software","description":"","publisher":{"@id":"https:\/\/www.sendblaster.com\/#organization"},"potentialAction":[{"@type":"SearchAction","target":{"@type":"EntryPoint","urlTemplate":"https:\/\/www.sendblaster.com\/?s={search_term_string}"},"query-input":{"@type":"PropertyValueSpecification","valueRequired":true,"valueName":"search_term_string"}}],"inLanguage":"de"},{"@type":"Organization","@id":"https:\/\/www.sendblaster.com\/#organization","name":"SendBlaster newsletter software","url":"https:\/\/www.sendblaster.com\/","logo":{"@type":"ImageObject","inLanguage":"de","@id":"https:\/\/www.sendblaster.com\/#\/schema\/logo\/image\/","url":"https:\/\/www.sendblaster.com\/wp-content\/uploads\/2021\/09\/logo-svg-2021.svg","contentUrl":"https:\/\/www.sendblaster.com\/wp-content\/uploads\/2021\/09\/logo-svg-2021.svg","width":350,"height":70,"caption":"SendBlaster newsletter software"},"image":{"@id":"https:\/\/www.sendblaster.com\/#\/schema\/logo\/image\/"}}]}},"_links":{"self":[{"href":"https:\/\/www.sendblaster.com\/de\/wp-json\/wp\/v2\/pages\/3069"}],"collection":[{"href":"https:\/\/www.sendblaster.com\/de\/wp-json\/wp\/v2\/pages"}],"about":[{"href":"https:\/\/www.sendblaster.com\/de\/wp-json\/wp\/v2\/types\/page"}],"author":[{"embeddable":true,"href":"https:\/\/www.sendblaster.com\/de\/wp-json\/wp\/v2\/users\/1"}],"replies":[{"embeddable":true,"href":"https:\/\/www.sendblaster.com\/de\/wp-json\/wp\/v2\/comments?post=3069"}],"version-history":[{"count":2,"href":"https:\/\/www.sendblaster.com\/de\/wp-json\/wp\/v2\/pages\/3069\/revisions"}],"predecessor-version":[{"id":3071,"href":"https:\/\/www.sendblaster.com\/de\/wp-json\/wp\/v2\/pages\/3069\/revisions\/3071"}],"wp:attachment":[{"href":"https:\/\/www.sendblaster.com\/de\/wp-json\/wp\/v2\/media?parent=3069"}],"curies":[{"name":"wp","href":"https:\/\/api.w.org\/{rel}","templated":true}]}}