{"id":3065,"date":"2018-06-25T08:55:33","date_gmt":"2018-06-25T08:55:33","guid":{"rendered":"https:\/\/www.sendblaster.com\/wpnew-2018\/?page_id=3065"},"modified":"2018-07-03T08:44:25","modified_gmt":"2018-07-03T08:44:25","slug":"600-e-mail-vorlagen-fuer-sendblaster","status":"publish","type":"page","link":"https:\/\/www.sendblaster.com\/de\/600-e-mail-vorlagen-fuer-sendblaster\/","title":{"rendered":"300 E-Mail-Vorlagen f\u00fcr Sendblaster"},"content":{"rendered":"<p>Hierbei handelt es sich nicht um gew\u00f6hnliche Vorlagen, die jeder kennt: Das <strong>Sendblaster-Paket f\u00fcr E-Mail-Vorlagen<\/strong> umfasst <strong>300 wundersch\u00f6n gestaltete E-Mail-Layouts<\/strong> mit beeindruckenden Grafiken, die von unseren professionellen Designern entworfen wurden. <strong>Kurbeln Sie Ihre E-Mail-Kampagnen an mit unseren 300 professionellen E-Mail-Vorlagen im HTML-Format!<\/strong><\/p>\n<p>&nbsp;<\/p>\n<ul class=\"g1-grid\"><li class=\"g1-column g1-one-third g1-valign-top\">\n<p style=\"text-align: center; margin-top: 0px;\"><img decoding=\"async\" width=\"618\" height=\"609\" src=\"https:\/\/www.sendblaster.com\/wp-content\/uploads\/2018\/04\/sendblaster_email_template_collection_1.jpg\" alt=\"E-Mail-Vorlagen f\u00fcr Sendblaster\" \/><br \/>\n<small><i>Motoren &#038; Autos E-Mail-Vorlagen<\/i><\/small><\/p>\n<\/li><!-- -->\n<li class=\"g1-column g1-one-third g1-valign-top\">\n<p style=\"text-align: center; margin-top: 0px;\"><img decoding=\"async\" width=\"909\" height=\"804\" src=\"https:\/\/www.sendblaster.com\/wp-content\/uploads\/2018\/04\/sendblaster_email_template_collection_2.jpg\" alt=\"E-Mail-Vorlagen f\u00fcr Sendblaster\" \/><br \/>\n<small><i>Sports und fitness E-Mail-Vorlagen<\/i><\/small><\/p>\n<\/li><!-- -->\n<li class=\"g1-column g1-one-third g1-valign-top\">\n<p style=\"text-align: center; margin-top: 0px;\"><img decoding=\"async\" width=\"782\" height=\"821\" src=\"https:\/\/www.sendblaster.com\/wp-content\/uploads\/2018\/04\/sendblaster_email_template_collection_9.jpg\" alt=\"E-Mail-Vorlagen f\u00fcr Sendblaster\" \/><br \/>\n<small><i>Natur &#038; Tiere E-Mail-Vorlagen<\/i><\/small><\/p>\n<\/li><!-- --><\/ul>\n<ul class=\"g1-grid\"><li class=\"g1-column g1-one-third g1-valign-top\">\n<p style=\"text-align: center; margin-top: 0px;\"><img decoding=\"async\" width=\"799\" height=\"935\" src=\"https:\/\/www.sendblaster.com\/wp-content\/uploads\/2018\/04\/sendblaster_email_template_collection_4.jpg\" alt=\"E-Mail-Vorlagen f\u00fcr Sendblaster\" \/><br \/>\n<small><i>Gesch\u00e4ft &#038; Business E-Mail-Vorlagen<\/i><\/small><\/p>\n<\/li><!-- -->\n<li class=\"g1-column g1-one-third g1-valign-top\">\n<p style=\"text-align: center; margin-top: 0px;\"><img decoding=\"async\" width=\"698\" height=\"835\" src=\"https:\/\/www.sendblaster.com\/wp-content\/uploads\/2018\/04\/sendblaster_email_template_collection_5.jpg\" alt=\"E-Mail-Vorlagen f\u00fcr Sendblaster\" \/><br \/>\n<small><i>Mode E-Mail-Vorlagen<\/i><\/small><\/p>\n<\/li><!-- -->\n<li class=\"g1-column g1-one-third g1-valign-top\">\n<p style=\"text-align: center; margin-top: 0px;\"><img decoding=\"async\" width=\"909\" height=\"1189\" src=\"https:\/\/www.sendblaster.com\/wp-content\/uploads\/2018\/04\/sendblaster_email_template_collection_6.jpg\" alt=\"E-Mail-Vorlagen f\u00fcr Sendblaster\" \/><br \/>\n<small><i>Spiele &#038; Wetten E-Mail-Vorlagen<\/i><\/small><\/p>\n<\/li><!-- --><\/ul>\n<ul class=\"g1-grid\"><li class=\"g1-column g1-one-third g1-valign-top\">\n<p style=\"text-align: center; margin-top: 0px;\"><img decoding=\"async\" width=\"752\" height=\"804\" src=\"https:\/\/www.sendblaster.com\/wp-content\/uploads\/2018\/04\/sendblaster_email_template_collection_12.jpg\" alt=\"E-Mail-Vorlagen f\u00fcr Sendblaster\" \/><br \/>\n<small><i>Software &#038; services E-Mail-Vorlagen<\/i><\/small><\/p>\n<\/li><!-- -->\n<li class=\"g1-column g1-one-third g1-valign-top\">\n<p style=\"text-align: center; margin-top: 0px;\"><img decoding=\"async\" width=\"814\" height=\"1189\" src=\"https:\/\/www.sendblaster.com\/wp-content\/uploads\/2018\/04\/sendblaster_email_template_collection_8.jpg\" alt=\"E-Mail-Vorlagen f\u00fcr Sendblaster\" \/><br \/>\n<small><i>Ecommerce E-Mail-Vorlagen<\/i><\/small><\/p>\n<\/li><!-- -->\n<li class=\"g1-column g1-one-third g1-valign-top\">\n<p style=\"text-align: center; margin-top: 0px;\"><img decoding=\"async\" width=\"698\" height=\"971\" src=\"https:\/\/www.sendblaster.com\/wp-content\/uploads\/2018\/04\/sendblaster_email_template_collection_3.jpg\" alt=\"E-Mail-Vorlagen f\u00fcr Sendblaster\" \/><br \/>\n<small><i>Essen &#038; Trinken E-Mail-Vorlagen<\/i><\/small><\/p>\n<\/li><!-- --><\/ul>\n<ul class=\"g1-grid\"><li class=\"g1-column g1-one-third g1-valign-top\">\n<p style=\"text-align: center; margin-top: 0px;\"><img decoding=\"async\" width=\"695\" height=\"1088\" src=\"https:\/\/www.sendblaster.com\/wp-content\/uploads\/2018\/04\/sendblaster_email_template_collection_10.jpg\" alt=\"E-Mail-Vorlagen f\u00fcr Sendblaster\" \/><br \/>\n<small><i>Reisen &#038; Tourismus E-Mail-Vorlagen<\/i><\/small><\/p>\n<\/li><!-- -->\n<li class=\"g1-column g1-one-third g1-valign-top\">\n<p style=\"text-align: center; margin-top: 0px;\"><img decoding=\"async\" width=\"845\" height=\"1223\" src=\"https:\/\/www.sendblaster.com\/wp-content\/uploads\/2018\/04\/sendblaster_email_template_collection_11.jpg\" alt=\"E-Mail-Vorlagen f\u00fcr Sendblaster\" \/><br \/>\n<small><i>Technologie E-Mail-Vorlagen<\/i><\/small><\/p>\n<\/li><!-- -->\n<li class=\"g1-column g1-one-third g1-valign-top\">\n<p style=\"text-align: center; margin-top: 0px;\"><img decoding=\"async\" width=\"876\" height=\"855\" src=\"https:\/\/www.sendblaster.com\/wp-content\/uploads\/2018\/04\/sendblaster_email_template_collection_7.jpg\" alt=\"E-Mail-Vorlagen f\u00fcr Sendblaster\" \/><br \/>\n<small><i>Gr\u00fcne Energie E-Mail-Vorlagen<\/i><\/small><\/p>\n<\/li><!-- --><\/ul>\n<p>&nbsp;<\/p>\n<p style=\"text-align: center;\"><a href=\"https:\/\/www.sendblaster.com\/newshop\/?lang=de&#038;products=ETC1SB\" title=\"300 E-Mail-Vorlagen f\u00fcr Sendblaster\" class=\"buy-cta-big\">Kaufen Sie Das Email template Collection<br \/><small>300 E-Mail-Vorlagen f\u00fcr Sendblaster<\/small><\/a><\/p>\n","protected":false},"excerpt":{"rendered":"<p>Hierbei handelt es sich nicht um gew\u00f6hnliche Vorlagen, die jeder kennt: Das Sendblaster-Paket f\u00fcr E-Mail-Vorlagen umfasst 300 wundersch\u00f6n gestaltete E-Mail-Layouts mit beeindruckenden Grafiken, die von unseren professionellen Designern entworfen wurden. Kurbeln Sie Ihre E-Mail-Kampagnen an mit unseren 300 professionellen E-Mail-Vorlagen <\/p>\n<p class=\"read-more-container\"><a class=\"button read-more\" href=\"https:\/\/www.sendblaster.com\/de\/600-e-mail-vorlagen-fuer-sendblaster\/\" title=\"\">Weiterlesen<\/a><\/p>\n","protected":false},"author":1,"featured_media":0,"parent":0,"menu_order":0,"comment_status":"closed","ping_status":"closed","template":"","meta":{"_monsterinsights_skip_tracking":false,"_monsterinsights_sitenote_active":false,"_monsterinsights_sitenote_note":"","_monsterinsights_sitenote_category":0,"footnotes":""},"class_list":["post-3065","page","type-page","status-publish"],"yoast_head":"<!-- This site is optimized with the Yoast SEO plugin v23.5 - https:\/\/yoast.com\/wordpress\/plugins\/seo\/ -->\n<title>300 E-Mail-Vorlagen f\u00fcr Sendblaster - SendBlaster newsletter software<\/title>\n<meta name=\"description\" content=\"SendBlaster newsletter software 300 E-Mail-Vorlagen f\u00fcr Sendblaster Hierbei handelt es sich nicht um gew\u00f6hnliche Vorlagen, die jeder kennt: Das Sendblaster-Paket f\u00fcr E-Mail-Vorlagen umfasst 300 wundersch\u00f6n gestaltete\" \/>\n<meta name=\"robots\" content=\"index, follow, max-snippet:-1, max-image-preview:large, max-video-preview:-1\" \/>\n<link rel=\"canonical\" href=\"https:\/\/www.sendblaster.com\/de\/all\/600-e-mail-vorlagen-fuer-sendblaster\/\" \/>\n<meta property=\"og:locale\" content=\"de_DE\" \/>\n<meta property=\"og:type\" content=\"article\" \/>\n<meta property=\"og:title\" content=\"300 E-Mail-Vorlagen f\u00fcr Sendblaster - SendBlaster newsletter software\" \/>\n<meta property=\"og:description\" content=\"SendBlaster newsletter software 300 E-Mail-Vorlagen f\u00fcr Sendblaster Hierbei handelt es sich nicht um gew\u00f6hnliche Vorlagen, die jeder kennt: Das Sendblaster-Paket f\u00fcr E-Mail-Vorlagen umfasst 300 wundersch\u00f6n gestaltete\" \/>\n<meta property=\"og:url\" content=\"https:\/\/www.sendblaster.com\/de\/all\/600-e-mail-vorlagen-fuer-sendblaster\/\" \/>\n<meta property=\"og:site_name\" content=\"SendBlaster newsletter software\" \/>\n<meta property=\"article:modified_time\" content=\"2018-07-03T08:44:25+00:00\" \/>\n<meta property=\"og:image\" content=\"https:\/\/www.sendblaster.com\/wp-content\/uploads\/2018\/04\/sendblaster_email_template_collection_1.jpg\" \/>\n<meta name=\"twitter:card\" content=\"summary_large_image\" \/>\n<meta name=\"twitter:label1\" content=\"Gesch\u00e4tzte Lesezeit\" \/>\n\t<meta name=\"twitter:data1\" content=\"1\u00a0Minute\" \/>\n<script type=\"application\/ld+json\" class=\"yoast-schema-graph\">{\"@context\":\"https:\/\/schema.org\",\"@graph\":[{\"@type\":\"WebPage\",\"@id\":\"https:\/\/www.sendblaster.com\/de\/all\/600-e-mail-vorlagen-fuer-sendblaster\/\",\"url\":\"https:\/\/www.sendblaster.com\/de\/all\/600-e-mail-vorlagen-fuer-sendblaster\/\",\"name\":\"300 E-Mail-Vorlagen f\u00fcr Sendblaster - SendBlaster newsletter software\",\"isPartOf\":{\"@id\":\"https:\/\/www.sendblaster.com\/#website\"},\"primaryImageOfPage\":{\"@id\":\"https:\/\/www.sendblaster.com\/de\/all\/600-e-mail-vorlagen-fuer-sendblaster\/#primaryimage\"},\"image\":{\"@id\":\"https:\/\/www.sendblaster.com\/de\/all\/600-e-mail-vorlagen-fuer-sendblaster\/#primaryimage\"},\"thumbnailUrl\":\"https:\/\/www.sendblaster.com\/wp-content\/uploads\/2018\/04\/sendblaster_email_template_collection_1.jpg\",\"datePublished\":\"2018-06-25T08:55:33+00:00\",\"dateModified\":\"2018-07-03T08:44:25+00:00\",\"description\":\"SendBlaster newsletter software 300 E-Mail-Vorlagen f\u00fcr Sendblaster Hierbei handelt es sich nicht um gew\u00f6hnliche Vorlagen, die jeder kennt: Das Sendblaster-Paket f\u00fcr E-Mail-Vorlagen umfasst 300 wundersch\u00f6n gestaltete\",\"breadcrumb\":{\"@id\":\"https:\/\/www.sendblaster.com\/de\/all\/600-e-mail-vorlagen-fuer-sendblaster\/#breadcrumb\"},\"inLanguage\":\"de\",\"potentialAction\":[{\"@type\":\"ReadAction\",\"target\":[\"https:\/\/www.sendblaster.com\/de\/all\/600-e-mail-vorlagen-fuer-sendblaster\/\"]}]},{\"@type\":\"ImageObject\",\"inLanguage\":\"de\",\"@id\":\"https:\/\/www.sendblaster.com\/de\/all\/600-e-mail-vorlagen-fuer-sendblaster\/#primaryimage\",\"url\":\"https:\/\/www.sendblaster.com\/wp-content\/uploads\/2018\/04\/sendblaster_email_template_collection_1.jpg\",\"contentUrl\":\"https:\/\/www.sendblaster.com\/wp-content\/uploads\/2018\/04\/sendblaster_email_template_collection_1.jpg\"},{\"@type\":\"BreadcrumbList\",\"@id\":\"https:\/\/www.sendblaster.com\/de\/all\/600-e-mail-vorlagen-fuer-sendblaster\/#breadcrumb\",\"itemListElement\":[{\"@type\":\"ListItem\",\"position\":1,\"name\":\"Home\",\"item\":\"https:\/\/www.sendblaster.com\/de\/\"},{\"@type\":\"ListItem\",\"position\":2,\"name\":\"300 E-Mail-Vorlagen f\u00fcr Sendblaster\"}]},{\"@type\":\"WebSite\",\"@id\":\"https:\/\/www.sendblaster.com\/#website\",\"url\":\"https:\/\/www.sendblaster.com\/\",\"name\":\"SendBlaster newsletter software\",\"description\":\"\",\"publisher\":{\"@id\":\"https:\/\/www.sendblaster.com\/#organization\"},\"potentialAction\":[{\"@type\":\"SearchAction\",\"target\":{\"@type\":\"EntryPoint\",\"urlTemplate\":\"https:\/\/www.sendblaster.com\/?s={search_term_string}\"},\"query-input\":{\"@type\":\"PropertyValueSpecification\",\"valueRequired\":true,\"valueName\":\"search_term_string\"}}],\"inLanguage\":\"de\"},{\"@type\":\"Organization\",\"@id\":\"https:\/\/www.sendblaster.com\/#organization\",\"name\":\"SendBlaster newsletter software\",\"url\":\"https:\/\/www.sendblaster.com\/\",\"logo\":{\"@type\":\"ImageObject\",\"inLanguage\":\"de\",\"@id\":\"https:\/\/www.sendblaster.com\/#\/schema\/logo\/image\/\",\"url\":\"https:\/\/www.sendblaster.com\/wp-content\/uploads\/2021\/09\/logo-svg-2021.svg\",\"contentUrl\":\"https:\/\/www.sendblaster.com\/wp-content\/uploads\/2021\/09\/logo-svg-2021.svg\",\"width\":350,\"height\":70,\"caption\":\"SendBlaster newsletter software\"},\"image\":{\"@id\":\"https:\/\/www.sendblaster.com\/#\/schema\/logo\/image\/\"}}]}<\/script>\n<!-- \/ Yoast SEO plugin. -->","yoast_head_json":{"title":"300 E-Mail-Vorlagen f\u00fcr Sendblaster - SendBlaster newsletter software","description":"SendBlaster newsletter software 300 E-Mail-Vorlagen f\u00fcr Sendblaster Hierbei handelt es sich nicht um gew\u00f6hnliche Vorlagen, die jeder kennt: Das Sendblaster-Paket f\u00fcr E-Mail-Vorlagen umfasst 300 wundersch\u00f6n gestaltete","robots":{"index":"index","follow":"follow","max-snippet":"max-snippet:-1","max-image-preview":"max-image-preview:large","max-video-preview":"max-video-preview:-1"},"canonical":"https:\/\/www.sendblaster.com\/de\/all\/600-e-mail-vorlagen-fuer-sendblaster\/","og_locale":"de_DE","og_type":"article","og_title":"300 E-Mail-Vorlagen f\u00fcr Sendblaster - SendBlaster newsletter software","og_description":"SendBlaster newsletter software 300 E-Mail-Vorlagen f\u00fcr Sendblaster Hierbei handelt es sich nicht um gew\u00f6hnliche Vorlagen, die jeder kennt: Das Sendblaster-Paket f\u00fcr E-Mail-Vorlagen umfasst 300 wundersch\u00f6n gestaltete","og_url":"https:\/\/www.sendblaster.com\/de\/all\/600-e-mail-vorlagen-fuer-sendblaster\/","og_site_name":"SendBlaster newsletter software","article_modified_time":"2018-07-03T08:44:25+00:00","og_image":[{"url":"https:\/\/www.sendblaster.com\/wp-content\/uploads\/2018\/04\/sendblaster_email_template_collection_1.jpg"}],"twitter_card":"summary_large_image","twitter_misc":{"Gesch\u00e4tzte Lesezeit":"1\u00a0Minute"},"schema":{"@context":"https:\/\/schema.org","@graph":[{"@type":"WebPage","@id":"https:\/\/www.sendblaster.com\/de\/all\/600-e-mail-vorlagen-fuer-sendblaster\/","url":"https:\/\/www.sendblaster.com\/de\/all\/600-e-mail-vorlagen-fuer-sendblaster\/","name":"300 E-Mail-Vorlagen f\u00fcr Sendblaster - SendBlaster newsletter software","isPartOf":{"@id":"https:\/\/www.sendblaster.com\/#website"},"primaryImageOfPage":{"@id":"https:\/\/www.sendblaster.com\/de\/all\/600-e-mail-vorlagen-fuer-sendblaster\/#primaryimage"},"image":{"@id":"https:\/\/www.sendblaster.com\/de\/all\/600-e-mail-vorlagen-fuer-sendblaster\/#primaryimage"},"thumbnailUrl":"https:\/\/www.sendblaster.com\/wp-content\/uploads\/2018\/04\/sendblaster_email_template_collection_1.jpg","datePublished":"2018-06-25T08:55:33+00:00","dateModified":"2018-07-03T08:44:25+00:00","description":"SendBlaster newsletter software 300 E-Mail-Vorlagen f\u00fcr Sendblaster Hierbei handelt es sich nicht um gew\u00f6hnliche Vorlagen, die jeder kennt: Das Sendblaster-Paket f\u00fcr E-Mail-Vorlagen umfasst 300 wundersch\u00f6n gestaltete","breadcrumb":{"@id":"https:\/\/www.sendblaster.com\/de\/all\/600-e-mail-vorlagen-fuer-sendblaster\/#breadcrumb"},"inLanguage":"de","potentialAction":[{"@type":"ReadAction","target":["https:\/\/www.sendblaster.com\/de\/all\/600-e-mail-vorlagen-fuer-sendblaster\/"]}]},{"@type":"ImageObject","inLanguage":"de","@id":"https:\/\/www.sendblaster.com\/de\/all\/600-e-mail-vorlagen-fuer-sendblaster\/#primaryimage","url":"https:\/\/www.sendblaster.com\/wp-content\/uploads\/2018\/04\/sendblaster_email_template_collection_1.jpg","contentUrl":"https:\/\/www.sendblaster.com\/wp-content\/uploads\/2018\/04\/sendblaster_email_template_collection_1.jpg"},{"@type":"BreadcrumbList","@id":"https:\/\/www.sendblaster.com\/de\/all\/600-e-mail-vorlagen-fuer-sendblaster\/#breadcrumb","itemListElement":[{"@type":"ListItem","position":1,"name":"Home","item":"https:\/\/www.sendblaster.com\/de\/"},{"@type":"ListItem","position":2,"name":"300 E-Mail-Vorlagen f\u00fcr Sendblaster"}]},{"@type":"WebSite","@id":"https:\/\/www.sendblaster.com\/#website","url":"https:\/\/www.sendblaster.com\/","name":"SendBlaster newsletter software","description":"","publisher":{"@id":"https:\/\/www.sendblaster.com\/#organization"},"potentialAction":[{"@type":"SearchAction","target":{"@type":"EntryPoint","urlTemplate":"https:\/\/www.sendblaster.com\/?s={search_term_string}"},"query-input":{"@type":"PropertyValueSpecification","valueRequired":true,"valueName":"search_term_string"}}],"inLanguage":"de"},{"@type":"Organization","@id":"https:\/\/www.sendblaster.com\/#organization","name":"SendBlaster newsletter software","url":"https:\/\/www.sendblaster.com\/","logo":{"@type":"ImageObject","inLanguage":"de","@id":"https:\/\/www.sendblaster.com\/#\/schema\/logo\/image\/","url":"https:\/\/www.sendblaster.com\/wp-content\/uploads\/2021\/09\/logo-svg-2021.svg","contentUrl":"https:\/\/www.sendblaster.com\/wp-content\/uploads\/2021\/09\/logo-svg-2021.svg","width":350,"height":70,"caption":"SendBlaster newsletter software"},"image":{"@id":"https:\/\/www.sendblaster.com\/#\/schema\/logo\/image\/"}}]}},"_links":{"self":[{"href":"https:\/\/www.sendblaster.com\/de\/wp-json\/wp\/v2\/pages\/3065"}],"collection":[{"href":"https:\/\/www.sendblaster.com\/de\/wp-json\/wp\/v2\/pages"}],"about":[{"href":"https:\/\/www.sendblaster.com\/de\/wp-json\/wp\/v2\/types\/page"}],"author":[{"embeddable":true,"href":"https:\/\/www.sendblaster.com\/de\/wp-json\/wp\/v2\/users\/1"}],"replies":[{"embeddable":true,"href":"https:\/\/www.sendblaster.com\/de\/wp-json\/wp\/v2\/comments?post=3065"}],"version-history":[{"count":3,"href":"https:\/\/www.sendblaster.com\/de\/wp-json\/wp\/v2\/pages\/3065\/revisions"}],"predecessor-version":[{"id":3193,"href":"https:\/\/www.sendblaster.com\/de\/wp-json\/wp\/v2\/pages\/3065\/revisions\/3193"}],"wp:attachment":[{"href":"https:\/\/www.sendblaster.com\/de\/wp-json\/wp\/v2\/media?parent=3065"}],"curies":[{"name":"wp","href":"https:\/\/api.w.org\/{rel}","templated":true}]}}