{"id":2491,"date":"2018-05-21T16:19:12","date_gmt":"2018-05-21T16:19:12","guid":{"rendered":"https:\/\/www.sendblaster.com\/wpnew-2018\/?page_id=2491"},"modified":"2018-05-21T16:19:12","modified_gmt":"2018-05-21T16:19:12","slug":"sendblaster-express-upgrade-auf-sendblaster-pro","status":"publish","type":"page","link":"https:\/\/www.sendblaster.com\/de\/sendblaster-express-upgrade-auf-sendblaster-pro\/","title":{"rendered":"SendBlaster Express: Upgrade auf SendBlaster Pro"},"content":{"rendered":"<p><span style=\"color: #ff0000;\"><em>\u00a0<\/em><\/span><\/p>\n<p>Benutzer von SendBlaster Express k\u00f6nnen einen exklusiven Preisnachlass nutzen: <strong>20 % Rabatt<\/strong> auf den Preis f\u00fcr SendBlaster Pro.<\/p>\n<p>F\u00fcllen Sie das folgende Formular aus und senden Sie es ab, um den Rabatt in Anspruch zu nehmen:<\/p>\n<p>&nbsp;<\/p>\n<p><a href=\"https:\/\/www.sendblaster.com\/de\/aufwertung-von-sendblaster-express-nach-pro\">https:\/\/www.sendblaster.com\/de\/aufwertung-von-sendblaster-express-nach-pro<\/a><\/p>\n<p>&nbsp;<\/p>\n<p>Geben Sie Ihre <strong>aktuellen Registrierungsdetails von SendBlaster Express ein (E-Mail-Adresse und Lizenzschl\u00fcssel)<\/strong>, die auf dem Begr\u00fc\u00dfungsbildschirm von SendBlaster Express oder unter &#8222;Einstellungen\\Erweiterte Einstellungen&#8220; zu finden sind.<\/p>\n<p>Nachdem Sie das Formular abgeschickt haben und die eingegebenen Daten auf ihre G\u00fcltigkeit \u00fcberpr\u00fcft wurden, senden wir Ihnen einen speziellen Link zu unserem Shop sowie einen zeitlich begrenzten Gutschein zu, mit dem Sie den 20 %-igen Rabatt in Anspruch nehmen k\u00f6nnen.<\/p>\n<p>Bitte beachten Sie, dass der spezielle Link nur wenige Stunden g\u00fcltig ist. Sie m\u00fcssen den Kauf daher an demselben Tag abschlie\u00dfen, an dem das Formular eingereicht wurde.<\/p>\n<p>Wenn Sie den Kauf zu einem sp\u00e4teren Zeitpunkt durchf\u00fchren m\u00f6chten, m\u00fcssen Sie das Formular erneut ausf\u00fcllen und absenden, da ein neuer Link generiert werden muss.<\/p>\n","protected":false},"excerpt":{"rendered":"<p>\u00a0 Benutzer von SendBlaster Express k\u00f6nnen einen exklusiven Preisnachlass nutzen: 20 % Rabatt auf den Preis f\u00fcr SendBlaster Pro. F\u00fcllen Sie das folgende Formular aus und senden Sie es ab, um den Rabatt in Anspruch zu nehmen: &nbsp; https:\/\/www.sendblaster.com\/de\/aufwertung-von-sendblaster-express-nach-pro &nbsp; <\/p>\n<p class=\"read-more-container\"><a class=\"button read-more\" href=\"https:\/\/www.sendblaster.com\/de\/sendblaster-express-upgrade-auf-sendblaster-pro\/\" title=\"\">Weiterlesen<\/a><\/p>\n","protected":false},"author":2,"featured_media":0,"parent":0,"menu_order":0,"comment_status":"closed","ping_status":"closed","template":"g1_template_page_sidebar_right.php","meta":{"_monsterinsights_skip_tracking":false,"_monsterinsights_sitenote_active":false,"_monsterinsights_sitenote_note":"","_monsterinsights_sitenote_category":0,"footnotes":""},"class_list":["post-2491","page","type-page","status-publish"],"yoast_head":"<!-- This site is optimized with the Yoast SEO plugin v23.5 - https:\/\/yoast.com\/wordpress\/plugins\/seo\/ -->\n<title>SendBlaster Express: Upgrade auf SendBlaster Pro - SendBlaster newsletter software<\/title>\n<meta name=\"description\" content=\"SendBlaster newsletter software SendBlaster Express: Upgrade auf SendBlaster Pro \u00a0 Benutzer von SendBlaster Express k\u00f6nnen einen exklusiven Preisnachlass nutzen: 20 % Rabatt auf den Preis f\u00fcr SendBlaster Pro. F\u00fcllen Sie das folgende\" \/>\n<meta name=\"robots\" content=\"index, follow, max-snippet:-1, max-image-preview:large, max-video-preview:-1\" \/>\n<link rel=\"canonical\" href=\"https:\/\/www.sendblaster.com\/de\/sendblaster-express-upgrade-auf-sendblaster-pro\/\" \/>\n<meta property=\"og:locale\" content=\"de_DE\" \/>\n<meta property=\"og:type\" content=\"article\" \/>\n<meta property=\"og:title\" content=\"SendBlaster Express: Upgrade auf SendBlaster Pro - SendBlaster newsletter software\" \/>\n<meta property=\"og:description\" content=\"SendBlaster newsletter software SendBlaster Express: Upgrade auf SendBlaster Pro \u00a0 Benutzer von SendBlaster Express k\u00f6nnen einen exklusiven Preisnachlass nutzen: 20 % Rabatt auf den Preis f\u00fcr SendBlaster Pro. F\u00fcllen Sie das folgende\" \/>\n<meta property=\"og:url\" content=\"https:\/\/www.sendblaster.com\/de\/sendblaster-express-upgrade-auf-sendblaster-pro\/\" \/>\n<meta property=\"og:site_name\" content=\"SendBlaster newsletter software\" \/>\n<meta name=\"twitter:card\" content=\"summary_large_image\" \/>\n<meta name=\"twitter:label1\" content=\"Gesch\u00e4tzte Lesezeit\" \/>\n\t<meta name=\"twitter:data1\" content=\"1\u00a0Minute\" \/>\n<script type=\"application\/ld+json\" class=\"yoast-schema-graph\">{\"@context\":\"https:\/\/schema.org\",\"@graph\":[{\"@type\":\"WebPage\",\"@id\":\"https:\/\/www.sendblaster.com\/de\/sendblaster-express-upgrade-auf-sendblaster-pro\/\",\"url\":\"https:\/\/www.sendblaster.com\/de\/sendblaster-express-upgrade-auf-sendblaster-pro\/\",\"name\":\"SendBlaster Express: Upgrade auf SendBlaster Pro - SendBlaster newsletter software\",\"isPartOf\":{\"@id\":\"https:\/\/www.sendblaster.com\/#website\"},\"datePublished\":\"2018-05-21T16:19:12+00:00\",\"dateModified\":\"2018-05-21T16:19:12+00:00\",\"description\":\"SendBlaster newsletter software SendBlaster Express: Upgrade auf SendBlaster Pro \u00a0 Benutzer von SendBlaster Express k\u00f6nnen einen exklusiven Preisnachlass nutzen: 20 % Rabatt auf den Preis f\u00fcr SendBlaster Pro. F\u00fcllen Sie das folgende\",\"breadcrumb\":{\"@id\":\"https:\/\/www.sendblaster.com\/de\/sendblaster-express-upgrade-auf-sendblaster-pro\/#breadcrumb\"},\"inLanguage\":\"de\",\"potentialAction\":[{\"@type\":\"ReadAction\",\"target\":[\"https:\/\/www.sendblaster.com\/de\/sendblaster-express-upgrade-auf-sendblaster-pro\/\"]}]},{\"@type\":\"BreadcrumbList\",\"@id\":\"https:\/\/www.sendblaster.com\/de\/sendblaster-express-upgrade-auf-sendblaster-pro\/#breadcrumb\",\"itemListElement\":[{\"@type\":\"ListItem\",\"position\":1,\"name\":\"Home\",\"item\":\"https:\/\/www.sendblaster.com\/de\/\"},{\"@type\":\"ListItem\",\"position\":2,\"name\":\"SendBlaster Express: Upgrade auf SendBlaster Pro\"}]},{\"@type\":\"WebSite\",\"@id\":\"https:\/\/www.sendblaster.com\/#website\",\"url\":\"https:\/\/www.sendblaster.com\/\",\"name\":\"SendBlaster newsletter software\",\"description\":\"\",\"publisher\":{\"@id\":\"https:\/\/www.sendblaster.com\/#organization\"},\"potentialAction\":[{\"@type\":\"SearchAction\",\"target\":{\"@type\":\"EntryPoint\",\"urlTemplate\":\"https:\/\/www.sendblaster.com\/?s={search_term_string}\"},\"query-input\":{\"@type\":\"PropertyValueSpecification\",\"valueRequired\":true,\"valueName\":\"search_term_string\"}}],\"inLanguage\":\"de\"},{\"@type\":\"Organization\",\"@id\":\"https:\/\/www.sendblaster.com\/#organization\",\"name\":\"SendBlaster newsletter software\",\"url\":\"https:\/\/www.sendblaster.com\/\",\"logo\":{\"@type\":\"ImageObject\",\"inLanguage\":\"de\",\"@id\":\"https:\/\/www.sendblaster.com\/#\/schema\/logo\/image\/\",\"url\":\"https:\/\/www.sendblaster.com\/wp-content\/uploads\/2021\/09\/logo-svg-2021.svg\",\"contentUrl\":\"https:\/\/www.sendblaster.com\/wp-content\/uploads\/2021\/09\/logo-svg-2021.svg\",\"width\":350,\"height\":70,\"caption\":\"SendBlaster newsletter software\"},\"image\":{\"@id\":\"https:\/\/www.sendblaster.com\/#\/schema\/logo\/image\/\"}}]}<\/script>\n<!-- \/ Yoast SEO plugin. -->","yoast_head_json":{"title":"SendBlaster Express: Upgrade auf SendBlaster Pro - SendBlaster newsletter software","description":"SendBlaster newsletter software SendBlaster Express: Upgrade auf SendBlaster Pro \u00a0 Benutzer von SendBlaster Express k\u00f6nnen einen exklusiven Preisnachlass nutzen: 20 % Rabatt auf den Preis f\u00fcr SendBlaster Pro. F\u00fcllen Sie das folgende","robots":{"index":"index","follow":"follow","max-snippet":"max-snippet:-1","max-image-preview":"max-image-preview:large","max-video-preview":"max-video-preview:-1"},"canonical":"https:\/\/www.sendblaster.com\/de\/sendblaster-express-upgrade-auf-sendblaster-pro\/","og_locale":"de_DE","og_type":"article","og_title":"SendBlaster Express: Upgrade auf SendBlaster Pro - SendBlaster newsletter software","og_description":"SendBlaster newsletter software SendBlaster Express: Upgrade auf SendBlaster Pro \u00a0 Benutzer von SendBlaster Express k\u00f6nnen einen exklusiven Preisnachlass nutzen: 20 % Rabatt auf den Preis f\u00fcr SendBlaster Pro. F\u00fcllen Sie das folgende","og_url":"https:\/\/www.sendblaster.com\/de\/sendblaster-express-upgrade-auf-sendblaster-pro\/","og_site_name":"SendBlaster newsletter software","twitter_card":"summary_large_image","twitter_misc":{"Gesch\u00e4tzte Lesezeit":"1\u00a0Minute"},"schema":{"@context":"https:\/\/schema.org","@graph":[{"@type":"WebPage","@id":"https:\/\/www.sendblaster.com\/de\/sendblaster-express-upgrade-auf-sendblaster-pro\/","url":"https:\/\/www.sendblaster.com\/de\/sendblaster-express-upgrade-auf-sendblaster-pro\/","name":"SendBlaster Express: Upgrade auf SendBlaster Pro - SendBlaster newsletter software","isPartOf":{"@id":"https:\/\/www.sendblaster.com\/#website"},"datePublished":"2018-05-21T16:19:12+00:00","dateModified":"2018-05-21T16:19:12+00:00","description":"SendBlaster newsletter software SendBlaster Express: Upgrade auf SendBlaster Pro \u00a0 Benutzer von SendBlaster Express k\u00f6nnen einen exklusiven Preisnachlass nutzen: 20 % Rabatt auf den Preis f\u00fcr SendBlaster Pro. F\u00fcllen Sie das folgende","breadcrumb":{"@id":"https:\/\/www.sendblaster.com\/de\/sendblaster-express-upgrade-auf-sendblaster-pro\/#breadcrumb"},"inLanguage":"de","potentialAction":[{"@type":"ReadAction","target":["https:\/\/www.sendblaster.com\/de\/sendblaster-express-upgrade-auf-sendblaster-pro\/"]}]},{"@type":"BreadcrumbList","@id":"https:\/\/www.sendblaster.com\/de\/sendblaster-express-upgrade-auf-sendblaster-pro\/#breadcrumb","itemListElement":[{"@type":"ListItem","position":1,"name":"Home","item":"https:\/\/www.sendblaster.com\/de\/"},{"@type":"ListItem","position":2,"name":"SendBlaster Express: Upgrade auf SendBlaster Pro"}]},{"@type":"WebSite","@id":"https:\/\/www.sendblaster.com\/#website","url":"https:\/\/www.sendblaster.com\/","name":"SendBlaster newsletter software","description":"","publisher":{"@id":"https:\/\/www.sendblaster.com\/#organization"},"potentialAction":[{"@type":"SearchAction","target":{"@type":"EntryPoint","urlTemplate":"https:\/\/www.sendblaster.com\/?s={search_term_string}"},"query-input":{"@type":"PropertyValueSpecification","valueRequired":true,"valueName":"search_term_string"}}],"inLanguage":"de"},{"@type":"Organization","@id":"https:\/\/www.sendblaster.com\/#organization","name":"SendBlaster newsletter software","url":"https:\/\/www.sendblaster.com\/","logo":{"@type":"ImageObject","inLanguage":"de","@id":"https:\/\/www.sendblaster.com\/#\/schema\/logo\/image\/","url":"https:\/\/www.sendblaster.com\/wp-content\/uploads\/2021\/09\/logo-svg-2021.svg","contentUrl":"https:\/\/www.sendblaster.com\/wp-content\/uploads\/2021\/09\/logo-svg-2021.svg","width":350,"height":70,"caption":"SendBlaster newsletter software"},"image":{"@id":"https:\/\/www.sendblaster.com\/#\/schema\/logo\/image\/"}}]}},"_links":{"self":[{"href":"https:\/\/www.sendblaster.com\/de\/wp-json\/wp\/v2\/pages\/2491"}],"collection":[{"href":"https:\/\/www.sendblaster.com\/de\/wp-json\/wp\/v2\/pages"}],"about":[{"href":"https:\/\/www.sendblaster.com\/de\/wp-json\/wp\/v2\/types\/page"}],"author":[{"embeddable":true,"href":"https:\/\/www.sendblaster.com\/de\/wp-json\/wp\/v2\/users\/2"}],"replies":[{"embeddable":true,"href":"https:\/\/www.sendblaster.com\/de\/wp-json\/wp\/v2\/comments?post=2491"}],"version-history":[{"count":2,"href":"https:\/\/www.sendblaster.com\/de\/wp-json\/wp\/v2\/pages\/2491\/revisions"}],"predecessor-version":[{"id":2493,"href":"https:\/\/www.sendblaster.com\/de\/wp-json\/wp\/v2\/pages\/2491\/revisions\/2493"}],"wp:attachment":[{"href":"https:\/\/www.sendblaster.com\/de\/wp-json\/wp\/v2\/media?parent=2491"}],"curies":[{"name":"wp","href":"https:\/\/api.w.org\/{rel}","templated":true}]}}