{"id":2488,"date":"2018-05-21T16:13:51","date_gmt":"2018-05-21T16:13:51","guid":{"rendered":"https:\/\/www.sendblaster.com\/wpnew-2018\/?page_id=2488"},"modified":"2018-05-21T16:14:16","modified_gmt":"2018-05-21T16:14:16","slug":"sendblaster-express-aktivieren","status":"publish","type":"page","link":"https:\/\/www.sendblaster.com\/de\/sendblaster-express-aktivieren\/","title":{"rendered":"SendBlaster Express aktivieren"},"content":{"rendered":"<p>&nbsp;<\/p>\n<p>F\u00fcr die Aktivierung von SendBlaster Express m\u00fcssen Sie Ihre Kopie zun\u00e4chst mit dem (16 Zeichen langen) <strong>Aktivierungscode<\/strong> registrieren, den Sie beim Kauf erhalten haben.<\/p>\n<p>(Wenn Sie ein physisches Medium erworben haben, befindet sich der Aktivierungscode auf der DVD-H\u00fclle).<\/p>\n<p>F\u00fcllen Sie das folgende Formular aus und senden Sie es ab, um die Registrierung abzuschlie\u00dfen:<\/p>\n<p>&nbsp;<\/p>\n<p><a href=\"https:\/\/www.sendblaster.com\/de\/sendblaster-express-aktivierungsformular\" target=\"_blank\" rel=\"noopener\">https:\/\/www.sendblaster.com\/de\/sendblaster-express-aktivierungsformular<\/a><\/p>\n<p>&nbsp;<\/p>\n<p>Geben Sie Ihren Aktivierungscode, Ihre pers\u00f6nlichen Daten sowie die E-Mail-Adresse ein, f\u00fcr die die Kopie registriert werden soll.<\/p>\n<p>Nachdem das Formular abgeschickt wurde, schicken wir Ihnen einen Lizenzschl\u00fcssel zu. Geben Sie in SendBlaster Express dann einfach Ihre E-Mail-Adresse und den Lizenzschl\u00fcssel ein, um das Produkt zu nutzen.<\/p>\n<p>&nbsp;<\/p>\n<p><span style=\"color: #ff0000;\"><strong>Achtung:<\/strong><\/span> Bitte beachten Sie Folgendes:<\/p>\n<p>&#8211; En Aktivierungscode kann nicht f\u00fcr verschiedene E-Mail-Adressen verwendet werden.<br \/>\n&#8211; Der Lizenzschl\u00fcssel ist an die E-Mail-Adresse gebunden, die bei der Registrierung eingegeben wurde.<\/p>\n<p>Achten Sie deshalb genau darauf, welche E-Mail-Adresse Sie f\u00fcr die Registrierung verwenden. \u00dcberpr\u00fcfen Sie die Rechtschreibung und sorgen Sie daf\u00fcr, dass es sich um eine g\u00fcltige, funktionsf\u00e4hige Adresse handelt, bevor Sie das Formular abschicken. Aktivierungscodes und Lizenzschl\u00fcssel k\u00f6nnen im Falle eines Fehlers keiner anderen E-Mail-Adresse zugewiesen werden.<\/p>\n","protected":false},"excerpt":{"rendered":"<p>&nbsp; F\u00fcr die Aktivierung von SendBlaster Express m\u00fcssen Sie Ihre Kopie zun\u00e4chst mit dem (16 Zeichen langen) Aktivierungscode registrieren, den Sie beim Kauf erhalten haben. (Wenn Sie ein physisches Medium erworben haben, befindet sich der Aktivierungscode auf der DVD-H\u00fclle). F\u00fcllen <\/p>\n<p class=\"read-more-container\"><a class=\"button read-more\" href=\"https:\/\/www.sendblaster.com\/de\/sendblaster-express-aktivieren\/\" title=\"\">Weiterlesen<\/a><\/p>\n","protected":false},"author":2,"featured_media":0,"parent":0,"menu_order":0,"comment_status":"closed","ping_status":"closed","template":"g1_template_page_sidebar_right.php","meta":{"_monsterinsights_skip_tracking":false,"_monsterinsights_sitenote_active":false,"_monsterinsights_sitenote_note":"","_monsterinsights_sitenote_category":0,"footnotes":""},"class_list":["post-2488","page","type-page","status-publish"],"yoast_head":"<!-- This site is optimized with the Yoast SEO plugin v23.5 - https:\/\/yoast.com\/wordpress\/plugins\/seo\/ -->\n<title>SendBlaster Express aktivieren - SendBlaster newsletter software<\/title>\n<meta name=\"description\" content=\"SendBlaster newsletter software SendBlaster Express aktivieren &nbsp; F\u00fcr die Aktivierung von SendBlaster Express m\u00fcssen Sie Ihre Kopie zun\u00e4chst mit dem (16 Zeichen langen) Aktivierungscode registrieren, den Sie beim\" \/>\n<meta name=\"robots\" content=\"index, follow, max-snippet:-1, max-image-preview:large, max-video-preview:-1\" \/>\n<link rel=\"canonical\" href=\"https:\/\/www.sendblaster.com\/de\/sendblaster-express-aktivieren\/\" \/>\n<meta property=\"og:locale\" content=\"de_DE\" \/>\n<meta property=\"og:type\" content=\"article\" \/>\n<meta property=\"og:title\" content=\"SendBlaster Express aktivieren - SendBlaster newsletter software\" \/>\n<meta property=\"og:description\" content=\"SendBlaster newsletter software SendBlaster Express aktivieren &nbsp; F\u00fcr die Aktivierung von SendBlaster Express m\u00fcssen Sie Ihre Kopie zun\u00e4chst mit dem (16 Zeichen langen) Aktivierungscode registrieren, den Sie beim\" \/>\n<meta property=\"og:url\" content=\"https:\/\/www.sendblaster.com\/de\/sendblaster-express-aktivieren\/\" \/>\n<meta property=\"og:site_name\" content=\"SendBlaster newsletter software\" \/>\n<meta property=\"article:modified_time\" content=\"2018-05-21T16:14:16+00:00\" \/>\n<meta name=\"twitter:card\" content=\"summary_large_image\" \/>\n<meta name=\"twitter:label1\" content=\"Gesch\u00e4tzte Lesezeit\" \/>\n\t<meta name=\"twitter:data1\" content=\"1\u00a0Minute\" \/>\n<script type=\"application\/ld+json\" class=\"yoast-schema-graph\">{\"@context\":\"https:\/\/schema.org\",\"@graph\":[{\"@type\":\"WebPage\",\"@id\":\"https:\/\/www.sendblaster.com\/de\/sendblaster-express-aktivieren\/\",\"url\":\"https:\/\/www.sendblaster.com\/de\/sendblaster-express-aktivieren\/\",\"name\":\"SendBlaster Express aktivieren - SendBlaster newsletter software\",\"isPartOf\":{\"@id\":\"https:\/\/www.sendblaster.com\/#website\"},\"datePublished\":\"2018-05-21T16:13:51+00:00\",\"dateModified\":\"2018-05-21T16:14:16+00:00\",\"description\":\"SendBlaster newsletter software SendBlaster Express aktivieren &nbsp; F\u00fcr die Aktivierung von SendBlaster Express m\u00fcssen Sie Ihre Kopie zun\u00e4chst mit dem (16 Zeichen langen) Aktivierungscode registrieren, den Sie beim\",\"breadcrumb\":{\"@id\":\"https:\/\/www.sendblaster.com\/de\/sendblaster-express-aktivieren\/#breadcrumb\"},\"inLanguage\":\"de\",\"potentialAction\":[{\"@type\":\"ReadAction\",\"target\":[\"https:\/\/www.sendblaster.com\/de\/sendblaster-express-aktivieren\/\"]}]},{\"@type\":\"BreadcrumbList\",\"@id\":\"https:\/\/www.sendblaster.com\/de\/sendblaster-express-aktivieren\/#breadcrumb\",\"itemListElement\":[{\"@type\":\"ListItem\",\"position\":1,\"name\":\"Home\",\"item\":\"https:\/\/www.sendblaster.com\/de\/\"},{\"@type\":\"ListItem\",\"position\":2,\"name\":\"SendBlaster Express aktivieren\"}]},{\"@type\":\"WebSite\",\"@id\":\"https:\/\/www.sendblaster.com\/#website\",\"url\":\"https:\/\/www.sendblaster.com\/\",\"name\":\"SendBlaster newsletter software\",\"description\":\"\",\"publisher\":{\"@id\":\"https:\/\/www.sendblaster.com\/#organization\"},\"potentialAction\":[{\"@type\":\"SearchAction\",\"target\":{\"@type\":\"EntryPoint\",\"urlTemplate\":\"https:\/\/www.sendblaster.com\/?s={search_term_string}\"},\"query-input\":{\"@type\":\"PropertyValueSpecification\",\"valueRequired\":true,\"valueName\":\"search_term_string\"}}],\"inLanguage\":\"de\"},{\"@type\":\"Organization\",\"@id\":\"https:\/\/www.sendblaster.com\/#organization\",\"name\":\"SendBlaster newsletter software\",\"url\":\"https:\/\/www.sendblaster.com\/\",\"logo\":{\"@type\":\"ImageObject\",\"inLanguage\":\"de\",\"@id\":\"https:\/\/www.sendblaster.com\/#\/schema\/logo\/image\/\",\"url\":\"https:\/\/www.sendblaster.com\/wp-content\/uploads\/2021\/09\/logo-svg-2021.svg\",\"contentUrl\":\"https:\/\/www.sendblaster.com\/wp-content\/uploads\/2021\/09\/logo-svg-2021.svg\",\"width\":350,\"height\":70,\"caption\":\"SendBlaster newsletter software\"},\"image\":{\"@id\":\"https:\/\/www.sendblaster.com\/#\/schema\/logo\/image\/\"}}]}<\/script>\n<!-- \/ Yoast SEO plugin. -->","yoast_head_json":{"title":"SendBlaster Express aktivieren - SendBlaster newsletter software","description":"SendBlaster newsletter software SendBlaster Express aktivieren &nbsp; F\u00fcr die Aktivierung von SendBlaster Express m\u00fcssen Sie Ihre Kopie zun\u00e4chst mit dem (16 Zeichen langen) Aktivierungscode registrieren, den Sie beim","robots":{"index":"index","follow":"follow","max-snippet":"max-snippet:-1","max-image-preview":"max-image-preview:large","max-video-preview":"max-video-preview:-1"},"canonical":"https:\/\/www.sendblaster.com\/de\/sendblaster-express-aktivieren\/","og_locale":"de_DE","og_type":"article","og_title":"SendBlaster Express aktivieren - SendBlaster newsletter software","og_description":"SendBlaster newsletter software SendBlaster Express aktivieren &nbsp; F\u00fcr die Aktivierung von SendBlaster Express m\u00fcssen Sie Ihre Kopie zun\u00e4chst mit dem (16 Zeichen langen) Aktivierungscode registrieren, den Sie beim","og_url":"https:\/\/www.sendblaster.com\/de\/sendblaster-express-aktivieren\/","og_site_name":"SendBlaster newsletter software","article_modified_time":"2018-05-21T16:14:16+00:00","twitter_card":"summary_large_image","twitter_misc":{"Gesch\u00e4tzte Lesezeit":"1\u00a0Minute"},"schema":{"@context":"https:\/\/schema.org","@graph":[{"@type":"WebPage","@id":"https:\/\/www.sendblaster.com\/de\/sendblaster-express-aktivieren\/","url":"https:\/\/www.sendblaster.com\/de\/sendblaster-express-aktivieren\/","name":"SendBlaster Express aktivieren - SendBlaster newsletter software","isPartOf":{"@id":"https:\/\/www.sendblaster.com\/#website"},"datePublished":"2018-05-21T16:13:51+00:00","dateModified":"2018-05-21T16:14:16+00:00","description":"SendBlaster newsletter software SendBlaster Express aktivieren &nbsp; F\u00fcr die Aktivierung von SendBlaster Express m\u00fcssen Sie Ihre Kopie zun\u00e4chst mit dem (16 Zeichen langen) Aktivierungscode registrieren, den Sie beim","breadcrumb":{"@id":"https:\/\/www.sendblaster.com\/de\/sendblaster-express-aktivieren\/#breadcrumb"},"inLanguage":"de","potentialAction":[{"@type":"ReadAction","target":["https:\/\/www.sendblaster.com\/de\/sendblaster-express-aktivieren\/"]}]},{"@type":"BreadcrumbList","@id":"https:\/\/www.sendblaster.com\/de\/sendblaster-express-aktivieren\/#breadcrumb","itemListElement":[{"@type":"ListItem","position":1,"name":"Home","item":"https:\/\/www.sendblaster.com\/de\/"},{"@type":"ListItem","position":2,"name":"SendBlaster Express aktivieren"}]},{"@type":"WebSite","@id":"https:\/\/www.sendblaster.com\/#website","url":"https:\/\/www.sendblaster.com\/","name":"SendBlaster newsletter software","description":"","publisher":{"@id":"https:\/\/www.sendblaster.com\/#organization"},"potentialAction":[{"@type":"SearchAction","target":{"@type":"EntryPoint","urlTemplate":"https:\/\/www.sendblaster.com\/?s={search_term_string}"},"query-input":{"@type":"PropertyValueSpecification","valueRequired":true,"valueName":"search_term_string"}}],"inLanguage":"de"},{"@type":"Organization","@id":"https:\/\/www.sendblaster.com\/#organization","name":"SendBlaster newsletter software","url":"https:\/\/www.sendblaster.com\/","logo":{"@type":"ImageObject","inLanguage":"de","@id":"https:\/\/www.sendblaster.com\/#\/schema\/logo\/image\/","url":"https:\/\/www.sendblaster.com\/wp-content\/uploads\/2021\/09\/logo-svg-2021.svg","contentUrl":"https:\/\/www.sendblaster.com\/wp-content\/uploads\/2021\/09\/logo-svg-2021.svg","width":350,"height":70,"caption":"SendBlaster newsletter software"},"image":{"@id":"https:\/\/www.sendblaster.com\/#\/schema\/logo\/image\/"}}]}},"_links":{"self":[{"href":"https:\/\/www.sendblaster.com\/de\/wp-json\/wp\/v2\/pages\/2488"}],"collection":[{"href":"https:\/\/www.sendblaster.com\/de\/wp-json\/wp\/v2\/pages"}],"about":[{"href":"https:\/\/www.sendblaster.com\/de\/wp-json\/wp\/v2\/types\/page"}],"author":[{"embeddable":true,"href":"https:\/\/www.sendblaster.com\/de\/wp-json\/wp\/v2\/users\/2"}],"replies":[{"embeddable":true,"href":"https:\/\/www.sendblaster.com\/de\/wp-json\/wp\/v2\/comments?post=2488"}],"version-history":[{"count":2,"href":"https:\/\/www.sendblaster.com\/de\/wp-json\/wp\/v2\/pages\/2488\/revisions"}],"predecessor-version":[{"id":2490,"href":"https:\/\/www.sendblaster.com\/de\/wp-json\/wp\/v2\/pages\/2488\/revisions\/2490"}],"wp:attachment":[{"href":"https:\/\/www.sendblaster.com\/de\/wp-json\/wp\/v2\/media?parent=2488"}],"curies":[{"name":"wp","href":"https:\/\/api.w.org\/{rel}","templated":true}]}}